{"id":59257,"date":"2026-04-15T10:45:29","date_gmt":"2026-04-15T08:45:29","guid":{"rendered":"https:\/\/ironsky.pl\/sklep\/produkt\/hub-orico-pwc2u-c3-3-portowy-usb-c-0-15m-czarny\/"},"modified":"2026-04-15T10:45:31","modified_gmt":"2026-04-15T08:45:31","slug":"hub-orico-pwc2u-c3-3-portowy-usb-c-0-15m-czarny","status":"publish","type":"product","link":"https:\/\/ironsky.pl\/sklep\/produkt\/hub-orico-pwc2u-c3-3-portowy-usb-c-0-15m-czarny\/","title":{"rendered":"Hub ORICO PWC2U-C3 3-portowy USB-C 0.15m (czarny)"},"content":{"rendered":"<h3>Adapter Hub USB-C do 2x USB 3.0 + USB-C Orico, 5 Gbps, 0.15m (czarny) <\/h3>\n<p>Tw\u00f3j komputer ma za ma\u0142o port\u00f3w? Hub Orico PWC2U-C3-015-BK-EP pomo\u017ce Ci zwi\u0119kszy\u0107 jego mo\u017cliwo\u015bci! Urz\u0105dzenie zosta\u0142o wyposa\u017cone w 3 porty (2x USB-A, 1x USB-C) i umo\u017cliwia przesy\u0142anie plik\u00f3w z pr\u0119dko\u015bci\u0105 do 5 Gbps. Z powodzeniem pod\u0142\u0105czysz do niego na przyk\u0142ad dysk twardy, mysz czy klawiatur\u0119. Adapter jest te\u017c wyj\u0105tkowo wytrzyma\u0142y \u2013 b\u0119dzie \u015bwietnie Ci s\u0142u\u017cy\u0107 przez d\u0142ugi czas.<\/p>\n<p>\n<img decoding=\"async\" src=\"https:\/\/assets.innpro.pl\/8262\/9665\/9.jpg\" border=\"0\" \/>\n<\/p>\n<h3><strong>Szybkie przesy\u0142anie plik\u00f3w<\/strong><\/h3>\n<p>Hub wyr\u00f3\u017cnia si\u0119 interfejsem USB3.0, dzi\u0119ki czemu pozwoli Ci w mgnieniu oka przesy\u0142a\u0107 potrzebne pliki. Zapewnia pr\u0119dko\u015b\u0107 transmisji si\u0119gaj\u0105c\u0105 a\u017c 5 Gbps (500 MB\/s)! To oznacza, \u017ce ju\u017c nie musisz zbyt d\u0142ugo czeka\u0107, a\u017c Twoje zdj\u0119cia, dokumenty, filmy czy prezentacje znajd\u0105 si\u0119 w docelowym miejscu. Urz\u0105dzenie jest te\u017c wstecznie kompatybilne ze standardem USB2.0.<\/p>\n<p>\n<img decoding=\"async\" src=\"https:\/\/assets.innpro.pl\/8262\/9665\/7.jpg\" border=\"0\" \/>\n<\/p>\n<h3><strong>A\u017c 3 dost\u0119pne porty<\/strong><\/h3>\n<p>Zwi\u0119ksz mo\u017cliwo\u015bci swojego komputera. Adapter zosta\u0142 wyposa\u017cony w 3 porty USB (2x USB-A, 1x USB-C), do kt\u00f3rych mo\u017cesz pod\u0142\u0105czy\u0107 na przyk\u0142ad pami\u0119\u0107 przeno\u015bn\u0105, mysz lub klawiatur\u0119. Zaawansowany chip zapewnia stabilne po\u0142\u0105czenie mi\u0119dzy urz\u0105dzeniami \u2013 zapomnij o op\u00f3\u017anieniach!<\/p>\n<p>\n<img decoding=\"async\" src=\"https:\/\/assets.innpro.pl\/8262\/9665\/8.jpg\" border=\"0\" \/>\n<\/p>\n<h3><strong>Wysoka jako\u015b\u0107 wykonania<\/strong><\/h3>\n<p>Adapter zosta\u0142 wykonany z trwa\u0142ego tworzywa ABS, kt\u00f3re jest odporne na zarysowania. Przew\u00f3d z cynowanej miedzi zapewnia wydajne, niezawodne dzia\u0142anie, a wytrzyma\u0142e z\u0142\u0105cze wyr\u00f3\u017cnia si\u0119 nisk\u0105 podatno\u015bci\u0105 na zu\u017cycie. Hub ma tak\u017ce wbudowany wska\u017anik \u015bwietlny, kt\u00f3ry dostarczy Ci informacji dotycz\u0105cych statusu jego pracy. Co wi\u0119cej, porty USB adaptera otrzyma\u0142y dodatkowe zabezpieczenie przed uszkodzeniem.<\/p>\n<p>\n<img decoding=\"async\" src=\"https:\/\/assets.innpro.pl\/8262\/9665\/2.jpg\" border=\"0\" \/>\n<\/p>\n<h3><strong>Szeroka kompatybilno\u015b\u0107<\/strong><\/h3>\n<p>Nie obawiaj si\u0119 problem\u00f3w z kompatybilno\u015bci\u0105. Hub bez problemu wsp\u00f3\u0142pracuje z takimi urz\u0105dzeniami jak na przyk\u0142ad dysk USB, mysz, klawiatura, kamerka internetowa, czytnik kart pami\u0119ci, wentylator biurkowy czy drukarka. Co wi\u0119cej, produkt doskonale dzia\u0142a z systemami operacyjnymi Windows, Linux i Mac OS. Ponadto dzi\u0119ki systemowi Plug&amp;Play wystarczy tylko pod\u0142\u0105czy\u0107 go do komputera &#8211; nie musisz instalowa\u0107 \u017cadnych sterownik\u00f3w!<\/p>\n<p>\n<img decoding=\"async\" src=\"https:\/\/assets.innpro.pl\/8262\/9665\/4.jpg\" border=\"0\" \/>\n<\/p>\n<div class=\"table-wrapper\">\n<p>\u00a0<\/p>\n<h3><\/h3>\n<table>\n<tbody>\n<tr>\n<th>Producent <\/th>\n<td>Orico<\/td>\n<\/tr>\n<tr>\n<th>Model <\/th>\n<td>PWC2U-C3-015-BK-EP<\/td>\n<\/tr>\n<tr>\n<th>Kolor <\/th>\n<td>Czarny<\/td>\n<\/tr>\n<tr>\n<th>Wej\u015bcie <\/th>\n<td>USB-C<\/td>\n<\/tr>\n<tr>\n<th>Wyj\u015bcie <\/th>\n<td>2x USB-A, 1x USB-C<\/td>\n<\/tr>\n<tr>\n<th>Pr\u0119dko\u015b\u0107 transmisji <\/th>\n<td>Do 5 Gbps<\/td>\n<\/tr>\n<tr>\n<th>D\u0142ugo\u015b\u0107 kabla <\/th>\n<td>15 cm<\/td>\n<\/tr>\n<tr>\n<th>Materia\u0142 <\/th>\n<td>ABS<\/td>\n<\/tr>\n<tr>\n<th>Wymiary <\/th>\n<td>92,9 x 30,6 x 19,5 mm<\/td>\n<\/tr>\n<tr>\n<th>Kompatybilno\u015b\u0107 <\/th>\n<td>Windows, Mac OS, Linux<\/td>\n<\/tr>\n<\/tbody>\n<\/table>\n<\/div>\n","protected":false},"excerpt":{"rendered":"<p>Adapter Hub USB-C do 2x USB 3.0 + USB-C Orico, 5 Gbps, 0.15m (czarny) Tw\u00f3j komputer ma za ma\u0142o port\u00f3w?<\/p>\n","protected":false},"featured_media":45655,"comment_status":"closed","ping_status":"open","template":"","meta":{"_acf_changed":false},"product_brand":[],"product_cat":[5929,5934],"product_tag":[],"class_list":{"0":"post-59257","1":"product","2":"type-product","3":"status-publish","4":"has-post-thumbnail","6":"product_cat-akcesoria-it","7":"product_cat-huby","8":"pa_okres-gwarancji-5754","9":"pa_producent-orico","11":"first","12":"outofstock","13":"taxable","14":"shipping-taxable","15":"purchasable","16":"product-type-simple"},"acf":[],"yoast_head":"<!-- This site is optimized with the Yoast SEO plugin v27.2 - https:\/\/yoast.com\/product\/yoast-seo-wordpress\/ -->\n<title>Hub ORICO PWC2U-C3 3-portowy USB-C 0.15m (czarny) - IRONSKY.PL Sklep z Dronami<\/title>\n<meta name=\"description\" content=\"Hub ORICO PWC2U-C3 3-portowy USB-C 0.15m (czarny) - \u2705 sklep z dronami i fachowym doradztwem. \u2705 Tutaj kupisz produkty DJI, Yuneec, Parrot, Syma i wiele innych, a tak\u017ce kursy i licencje na operatora drona.\" \/>\n<meta name=\"robots\" content=\"index, follow, max-snippet:-1, max-image-preview:large, max-video-preview:-1\" \/>\n<link rel=\"canonical\" href=\"https:\/\/ironsky.pl\/sklep\/produkt\/hub-orico-pwc2u-c3-3-portowy-usb-c-0-15m-czarny\/\" \/>\n<meta property=\"og:locale\" content=\"pl_PL\" \/>\n<meta property=\"og:type\" content=\"article\" \/>\n<meta property=\"og:title\" content=\"Hub ORICO PWC2U-C3 3-portowy USB-C 0.15m (czarny) - IRONSKY.PL Sklep z Dronami\" \/>\n<meta property=\"og:description\" content=\"Hub ORICO PWC2U-C3 3-portowy USB-C 0.15m (czarny) - \u2705 sklep z dronami i fachowym doradztwem. \u2705 Tutaj kupisz produkty DJI, Yuneec, Parrot, Syma i wiele innych, a tak\u017ce kursy i licencje na operatora drona.\" \/>\n<meta property=\"og:url\" content=\"https:\/\/ironsky.pl\/sklep\/produkt\/hub-orico-pwc2u-c3-3-portowy-usb-c-0-15m-czarny\/\" \/>\n<meta property=\"og:site_name\" content=\"IRONSKY.PL Sklep z Dronami\" \/>\n<meta property=\"article:modified_time\" content=\"2026-04-15T08:45:31+00:00\" \/>\n<meta property=\"og:image\" content=\"https:\/\/ironsky.pl\/sklep\/wp-content\/uploads\/2025\/06\/45722_1.jpg\" \/>\n\t<meta property=\"og:image:width\" content=\"800\" \/>\n\t<meta property=\"og:image:height\" content=\"800\" \/>\n\t<meta property=\"og:image:type\" content=\"image\/jpeg\" \/>\n<meta name=\"twitter:card\" content=\"summary_large_image\" \/>\n<meta name=\"twitter:label1\" content=\"Szacowany czas czytania\" \/>\n\t<meta name=\"twitter:data1\" content=\"2 minuty\" \/>\n<script type=\"application\/ld+json\" class=\"yoast-schema-graph\">{\"@context\":\"https:\/\/schema.org\",\"@graph\":[{\"@type\":\"WebPage\",\"@id\":\"https:\/\/ironsky.pl\/sklep\/produkt\/hub-orico-pwc2u-c3-3-portowy-usb-c-0-15m-czarny\/\",\"url\":\"https:\/\/ironsky.pl\/sklep\/produkt\/hub-orico-pwc2u-c3-3-portowy-usb-c-0-15m-czarny\/\",\"name\":\"Hub ORICO PWC2U-C3 3-portowy USB-C 0.15m (czarny) - IRONSKY.PL Sklep z Dronami\",\"isPartOf\":{\"@id\":\"https:\/\/ironsky.pl\/sklep\/#website\"},\"primaryImageOfPage\":{\"@id\":\"https:\/\/ironsky.pl\/sklep\/produkt\/hub-orico-pwc2u-c3-3-portowy-usb-c-0-15m-czarny\/#primaryimage\"},\"image\":{\"@id\":\"https:\/\/ironsky.pl\/sklep\/produkt\/hub-orico-pwc2u-c3-3-portowy-usb-c-0-15m-czarny\/#primaryimage\"},\"thumbnailUrl\":\"https:\/\/ironsky.pl\/sklep\/wp-content\/uploads\/2025\/06\/45722_1.jpg\",\"datePublished\":\"2026-04-15T08:45:29+00:00\",\"dateModified\":\"2026-04-15T08:45:31+00:00\",\"description\":\"Hub ORICO PWC2U-C3 3-portowy USB-C 0.15m (czarny) - \u2705 sklep z dronami i fachowym doradztwem. \u2705 Tutaj kupisz produkty DJI, Yuneec, Parrot, Syma i wiele innych, a tak\u017ce kursy i licencje na operatora drona.\",\"breadcrumb\":{\"@id\":\"https:\/\/ironsky.pl\/sklep\/produkt\/hub-orico-pwc2u-c3-3-portowy-usb-c-0-15m-czarny\/#breadcrumb\"},\"inLanguage\":\"pl-PL\",\"potentialAction\":[{\"@type\":\"ReadAction\",\"target\":[\"https:\/\/ironsky.pl\/sklep\/produkt\/hub-orico-pwc2u-c3-3-portowy-usb-c-0-15m-czarny\/\"]}]},{\"@type\":\"ImageObject\",\"inLanguage\":\"pl-PL\",\"@id\":\"https:\/\/ironsky.pl\/sklep\/produkt\/hub-orico-pwc2u-c3-3-portowy-usb-c-0-15m-czarny\/#primaryimage\",\"url\":\"https:\/\/ironsky.pl\/sklep\/wp-content\/uploads\/2025\/06\/45722_1.jpg\",\"contentUrl\":\"https:\/\/ironsky.pl\/sklep\/wp-content\/uploads\/2025\/06\/45722_1.jpg\",\"width\":800,\"height\":800},{\"@type\":\"BreadcrumbList\",\"@id\":\"https:\/\/ironsky.pl\/sklep\/produkt\/hub-orico-pwc2u-c3-3-portowy-usb-c-0-15m-czarny\/#breadcrumb\",\"itemListElement\":[{\"@type\":\"ListItem\",\"position\":1,\"name\":\"Strona g\u0142\u00f3wna\",\"item\":\"https:\/\/ironsky.pl\/sklep\/\"},{\"@type\":\"ListItem\",\"position\":2,\"name\":\"Wszystkie produkty\",\"item\":\"https:\/\/ironsky.pl\/sklep\/produkty\/\"},{\"@type\":\"ListItem\",\"position\":3,\"name\":\"Hub ORICO PWC2U-C3 3-portowy USB-C 0.15m (czarny)\"}]},{\"@type\":\"WebSite\",\"@id\":\"https:\/\/ironsky.pl\/sklep\/#website\",\"url\":\"https:\/\/ironsky.pl\/sklep\/\",\"name\":\"IRONSKY.PL Sklep z Dronami\",\"description\":\"IRONSKY.PL Sklep z Dronami\",\"potentialAction\":[{\"@type\":\"SearchAction\",\"target\":{\"@type\":\"EntryPoint\",\"urlTemplate\":\"https:\/\/ironsky.pl\/sklep\/?s={search_term_string}\"},\"query-input\":{\"@type\":\"PropertyValueSpecification\",\"valueRequired\":true,\"valueName\":\"search_term_string\"}}],\"inLanguage\":\"pl-PL\"}]}<\/script>\n<!-- \/ Yoast SEO plugin. -->","yoast_head_json":{"title":"Hub ORICO PWC2U-C3 3-portowy USB-C 0.15m (czarny) - IRONSKY.PL Sklep z Dronami","description":"Hub ORICO PWC2U-C3 3-portowy USB-C 0.15m (czarny) - \u2705 sklep z dronami i fachowym doradztwem. \u2705 Tutaj kupisz produkty DJI, Yuneec, Parrot, Syma i wiele innych, a tak\u017ce kursy i licencje na operatora drona.","robots":{"index":"index","follow":"follow","max-snippet":"max-snippet:-1","max-image-preview":"max-image-preview:large","max-video-preview":"max-video-preview:-1"},"canonical":"https:\/\/ironsky.pl\/sklep\/produkt\/hub-orico-pwc2u-c3-3-portowy-usb-c-0-15m-czarny\/","og_locale":"pl_PL","og_type":"article","og_title":"Hub ORICO PWC2U-C3 3-portowy USB-C 0.15m (czarny) - IRONSKY.PL Sklep z Dronami","og_description":"Hub ORICO PWC2U-C3 3-portowy USB-C 0.15m (czarny) - \u2705 sklep z dronami i fachowym doradztwem. \u2705 Tutaj kupisz produkty DJI, Yuneec, Parrot, Syma i wiele innych, a tak\u017ce kursy i licencje na operatora drona.","og_url":"https:\/\/ironsky.pl\/sklep\/produkt\/hub-orico-pwc2u-c3-3-portowy-usb-c-0-15m-czarny\/","og_site_name":"IRONSKY.PL Sklep z Dronami","article_modified_time":"2026-04-15T08:45:31+00:00","og_image":[{"width":800,"height":800,"url":"https:\/\/ironsky.pl\/sklep\/wp-content\/uploads\/2025\/06\/45722_1.jpg","type":"image\/jpeg"}],"twitter_card":"summary_large_image","twitter_misc":{"Szacowany czas czytania":"2 minuty"},"schema":{"@context":"https:\/\/schema.org","@graph":[{"@type":"WebPage","@id":"https:\/\/ironsky.pl\/sklep\/produkt\/hub-orico-pwc2u-c3-3-portowy-usb-c-0-15m-czarny\/","url":"https:\/\/ironsky.pl\/sklep\/produkt\/hub-orico-pwc2u-c3-3-portowy-usb-c-0-15m-czarny\/","name":"Hub ORICO PWC2U-C3 3-portowy USB-C 0.15m (czarny) - IRONSKY.PL Sklep z Dronami","isPartOf":{"@id":"https:\/\/ironsky.pl\/sklep\/#website"},"primaryImageOfPage":{"@id":"https:\/\/ironsky.pl\/sklep\/produkt\/hub-orico-pwc2u-c3-3-portowy-usb-c-0-15m-czarny\/#primaryimage"},"image":{"@id":"https:\/\/ironsky.pl\/sklep\/produkt\/hub-orico-pwc2u-c3-3-portowy-usb-c-0-15m-czarny\/#primaryimage"},"thumbnailUrl":"https:\/\/ironsky.pl\/sklep\/wp-content\/uploads\/2025\/06\/45722_1.jpg","datePublished":"2026-04-15T08:45:29+00:00","dateModified":"2026-04-15T08:45:31+00:00","description":"Hub ORICO PWC2U-C3 3-portowy USB-C 0.15m (czarny) - \u2705 sklep z dronami i fachowym doradztwem. \u2705 Tutaj kupisz produkty DJI, Yuneec, Parrot, Syma i wiele innych, a tak\u017ce kursy i licencje na operatora drona.","breadcrumb":{"@id":"https:\/\/ironsky.pl\/sklep\/produkt\/hub-orico-pwc2u-c3-3-portowy-usb-c-0-15m-czarny\/#breadcrumb"},"inLanguage":"pl-PL","potentialAction":[{"@type":"ReadAction","target":["https:\/\/ironsky.pl\/sklep\/produkt\/hub-orico-pwc2u-c3-3-portowy-usb-c-0-15m-czarny\/"]}]},{"@type":"ImageObject","inLanguage":"pl-PL","@id":"https:\/\/ironsky.pl\/sklep\/produkt\/hub-orico-pwc2u-c3-3-portowy-usb-c-0-15m-czarny\/#primaryimage","url":"https:\/\/ironsky.pl\/sklep\/wp-content\/uploads\/2025\/06\/45722_1.jpg","contentUrl":"https:\/\/ironsky.pl\/sklep\/wp-content\/uploads\/2025\/06\/45722_1.jpg","width":800,"height":800},{"@type":"BreadcrumbList","@id":"https:\/\/ironsky.pl\/sklep\/produkt\/hub-orico-pwc2u-c3-3-portowy-usb-c-0-15m-czarny\/#breadcrumb","itemListElement":[{"@type":"ListItem","position":1,"name":"Strona g\u0142\u00f3wna","item":"https:\/\/ironsky.pl\/sklep\/"},{"@type":"ListItem","position":2,"name":"Wszystkie produkty","item":"https:\/\/ironsky.pl\/sklep\/produkty\/"},{"@type":"ListItem","position":3,"name":"Hub ORICO PWC2U-C3 3-portowy USB-C 0.15m (czarny)"}]},{"@type":"WebSite","@id":"https:\/\/ironsky.pl\/sklep\/#website","url":"https:\/\/ironsky.pl\/sklep\/","name":"IRONSKY.PL Sklep z Dronami","description":"IRONSKY.PL Sklep z Dronami","potentialAction":[{"@type":"SearchAction","target":{"@type":"EntryPoint","urlTemplate":"https:\/\/ironsky.pl\/sklep\/?s={search_term_string}"},"query-input":{"@type":"PropertyValueSpecification","valueRequired":true,"valueName":"search_term_string"}}],"inLanguage":"pl-PL"}]}},"_links":{"self":[{"href":"https:\/\/ironsky.pl\/sklep\/wp-json\/wp\/v2\/product\/59257","targetHints":{"allow":["GET"]}}],"collection":[{"href":"https:\/\/ironsky.pl\/sklep\/wp-json\/wp\/v2\/product"}],"about":[{"href":"https:\/\/ironsky.pl\/sklep\/wp-json\/wp\/v2\/types\/product"}],"replies":[{"embeddable":true,"href":"https:\/\/ironsky.pl\/sklep\/wp-json\/wp\/v2\/comments?post=59257"}],"wp:featuredmedia":[{"embeddable":true,"href":"https:\/\/ironsky.pl\/sklep\/wp-json\/wp\/v2\/media\/45655"}],"wp:attachment":[{"href":"https:\/\/ironsky.pl\/sklep\/wp-json\/wp\/v2\/media?parent=59257"}],"wp:term":[{"taxonomy":"product_brand","embeddable":true,"href":"https:\/\/ironsky.pl\/sklep\/wp-json\/wp\/v2\/product_brand?post=59257"},{"taxonomy":"product_cat","embeddable":true,"href":"https:\/\/ironsky.pl\/sklep\/wp-json\/wp\/v2\/product_cat?post=59257"},{"taxonomy":"product_tag","embeddable":true,"href":"https:\/\/ironsky.pl\/sklep\/wp-json\/wp\/v2\/product_tag?post=59257"}],"curies":[{"name":"wp","href":"https:\/\/api.w.org\/{rel}","templated":true}]}}