{"id":59254,"date":"2026-04-15T10:45:29","date_gmt":"2026-04-15T08:45:29","guid":{"rendered":"https:\/\/ironsky.pl\/sklep\/produkt\/uchwyt-puluz-na-kierownice-selfie-stick-150cm\/"},"modified":"2026-04-15T10:45:29","modified_gmt":"2026-04-15T08:45:29","slug":"uchwyt-puluz-na-kierownice-selfie-stick-150cm","status":"publish","type":"product","link":"https:\/\/ironsky.pl\/sklep\/produkt\/uchwyt-puluz-na-kierownice-selfie-stick-150cm\/","title":{"rendered":"Uchwyt PULUZ na kierownic\u0119 + selfie stick 150cm"},"content":{"rendered":"<h3>Uchwyt motocyklowy\/rowerowy PULUZ z dwoma zaciskami i uchwytem selfie 150 cm<\/h3>\n<p>Uchwyt PULUZ to idealne rozwi\u0105zanie dla wszystkich mi\u0142o\u015bnik\u00f3w jazdy na motocyklu i rowerze, kt\u00f3rzy pragn\u0105 rejestrowa\u0107 swoje przygody w wysokiej jako\u015bci i bez \u017cadnych przeszk\u00f3d. Przeznaczony do kamer panoramicznych, takich jak Insta360 X4, oraz innych kamer sportowych, umo\u017cliwia \u0142atwe nagrywanie panoramicznych uj\u0119\u0107 w 360 stopniach, uchwytuj\u0105c niezapomniane momenty.<\/p>\n<p>\n<img decoding=\"async\" src=\"https:\/\/assets.innpro.pl\/8447\/9866\/1.jpg\" border=\"0\" \/>\n<\/p>\n<h3>Wytrzyma\u0142a konstrukcja<\/h3>\n<p>G\u0142owica zaciskowa uchwytu wykonana jest z wysokiej jako\u015bci plastiku, natomiast korbow\u00f3d wspornika zaprojektowano ze stopu aluminium, co zapewnia wyj\u0105tkow\u0105 trwa\u0142o\u015b\u0107 i wytrzyma\u0142o\u015b\u0107. Dzi\u0119ki solidnym materia\u0142om, uchwyt jest odporny na uszkodzenia i d\u0142ugotrwa\u0142e u\u017cytkowanie w r\u00f3\u017cnych warunkach, co sprawi, \u017ce niezawodnie pos\u0142u\u017cy Ci przez nast\u0119pne lata.<\/p>\n<p>\n<img decoding=\"async\" src=\"https:\/\/assets.innpro.pl\/8447\/9866\/5.jpg\" border=\"0\" \/>\n<\/p>\n<h3>Uniwersalno\u015b\u0107 i regulacja<\/h3>\n<p>Zacisk uchwytu mo\u017ce wspiera\u0107 kierownice lub kijki o zakresie \u015brednic od 1,5 do 4,5 cm, co sprawia, \u017ce jest uniwersalny i pasuje do r\u00f3\u017cnych typ\u00f3w pojazd\u00f3w. Uniwersalna konstrukcja g\u0142owicy kulowej wspornika umo\u017cliwia regulacj\u0119 r\u00f3\u017cnych k\u0105t\u00f3w fotografowania, pozwalaj\u0105c na dostosowanie pozycji kamery do indywidualnych potrzeb u\u017cytkownika. To pozwoli Ci na bezproblemowe rejestrowanie dynamicznych moment\u00f3w.<\/p>\n<p>\n<img decoding=\"async\" src=\"https:\/\/assets.innpro.pl\/8447\/9866\/6.jpg\" border=\"0\" \/>\n<\/p>\n<h3>Teleskopowy kij do selfie<\/h3>\n<p>Za pomoc\u0105 teleskopowego kija do selfie o d\u0142ugo\u015bci 150 cm, mo\u017cna uzyska\u0107 wysoko\u015b\u0107 35cm po skurczeniu i do 150cm po rozci\u0105gni\u0119ciu. Mimo\u015brodowa konstrukcja rurki pozwala na dowolne rozci\u0105ganie d\u0142ugo\u015bci, a ka\u017cd\u0105 sekcj\u0119 mo\u017cna zablokowa\u0107 osobno, co zapewnia pe\u0142n\u0105 kontrol\u0119 nad ustawieniami i stabilno\u015b\u0107 podczas fotografowania.<\/p>\n<p>\n<img decoding=\"async\" src=\"https:\/\/assets.innpro.pl\/8447\/9866\/2.jpg\" border=\"0\" \/>\n<\/p>\n<h3>Stabilno\u015b\u0107 i bezpiecze\u0144stwo<\/h3>\n<p>Uchwyt posiada dwa rodzaje zacisk\u00f3w: jeden dwug\u0142owicowy i jeden jednog\u0142owicowy, oba wyposa\u017cone w \u015bruby 1\/4 cala. Pierwszy zacisk s\u0142u\u017cy do zamocowania otworu na \u015brub\u0119 1\/4 cala na dole kijka do selfie, natomiast drugi zabezpiecza g\u00f3rny koniec kijka. Dzi\u0119ki podw\u00f3jnemu mocowaniu kijek do selfie jest bardziej stabilny, co zapewnia wi\u0119ksze bezpiecze\u0144stwo i stabilno\u015b\u0107 podczas fotografowania. Od teraz nie musisz martwi\u0107 si\u0119 o rozmazane zdj\u0119cia. <\/p>\n<p>\n<img decoding=\"async\" src=\"https:\/\/assets.innpro.pl\/8447\/9866\/8.jpg\" border=\"0\" \/>\n<\/p>\n<h3>Szeroka kompatybilno\u015b\u0107<\/h3>\n<p>Uchwyt PULUZ mo\u017ce by\u0107 szeroko stosowany do instalowania kamer panoramicznych, kamer sportowych oraz telefon\u00f3w kom\u00f3rkowych. Jest to idealne rozwi\u0105zanie do fotografowania z perspektywy pierwszej osoby, transmisji na \u017cywo, robienia selfie i wielu innych zastosowa\u0144. Dodatkowo, uchwyt mo\u017ce by\u0107 wykorzystany do pod\u0142\u0105czenia i instalowania nawigacji samochodowej, co zwi\u0119ksza jego funkcjonalno\u015b\u0107 i praktyczno\u015b\u0107. Ta wielozadaniowo\u015b\u0107 niezwykle sprawdza si\u0119 podczas codziennych sytuacji, gwarantuj\u0105c niezawodno\u015b\u0107 i profesjonalizm. <\/p>\n<p>\n<img decoding=\"async\" src=\"https:\/\/assets.innpro.pl\/8447\/9866\/4.jpg\" border=\"0\" \/>\n<\/p>\n<h3>W zestawie:<\/h3>\n<ul class=\"list-disc pl-5\">\n<li>zacisk dwug\u0142owicowy<\/li>\n<li>zacisk jednog\u0142owicowy<\/li>\n<li>kijek do selfie<\/li>\n<li>niewidoczny adapter<\/li>\n<li>d\u0142uga \u015bruba<\/li>\n<li>kr\u00f3tka \u015bruba<\/li>\n<\/ul>\n<div class=\"table-wrapper\">\n<p>\u00a0<\/p>\n<h3><\/h3>\n<table>\n<tbody>\n<tr>\n<th><\/th>\n<td>Specyfikacja<\/td>\n<\/tr>\n<tr>\n<th>Producent<\/th>\n<td>Puluz<\/td>\n<\/tr>\n<tr>\n<th>Kolor<\/th>\n<td>czarny<\/td>\n<\/tr>\n<tr>\n<th>Wymiary kijka do selfie<\/th>\n<td>150cm d\u0142ugo\u015bci po rozszerzeniu, 35cm d\u0142ugo\u015bci po skurczeniu<\/td>\n<\/tr>\n<tr>\n<th>Wymiary uchwytu<\/th>\n<td>18.5cm d\u0142ugo\u015bci (z zamontowanymi klamrami)<\/td>\n<\/tr>\n<tr>\n<th>\u015arednica klamry <\/th>\n<td>od 1.5cm do 4.5cm<\/td>\n<\/tr>\n<tr>\n<th>Materia\u0142 wykonania uchwytu<\/th>\n<td>silikon, aluminium<\/td>\n<\/tr>\n<tr>\n<th>Materia\u0142 wykonania kijka do selfie<\/th>\n<td>plastik<\/td>\n<\/tr>\n<\/tbody>\n<\/table>\n<\/div>\n","protected":false},"excerpt":{"rendered":"<p>Uchwyt motocyklowy\/rowerowy PULUZ z dwoma zaciskami i uchwytem selfie 150 cm Uchwyt PULUZ to idealne rozwi\u0105zanie dla wszystkich mi\u0142o\u015bnik\u00f3w jazdy<\/p>\n","protected":false},"featured_media":59255,"comment_status":"closed","ping_status":"open","template":"","meta":{"_acf_changed":false},"product_brand":[],"product_cat":[1128,6178,6176,6177,6181,1138],"product_tag":[],"class_list":{"0":"post-59254","1":"product","2":"type-product","3":"status-publish","4":"has-post-thumbnail","6":"product_cat-foto-wideo","7":"product_cat-mocowania","8":"product_cat-selfie-stiki","9":"product_cat-statywy-selfie-stiki","10":"product_cat-szelki-mocowania-i-uchwyty","11":"product_cat-wysiegniki","12":"pa_okres-gwarancji-5754","13":"pa_producent-puluz","15":"first","16":"outofstock","17":"taxable","18":"shipping-taxable","19":"purchasable","20":"product-type-simple"},"acf":[],"yoast_head":"<!-- This site is optimized with the Yoast SEO plugin v27.2 - https:\/\/yoast.com\/product\/yoast-seo-wordpress\/ -->\n<title>Uchwyt PULUZ na kierownic\u0119 + selfie stick 150cm - IRONSKY.PL Sklep z Dronami<\/title>\n<meta name=\"description\" content=\"Uchwyt PULUZ na kierownic\u0119 + selfie stick 150cm - \u2705 sklep z dronami i fachowym doradztwem. \u2705 Tutaj kupisz produkty DJI, Yuneec, Parrot, Syma i wiele innych, a tak\u017ce kursy i licencje na operatora drona.\" \/>\n<meta name=\"robots\" content=\"index, follow, max-snippet:-1, max-image-preview:large, max-video-preview:-1\" \/>\n<link rel=\"canonical\" href=\"https:\/\/ironsky.pl\/sklep\/produkt\/uchwyt-puluz-na-kierownice-selfie-stick-150cm\/\" \/>\n<meta property=\"og:locale\" content=\"pl_PL\" \/>\n<meta property=\"og:type\" content=\"article\" \/>\n<meta property=\"og:title\" content=\"Uchwyt PULUZ na kierownic\u0119 + selfie stick 150cm - IRONSKY.PL Sklep z Dronami\" \/>\n<meta property=\"og:description\" content=\"Uchwyt PULUZ na kierownic\u0119 + selfie stick 150cm - \u2705 sklep z dronami i fachowym doradztwem. \u2705 Tutaj kupisz produkty DJI, Yuneec, Parrot, Syma i wiele innych, a tak\u017ce kursy i licencje na operatora drona.\" \/>\n<meta property=\"og:url\" content=\"https:\/\/ironsky.pl\/sklep\/produkt\/uchwyt-puluz-na-kierownice-selfie-stick-150cm\/\" \/>\n<meta property=\"og:site_name\" content=\"IRONSKY.PL Sklep z Dronami\" \/>\n<meta property=\"og:image\" content=\"https:\/\/ironsky.pl\/sklep\/wp-content\/uploads\/2026\/04\/45713_1.jpg\" \/>\n\t<meta property=\"og:image:width\" content=\"800\" \/>\n\t<meta property=\"og:image:height\" content=\"800\" \/>\n\t<meta property=\"og:image:type\" content=\"image\/jpeg\" \/>\n<meta name=\"twitter:card\" content=\"summary_large_image\" \/>\n<meta name=\"twitter:label1\" content=\"Szacowany czas czytania\" \/>\n\t<meta name=\"twitter:data1\" content=\"2 minuty\" \/>\n<script type=\"application\/ld+json\" class=\"yoast-schema-graph\">{\"@context\":\"https:\/\/schema.org\",\"@graph\":[{\"@type\":\"WebPage\",\"@id\":\"https:\/\/ironsky.pl\/sklep\/produkt\/uchwyt-puluz-na-kierownice-selfie-stick-150cm\/\",\"url\":\"https:\/\/ironsky.pl\/sklep\/produkt\/uchwyt-puluz-na-kierownice-selfie-stick-150cm\/\",\"name\":\"Uchwyt PULUZ na kierownic\u0119 + selfie stick 150cm - IRONSKY.PL Sklep z Dronami\",\"isPartOf\":{\"@id\":\"https:\/\/ironsky.pl\/sklep\/#website\"},\"primaryImageOfPage\":{\"@id\":\"https:\/\/ironsky.pl\/sklep\/produkt\/uchwyt-puluz-na-kierownice-selfie-stick-150cm\/#primaryimage\"},\"image\":{\"@id\":\"https:\/\/ironsky.pl\/sklep\/produkt\/uchwyt-puluz-na-kierownice-selfie-stick-150cm\/#primaryimage\"},\"thumbnailUrl\":\"https:\/\/ironsky.pl\/sklep\/wp-content\/uploads\/2026\/04\/45713_1.jpg\",\"datePublished\":\"2026-04-15T08:45:29+00:00\",\"description\":\"Uchwyt PULUZ na kierownic\u0119 + selfie stick 150cm - \u2705 sklep z dronami i fachowym doradztwem. \u2705 Tutaj kupisz produkty DJI, Yuneec, Parrot, Syma i wiele innych, a tak\u017ce kursy i licencje na operatora drona.\",\"breadcrumb\":{\"@id\":\"https:\/\/ironsky.pl\/sklep\/produkt\/uchwyt-puluz-na-kierownice-selfie-stick-150cm\/#breadcrumb\"},\"inLanguage\":\"pl-PL\",\"potentialAction\":[{\"@type\":\"ReadAction\",\"target\":[\"https:\/\/ironsky.pl\/sklep\/produkt\/uchwyt-puluz-na-kierownice-selfie-stick-150cm\/\"]}]},{\"@type\":\"ImageObject\",\"inLanguage\":\"pl-PL\",\"@id\":\"https:\/\/ironsky.pl\/sklep\/produkt\/uchwyt-puluz-na-kierownice-selfie-stick-150cm\/#primaryimage\",\"url\":\"https:\/\/ironsky.pl\/sklep\/wp-content\/uploads\/2026\/04\/45713_1.jpg\",\"contentUrl\":\"https:\/\/ironsky.pl\/sklep\/wp-content\/uploads\/2026\/04\/45713_1.jpg\",\"width\":800,\"height\":800},{\"@type\":\"BreadcrumbList\",\"@id\":\"https:\/\/ironsky.pl\/sklep\/produkt\/uchwyt-puluz-na-kierownice-selfie-stick-150cm\/#breadcrumb\",\"itemListElement\":[{\"@type\":\"ListItem\",\"position\":1,\"name\":\"Strona g\u0142\u00f3wna\",\"item\":\"https:\/\/ironsky.pl\/sklep\/\"},{\"@type\":\"ListItem\",\"position\":2,\"name\":\"Wszystkie produkty\",\"item\":\"https:\/\/ironsky.pl\/sklep\/produkty\/\"},{\"@type\":\"ListItem\",\"position\":3,\"name\":\"Uchwyt PULUZ na kierownic\u0119 + selfie stick 150cm\"}]},{\"@type\":\"WebSite\",\"@id\":\"https:\/\/ironsky.pl\/sklep\/#website\",\"url\":\"https:\/\/ironsky.pl\/sklep\/\",\"name\":\"IRONSKY.PL Sklep z Dronami\",\"description\":\"IRONSKY.PL Sklep z Dronami\",\"potentialAction\":[{\"@type\":\"SearchAction\",\"target\":{\"@type\":\"EntryPoint\",\"urlTemplate\":\"https:\/\/ironsky.pl\/sklep\/?s={search_term_string}\"},\"query-input\":{\"@type\":\"PropertyValueSpecification\",\"valueRequired\":true,\"valueName\":\"search_term_string\"}}],\"inLanguage\":\"pl-PL\"}]}<\/script>\n<!-- \/ Yoast SEO plugin. -->","yoast_head_json":{"title":"Uchwyt PULUZ na kierownic\u0119 + selfie stick 150cm - IRONSKY.PL Sklep z Dronami","description":"Uchwyt PULUZ na kierownic\u0119 + selfie stick 150cm - \u2705 sklep z dronami i fachowym doradztwem. \u2705 Tutaj kupisz produkty DJI, Yuneec, Parrot, Syma i wiele innych, a tak\u017ce kursy i licencje na operatora drona.","robots":{"index":"index","follow":"follow","max-snippet":"max-snippet:-1","max-image-preview":"max-image-preview:large","max-video-preview":"max-video-preview:-1"},"canonical":"https:\/\/ironsky.pl\/sklep\/produkt\/uchwyt-puluz-na-kierownice-selfie-stick-150cm\/","og_locale":"pl_PL","og_type":"article","og_title":"Uchwyt PULUZ na kierownic\u0119 + selfie stick 150cm - IRONSKY.PL Sklep z Dronami","og_description":"Uchwyt PULUZ na kierownic\u0119 + selfie stick 150cm - \u2705 sklep z dronami i fachowym doradztwem. \u2705 Tutaj kupisz produkty DJI, Yuneec, Parrot, Syma i wiele innych, a tak\u017ce kursy i licencje na operatora drona.","og_url":"https:\/\/ironsky.pl\/sklep\/produkt\/uchwyt-puluz-na-kierownice-selfie-stick-150cm\/","og_site_name":"IRONSKY.PL Sklep z Dronami","og_image":[{"width":800,"height":800,"url":"https:\/\/ironsky.pl\/sklep\/wp-content\/uploads\/2026\/04\/45713_1.jpg","type":"image\/jpeg"}],"twitter_card":"summary_large_image","twitter_misc":{"Szacowany czas czytania":"2 minuty"},"schema":{"@context":"https:\/\/schema.org","@graph":[{"@type":"WebPage","@id":"https:\/\/ironsky.pl\/sklep\/produkt\/uchwyt-puluz-na-kierownice-selfie-stick-150cm\/","url":"https:\/\/ironsky.pl\/sklep\/produkt\/uchwyt-puluz-na-kierownice-selfie-stick-150cm\/","name":"Uchwyt PULUZ na kierownic\u0119 + selfie stick 150cm - IRONSKY.PL Sklep z Dronami","isPartOf":{"@id":"https:\/\/ironsky.pl\/sklep\/#website"},"primaryImageOfPage":{"@id":"https:\/\/ironsky.pl\/sklep\/produkt\/uchwyt-puluz-na-kierownice-selfie-stick-150cm\/#primaryimage"},"image":{"@id":"https:\/\/ironsky.pl\/sklep\/produkt\/uchwyt-puluz-na-kierownice-selfie-stick-150cm\/#primaryimage"},"thumbnailUrl":"https:\/\/ironsky.pl\/sklep\/wp-content\/uploads\/2026\/04\/45713_1.jpg","datePublished":"2026-04-15T08:45:29+00:00","description":"Uchwyt PULUZ na kierownic\u0119 + selfie stick 150cm - \u2705 sklep z dronami i fachowym doradztwem. \u2705 Tutaj kupisz produkty DJI, Yuneec, Parrot, Syma i wiele innych, a tak\u017ce kursy i licencje na operatora drona.","breadcrumb":{"@id":"https:\/\/ironsky.pl\/sklep\/produkt\/uchwyt-puluz-na-kierownice-selfie-stick-150cm\/#breadcrumb"},"inLanguage":"pl-PL","potentialAction":[{"@type":"ReadAction","target":["https:\/\/ironsky.pl\/sklep\/produkt\/uchwyt-puluz-na-kierownice-selfie-stick-150cm\/"]}]},{"@type":"ImageObject","inLanguage":"pl-PL","@id":"https:\/\/ironsky.pl\/sklep\/produkt\/uchwyt-puluz-na-kierownice-selfie-stick-150cm\/#primaryimage","url":"https:\/\/ironsky.pl\/sklep\/wp-content\/uploads\/2026\/04\/45713_1.jpg","contentUrl":"https:\/\/ironsky.pl\/sklep\/wp-content\/uploads\/2026\/04\/45713_1.jpg","width":800,"height":800},{"@type":"BreadcrumbList","@id":"https:\/\/ironsky.pl\/sklep\/produkt\/uchwyt-puluz-na-kierownice-selfie-stick-150cm\/#breadcrumb","itemListElement":[{"@type":"ListItem","position":1,"name":"Strona g\u0142\u00f3wna","item":"https:\/\/ironsky.pl\/sklep\/"},{"@type":"ListItem","position":2,"name":"Wszystkie produkty","item":"https:\/\/ironsky.pl\/sklep\/produkty\/"},{"@type":"ListItem","position":3,"name":"Uchwyt PULUZ na kierownic\u0119 + selfie stick 150cm"}]},{"@type":"WebSite","@id":"https:\/\/ironsky.pl\/sklep\/#website","url":"https:\/\/ironsky.pl\/sklep\/","name":"IRONSKY.PL Sklep z Dronami","description":"IRONSKY.PL Sklep z Dronami","potentialAction":[{"@type":"SearchAction","target":{"@type":"EntryPoint","urlTemplate":"https:\/\/ironsky.pl\/sklep\/?s={search_term_string}"},"query-input":{"@type":"PropertyValueSpecification","valueRequired":true,"valueName":"search_term_string"}}],"inLanguage":"pl-PL"}]}},"_links":{"self":[{"href":"https:\/\/ironsky.pl\/sklep\/wp-json\/wp\/v2\/product\/59254","targetHints":{"allow":["GET"]}}],"collection":[{"href":"https:\/\/ironsky.pl\/sklep\/wp-json\/wp\/v2\/product"}],"about":[{"href":"https:\/\/ironsky.pl\/sklep\/wp-json\/wp\/v2\/types\/product"}],"replies":[{"embeddable":true,"href":"https:\/\/ironsky.pl\/sklep\/wp-json\/wp\/v2\/comments?post=59254"}],"wp:featuredmedia":[{"embeddable":true,"href":"https:\/\/ironsky.pl\/sklep\/wp-json\/wp\/v2\/media\/59255"}],"wp:attachment":[{"href":"https:\/\/ironsky.pl\/sklep\/wp-json\/wp\/v2\/media?parent=59254"}],"wp:term":[{"taxonomy":"product_brand","embeddable":true,"href":"https:\/\/ironsky.pl\/sklep\/wp-json\/wp\/v2\/product_brand?post=59254"},{"taxonomy":"product_cat","embeddable":true,"href":"https:\/\/ironsky.pl\/sklep\/wp-json\/wp\/v2\/product_cat?post=59254"},{"taxonomy":"product_tag","embeddable":true,"href":"https:\/\/ironsky.pl\/sklep\/wp-json\/wp\/v2\/product_tag?post=59254"}],"curies":[{"name":"wp","href":"https:\/\/api.w.org\/{rel}","templated":true}]}}