{"id":59233,"date":"2026-04-15T10:44:51","date_gmt":"2026-04-15T08:44:51","guid":{"rendered":"https:\/\/ironsky.pl\/sklep\/produkt\/mocowanie-z-przyssawka-puluz-pu545b-do-kamery-czarne\/"},"modified":"2026-04-15T10:45:18","modified_gmt":"2026-04-15T08:45:18","slug":"mocowanie-z-przyssawka-puluz-pu545b-do-kamery-czarne","status":"publish","type":"product","link":"https:\/\/ironsky.pl\/sklep\/produkt\/mocowanie-z-przyssawka-puluz-pu545b-do-kamery-czarne\/","title":{"rendered":"Mocowanie z przyssawk\u0105 PULUZ PU545B do kamery (czarne)"},"content":{"rendered":"<h3>Mocowanie z przyssawk\u0105 PULUZ do kamer sportowych (DJI, GoPro, Insta360) PU545B (czarne)<\/h3>\n<p>Czy jeste\u015b osob\u0105, kt\u00f3ra aktywnie sp\u0119dza czas oraz pragniesz bezpiecznie i wygodnie rejestrowa\u0107 swoje przygody sportowe? Mocowanie PULUZ jest w\u0142a\u015bnie dla Ciebie! Dzi\u0119ki silnemu mocowaniu, nie musisz si\u0119 ju\u017c martwi\u0107 o przypadkowe odczepianie si\u0119 sprz\u0119tu od powierzchni niezale\u017cnie od sytuacji, w kt\u00f3rej si\u0119 znajdujesz. To pozwoli Ci na pe\u0142n\u0105 rado\u015b\u0107 z wysokiej jako\u015bci nagra\u0144 bez \u017cadnych zak\u0142\u00f3ce\u0144. <\/p>\n<p>\n<img decoding=\"async\" src=\"https:\/\/assets.innpro.pl\/8432\/9851\/6.jpg\" border=\"0\" alt=\"\" \/>\n<\/p>\n<h3>Silne i niezawodne mocowanie<\/h3>\n<p>Mocowanie z przyssawk\u0105 PULUZ zapewnia wyj\u0105tkow\u0105 si\u0142\u0119 trzymania dzi\u0119ki swojej wysokiej jako\u015bci przyssawce pr\u00f3\u017cniowej. Wyposa\u017cone w dwa pokr\u0119t\u0142a, umo\u017cliwia \u0142atwe blokowanie lub poluzowanie urz\u0105dzenia, co pozwala na stabilne mocowanie na szybach i maskach samochodowych, czy innych g\u0142adkich powierzchniach. Przyssawka zapewnia silne trzymanie, gwarantuj\u0105c, \u017ce mocowanie nie odczepi si\u0119 od powierzchni nawet podczas najbardziej ekstremalnych aktywno\u015bci.<\/p>\n<p>\n<img decoding=\"async\" src=\"https:\/\/assets.innpro.pl\/8432\/9851\/7.jpg\" border=\"0\" alt=\"\" \/>\n<\/p>\n<h3>\u0141atwa obs\u0142uga i szybkie mocowanie<\/h3>\n<p>Wbudowany prze\u0142\u0105cznik adsorpcyjny pozwala na szybkie i wygodne w\u0142\u0105czanie i wy\u0142\u0105czanie przyssawki, blokuj\u0105c i wypuszczaj\u0105c ci\u015bnienie powietrza. Dzi\u0119ki temu mo\u017cesz \u0142atwo i szybko przymocowa\u0107 lub odczepi\u0107 mocowanie w wybranym miejscu, co znacz\u0105co zwi\u0119ksza wygod\u0119 u\u017cytkowania.<\/p>\n<p>\n<img decoding=\"async\" src=\"https:\/\/assets.innpro.pl\/8432\/9851\/9.jpg\" border=\"0\" alt=\"\" \/>\n<\/p>\n<h3>Wszechstronno\u015b\u0107 ustawienia<\/h3>\n<p>Mocowanie PULUZ umo\u017cliwia ustawienie kamery pod k\u0105tem 360 stopni dzi\u0119ki g\u0142owicy kulowej o \u015brednicy 17 mm. To oznacza, \u017ce mo\u017cesz dostosowa\u0107 pozycj\u0119 swojego urz\u0105dzenia do swoich indywidualnych potrzeb, uzyskuj\u0105c imponuj\u0105ce uj\u0119cia, bez wzgl\u0119du na warunki, w kt\u00f3rych si\u0119 znajdujesz. Stabilny zacisk i pokr\u0119t\u0142o blokuj\u0105ce dodatkowo zapewniaj\u0105, \u017ce Twoja kamera pozostanie w wybranej pozycji, nawet podczas dynamicznej jazdy.<\/p>\n<p>\n<img decoding=\"async\" src=\"https:\/\/assets.innpro.pl\/8432\/9851\/1.jpg\" border=\"0\" alt=\"\" \/>\n<\/p>\n<h3>Kompaktowy i przeno\u015bny design<\/h3>\n<p>Dzi\u0119ki kompaktowym wymiarom i lekkiej wadze, mocowanie z przyssawk\u0105 PULUZ jest \u0142atwe w przenoszeniu. Mo\u017cesz zabra\u0107 je ze sob\u0105 wsz\u0119dzie, bez obawy o zajmowanie zbyt du\u017co miejsca w torbie czy plecaku. Wytrzyma\u0142a konstrukcja z aluminium i wysokiej jako\u015bci PVC zapewnia d\u0142ugotrwa\u0142e u\u017cytkowanie, a dodatkowe zabezpieczenia przed wstrz\u0105sami chroni\u0105 Twoje urz\u0105dzenie podczas podr\u00f3\u017cy.<\/p>\n<p>\n<img decoding=\"async\" src=\"https:\/\/assets.innpro.pl\/8432\/9851\/5.jpg\" border=\"0\" alt=\"\" \/>\n<\/p>\n<h3>Szeroka kompatybilno\u015b\u0107<\/h3>\n<p>Urz\u0105dzenie jest szeroko kompatybilne z wieloma popularnymi modelami kamer sportowych, takimi jak GoPro, Insta360 czy DJI. Dzi\u0119ki temu jest idealnym rozwi\u0105zaniem dla ka\u017cdego entuzjasty wideofilmowania, kt\u00f3ry chce uzyska\u0107 stabilne i dynamiczne uj\u0119cia w ka\u017cdych warunkach. Postaw na jako\u015b\u0107, wygod\u0119 i wszechstronno\u015b\u0107 z mocowaniem PULUZ.<\/p>\n<p>\n<img decoding=\"async\" src=\"https:\/\/assets.innpro.pl\/8432\/9851\/4.jpg\" border=\"0\" alt=\"\" \/>\n<\/p>\n<div class=\"table-wrapper\">\n<p>\u00a0<\/p>\n<h3><\/h3>\n<table>\n<tbody>\n<tr>\n<th>Producent<\/th>\n<td>Puluz<\/td>\n<\/tr>\n<tr>\n<th>Kolor<\/th>\n<td>czarny<\/td>\n<\/tr>\n<tr>\n<th>Kompatybilno\u015b\u0107<\/th>\n<td>DJI: Osmo Action 4, Osmo Action 3, Action 2, Osmo Action \/ GoPro:  HERO12 Black, HERO11 Black Mini, HERO11 Black, HERO10 Black, HERO9 Black, HERO8 Black, MAX, HERO7 White, HERO7 Black, HERO7 Silver, NEW HERO, Fusion, HERO6 Black, HERO5 Black, HERO5 Session, Hero Session, HERO4 Session, HERO4, HERO3+, HERO3, HERO2, HERO \/ Insta360: GO 3S, X4, Ace, Ace Pro, GO 3, X3, ONE RS 1-Inch 360 Edition, Insta360 ONE RS 4K Edition, Insta360 ONE RS 360 Edition, Insta360 ONE RS 1-INCH EDITION, GO 2, ONE X2, ONE R, GO EVO, ONE X, Nano, Air, ONE, Nano<\/td>\n<\/tr>\n<tr>\n<th>Materia\u0142 wykonania<\/th>\n<td>aluminium, PVC, ABS<\/td>\n<\/tr>\n<tr>\n<th>Wymiary<\/th>\n<td>12cmx7cm<\/td>\n<\/tr>\n<\/tbody>\n<\/table>\n<\/div>\n","protected":false},"excerpt":{"rendered":"<p>Mocowanie z przyssawk\u0105 PULUZ do kamer sportowych (DJI, GoPro, Insta360) PU545B (czarne) Czy jeste\u015b osob\u0105, kt\u00f3ra aktywnie sp\u0119dza czas oraz<\/p>\n","protected":false},"featured_media":59234,"comment_status":"closed","ping_status":"open","template":"","meta":{"_acf_changed":false},"product_brand":[],"product_cat":[1128,6178,6176,6177,6181,1138],"product_tag":[],"class_list":{"0":"post-59233","1":"product","2":"type-product","3":"status-publish","4":"has-post-thumbnail","6":"product_cat-foto-wideo","7":"product_cat-mocowania","8":"product_cat-selfie-stiki","9":"product_cat-statywy-selfie-stiki","10":"product_cat-szelki-mocowania-i-uchwyty","11":"product_cat-wysiegniki","12":"pa_okres-gwarancji-5754","13":"pa_producent-puluz","15":"first","16":"outofstock","17":"taxable","18":"shipping-taxable","19":"purchasable","20":"product-type-simple"},"acf":[],"yoast_head":"<!-- This site is optimized with the Yoast SEO plugin v27.2 - https:\/\/yoast.com\/product\/yoast-seo-wordpress\/ -->\n<title>Mocowanie z przyssawk\u0105 PULUZ PU545B do kamery (czarne) - IRONSKY.PL Sklep z Dronami<\/title>\n<meta name=\"description\" content=\"Mocowanie z przyssawk\u0105 PULUZ PU545B do kamery (czarne) - \u2705 sklep z dronami i fachowym doradztwem. \u2705 Tutaj kupisz produkty DJI, Yuneec, Parrot, Syma i wiele innych, a tak\u017ce kursy i licencje na operatora drona.\" \/>\n<meta name=\"robots\" content=\"index, follow, max-snippet:-1, max-image-preview:large, max-video-preview:-1\" \/>\n<link rel=\"canonical\" href=\"https:\/\/ironsky.pl\/sklep\/produkt\/mocowanie-z-przyssawka-puluz-pu545b-do-kamery-czarne\/\" \/>\n<meta property=\"og:locale\" content=\"pl_PL\" \/>\n<meta property=\"og:type\" content=\"article\" \/>\n<meta property=\"og:title\" content=\"Mocowanie z przyssawk\u0105 PULUZ PU545B do kamery (czarne) - IRONSKY.PL Sklep z Dronami\" \/>\n<meta property=\"og:description\" content=\"Mocowanie z przyssawk\u0105 PULUZ PU545B do kamery (czarne) - \u2705 sklep z dronami i fachowym doradztwem. \u2705 Tutaj kupisz produkty DJI, Yuneec, Parrot, Syma i wiele innych, a tak\u017ce kursy i licencje na operatora drona.\" \/>\n<meta property=\"og:url\" content=\"https:\/\/ironsky.pl\/sklep\/produkt\/mocowanie-z-przyssawka-puluz-pu545b-do-kamery-czarne\/\" \/>\n<meta property=\"og:site_name\" content=\"IRONSKY.PL Sklep z Dronami\" \/>\n<meta property=\"article:modified_time\" content=\"2026-04-15T08:45:18+00:00\" \/>\n<meta property=\"og:image\" content=\"https:\/\/ironsky.pl\/sklep\/wp-content\/uploads\/2026\/04\/45704_1.jpg\" \/>\n\t<meta property=\"og:image:width\" content=\"800\" \/>\n\t<meta property=\"og:image:height\" content=\"800\" \/>\n\t<meta property=\"og:image:type\" content=\"image\/jpeg\" \/>\n<meta name=\"twitter:card\" content=\"summary_large_image\" \/>\n<meta name=\"twitter:label1\" content=\"Szacowany czas czytania\" \/>\n\t<meta name=\"twitter:data1\" content=\"2 minuty\" \/>\n<script type=\"application\/ld+json\" class=\"yoast-schema-graph\">{\"@context\":\"https:\/\/schema.org\",\"@graph\":[{\"@type\":\"WebPage\",\"@id\":\"https:\/\/ironsky.pl\/sklep\/produkt\/mocowanie-z-przyssawka-puluz-pu545b-do-kamery-czarne\/\",\"url\":\"https:\/\/ironsky.pl\/sklep\/produkt\/mocowanie-z-przyssawka-puluz-pu545b-do-kamery-czarne\/\",\"name\":\"Mocowanie z przyssawk\u0105 PULUZ PU545B do kamery (czarne) - IRONSKY.PL Sklep z Dronami\",\"isPartOf\":{\"@id\":\"https:\/\/ironsky.pl\/sklep\/#website\"},\"primaryImageOfPage\":{\"@id\":\"https:\/\/ironsky.pl\/sklep\/produkt\/mocowanie-z-przyssawka-puluz-pu545b-do-kamery-czarne\/#primaryimage\"},\"image\":{\"@id\":\"https:\/\/ironsky.pl\/sklep\/produkt\/mocowanie-z-przyssawka-puluz-pu545b-do-kamery-czarne\/#primaryimage\"},\"thumbnailUrl\":\"https:\/\/ironsky.pl\/sklep\/wp-content\/uploads\/2026\/04\/45704_1.jpg\",\"datePublished\":\"2026-04-15T08:44:51+00:00\",\"dateModified\":\"2026-04-15T08:45:18+00:00\",\"description\":\"Mocowanie z przyssawk\u0105 PULUZ PU545B do kamery (czarne) - \u2705 sklep z dronami i fachowym doradztwem. \u2705 Tutaj kupisz produkty DJI, Yuneec, Parrot, Syma i wiele innych, a tak\u017ce kursy i licencje na operatora drona.\",\"breadcrumb\":{\"@id\":\"https:\/\/ironsky.pl\/sklep\/produkt\/mocowanie-z-przyssawka-puluz-pu545b-do-kamery-czarne\/#breadcrumb\"},\"inLanguage\":\"pl-PL\",\"potentialAction\":[{\"@type\":\"ReadAction\",\"target\":[\"https:\/\/ironsky.pl\/sklep\/produkt\/mocowanie-z-przyssawka-puluz-pu545b-do-kamery-czarne\/\"]}]},{\"@type\":\"ImageObject\",\"inLanguage\":\"pl-PL\",\"@id\":\"https:\/\/ironsky.pl\/sklep\/produkt\/mocowanie-z-przyssawka-puluz-pu545b-do-kamery-czarne\/#primaryimage\",\"url\":\"https:\/\/ironsky.pl\/sklep\/wp-content\/uploads\/2026\/04\/45704_1.jpg\",\"contentUrl\":\"https:\/\/ironsky.pl\/sklep\/wp-content\/uploads\/2026\/04\/45704_1.jpg\",\"width\":800,\"height\":800},{\"@type\":\"BreadcrumbList\",\"@id\":\"https:\/\/ironsky.pl\/sklep\/produkt\/mocowanie-z-przyssawka-puluz-pu545b-do-kamery-czarne\/#breadcrumb\",\"itemListElement\":[{\"@type\":\"ListItem\",\"position\":1,\"name\":\"Strona g\u0142\u00f3wna\",\"item\":\"https:\/\/ironsky.pl\/sklep\/\"},{\"@type\":\"ListItem\",\"position\":2,\"name\":\"Wszystkie produkty\",\"item\":\"https:\/\/ironsky.pl\/sklep\/produkty\/\"},{\"@type\":\"ListItem\",\"position\":3,\"name\":\"Mocowanie z przyssawk\u0105 PULUZ PU545B do kamery (czarne)\"}]},{\"@type\":\"WebSite\",\"@id\":\"https:\/\/ironsky.pl\/sklep\/#website\",\"url\":\"https:\/\/ironsky.pl\/sklep\/\",\"name\":\"IRONSKY.PL Sklep z Dronami\",\"description\":\"IRONSKY.PL Sklep z Dronami\",\"potentialAction\":[{\"@type\":\"SearchAction\",\"target\":{\"@type\":\"EntryPoint\",\"urlTemplate\":\"https:\/\/ironsky.pl\/sklep\/?s={search_term_string}\"},\"query-input\":{\"@type\":\"PropertyValueSpecification\",\"valueRequired\":true,\"valueName\":\"search_term_string\"}}],\"inLanguage\":\"pl-PL\"}]}<\/script>\n<!-- \/ Yoast SEO plugin. -->","yoast_head_json":{"title":"Mocowanie z przyssawk\u0105 PULUZ PU545B do kamery (czarne) - IRONSKY.PL Sklep z Dronami","description":"Mocowanie z przyssawk\u0105 PULUZ PU545B do kamery (czarne) - \u2705 sklep z dronami i fachowym doradztwem. \u2705 Tutaj kupisz produkty DJI, Yuneec, Parrot, Syma i wiele innych, a tak\u017ce kursy i licencje na operatora drona.","robots":{"index":"index","follow":"follow","max-snippet":"max-snippet:-1","max-image-preview":"max-image-preview:large","max-video-preview":"max-video-preview:-1"},"canonical":"https:\/\/ironsky.pl\/sklep\/produkt\/mocowanie-z-przyssawka-puluz-pu545b-do-kamery-czarne\/","og_locale":"pl_PL","og_type":"article","og_title":"Mocowanie z przyssawk\u0105 PULUZ PU545B do kamery (czarne) - IRONSKY.PL Sklep z Dronami","og_description":"Mocowanie z przyssawk\u0105 PULUZ PU545B do kamery (czarne) - \u2705 sklep z dronami i fachowym doradztwem. \u2705 Tutaj kupisz produkty DJI, Yuneec, Parrot, Syma i wiele innych, a tak\u017ce kursy i licencje na operatora drona.","og_url":"https:\/\/ironsky.pl\/sklep\/produkt\/mocowanie-z-przyssawka-puluz-pu545b-do-kamery-czarne\/","og_site_name":"IRONSKY.PL Sklep z Dronami","article_modified_time":"2026-04-15T08:45:18+00:00","og_image":[{"width":800,"height":800,"url":"https:\/\/ironsky.pl\/sklep\/wp-content\/uploads\/2026\/04\/45704_1.jpg","type":"image\/jpeg"}],"twitter_card":"summary_large_image","twitter_misc":{"Szacowany czas czytania":"2 minuty"},"schema":{"@context":"https:\/\/schema.org","@graph":[{"@type":"WebPage","@id":"https:\/\/ironsky.pl\/sklep\/produkt\/mocowanie-z-przyssawka-puluz-pu545b-do-kamery-czarne\/","url":"https:\/\/ironsky.pl\/sklep\/produkt\/mocowanie-z-przyssawka-puluz-pu545b-do-kamery-czarne\/","name":"Mocowanie z przyssawk\u0105 PULUZ PU545B do kamery (czarne) - IRONSKY.PL Sklep z Dronami","isPartOf":{"@id":"https:\/\/ironsky.pl\/sklep\/#website"},"primaryImageOfPage":{"@id":"https:\/\/ironsky.pl\/sklep\/produkt\/mocowanie-z-przyssawka-puluz-pu545b-do-kamery-czarne\/#primaryimage"},"image":{"@id":"https:\/\/ironsky.pl\/sklep\/produkt\/mocowanie-z-przyssawka-puluz-pu545b-do-kamery-czarne\/#primaryimage"},"thumbnailUrl":"https:\/\/ironsky.pl\/sklep\/wp-content\/uploads\/2026\/04\/45704_1.jpg","datePublished":"2026-04-15T08:44:51+00:00","dateModified":"2026-04-15T08:45:18+00:00","description":"Mocowanie z przyssawk\u0105 PULUZ PU545B do kamery (czarne) - \u2705 sklep z dronami i fachowym doradztwem. \u2705 Tutaj kupisz produkty DJI, Yuneec, Parrot, Syma i wiele innych, a tak\u017ce kursy i licencje na operatora drona.","breadcrumb":{"@id":"https:\/\/ironsky.pl\/sklep\/produkt\/mocowanie-z-przyssawka-puluz-pu545b-do-kamery-czarne\/#breadcrumb"},"inLanguage":"pl-PL","potentialAction":[{"@type":"ReadAction","target":["https:\/\/ironsky.pl\/sklep\/produkt\/mocowanie-z-przyssawka-puluz-pu545b-do-kamery-czarne\/"]}]},{"@type":"ImageObject","inLanguage":"pl-PL","@id":"https:\/\/ironsky.pl\/sklep\/produkt\/mocowanie-z-przyssawka-puluz-pu545b-do-kamery-czarne\/#primaryimage","url":"https:\/\/ironsky.pl\/sklep\/wp-content\/uploads\/2026\/04\/45704_1.jpg","contentUrl":"https:\/\/ironsky.pl\/sklep\/wp-content\/uploads\/2026\/04\/45704_1.jpg","width":800,"height":800},{"@type":"BreadcrumbList","@id":"https:\/\/ironsky.pl\/sklep\/produkt\/mocowanie-z-przyssawka-puluz-pu545b-do-kamery-czarne\/#breadcrumb","itemListElement":[{"@type":"ListItem","position":1,"name":"Strona g\u0142\u00f3wna","item":"https:\/\/ironsky.pl\/sklep\/"},{"@type":"ListItem","position":2,"name":"Wszystkie produkty","item":"https:\/\/ironsky.pl\/sklep\/produkty\/"},{"@type":"ListItem","position":3,"name":"Mocowanie z przyssawk\u0105 PULUZ PU545B do kamery (czarne)"}]},{"@type":"WebSite","@id":"https:\/\/ironsky.pl\/sklep\/#website","url":"https:\/\/ironsky.pl\/sklep\/","name":"IRONSKY.PL Sklep z Dronami","description":"IRONSKY.PL Sklep z Dronami","potentialAction":[{"@type":"SearchAction","target":{"@type":"EntryPoint","urlTemplate":"https:\/\/ironsky.pl\/sklep\/?s={search_term_string}"},"query-input":{"@type":"PropertyValueSpecification","valueRequired":true,"valueName":"search_term_string"}}],"inLanguage":"pl-PL"}]}},"_links":{"self":[{"href":"https:\/\/ironsky.pl\/sklep\/wp-json\/wp\/v2\/product\/59233","targetHints":{"allow":["GET"]}}],"collection":[{"href":"https:\/\/ironsky.pl\/sklep\/wp-json\/wp\/v2\/product"}],"about":[{"href":"https:\/\/ironsky.pl\/sklep\/wp-json\/wp\/v2\/types\/product"}],"replies":[{"embeddable":true,"href":"https:\/\/ironsky.pl\/sklep\/wp-json\/wp\/v2\/comments?post=59233"}],"wp:featuredmedia":[{"embeddable":true,"href":"https:\/\/ironsky.pl\/sklep\/wp-json\/wp\/v2\/media\/59234"}],"wp:attachment":[{"href":"https:\/\/ironsky.pl\/sklep\/wp-json\/wp\/v2\/media?parent=59233"}],"wp:term":[{"taxonomy":"product_brand","embeddable":true,"href":"https:\/\/ironsky.pl\/sklep\/wp-json\/wp\/v2\/product_brand?post=59233"},{"taxonomy":"product_cat","embeddable":true,"href":"https:\/\/ironsky.pl\/sklep\/wp-json\/wp\/v2\/product_cat?post=59233"},{"taxonomy":"product_tag","embeddable":true,"href":"https:\/\/ironsky.pl\/sklep\/wp-json\/wp\/v2\/product_tag?post=59233"}],"curies":[{"name":"wp","href":"https:\/\/api.w.org\/{rel}","templated":true}]}}