{"id":59228,"date":"2026-04-15T10:44:51","date_gmt":"2026-04-15T08:44:51","guid":{"rendered":"https:\/\/ironsky.pl\/sklep\/produkt\/kijek-selfie-telesin-gp-mnp-90d-09m\/"},"modified":"2026-04-15T10:45:15","modified_gmt":"2026-04-15T08:45:15","slug":"kijek-selfie-telesin-gp-mnp-90d-09m","status":"publish","type":"product","link":"https:\/\/ironsky.pl\/sklep\/produkt\/kijek-selfie-telesin-gp-mnp-90d-09m\/","title":{"rendered":"Kijek selfie TELESIN GP-MNP-90D 0,9m"},"content":{"rendered":"<h3>Selfie stick Telesin do kamer sportowych 0,9m (GP-MNP-90D)<\/h3>\n<p>Telesin GP-MNP-90D to profesjonalny selfie stick do kamer sportowych, stworzony z my\u015bl\u0105 o zapewnieniu maksymalnej stabilno\u015bci i wygody u\u017cytkowania w warunkach terenowych. Dzi\u0119ki zastosowaniu zaawansowanych materia\u0142\u00f3w, takich jak w\u0142\u00f3kno w\u0119glowe, uchwyt wyr\u00f3\u017cnia si\u0119 wyj\u0105tkow\u0105 lekko\u015bci\u0105 i wytrzyma\u0142o\u015bci\u0105.<\/p>\n<p>\n<img decoding=\"async\" src=\"https:\/\/assets.innpro.pl\/8962\/10481\/5.jpg\" border=\"0\" \/>\n<\/p>\n<h3>Wysoka wytrzyma\u0142o\u015b\u0107 i stabilno\u015b\u0107<\/h3>\n<p>Selfie stick Telesin zosta\u0142 wykonany z japo\u0144skiego w\u0142\u00f3kna w\u0119glowego 120T, zapewniaj\u0105cego doskona\u0142\u0105 odporno\u015b\u0107 na wstrz\u0105sy i uderzenia. Dzi\u0119ki temu mo\u017ce bezpiecznie obs\u0142ugiwa\u0107 nawet ci\u0119\u017csze kamery SLR o wadze do 1,5 kg. Wbudowany pasek na nadgarstek zwi\u0119ksza bezpiecze\u0144stwo, zapobiegaj\u0105c przypadkowemu upuszczeniu selfie sticka, a co za tym idzie, uszkodzeniu kamery.<\/p>\n<p>\n<img decoding=\"async\" src=\"https:\/\/assets.innpro.pl\/8962\/10481\/3.jpg\" border=\"0\" \/>\n<\/p>\n<h3>Ultra lekka konstrukcja<\/h3>\n<p>Z wag\u0105 zaledwie 113 g, selfie stick jest o jedn\u0105 trzeci\u0105 l\u017cejszy ni\u017c tradycyjne kijki do selfie, co u\u0142atwia jego przenoszenie i u\u017cytkowanie, zw\u0142aszcza podczas d\u0142ugich sesji nagrywania. Konstrukcja z w\u0142\u00f3kna w\u0119glowego nie tylko obni\u017ca wag\u0119, ale r\u00f3wnie\u017c zwi\u0119ksza trwa\u0142o\u015b\u0107 uchwytu, sprawiaj\u0105c, \u017ce jest on odporny na korozj\u0119.<\/p>\n<p>\n<img decoding=\"async\" src=\"https:\/\/assets.innpro.pl\/8962\/10481\/6.jpg\" border=\"0\" \/>\n<\/p>\n<h3>Wygoda i funkcjonalno\u015b\u0107<\/h3>\n<p>Ergonomiczny uchwyt z pianki NBR zapewnia komfort nawet przez d\u0142u\u017cszy czas. Selfie stick mo\u017cna \u0142atwo z\u0142o\u017cy\u0107 do d\u0142ugo\u015bci 22,5 cm, a jego maksymalna d\u0142ugo\u015b\u0107 wynosi 90 cm. Jest kompatybilny z szerok\u0105 gam\u0105 kamer sportowych, w tym GoPro, DJI Osmo Action, Insta360, Xiaoyi i SJCAM, co czyni go wszechstronnym narz\u0119dziem dla ka\u017cdego entuzjasty aktywno\u015bci na \u015bwie\u017cym powietrzu.<\/p>\n<p>\n<img decoding=\"async\" src=\"https:\/\/assets.innpro.pl\/8962\/10481\/4.jpg\" border=\"0\" \/>\n<\/p>\n<h3>W zestawie<\/h3>\n<p>Selfie Stick x 1<\/p>\n<p>Pasek na r\u0119k\u0119 x 1<\/p>\n<p>D\u0142ugi wkr\u0119t x 1<\/p>\n<p><\/p>\n<div class=\"table-wrapper\">\n<p>\u00a0<\/p>\n<h3><\/h3>\n<table>\n<tbody>\n<tr>\n<th>Producent<\/th>\n<td>Telesin<\/td>\n<\/tr>\n<tr>\n<th>Kod producenta<\/th>\n<td>GP-MNP-90D<\/td>\n<\/tr>\n<tr>\n<th>Waga Selfie Sticka<\/th>\n<td>113 g<\/td>\n<\/tr>\n<tr>\n<th>Materia\u0142 Selfie Sticka<\/th>\n<td>W\u0142\u00f3kno w\u0119glowe<\/td>\n<\/tr>\n<tr>\n<th>D\u0142ugo\u015b\u0107<\/th>\n<td>22,5 cm (z\u0142o\u017cony) &#8211; 90 cm (roz\u0142o\u017cony)<\/td>\n<\/tr>\n<tr>\n<th>Maksymalne obci\u0105\u017cenie<\/th>\n<td>1,5 kg<\/td>\n<\/tr>\n<\/tbody>\n<\/table>\n<\/div>\n","protected":false},"excerpt":{"rendered":"<p>Selfie stick Telesin do kamer sportowych 0,9m (GP-MNP-90D) Telesin GP-MNP-90D to profesjonalny selfie stick do kamer sportowych, stworzony z my\u015bl\u0105<\/p>\n","protected":false},"featured_media":59229,"comment_status":"closed","ping_status":"open","template":"","meta":{"_acf_changed":false},"product_brand":[],"product_cat":[1128,6178,6176,6177,6181,1138],"product_tag":[],"class_list":{"0":"post-59228","1":"product","2":"type-product","3":"status-publish","4":"has-post-thumbnail","6":"product_cat-foto-wideo","7":"product_cat-mocowania","8":"product_cat-selfie-stiki","9":"product_cat-statywy-selfie-stiki","10":"product_cat-szelki-mocowania-i-uchwyty","11":"product_cat-wysiegniki","12":"pa_okres-gwarancji-5754","13":"pa_producent-telesin","15":"first","16":"outofstock","17":"taxable","18":"shipping-taxable","19":"purchasable","20":"product-type-simple"},"acf":[],"yoast_head":"<!-- This site is optimized with the Yoast SEO plugin v27.2 - https:\/\/yoast.com\/product\/yoast-seo-wordpress\/ -->\n<title>Kijek selfie TELESIN GP-MNP-90D 0,9m - IRONSKY.PL Sklep z Dronami<\/title>\n<meta name=\"description\" content=\"Kijek selfie TELESIN GP-MNP-90D 0,9m - \u2705 sklep z dronami i fachowym doradztwem. \u2705 Tutaj kupisz produkty DJI, Yuneec, Parrot, Syma i wiele innych, a tak\u017ce kursy i licencje na operatora drona.\" \/>\n<meta name=\"robots\" content=\"index, follow, max-snippet:-1, max-image-preview:large, max-video-preview:-1\" \/>\n<link rel=\"canonical\" href=\"https:\/\/ironsky.pl\/sklep\/produkt\/kijek-selfie-telesin-gp-mnp-90d-09m\/\" \/>\n<meta property=\"og:locale\" content=\"pl_PL\" \/>\n<meta property=\"og:type\" content=\"article\" \/>\n<meta property=\"og:title\" content=\"Kijek selfie TELESIN GP-MNP-90D 0,9m - IRONSKY.PL Sklep z Dronami\" \/>\n<meta property=\"og:description\" content=\"Kijek selfie TELESIN GP-MNP-90D 0,9m - \u2705 sklep z dronami i fachowym doradztwem. \u2705 Tutaj kupisz produkty DJI, Yuneec, Parrot, Syma i wiele innych, a tak\u017ce kursy i licencje na operatora drona.\" \/>\n<meta property=\"og:url\" content=\"https:\/\/ironsky.pl\/sklep\/produkt\/kijek-selfie-telesin-gp-mnp-90d-09m\/\" \/>\n<meta property=\"og:site_name\" content=\"IRONSKY.PL Sklep z Dronami\" \/>\n<meta property=\"article:modified_time\" content=\"2026-04-15T08:45:15+00:00\" \/>\n<meta property=\"og:image\" content=\"https:\/\/ironsky.pl\/sklep\/wp-content\/uploads\/2026\/04\/45655_1.jpg\" \/>\n\t<meta property=\"og:image:width\" content=\"800\" \/>\n\t<meta property=\"og:image:height\" content=\"800\" \/>\n\t<meta property=\"og:image:type\" content=\"image\/jpeg\" \/>\n<meta name=\"twitter:card\" content=\"summary_large_image\" \/>\n<meta name=\"twitter:label1\" content=\"Szacowany czas czytania\" \/>\n\t<meta name=\"twitter:data1\" content=\"1 minuta\" \/>\n<script type=\"application\/ld+json\" class=\"yoast-schema-graph\">{\"@context\":\"https:\/\/schema.org\",\"@graph\":[{\"@type\":\"WebPage\",\"@id\":\"https:\/\/ironsky.pl\/sklep\/produkt\/kijek-selfie-telesin-gp-mnp-90d-09m\/\",\"url\":\"https:\/\/ironsky.pl\/sklep\/produkt\/kijek-selfie-telesin-gp-mnp-90d-09m\/\",\"name\":\"Kijek selfie TELESIN GP-MNP-90D 0,9m - IRONSKY.PL Sklep z Dronami\",\"isPartOf\":{\"@id\":\"https:\/\/ironsky.pl\/sklep\/#website\"},\"primaryImageOfPage\":{\"@id\":\"https:\/\/ironsky.pl\/sklep\/produkt\/kijek-selfie-telesin-gp-mnp-90d-09m\/#primaryimage\"},\"image\":{\"@id\":\"https:\/\/ironsky.pl\/sklep\/produkt\/kijek-selfie-telesin-gp-mnp-90d-09m\/#primaryimage\"},\"thumbnailUrl\":\"https:\/\/ironsky.pl\/sklep\/wp-content\/uploads\/2026\/04\/45655_1.jpg\",\"datePublished\":\"2026-04-15T08:44:51+00:00\",\"dateModified\":\"2026-04-15T08:45:15+00:00\",\"description\":\"Kijek selfie TELESIN GP-MNP-90D 0,9m - \u2705 sklep z dronami i fachowym doradztwem. \u2705 Tutaj kupisz produkty DJI, Yuneec, Parrot, Syma i wiele innych, a tak\u017ce kursy i licencje na operatora drona.\",\"breadcrumb\":{\"@id\":\"https:\/\/ironsky.pl\/sklep\/produkt\/kijek-selfie-telesin-gp-mnp-90d-09m\/#breadcrumb\"},\"inLanguage\":\"pl-PL\",\"potentialAction\":[{\"@type\":\"ReadAction\",\"target\":[\"https:\/\/ironsky.pl\/sklep\/produkt\/kijek-selfie-telesin-gp-mnp-90d-09m\/\"]}]},{\"@type\":\"ImageObject\",\"inLanguage\":\"pl-PL\",\"@id\":\"https:\/\/ironsky.pl\/sklep\/produkt\/kijek-selfie-telesin-gp-mnp-90d-09m\/#primaryimage\",\"url\":\"https:\/\/ironsky.pl\/sklep\/wp-content\/uploads\/2026\/04\/45655_1.jpg\",\"contentUrl\":\"https:\/\/ironsky.pl\/sklep\/wp-content\/uploads\/2026\/04\/45655_1.jpg\",\"width\":800,\"height\":800},{\"@type\":\"BreadcrumbList\",\"@id\":\"https:\/\/ironsky.pl\/sklep\/produkt\/kijek-selfie-telesin-gp-mnp-90d-09m\/#breadcrumb\",\"itemListElement\":[{\"@type\":\"ListItem\",\"position\":1,\"name\":\"Strona g\u0142\u00f3wna\",\"item\":\"https:\/\/ironsky.pl\/sklep\/\"},{\"@type\":\"ListItem\",\"position\":2,\"name\":\"Wszystkie produkty\",\"item\":\"https:\/\/ironsky.pl\/sklep\/produkty\/\"},{\"@type\":\"ListItem\",\"position\":3,\"name\":\"Kijek selfie TELESIN GP-MNP-90D 0,9m\"}]},{\"@type\":\"WebSite\",\"@id\":\"https:\/\/ironsky.pl\/sklep\/#website\",\"url\":\"https:\/\/ironsky.pl\/sklep\/\",\"name\":\"IRONSKY.PL Sklep z Dronami\",\"description\":\"IRONSKY.PL Sklep z Dronami\",\"potentialAction\":[{\"@type\":\"SearchAction\",\"target\":{\"@type\":\"EntryPoint\",\"urlTemplate\":\"https:\/\/ironsky.pl\/sklep\/?s={search_term_string}\"},\"query-input\":{\"@type\":\"PropertyValueSpecification\",\"valueRequired\":true,\"valueName\":\"search_term_string\"}}],\"inLanguage\":\"pl-PL\"}]}<\/script>\n<!-- \/ Yoast SEO plugin. -->","yoast_head_json":{"title":"Kijek selfie TELESIN GP-MNP-90D 0,9m - IRONSKY.PL Sklep z Dronami","description":"Kijek selfie TELESIN GP-MNP-90D 0,9m - \u2705 sklep z dronami i fachowym doradztwem. \u2705 Tutaj kupisz produkty DJI, Yuneec, Parrot, Syma i wiele innych, a tak\u017ce kursy i licencje na operatora drona.","robots":{"index":"index","follow":"follow","max-snippet":"max-snippet:-1","max-image-preview":"max-image-preview:large","max-video-preview":"max-video-preview:-1"},"canonical":"https:\/\/ironsky.pl\/sklep\/produkt\/kijek-selfie-telesin-gp-mnp-90d-09m\/","og_locale":"pl_PL","og_type":"article","og_title":"Kijek selfie TELESIN GP-MNP-90D 0,9m - IRONSKY.PL Sklep z Dronami","og_description":"Kijek selfie TELESIN GP-MNP-90D 0,9m - \u2705 sklep z dronami i fachowym doradztwem. \u2705 Tutaj kupisz produkty DJI, Yuneec, Parrot, Syma i wiele innych, a tak\u017ce kursy i licencje na operatora drona.","og_url":"https:\/\/ironsky.pl\/sklep\/produkt\/kijek-selfie-telesin-gp-mnp-90d-09m\/","og_site_name":"IRONSKY.PL Sklep z Dronami","article_modified_time":"2026-04-15T08:45:15+00:00","og_image":[{"width":800,"height":800,"url":"https:\/\/ironsky.pl\/sklep\/wp-content\/uploads\/2026\/04\/45655_1.jpg","type":"image\/jpeg"}],"twitter_card":"summary_large_image","twitter_misc":{"Szacowany czas czytania":"1 minuta"},"schema":{"@context":"https:\/\/schema.org","@graph":[{"@type":"WebPage","@id":"https:\/\/ironsky.pl\/sklep\/produkt\/kijek-selfie-telesin-gp-mnp-90d-09m\/","url":"https:\/\/ironsky.pl\/sklep\/produkt\/kijek-selfie-telesin-gp-mnp-90d-09m\/","name":"Kijek selfie TELESIN GP-MNP-90D 0,9m - IRONSKY.PL Sklep z Dronami","isPartOf":{"@id":"https:\/\/ironsky.pl\/sklep\/#website"},"primaryImageOfPage":{"@id":"https:\/\/ironsky.pl\/sklep\/produkt\/kijek-selfie-telesin-gp-mnp-90d-09m\/#primaryimage"},"image":{"@id":"https:\/\/ironsky.pl\/sklep\/produkt\/kijek-selfie-telesin-gp-mnp-90d-09m\/#primaryimage"},"thumbnailUrl":"https:\/\/ironsky.pl\/sklep\/wp-content\/uploads\/2026\/04\/45655_1.jpg","datePublished":"2026-04-15T08:44:51+00:00","dateModified":"2026-04-15T08:45:15+00:00","description":"Kijek selfie TELESIN GP-MNP-90D 0,9m - \u2705 sklep z dronami i fachowym doradztwem. \u2705 Tutaj kupisz produkty DJI, Yuneec, Parrot, Syma i wiele innych, a tak\u017ce kursy i licencje na operatora drona.","breadcrumb":{"@id":"https:\/\/ironsky.pl\/sklep\/produkt\/kijek-selfie-telesin-gp-mnp-90d-09m\/#breadcrumb"},"inLanguage":"pl-PL","potentialAction":[{"@type":"ReadAction","target":["https:\/\/ironsky.pl\/sklep\/produkt\/kijek-selfie-telesin-gp-mnp-90d-09m\/"]}]},{"@type":"ImageObject","inLanguage":"pl-PL","@id":"https:\/\/ironsky.pl\/sklep\/produkt\/kijek-selfie-telesin-gp-mnp-90d-09m\/#primaryimage","url":"https:\/\/ironsky.pl\/sklep\/wp-content\/uploads\/2026\/04\/45655_1.jpg","contentUrl":"https:\/\/ironsky.pl\/sklep\/wp-content\/uploads\/2026\/04\/45655_1.jpg","width":800,"height":800},{"@type":"BreadcrumbList","@id":"https:\/\/ironsky.pl\/sklep\/produkt\/kijek-selfie-telesin-gp-mnp-90d-09m\/#breadcrumb","itemListElement":[{"@type":"ListItem","position":1,"name":"Strona g\u0142\u00f3wna","item":"https:\/\/ironsky.pl\/sklep\/"},{"@type":"ListItem","position":2,"name":"Wszystkie produkty","item":"https:\/\/ironsky.pl\/sklep\/produkty\/"},{"@type":"ListItem","position":3,"name":"Kijek selfie TELESIN GP-MNP-90D 0,9m"}]},{"@type":"WebSite","@id":"https:\/\/ironsky.pl\/sklep\/#website","url":"https:\/\/ironsky.pl\/sklep\/","name":"IRONSKY.PL Sklep z Dronami","description":"IRONSKY.PL Sklep z Dronami","potentialAction":[{"@type":"SearchAction","target":{"@type":"EntryPoint","urlTemplate":"https:\/\/ironsky.pl\/sklep\/?s={search_term_string}"},"query-input":{"@type":"PropertyValueSpecification","valueRequired":true,"valueName":"search_term_string"}}],"inLanguage":"pl-PL"}]}},"_links":{"self":[{"href":"https:\/\/ironsky.pl\/sklep\/wp-json\/wp\/v2\/product\/59228","targetHints":{"allow":["GET"]}}],"collection":[{"href":"https:\/\/ironsky.pl\/sklep\/wp-json\/wp\/v2\/product"}],"about":[{"href":"https:\/\/ironsky.pl\/sklep\/wp-json\/wp\/v2\/types\/product"}],"replies":[{"embeddable":true,"href":"https:\/\/ironsky.pl\/sklep\/wp-json\/wp\/v2\/comments?post=59228"}],"wp:featuredmedia":[{"embeddable":true,"href":"https:\/\/ironsky.pl\/sklep\/wp-json\/wp\/v2\/media\/59229"}],"wp:attachment":[{"href":"https:\/\/ironsky.pl\/sklep\/wp-json\/wp\/v2\/media?parent=59228"}],"wp:term":[{"taxonomy":"product_brand","embeddable":true,"href":"https:\/\/ironsky.pl\/sklep\/wp-json\/wp\/v2\/product_brand?post=59228"},{"taxonomy":"product_cat","embeddable":true,"href":"https:\/\/ironsky.pl\/sklep\/wp-json\/wp\/v2\/product_cat?post=59228"},{"taxonomy":"product_tag","embeddable":true,"href":"https:\/\/ironsky.pl\/sklep\/wp-json\/wp\/v2\/product_tag?post=59228"}],"curies":[{"name":"wp","href":"https:\/\/api.w.org\/{rel}","templated":true}]}}