{"id":59226,"date":"2026-04-15T10:44:51","date_gmt":"2026-04-15T08:44:51","guid":{"rendered":"https:\/\/ironsky.pl\/sklep\/produkt\/oslona-obiektywu-freewell-do-canon-ef-rf\/"},"modified":"2026-04-15T10:45:14","modified_gmt":"2026-04-15T08:45:14","slug":"oslona-obiektywu-freewell-do-canon-ef-rf","status":"publish","type":"product","link":"https:\/\/ironsky.pl\/sklep\/produkt\/oslona-obiektywu-freewell-do-canon-ef-rf\/","title":{"rendered":"Os\u0142ona obiektywu FREEWELL do Canon EF\/RF"},"content":{"rendered":"<h3>Os\u0142ona obiektywu z balansem bieli FREEWELL do Canon EF &amp; RF<\/h3>\n<p>Os\u0142ona na obiektyw z balansem bieli Frewell to doskona\u0142y wyb\u00f3r dla posiadaczy aparat\u00f3w fotograficznych Canon EF &amp; RF. Dzi\u0119ki niej, ka\u017cdy fotograf, zar\u00f3wno amator, jak i profesjonalista, mo\u017ce cieszy\u0107 si\u0119 doskona\u0142\u0105 jako\u015bci\u0105 zdj\u0119\u0107 nawet w najtrudniejszych warunkach o\u015bwietleniowych. Nie tylko u\u0142atwia szybkie ustawienie balansu bieli, ale tak\u017ce zwi\u0119ksza sp\u00f3jno\u015b\u0107 kolor\u00f3w mi\u0119dzy kolejnymi uj\u0119ciami. Cechuje si\u0119 r\u00f3wnie\u017c lekko\u015bci\u0105 i kompaktowymi rozmiarami, co sprawia, \u017ce \u0142atwo zmie\u015bci si\u0119 w ka\u017cdej torbie fotograficznej.<\/p>\n<p>\n<img decoding=\"async\" src=\"https:\/\/assets.innpro.pl\/8225\/9625\/1.jpg\" border=\"0\" \/>\n<\/p>\n<h3>Precyzyjna kalibracja kolor\u00f3w<\/h3>\n<p>Os\u0142ona na obiektyw FREEWELL z balansem bieli zapewnia dok\u0142adn\u0105 kalibracj\u0119 kolor\u00f3w dzi\u0119ki innowacyjnej konstrukcji z czterema kolorowymi kwadrantami: szarym, czarnym i bia\u0142ym. Dzi\u0119ki temu rozwi\u0105zaniu, nawet w najtrudniejszych warunkach o\u015bwietleniowych, mo\u017cesz uzyska\u0107 naturalne i sp\u00f3jne odcienie na swoich zdj\u0119ciach.<\/p>\n<p>\n<img decoding=\"async\" src=\"https:\/\/assets.innpro.pl\/8225\/9625\/2.jpg\" border=\"0\" \/>\n<\/p>\n<h3>Szybkie ustawienia<\/h3>\n<p>Proces ustawiania niestandardowego balansu bieli jest teraz niezwykle prosty. Wystarczy zrobi\u0107 zdj\u0119cie referencyjne za pomoc\u0105 os\u0142ony zamontowanej na obiektywie, co znacz\u0105co przyspiesza przygotowania do pracy. Ta funkcja jest idealna dla profesjonalist\u00f3w, kt\u00f3rzy ceni\u0105 sobie szybko\u015b\u0107 i efektywno\u015b\u0107 podczas sesji fotograficznych.<\/p>\n<p>\n<img decoding=\"async\" src=\"https:\/\/assets.innpro.pl\/8225\/9625\/3.jpg\" border=\"0\" \/>\n<\/p>\n<h3>Sp\u00f3jno\u015b\u0107 kolor\u00f3w<\/h3>\n<p>Os\u0142ona FREEWELL gwarantuje sp\u00f3jno\u015b\u0107 kolor\u00f3w mi\u0119dzy kolejnymi uj\u0119ciami. Jest to niezb\u0119dne w \u015brodowiskach, gdzie o\u015bwietlenie cz\u0119sto si\u0119 zmienia, zapewniaj\u0105c profesjonalne efekty bez potrzeby ci\u0105g\u0142ej korekty ustawie\u0144.<\/p>\n<p>\n<img decoding=\"async\" src=\"https:\/\/assets.innpro.pl\/8225\/9625\/4.jpg\" border=\"0\" \/>\n<\/p>\n<div class=\"table-wrapper\">\n<p>\u00a0<\/p>\n<h3><\/h3>\n<table>\n<tbody>\n<tr>\n<th>Producent<\/th>\n<td>Freewell<\/td>\n<\/tr>\n<tr>\n<th>Model<\/th>\n<td>FW-LC-CER-CC<\/td>\n<\/tr>\n<tr>\n<th>Kompatybilno\u015b\u0107<\/th>\n<td>Canon EF &amp; RF<\/td>\n<\/tr>\n<\/tbody>\n<\/table>\n<\/div>\n","protected":false},"excerpt":{"rendered":"<p>Os\u0142ona obiektywu z balansem bieli FREEWELL do Canon EF &amp; RF Os\u0142ona na obiektyw z balansem bieli Frewell to doskona\u0142y<\/p>\n","protected":false},"featured_media":59227,"comment_status":"closed","ping_status":"open","template":"","meta":{"_acf_changed":false},"product_brand":[],"product_cat":[1130,6174,1128],"product_tag":[],"class_list":{"0":"post-59226","1":"product","2":"type-product","3":"status-publish","4":"has-post-thumbnail","6":"product_cat-akcesoria-foto","7":"product_cat-do-aparatow-i-kamer","8":"product_cat-foto-wideo","9":"pa_okres-gwarancji-5754","10":"pa_producent-freewell","12":"first","13":"outofstock","14":"taxable","15":"shipping-taxable","16":"purchasable","17":"product-type-simple"},"acf":[],"yoast_head":"<!-- This site is optimized with the Yoast SEO plugin v27.2 - https:\/\/yoast.com\/product\/yoast-seo-wordpress\/ -->\n<title>Os\u0142ona obiektywu FREEWELL do Canon EF\/RF - IRONSKY.PL Sklep z Dronami<\/title>\n<meta name=\"description\" content=\"Os\u0142ona obiektywu FREEWELL do Canon EF\/RF - \u2705 sklep z dronami i fachowym doradztwem. \u2705 Tutaj kupisz produkty DJI, Yuneec, Parrot, Syma i wiele innych, a tak\u017ce kursy i licencje na operatora drona.\" \/>\n<meta name=\"robots\" content=\"index, follow, max-snippet:-1, max-image-preview:large, max-video-preview:-1\" \/>\n<link rel=\"canonical\" href=\"https:\/\/ironsky.pl\/sklep\/produkt\/oslona-obiektywu-freewell-do-canon-ef-rf\/\" \/>\n<meta property=\"og:locale\" content=\"pl_PL\" \/>\n<meta property=\"og:type\" content=\"article\" \/>\n<meta property=\"og:title\" content=\"Os\u0142ona obiektywu FREEWELL do Canon EF\/RF - IRONSKY.PL Sklep z Dronami\" \/>\n<meta property=\"og:description\" content=\"Os\u0142ona obiektywu FREEWELL do Canon EF\/RF - \u2705 sklep z dronami i fachowym doradztwem. \u2705 Tutaj kupisz produkty DJI, Yuneec, Parrot, Syma i wiele innych, a tak\u017ce kursy i licencje na operatora drona.\" \/>\n<meta property=\"og:url\" content=\"https:\/\/ironsky.pl\/sklep\/produkt\/oslona-obiektywu-freewell-do-canon-ef-rf\/\" \/>\n<meta property=\"og:site_name\" content=\"IRONSKY.PL Sklep z Dronami\" \/>\n<meta property=\"article:modified_time\" content=\"2026-04-15T08:45:14+00:00\" \/>\n<meta property=\"og:image\" content=\"https:\/\/ironsky.pl\/sklep\/wp-content\/uploads\/2026\/04\/45639_1.jpg\" \/>\n\t<meta property=\"og:image:width\" content=\"800\" \/>\n\t<meta property=\"og:image:height\" content=\"800\" \/>\n\t<meta property=\"og:image:type\" content=\"image\/jpeg\" \/>\n<meta name=\"twitter:card\" content=\"summary_large_image\" \/>\n<meta name=\"twitter:label1\" content=\"Szacowany czas czytania\" \/>\n\t<meta name=\"twitter:data1\" content=\"1 minuta\" \/>\n<script type=\"application\/ld+json\" class=\"yoast-schema-graph\">{\"@context\":\"https:\/\/schema.org\",\"@graph\":[{\"@type\":\"WebPage\",\"@id\":\"https:\/\/ironsky.pl\/sklep\/produkt\/oslona-obiektywu-freewell-do-canon-ef-rf\/\",\"url\":\"https:\/\/ironsky.pl\/sklep\/produkt\/oslona-obiektywu-freewell-do-canon-ef-rf\/\",\"name\":\"Os\u0142ona obiektywu FREEWELL do Canon EF\/RF - IRONSKY.PL Sklep z Dronami\",\"isPartOf\":{\"@id\":\"https:\/\/ironsky.pl\/sklep\/#website\"},\"primaryImageOfPage\":{\"@id\":\"https:\/\/ironsky.pl\/sklep\/produkt\/oslona-obiektywu-freewell-do-canon-ef-rf\/#primaryimage\"},\"image\":{\"@id\":\"https:\/\/ironsky.pl\/sklep\/produkt\/oslona-obiektywu-freewell-do-canon-ef-rf\/#primaryimage\"},\"thumbnailUrl\":\"https:\/\/ironsky.pl\/sklep\/wp-content\/uploads\/2026\/04\/45639_1.jpg\",\"datePublished\":\"2026-04-15T08:44:51+00:00\",\"dateModified\":\"2026-04-15T08:45:14+00:00\",\"description\":\"Os\u0142ona obiektywu FREEWELL do Canon EF\/RF - \u2705 sklep z dronami i fachowym doradztwem. \u2705 Tutaj kupisz produkty DJI, Yuneec, Parrot, Syma i wiele innych, a tak\u017ce kursy i licencje na operatora drona.\",\"breadcrumb\":{\"@id\":\"https:\/\/ironsky.pl\/sklep\/produkt\/oslona-obiektywu-freewell-do-canon-ef-rf\/#breadcrumb\"},\"inLanguage\":\"pl-PL\",\"potentialAction\":[{\"@type\":\"ReadAction\",\"target\":[\"https:\/\/ironsky.pl\/sklep\/produkt\/oslona-obiektywu-freewell-do-canon-ef-rf\/\"]}]},{\"@type\":\"ImageObject\",\"inLanguage\":\"pl-PL\",\"@id\":\"https:\/\/ironsky.pl\/sklep\/produkt\/oslona-obiektywu-freewell-do-canon-ef-rf\/#primaryimage\",\"url\":\"https:\/\/ironsky.pl\/sklep\/wp-content\/uploads\/2026\/04\/45639_1.jpg\",\"contentUrl\":\"https:\/\/ironsky.pl\/sklep\/wp-content\/uploads\/2026\/04\/45639_1.jpg\",\"width\":800,\"height\":800},{\"@type\":\"BreadcrumbList\",\"@id\":\"https:\/\/ironsky.pl\/sklep\/produkt\/oslona-obiektywu-freewell-do-canon-ef-rf\/#breadcrumb\",\"itemListElement\":[{\"@type\":\"ListItem\",\"position\":1,\"name\":\"Strona g\u0142\u00f3wna\",\"item\":\"https:\/\/ironsky.pl\/sklep\/\"},{\"@type\":\"ListItem\",\"position\":2,\"name\":\"Wszystkie produkty\",\"item\":\"https:\/\/ironsky.pl\/sklep\/produkty\/\"},{\"@type\":\"ListItem\",\"position\":3,\"name\":\"Os\u0142ona obiektywu FREEWELL do Canon EF\/RF\"}]},{\"@type\":\"WebSite\",\"@id\":\"https:\/\/ironsky.pl\/sklep\/#website\",\"url\":\"https:\/\/ironsky.pl\/sklep\/\",\"name\":\"IRONSKY.PL Sklep z Dronami\",\"description\":\"IRONSKY.PL Sklep z Dronami\",\"potentialAction\":[{\"@type\":\"SearchAction\",\"target\":{\"@type\":\"EntryPoint\",\"urlTemplate\":\"https:\/\/ironsky.pl\/sklep\/?s={search_term_string}\"},\"query-input\":{\"@type\":\"PropertyValueSpecification\",\"valueRequired\":true,\"valueName\":\"search_term_string\"}}],\"inLanguage\":\"pl-PL\"}]}<\/script>\n<!-- \/ Yoast SEO plugin. -->","yoast_head_json":{"title":"Os\u0142ona obiektywu FREEWELL do Canon EF\/RF - IRONSKY.PL Sklep z Dronami","description":"Os\u0142ona obiektywu FREEWELL do Canon EF\/RF - \u2705 sklep z dronami i fachowym doradztwem. \u2705 Tutaj kupisz produkty DJI, Yuneec, Parrot, Syma i wiele innych, a tak\u017ce kursy i licencje na operatora drona.","robots":{"index":"index","follow":"follow","max-snippet":"max-snippet:-1","max-image-preview":"max-image-preview:large","max-video-preview":"max-video-preview:-1"},"canonical":"https:\/\/ironsky.pl\/sklep\/produkt\/oslona-obiektywu-freewell-do-canon-ef-rf\/","og_locale":"pl_PL","og_type":"article","og_title":"Os\u0142ona obiektywu FREEWELL do Canon EF\/RF - IRONSKY.PL Sklep z Dronami","og_description":"Os\u0142ona obiektywu FREEWELL do Canon EF\/RF - \u2705 sklep z dronami i fachowym doradztwem. \u2705 Tutaj kupisz produkty DJI, Yuneec, Parrot, Syma i wiele innych, a tak\u017ce kursy i licencje na operatora drona.","og_url":"https:\/\/ironsky.pl\/sklep\/produkt\/oslona-obiektywu-freewell-do-canon-ef-rf\/","og_site_name":"IRONSKY.PL Sklep z Dronami","article_modified_time":"2026-04-15T08:45:14+00:00","og_image":[{"width":800,"height":800,"url":"https:\/\/ironsky.pl\/sklep\/wp-content\/uploads\/2026\/04\/45639_1.jpg","type":"image\/jpeg"}],"twitter_card":"summary_large_image","twitter_misc":{"Szacowany czas czytania":"1 minuta"},"schema":{"@context":"https:\/\/schema.org","@graph":[{"@type":"WebPage","@id":"https:\/\/ironsky.pl\/sklep\/produkt\/oslona-obiektywu-freewell-do-canon-ef-rf\/","url":"https:\/\/ironsky.pl\/sklep\/produkt\/oslona-obiektywu-freewell-do-canon-ef-rf\/","name":"Os\u0142ona obiektywu FREEWELL do Canon EF\/RF - IRONSKY.PL Sklep z Dronami","isPartOf":{"@id":"https:\/\/ironsky.pl\/sklep\/#website"},"primaryImageOfPage":{"@id":"https:\/\/ironsky.pl\/sklep\/produkt\/oslona-obiektywu-freewell-do-canon-ef-rf\/#primaryimage"},"image":{"@id":"https:\/\/ironsky.pl\/sklep\/produkt\/oslona-obiektywu-freewell-do-canon-ef-rf\/#primaryimage"},"thumbnailUrl":"https:\/\/ironsky.pl\/sklep\/wp-content\/uploads\/2026\/04\/45639_1.jpg","datePublished":"2026-04-15T08:44:51+00:00","dateModified":"2026-04-15T08:45:14+00:00","description":"Os\u0142ona obiektywu FREEWELL do Canon EF\/RF - \u2705 sklep z dronami i fachowym doradztwem. \u2705 Tutaj kupisz produkty DJI, Yuneec, Parrot, Syma i wiele innych, a tak\u017ce kursy i licencje na operatora drona.","breadcrumb":{"@id":"https:\/\/ironsky.pl\/sklep\/produkt\/oslona-obiektywu-freewell-do-canon-ef-rf\/#breadcrumb"},"inLanguage":"pl-PL","potentialAction":[{"@type":"ReadAction","target":["https:\/\/ironsky.pl\/sklep\/produkt\/oslona-obiektywu-freewell-do-canon-ef-rf\/"]}]},{"@type":"ImageObject","inLanguage":"pl-PL","@id":"https:\/\/ironsky.pl\/sklep\/produkt\/oslona-obiektywu-freewell-do-canon-ef-rf\/#primaryimage","url":"https:\/\/ironsky.pl\/sklep\/wp-content\/uploads\/2026\/04\/45639_1.jpg","contentUrl":"https:\/\/ironsky.pl\/sklep\/wp-content\/uploads\/2026\/04\/45639_1.jpg","width":800,"height":800},{"@type":"BreadcrumbList","@id":"https:\/\/ironsky.pl\/sklep\/produkt\/oslona-obiektywu-freewell-do-canon-ef-rf\/#breadcrumb","itemListElement":[{"@type":"ListItem","position":1,"name":"Strona g\u0142\u00f3wna","item":"https:\/\/ironsky.pl\/sklep\/"},{"@type":"ListItem","position":2,"name":"Wszystkie produkty","item":"https:\/\/ironsky.pl\/sklep\/produkty\/"},{"@type":"ListItem","position":3,"name":"Os\u0142ona obiektywu FREEWELL do Canon EF\/RF"}]},{"@type":"WebSite","@id":"https:\/\/ironsky.pl\/sklep\/#website","url":"https:\/\/ironsky.pl\/sklep\/","name":"IRONSKY.PL Sklep z Dronami","description":"IRONSKY.PL Sklep z Dronami","potentialAction":[{"@type":"SearchAction","target":{"@type":"EntryPoint","urlTemplate":"https:\/\/ironsky.pl\/sklep\/?s={search_term_string}"},"query-input":{"@type":"PropertyValueSpecification","valueRequired":true,"valueName":"search_term_string"}}],"inLanguage":"pl-PL"}]}},"_links":{"self":[{"href":"https:\/\/ironsky.pl\/sklep\/wp-json\/wp\/v2\/product\/59226","targetHints":{"allow":["GET"]}}],"collection":[{"href":"https:\/\/ironsky.pl\/sklep\/wp-json\/wp\/v2\/product"}],"about":[{"href":"https:\/\/ironsky.pl\/sklep\/wp-json\/wp\/v2\/types\/product"}],"replies":[{"embeddable":true,"href":"https:\/\/ironsky.pl\/sklep\/wp-json\/wp\/v2\/comments?post=59226"}],"wp:featuredmedia":[{"embeddable":true,"href":"https:\/\/ironsky.pl\/sklep\/wp-json\/wp\/v2\/media\/59227"}],"wp:attachment":[{"href":"https:\/\/ironsky.pl\/sklep\/wp-json\/wp\/v2\/media?parent=59226"}],"wp:term":[{"taxonomy":"product_brand","embeddable":true,"href":"https:\/\/ironsky.pl\/sklep\/wp-json\/wp\/v2\/product_brand?post=59226"},{"taxonomy":"product_cat","embeddable":true,"href":"https:\/\/ironsky.pl\/sklep\/wp-json\/wp\/v2\/product_cat?post=59226"},{"taxonomy":"product_tag","embeddable":true,"href":"https:\/\/ironsky.pl\/sklep\/wp-json\/wp\/v2\/product_tag?post=59226"}],"curies":[{"name":"wp","href":"https:\/\/api.w.org\/{rel}","templated":true}]}}