{"id":59215,"date":"2026-04-15T10:44:51","date_gmt":"2026-04-15T08:44:51","guid":{"rendered":"https:\/\/ironsky.pl\/sklep\/produkt\/ladowarka-dwukanalowa-telesin-box-do-gopro-hero-9-12\/"},"modified":"2026-04-15T10:45:08","modified_gmt":"2026-04-15T08:45:08","slug":"ladowarka-dwukanalowa-telesin-box-do-gopro-hero-9-12","status":"publish","type":"product","link":"https:\/\/ironsky.pl\/sklep\/produkt\/ladowarka-dwukanalowa-telesin-box-do-gopro-hero-9-12\/","title":{"rendered":"\u0141adowarka dwukana\u0142owa TELESIN Box do GoPro Hero 9-12"},"content":{"rendered":"<h3>\u0141adowarka dwukana\u0142owa TELESIN Box do GoPro Hero 12\/ 11 \/ 10 \/ 9 (szybkie \u0142adowanie)<\/h3>\n<p>TELESIN Box przeznaczona do akumulator\u00f3w dla kamer GoPro Hero serii 9, 10, 11 i 12 \u0142\u0105czy w sobie funkcje odnawiania energii i przechowywania. Ze wsparciem dla szybkiego \u0142adowania jest wszechstronnym narz\u0119dziem dla wymagaj\u0105cych tw\u00f3rc\u00f3w. Uwaga: produkt nie mo\u017ce by\u0107 u\u017cywany jako powerbank. \u0141adowanie mo\u017cliwe jest wy\u0142\u0105cznie po pod\u0142\u0105czeniu urz\u0105dzenia do \u017ar\u00f3d\u0142a zasilania.<\/p>\n<p>\n<img decoding=\"async\" src=\"https:\/\/assets.innpro.pl\/8956\/10476\/3.jpg\" border=\"0\" \/>\n<\/p>\n<h3>Funkcja szybkiego \u0142adowania<\/h3>\n<p>TELESIN Box jest przystosowany do szybkiego \u0142adowania, dzi\u0119ki czemu oferuje wyj\u0105tkow\u0105 wydajno\u015b\u0107. \u0141adowarka jest w stanie na\u0142adowa\u0107 dedykowany akumulator Telesin o pojemno\u015bci 1750 mAh (do zakupienia osobno), do 75% w zaledwie 30 minut. Pe\u0142ne \u0142adowanie zajmuje jedynie 90 minut. Standardowe akumulatory GoPro \u0142adowane s\u0105 do pe\u0142na w ci\u0105gu 150 minut. <\/p>\n<p>\n<img decoding=\"async\" src=\"https:\/\/assets.innpro.pl\/8956\/10476\/1.jpg\" border=\"0\" \/>\n<\/p>\n<h3>Szeroka kompatybilno\u015b\u0107<\/h3>\n<p>\u0141adowarka TELESIN Box wspiera protok\u00f3\u0142 PD i jest kompatybilna zar\u00f3wno z oryginalnymi akumulatorami GoPro, jak i z akumulatorami firm trzecich, jednak funkcja szybkiego \u0142adowania najwi\u0119ksz\u0105 wydajno\u015b\u0107 osi\u0105ga z do\u0142\u0105czonymi do zestawu akumulatorami TELESIN. Urz\u0105dzenie posiada te\u017c dwa sloty na karty pami\u0119ci, co umo\u017cliwia bezpieczne przechowywanie dodatkowego wyposa\u017cenia w jednym miejscu.<\/p>\n<p>\n<img decoding=\"async\" src=\"https:\/\/assets.innpro.pl\/8956\/10476\/6.jpg\" border=\"0\" \/>\n<\/p>\n<h3>Bezpiecze\u0144stwo i wygoda<\/h3>\n<p>\u0141adowarka zosta\u0142a zaprojektowana z my\u015bl\u0105 o bezpiecze\u0144stwie. Wbudowane wska\u017aniki stanu na\u0142adowania informuj\u0105 o przebiegu procesu, a sam system chroni akumulatory przed nadmiernym \u0142adowaniem, zapobiegaj\u0105c ich uszkodzeniu. Kompaktowe wymiary (67,2\u00d767,2\u00d765,4 mm) oraz mo\u017cliwo\u015b\u0107 przechowywania akumulator\u00f3w sprawiaj\u0105, Twoja kamera mo\u017ce pracowa\u0107 bez zb\u0119dnych przerw!<\/p>\n<p>\n<img decoding=\"async\" src=\"https:\/\/assets.innpro.pl\/8956\/10476\/7.jpg\" border=\"0\" \/>\n<\/p>\n<div class=\"table-wrapper\">\n<p>\u00a0<\/p>\n<h3><\/h3>\n<table>\n<tbody>\n<tr>\n<th>Producent<\/th>\n<td>Telesin<\/td>\n<\/tr>\n<tr>\n<th>Kod producenta<\/th>\n<td>FCC-001<\/td>\n<\/tr>\n<tr>\n<th>Pojemno\u015b\u0107 akumulatora<\/th>\n<td>1750 mAh<\/td>\n<\/tr>\n<tr>\n<th>Pr\u0105d szybkiego \u0142adowania skrzynki \u0142aduj\u0105cej<\/th>\n<td>2A<\/td>\n<\/tr>\n<tr>\n<th>Napi\u0119cie \u0142adowania akumulatora<\/th>\n<td>4.4V-2A<\/td>\n<\/tr>\n<tr>\n<th>Rozmiar produktu<\/th>\n<td>67,2\u00d767,2\u00d765,4 mm<\/td>\n<\/tr>\n<\/tbody>\n<\/table>\n<\/div>\n","protected":false},"excerpt":{"rendered":"<p>\u0141adowarka dwukana\u0142owa TELESIN Box do GoPro Hero 12\/ 11 \/ 10 \/ 9 (szybkie \u0142adowanie) TELESIN Box przeznaczona do akumulator\u00f3w<\/p>\n","protected":false},"featured_media":59216,"comment_status":"closed","ping_status":"open","template":"","meta":{"_acf_changed":false},"product_brand":[],"product_cat":[1130,1137,1128],"product_tag":[],"class_list":{"0":"post-59215","1":"product","2":"type-product","3":"status-publish","4":"has-post-thumbnail","6":"product_cat-akcesoria-foto","7":"product_cat-do-kamer-sportowych","8":"product_cat-foto-wideo","9":"pa_okres-gwarancji-5754","10":"pa_producent-telesin","12":"first","13":"outofstock","14":"taxable","15":"shipping-taxable","16":"purchasable","17":"product-type-simple"},"acf":[],"yoast_head":"<!-- This site is optimized with the Yoast SEO plugin v27.2 - https:\/\/yoast.com\/product\/yoast-seo-wordpress\/ -->\n<title>\u0141adowarka dwukana\u0142owa TELESIN Box do GoPro Hero 9-12 - IRONSKY.PL Sklep z Dronami<\/title>\n<meta name=\"description\" content=\"\u0141adowarka dwukana\u0142owa TELESIN Box do GoPro Hero 9-12 - \u2705 sklep z dronami i fachowym doradztwem. \u2705 Tutaj kupisz produkty DJI, Yuneec, Parrot, Syma i wiele innych, a tak\u017ce kursy i licencje na operatora drona.\" \/>\n<meta name=\"robots\" content=\"index, follow, max-snippet:-1, max-image-preview:large, max-video-preview:-1\" \/>\n<link rel=\"canonical\" href=\"https:\/\/ironsky.pl\/sklep\/produkt\/ladowarka-dwukanalowa-telesin-box-do-gopro-hero-9-12\/\" \/>\n<meta property=\"og:locale\" content=\"pl_PL\" \/>\n<meta property=\"og:type\" content=\"article\" \/>\n<meta property=\"og:title\" content=\"\u0141adowarka dwukana\u0142owa TELESIN Box do GoPro Hero 9-12 - IRONSKY.PL Sklep z Dronami\" \/>\n<meta property=\"og:description\" content=\"\u0141adowarka dwukana\u0142owa TELESIN Box do GoPro Hero 9-12 - \u2705 sklep z dronami i fachowym doradztwem. \u2705 Tutaj kupisz produkty DJI, Yuneec, Parrot, Syma i wiele innych, a tak\u017ce kursy i licencje na operatora drona.\" \/>\n<meta property=\"og:url\" content=\"https:\/\/ironsky.pl\/sklep\/produkt\/ladowarka-dwukanalowa-telesin-box-do-gopro-hero-9-12\/\" \/>\n<meta property=\"og:site_name\" content=\"IRONSKY.PL Sklep z Dronami\" \/>\n<meta property=\"article:modified_time\" content=\"2026-04-15T08:45:08+00:00\" \/>\n<meta property=\"og:image\" content=\"https:\/\/ironsky.pl\/sklep\/wp-content\/uploads\/2026\/04\/45632_1.jpg\" \/>\n\t<meta property=\"og:image:width\" content=\"800\" \/>\n\t<meta property=\"og:image:height\" content=\"800\" \/>\n\t<meta property=\"og:image:type\" content=\"image\/jpeg\" \/>\n<meta name=\"twitter:card\" content=\"summary_large_image\" \/>\n<meta name=\"twitter:label1\" content=\"Szacowany czas czytania\" \/>\n\t<meta name=\"twitter:data1\" content=\"1 minuta\" \/>\n<script type=\"application\/ld+json\" class=\"yoast-schema-graph\">{\"@context\":\"https:\/\/schema.org\",\"@graph\":[{\"@type\":\"WebPage\",\"@id\":\"https:\/\/ironsky.pl\/sklep\/produkt\/ladowarka-dwukanalowa-telesin-box-do-gopro-hero-9-12\/\",\"url\":\"https:\/\/ironsky.pl\/sklep\/produkt\/ladowarka-dwukanalowa-telesin-box-do-gopro-hero-9-12\/\",\"name\":\"\u0141adowarka dwukana\u0142owa TELESIN Box do GoPro Hero 9-12 - IRONSKY.PL Sklep z Dronami\",\"isPartOf\":{\"@id\":\"https:\/\/ironsky.pl\/sklep\/#website\"},\"primaryImageOfPage\":{\"@id\":\"https:\/\/ironsky.pl\/sklep\/produkt\/ladowarka-dwukanalowa-telesin-box-do-gopro-hero-9-12\/#primaryimage\"},\"image\":{\"@id\":\"https:\/\/ironsky.pl\/sklep\/produkt\/ladowarka-dwukanalowa-telesin-box-do-gopro-hero-9-12\/#primaryimage\"},\"thumbnailUrl\":\"https:\/\/ironsky.pl\/sklep\/wp-content\/uploads\/2026\/04\/45632_1.jpg\",\"datePublished\":\"2026-04-15T08:44:51+00:00\",\"dateModified\":\"2026-04-15T08:45:08+00:00\",\"description\":\"\u0141adowarka dwukana\u0142owa TELESIN Box do GoPro Hero 9-12 - \u2705 sklep z dronami i fachowym doradztwem. \u2705 Tutaj kupisz produkty DJI, Yuneec, Parrot, Syma i wiele innych, a tak\u017ce kursy i licencje na operatora drona.\",\"breadcrumb\":{\"@id\":\"https:\/\/ironsky.pl\/sklep\/produkt\/ladowarka-dwukanalowa-telesin-box-do-gopro-hero-9-12\/#breadcrumb\"},\"inLanguage\":\"pl-PL\",\"potentialAction\":[{\"@type\":\"ReadAction\",\"target\":[\"https:\/\/ironsky.pl\/sklep\/produkt\/ladowarka-dwukanalowa-telesin-box-do-gopro-hero-9-12\/\"]}]},{\"@type\":\"ImageObject\",\"inLanguage\":\"pl-PL\",\"@id\":\"https:\/\/ironsky.pl\/sklep\/produkt\/ladowarka-dwukanalowa-telesin-box-do-gopro-hero-9-12\/#primaryimage\",\"url\":\"https:\/\/ironsky.pl\/sklep\/wp-content\/uploads\/2026\/04\/45632_1.jpg\",\"contentUrl\":\"https:\/\/ironsky.pl\/sklep\/wp-content\/uploads\/2026\/04\/45632_1.jpg\",\"width\":800,\"height\":800},{\"@type\":\"BreadcrumbList\",\"@id\":\"https:\/\/ironsky.pl\/sklep\/produkt\/ladowarka-dwukanalowa-telesin-box-do-gopro-hero-9-12\/#breadcrumb\",\"itemListElement\":[{\"@type\":\"ListItem\",\"position\":1,\"name\":\"Strona g\u0142\u00f3wna\",\"item\":\"https:\/\/ironsky.pl\/sklep\/\"},{\"@type\":\"ListItem\",\"position\":2,\"name\":\"Wszystkie produkty\",\"item\":\"https:\/\/ironsky.pl\/sklep\/produkty\/\"},{\"@type\":\"ListItem\",\"position\":3,\"name\":\"\u0141adowarka dwukana\u0142owa TELESIN Box do GoPro Hero 9-12\"}]},{\"@type\":\"WebSite\",\"@id\":\"https:\/\/ironsky.pl\/sklep\/#website\",\"url\":\"https:\/\/ironsky.pl\/sklep\/\",\"name\":\"IRONSKY.PL Sklep z Dronami\",\"description\":\"IRONSKY.PL Sklep z Dronami\",\"potentialAction\":[{\"@type\":\"SearchAction\",\"target\":{\"@type\":\"EntryPoint\",\"urlTemplate\":\"https:\/\/ironsky.pl\/sklep\/?s={search_term_string}\"},\"query-input\":{\"@type\":\"PropertyValueSpecification\",\"valueRequired\":true,\"valueName\":\"search_term_string\"}}],\"inLanguage\":\"pl-PL\"}]}<\/script>\n<!-- \/ Yoast SEO plugin. -->","yoast_head_json":{"title":"\u0141adowarka dwukana\u0142owa TELESIN Box do GoPro Hero 9-12 - IRONSKY.PL Sklep z Dronami","description":"\u0141adowarka dwukana\u0142owa TELESIN Box do GoPro Hero 9-12 - \u2705 sklep z dronami i fachowym doradztwem. \u2705 Tutaj kupisz produkty DJI, Yuneec, Parrot, Syma i wiele innych, a tak\u017ce kursy i licencje na operatora drona.","robots":{"index":"index","follow":"follow","max-snippet":"max-snippet:-1","max-image-preview":"max-image-preview:large","max-video-preview":"max-video-preview:-1"},"canonical":"https:\/\/ironsky.pl\/sklep\/produkt\/ladowarka-dwukanalowa-telesin-box-do-gopro-hero-9-12\/","og_locale":"pl_PL","og_type":"article","og_title":"\u0141adowarka dwukana\u0142owa TELESIN Box do GoPro Hero 9-12 - IRONSKY.PL Sklep z Dronami","og_description":"\u0141adowarka dwukana\u0142owa TELESIN Box do GoPro Hero 9-12 - \u2705 sklep z dronami i fachowym doradztwem. \u2705 Tutaj kupisz produkty DJI, Yuneec, Parrot, Syma i wiele innych, a tak\u017ce kursy i licencje na operatora drona.","og_url":"https:\/\/ironsky.pl\/sklep\/produkt\/ladowarka-dwukanalowa-telesin-box-do-gopro-hero-9-12\/","og_site_name":"IRONSKY.PL Sklep z Dronami","article_modified_time":"2026-04-15T08:45:08+00:00","og_image":[{"width":800,"height":800,"url":"https:\/\/ironsky.pl\/sklep\/wp-content\/uploads\/2026\/04\/45632_1.jpg","type":"image\/jpeg"}],"twitter_card":"summary_large_image","twitter_misc":{"Szacowany czas czytania":"1 minuta"},"schema":{"@context":"https:\/\/schema.org","@graph":[{"@type":"WebPage","@id":"https:\/\/ironsky.pl\/sklep\/produkt\/ladowarka-dwukanalowa-telesin-box-do-gopro-hero-9-12\/","url":"https:\/\/ironsky.pl\/sklep\/produkt\/ladowarka-dwukanalowa-telesin-box-do-gopro-hero-9-12\/","name":"\u0141adowarka dwukana\u0142owa TELESIN Box do GoPro Hero 9-12 - IRONSKY.PL Sklep z Dronami","isPartOf":{"@id":"https:\/\/ironsky.pl\/sklep\/#website"},"primaryImageOfPage":{"@id":"https:\/\/ironsky.pl\/sklep\/produkt\/ladowarka-dwukanalowa-telesin-box-do-gopro-hero-9-12\/#primaryimage"},"image":{"@id":"https:\/\/ironsky.pl\/sklep\/produkt\/ladowarka-dwukanalowa-telesin-box-do-gopro-hero-9-12\/#primaryimage"},"thumbnailUrl":"https:\/\/ironsky.pl\/sklep\/wp-content\/uploads\/2026\/04\/45632_1.jpg","datePublished":"2026-04-15T08:44:51+00:00","dateModified":"2026-04-15T08:45:08+00:00","description":"\u0141adowarka dwukana\u0142owa TELESIN Box do GoPro Hero 9-12 - \u2705 sklep z dronami i fachowym doradztwem. \u2705 Tutaj kupisz produkty DJI, Yuneec, Parrot, Syma i wiele innych, a tak\u017ce kursy i licencje na operatora drona.","breadcrumb":{"@id":"https:\/\/ironsky.pl\/sklep\/produkt\/ladowarka-dwukanalowa-telesin-box-do-gopro-hero-9-12\/#breadcrumb"},"inLanguage":"pl-PL","potentialAction":[{"@type":"ReadAction","target":["https:\/\/ironsky.pl\/sklep\/produkt\/ladowarka-dwukanalowa-telesin-box-do-gopro-hero-9-12\/"]}]},{"@type":"ImageObject","inLanguage":"pl-PL","@id":"https:\/\/ironsky.pl\/sklep\/produkt\/ladowarka-dwukanalowa-telesin-box-do-gopro-hero-9-12\/#primaryimage","url":"https:\/\/ironsky.pl\/sklep\/wp-content\/uploads\/2026\/04\/45632_1.jpg","contentUrl":"https:\/\/ironsky.pl\/sklep\/wp-content\/uploads\/2026\/04\/45632_1.jpg","width":800,"height":800},{"@type":"BreadcrumbList","@id":"https:\/\/ironsky.pl\/sklep\/produkt\/ladowarka-dwukanalowa-telesin-box-do-gopro-hero-9-12\/#breadcrumb","itemListElement":[{"@type":"ListItem","position":1,"name":"Strona g\u0142\u00f3wna","item":"https:\/\/ironsky.pl\/sklep\/"},{"@type":"ListItem","position":2,"name":"Wszystkie produkty","item":"https:\/\/ironsky.pl\/sklep\/produkty\/"},{"@type":"ListItem","position":3,"name":"\u0141adowarka dwukana\u0142owa TELESIN Box do GoPro Hero 9-12"}]},{"@type":"WebSite","@id":"https:\/\/ironsky.pl\/sklep\/#website","url":"https:\/\/ironsky.pl\/sklep\/","name":"IRONSKY.PL Sklep z Dronami","description":"IRONSKY.PL Sklep z Dronami","potentialAction":[{"@type":"SearchAction","target":{"@type":"EntryPoint","urlTemplate":"https:\/\/ironsky.pl\/sklep\/?s={search_term_string}"},"query-input":{"@type":"PropertyValueSpecification","valueRequired":true,"valueName":"search_term_string"}}],"inLanguage":"pl-PL"}]}},"_links":{"self":[{"href":"https:\/\/ironsky.pl\/sklep\/wp-json\/wp\/v2\/product\/59215","targetHints":{"allow":["GET"]}}],"collection":[{"href":"https:\/\/ironsky.pl\/sklep\/wp-json\/wp\/v2\/product"}],"about":[{"href":"https:\/\/ironsky.pl\/sklep\/wp-json\/wp\/v2\/types\/product"}],"replies":[{"embeddable":true,"href":"https:\/\/ironsky.pl\/sklep\/wp-json\/wp\/v2\/comments?post=59215"}],"wp:featuredmedia":[{"embeddable":true,"href":"https:\/\/ironsky.pl\/sklep\/wp-json\/wp\/v2\/media\/59216"}],"wp:attachment":[{"href":"https:\/\/ironsky.pl\/sklep\/wp-json\/wp\/v2\/media?parent=59215"}],"wp:term":[{"taxonomy":"product_brand","embeddable":true,"href":"https:\/\/ironsky.pl\/sklep\/wp-json\/wp\/v2\/product_brand?post=59215"},{"taxonomy":"product_cat","embeddable":true,"href":"https:\/\/ironsky.pl\/sklep\/wp-json\/wp\/v2\/product_cat?post=59215"},{"taxonomy":"product_tag","embeddable":true,"href":"https:\/\/ironsky.pl\/sklep\/wp-json\/wp\/v2\/product_tag?post=59215"}],"curies":[{"name":"wp","href":"https:\/\/api.w.org\/{rel}","templated":true}]}}