{"id":59208,"date":"2026-04-15T10:44:51","date_gmt":"2026-04-15T08:44:51","guid":{"rendered":"https:\/\/ironsky.pl\/sklep\/produkt\/monitor-przenosny-uperfect-upi-b7-10-1-dotykowy\/"},"modified":"2026-04-15T10:45:01","modified_gmt":"2026-04-15T08:45:01","slug":"monitor-przenosny-uperfect-upi-b7-10-1-dotykowy","status":"publish","type":"product","link":"https:\/\/ironsky.pl\/sklep\/produkt\/monitor-przenosny-uperfect-upi-b7-10-1-dotykowy\/","title":{"rendered":"Monitor przeno\u015bny UPERFECT UPi B7 10.1&#8243; (dotykowy)"},"content":{"rendered":"<h3>Przeno\u015bny monitor Uperfect UPi B7 10,1&#8243; 1920&#215;1200 60Hz<\/h3>\n<p>Uperfect UPi B7 zosta\u0142 zaprojektowany specjalnie dla Raspberry Pi 4, 4B i 5. Oferuje rozdzielczo\u015b\u0107 1920&#215;1200 i 10-punktow\u0105 czu\u0142o\u015b\u0107 na dotyk, co zapewnia wyj\u0105tkow\u0105 jako\u015b\u0107 obrazu i precyzyjn\u0105 obs\u0142ug\u0119. Posiada tak\u017ce podw\u00f3jny g\u0142o\u015bnik, kt\u00f3ry gwarantuje czysty d\u017awi\u0119k. Ponadto wyr\u00f3\u017cnia si\u0119 wszechstronnym zastosowaniem, a regulowana podstawka zapewnia komfort i wydajno\u015b\u0107 pracy. Monitor jest kompatybilny z wieloma urz\u0105dzeniami, co czyni go idealnym narz\u0119dziem do kreatywnych projekt\u00f3w, codziennego u\u017cytku i rozrywki.<\/p>\n<p>\n<img decoding=\"async\" src=\"https:\/\/assets.innpro.pl\/8476\/9895\/4.jpg\" border=\"0\" \/>\n<\/p>\n<h3>\u0141atwo\u015b\u0107 instalacji i obs\u0142ugi<\/h3>\n<p>Monitor jest niezwykle prosty w instalacji i obs\u0142udze. W por\u00f3wnaniu do laptop\u00f3w pod\u0142\u0105czenie Raspberry Pi 4 do tego monitora jest bardzo \u0142atwe i nie wymaga skomplikowanego okablowania. Do zasilania wystarczy p\u0142ytka USB-C, a do sygna\u0142u \u2013 p\u0142ytka HDMI. Do obs\u0142ugi dotyku u\u017cywany jest tylko jeden kabel USB. Monitor jest r\u00f3wnie\u017c kompatybilny z innymi urz\u0105dzeniami, takimi jak komputery, laptopy czy konsole do gier.<\/p>\n<p>\n<img decoding=\"async\" src=\"https:\/\/assets.innpro.pl\/8476\/9895\/2.jpg\" border=\"0\" \/>\n<\/p>\n<h3>Funkcjonalno\u015b\u0107 i wygoda<\/h3>\n<p>Monitor wyposa\u017cono w 4 otwory VESA (75x75mm), co umo\u017cliwia jego monta\u017c na biurku lub na \u015bcianie, zapewniaj\u0105c wi\u0119cej miejsca na inne urz\u0105dzenia. Dzi\u0119ki mo\u017cliwo\u015bci regulacji k\u0105ta podstawki w zakresie od 15\u00b0 do 50\u00b0 monitor zapewnia wygodn\u0105 prac\u0119 lub nauk\u0119. Ponadto 2 wbudowane wentylatory dbaj\u0105 o odpowiedni\u0105 temperatur\u0119 urz\u0105dzenia, co przek\u0142ada si\u0119 na jego wydajno\u015b\u0107.<\/p>\n<p>\n<img decoding=\"async\" src=\"https:\/\/assets.innpro.pl\/8476\/9895\/3.jpg\" border=\"0\" \/>\n<\/p>\n<h3>R\u00f3\u017cne scenariusze u\u017cytkowania<\/h3>\n<p>Po pod\u0142\u0105czeniu do domowej kamery monitoruj\u0105cej monitor umo\u017cliwia ca\u0142odobow\u0105 obserwacj\u0119 otoczenia, zapewniaj\u0105c 100% ochrony i bezpiecze\u0144stwa w domu. Mo\u017cesz z niego r\u00f3wnie\u017c korzysta\u0107 w czasie podr\u00f3\u017cy samochodem w formie nawigacji \u2013 z \u0142atwo\u015bci\u0105 zamontujesz monitor na desce rozdzielczej. Uperfect UPi B7 umo\u017cliwia te\u017c wy\u015bwietlanie informacji o post\u0119pie drukowania za pomoc\u0105 drukarki 3 D, co pozwala na wygodne \u015bledzenie procesu bez konieczno\u015bci cz\u0119stego korzystania z komputera. To znacz\u0105co poprawia wydajno\u015b\u0107 pracy i komfort u\u017cytkowania.<\/p>\n<p>\n<img decoding=\"async\" src=\"https:\/\/assets.innpro.pl\/8476\/9895\/7.jpg\" border=\"0\" \/>\n<\/p>\n<h3>Kompletny zestaw akcesori\u00f3w<\/h3>\n<p>W komplecie z monitorem znajduj\u0105 si\u0119 wszystkie niezb\u0119dne kable, kt\u00f3re pozwalaj\u0105 na \u0142atwe pod\u0142\u0105czenie do r\u00f3\u017cnych urz\u0105dze\u0144. Dzi\u0119ki przemy\u015blanej konstrukcji i wszechstronno\u015bci monitor jest idealnym wyborem dla wszystkich, kt\u00f3rzy ceni\u0105 sobie \u0142atwo\u015b\u0107 obs\u0142ugi, wysok\u0105 jako\u015b\u0107 obrazu i wszechstronno\u015b\u0107 zastosowa\u0144.<\/p>\n<p>\n<img decoding=\"async\" src=\"https:\/\/assets.innpro.pl\/8476\/9895\/6.jpg\" border=\"0\" \/>\n<\/p>\n<h3>W zestawie<\/h3>\n<ul class=\"list-disc pl-5\">\n<li>przeno\u015bny monitor<\/li>\n<li>\n<p style=\"text-align:justify\">kabel USB-C do USB-C<\/p>\n<\/li>\n<li>\n<p style=\"text-align:justify\">kabel HDMI do HDMI<\/p>\n<\/li>\n<li>\n<p style=\"text-align:justify\">kabel USB-A do USB-C<\/p>\n<\/li>\n<li>\n<p style=\"text-align:justify\">zasilacz<\/p>\n<\/li>\n<li>\n<p style=\"text-align:justify\">kabel dotykowy x2<\/p>\n<\/li>\n<li>\n<p style=\"text-align:justify\">p\u0142ytka USB-C\u00a0<\/p>\n<\/li>\n<li>\n<p style=\"text-align:justify\">panel boczny x2\u00a0<\/p>\n<\/li>\n<li>\n<p style=\"text-align:justify\">p\u0142ytka HDMI\u00a0 x2<\/p>\n<\/li>\n<li>\n<p style=\"text-align:justify\">\u015bruba x4<\/p>\n<\/li>\n<li>\n<p style=\"text-align:justify\">p\u0142ytka Micro USB\u00a0<\/p>\n<\/li>\n<li>\n<p style=\"text-align:justify\">\u015brubokr\u0119t krzy\u017cakowy<\/p>\n<\/li>\n<li>\n<p style=\"text-align:justify\">instrukcja obs\u0142ugi<\/p>\n<\/li>\n<\/ul>\n<div class=\"table-wrapper\">\n<p>\u00a0<\/p>\n<h3><\/h3>\n<table>\n<tbody>\n<tr>\n<th>Producent<\/th>\n<td>Uperfect<\/td>\n<\/tr>\n<tr>\n<th>Model<\/th>\n<td>UPi B7<\/td>\n<\/tr>\n<tr>\n<th>Cz\u0119stotliwo\u015b\u0107 od\u015bwie\u017cania<\/th>\n<td>60Hz<\/td>\n<\/tr>\n<tr>\n<th>Czas reakcji<\/th>\n<td>35 ms<\/td>\n<\/tr>\n<tr>\n<th>Przek\u0105tna ekranu<\/th>\n<td>10.1\u201d<\/td>\n<\/tr>\n<tr>\n<th>Rozdzielczo\u015b\u0107<\/th>\n<td>1920 \u00d7 1200 WXGA<\/td>\n<\/tr>\n<tr>\n<th>Proporcje wy\u015bwietlania<\/th>\n<td>16:10<\/td>\n<\/tr>\n<tr>\n<th>K\u0105t widzenia<\/th>\n<td>178\u00b0<\/td>\n<\/tr>\n<tr>\n<th>Rodzaj wy\u015bwietlacza<\/th>\n<td>IPS<\/td>\n<\/tr>\n<tr>\n<th>Wsp\u00f3\u0142czynnik kontrastu<\/th>\n<td>800:1<\/td>\n<\/tr>\n<tr>\n<th>Jasno\u015b\u0107<\/th>\n<td>370 cd\/m\u00b2<\/td>\n<\/tr>\n<tr>\n<th>Gama kolor\u00f3w<\/th>\n<td>75% sRGB<\/td>\n<\/tr>\n<tr>\n<th>G\u0142\u0119bia kolor\u00f3w<\/th>\n<td>16.7M(8bit)<\/td>\n<\/tr>\n<tr>\n<th>Ekran dotykowy<\/th>\n<td>tak, 10-punktowy<\/td>\n<\/tr>\n<tr>\n<th>Wbudowany akumulator<\/th>\n<td>nie<\/td>\n<\/tr>\n<tr>\n<th>Czujnik grawitacyjny<\/th>\n<td>nie<\/td>\n<\/tr>\n<tr>\n<th>HDR<\/th>\n<td>nie<\/td>\n<\/tr>\n<tr>\n<th>FreeSync<\/th>\n<td>nie<\/td>\n<\/tr>\n<tr>\n<th>Materia\u0142<\/th>\n<td>ABS<\/td>\n<\/tr>\n<tr>\n<th>Wbudowane g\u0142o\u015bniki<\/th>\n<td>tak, 2*8\u03a9 1W<\/td>\n<\/tr>\n<tr>\n<th>Mo\u017cliwo\u015b\u0107 zamontowania uchwytu Vesa<\/th>\n<td>tak, 75*75mm@M3*6mm<\/td>\n<\/tr>\n<tr>\n<th>Sterowniki<\/th>\n<td>nie<\/td>\n<\/tr>\n<tr>\n<th>Uchwyt na stojak<\/th>\n<td>tak<\/td>\n<\/tr>\n<tr>\n<th>Moc znamionowa<\/th>\n<td>8 W<\/td>\n<\/tr>\n<tr>\n<th>Wymiary<\/th>\n<td>245 \u00d7 160 \u00d7 41 mm<\/td>\n<\/tr>\n<tr>\n<th>Waga<\/th>\n<td>0.62 kg<\/td>\n<\/tr>\n<tr>\n<th>Interfejs<\/th>\n<td>USB-C (audio i wideo), HDMI (audio i wideo), port zasilania DC<\/td>\n<\/tr>\n<\/tbody>\n<\/table>\n<\/div>\n","protected":false},"excerpt":{"rendered":"<p>Przeno\u015bny monitor Uperfect UPi B7 10,1&#8243; 1920&#215;1200 60Hz Uperfect UPi B7 zosta\u0142 zaprojektowany specjalnie dla Raspberry Pi 4, 4B i<\/p>\n","protected":false},"featured_media":59209,"comment_status":"closed","ping_status":"open","template":"","meta":{"_acf_changed":false},"product_brand":[],"product_cat":[5929,5968],"product_tag":[],"class_list":{"0":"post-59208","1":"product","2":"type-product","3":"status-publish","4":"has-post-thumbnail","6":"product_cat-akcesoria-it","7":"product_cat-monitory-przenosne","8":"pa_okres-gwarancji-5757","9":"pa_producent-uperfect","11":"first","12":"outofstock","13":"taxable","14":"shipping-taxable","15":"purchasable","16":"product-type-simple"},"acf":[],"yoast_head":"<!-- This site is optimized with the Yoast SEO plugin v27.2 - https:\/\/yoast.com\/product\/yoast-seo-wordpress\/ -->\n<title>Monitor przeno\u015bny UPERFECT UPi B7 10.1&quot; (dotykowy) - IRONSKY.PL Sklep z Dronami<\/title>\n<meta name=\"description\" content=\"Monitor przeno\u015bny UPERFECT UPi B7 10.1&quot; (dotykowy) - \u2705 sklep z dronami i fachowym doradztwem. \u2705 Tutaj kupisz produkty DJI, Yuneec, Parrot, Syma i wiele innych, a tak\u017ce kursy i licencje na operatora drona.\" \/>\n<meta name=\"robots\" content=\"index, follow, max-snippet:-1, max-image-preview:large, max-video-preview:-1\" \/>\n<link rel=\"canonical\" href=\"https:\/\/ironsky.pl\/sklep\/produkt\/monitor-przenosny-uperfect-upi-b7-10-1-dotykowy\/\" \/>\n<meta property=\"og:locale\" content=\"pl_PL\" \/>\n<meta property=\"og:type\" content=\"article\" \/>\n<meta property=\"og:title\" content=\"Monitor przeno\u015bny UPERFECT UPi B7 10.1&quot; (dotykowy) - IRONSKY.PL Sklep z Dronami\" \/>\n<meta property=\"og:description\" content=\"Monitor przeno\u015bny UPERFECT UPi B7 10.1&quot; (dotykowy) - \u2705 sklep z dronami i fachowym doradztwem. \u2705 Tutaj kupisz produkty DJI, Yuneec, Parrot, Syma i wiele innych, a tak\u017ce kursy i licencje na operatora drona.\" \/>\n<meta property=\"og:url\" content=\"https:\/\/ironsky.pl\/sklep\/produkt\/monitor-przenosny-uperfect-upi-b7-10-1-dotykowy\/\" \/>\n<meta property=\"og:site_name\" content=\"IRONSKY.PL Sklep z Dronami\" \/>\n<meta property=\"article:modified_time\" content=\"2026-04-15T08:45:01+00:00\" \/>\n<meta property=\"og:image\" content=\"https:\/\/ironsky.pl\/sklep\/wp-content\/uploads\/2026\/04\/45608_6.jpg\" \/>\n\t<meta property=\"og:image:width\" content=\"800\" \/>\n\t<meta property=\"og:image:height\" content=\"800\" \/>\n\t<meta property=\"og:image:type\" content=\"image\/jpeg\" \/>\n<meta name=\"twitter:card\" content=\"summary_large_image\" \/>\n<meta name=\"twitter:label1\" content=\"Szacowany czas czytania\" \/>\n\t<meta name=\"twitter:data1\" content=\"2 minuty\" \/>\n<script type=\"application\/ld+json\" class=\"yoast-schema-graph\">{\"@context\":\"https:\/\/schema.org\",\"@graph\":[{\"@type\":\"WebPage\",\"@id\":\"https:\/\/ironsky.pl\/sklep\/produkt\/monitor-przenosny-uperfect-upi-b7-10-1-dotykowy\/\",\"url\":\"https:\/\/ironsky.pl\/sklep\/produkt\/monitor-przenosny-uperfect-upi-b7-10-1-dotykowy\/\",\"name\":\"Monitor przeno\u015bny UPERFECT UPi B7 10.1\\\" (dotykowy) - IRONSKY.PL Sklep z Dronami\",\"isPartOf\":{\"@id\":\"https:\/\/ironsky.pl\/sklep\/#website\"},\"primaryImageOfPage\":{\"@id\":\"https:\/\/ironsky.pl\/sklep\/produkt\/monitor-przenosny-uperfect-upi-b7-10-1-dotykowy\/#primaryimage\"},\"image\":{\"@id\":\"https:\/\/ironsky.pl\/sklep\/produkt\/monitor-przenosny-uperfect-upi-b7-10-1-dotykowy\/#primaryimage\"},\"thumbnailUrl\":\"https:\/\/ironsky.pl\/sklep\/wp-content\/uploads\/2026\/04\/45608_6.jpg\",\"datePublished\":\"2026-04-15T08:44:51+00:00\",\"dateModified\":\"2026-04-15T08:45:01+00:00\",\"description\":\"Monitor przeno\u015bny UPERFECT UPi B7 10.1\\\" (dotykowy) - \u2705 sklep z dronami i fachowym doradztwem. \u2705 Tutaj kupisz produkty DJI, Yuneec, Parrot, Syma i wiele innych, a tak\u017ce kursy i licencje na operatora drona.\",\"breadcrumb\":{\"@id\":\"https:\/\/ironsky.pl\/sklep\/produkt\/monitor-przenosny-uperfect-upi-b7-10-1-dotykowy\/#breadcrumb\"},\"inLanguage\":\"pl-PL\",\"potentialAction\":[{\"@type\":\"ReadAction\",\"target\":[\"https:\/\/ironsky.pl\/sklep\/produkt\/monitor-przenosny-uperfect-upi-b7-10-1-dotykowy\/\"]}]},{\"@type\":\"ImageObject\",\"inLanguage\":\"pl-PL\",\"@id\":\"https:\/\/ironsky.pl\/sklep\/produkt\/monitor-przenosny-uperfect-upi-b7-10-1-dotykowy\/#primaryimage\",\"url\":\"https:\/\/ironsky.pl\/sklep\/wp-content\/uploads\/2026\/04\/45608_6.jpg\",\"contentUrl\":\"https:\/\/ironsky.pl\/sklep\/wp-content\/uploads\/2026\/04\/45608_6.jpg\",\"width\":800,\"height\":800},{\"@type\":\"BreadcrumbList\",\"@id\":\"https:\/\/ironsky.pl\/sklep\/produkt\/monitor-przenosny-uperfect-upi-b7-10-1-dotykowy\/#breadcrumb\",\"itemListElement\":[{\"@type\":\"ListItem\",\"position\":1,\"name\":\"Strona g\u0142\u00f3wna\",\"item\":\"https:\/\/ironsky.pl\/sklep\/\"},{\"@type\":\"ListItem\",\"position\":2,\"name\":\"Wszystkie produkty\",\"item\":\"https:\/\/ironsky.pl\/sklep\/produkty\/\"},{\"@type\":\"ListItem\",\"position\":3,\"name\":\"Monitor przeno\u015bny UPERFECT UPi B7 10.1&#8243; (dotykowy)\"}]},{\"@type\":\"WebSite\",\"@id\":\"https:\/\/ironsky.pl\/sklep\/#website\",\"url\":\"https:\/\/ironsky.pl\/sklep\/\",\"name\":\"IRONSKY.PL Sklep z Dronami\",\"description\":\"IRONSKY.PL Sklep z Dronami\",\"potentialAction\":[{\"@type\":\"SearchAction\",\"target\":{\"@type\":\"EntryPoint\",\"urlTemplate\":\"https:\/\/ironsky.pl\/sklep\/?s={search_term_string}\"},\"query-input\":{\"@type\":\"PropertyValueSpecification\",\"valueRequired\":true,\"valueName\":\"search_term_string\"}}],\"inLanguage\":\"pl-PL\"}]}<\/script>\n<!-- \/ Yoast SEO plugin. -->","yoast_head_json":{"title":"Monitor przeno\u015bny UPERFECT UPi B7 10.1\" (dotykowy) - IRONSKY.PL Sklep z Dronami","description":"Monitor przeno\u015bny UPERFECT UPi B7 10.1\" (dotykowy) - \u2705 sklep z dronami i fachowym doradztwem. \u2705 Tutaj kupisz produkty DJI, Yuneec, Parrot, Syma i wiele innych, a tak\u017ce kursy i licencje na operatora drona.","robots":{"index":"index","follow":"follow","max-snippet":"max-snippet:-1","max-image-preview":"max-image-preview:large","max-video-preview":"max-video-preview:-1"},"canonical":"https:\/\/ironsky.pl\/sklep\/produkt\/monitor-przenosny-uperfect-upi-b7-10-1-dotykowy\/","og_locale":"pl_PL","og_type":"article","og_title":"Monitor przeno\u015bny UPERFECT UPi B7 10.1\" (dotykowy) - IRONSKY.PL Sklep z Dronami","og_description":"Monitor przeno\u015bny UPERFECT UPi B7 10.1\" (dotykowy) - \u2705 sklep z dronami i fachowym doradztwem. \u2705 Tutaj kupisz produkty DJI, Yuneec, Parrot, Syma i wiele innych, a tak\u017ce kursy i licencje na operatora drona.","og_url":"https:\/\/ironsky.pl\/sklep\/produkt\/monitor-przenosny-uperfect-upi-b7-10-1-dotykowy\/","og_site_name":"IRONSKY.PL Sklep z Dronami","article_modified_time":"2026-04-15T08:45:01+00:00","og_image":[{"width":800,"height":800,"url":"https:\/\/ironsky.pl\/sklep\/wp-content\/uploads\/2026\/04\/45608_6.jpg","type":"image\/jpeg"}],"twitter_card":"summary_large_image","twitter_misc":{"Szacowany czas czytania":"2 minuty"},"schema":{"@context":"https:\/\/schema.org","@graph":[{"@type":"WebPage","@id":"https:\/\/ironsky.pl\/sklep\/produkt\/monitor-przenosny-uperfect-upi-b7-10-1-dotykowy\/","url":"https:\/\/ironsky.pl\/sklep\/produkt\/monitor-przenosny-uperfect-upi-b7-10-1-dotykowy\/","name":"Monitor przeno\u015bny UPERFECT UPi B7 10.1\" (dotykowy) - IRONSKY.PL Sklep z Dronami","isPartOf":{"@id":"https:\/\/ironsky.pl\/sklep\/#website"},"primaryImageOfPage":{"@id":"https:\/\/ironsky.pl\/sklep\/produkt\/monitor-przenosny-uperfect-upi-b7-10-1-dotykowy\/#primaryimage"},"image":{"@id":"https:\/\/ironsky.pl\/sklep\/produkt\/monitor-przenosny-uperfect-upi-b7-10-1-dotykowy\/#primaryimage"},"thumbnailUrl":"https:\/\/ironsky.pl\/sklep\/wp-content\/uploads\/2026\/04\/45608_6.jpg","datePublished":"2026-04-15T08:44:51+00:00","dateModified":"2026-04-15T08:45:01+00:00","description":"Monitor przeno\u015bny UPERFECT UPi B7 10.1\" (dotykowy) - \u2705 sklep z dronami i fachowym doradztwem. \u2705 Tutaj kupisz produkty DJI, Yuneec, Parrot, Syma i wiele innych, a tak\u017ce kursy i licencje na operatora drona.","breadcrumb":{"@id":"https:\/\/ironsky.pl\/sklep\/produkt\/monitor-przenosny-uperfect-upi-b7-10-1-dotykowy\/#breadcrumb"},"inLanguage":"pl-PL","potentialAction":[{"@type":"ReadAction","target":["https:\/\/ironsky.pl\/sklep\/produkt\/monitor-przenosny-uperfect-upi-b7-10-1-dotykowy\/"]}]},{"@type":"ImageObject","inLanguage":"pl-PL","@id":"https:\/\/ironsky.pl\/sklep\/produkt\/monitor-przenosny-uperfect-upi-b7-10-1-dotykowy\/#primaryimage","url":"https:\/\/ironsky.pl\/sklep\/wp-content\/uploads\/2026\/04\/45608_6.jpg","contentUrl":"https:\/\/ironsky.pl\/sklep\/wp-content\/uploads\/2026\/04\/45608_6.jpg","width":800,"height":800},{"@type":"BreadcrumbList","@id":"https:\/\/ironsky.pl\/sklep\/produkt\/monitor-przenosny-uperfect-upi-b7-10-1-dotykowy\/#breadcrumb","itemListElement":[{"@type":"ListItem","position":1,"name":"Strona g\u0142\u00f3wna","item":"https:\/\/ironsky.pl\/sklep\/"},{"@type":"ListItem","position":2,"name":"Wszystkie produkty","item":"https:\/\/ironsky.pl\/sklep\/produkty\/"},{"@type":"ListItem","position":3,"name":"Monitor przeno\u015bny UPERFECT UPi B7 10.1&#8243; (dotykowy)"}]},{"@type":"WebSite","@id":"https:\/\/ironsky.pl\/sklep\/#website","url":"https:\/\/ironsky.pl\/sklep\/","name":"IRONSKY.PL Sklep z Dronami","description":"IRONSKY.PL Sklep z Dronami","potentialAction":[{"@type":"SearchAction","target":{"@type":"EntryPoint","urlTemplate":"https:\/\/ironsky.pl\/sklep\/?s={search_term_string}"},"query-input":{"@type":"PropertyValueSpecification","valueRequired":true,"valueName":"search_term_string"}}],"inLanguage":"pl-PL"}]}},"_links":{"self":[{"href":"https:\/\/ironsky.pl\/sklep\/wp-json\/wp\/v2\/product\/59208","targetHints":{"allow":["GET"]}}],"collection":[{"href":"https:\/\/ironsky.pl\/sklep\/wp-json\/wp\/v2\/product"}],"about":[{"href":"https:\/\/ironsky.pl\/sklep\/wp-json\/wp\/v2\/types\/product"}],"replies":[{"embeddable":true,"href":"https:\/\/ironsky.pl\/sklep\/wp-json\/wp\/v2\/comments?post=59208"}],"wp:featuredmedia":[{"embeddable":true,"href":"https:\/\/ironsky.pl\/sklep\/wp-json\/wp\/v2\/media\/59209"}],"wp:attachment":[{"href":"https:\/\/ironsky.pl\/sklep\/wp-json\/wp\/v2\/media?parent=59208"}],"wp:term":[{"taxonomy":"product_brand","embeddable":true,"href":"https:\/\/ironsky.pl\/sklep\/wp-json\/wp\/v2\/product_brand?post=59208"},{"taxonomy":"product_cat","embeddable":true,"href":"https:\/\/ironsky.pl\/sklep\/wp-json\/wp\/v2\/product_cat?post=59208"},{"taxonomy":"product_tag","embeddable":true,"href":"https:\/\/ironsky.pl\/sklep\/wp-json\/wp\/v2\/product_tag?post=59208"}],"curies":[{"name":"wp","href":"https:\/\/api.w.org\/{rel}","templated":true}]}}