{"id":59204,"date":"2026-04-15T10:44:51","date_gmt":"2026-04-15T08:44:51","guid":{"rendered":"https:\/\/ironsky.pl\/sklep\/produkt\/monitor-przenosny-uperfect-usteam-e6-pro-185\/"},"modified":"2026-04-15T10:44:58","modified_gmt":"2026-04-15T08:44:58","slug":"monitor-przenosny-uperfect-usteam-e6-pro-185","status":"publish","type":"product","link":"https:\/\/ironsky.pl\/sklep\/produkt\/monitor-przenosny-uperfect-usteam-e6-pro-185\/","title":{"rendered":"Monitor przeno\u015bny UPERFECT USteam E6 Pro 18,5&#8243;"},"content":{"rendered":"<h3>Przeno\u015bny monitor Uperfect USteam E6 Pro 18,5&#8243; 1920&#215;1080 120Hz<\/h3>\n<p>Rozgrywka jeszcze nigdy nie by\u0142a tak przyjemna. Monitor Uperfect o rozdzielczo\u015bci 1920&#215;1080 zosta\u0142 zaprojektowany specjalnie dla mi\u0142o\u015bnik\u00f3w gier fabularnych, strzelanek, strategicznych, wy\u015bcigowych itp. Ponadto dotykowy ekran zwi\u0119ksza komfort u\u017cytkowania, a technologia HDR pozwala na wy\u015bwietlanie realistycznych i g\u0142\u0119bokich kolor\u00f3w. Monitor \u0142\u0105czy w sobie nowoczesne technologie, oferuj\u0105c niezwyk\u0142\u0105 jako\u015b\u0107 obrazu i interaktywno\u015b\u0107, kt\u00f3ra zaspokoi potrzeby nawet najbardziej wymagaj\u0105cych graczy.<\/p>\n<p>\n<img decoding=\"async\" src=\"https:\/\/assets.innpro.pl\/8441\/9860\/6.jpg\" border=\"0\" \/>\n<\/p>\n<h3>Niezr\u00f3wnana p\u0142ynno\u015b\u0107 i jako\u015b\u0107 obrazu<\/h3>\n<p>Cz\u0119stotliwo\u015b\u0107 od\u015bwie\u017cania 120 Hz zapewnia p\u0142ynny obraz, kt\u00f3ry jest kluczowy dla dynamicznych scen w grach. Ka\u017cdy ruch postaci i ka\u017cda animacja s\u0105 wy\u015bwietlane bez op\u00f3\u017anie\u0144, co pozwala na pe\u0142ne zanurzenie si\u0119 w grze. Z kolei rozdzielczo\u015b\u0107 1920&#215;1080 gwarantuje ostro\u015b\u0107 i szczeg\u00f3\u0142owo\u015b\u0107 obrazu, co jest niezb\u0119dne dla uzyskania pe\u0142nej satysfakcji z gry.\u00a0<\/p>\n<p>\n<img decoding=\"async\" src=\"https:\/\/assets.innpro.pl\/8441\/9860\/2.jpg\" border=\"0\" \/>\n<\/p>\n<h3>Zawsze sp\u00f3jny obraz<\/h3>\n<p>Funkcja FreeSync jest nieocenion\u0105 technologi\u0105 dla graczy, kt\u00f3ra zapobiega rozrywaniu ekranu i zapewnia jego ci\u0105g\u0142o\u015b\u0107 w ka\u017cdej sekundzie. Skutecznie synchronizuje cz\u0119stotliwo\u015b\u0107 od\u015bwie\u017cania monitora z kart\u0105 graficzn\u0105, co eliminuje zaci\u0119cia i efekt rozrywania obrazu. Dzi\u0119ki temu ka\u017cda gra staje si\u0119 bardziej realistyczna i wci\u0105gaj\u0105ca, a Ty mo\u017cesz cieszy\u0107 si\u0119 p\u0142ynno\u015bci\u0105 ruchu bez zak\u0142\u00f3ce\u0144.<\/p>\n<p>\n<img decoding=\"async\" src=\"https:\/\/assets.innpro.pl\/8441\/9860\/7.jpg\" border=\"0\" \/>\n<\/p>\n<h3>Kontrola dotykowa<\/h3>\n<p>Dzi\u0119ki 10-punktowemu ekranowi dotykowemu monitor UPERFECT oferuje niezwyk\u0142\u0105 precyzj\u0119 i \u0142atwo\u015b\u0107 u\u017cytkowania. Ekran jest idealny do gier logicznych i strategicznych, a intuicyjne sterowanie dotykowe sprawia, \u017ce u\u017cytkowanie staje si\u0119 bardziej naturalne i komfortowe. Nie musisz wi\u0119c pod\u0142\u0105cza\u0107 do niego myszy. Dzi\u0119ki temu monitor sprawdzi si\u0119 nie tylko do rozrywki, ale tak\u017ce do wykonywania innych zada\u0144.<\/p>\n<p>\n<img decoding=\"async\" src=\"https:\/\/assets.innpro.pl\/8441\/9860\/9.jpg\" border=\"0\" \/>\n<\/p>\n<h3>Uchwyt VESA i mo\u017cliwo\u015b\u0107 regulacji<\/h3>\n<p>Monitor UPERFECT wyposa\u017cono w 4 otwory na uchwyt VESA (75x75mm), dzi\u0119ki czemu mo\u017cesz umie\u015bci\u0107 go w wybranym miejscu, co zwi\u0119ksza elastyczno\u015b\u0107 jego u\u017cytkowania.\u00a0 To rozwi\u0105zanie pozwala zaoszcz\u0119dzi\u0107 miejsce na biurku, co jest szczeg\u00f3lnie wa\u017cne w ma\u0142ych przestrzeniach. Z kolei wbudowana podstawka stabilnie podtrzymuje monitor na dowolnej g\u0142adkiej powierzchni, umo\u017cliwiaj\u0105c swobodn\u0105 regulacj\u0119 k\u0105ta widzenia.<\/p>\n<p>\n<img decoding=\"async\" src=\"https:\/\/assets.innpro.pl\/8441\/9860\/5.jpg\" border=\"0\" \/>\n<\/p>\n<h3>Kompatybilny z r\u00f3\u017cnymi urz\u0105dzeniami<\/h3>\n<p>Monitor jest wyj\u0105tkowo wszechstronny i kompatybilny z szerok\u0105 gam\u0105 urz\u0105dze\u0144. Mo\u017cna go bez problemu pod\u0142\u0105czy\u0107 do konsol takich jak PS4, PS5, Switch oraz Xbox, co pozwala na korzystanie z ulubionych gier na du\u017cym, wysokiej jako\u015bci ekranie. Uperfect USteam E6 Pro sparujesz te\u017c przez Bluetooth ze s\u0142uchawkami, mysz\u0105 czy klawiatur\u0105.<\/p>\n<p>\n<img decoding=\"async\" src=\"https:\/\/assets.innpro.pl\/8441\/9860\/3.jpg\" border=\"0\" \/>\n<\/p>\n<h3>Dopracowany w ka\u017cdym calu<\/h3>\n<p>Wbudowane podw\u00f3jne g\u0142o\u015bniki stereo o mocy 2 W zapewniaj\u0105 wci\u0105gaj\u0105cy d\u017awi\u0119k stereo. Mo\u017cesz r\u00f3wnie\u017c pod\u0142\u0105czy\u0107 zewn\u0119trzny g\u0142o\u015bnik przez wej\u015bcie audio 3,5 mm, co pozwala na jeszcze lepsze doznania d\u017awi\u0119kowe. Ponadto technologia Ucare redukuje emisj\u0119 niebieskiego \u015bwiat\u0142a o ponad 80%, co jest kluczowe dla ochrony wzroku. Nie musisz te\u017c obawia\u0107 si\u0119 migotania obrazu \u2013 korzystaj z USteam E6 Pro ile chcesz bez uczucia dyskomfortu i zm\u0119czenia.<\/p>\n<p>\n<img decoding=\"async\" src=\"https:\/\/assets.innpro.pl\/8441\/9860\/1.jpg\" border=\"0\" \/>\n<\/p>\n<h3>W zestawie<\/h3>\n<ul class=\"list-disc pl-5\">\n<li>przeno\u015bny monitor<\/li>\n<li>\n<p style=\"text-align:justify\">kabel mini HDMI do HDMI<\/p>\n<\/li>\n<li>\n<p style=\"text-align:justify\">kabel USB-C do USB-C x2<\/p>\n<\/li>\n<li>\n<p style=\"text-align:justify\">zasilacz<\/p>\n<\/li>\n<li>\n<p style=\"text-align:justify\">instrukcja obs\u0142ugi<\/p>\n<\/li>\n<\/ul>\n<div class=\"table-wrapper\">\n<p>\u00a0<\/p>\n<h3><\/h3>\n<table>\n<tbody>\n<tr>\n<th>Producent<\/th>\n<td>Uperfect<\/td>\n<\/tr>\n<tr>\n<th>Model<\/th>\n<td>USteam E6 Pro<\/td>\n<\/tr>\n<tr>\n<th>Cz\u0119stotliwo\u015b\u0107 od\u015bwie\u017cania<\/th>\n<td>120 Hz<\/td>\n<\/tr>\n<tr>\n<th>Czas reakcji<\/th>\n<td>16 ms<\/td>\n<\/tr>\n<tr>\n<th>Przek\u0105tna ekranu<\/th>\n<td>18.5\u201d<\/td>\n<\/tr>\n<tr>\n<th>Rozdzielczo\u015b\u0107<\/th>\n<td>1920 x 1080 (FHD)<\/td>\n<\/tr>\n<tr>\n<th>Proporcje wy\u015bwietlania<\/th>\n<td>16:9<\/td>\n<\/tr>\n<tr>\n<th>K\u0105t widzenia<\/th>\n<td>178\u00b0<\/td>\n<\/tr>\n<tr>\n<th>Rodzaj wy\u015bwietlacza<\/th>\n<td>IPS<\/td>\n<\/tr>\n<tr>\n<th>Wsp\u00f3\u0142czynnik kontrastu<\/th>\n<td>1000:1<\/td>\n<\/tr>\n<tr>\n<th>Jasno\u015b\u0107<\/th>\n<td>300 cd\/m\u00b2<\/td>\n<\/tr>\n<tr>\n<th>Gama kolor\u00f3w<\/th>\n<td>100% sRGB<\/td>\n<\/tr>\n<tr>\n<th>G\u0142\u0119bia kolor\u00f3w<\/th>\n<td>16.7M(8bit)<\/td>\n<\/tr>\n<tr>\n<th>Ekran dotykowy<\/th>\n<td>tak<\/td>\n<\/tr>\n<tr>\n<th>Wbudowany akumulator<\/th>\n<td>nie<\/td>\n<\/tr>\n<tr>\n<th>Czujnik grawitacyjny<\/th>\n<td>nie<\/td>\n<\/tr>\n<tr>\n<th>HDR<\/th>\n<td>tak<\/td>\n<\/tr>\n<tr>\n<th>FreeSync<\/th>\n<td>tak<\/td>\n<\/tr>\n<tr>\n<th>Materia\u0142<\/th>\n<td>aluminium<\/td>\n<\/tr>\n<tr>\n<th>Wbudowane g\u0142o\u015bniki<\/th>\n<td>tak, 2*8\u03a9 1W<\/td>\n<\/tr>\n<tr>\n<th>Mo\u017cliwo\u015b\u0107 zamontowania uchwytu Vesa<\/th>\n<td>tak, 75*75mm@M4*4mm<\/td>\n<\/tr>\n<tr>\n<th>Sterowniki<\/th>\n<td>nie<\/td>\n<\/tr>\n<tr>\n<th>Uchwyt na stojak<\/th>\n<td>tak<\/td>\n<\/tr>\n<tr>\n<th>Moc znamionowa<\/th>\n<td>14 W<\/td>\n<\/tr>\n<tr>\n<th>Wymiary<\/th>\n<td>252 \u00d7 425 \u00d7 12 mm<\/td>\n<\/tr>\n<tr>\n<th>Waga<\/th>\n<td>1.09 kg<\/td>\n<\/tr>\n<tr>\n<th>Interfejs<\/th>\n<td>x2 USB-C (audio i wideo), mini HDMI (audio i wideo), 3.5 mm audio<\/td>\n<\/tr>\n<\/tbody>\n<\/table>\n<\/div>\n","protected":false},"excerpt":{"rendered":"<p>Przeno\u015bny monitor Uperfect USteam E6 Pro 18,5&#8243; 1920&#215;1080 120Hz Rozgrywka jeszcze nigdy nie by\u0142a tak przyjemna. Monitor Uperfect o rozdzielczo\u015bci<\/p>\n","protected":false},"featured_media":59205,"comment_status":"closed","ping_status":"open","template":"","meta":{"_acf_changed":false},"product_brand":[],"product_cat":[5929,5968],"product_tag":[],"class_list":{"0":"post-59204","1":"product","2":"type-product","3":"status-publish","4":"has-post-thumbnail","6":"product_cat-akcesoria-it","7":"product_cat-monitory-przenosne","8":"pa_okres-gwarancji-5757","9":"pa_producent-uperfect","11":"first","12":"outofstock","13":"taxable","14":"shipping-taxable","15":"purchasable","16":"product-type-simple"},"acf":[],"yoast_head":"<!-- This site is optimized with the Yoast SEO plugin v27.2 - https:\/\/yoast.com\/product\/yoast-seo-wordpress\/ -->\n<title>Monitor przeno\u015bny UPERFECT USteam E6 Pro 18,5&quot; - IRONSKY.PL Sklep z Dronami<\/title>\n<meta name=\"description\" content=\"Monitor przeno\u015bny UPERFECT USteam E6 Pro 18,5&quot; - \u2705 sklep z dronami i fachowym doradztwem. \u2705 Tutaj kupisz produkty DJI, Yuneec, Parrot, Syma i wiele innych, a tak\u017ce kursy i licencje na operatora drona.\" \/>\n<meta name=\"robots\" content=\"index, follow, max-snippet:-1, max-image-preview:large, max-video-preview:-1\" \/>\n<link rel=\"canonical\" href=\"https:\/\/ironsky.pl\/sklep\/produkt\/monitor-przenosny-uperfect-usteam-e6-pro-185\/\" \/>\n<meta property=\"og:locale\" content=\"pl_PL\" \/>\n<meta property=\"og:type\" content=\"article\" \/>\n<meta property=\"og:title\" content=\"Monitor przeno\u015bny UPERFECT USteam E6 Pro 18,5&quot; - IRONSKY.PL Sklep z Dronami\" \/>\n<meta property=\"og:description\" content=\"Monitor przeno\u015bny UPERFECT USteam E6 Pro 18,5&quot; - \u2705 sklep z dronami i fachowym doradztwem. \u2705 Tutaj kupisz produkty DJI, Yuneec, Parrot, Syma i wiele innych, a tak\u017ce kursy i licencje na operatora drona.\" \/>\n<meta property=\"og:url\" content=\"https:\/\/ironsky.pl\/sklep\/produkt\/monitor-przenosny-uperfect-usteam-e6-pro-185\/\" \/>\n<meta property=\"og:site_name\" content=\"IRONSKY.PL Sklep z Dronami\" \/>\n<meta property=\"article:modified_time\" content=\"2026-04-15T08:44:58+00:00\" \/>\n<meta property=\"og:image\" content=\"https:\/\/ironsky.pl\/sklep\/wp-content\/uploads\/2026\/04\/45603_5.jpg\" \/>\n\t<meta property=\"og:image:width\" content=\"800\" \/>\n\t<meta property=\"og:image:height\" content=\"800\" \/>\n\t<meta property=\"og:image:type\" content=\"image\/jpeg\" \/>\n<meta name=\"twitter:card\" content=\"summary_large_image\" \/>\n<meta name=\"twitter:label1\" content=\"Szacowany czas czytania\" \/>\n\t<meta name=\"twitter:data1\" content=\"3 minuty\" \/>\n<script type=\"application\/ld+json\" class=\"yoast-schema-graph\">{\"@context\":\"https:\/\/schema.org\",\"@graph\":[{\"@type\":\"WebPage\",\"@id\":\"https:\/\/ironsky.pl\/sklep\/produkt\/monitor-przenosny-uperfect-usteam-e6-pro-185\/\",\"url\":\"https:\/\/ironsky.pl\/sklep\/produkt\/monitor-przenosny-uperfect-usteam-e6-pro-185\/\",\"name\":\"Monitor przeno\u015bny UPERFECT USteam E6 Pro 18,5\\\" - IRONSKY.PL Sklep z Dronami\",\"isPartOf\":{\"@id\":\"https:\/\/ironsky.pl\/sklep\/#website\"},\"primaryImageOfPage\":{\"@id\":\"https:\/\/ironsky.pl\/sklep\/produkt\/monitor-przenosny-uperfect-usteam-e6-pro-185\/#primaryimage\"},\"image\":{\"@id\":\"https:\/\/ironsky.pl\/sklep\/produkt\/monitor-przenosny-uperfect-usteam-e6-pro-185\/#primaryimage\"},\"thumbnailUrl\":\"https:\/\/ironsky.pl\/sklep\/wp-content\/uploads\/2026\/04\/45603_5.jpg\",\"datePublished\":\"2026-04-15T08:44:51+00:00\",\"dateModified\":\"2026-04-15T08:44:58+00:00\",\"description\":\"Monitor przeno\u015bny UPERFECT USteam E6 Pro 18,5\\\" - \u2705 sklep z dronami i fachowym doradztwem. \u2705 Tutaj kupisz produkty DJI, Yuneec, Parrot, Syma i wiele innych, a tak\u017ce kursy i licencje na operatora drona.\",\"breadcrumb\":{\"@id\":\"https:\/\/ironsky.pl\/sklep\/produkt\/monitor-przenosny-uperfect-usteam-e6-pro-185\/#breadcrumb\"},\"inLanguage\":\"pl-PL\",\"potentialAction\":[{\"@type\":\"ReadAction\",\"target\":[\"https:\/\/ironsky.pl\/sklep\/produkt\/monitor-przenosny-uperfect-usteam-e6-pro-185\/\"]}]},{\"@type\":\"ImageObject\",\"inLanguage\":\"pl-PL\",\"@id\":\"https:\/\/ironsky.pl\/sklep\/produkt\/monitor-przenosny-uperfect-usteam-e6-pro-185\/#primaryimage\",\"url\":\"https:\/\/ironsky.pl\/sklep\/wp-content\/uploads\/2026\/04\/45603_5.jpg\",\"contentUrl\":\"https:\/\/ironsky.pl\/sklep\/wp-content\/uploads\/2026\/04\/45603_5.jpg\",\"width\":800,\"height\":800},{\"@type\":\"BreadcrumbList\",\"@id\":\"https:\/\/ironsky.pl\/sklep\/produkt\/monitor-przenosny-uperfect-usteam-e6-pro-185\/#breadcrumb\",\"itemListElement\":[{\"@type\":\"ListItem\",\"position\":1,\"name\":\"Strona g\u0142\u00f3wna\",\"item\":\"https:\/\/ironsky.pl\/sklep\/\"},{\"@type\":\"ListItem\",\"position\":2,\"name\":\"Wszystkie produkty\",\"item\":\"https:\/\/ironsky.pl\/sklep\/produkty\/\"},{\"@type\":\"ListItem\",\"position\":3,\"name\":\"Monitor przeno\u015bny UPERFECT USteam E6 Pro 18,5&#8243;\"}]},{\"@type\":\"WebSite\",\"@id\":\"https:\/\/ironsky.pl\/sklep\/#website\",\"url\":\"https:\/\/ironsky.pl\/sklep\/\",\"name\":\"IRONSKY.PL Sklep z Dronami\",\"description\":\"IRONSKY.PL Sklep z Dronami\",\"potentialAction\":[{\"@type\":\"SearchAction\",\"target\":{\"@type\":\"EntryPoint\",\"urlTemplate\":\"https:\/\/ironsky.pl\/sklep\/?s={search_term_string}\"},\"query-input\":{\"@type\":\"PropertyValueSpecification\",\"valueRequired\":true,\"valueName\":\"search_term_string\"}}],\"inLanguage\":\"pl-PL\"}]}<\/script>\n<!-- \/ Yoast SEO plugin. -->","yoast_head_json":{"title":"Monitor przeno\u015bny UPERFECT USteam E6 Pro 18,5\" - IRONSKY.PL Sklep z Dronami","description":"Monitor przeno\u015bny UPERFECT USteam E6 Pro 18,5\" - \u2705 sklep z dronami i fachowym doradztwem. \u2705 Tutaj kupisz produkty DJI, Yuneec, Parrot, Syma i wiele innych, a tak\u017ce kursy i licencje na operatora drona.","robots":{"index":"index","follow":"follow","max-snippet":"max-snippet:-1","max-image-preview":"max-image-preview:large","max-video-preview":"max-video-preview:-1"},"canonical":"https:\/\/ironsky.pl\/sklep\/produkt\/monitor-przenosny-uperfect-usteam-e6-pro-185\/","og_locale":"pl_PL","og_type":"article","og_title":"Monitor przeno\u015bny UPERFECT USteam E6 Pro 18,5\" - IRONSKY.PL Sklep z Dronami","og_description":"Monitor przeno\u015bny UPERFECT USteam E6 Pro 18,5\" - \u2705 sklep z dronami i fachowym doradztwem. \u2705 Tutaj kupisz produkty DJI, Yuneec, Parrot, Syma i wiele innych, a tak\u017ce kursy i licencje na operatora drona.","og_url":"https:\/\/ironsky.pl\/sklep\/produkt\/monitor-przenosny-uperfect-usteam-e6-pro-185\/","og_site_name":"IRONSKY.PL Sklep z Dronami","article_modified_time":"2026-04-15T08:44:58+00:00","og_image":[{"width":800,"height":800,"url":"https:\/\/ironsky.pl\/sklep\/wp-content\/uploads\/2026\/04\/45603_5.jpg","type":"image\/jpeg"}],"twitter_card":"summary_large_image","twitter_misc":{"Szacowany czas czytania":"3 minuty"},"schema":{"@context":"https:\/\/schema.org","@graph":[{"@type":"WebPage","@id":"https:\/\/ironsky.pl\/sklep\/produkt\/monitor-przenosny-uperfect-usteam-e6-pro-185\/","url":"https:\/\/ironsky.pl\/sklep\/produkt\/monitor-przenosny-uperfect-usteam-e6-pro-185\/","name":"Monitor przeno\u015bny UPERFECT USteam E6 Pro 18,5\" - IRONSKY.PL Sklep z Dronami","isPartOf":{"@id":"https:\/\/ironsky.pl\/sklep\/#website"},"primaryImageOfPage":{"@id":"https:\/\/ironsky.pl\/sklep\/produkt\/monitor-przenosny-uperfect-usteam-e6-pro-185\/#primaryimage"},"image":{"@id":"https:\/\/ironsky.pl\/sklep\/produkt\/monitor-przenosny-uperfect-usteam-e6-pro-185\/#primaryimage"},"thumbnailUrl":"https:\/\/ironsky.pl\/sklep\/wp-content\/uploads\/2026\/04\/45603_5.jpg","datePublished":"2026-04-15T08:44:51+00:00","dateModified":"2026-04-15T08:44:58+00:00","description":"Monitor przeno\u015bny UPERFECT USteam E6 Pro 18,5\" - \u2705 sklep z dronami i fachowym doradztwem. \u2705 Tutaj kupisz produkty DJI, Yuneec, Parrot, Syma i wiele innych, a tak\u017ce kursy i licencje na operatora drona.","breadcrumb":{"@id":"https:\/\/ironsky.pl\/sklep\/produkt\/monitor-przenosny-uperfect-usteam-e6-pro-185\/#breadcrumb"},"inLanguage":"pl-PL","potentialAction":[{"@type":"ReadAction","target":["https:\/\/ironsky.pl\/sklep\/produkt\/monitor-przenosny-uperfect-usteam-e6-pro-185\/"]}]},{"@type":"ImageObject","inLanguage":"pl-PL","@id":"https:\/\/ironsky.pl\/sklep\/produkt\/monitor-przenosny-uperfect-usteam-e6-pro-185\/#primaryimage","url":"https:\/\/ironsky.pl\/sklep\/wp-content\/uploads\/2026\/04\/45603_5.jpg","contentUrl":"https:\/\/ironsky.pl\/sklep\/wp-content\/uploads\/2026\/04\/45603_5.jpg","width":800,"height":800},{"@type":"BreadcrumbList","@id":"https:\/\/ironsky.pl\/sklep\/produkt\/monitor-przenosny-uperfect-usteam-e6-pro-185\/#breadcrumb","itemListElement":[{"@type":"ListItem","position":1,"name":"Strona g\u0142\u00f3wna","item":"https:\/\/ironsky.pl\/sklep\/"},{"@type":"ListItem","position":2,"name":"Wszystkie produkty","item":"https:\/\/ironsky.pl\/sklep\/produkty\/"},{"@type":"ListItem","position":3,"name":"Monitor przeno\u015bny UPERFECT USteam E6 Pro 18,5&#8243;"}]},{"@type":"WebSite","@id":"https:\/\/ironsky.pl\/sklep\/#website","url":"https:\/\/ironsky.pl\/sklep\/","name":"IRONSKY.PL Sklep z Dronami","description":"IRONSKY.PL Sklep z Dronami","potentialAction":[{"@type":"SearchAction","target":{"@type":"EntryPoint","urlTemplate":"https:\/\/ironsky.pl\/sklep\/?s={search_term_string}"},"query-input":{"@type":"PropertyValueSpecification","valueRequired":true,"valueName":"search_term_string"}}],"inLanguage":"pl-PL"}]}},"_links":{"self":[{"href":"https:\/\/ironsky.pl\/sklep\/wp-json\/wp\/v2\/product\/59204","targetHints":{"allow":["GET"]}}],"collection":[{"href":"https:\/\/ironsky.pl\/sklep\/wp-json\/wp\/v2\/product"}],"about":[{"href":"https:\/\/ironsky.pl\/sklep\/wp-json\/wp\/v2\/types\/product"}],"replies":[{"embeddable":true,"href":"https:\/\/ironsky.pl\/sklep\/wp-json\/wp\/v2\/comments?post=59204"}],"wp:featuredmedia":[{"embeddable":true,"href":"https:\/\/ironsky.pl\/sklep\/wp-json\/wp\/v2\/media\/59205"}],"wp:attachment":[{"href":"https:\/\/ironsky.pl\/sklep\/wp-json\/wp\/v2\/media?parent=59204"}],"wp:term":[{"taxonomy":"product_brand","embeddable":true,"href":"https:\/\/ironsky.pl\/sklep\/wp-json\/wp\/v2\/product_brand?post=59204"},{"taxonomy":"product_cat","embeddable":true,"href":"https:\/\/ironsky.pl\/sklep\/wp-json\/wp\/v2\/product_cat?post=59204"},{"taxonomy":"product_tag","embeddable":true,"href":"https:\/\/ironsky.pl\/sklep\/wp-json\/wp\/v2\/product_tag?post=59204"}],"curies":[{"name":"wp","href":"https:\/\/api.w.org\/{rel}","templated":true}]}}