{"id":59202,"date":"2026-04-15T10:44:51","date_gmt":"2026-04-15T08:44:51","guid":{"rendered":"https:\/\/ironsky.pl\/sklep\/produkt\/monitor-przenosny-uperfect-ustation-delta-156\/"},"modified":"2026-04-15T10:44:56","modified_gmt":"2026-04-15T08:44:56","slug":"monitor-przenosny-uperfect-ustation-delta-156","status":"publish","type":"product","link":"https:\/\/ironsky.pl\/sklep\/produkt\/monitor-przenosny-uperfect-ustation-delta-156\/","title":{"rendered":"Monitor przeno\u015bny UPERFECT UStation Delta 15,6&#8243;"},"content":{"rendered":"<h3>Przeno\u015bny monitor Uperfect UStation Delta 15,6&#8243; 1920&#215;1080 60Hz<\/h3>\n<p>Uperfect Delta zosta\u0142 zaprojektowany z my\u015bl\u0105 o maksymalnej funkcjonalno\u015bci i wygodzie u\u017cytkowania. Z przek\u0105tn\u0105 15.6\u201d i rozdzielczo\u015bci\u0105 Full HD (1920 x 1080), ka\u017cdy ekran oferuje wyra\u017any i szczeg\u00f3\u0142owy obraz. Pozwala na efektywne zarz\u0105dzanie wieloma zadaniami jednocze\u015bnie, co zwi\u0119ksza produktywno\u015b\u0107 i komfort pracy. Dzi\u0119ki mo\u017cliwo\u015bci pracy w trybie wieloekranowym Delta umo\u017cliwia rozszerzenie przestrzeni roboczej lub z\u0142o\u017cenie ekran\u00f3w w celu wygodnego udost\u0119pniania tre\u015bci wsp\u00f3\u0142pracownikom.<\/p>\n<p>\n<img decoding=\"async\" src=\"https:\/\/assets.innpro.pl\/8431\/9850\/3.jpg\" border=\"0\" \/>\n<\/p>\n<h3>Ergonomiczny i wszechstronny design<\/h3>\n<p>Uperfect Delta wykorzystuje podw\u00f3jne ekrany, kt\u00f3rych po\u0142o\u017cenie mo\u017cna regulowa\u0107, co pozwala zmniejszy\u0107 uczucie dyskomfortu i zm\u0119czenia oczu oraz szyi. Sk\u0142adana konstrukcja umo\u017cliwia ustawienie ekran\u00f3w pod r\u00f3\u017cnymi k\u0105tami, co jest idealne do prezentacji, spotka\u0144 online lub wykonywania kilku zada\u0144 jednocze\u015bnie. Dwa ekrany mog\u0105 dzia\u0142a\u0107 razem lub niezale\u017cnie, co pozwala na bardziej elastyczne i efektywne wykorzystanie przestrzeni roboczej. Dzi\u0119ki temu mo\u017cesz w pe\u0142ni skoncentrowa\u0107 si\u0119 na swojej pracy, minimalizuj\u0105c czas potrzebny na przewijanie i prze\u0142\u0105czanie si\u0119 mi\u0119dzy oknami.<\/p>\n<p>\n<img decoding=\"async\" src=\"https:\/\/assets.innpro.pl\/8431\/9850\/9.jpg\" border=\"0\" \/>\n<\/p>\n<h3>Niezr\u00f3wnana jako\u015b\u0107 obrazu<\/h3>\n<p>Monitory IPS zapewniaj\u0105 szeroki k\u0105t widzenia do 178\u00b0, co oznacza, \u017ce obraz pozostaje wyra\u017any i kolorowy, nawet gdy patrzysz na ekran pod k\u0105tem. \u017bywe kolory dzi\u0119ki 100% pokryciu gamy sRGB sprawiaj\u0105, \u017ce ka\u017cdy detal jest widoczny. Kontrast 1000:1 i jasno\u015b\u0107 300 cd\/m\u00b2 gwarantuj\u0105 wyra\u017any i ostry obraz, niezale\u017cnie od warunk\u00f3w o\u015bwietleniowych. Technologia HDR dodatkowo wp\u0142ywa na odwzorowanie barw, co jest idealne do wymagaj\u0105cych zada\u0144 takich jak edycja wideo i zdj\u0119\u0107.\u00a0<\/p>\n<p>\n<img decoding=\"async\" src=\"https:\/\/assets.innpro.pl\/8431\/9850\/6.jpg\" border=\"0\" \/>\n<\/p>\n<h3>\u0141atwe pod\u0142\u0105czenie i kompatybilno\u015b\u0107<\/h3>\n<p>Monitor Delta zosta\u0142 wyposa\u017cony w 2 porty USB-C (audio i wideo) oraz 2 porty mini HDMI, co umo\u017cliwia pod\u0142\u0105czenie go do r\u00f3\u017cnych urz\u0105dze\u0144 bez potrzeby instalacji sterownik\u00f3w. \u015awietnie wsp\u00f3\u0142pracuje z laptopami, komputerami, tabletami, smartfonami, Playstation, Xbox, Nintendo Switch i SteamDeck. Monitor jest kompatybilny z systemami operacyjnymi Windows, Mac, Chrome, iOS i Android, a mo\u017cliwo\u015b\u0107 jednoczesnego pod\u0142\u0105czenia 2 urz\u0105dze\u0144 do monitor\u00f3w sprawia, \u017ce mo\u017cesz pracowa\u0107 na niezale\u017cnych ekranach, co zwi\u0119ksza efektywno\u015b\u0107 i elastyczno\u015b\u0107 pracy.<\/p>\n<p>\n<img decoding=\"async\" src=\"https:\/\/assets.innpro.pl\/8431\/9850\/8.jpg\" border=\"0\" \/>\n<\/p>\n<h3>Dla kreatywnych tw\u00f3rc\u00f3w<\/h3>\n<p>Uperfect Delta jest idealnym rozwi\u0105zaniem dla projektant\u00f3w i profesjonalist\u00f3w, kt\u00f3rzy potrzebuj\u0105 wi\u0119cej przestrzeni na ekranie. Dwa ekrany zwi\u0119kszaj\u0105 przestrze\u0144 robocz\u0105, co pozwala na bardziej efektywne zarz\u0105dzanie zadaniami, edycj\u0119 wideo, projektowanie CAD i analiz\u0119 danych. W pracy tw\u00f3rczej dodatkowa przestrze\u0144 na ekranie umo\u017cliwia lepsz\u0105 organizacj\u0119 dzia\u0142ania, co prowadzi do zwi\u0119kszenia wydajno\u015bci i kreatywno\u015bci.<\/p>\n<p>\n<img decoding=\"async\" src=\"https:\/\/assets.innpro.pl\/8431\/9850\/4.jpg\" border=\"0\" \/>\n<\/p>\n<h3>Ochrona oczu i wbudowane g\u0142o\u015bniki<\/h3>\n<p>Uperfect Delta oferuje technologi\u0119 Ucare, kt\u00f3ra redukuje emisj\u0119 niebieskiego \u015bwiat\u0142a o ponad 80%, zmniejszaj\u0105c zm\u0119czenie oczu. Konstrukcja bez migotania sprawia, \u017ce monitor jest bezpieczny dla oczu nawet podczas d\u0142ugotrwa\u0142ego u\u017cytkowania. Wbudowane g\u0142o\u015bniki 1W zapewniaj\u0105 przestrzenne \u017ar\u00f3d\u0142o d\u017awi\u0119ku 3D, oferuj\u0105c wci\u0105gaj\u0105ce wra\u017cenia d\u017awi\u0119kowe, idealnie sprawdzi si\u0119 podczas ogl\u0105dania film\u00f3w, rozgrywki i prowadzenia spotka\u0144 online.<\/p>\n<p>\n<img decoding=\"async\" src=\"https:\/\/assets.innpro.pl\/8431\/9850\/5.jpg\" border=\"0\" \/>\n<\/p>\n<h3>W zestawie<\/h3>\n<ul class=\"list-disc pl-5\">\n<li>przeno\u015bny monitor<\/li>\n<li>\n<p style=\"text-align:justify\">kabel USB-C do USB-C x2<\/p>\n<\/li>\n<li>\n<p style=\"text-align:justify\">kabel mini HDMI do HDMI x2<\/p>\n<\/li>\n<li>\n<p style=\"text-align:justify\">zasilacz<\/p>\n<\/li>\n<li>\n<p style=\"text-align:justify\">instrukcja obs\u0142ugi<\/p>\n<\/li>\n<\/ul>\n<div class=\"table-wrapper\">\n<p>\u00a0<\/p>\n<h3><\/h3>\n<table>\n<tbody>\n<tr>\n<th>Producent<\/th>\n<td>Uperfect<\/td>\n<\/tr>\n<tr>\n<th>Model<\/th>\n<td>Delta<\/td>\n<\/tr>\n<tr>\n<th>Przek\u0105tna ekranu<\/th>\n<td>15.6\u201d<\/td>\n<\/tr>\n<tr>\n<th>Cz\u0119stotliwo\u015b\u0107 od\u015bwie\u017cania<\/th>\n<td>60 Hz<\/td>\n<\/tr>\n<tr>\n<th>Czas reakcji<\/th>\n<td>16 ms<\/td>\n<\/tr>\n<tr>\n<th>Rozdzielczo\u015b\u0107<\/th>\n<td>1920 x 1080 (FHD)<\/td>\n<\/tr>\n<tr>\n<th>Proporcje wy\u015bwietlania<\/th>\n<td>16:9<\/td>\n<\/tr>\n<tr>\n<th>K\u0105t widzenia<\/th>\n<td>178\u00b0<\/td>\n<\/tr>\n<tr>\n<th>Rodzaj wy\u015bwietlacza<\/th>\n<td>IPS<\/td>\n<\/tr>\n<tr>\n<th>Wsp\u00f3\u0142czynnik kontrastu<\/th>\n<td>1000:1<\/td>\n<\/tr>\n<tr>\n<th>Jasno\u015b\u0107<\/th>\n<td>300 cd\/m\u00b2<\/td>\n<\/tr>\n<tr>\n<th>Gama kolor\u00f3w<\/th>\n<td>100% sRGB<\/td>\n<\/tr>\n<tr>\n<th>G\u0142\u0119bia kolor\u00f3w<\/th>\n<td>16.7M(8bit)<\/td>\n<\/tr>\n<tr>\n<th>Ekran dotykowy<\/th>\n<td>nie<\/td>\n<\/tr>\n<tr>\n<th>Wbudowany akumulator<\/th>\n<td>nie<\/td>\n<\/tr>\n<tr>\n<th>Czujnik grawitacyjny<\/th>\n<td>nie<\/td>\n<\/tr>\n<tr>\n<th>HDR<\/th>\n<td>tak<\/td>\n<\/tr>\n<tr>\n<th>FreeSync<\/th>\n<td>nie<\/td>\n<\/tr>\n<tr>\n<th>Materia\u0142<\/th>\n<td>aluminium<\/td>\n<\/tr>\n<tr>\n<th>Wbudowane g\u0142o\u015bniki<\/th>\n<td>tak, 2*8\u03a9 1W<\/td>\n<\/tr>\n<tr>\n<th>Mo\u017cliwo\u015b\u0107 zamontowania uchwytu Vesa<\/th>\n<td>tak, 75*75mm@M4*4mm<\/td>\n<\/tr>\n<tr>\n<th>Sterowniki<\/th>\n<td>nie<\/td>\n<\/tr>\n<tr>\n<th>Uchwyt na stojak<\/th>\n<td>tak<\/td>\n<\/tr>\n<tr>\n<th>Moc znamionowa<\/th>\n<td>10 W<\/td>\n<\/tr>\n<tr>\n<th>Wymiary<\/th>\n<td>358 \u00d7 220 \u00d7 22 mm<\/td>\n<\/tr>\n<tr>\n<th>Waga<\/th>\n<td>1.71 kg<\/td>\n<\/tr>\n<tr>\n<th>Interfejs<\/th>\n<td>x2 USB-C (audio i wideo), x2 mini HDMI (audio i wideo)<\/td>\n<\/tr>\n<\/tbody>\n<\/table>\n<\/div>\n","protected":false},"excerpt":{"rendered":"<p>Przeno\u015bny monitor Uperfect UStation Delta 15,6&#8243; 1920&#215;1080 60Hz Uperfect Delta zosta\u0142 zaprojektowany z my\u015bl\u0105 o maksymalnej funkcjonalno\u015bci i wygodzie u\u017cytkowania.<\/p>\n","protected":false},"featured_media":59203,"comment_status":"closed","ping_status":"open","template":"","meta":{"_acf_changed":false},"product_brand":[],"product_cat":[5929,5968],"product_tag":[],"class_list":{"0":"post-59202","1":"product","2":"type-product","3":"status-publish","4":"has-post-thumbnail","6":"product_cat-akcesoria-it","7":"product_cat-monitory-przenosne","8":"pa_okres-gwarancji-5757","9":"pa_producent-uperfect","11":"first","12":"outofstock","13":"taxable","14":"shipping-taxable","15":"purchasable","16":"product-type-simple"},"acf":[],"yoast_head":"<!-- This site is optimized with the Yoast SEO plugin v27.2 - https:\/\/yoast.com\/product\/yoast-seo-wordpress\/ -->\n<title>Monitor przeno\u015bny UPERFECT UStation Delta 15,6&quot; - IRONSKY.PL Sklep z Dronami<\/title>\n<meta name=\"description\" content=\"Monitor przeno\u015bny UPERFECT UStation Delta 15,6&quot; - \u2705 sklep z dronami i fachowym doradztwem. \u2705 Tutaj kupisz produkty DJI, Yuneec, Parrot, Syma i wiele innych, a tak\u017ce kursy i licencje na operatora drona.\" \/>\n<meta name=\"robots\" content=\"index, follow, max-snippet:-1, max-image-preview:large, max-video-preview:-1\" \/>\n<link rel=\"canonical\" href=\"https:\/\/ironsky.pl\/sklep\/produkt\/monitor-przenosny-uperfect-ustation-delta-156\/\" \/>\n<meta property=\"og:locale\" content=\"pl_PL\" \/>\n<meta property=\"og:type\" content=\"article\" \/>\n<meta property=\"og:title\" content=\"Monitor przeno\u015bny UPERFECT UStation Delta 15,6&quot; - IRONSKY.PL Sklep z Dronami\" \/>\n<meta property=\"og:description\" content=\"Monitor przeno\u015bny UPERFECT UStation Delta 15,6&quot; - \u2705 sklep z dronami i fachowym doradztwem. \u2705 Tutaj kupisz produkty DJI, Yuneec, Parrot, Syma i wiele innych, a tak\u017ce kursy i licencje na operatora drona.\" \/>\n<meta property=\"og:url\" content=\"https:\/\/ironsky.pl\/sklep\/produkt\/monitor-przenosny-uperfect-ustation-delta-156\/\" \/>\n<meta property=\"og:site_name\" content=\"IRONSKY.PL Sklep z Dronami\" \/>\n<meta property=\"article:modified_time\" content=\"2026-04-15T08:44:56+00:00\" \/>\n<meta property=\"og:image\" content=\"https:\/\/ironsky.pl\/sklep\/wp-content\/uploads\/2026\/04\/45602_5.jpg\" \/>\n\t<meta property=\"og:image:width\" content=\"800\" \/>\n\t<meta property=\"og:image:height\" content=\"800\" \/>\n\t<meta property=\"og:image:type\" content=\"image\/jpeg\" \/>\n<meta name=\"twitter:card\" content=\"summary_large_image\" \/>\n<meta name=\"twitter:label1\" content=\"Szacowany czas czytania\" \/>\n\t<meta name=\"twitter:data1\" content=\"3 minuty\" \/>\n<script type=\"application\/ld+json\" class=\"yoast-schema-graph\">{\"@context\":\"https:\/\/schema.org\",\"@graph\":[{\"@type\":\"WebPage\",\"@id\":\"https:\/\/ironsky.pl\/sklep\/produkt\/monitor-przenosny-uperfect-ustation-delta-156\/\",\"url\":\"https:\/\/ironsky.pl\/sklep\/produkt\/monitor-przenosny-uperfect-ustation-delta-156\/\",\"name\":\"Monitor przeno\u015bny UPERFECT UStation Delta 15,6\\\" - IRONSKY.PL Sklep z Dronami\",\"isPartOf\":{\"@id\":\"https:\/\/ironsky.pl\/sklep\/#website\"},\"primaryImageOfPage\":{\"@id\":\"https:\/\/ironsky.pl\/sklep\/produkt\/monitor-przenosny-uperfect-ustation-delta-156\/#primaryimage\"},\"image\":{\"@id\":\"https:\/\/ironsky.pl\/sklep\/produkt\/monitor-przenosny-uperfect-ustation-delta-156\/#primaryimage\"},\"thumbnailUrl\":\"https:\/\/ironsky.pl\/sklep\/wp-content\/uploads\/2026\/04\/45602_5.jpg\",\"datePublished\":\"2026-04-15T08:44:51+00:00\",\"dateModified\":\"2026-04-15T08:44:56+00:00\",\"description\":\"Monitor przeno\u015bny UPERFECT UStation Delta 15,6\\\" - \u2705 sklep z dronami i fachowym doradztwem. \u2705 Tutaj kupisz produkty DJI, Yuneec, Parrot, Syma i wiele innych, a tak\u017ce kursy i licencje na operatora drona.\",\"breadcrumb\":{\"@id\":\"https:\/\/ironsky.pl\/sklep\/produkt\/monitor-przenosny-uperfect-ustation-delta-156\/#breadcrumb\"},\"inLanguage\":\"pl-PL\",\"potentialAction\":[{\"@type\":\"ReadAction\",\"target\":[\"https:\/\/ironsky.pl\/sklep\/produkt\/monitor-przenosny-uperfect-ustation-delta-156\/\"]}]},{\"@type\":\"ImageObject\",\"inLanguage\":\"pl-PL\",\"@id\":\"https:\/\/ironsky.pl\/sklep\/produkt\/monitor-przenosny-uperfect-ustation-delta-156\/#primaryimage\",\"url\":\"https:\/\/ironsky.pl\/sklep\/wp-content\/uploads\/2026\/04\/45602_5.jpg\",\"contentUrl\":\"https:\/\/ironsky.pl\/sklep\/wp-content\/uploads\/2026\/04\/45602_5.jpg\",\"width\":800,\"height\":800},{\"@type\":\"BreadcrumbList\",\"@id\":\"https:\/\/ironsky.pl\/sklep\/produkt\/monitor-przenosny-uperfect-ustation-delta-156\/#breadcrumb\",\"itemListElement\":[{\"@type\":\"ListItem\",\"position\":1,\"name\":\"Strona g\u0142\u00f3wna\",\"item\":\"https:\/\/ironsky.pl\/sklep\/\"},{\"@type\":\"ListItem\",\"position\":2,\"name\":\"Wszystkie produkty\",\"item\":\"https:\/\/ironsky.pl\/sklep\/produkty\/\"},{\"@type\":\"ListItem\",\"position\":3,\"name\":\"Monitor przeno\u015bny UPERFECT UStation Delta 15,6&#8243;\"}]},{\"@type\":\"WebSite\",\"@id\":\"https:\/\/ironsky.pl\/sklep\/#website\",\"url\":\"https:\/\/ironsky.pl\/sklep\/\",\"name\":\"IRONSKY.PL Sklep z Dronami\",\"description\":\"IRONSKY.PL Sklep z Dronami\",\"potentialAction\":[{\"@type\":\"SearchAction\",\"target\":{\"@type\":\"EntryPoint\",\"urlTemplate\":\"https:\/\/ironsky.pl\/sklep\/?s={search_term_string}\"},\"query-input\":{\"@type\":\"PropertyValueSpecification\",\"valueRequired\":true,\"valueName\":\"search_term_string\"}}],\"inLanguage\":\"pl-PL\"}]}<\/script>\n<!-- \/ Yoast SEO plugin. -->","yoast_head_json":{"title":"Monitor przeno\u015bny UPERFECT UStation Delta 15,6\" - IRONSKY.PL Sklep z Dronami","description":"Monitor przeno\u015bny UPERFECT UStation Delta 15,6\" - \u2705 sklep z dronami i fachowym doradztwem. \u2705 Tutaj kupisz produkty DJI, Yuneec, Parrot, Syma i wiele innych, a tak\u017ce kursy i licencje na operatora drona.","robots":{"index":"index","follow":"follow","max-snippet":"max-snippet:-1","max-image-preview":"max-image-preview:large","max-video-preview":"max-video-preview:-1"},"canonical":"https:\/\/ironsky.pl\/sklep\/produkt\/monitor-przenosny-uperfect-ustation-delta-156\/","og_locale":"pl_PL","og_type":"article","og_title":"Monitor przeno\u015bny UPERFECT UStation Delta 15,6\" - IRONSKY.PL Sklep z Dronami","og_description":"Monitor przeno\u015bny UPERFECT UStation Delta 15,6\" - \u2705 sklep z dronami i fachowym doradztwem. \u2705 Tutaj kupisz produkty DJI, Yuneec, Parrot, Syma i wiele innych, a tak\u017ce kursy i licencje na operatora drona.","og_url":"https:\/\/ironsky.pl\/sklep\/produkt\/monitor-przenosny-uperfect-ustation-delta-156\/","og_site_name":"IRONSKY.PL Sklep z Dronami","article_modified_time":"2026-04-15T08:44:56+00:00","og_image":[{"width":800,"height":800,"url":"https:\/\/ironsky.pl\/sklep\/wp-content\/uploads\/2026\/04\/45602_5.jpg","type":"image\/jpeg"}],"twitter_card":"summary_large_image","twitter_misc":{"Szacowany czas czytania":"3 minuty"},"schema":{"@context":"https:\/\/schema.org","@graph":[{"@type":"WebPage","@id":"https:\/\/ironsky.pl\/sklep\/produkt\/monitor-przenosny-uperfect-ustation-delta-156\/","url":"https:\/\/ironsky.pl\/sklep\/produkt\/monitor-przenosny-uperfect-ustation-delta-156\/","name":"Monitor przeno\u015bny UPERFECT UStation Delta 15,6\" - IRONSKY.PL Sklep z Dronami","isPartOf":{"@id":"https:\/\/ironsky.pl\/sklep\/#website"},"primaryImageOfPage":{"@id":"https:\/\/ironsky.pl\/sklep\/produkt\/monitor-przenosny-uperfect-ustation-delta-156\/#primaryimage"},"image":{"@id":"https:\/\/ironsky.pl\/sklep\/produkt\/monitor-przenosny-uperfect-ustation-delta-156\/#primaryimage"},"thumbnailUrl":"https:\/\/ironsky.pl\/sklep\/wp-content\/uploads\/2026\/04\/45602_5.jpg","datePublished":"2026-04-15T08:44:51+00:00","dateModified":"2026-04-15T08:44:56+00:00","description":"Monitor przeno\u015bny UPERFECT UStation Delta 15,6\" - \u2705 sklep z dronami i fachowym doradztwem. \u2705 Tutaj kupisz produkty DJI, Yuneec, Parrot, Syma i wiele innych, a tak\u017ce kursy i licencje na operatora drona.","breadcrumb":{"@id":"https:\/\/ironsky.pl\/sklep\/produkt\/monitor-przenosny-uperfect-ustation-delta-156\/#breadcrumb"},"inLanguage":"pl-PL","potentialAction":[{"@type":"ReadAction","target":["https:\/\/ironsky.pl\/sklep\/produkt\/monitor-przenosny-uperfect-ustation-delta-156\/"]}]},{"@type":"ImageObject","inLanguage":"pl-PL","@id":"https:\/\/ironsky.pl\/sklep\/produkt\/monitor-przenosny-uperfect-ustation-delta-156\/#primaryimage","url":"https:\/\/ironsky.pl\/sklep\/wp-content\/uploads\/2026\/04\/45602_5.jpg","contentUrl":"https:\/\/ironsky.pl\/sklep\/wp-content\/uploads\/2026\/04\/45602_5.jpg","width":800,"height":800},{"@type":"BreadcrumbList","@id":"https:\/\/ironsky.pl\/sklep\/produkt\/monitor-przenosny-uperfect-ustation-delta-156\/#breadcrumb","itemListElement":[{"@type":"ListItem","position":1,"name":"Strona g\u0142\u00f3wna","item":"https:\/\/ironsky.pl\/sklep\/"},{"@type":"ListItem","position":2,"name":"Wszystkie produkty","item":"https:\/\/ironsky.pl\/sklep\/produkty\/"},{"@type":"ListItem","position":3,"name":"Monitor przeno\u015bny UPERFECT UStation Delta 15,6&#8243;"}]},{"@type":"WebSite","@id":"https:\/\/ironsky.pl\/sklep\/#website","url":"https:\/\/ironsky.pl\/sklep\/","name":"IRONSKY.PL Sklep z Dronami","description":"IRONSKY.PL Sklep z Dronami","potentialAction":[{"@type":"SearchAction","target":{"@type":"EntryPoint","urlTemplate":"https:\/\/ironsky.pl\/sklep\/?s={search_term_string}"},"query-input":{"@type":"PropertyValueSpecification","valueRequired":true,"valueName":"search_term_string"}}],"inLanguage":"pl-PL"}]}},"_links":{"self":[{"href":"https:\/\/ironsky.pl\/sklep\/wp-json\/wp\/v2\/product\/59202","targetHints":{"allow":["GET"]}}],"collection":[{"href":"https:\/\/ironsky.pl\/sklep\/wp-json\/wp\/v2\/product"}],"about":[{"href":"https:\/\/ironsky.pl\/sklep\/wp-json\/wp\/v2\/types\/product"}],"replies":[{"embeddable":true,"href":"https:\/\/ironsky.pl\/sklep\/wp-json\/wp\/v2\/comments?post=59202"}],"wp:featuredmedia":[{"embeddable":true,"href":"https:\/\/ironsky.pl\/sklep\/wp-json\/wp\/v2\/media\/59203"}],"wp:attachment":[{"href":"https:\/\/ironsky.pl\/sklep\/wp-json\/wp\/v2\/media?parent=59202"}],"wp:term":[{"taxonomy":"product_brand","embeddable":true,"href":"https:\/\/ironsky.pl\/sklep\/wp-json\/wp\/v2\/product_brand?post=59202"},{"taxonomy":"product_cat","embeddable":true,"href":"https:\/\/ironsky.pl\/sklep\/wp-json\/wp\/v2\/product_cat?post=59202"},{"taxonomy":"product_tag","embeddable":true,"href":"https:\/\/ironsky.pl\/sklep\/wp-json\/wp\/v2\/product_tag?post=59202"}],"curies":[{"name":"wp","href":"https:\/\/api.w.org\/{rel}","templated":true}]}}