{"id":59192,"date":"2026-04-15T10:44:10","date_gmt":"2026-04-15T08:44:10","guid":{"rendered":"https:\/\/ironsky.pl\/sklep\/produkt\/uchwyt-do-tv-perlegear-pgtvs26-us-32-70\/"},"modified":"2026-04-15T10:44:50","modified_gmt":"2026-04-15T08:44:50","slug":"uchwyt-do-tv-perlegear-pgtvs26-us-32-70","status":"publish","type":"product","link":"https:\/\/ironsky.pl\/sklep\/produkt\/uchwyt-do-tv-perlegear-pgtvs26-us-32-70\/","title":{"rendered":"Uchwyt do TV PERLEGEAR PGTVS26-US 32-70&#8243;"},"content":{"rendered":"<h3>Uchwyt do TV 32-70&#8243; Perlegear PGTVS26-US<\/h3>\n<p>Uchwyt do TV Perlegear PGTVS26-US to idealne rozwi\u0105zanie dla os\u00f3b poszukuj\u0105cych solidnej i estetycznej podstawki pod telewizor o rozmiarze od 32 do 70 cali. Dzi\u0119ki nowoczesnej konstrukcji zapewnia nie tylko stabilno\u015b\u0107, ale r\u00f3wnie\u017c mo\u017cliwo\u015b\u0107 pe\u0142nej regulacji, co pozwala na dostosowanie telewizora do Twoich indywidualnych potrzeb i preferencji.<\/p>\n<p>\n<img decoding=\"async\" src=\"https:\/\/assets.innpro.pl\/8796\/10290\/5.jpg\" border=\"0\" \/>\n<\/p>\n<h3><strong>Regulacja wysoko\u015bci i k\u0105ta nachylenia<\/strong><\/h3>\n<p>Uchwyt Perlegear PGTVS26-US oferuje 9 opcji regulacji wysoko\u015bci, co umo\u017cliwia precyzyjne dostosowanie ekranu do poziomu wzroku, niezale\u017cnie od tego, czy siedzisz na kanapie, czy w fotelu. Minimalna wysoko\u015b\u0107 to 18&#8221;, a maksymalna to 24,5&#8221;, co zapewnia wygod\u0119 ogl\u0105dania z dowolnej pozycji. Dodatkowo funkcja regulacji k\u0105ta nachylenia o 8 stopni pozwala unikn\u0105\u0107 odbi\u0107 \u015bwiat\u0142a na ekranie, poprawiaj\u0105c komfort ogl\u0105dania.<\/p>\n<p>\n<img decoding=\"async\" src=\"https:\/\/assets.innpro.pl\/8796\/10290\/3.jpg\" border=\"0\" \/>\n<\/p>\n<h3><strong>\u0141atwa i szybka instalacja<\/strong><\/h3>\n<p>Monta\u017c uchwytu jest prosty i szybki \u2013 zajmuje zaledwie 10 minut, bez konieczno\u015bci wiercenia otwor\u00f3w w \u015bcianie. Uchwyt wyposa\u017cony jest w solidne haczyki i system zabezpiecze\u0144, kt\u00f3re gwarantuj\u0105 bezpieczne mocowanie telewizora. Stabilna podstawa z hartowanego szk\u0142a nie tylko dodaje elegancji, ale r\u00f3wnie\u017c zapewnia dodatkowe wsparcie dla telewizora.<\/p>\n<p>\n<img decoding=\"async\" src=\"https:\/\/assets.innpro.pl\/8796\/10290\/1.jpg\" border=\"0\" \/>\n<\/p>\n<h3><strong>Wysoka jako\u015b\u0107 wykonania<\/strong><\/h3>\n<p>Uchwyt charakteryzuje si\u0119 trwa\u0142\u0105 i stabiln\u0105 konstrukcj\u0105 w kszta\u0142cie piramidy, kt\u00f3ra jest w stanie utrzyma\u0107 telewizor o maksymalnej wadze do 40 kg. Antypo\u015blizgowe podk\u0142adki gwarantuj\u0105, \u017ce uchwyt pozostanie na swoim miejscu, nawet przy regulacji k\u0105ta nachylenia. Ponadto produkt ten wspiera standard VESA od 100&#215;100 mm do 400&#215;400 mm, co sprawia, \u017ce jest kompatybilny z wi\u0119kszo\u015bci\u0105 telewizor\u00f3w dost\u0119pnych na rynku.<\/p>\n<p>\n<img decoding=\"async\" src=\"https:\/\/assets.innpro.pl\/8796\/10290\/7.jpg\" border=\"0\" \/>\n<\/p>\n<h3><strong>Styl i funkcjonalno\u015b\u0107<\/strong><\/h3>\n<p>Dzi\u0119ki nowoczesnemu designowi uchwyt Perlegear PGTVS26-US pasuje do ka\u017cdego wn\u0119trza, dodaj\u0105c mu stylu i elegancji. Mo\u017cliwo\u015b\u0107 obrotu telewizora o 30 stopni w ka\u017cd\u0105 stron\u0119 oraz system zarz\u0105dzania kablami, kt\u00f3ry pomaga utrzyma\u0107 porz\u0105dek, sprawiaj\u0105, \u017ce jest to produkt nie tylko estetyczny, ale i niezwykle praktyczny.<\/p>\n<p>\n<img decoding=\"async\" src=\"https:\/\/assets.innpro.pl\/8796\/10290\/4.jpg\" border=\"0\" \/>\n<\/p>\n<h3>Zawarto\u015b\u0107 zestawu<\/h3>\n<ul class=\"list-disc pl-5\">\n<li>Uchwyt telewizyjny x 2<\/li>\n<li>Podstawa ze szk\u0142a hartowanego x 1<\/li>\n<li>S\u0142up wsparcia x 1<\/li>\n<li>S\u0142up przed\u0142u\u017caj\u0105cy x 1<\/li>\n<li>Podk\u0142adka stopki x 5<\/li>\n<li>Os\u0142ona plastikowa x 1<\/li>\n<li>Podk\u0142adka plastikowa x 3<\/li>\n<li>Podk\u0142adka stalowa x 15<\/li>\n<li>\u015aruba M8 x 25mm x 3<\/li>\n<li>P\u0142yta obrotowa x 1<\/li>\n<li>P\u0142yta telewizyjna x 1<\/li>\n<li>\u015aruba M8 x 12mm x 4<\/li>\n<li>\u015aruba M8 x 16mm x 6<\/li>\n<li>Nakr\u0119tka M8 x 2<\/li>\n<li>Zamek bezpiecze\u0144stwa x 2<\/li>\n<li>Zacisk na kabel x 2<\/li>\n<li>Klucz imbusowy 3\/16&#8243; (5mm) x 1<\/li>\n<li>Klucz 15\/32&#8243; (12mm) x 1<\/li>\n<\/ul>\n<div class=\"table-wrapper\">\n<p>\u00a0<\/p>\n<h3><\/h3>\n<table>\n<tbody>\n<tr>\n<th>Producent<\/th>\n<td>Perlegear<\/td>\n<\/tr>\n<tr>\n<th>Model <\/th>\n<td>PGTVS26-US<\/td>\n<\/tr>\n<tr>\n<th>Kompatybilno\u015b\u0107 <\/th>\n<td>TV 32-70 cali<\/td>\n<\/tr>\n<tr>\n<th>Standard VESA<\/th>\n<td>100&#215;100 mm &#8211; 400&#215;400 mm<\/td>\n<\/tr>\n<tr>\n<th>Maksymalna waga<\/th>\n<td>40 kg<\/td>\n<\/tr>\n<tr>\n<th>Regulacja wysoko\u015bci<\/th>\n<td>18&#8243; &#8211; 24,5&#8243;<\/td>\n<\/tr>\n<tr>\n<th>K\u0105t nachylenia<\/th>\n<td>+8\u00b0<\/td>\n<\/tr>\n<tr>\n<th>Obr\u00f3t<\/th>\n<td>\u00b130\u00b0<\/td>\n<\/tr>\n<tr>\n<th>Materia\u0142<\/th>\n<td>Szk\u0142o hartowane, metal<\/td>\n<\/tr>\n<tr>\n<th>Kolor<\/th>\n<td>Czarny<\/td>\n<\/tr>\n<tr>\n<th>Czas monta\u017cu<\/th>\n<td>10 minut<\/td>\n<\/tr>\n<\/tbody>\n<\/table>\n<\/div>\n","protected":false},"excerpt":{"rendered":"<p>Uchwyt do TV 32-70&#8243; Perlegear PGTVS26-US Uchwyt do TV Perlegear PGTVS26-US to idealne rozwi\u0105zanie dla os\u00f3b poszukuj\u0105cych solidnej i estetycznej<\/p>\n","protected":false},"featured_media":45572,"comment_status":"closed","ping_status":"open","template":"","meta":{"_acf_changed":false},"product_brand":[],"product_cat":[5929,6021],"product_tag":[],"class_list":{"0":"post-59192","1":"product","2":"type-product","3":"status-publish","4":"has-post-thumbnail","6":"product_cat-akcesoria-it","7":"product_cat-uchwyty-do-tv","8":"pa_okres-gwarancji-5775","9":"pa_producent-perlegear","11":"first","12":"outofstock","13":"taxable","14":"shipping-taxable","15":"purchasable","16":"product-type-simple"},"acf":[],"yoast_head":"<!-- This site is optimized with the Yoast SEO plugin v27.2 - https:\/\/yoast.com\/product\/yoast-seo-wordpress\/ -->\n<title>Uchwyt do TV PERLEGEAR PGTVS26-US 32-70&quot; - IRONSKY.PL Sklep z Dronami<\/title>\n<meta name=\"description\" content=\"Uchwyt do TV PERLEGEAR PGTVS26-US 32-70&quot; - \u2705 sklep z dronami i fachowym doradztwem. \u2705 Tutaj kupisz produkty DJI, Yuneec, Parrot, Syma i wiele innych, a tak\u017ce kursy i licencje na operatora drona.\" \/>\n<meta name=\"robots\" content=\"index, follow, max-snippet:-1, max-image-preview:large, max-video-preview:-1\" \/>\n<link rel=\"canonical\" href=\"https:\/\/ironsky.pl\/sklep\/produkt\/uchwyt-do-tv-perlegear-pgtvs26-us-32-70\/\" \/>\n<meta property=\"og:locale\" content=\"pl_PL\" \/>\n<meta property=\"og:type\" content=\"article\" \/>\n<meta property=\"og:title\" content=\"Uchwyt do TV PERLEGEAR PGTVS26-US 32-70&quot; - IRONSKY.PL Sklep z Dronami\" \/>\n<meta property=\"og:description\" content=\"Uchwyt do TV PERLEGEAR PGTVS26-US 32-70&quot; - \u2705 sklep z dronami i fachowym doradztwem. \u2705 Tutaj kupisz produkty DJI, Yuneec, Parrot, Syma i wiele innych, a tak\u017ce kursy i licencje na operatora drona.\" \/>\n<meta property=\"og:url\" content=\"https:\/\/ironsky.pl\/sklep\/produkt\/uchwyt-do-tv-perlegear-pgtvs26-us-32-70\/\" \/>\n<meta property=\"og:site_name\" content=\"IRONSKY.PL Sklep z Dronami\" \/>\n<meta property=\"article:modified_time\" content=\"2026-04-15T08:44:50+00:00\" \/>\n<meta property=\"og:image\" content=\"https:\/\/ironsky.pl\/sklep\/wp-content\/uploads\/2025\/06\/45547_1.jpg\" \/>\n\t<meta property=\"og:image:width\" content=\"800\" \/>\n\t<meta property=\"og:image:height\" content=\"800\" \/>\n\t<meta property=\"og:image:type\" content=\"image\/jpeg\" \/>\n<meta name=\"twitter:card\" content=\"summary_large_image\" \/>\n<meta name=\"twitter:label1\" content=\"Szacowany czas czytania\" \/>\n\t<meta name=\"twitter:data1\" content=\"2 minuty\" \/>\n<script type=\"application\/ld+json\" class=\"yoast-schema-graph\">{\"@context\":\"https:\/\/schema.org\",\"@graph\":[{\"@type\":\"WebPage\",\"@id\":\"https:\/\/ironsky.pl\/sklep\/produkt\/uchwyt-do-tv-perlegear-pgtvs26-us-32-70\/\",\"url\":\"https:\/\/ironsky.pl\/sklep\/produkt\/uchwyt-do-tv-perlegear-pgtvs26-us-32-70\/\",\"name\":\"Uchwyt do TV PERLEGEAR PGTVS26-US 32-70\\\" - IRONSKY.PL Sklep z Dronami\",\"isPartOf\":{\"@id\":\"https:\/\/ironsky.pl\/sklep\/#website\"},\"primaryImageOfPage\":{\"@id\":\"https:\/\/ironsky.pl\/sklep\/produkt\/uchwyt-do-tv-perlegear-pgtvs26-us-32-70\/#primaryimage\"},\"image\":{\"@id\":\"https:\/\/ironsky.pl\/sklep\/produkt\/uchwyt-do-tv-perlegear-pgtvs26-us-32-70\/#primaryimage\"},\"thumbnailUrl\":\"https:\/\/ironsky.pl\/sklep\/wp-content\/uploads\/2025\/06\/45547_1.jpg\",\"datePublished\":\"2026-04-15T08:44:10+00:00\",\"dateModified\":\"2026-04-15T08:44:50+00:00\",\"description\":\"Uchwyt do TV PERLEGEAR PGTVS26-US 32-70\\\" - \u2705 sklep z dronami i fachowym doradztwem. \u2705 Tutaj kupisz produkty DJI, Yuneec, Parrot, Syma i wiele innych, a tak\u017ce kursy i licencje na operatora drona.\",\"breadcrumb\":{\"@id\":\"https:\/\/ironsky.pl\/sklep\/produkt\/uchwyt-do-tv-perlegear-pgtvs26-us-32-70\/#breadcrumb\"},\"inLanguage\":\"pl-PL\",\"potentialAction\":[{\"@type\":\"ReadAction\",\"target\":[\"https:\/\/ironsky.pl\/sklep\/produkt\/uchwyt-do-tv-perlegear-pgtvs26-us-32-70\/\"]}]},{\"@type\":\"ImageObject\",\"inLanguage\":\"pl-PL\",\"@id\":\"https:\/\/ironsky.pl\/sklep\/produkt\/uchwyt-do-tv-perlegear-pgtvs26-us-32-70\/#primaryimage\",\"url\":\"https:\/\/ironsky.pl\/sklep\/wp-content\/uploads\/2025\/06\/45547_1.jpg\",\"contentUrl\":\"https:\/\/ironsky.pl\/sklep\/wp-content\/uploads\/2025\/06\/45547_1.jpg\",\"width\":800,\"height\":800},{\"@type\":\"BreadcrumbList\",\"@id\":\"https:\/\/ironsky.pl\/sklep\/produkt\/uchwyt-do-tv-perlegear-pgtvs26-us-32-70\/#breadcrumb\",\"itemListElement\":[{\"@type\":\"ListItem\",\"position\":1,\"name\":\"Strona g\u0142\u00f3wna\",\"item\":\"https:\/\/ironsky.pl\/sklep\/\"},{\"@type\":\"ListItem\",\"position\":2,\"name\":\"Wszystkie produkty\",\"item\":\"https:\/\/ironsky.pl\/sklep\/produkty\/\"},{\"@type\":\"ListItem\",\"position\":3,\"name\":\"Uchwyt do TV PERLEGEAR PGTVS26-US 32-70&#8243;\"}]},{\"@type\":\"WebSite\",\"@id\":\"https:\/\/ironsky.pl\/sklep\/#website\",\"url\":\"https:\/\/ironsky.pl\/sklep\/\",\"name\":\"IRONSKY.PL Sklep z Dronami\",\"description\":\"IRONSKY.PL Sklep z Dronami\",\"potentialAction\":[{\"@type\":\"SearchAction\",\"target\":{\"@type\":\"EntryPoint\",\"urlTemplate\":\"https:\/\/ironsky.pl\/sklep\/?s={search_term_string}\"},\"query-input\":{\"@type\":\"PropertyValueSpecification\",\"valueRequired\":true,\"valueName\":\"search_term_string\"}}],\"inLanguage\":\"pl-PL\"}]}<\/script>\n<!-- \/ Yoast SEO plugin. -->","yoast_head_json":{"title":"Uchwyt do TV PERLEGEAR PGTVS26-US 32-70\" - IRONSKY.PL Sklep z Dronami","description":"Uchwyt do TV PERLEGEAR PGTVS26-US 32-70\" - \u2705 sklep z dronami i fachowym doradztwem. \u2705 Tutaj kupisz produkty DJI, Yuneec, Parrot, Syma i wiele innych, a tak\u017ce kursy i licencje na operatora drona.","robots":{"index":"index","follow":"follow","max-snippet":"max-snippet:-1","max-image-preview":"max-image-preview:large","max-video-preview":"max-video-preview:-1"},"canonical":"https:\/\/ironsky.pl\/sklep\/produkt\/uchwyt-do-tv-perlegear-pgtvs26-us-32-70\/","og_locale":"pl_PL","og_type":"article","og_title":"Uchwyt do TV PERLEGEAR PGTVS26-US 32-70\" - IRONSKY.PL Sklep z Dronami","og_description":"Uchwyt do TV PERLEGEAR PGTVS26-US 32-70\" - \u2705 sklep z dronami i fachowym doradztwem. \u2705 Tutaj kupisz produkty DJI, Yuneec, Parrot, Syma i wiele innych, a tak\u017ce kursy i licencje na operatora drona.","og_url":"https:\/\/ironsky.pl\/sklep\/produkt\/uchwyt-do-tv-perlegear-pgtvs26-us-32-70\/","og_site_name":"IRONSKY.PL Sklep z Dronami","article_modified_time":"2026-04-15T08:44:50+00:00","og_image":[{"width":800,"height":800,"url":"https:\/\/ironsky.pl\/sklep\/wp-content\/uploads\/2025\/06\/45547_1.jpg","type":"image\/jpeg"}],"twitter_card":"summary_large_image","twitter_misc":{"Szacowany czas czytania":"2 minuty"},"schema":{"@context":"https:\/\/schema.org","@graph":[{"@type":"WebPage","@id":"https:\/\/ironsky.pl\/sklep\/produkt\/uchwyt-do-tv-perlegear-pgtvs26-us-32-70\/","url":"https:\/\/ironsky.pl\/sklep\/produkt\/uchwyt-do-tv-perlegear-pgtvs26-us-32-70\/","name":"Uchwyt do TV PERLEGEAR PGTVS26-US 32-70\" - IRONSKY.PL Sklep z Dronami","isPartOf":{"@id":"https:\/\/ironsky.pl\/sklep\/#website"},"primaryImageOfPage":{"@id":"https:\/\/ironsky.pl\/sklep\/produkt\/uchwyt-do-tv-perlegear-pgtvs26-us-32-70\/#primaryimage"},"image":{"@id":"https:\/\/ironsky.pl\/sklep\/produkt\/uchwyt-do-tv-perlegear-pgtvs26-us-32-70\/#primaryimage"},"thumbnailUrl":"https:\/\/ironsky.pl\/sklep\/wp-content\/uploads\/2025\/06\/45547_1.jpg","datePublished":"2026-04-15T08:44:10+00:00","dateModified":"2026-04-15T08:44:50+00:00","description":"Uchwyt do TV PERLEGEAR PGTVS26-US 32-70\" - \u2705 sklep z dronami i fachowym doradztwem. \u2705 Tutaj kupisz produkty DJI, Yuneec, Parrot, Syma i wiele innych, a tak\u017ce kursy i licencje na operatora drona.","breadcrumb":{"@id":"https:\/\/ironsky.pl\/sklep\/produkt\/uchwyt-do-tv-perlegear-pgtvs26-us-32-70\/#breadcrumb"},"inLanguage":"pl-PL","potentialAction":[{"@type":"ReadAction","target":["https:\/\/ironsky.pl\/sklep\/produkt\/uchwyt-do-tv-perlegear-pgtvs26-us-32-70\/"]}]},{"@type":"ImageObject","inLanguage":"pl-PL","@id":"https:\/\/ironsky.pl\/sklep\/produkt\/uchwyt-do-tv-perlegear-pgtvs26-us-32-70\/#primaryimage","url":"https:\/\/ironsky.pl\/sklep\/wp-content\/uploads\/2025\/06\/45547_1.jpg","contentUrl":"https:\/\/ironsky.pl\/sklep\/wp-content\/uploads\/2025\/06\/45547_1.jpg","width":800,"height":800},{"@type":"BreadcrumbList","@id":"https:\/\/ironsky.pl\/sklep\/produkt\/uchwyt-do-tv-perlegear-pgtvs26-us-32-70\/#breadcrumb","itemListElement":[{"@type":"ListItem","position":1,"name":"Strona g\u0142\u00f3wna","item":"https:\/\/ironsky.pl\/sklep\/"},{"@type":"ListItem","position":2,"name":"Wszystkie produkty","item":"https:\/\/ironsky.pl\/sklep\/produkty\/"},{"@type":"ListItem","position":3,"name":"Uchwyt do TV PERLEGEAR PGTVS26-US 32-70&#8243;"}]},{"@type":"WebSite","@id":"https:\/\/ironsky.pl\/sklep\/#website","url":"https:\/\/ironsky.pl\/sklep\/","name":"IRONSKY.PL Sklep z Dronami","description":"IRONSKY.PL Sklep z Dronami","potentialAction":[{"@type":"SearchAction","target":{"@type":"EntryPoint","urlTemplate":"https:\/\/ironsky.pl\/sklep\/?s={search_term_string}"},"query-input":{"@type":"PropertyValueSpecification","valueRequired":true,"valueName":"search_term_string"}}],"inLanguage":"pl-PL"}]}},"_links":{"self":[{"href":"https:\/\/ironsky.pl\/sklep\/wp-json\/wp\/v2\/product\/59192","targetHints":{"allow":["GET"]}}],"collection":[{"href":"https:\/\/ironsky.pl\/sklep\/wp-json\/wp\/v2\/product"}],"about":[{"href":"https:\/\/ironsky.pl\/sklep\/wp-json\/wp\/v2\/types\/product"}],"replies":[{"embeddable":true,"href":"https:\/\/ironsky.pl\/sklep\/wp-json\/wp\/v2\/comments?post=59192"}],"wp:featuredmedia":[{"embeddable":true,"href":"https:\/\/ironsky.pl\/sklep\/wp-json\/wp\/v2\/media\/45572"}],"wp:attachment":[{"href":"https:\/\/ironsky.pl\/sklep\/wp-json\/wp\/v2\/media?parent=59192"}],"wp:term":[{"taxonomy":"product_brand","embeddable":true,"href":"https:\/\/ironsky.pl\/sklep\/wp-json\/wp\/v2\/product_brand?post=59192"},{"taxonomy":"product_cat","embeddable":true,"href":"https:\/\/ironsky.pl\/sklep\/wp-json\/wp\/v2\/product_cat?post=59192"},{"taxonomy":"product_tag","embeddable":true,"href":"https:\/\/ironsky.pl\/sklep\/wp-json\/wp\/v2\/product_tag?post=59192"}],"curies":[{"name":"wp","href":"https:\/\/api.w.org\/{rel}","templated":true}]}}