{"id":59190,"date":"2026-04-15T10:44:10","date_gmt":"2026-04-15T08:44:10","guid":{"rendered":"https:\/\/ironsky.pl\/sklep\/produkt\/uchwyt-do-tv-perlesmith-pstvs13-37-75\/"},"modified":"2026-04-15T10:44:48","modified_gmt":"2026-04-15T08:44:48","slug":"uchwyt-do-tv-perlesmith-pstvs13-37-75","status":"publish","type":"product","link":"https:\/\/ironsky.pl\/sklep\/produkt\/uchwyt-do-tv-perlesmith-pstvs13-37-75\/","title":{"rendered":"Uchwyt do TV PERLESMITH PSTVS13 37-75&#8243;"},"content":{"rendered":"<h3>Uchwyt do TV 37-75&#8243; Perlesmith PSTVS13<\/h3>\n<p>Uchwyt Perlesmith PSTVS13 jest przeznaczony dla telewizor\u00f3w o przek\u0105tnej w zakresie od 37 do 75 cali. Dzi\u0119ki swojej uniwersalno\u015bci i solidnej konstrukcji stanowi on doskona\u0142y wyb\u00f3r dla os\u00f3b, kt\u00f3re poszukuj\u0105 stabilnego i funkcjonalnego rozwi\u0105zania do zamocowania swojego urz\u0105dzenia. Produkt oferuje mo\u017cliwo\u015b\u0107 obrotu ekranu i regulacji wysoko\u015bci.<\/p>\n<p>\n<img decoding=\"async\" src=\"https:\/\/assets.innpro.pl\/8812\/10307\/1.jpg\" border=\"0\" \/>\n<\/p>\n<h3>Mo\u017cliwo\u015b\u0107 obrotu<\/h3>\n<p>Mo\u017cliwo\u015b\u0107 obrotu telewizora o 30\u00b0 pozwala na \u0142atwe dostosowanie k\u0105ta ogl\u0105dania do w\u0142asnych preferencji, co jest szczeg\u00f3lnie przydatne w przypadku pomieszcze\u0144, w kt\u00f3rych kanapa lub fotele nie s\u0105 ustawione bezpo\u015brednio naprzeciwko urz\u0105dzenia. Dzi\u0119ki temu zawsze b\u0119dziesz cieszy\u0107 si\u0119 optymalnym obrazem.<\/p>\n<p>\n<img decoding=\"async\" src=\"https:\/\/assets.innpro.pl\/8812\/10307\/5.jpg\" border=\"0\" \/>\n<\/p>\n<h3>Dopracowana konstrukcja<\/h3>\n<p>Zintegrowana konstrukcja uchwytu u\u0142atwia zarz\u0105dzanie kablami, co zapewnia estetyczny wygl\u0105d i zapobiega przypadkowemu ich uszkodzeniu. Antypo\u015blizgowe podk\u0142adki gwarantuj\u0105 stabilno\u015b\u0107 telewizora na dowolnej powierzchni.<\/p>\n<p>\n<img decoding=\"async\" src=\"https:\/\/assets.innpro.pl\/8812\/10307\/3.jpg\" border=\"0\" \/>\n<\/p>\n<h3>Regulacja wysoko\u015bci<\/h3>\n<p>Perlesmith PSTVS13 umo\u017cliwia regulacj\u0119 wysoko\u015bci w zakresie od 18,23 do 21,38\u201d. Mo\u017cesz wi\u0119c dopasowa\u0107 wysoko\u015b\u0107 ekranu do poziomu oczu, co jest istotne dla komfortu ogl\u0105dania oraz ergonomii u\u017cytkowania.<\/p>\n<p>\n<img decoding=\"async\" src=\"https:\/\/assets.innpro.pl\/8812\/10307\/6.jpg\" border=\"0\" \/>\n<\/p>\n<h3>\u0141atwo\u015b\u0107 monta\u017cu<\/h3>\n<p>Monta\u017c uchwytu jest niezwykle prosty i nie wymaga specjalistycznych narz\u0119dzi. Dzi\u0119ki za\u0142\u0105czonym instrukcjom i zastosowaniu tylko czterech \u015brub instalacja produktu zajmie niewiele czasu i mo\u017ce by\u0107 wykonana samodzielnie.<\/p>\n<p>\n<img decoding=\"async\" src=\"https:\/\/assets.innpro.pl\/8812\/10307\/4.jpg\" border=\"0\" \/>\n<\/p>\n<div class=\"table-wrapper\">\n<p>\u00a0<\/p>\n<h3><\/h3>\n<table>\n<tbody>\n<tr>\n<th>Producent<\/th>\n<td>Perlesmith<\/td>\n<\/tr>\n<tr>\n<th>Model<\/th>\n<td>PSTVS13<\/td>\n<\/tr>\n<tr>\n<th>Kompatybilno\u015b\u0107 <\/th>\n<td>telewizory o przek\u0105tnej w zakresie od 37&#8243; do 75&#8243;<\/td>\n<\/tr>\n<tr>\n<th>Standardy VESA<\/th>\n<td>minimalny: 200 x 100 mm \/ maksymalny: 600 x 400 mm<\/td>\n<\/tr>\n<tr>\n<th>Maksymalny ud\u017awig<\/th>\n<td>39,9 kg<\/td>\n<\/tr>\n<tr>\n<th>Regulacja obrotu<\/th>\n<td> \u00b130\u00b0<\/td>\n<\/tr>\n<tr>\n<th>Zakres regulacji wysoko\u015bci<\/th>\n<td>od ok. 46,3 cm do 54,3 cm<\/td>\n<\/tr>\n<\/tbody>\n<\/table>\n<\/div>\n","protected":false},"excerpt":{"rendered":"<p>Uchwyt do TV 37-75&#8243; Perlesmith PSTVS13 Uchwyt Perlesmith PSTVS13 jest przeznaczony dla telewizor\u00f3w o przek\u0105tnej w zakresie od 37 do<\/p>\n","protected":false},"featured_media":45564,"comment_status":"closed","ping_status":"open","template":"","meta":{"_acf_changed":false},"product_brand":[],"product_cat":[5929,6021],"product_tag":[],"class_list":{"0":"post-59190","1":"product","2":"type-product","3":"status-publish","4":"has-post-thumbnail","6":"product_cat-akcesoria-it","7":"product_cat-uchwyty-do-tv","8":"pa_okres-gwarancji-5775","9":"pa_producent-perlesmith","11":"first","12":"outofstock","13":"taxable","14":"shipping-taxable","15":"purchasable","16":"product-type-simple"},"acf":[],"yoast_head":"<!-- This site is optimized with the Yoast SEO plugin v27.2 - https:\/\/yoast.com\/product\/yoast-seo-wordpress\/ -->\n<title>Uchwyt do TV PERLESMITH PSTVS13 37-75&quot; - IRONSKY.PL Sklep z Dronami<\/title>\n<meta name=\"description\" content=\"Uchwyt do TV PERLESMITH PSTVS13 37-75&quot; - \u2705 sklep z dronami i fachowym doradztwem. \u2705 Tutaj kupisz produkty DJI, Yuneec, Parrot, Syma i wiele innych, a tak\u017ce kursy i licencje na operatora drona.\" \/>\n<meta name=\"robots\" content=\"index, follow, max-snippet:-1, max-image-preview:large, max-video-preview:-1\" \/>\n<link rel=\"canonical\" href=\"https:\/\/ironsky.pl\/sklep\/produkt\/uchwyt-do-tv-perlesmith-pstvs13-37-75\/\" \/>\n<meta property=\"og:locale\" content=\"pl_PL\" \/>\n<meta property=\"og:type\" content=\"article\" \/>\n<meta property=\"og:title\" content=\"Uchwyt do TV PERLESMITH PSTVS13 37-75&quot; - IRONSKY.PL Sklep z Dronami\" \/>\n<meta property=\"og:description\" content=\"Uchwyt do TV PERLESMITH PSTVS13 37-75&quot; - \u2705 sklep z dronami i fachowym doradztwem. \u2705 Tutaj kupisz produkty DJI, Yuneec, Parrot, Syma i wiele innych, a tak\u017ce kursy i licencje na operatora drona.\" \/>\n<meta property=\"og:url\" content=\"https:\/\/ironsky.pl\/sklep\/produkt\/uchwyt-do-tv-perlesmith-pstvs13-37-75\/\" \/>\n<meta property=\"og:site_name\" content=\"IRONSKY.PL Sklep z Dronami\" \/>\n<meta property=\"article:modified_time\" content=\"2026-04-15T08:44:48+00:00\" \/>\n<meta property=\"og:image\" content=\"https:\/\/ironsky.pl\/sklep\/wp-content\/uploads\/2025\/06\/45544_2.jpg\" \/>\n\t<meta property=\"og:image:width\" content=\"800\" \/>\n\t<meta property=\"og:image:height\" content=\"800\" \/>\n\t<meta property=\"og:image:type\" content=\"image\/jpeg\" \/>\n<meta name=\"twitter:card\" content=\"summary_large_image\" \/>\n<meta name=\"twitter:label1\" content=\"Szacowany czas czytania\" \/>\n\t<meta name=\"twitter:data1\" content=\"1 minuta\" \/>\n<script type=\"application\/ld+json\" class=\"yoast-schema-graph\">{\"@context\":\"https:\/\/schema.org\",\"@graph\":[{\"@type\":\"WebPage\",\"@id\":\"https:\/\/ironsky.pl\/sklep\/produkt\/uchwyt-do-tv-perlesmith-pstvs13-37-75\/\",\"url\":\"https:\/\/ironsky.pl\/sklep\/produkt\/uchwyt-do-tv-perlesmith-pstvs13-37-75\/\",\"name\":\"Uchwyt do TV PERLESMITH PSTVS13 37-75\\\" - IRONSKY.PL Sklep z Dronami\",\"isPartOf\":{\"@id\":\"https:\/\/ironsky.pl\/sklep\/#website\"},\"primaryImageOfPage\":{\"@id\":\"https:\/\/ironsky.pl\/sklep\/produkt\/uchwyt-do-tv-perlesmith-pstvs13-37-75\/#primaryimage\"},\"image\":{\"@id\":\"https:\/\/ironsky.pl\/sklep\/produkt\/uchwyt-do-tv-perlesmith-pstvs13-37-75\/#primaryimage\"},\"thumbnailUrl\":\"https:\/\/ironsky.pl\/sklep\/wp-content\/uploads\/2025\/06\/45544_2.jpg\",\"datePublished\":\"2026-04-15T08:44:10+00:00\",\"dateModified\":\"2026-04-15T08:44:48+00:00\",\"description\":\"Uchwyt do TV PERLESMITH PSTVS13 37-75\\\" - \u2705 sklep z dronami i fachowym doradztwem. \u2705 Tutaj kupisz produkty DJI, Yuneec, Parrot, Syma i wiele innych, a tak\u017ce kursy i licencje na operatora drona.\",\"breadcrumb\":{\"@id\":\"https:\/\/ironsky.pl\/sklep\/produkt\/uchwyt-do-tv-perlesmith-pstvs13-37-75\/#breadcrumb\"},\"inLanguage\":\"pl-PL\",\"potentialAction\":[{\"@type\":\"ReadAction\",\"target\":[\"https:\/\/ironsky.pl\/sklep\/produkt\/uchwyt-do-tv-perlesmith-pstvs13-37-75\/\"]}]},{\"@type\":\"ImageObject\",\"inLanguage\":\"pl-PL\",\"@id\":\"https:\/\/ironsky.pl\/sklep\/produkt\/uchwyt-do-tv-perlesmith-pstvs13-37-75\/#primaryimage\",\"url\":\"https:\/\/ironsky.pl\/sklep\/wp-content\/uploads\/2025\/06\/45544_2.jpg\",\"contentUrl\":\"https:\/\/ironsky.pl\/sklep\/wp-content\/uploads\/2025\/06\/45544_2.jpg\",\"width\":800,\"height\":800},{\"@type\":\"BreadcrumbList\",\"@id\":\"https:\/\/ironsky.pl\/sklep\/produkt\/uchwyt-do-tv-perlesmith-pstvs13-37-75\/#breadcrumb\",\"itemListElement\":[{\"@type\":\"ListItem\",\"position\":1,\"name\":\"Strona g\u0142\u00f3wna\",\"item\":\"https:\/\/ironsky.pl\/sklep\/\"},{\"@type\":\"ListItem\",\"position\":2,\"name\":\"Wszystkie produkty\",\"item\":\"https:\/\/ironsky.pl\/sklep\/produkty\/\"},{\"@type\":\"ListItem\",\"position\":3,\"name\":\"Uchwyt do TV PERLESMITH PSTVS13 37-75&#8243;\"}]},{\"@type\":\"WebSite\",\"@id\":\"https:\/\/ironsky.pl\/sklep\/#website\",\"url\":\"https:\/\/ironsky.pl\/sklep\/\",\"name\":\"IRONSKY.PL Sklep z Dronami\",\"description\":\"IRONSKY.PL Sklep z Dronami\",\"potentialAction\":[{\"@type\":\"SearchAction\",\"target\":{\"@type\":\"EntryPoint\",\"urlTemplate\":\"https:\/\/ironsky.pl\/sklep\/?s={search_term_string}\"},\"query-input\":{\"@type\":\"PropertyValueSpecification\",\"valueRequired\":true,\"valueName\":\"search_term_string\"}}],\"inLanguage\":\"pl-PL\"}]}<\/script>\n<!-- \/ Yoast SEO plugin. -->","yoast_head_json":{"title":"Uchwyt do TV PERLESMITH PSTVS13 37-75\" - IRONSKY.PL Sklep z Dronami","description":"Uchwyt do TV PERLESMITH PSTVS13 37-75\" - \u2705 sklep z dronami i fachowym doradztwem. \u2705 Tutaj kupisz produkty DJI, Yuneec, Parrot, Syma i wiele innych, a tak\u017ce kursy i licencje na operatora drona.","robots":{"index":"index","follow":"follow","max-snippet":"max-snippet:-1","max-image-preview":"max-image-preview:large","max-video-preview":"max-video-preview:-1"},"canonical":"https:\/\/ironsky.pl\/sklep\/produkt\/uchwyt-do-tv-perlesmith-pstvs13-37-75\/","og_locale":"pl_PL","og_type":"article","og_title":"Uchwyt do TV PERLESMITH PSTVS13 37-75\" - IRONSKY.PL Sklep z Dronami","og_description":"Uchwyt do TV PERLESMITH PSTVS13 37-75\" - \u2705 sklep z dronami i fachowym doradztwem. \u2705 Tutaj kupisz produkty DJI, Yuneec, Parrot, Syma i wiele innych, a tak\u017ce kursy i licencje na operatora drona.","og_url":"https:\/\/ironsky.pl\/sklep\/produkt\/uchwyt-do-tv-perlesmith-pstvs13-37-75\/","og_site_name":"IRONSKY.PL Sklep z Dronami","article_modified_time":"2026-04-15T08:44:48+00:00","og_image":[{"width":800,"height":800,"url":"https:\/\/ironsky.pl\/sklep\/wp-content\/uploads\/2025\/06\/45544_2.jpg","type":"image\/jpeg"}],"twitter_card":"summary_large_image","twitter_misc":{"Szacowany czas czytania":"1 minuta"},"schema":{"@context":"https:\/\/schema.org","@graph":[{"@type":"WebPage","@id":"https:\/\/ironsky.pl\/sklep\/produkt\/uchwyt-do-tv-perlesmith-pstvs13-37-75\/","url":"https:\/\/ironsky.pl\/sklep\/produkt\/uchwyt-do-tv-perlesmith-pstvs13-37-75\/","name":"Uchwyt do TV PERLESMITH PSTVS13 37-75\" - IRONSKY.PL Sklep z Dronami","isPartOf":{"@id":"https:\/\/ironsky.pl\/sklep\/#website"},"primaryImageOfPage":{"@id":"https:\/\/ironsky.pl\/sklep\/produkt\/uchwyt-do-tv-perlesmith-pstvs13-37-75\/#primaryimage"},"image":{"@id":"https:\/\/ironsky.pl\/sklep\/produkt\/uchwyt-do-tv-perlesmith-pstvs13-37-75\/#primaryimage"},"thumbnailUrl":"https:\/\/ironsky.pl\/sklep\/wp-content\/uploads\/2025\/06\/45544_2.jpg","datePublished":"2026-04-15T08:44:10+00:00","dateModified":"2026-04-15T08:44:48+00:00","description":"Uchwyt do TV PERLESMITH PSTVS13 37-75\" - \u2705 sklep z dronami i fachowym doradztwem. \u2705 Tutaj kupisz produkty DJI, Yuneec, Parrot, Syma i wiele innych, a tak\u017ce kursy i licencje na operatora drona.","breadcrumb":{"@id":"https:\/\/ironsky.pl\/sklep\/produkt\/uchwyt-do-tv-perlesmith-pstvs13-37-75\/#breadcrumb"},"inLanguage":"pl-PL","potentialAction":[{"@type":"ReadAction","target":["https:\/\/ironsky.pl\/sklep\/produkt\/uchwyt-do-tv-perlesmith-pstvs13-37-75\/"]}]},{"@type":"ImageObject","inLanguage":"pl-PL","@id":"https:\/\/ironsky.pl\/sklep\/produkt\/uchwyt-do-tv-perlesmith-pstvs13-37-75\/#primaryimage","url":"https:\/\/ironsky.pl\/sklep\/wp-content\/uploads\/2025\/06\/45544_2.jpg","contentUrl":"https:\/\/ironsky.pl\/sklep\/wp-content\/uploads\/2025\/06\/45544_2.jpg","width":800,"height":800},{"@type":"BreadcrumbList","@id":"https:\/\/ironsky.pl\/sklep\/produkt\/uchwyt-do-tv-perlesmith-pstvs13-37-75\/#breadcrumb","itemListElement":[{"@type":"ListItem","position":1,"name":"Strona g\u0142\u00f3wna","item":"https:\/\/ironsky.pl\/sklep\/"},{"@type":"ListItem","position":2,"name":"Wszystkie produkty","item":"https:\/\/ironsky.pl\/sklep\/produkty\/"},{"@type":"ListItem","position":3,"name":"Uchwyt do TV PERLESMITH PSTVS13 37-75&#8243;"}]},{"@type":"WebSite","@id":"https:\/\/ironsky.pl\/sklep\/#website","url":"https:\/\/ironsky.pl\/sklep\/","name":"IRONSKY.PL Sklep z Dronami","description":"IRONSKY.PL Sklep z Dronami","potentialAction":[{"@type":"SearchAction","target":{"@type":"EntryPoint","urlTemplate":"https:\/\/ironsky.pl\/sklep\/?s={search_term_string}"},"query-input":{"@type":"PropertyValueSpecification","valueRequired":true,"valueName":"search_term_string"}}],"inLanguage":"pl-PL"}]}},"_links":{"self":[{"href":"https:\/\/ironsky.pl\/sklep\/wp-json\/wp\/v2\/product\/59190","targetHints":{"allow":["GET"]}}],"collection":[{"href":"https:\/\/ironsky.pl\/sklep\/wp-json\/wp\/v2\/product"}],"about":[{"href":"https:\/\/ironsky.pl\/sklep\/wp-json\/wp\/v2\/types\/product"}],"replies":[{"embeddable":true,"href":"https:\/\/ironsky.pl\/sklep\/wp-json\/wp\/v2\/comments?post=59190"}],"wp:featuredmedia":[{"embeddable":true,"href":"https:\/\/ironsky.pl\/sklep\/wp-json\/wp\/v2\/media\/45564"}],"wp:attachment":[{"href":"https:\/\/ironsky.pl\/sklep\/wp-json\/wp\/v2\/media?parent=59190"}],"wp:term":[{"taxonomy":"product_brand","embeddable":true,"href":"https:\/\/ironsky.pl\/sklep\/wp-json\/wp\/v2\/product_brand?post=59190"},{"taxonomy":"product_cat","embeddable":true,"href":"https:\/\/ironsky.pl\/sklep\/wp-json\/wp\/v2\/product_cat?post=59190"},{"taxonomy":"product_tag","embeddable":true,"href":"https:\/\/ironsky.pl\/sklep\/wp-json\/wp\/v2\/product_tag?post=59190"}],"curies":[{"name":"wp","href":"https:\/\/api.w.org\/{rel}","templated":true}]}}