{"id":59186,"date":"2026-04-15T10:44:10","date_gmt":"2026-04-15T08:44:10","guid":{"rendered":"https:\/\/ironsky.pl\/sklep\/produkt\/lampa-pierscieniowa-puluz-z-uchwytem-na-telefon\/"},"modified":"2026-04-15T10:44:46","modified_gmt":"2026-04-15T08:44:46","slug":"lampa-pierscieniowa-puluz-z-uchwytem-na-telefon","status":"publish","type":"product","link":"https:\/\/ironsky.pl\/sklep\/produkt\/lampa-pierscieniowa-puluz-z-uchwytem-na-telefon\/","title":{"rendered":"Lampa pier\u015bcieniowa PULUZ z uchwytem na telefon"},"content":{"rendered":"<h3>Lampa pier\u015bcieniowa z uchwytem na telefon PULUZ<\/h3>\n<p>Pragniesz, aby Twoje zdj\u0119cia wygl\u0105da\u0142y naturalnie i realistycznie, a ich kolorystyka nabra\u0142a wyj\u0105tkowego nasycenia i bogactwa? Lampa pier\u015bcieniowa PULUZ sprawi, \u017ce Twoje fotografie wkrocz\u0105 na zupe\u0142nie nowy poziom. Urz\u0105dzenie mo\u017ce by\u0107 zamontowane na uchwycie i \u0142atwo przenoszone w dowolne miejsce. W razie potrzeby mo\u017cna je zdj\u0105\u0107 ze stojaka, a g\u0142owic\u0119 kulow\u0105 statywu obraca\u0107 o 360 stopni, co umo\u017cliwia ustawienie lampy pod dowolnym k\u0105tem.<\/p>\n<p>\n<img decoding=\"async\" src=\"https:\/\/assets.innpro.pl\/8457\/9876\/6.jpg\" border=\"0\" \/>\n<\/p>\n<h3>Wysokiej jako\u015bci o\u015bwietlenie<\/h3>\n<p>Lampa sk\u0142ada si\u0119 ze 160 energooszcz\u0119dnych diod LED, kt\u00f3re zapewniaj\u0105 doskona\u0142e odprowadzanie ciep\u0142a i nap\u0119d sta\u0142opr\u0105dowy. Wysokie oddawanie barw zmi\u0119kcza \u017ar\u00f3d\u0142o \u015bwiat\u0142a i poprawia koloryt sk\u00f3ry w fotografii portretowej, sprawiaj\u0105c, \u017ce zdj\u0119cia wygl\u0105daj\u0105 bardziej naturalnie i atrakcyjnie. <\/p>\n<p>\n<img decoding=\"async\" src=\"https:\/\/assets.innpro.pl\/8457\/9876\/3.jpg\" border=\"0\" \/>\n<\/p>\n<h3>Regulacja koloru i jasno\u015bci<\/h3>\n<p>Lampa oferuje trzy tryby o\u015bwietlenia w r\u00f3\u017cnych kolorach oraz regulowan\u0105 jasno\u015b\u0107, co pozwala \u0142atwo dostosowa\u0107 kolor i intensywno\u015b\u0107 \u015bwiat\u0142a. Dzi\u0119ki temu mo\u017cna osi\u0105gn\u0105\u0107 doskona\u0142\u0105 jasno\u015b\u0107 bez konieczno\u015bci instalowania dodatkowych kolorowych filtr\u00f3w. Ten atut jest nie tylko niezwykle wygodny, ale r\u00f3wnie\u017c praktyczny w ka\u017cdej sytuacji. <\/p>\n<p>\n<img decoding=\"async\" src=\"https:\/\/assets.innpro.pl\/8457\/9876\/1.jpg\" border=\"0\" \/>\n<\/p>\n<h3>Uniwersalne zasilanie<\/h3>\n<p>Port typu C umo\u017cliwia pod\u0142\u0105czenie lampy do wielu urz\u0105dze\u0144, takich jak komputer stacjonarny, laptop lub \u0142adowarka typu C. Dzi\u0119ki temu mo\u017cesz cieszy\u0107 si\u0119 o\u015bwietleniem pier\u015bcieniowym LED w dowolnym momencie i miejscu. <\/p>\n<p>\n<img decoding=\"async\" src=\"https:\/\/assets.innpro.pl\/8457\/9876\/8.jpg\" border=\"0\" \/>\n<\/p>\n<h3>Lekka i przeno\u015bna<\/h3>\n<p>Lampa pier\u015bcieniowa PULUZ charakteryzuje si\u0119 lekk\u0105 i przeno\u015bn\u0105 konstrukcj\u0105, co czyni j\u0105 wygodn\u0105 w u\u017cyciu i noszeniu podczas podr\u00f3\u017cy lub pracy na \u015bwie\u017cym powietrzu. Jest to idealne rozwi\u0105zanie dla os\u00f3b potrzebuj\u0105cych mobilnego o\u015bwietlenia. Dzi\u0119ki temu mo\u017cesz tworzy\u0107 imponuj\u0105ce fotografie w plenerze.<\/p>\n<p>\n<img decoding=\"async\" src=\"https:\/\/assets.innpro.pl\/8457\/9876\/9.jpg\" border=\"0\" \/>\n<\/p>\n<h3>Szerokie zastosowanie<\/h3>\n<p>Zacisk telefoniczny jest odpowiedni dla telefon\u00f3w kom\u00f3rkowych o szeroko\u015bci od 6 do 8,5 cm, co pozwala na \u0142atwe mocowanie wi\u0119kszo\u015bci smartfon\u00f3w. Lampa jest niezawodna do o\u015bwietlenia zdj\u0119\u0107 zewn\u0119trznych, wype\u0142niania ciemnych pomieszcze\u0144 \u015bwiat\u0142em, portret\u00f3w, fotografii modowej, reklamowej, nagrywania film\u00f3w i wielu innych zastosowa\u0144.<\/p>\n<p>\n<img decoding=\"async\" src=\"https:\/\/assets.innpro.pl\/8457\/9876\/5.jpg\" border=\"0\" \/>\n<\/p>\n<h3>W zestawie:<\/h3>\n<ul class=\"list-disc pl-5\">\n<li>\u015bwiat\u0142a LED Ring Video<\/li>\n<li>g\u0142owica kulowa statywu Cold Shoe<\/li>\n<li>uchwyt na telefon<\/li>\n<li>kolorowe pude\u0142ko <\/li>\n<\/ul>\n<div class=\"table-wrapper\">\n<p>\u00a0<\/p>\n<h3><\/h3>\n<table>\n<tbody>\n<tr>\n<th>Producent<\/th>\n<td>Puluz<\/td>\n<\/tr>\n<tr>\n<th>Ilo\u015b\u0107 lampek LED<\/th>\n<td>160<\/td>\n<\/tr>\n<tr>\n<th>Model lampek LED<\/th>\n<td>2835<\/td>\n<\/tr>\n<tr>\n<th>Jasno\u015b\u0107 \u015bwiat\u0142a<\/th>\n<td>24-26lm<\/td>\n<\/tr>\n<tr>\n<th>Temperatura barwowa \u015bwiat\u0142a bia\u0142ego (jasny)<\/th>\n<td>6500K<\/td>\n<\/tr>\n<tr>\n<th>Temperatura barwowa \u015bwiat\u0142a bia\u0142ego (ciep\u0142y)<\/th>\n<td>3200K<\/td>\n<\/tr>\n<tr>\n<th>Moc<\/th>\n<td>1.8W-20W<\/td>\n<\/tr>\n<tr>\n<th>Napi\u0119cie<\/th>\n<td>PD, QC, FPC, AFC (szybkie \u0142adowanie) 9V<\/td>\n<\/tr>\n<tr>\n<th>Zakres \u015bciemniania<\/th>\n<td>1%-100%<\/td>\n<\/tr>\n<tr>\n<th>Materia\u0142 obudowy<\/th>\n<td>ABS, akrylowa lekka pow\u0142oka<\/td>\n<\/tr>\n<tr>\n<th>Wymiary<\/th>\n<td>obudowa 30cmx35cm; uchwyt na telefon 6cmx8.5cm<\/td>\n<\/tr>\n<tr>\n<th>Port<\/th>\n<td>USB-C<\/td>\n<\/tr>\n<tr>\n<th>D\u0142ugo\u015b\u0107 kabla<\/th>\n<td>2m<\/td>\n<\/tr>\n<tr>\n<th>Ilo\u015b\u0107 tryb\u00f3w o\u015bwietlenia<\/th>\n<td>10<\/td>\n<\/tr>\n<tr>\n<th>Ilo\u015b\u0107 kolor\u00f3w temperatury<\/th>\n<td>3<\/td>\n<\/tr>\n<\/tbody>\n<\/table>\n<\/div>\n","protected":false},"excerpt":{"rendered":"<p>Lampa pier\u015bcieniowa z uchwytem na telefon PULUZ Pragniesz, aby Twoje zdj\u0119cia wygl\u0105da\u0142y naturalnie i realistycznie, a ich kolorystyka nabra\u0142a wyj\u0105tkowego<\/p>\n","protected":false},"featured_media":59187,"comment_status":"closed","ping_status":"open","template":"","meta":{"_acf_changed":false},"product_brand":[],"product_cat":[1128,6186,6182],"product_tag":[],"class_list":{"0":"post-59186","1":"product","2":"type-product","3":"status-publish","4":"has-post-thumbnail","6":"product_cat-foto-wideo","7":"product_cat-lampy","8":"product_cat-studio-fotograficzne","9":"pa_producent-puluz","11":"first","12":"outofstock","13":"taxable","14":"shipping-taxable","15":"purchasable","16":"product-type-simple"},"acf":[],"yoast_head":"<!-- This site is optimized with the Yoast SEO plugin v27.2 - https:\/\/yoast.com\/product\/yoast-seo-wordpress\/ -->\n<title>Lampa pier\u015bcieniowa PULUZ z uchwytem na telefon - IRONSKY.PL Sklep z Dronami<\/title>\n<meta name=\"description\" content=\"Lampa pier\u015bcieniowa PULUZ z uchwytem na telefon - \u2705 sklep z dronami i fachowym doradztwem. \u2705 Tutaj kupisz produkty DJI, Yuneec, Parrot, Syma i wiele innych, a tak\u017ce kursy i licencje na operatora drona.\" \/>\n<meta name=\"robots\" content=\"index, follow, max-snippet:-1, max-image-preview:large, max-video-preview:-1\" \/>\n<link rel=\"canonical\" href=\"https:\/\/ironsky.pl\/sklep\/produkt\/lampa-pierscieniowa-puluz-z-uchwytem-na-telefon\/\" \/>\n<meta property=\"og:locale\" content=\"pl_PL\" \/>\n<meta property=\"og:type\" content=\"article\" \/>\n<meta property=\"og:title\" content=\"Lampa pier\u015bcieniowa PULUZ z uchwytem na telefon - IRONSKY.PL Sklep z Dronami\" \/>\n<meta property=\"og:description\" content=\"Lampa pier\u015bcieniowa PULUZ z uchwytem na telefon - \u2705 sklep z dronami i fachowym doradztwem. \u2705 Tutaj kupisz produkty DJI, Yuneec, Parrot, Syma i wiele innych, a tak\u017ce kursy i licencje na operatora drona.\" \/>\n<meta property=\"og:url\" content=\"https:\/\/ironsky.pl\/sklep\/produkt\/lampa-pierscieniowa-puluz-z-uchwytem-na-telefon\/\" \/>\n<meta property=\"og:site_name\" content=\"IRONSKY.PL Sklep z Dronami\" \/>\n<meta property=\"article:modified_time\" content=\"2026-04-15T08:44:46+00:00\" \/>\n<meta property=\"og:image\" content=\"https:\/\/ironsky.pl\/sklep\/wp-content\/uploads\/2026\/04\/45537_1.jpg\" \/>\n\t<meta property=\"og:image:width\" content=\"800\" \/>\n\t<meta property=\"og:image:height\" content=\"800\" \/>\n\t<meta property=\"og:image:type\" content=\"image\/jpeg\" \/>\n<meta name=\"twitter:card\" content=\"summary_large_image\" \/>\n<meta name=\"twitter:label1\" content=\"Szacowany czas czytania\" \/>\n\t<meta name=\"twitter:data1\" content=\"2 minuty\" \/>\n<script type=\"application\/ld+json\" class=\"yoast-schema-graph\">{\"@context\":\"https:\/\/schema.org\",\"@graph\":[{\"@type\":\"WebPage\",\"@id\":\"https:\/\/ironsky.pl\/sklep\/produkt\/lampa-pierscieniowa-puluz-z-uchwytem-na-telefon\/\",\"url\":\"https:\/\/ironsky.pl\/sklep\/produkt\/lampa-pierscieniowa-puluz-z-uchwytem-na-telefon\/\",\"name\":\"Lampa pier\u015bcieniowa PULUZ z uchwytem na telefon - IRONSKY.PL Sklep z Dronami\",\"isPartOf\":{\"@id\":\"https:\/\/ironsky.pl\/sklep\/#website\"},\"primaryImageOfPage\":{\"@id\":\"https:\/\/ironsky.pl\/sklep\/produkt\/lampa-pierscieniowa-puluz-z-uchwytem-na-telefon\/#primaryimage\"},\"image\":{\"@id\":\"https:\/\/ironsky.pl\/sklep\/produkt\/lampa-pierscieniowa-puluz-z-uchwytem-na-telefon\/#primaryimage\"},\"thumbnailUrl\":\"https:\/\/ironsky.pl\/sklep\/wp-content\/uploads\/2026\/04\/45537_1.jpg\",\"datePublished\":\"2026-04-15T08:44:10+00:00\",\"dateModified\":\"2026-04-15T08:44:46+00:00\",\"description\":\"Lampa pier\u015bcieniowa PULUZ z uchwytem na telefon - \u2705 sklep z dronami i fachowym doradztwem. \u2705 Tutaj kupisz produkty DJI, Yuneec, Parrot, Syma i wiele innych, a tak\u017ce kursy i licencje na operatora drona.\",\"breadcrumb\":{\"@id\":\"https:\/\/ironsky.pl\/sklep\/produkt\/lampa-pierscieniowa-puluz-z-uchwytem-na-telefon\/#breadcrumb\"},\"inLanguage\":\"pl-PL\",\"potentialAction\":[{\"@type\":\"ReadAction\",\"target\":[\"https:\/\/ironsky.pl\/sklep\/produkt\/lampa-pierscieniowa-puluz-z-uchwytem-na-telefon\/\"]}]},{\"@type\":\"ImageObject\",\"inLanguage\":\"pl-PL\",\"@id\":\"https:\/\/ironsky.pl\/sklep\/produkt\/lampa-pierscieniowa-puluz-z-uchwytem-na-telefon\/#primaryimage\",\"url\":\"https:\/\/ironsky.pl\/sklep\/wp-content\/uploads\/2026\/04\/45537_1.jpg\",\"contentUrl\":\"https:\/\/ironsky.pl\/sklep\/wp-content\/uploads\/2026\/04\/45537_1.jpg\",\"width\":800,\"height\":800},{\"@type\":\"BreadcrumbList\",\"@id\":\"https:\/\/ironsky.pl\/sklep\/produkt\/lampa-pierscieniowa-puluz-z-uchwytem-na-telefon\/#breadcrumb\",\"itemListElement\":[{\"@type\":\"ListItem\",\"position\":1,\"name\":\"Strona g\u0142\u00f3wna\",\"item\":\"https:\/\/ironsky.pl\/sklep\/\"},{\"@type\":\"ListItem\",\"position\":2,\"name\":\"Wszystkie produkty\",\"item\":\"https:\/\/ironsky.pl\/sklep\/produkty\/\"},{\"@type\":\"ListItem\",\"position\":3,\"name\":\"Lampa pier\u015bcieniowa PULUZ z uchwytem na telefon\"}]},{\"@type\":\"WebSite\",\"@id\":\"https:\/\/ironsky.pl\/sklep\/#website\",\"url\":\"https:\/\/ironsky.pl\/sklep\/\",\"name\":\"IRONSKY.PL Sklep z Dronami\",\"description\":\"IRONSKY.PL Sklep z Dronami\",\"potentialAction\":[{\"@type\":\"SearchAction\",\"target\":{\"@type\":\"EntryPoint\",\"urlTemplate\":\"https:\/\/ironsky.pl\/sklep\/?s={search_term_string}\"},\"query-input\":{\"@type\":\"PropertyValueSpecification\",\"valueRequired\":true,\"valueName\":\"search_term_string\"}}],\"inLanguage\":\"pl-PL\"}]}<\/script>\n<!-- \/ Yoast SEO plugin. -->","yoast_head_json":{"title":"Lampa pier\u015bcieniowa PULUZ z uchwytem na telefon - IRONSKY.PL Sklep z Dronami","description":"Lampa pier\u015bcieniowa PULUZ z uchwytem na telefon - \u2705 sklep z dronami i fachowym doradztwem. \u2705 Tutaj kupisz produkty DJI, Yuneec, Parrot, Syma i wiele innych, a tak\u017ce kursy i licencje na operatora drona.","robots":{"index":"index","follow":"follow","max-snippet":"max-snippet:-1","max-image-preview":"max-image-preview:large","max-video-preview":"max-video-preview:-1"},"canonical":"https:\/\/ironsky.pl\/sklep\/produkt\/lampa-pierscieniowa-puluz-z-uchwytem-na-telefon\/","og_locale":"pl_PL","og_type":"article","og_title":"Lampa pier\u015bcieniowa PULUZ z uchwytem na telefon - IRONSKY.PL Sklep z Dronami","og_description":"Lampa pier\u015bcieniowa PULUZ z uchwytem na telefon - \u2705 sklep z dronami i fachowym doradztwem. \u2705 Tutaj kupisz produkty DJI, Yuneec, Parrot, Syma i wiele innych, a tak\u017ce kursy i licencje na operatora drona.","og_url":"https:\/\/ironsky.pl\/sklep\/produkt\/lampa-pierscieniowa-puluz-z-uchwytem-na-telefon\/","og_site_name":"IRONSKY.PL Sklep z Dronami","article_modified_time":"2026-04-15T08:44:46+00:00","og_image":[{"width":800,"height":800,"url":"https:\/\/ironsky.pl\/sklep\/wp-content\/uploads\/2026\/04\/45537_1.jpg","type":"image\/jpeg"}],"twitter_card":"summary_large_image","twitter_misc":{"Szacowany czas czytania":"2 minuty"},"schema":{"@context":"https:\/\/schema.org","@graph":[{"@type":"WebPage","@id":"https:\/\/ironsky.pl\/sklep\/produkt\/lampa-pierscieniowa-puluz-z-uchwytem-na-telefon\/","url":"https:\/\/ironsky.pl\/sklep\/produkt\/lampa-pierscieniowa-puluz-z-uchwytem-na-telefon\/","name":"Lampa pier\u015bcieniowa PULUZ z uchwytem na telefon - IRONSKY.PL Sklep z Dronami","isPartOf":{"@id":"https:\/\/ironsky.pl\/sklep\/#website"},"primaryImageOfPage":{"@id":"https:\/\/ironsky.pl\/sklep\/produkt\/lampa-pierscieniowa-puluz-z-uchwytem-na-telefon\/#primaryimage"},"image":{"@id":"https:\/\/ironsky.pl\/sklep\/produkt\/lampa-pierscieniowa-puluz-z-uchwytem-na-telefon\/#primaryimage"},"thumbnailUrl":"https:\/\/ironsky.pl\/sklep\/wp-content\/uploads\/2026\/04\/45537_1.jpg","datePublished":"2026-04-15T08:44:10+00:00","dateModified":"2026-04-15T08:44:46+00:00","description":"Lampa pier\u015bcieniowa PULUZ z uchwytem na telefon - \u2705 sklep z dronami i fachowym doradztwem. \u2705 Tutaj kupisz produkty DJI, Yuneec, Parrot, Syma i wiele innych, a tak\u017ce kursy i licencje na operatora drona.","breadcrumb":{"@id":"https:\/\/ironsky.pl\/sklep\/produkt\/lampa-pierscieniowa-puluz-z-uchwytem-na-telefon\/#breadcrumb"},"inLanguage":"pl-PL","potentialAction":[{"@type":"ReadAction","target":["https:\/\/ironsky.pl\/sklep\/produkt\/lampa-pierscieniowa-puluz-z-uchwytem-na-telefon\/"]}]},{"@type":"ImageObject","inLanguage":"pl-PL","@id":"https:\/\/ironsky.pl\/sklep\/produkt\/lampa-pierscieniowa-puluz-z-uchwytem-na-telefon\/#primaryimage","url":"https:\/\/ironsky.pl\/sklep\/wp-content\/uploads\/2026\/04\/45537_1.jpg","contentUrl":"https:\/\/ironsky.pl\/sklep\/wp-content\/uploads\/2026\/04\/45537_1.jpg","width":800,"height":800},{"@type":"BreadcrumbList","@id":"https:\/\/ironsky.pl\/sklep\/produkt\/lampa-pierscieniowa-puluz-z-uchwytem-na-telefon\/#breadcrumb","itemListElement":[{"@type":"ListItem","position":1,"name":"Strona g\u0142\u00f3wna","item":"https:\/\/ironsky.pl\/sklep\/"},{"@type":"ListItem","position":2,"name":"Wszystkie produkty","item":"https:\/\/ironsky.pl\/sklep\/produkty\/"},{"@type":"ListItem","position":3,"name":"Lampa pier\u015bcieniowa PULUZ z uchwytem na telefon"}]},{"@type":"WebSite","@id":"https:\/\/ironsky.pl\/sklep\/#website","url":"https:\/\/ironsky.pl\/sklep\/","name":"IRONSKY.PL Sklep z Dronami","description":"IRONSKY.PL Sklep z Dronami","potentialAction":[{"@type":"SearchAction","target":{"@type":"EntryPoint","urlTemplate":"https:\/\/ironsky.pl\/sklep\/?s={search_term_string}"},"query-input":{"@type":"PropertyValueSpecification","valueRequired":true,"valueName":"search_term_string"}}],"inLanguage":"pl-PL"}]}},"_links":{"self":[{"href":"https:\/\/ironsky.pl\/sklep\/wp-json\/wp\/v2\/product\/59186","targetHints":{"allow":["GET"]}}],"collection":[{"href":"https:\/\/ironsky.pl\/sklep\/wp-json\/wp\/v2\/product"}],"about":[{"href":"https:\/\/ironsky.pl\/sklep\/wp-json\/wp\/v2\/types\/product"}],"replies":[{"embeddable":true,"href":"https:\/\/ironsky.pl\/sklep\/wp-json\/wp\/v2\/comments?post=59186"}],"wp:featuredmedia":[{"embeddable":true,"href":"https:\/\/ironsky.pl\/sklep\/wp-json\/wp\/v2\/media\/59187"}],"wp:attachment":[{"href":"https:\/\/ironsky.pl\/sklep\/wp-json\/wp\/v2\/media?parent=59186"}],"wp:term":[{"taxonomy":"product_brand","embeddable":true,"href":"https:\/\/ironsky.pl\/sklep\/wp-json\/wp\/v2\/product_brand?post=59186"},{"taxonomy":"product_cat","embeddable":true,"href":"https:\/\/ironsky.pl\/sklep\/wp-json\/wp\/v2\/product_cat?post=59186"},{"taxonomy":"product_tag","embeddable":true,"href":"https:\/\/ironsky.pl\/sklep\/wp-json\/wp\/v2\/product_tag?post=59186"}],"curies":[{"name":"wp","href":"https:\/\/api.w.org\/{rel}","templated":true}]}}