{"id":59183,"date":"2026-04-15T10:44:10","date_gmt":"2026-04-15T08:44:10","guid":{"rendered":"https:\/\/ironsky.pl\/sklep\/produkt\/uchwyt-do-monitora-huanuo-hncm7-13-30\/"},"modified":"2026-04-15T10:44:43","modified_gmt":"2026-04-15T08:44:43","slug":"uchwyt-do-monitora-huanuo-hncm7-13-30","status":"publish","type":"product","link":"https:\/\/ironsky.pl\/sklep\/produkt\/uchwyt-do-monitora-huanuo-hncm7-13-30\/","title":{"rendered":"Uchwyt do monitora HUANUO HNCM7 13-30&#8243;"},"content":{"rendered":"<h3>Uchwyt na monitor 13-30&#8243; Huanuo HNCM7<\/h3>\n<p>Uchwyt na monitor Huanuo HNCM7 to idealne rozwi\u0105zanie dla tych, kt\u00f3rzy pragn\u0105 zwi\u0119kszy\u0107 efektywno\u015b\u0107 swojej pracy i zanurzy\u0107 si\u0119 we wci\u0105gaj\u0105cym ogl\u0105daniu. Dzi\u0119ki unikalnej, solidnej konstrukcji mo\u017cesz cieszy\u0107 si\u0119 jednoczesnym korzystaniem z dw\u00f3ch monitor\u00f3w, co znacz\u0105co podnosi efektywno\u015b\u0107 i komfort pracy, a wysokiej jako\u015bci materia\u0142y, z kt\u00f3rych uchwyt zosta\u0142 wykonany, zapewniaj\u0105 dodatkowe bezpiecze\u0144stwo dla u\u017cytkownika i jego sprz\u0119tu. Idealny dla graczy, grafik\u00f3w czy ilustrator\u00f3w, uchwyt znajdzie swoje zastosowanie w ka\u017cdej sytuacji. <\/p>\n<p>\n<img decoding=\"async\" src=\"https:\/\/assets.innpro.pl\/8804\/10299\/2.jpg\" border=\"0\" \/>\n<\/p>\n<h3>Ergonomiczna postawa i optymalny komfort<\/h3>\n<p>Uchwyt na monitor Huanuo HNCM7 zosta\u0142 zaprojektowany z my\u015bl\u0105 o zapewnieniu maksymalnego komfortu podczas pracy. Dzi\u0119ki mo\u017cliwo\u015bci podwy\u017cszenia ekranu do poziomu oczu uchwyt ten wspiera ergonomiczn\u0105 postaw\u0119, redukuj\u0105c napi\u0119cie szyi i plec\u00f3w. Regulowane funkcje pochylenia (od +45\u00b0 do -45\u00b0) oraz obr\u00f3t w prawo i w lewo o 90\u00b0, a tak\u017ce pe\u0142na rotacja 360\u00b0 pozwalaj\u0105 na idealne dostosowanie pozycji monitora do Twoich potrzeb, co znacz\u0105co podnosi komfort i wydajno\u015b\u0107 pracy.<\/p>\n<p>\n<img decoding=\"async\" src=\"https:\/\/assets.innpro.pl\/8804\/10299\/4.jpg\" border=\"0\" \/>\n<\/p>\n<h3>Trwa\u0142a konstrukcja i wyj\u0105tkowa wytrzyma\u0142o\u015b\u0107<\/h3>\n<p>Huanuo HNCM7 to uchwyt, kt\u00f3ry wyr\u00f3\u017cnia si\u0119 swoj\u0105 wytrzyma\u0142o\u015bci\u0105 i solidno\u015bci\u0105. Jego konstrukcja jest o 10% grubsza ni\u017c standardowe uchwyty, co gwarantuje wi\u0119ksz\u0105 trwa\u0142o\u015b\u0107 i \u017cywotno\u015b\u0107. Wzmocnione po\u0142\u0105czenia, uzyskane dzi\u0119ki zaawansowanej technologii formowania ci\u015bnieniowego, zapewniaj\u0105 trwa\u0142o\u015b\u0107 na lata. Precyzyjna wy\u015bci\u00f3\u0142ka dodatkowo zapewnia \u015bcis\u0142e dopasowanie, co minimalizuje ryzyko przesuni\u0119\u0107 i zwi\u0119ksza bezpiecze\u0144stwo u\u017cytkowania.<\/p>\n<p>\n<img decoding=\"async\" src=\"https:\/\/assets.innpro.pl\/8804\/10299\/1.jpg\" border=\"0\" \/>\n<\/p>\n<h3>Zwi\u0119kszona produktywno\u015b\u0107 i wielozadaniowo\u015b\u0107<\/h3>\n<p>Uchwyt Huanuo HNCM7 umo\u017cliwia konfiguracj\u0119 wy\u015bwietlaczy w r\u00f3\u017cnych kombinacjach, dzi\u0119ki czemu mo\u017cesz dostosowa\u0107 swoje miejsce pracy do swojego stylu i potrzeb. Taka elastyczno\u015b\u0107 pozwala na wydajn\u0105 wielozadaniowo\u015b\u0107, co przek\u0142ada si\u0119 na zwi\u0119kszon\u0105 produktywno\u015b\u0107. Obs\u0142uguj\u0105c monitory o przek\u0105tnej od 13\u201d do 30\u201d i maksymalnej wadze 10 kg na jedno rami\u0119, Huanuo HNCM7 jest doskona\u0142ym wyborem zar\u00f3wno do biura, jak i do pracy zdalnej.<\/p>\n<p>\n<img decoding=\"async\" src=\"https:\/\/assets.innpro.pl\/8804\/10299\/5.jpg\" border=\"0\" \/>\n<\/p>\n<h3>Zarz\u0105dzanie kablami dla schludnego i zorganizowanego biurka<\/h3>\n<p>Dzi\u0119ki wbudowanemu systemowi zarz\u0105dzania kablami uchwyt Huanuo HNCM7 pomaga zachowa\u0107 porz\u0105dek na biurku. Kable s\u0105 starannie poprowadzone i ukryte, co eliminuje pl\u0105tanin\u0119 przewod\u00f3w i tworzy estetyczne, zorganizowane stanowisko pracy. Ten atut zwi\u0119ksza efektywno\u015b\u0107 i wygod\u0119 pracy.<\/p>\n<p>\n<img decoding=\"async\" src=\"https:\/\/assets.innpro.pl\/8804\/10299\/6.jpg\" border=\"0\" \/>\n<\/p>\n<h3>Wszechstronno\u015b\u0107 i \u0142atwo\u015b\u0107 monta\u017cu<\/h3>\n<p>Huanuo HNCM7 wspiera standardy monta\u017cu VESA (75 x 75 mm \/ 100 x 100 mm), co czyni go kompatybilnym z szerok\u0105 gam\u0105 monitor\u00f3w. Jego solidna konstrukcja i przemy\u015blane rozwi\u0105zania sprawiaj\u0105, \u017ce instalacja jest szybka i prosta, co pozwala na natychmiastowe cieszenie si\u0119 wygod\u0105 i ergonomicznym ustawieniem monitora. Wybieraj\u0105c uchwyt na monitor Huanuo HNCM7, inwestujesz w zdrowie, wygod\u0119 i efektywno\u015b\u0107 swojej pracy. To idealne rozwi\u0105zanie dla ka\u017cdego, kto ceni sobie zar\u00f3wno funkcjonalno\u015b\u0107, jak i estetyk\u0119 swojego miejsca pracy.<\/p>\n<p>\n<img decoding=\"async\" src=\"https:\/\/assets.innpro.pl\/8804\/10299\/3.jpg\" border=\"0\" \/>\n<\/p>\n<h3>W zestawie<\/h3>\n<ul class=\"list-disc pl-5\">\n<li>s\u0142up<\/li>\n<li>uchwyt C<\/li>\n<li>p\u0142yta blokuj\u0105ca<\/li>\n<li>dolna podk\u0142adka<\/li>\n<li>\u015bruba M8 (8 mm) 2x<\/li>\n<li>nakr\u0119tka M8<\/li>\n<li>du\u017cy klucz imbusowy (5 mm)<\/li>\n<li>ma\u0142y klucz imbusowy (3 mm)<\/li>\n<li>rami\u0119 obrotowe<\/li>\n<li>pokrywa dekoracyjna<\/li>\n<li>p\u0142yta VESA 2x<\/li>\n<li>\u015bruba M4 (12 mm) 8x<\/li>\n<li>\u015bruba M4 (30 mm) 8x<\/li>\n<li>podk\u0142adka (13 mm) 8x<\/li>\n<li>podk\u0142adka M4 8x<\/li>\n<li>nakr\u0119tka M6 2x<\/li>\n<\/ul>\n<div class=\"table-wrapper\">\n<p>\u00a0<\/p>\n<h3><\/h3>\n<table>\n<tbody>\n<tr>\n<th>Producent<\/th>\n<td>Huanuo<\/td>\n<\/tr>\n<tr>\n<th>Model<\/th>\n<td>HNCM7<\/td>\n<\/tr>\n<tr>\n<th>Rozdzielczo\u015b\u0107 monitor\u00f3w<\/th>\n<td>13-30\u201d<\/td>\n<\/tr>\n<tr>\n<th>Maksymalna waga monitor\u00f3w<\/th>\n<td>9kg na jedno rami\u0119<\/td>\n<\/tr>\n<tr>\n<th>Standard VESA<\/th>\n<td>75 x 75 mm \/ 100 x 100 mm<\/td>\n<\/tr>\n<tr>\n<th>Typy mocowania<\/th>\n<td>uchwyt C, mocowanie przez otw\u00f3r<\/td>\n<\/tr>\n<\/tbody>\n<\/table>\n<\/div>\n","protected":false},"excerpt":{"rendered":"<p>Uchwyt na monitor 13-30&#8243; Huanuo HNCM7 Uchwyt na monitor Huanuo HNCM7 to idealne rozwi\u0105zanie dla tych, kt\u00f3rzy pragn\u0105 zwi\u0119kszy\u0107 efektywno\u015b\u0107<\/p>\n","protected":false},"featured_media":45543,"comment_status":"closed","ping_status":"open","template":"","meta":{"_acf_changed":false},"product_brand":[],"product_cat":[5929,6019],"product_tag":[],"class_list":{"0":"post-59183","1":"product","2":"type-product","3":"status-publish","4":"has-post-thumbnail","6":"product_cat-akcesoria-it","7":"product_cat-uchwyty-do-monitorow","8":"pa_60-m-5771","9":"pa_producent-huanuo","11":"first","12":"outofstock","13":"taxable","14":"shipping-taxable","15":"purchasable","16":"product-type-simple"},"acf":[],"yoast_head":"<!-- This site is optimized with the Yoast SEO plugin v27.2 - https:\/\/yoast.com\/product\/yoast-seo-wordpress\/ -->\n<title>Uchwyt do monitora HUANUO HNCM7 13-30&quot; - IRONSKY.PL Sklep z Dronami<\/title>\n<meta name=\"description\" content=\"Uchwyt do monitora HUANUO HNCM7 13-30&quot; - \u2705 sklep z dronami i fachowym doradztwem. \u2705 Tutaj kupisz produkty DJI, Yuneec, Parrot, Syma i wiele innych, a tak\u017ce kursy i licencje na operatora drona.\" \/>\n<meta name=\"robots\" content=\"index, follow, max-snippet:-1, max-image-preview:large, max-video-preview:-1\" \/>\n<link rel=\"canonical\" href=\"https:\/\/ironsky.pl\/sklep\/produkt\/uchwyt-do-monitora-huanuo-hncm7-13-30\/\" \/>\n<meta property=\"og:locale\" content=\"pl_PL\" \/>\n<meta property=\"og:type\" content=\"article\" \/>\n<meta property=\"og:title\" content=\"Uchwyt do monitora HUANUO HNCM7 13-30&quot; - IRONSKY.PL Sklep z Dronami\" \/>\n<meta property=\"og:description\" content=\"Uchwyt do monitora HUANUO HNCM7 13-30&quot; - \u2705 sklep z dronami i fachowym doradztwem. \u2705 Tutaj kupisz produkty DJI, Yuneec, Parrot, Syma i wiele innych, a tak\u017ce kursy i licencje na operatora drona.\" \/>\n<meta property=\"og:url\" content=\"https:\/\/ironsky.pl\/sklep\/produkt\/uchwyt-do-monitora-huanuo-hncm7-13-30\/\" \/>\n<meta property=\"og:site_name\" content=\"IRONSKY.PL Sklep z Dronami\" \/>\n<meta property=\"article:modified_time\" content=\"2026-04-15T08:44:43+00:00\" \/>\n<meta property=\"og:image\" content=\"https:\/\/ironsky.pl\/sklep\/wp-content\/uploads\/2025\/06\/45534_1.jpg\" \/>\n\t<meta property=\"og:image:width\" content=\"800\" \/>\n\t<meta property=\"og:image:height\" content=\"800\" \/>\n\t<meta property=\"og:image:type\" content=\"image\/jpeg\" \/>\n<meta name=\"twitter:card\" content=\"summary_large_image\" \/>\n<meta name=\"twitter:label1\" content=\"Szacowany czas czytania\" \/>\n\t<meta name=\"twitter:data1\" content=\"3 minuty\" \/>\n<script type=\"application\/ld+json\" class=\"yoast-schema-graph\">{\"@context\":\"https:\/\/schema.org\",\"@graph\":[{\"@type\":\"WebPage\",\"@id\":\"https:\/\/ironsky.pl\/sklep\/produkt\/uchwyt-do-monitora-huanuo-hncm7-13-30\/\",\"url\":\"https:\/\/ironsky.pl\/sklep\/produkt\/uchwyt-do-monitora-huanuo-hncm7-13-30\/\",\"name\":\"Uchwyt do monitora HUANUO HNCM7 13-30\\\" - IRONSKY.PL Sklep z Dronami\",\"isPartOf\":{\"@id\":\"https:\/\/ironsky.pl\/sklep\/#website\"},\"primaryImageOfPage\":{\"@id\":\"https:\/\/ironsky.pl\/sklep\/produkt\/uchwyt-do-monitora-huanuo-hncm7-13-30\/#primaryimage\"},\"image\":{\"@id\":\"https:\/\/ironsky.pl\/sklep\/produkt\/uchwyt-do-monitora-huanuo-hncm7-13-30\/#primaryimage\"},\"thumbnailUrl\":\"https:\/\/ironsky.pl\/sklep\/wp-content\/uploads\/2025\/06\/45534_1.jpg\",\"datePublished\":\"2026-04-15T08:44:10+00:00\",\"dateModified\":\"2026-04-15T08:44:43+00:00\",\"description\":\"Uchwyt do monitora HUANUO HNCM7 13-30\\\" - \u2705 sklep z dronami i fachowym doradztwem. \u2705 Tutaj kupisz produkty DJI, Yuneec, Parrot, Syma i wiele innych, a tak\u017ce kursy i licencje na operatora drona.\",\"breadcrumb\":{\"@id\":\"https:\/\/ironsky.pl\/sklep\/produkt\/uchwyt-do-monitora-huanuo-hncm7-13-30\/#breadcrumb\"},\"inLanguage\":\"pl-PL\",\"potentialAction\":[{\"@type\":\"ReadAction\",\"target\":[\"https:\/\/ironsky.pl\/sklep\/produkt\/uchwyt-do-monitora-huanuo-hncm7-13-30\/\"]}]},{\"@type\":\"ImageObject\",\"inLanguage\":\"pl-PL\",\"@id\":\"https:\/\/ironsky.pl\/sklep\/produkt\/uchwyt-do-monitora-huanuo-hncm7-13-30\/#primaryimage\",\"url\":\"https:\/\/ironsky.pl\/sklep\/wp-content\/uploads\/2025\/06\/45534_1.jpg\",\"contentUrl\":\"https:\/\/ironsky.pl\/sklep\/wp-content\/uploads\/2025\/06\/45534_1.jpg\",\"width\":800,\"height\":800},{\"@type\":\"BreadcrumbList\",\"@id\":\"https:\/\/ironsky.pl\/sklep\/produkt\/uchwyt-do-monitora-huanuo-hncm7-13-30\/#breadcrumb\",\"itemListElement\":[{\"@type\":\"ListItem\",\"position\":1,\"name\":\"Strona g\u0142\u00f3wna\",\"item\":\"https:\/\/ironsky.pl\/sklep\/\"},{\"@type\":\"ListItem\",\"position\":2,\"name\":\"Wszystkie produkty\",\"item\":\"https:\/\/ironsky.pl\/sklep\/produkty\/\"},{\"@type\":\"ListItem\",\"position\":3,\"name\":\"Uchwyt do monitora HUANUO HNCM7 13-30&#8243;\"}]},{\"@type\":\"WebSite\",\"@id\":\"https:\/\/ironsky.pl\/sklep\/#website\",\"url\":\"https:\/\/ironsky.pl\/sklep\/\",\"name\":\"IRONSKY.PL Sklep z Dronami\",\"description\":\"IRONSKY.PL Sklep z Dronami\",\"potentialAction\":[{\"@type\":\"SearchAction\",\"target\":{\"@type\":\"EntryPoint\",\"urlTemplate\":\"https:\/\/ironsky.pl\/sklep\/?s={search_term_string}\"},\"query-input\":{\"@type\":\"PropertyValueSpecification\",\"valueRequired\":true,\"valueName\":\"search_term_string\"}}],\"inLanguage\":\"pl-PL\"}]}<\/script>\n<!-- \/ Yoast SEO plugin. -->","yoast_head_json":{"title":"Uchwyt do monitora HUANUO HNCM7 13-30\" - IRONSKY.PL Sklep z Dronami","description":"Uchwyt do monitora HUANUO HNCM7 13-30\" - \u2705 sklep z dronami i fachowym doradztwem. \u2705 Tutaj kupisz produkty DJI, Yuneec, Parrot, Syma i wiele innych, a tak\u017ce kursy i licencje na operatora drona.","robots":{"index":"index","follow":"follow","max-snippet":"max-snippet:-1","max-image-preview":"max-image-preview:large","max-video-preview":"max-video-preview:-1"},"canonical":"https:\/\/ironsky.pl\/sklep\/produkt\/uchwyt-do-monitora-huanuo-hncm7-13-30\/","og_locale":"pl_PL","og_type":"article","og_title":"Uchwyt do monitora HUANUO HNCM7 13-30\" - IRONSKY.PL Sklep z Dronami","og_description":"Uchwyt do monitora HUANUO HNCM7 13-30\" - \u2705 sklep z dronami i fachowym doradztwem. \u2705 Tutaj kupisz produkty DJI, Yuneec, Parrot, Syma i wiele innych, a tak\u017ce kursy i licencje na operatora drona.","og_url":"https:\/\/ironsky.pl\/sklep\/produkt\/uchwyt-do-monitora-huanuo-hncm7-13-30\/","og_site_name":"IRONSKY.PL Sklep z Dronami","article_modified_time":"2026-04-15T08:44:43+00:00","og_image":[{"width":800,"height":800,"url":"https:\/\/ironsky.pl\/sklep\/wp-content\/uploads\/2025\/06\/45534_1.jpg","type":"image\/jpeg"}],"twitter_card":"summary_large_image","twitter_misc":{"Szacowany czas czytania":"3 minuty"},"schema":{"@context":"https:\/\/schema.org","@graph":[{"@type":"WebPage","@id":"https:\/\/ironsky.pl\/sklep\/produkt\/uchwyt-do-monitora-huanuo-hncm7-13-30\/","url":"https:\/\/ironsky.pl\/sklep\/produkt\/uchwyt-do-monitora-huanuo-hncm7-13-30\/","name":"Uchwyt do monitora HUANUO HNCM7 13-30\" - IRONSKY.PL Sklep z Dronami","isPartOf":{"@id":"https:\/\/ironsky.pl\/sklep\/#website"},"primaryImageOfPage":{"@id":"https:\/\/ironsky.pl\/sklep\/produkt\/uchwyt-do-monitora-huanuo-hncm7-13-30\/#primaryimage"},"image":{"@id":"https:\/\/ironsky.pl\/sklep\/produkt\/uchwyt-do-monitora-huanuo-hncm7-13-30\/#primaryimage"},"thumbnailUrl":"https:\/\/ironsky.pl\/sklep\/wp-content\/uploads\/2025\/06\/45534_1.jpg","datePublished":"2026-04-15T08:44:10+00:00","dateModified":"2026-04-15T08:44:43+00:00","description":"Uchwyt do monitora HUANUO HNCM7 13-30\" - \u2705 sklep z dronami i fachowym doradztwem. \u2705 Tutaj kupisz produkty DJI, Yuneec, Parrot, Syma i wiele innych, a tak\u017ce kursy i licencje na operatora drona.","breadcrumb":{"@id":"https:\/\/ironsky.pl\/sklep\/produkt\/uchwyt-do-monitora-huanuo-hncm7-13-30\/#breadcrumb"},"inLanguage":"pl-PL","potentialAction":[{"@type":"ReadAction","target":["https:\/\/ironsky.pl\/sklep\/produkt\/uchwyt-do-monitora-huanuo-hncm7-13-30\/"]}]},{"@type":"ImageObject","inLanguage":"pl-PL","@id":"https:\/\/ironsky.pl\/sklep\/produkt\/uchwyt-do-monitora-huanuo-hncm7-13-30\/#primaryimage","url":"https:\/\/ironsky.pl\/sklep\/wp-content\/uploads\/2025\/06\/45534_1.jpg","contentUrl":"https:\/\/ironsky.pl\/sklep\/wp-content\/uploads\/2025\/06\/45534_1.jpg","width":800,"height":800},{"@type":"BreadcrumbList","@id":"https:\/\/ironsky.pl\/sklep\/produkt\/uchwyt-do-monitora-huanuo-hncm7-13-30\/#breadcrumb","itemListElement":[{"@type":"ListItem","position":1,"name":"Strona g\u0142\u00f3wna","item":"https:\/\/ironsky.pl\/sklep\/"},{"@type":"ListItem","position":2,"name":"Wszystkie produkty","item":"https:\/\/ironsky.pl\/sklep\/produkty\/"},{"@type":"ListItem","position":3,"name":"Uchwyt do monitora HUANUO HNCM7 13-30&#8243;"}]},{"@type":"WebSite","@id":"https:\/\/ironsky.pl\/sklep\/#website","url":"https:\/\/ironsky.pl\/sklep\/","name":"IRONSKY.PL Sklep z Dronami","description":"IRONSKY.PL Sklep z Dronami","potentialAction":[{"@type":"SearchAction","target":{"@type":"EntryPoint","urlTemplate":"https:\/\/ironsky.pl\/sklep\/?s={search_term_string}"},"query-input":{"@type":"PropertyValueSpecification","valueRequired":true,"valueName":"search_term_string"}}],"inLanguage":"pl-PL"}]}},"_links":{"self":[{"href":"https:\/\/ironsky.pl\/sklep\/wp-json\/wp\/v2\/product\/59183","targetHints":{"allow":["GET"]}}],"collection":[{"href":"https:\/\/ironsky.pl\/sklep\/wp-json\/wp\/v2\/product"}],"about":[{"href":"https:\/\/ironsky.pl\/sklep\/wp-json\/wp\/v2\/types\/product"}],"replies":[{"embeddable":true,"href":"https:\/\/ironsky.pl\/sklep\/wp-json\/wp\/v2\/comments?post=59183"}],"wp:featuredmedia":[{"embeddable":true,"href":"https:\/\/ironsky.pl\/sklep\/wp-json\/wp\/v2\/media\/45543"}],"wp:attachment":[{"href":"https:\/\/ironsky.pl\/sklep\/wp-json\/wp\/v2\/media?parent=59183"}],"wp:term":[{"taxonomy":"product_brand","embeddable":true,"href":"https:\/\/ironsky.pl\/sklep\/wp-json\/wp\/v2\/product_brand?post=59183"},{"taxonomy":"product_cat","embeddable":true,"href":"https:\/\/ironsky.pl\/sklep\/wp-json\/wp\/v2\/product_cat?post=59183"},{"taxonomy":"product_tag","embeddable":true,"href":"https:\/\/ironsky.pl\/sklep\/wp-json\/wp\/v2\/product_tag?post=59183"}],"curies":[{"name":"wp","href":"https:\/\/api.w.org\/{rel}","templated":true}]}}