{"id":59164,"date":"2026-04-15T10:44:10","date_gmt":"2026-04-15T08:44:10","guid":{"rendered":"https:\/\/ironsky.pl\/sklep\/produkt\/uchwyt-na-telefon-dji-sdr-transmission\/"},"modified":"2026-04-15T10:44:30","modified_gmt":"2026-04-15T08:44:30","slug":"uchwyt-na-telefon-dji-sdr-transmission","status":"publish","type":"product","link":"https:\/\/ironsky.pl\/sklep\/produkt\/uchwyt-na-telefon-dji-sdr-transmission\/","title":{"rendered":"Uchwyt na telefon DJI SDR Transmission"},"content":{"rendered":"<h3>Zestaw uchwytu na telefon do transmisji DJI SDR<\/h3>\n<p>Ciesz si\u0119 pe\u0142n\u0105 swobod\u0105 w swojej tw\u00f3rczo\u015bci! Ten zestaw jest doskona\u0142ym narz\u0119dziem dla filmowc\u00f3w, re\u017cyser\u00f3w i operator\u00f3w, kt\u00f3rzy potrzebuj\u0105 niezawodnego i mobilnego rozwi\u0105zania do monitorowania wideo. Bezproblemowy w u\u017cyciu i kompatybilny z wieloma modelami smartfon\u00f3w (w sk\u0142ad zestawu wchodz\u0105 kable USB-C oraz Lightning), zosta\u0142 zaprojektowany, aby idealnie wsp\u00f3\u0142pracowa\u0107 z g\u0142\u00f3wnym zestawem DJI SDR Transmission. Dzi\u0119ki temu mo\u017cesz w pe\u0142ni wykorzysta\u0107 mo\u017cliwo\u015bci swojego systemu transmisji, zyskuj\u0105c dodatkow\u0105 elastyczno\u015b\u0107 podczas pracy na planie filmowym. To idealne rozszerzenie, kt\u00f3re zapewni Ci pe\u0142niejsz\u0105 kontrol\u0119 nad produkcj\u0105.<\/p>\n<p>\n<img decoding=\"async\" src=\"https:\/\/assets.innpro.pl\/8034\/9361\/1.jpg\" border=\"0\" \/>\n<\/p>\n<h3>Uchwyt na telefon RX<\/h3>\n<p>Dzi\u0119ki solidnej konstrukcji i regulowanemu mechanizmowi uchwyt na telefon RX zapewnia pewne i stabilne mocowanie smartfona. Umo\u017cliwia to wygodne monitorowanie wideo na bie\u017c\u0105co, niezale\u017cnie od warunk\u00f3w, w jakich pracujesz. Kompaktowy i lekki design u\u0142atwia przechowywanie oraz transport, co z pewno\u015bci\u0105 docenisz, pracuj\u0105c w terenie.<\/p>\n<p>\n<img decoding=\"async\" src=\"https:\/\/assets.innpro.pl\/8034\/9361\/2.jpg\" border=\"0\" \/>\n<\/p>\n<h3>W zestawie<\/h3>\n<p>Kabel po\u0142\u0105czeniowy RX do telefonu (USB-C do USB-C, 22 cm)<\/p>\n<p>Kabel po\u0142\u0105czeniowy RX do telefonu (Lightning, 12 cm)<\/p>\n<p>Uchwyt na telefon RX<\/p>\n<div class=\"table-wrapper\">\n<p>\u00a0<\/p>\n<h3><\/h3>\n<table>\n<tbody>\n<tr>\n<th>Producent<\/th>\n<td>DJI<\/td>\n<\/tr>\n<tr>\n<th>Kod producenta<\/th>\n<td>CP.RN.00000398.01<\/td>\n<\/tr>\n<tr>\n<th>Pasuje do<\/th>\n<td>Zestaw DJI SDR Transmission (Odbiornik RX)<\/td>\n<\/tr>\n<\/tbody>\n<\/table>\n<\/div>\n","protected":false},"excerpt":{"rendered":"<p>Zestaw uchwytu na telefon do transmisji DJI SDR Ciesz si\u0119 pe\u0142n\u0105 swobod\u0105 w swojej tw\u00f3rczo\u015bci! Ten zestaw jest doskona\u0142ym narz\u0119dziem<\/p>\n","protected":false},"featured_media":59165,"comment_status":"closed","ping_status":"open","template":"","meta":{"_acf_changed":false},"product_brand":[],"product_cat":[6206,1128],"product_tag":[],"class_list":{"0":"post-59164","1":"product","2":"type-product","3":"status-publish","4":"has-post-thumbnail","6":"product_cat-dji-pro","7":"product_cat-foto-wideo","8":"pa_okres-gwarancji-5757","9":"pa_producent-dji","11":"first","12":"outofstock","13":"taxable","14":"shipping-taxable","15":"purchasable","16":"product-type-simple"},"acf":[],"yoast_head":"<!-- This site is optimized with the Yoast SEO plugin v27.2 - https:\/\/yoast.com\/product\/yoast-seo-wordpress\/ -->\n<title>Uchwyt na telefon DJI SDR Transmission - IRONSKY.PL Sklep z Dronami<\/title>\n<meta name=\"description\" content=\"Uchwyt na telefon DJI SDR Transmission - \u2705 sklep z dronami i fachowym doradztwem. \u2705 Tutaj kupisz produkty DJI, Yuneec, Parrot, Syma i wiele innych, a tak\u017ce kursy i licencje na operatora drona.\" \/>\n<meta name=\"robots\" content=\"index, follow, max-snippet:-1, max-image-preview:large, max-video-preview:-1\" \/>\n<link rel=\"canonical\" href=\"https:\/\/ironsky.pl\/sklep\/produkt\/uchwyt-na-telefon-dji-sdr-transmission\/\" \/>\n<meta property=\"og:locale\" content=\"pl_PL\" \/>\n<meta property=\"og:type\" content=\"article\" \/>\n<meta property=\"og:title\" content=\"Uchwyt na telefon DJI SDR Transmission - IRONSKY.PL Sklep z Dronami\" \/>\n<meta property=\"og:description\" content=\"Uchwyt na telefon DJI SDR Transmission - \u2705 sklep z dronami i fachowym doradztwem. \u2705 Tutaj kupisz produkty DJI, Yuneec, Parrot, Syma i wiele innych, a tak\u017ce kursy i licencje na operatora drona.\" \/>\n<meta property=\"og:url\" content=\"https:\/\/ironsky.pl\/sklep\/produkt\/uchwyt-na-telefon-dji-sdr-transmission\/\" \/>\n<meta property=\"og:site_name\" content=\"IRONSKY.PL Sklep z Dronami\" \/>\n<meta property=\"article:modified_time\" content=\"2026-04-15T08:44:30+00:00\" \/>\n<meta property=\"og:image\" content=\"https:\/\/ironsky.pl\/sklep\/wp-content\/uploads\/2026\/04\/45433_3.jpg\" \/>\n\t<meta property=\"og:image:width\" content=\"800\" \/>\n\t<meta property=\"og:image:height\" content=\"800\" \/>\n\t<meta property=\"og:image:type\" content=\"image\/jpeg\" \/>\n<meta name=\"twitter:card\" content=\"summary_large_image\" \/>\n<meta name=\"twitter:label1\" content=\"Szacowany czas czytania\" \/>\n\t<meta name=\"twitter:data1\" content=\"1 minuta\" \/>\n<script type=\"application\/ld+json\" class=\"yoast-schema-graph\">{\"@context\":\"https:\/\/schema.org\",\"@graph\":[{\"@type\":\"WebPage\",\"@id\":\"https:\/\/ironsky.pl\/sklep\/produkt\/uchwyt-na-telefon-dji-sdr-transmission\/\",\"url\":\"https:\/\/ironsky.pl\/sklep\/produkt\/uchwyt-na-telefon-dji-sdr-transmission\/\",\"name\":\"Uchwyt na telefon DJI SDR Transmission - IRONSKY.PL Sklep z Dronami\",\"isPartOf\":{\"@id\":\"https:\/\/ironsky.pl\/sklep\/#website\"},\"primaryImageOfPage\":{\"@id\":\"https:\/\/ironsky.pl\/sklep\/produkt\/uchwyt-na-telefon-dji-sdr-transmission\/#primaryimage\"},\"image\":{\"@id\":\"https:\/\/ironsky.pl\/sklep\/produkt\/uchwyt-na-telefon-dji-sdr-transmission\/#primaryimage\"},\"thumbnailUrl\":\"https:\/\/ironsky.pl\/sklep\/wp-content\/uploads\/2026\/04\/45433_3.jpg\",\"datePublished\":\"2026-04-15T08:44:10+00:00\",\"dateModified\":\"2026-04-15T08:44:30+00:00\",\"description\":\"Uchwyt na telefon DJI SDR Transmission - \u2705 sklep z dronami i fachowym doradztwem. \u2705 Tutaj kupisz produkty DJI, Yuneec, Parrot, Syma i wiele innych, a tak\u017ce kursy i licencje na operatora drona.\",\"breadcrumb\":{\"@id\":\"https:\/\/ironsky.pl\/sklep\/produkt\/uchwyt-na-telefon-dji-sdr-transmission\/#breadcrumb\"},\"inLanguage\":\"pl-PL\",\"potentialAction\":[{\"@type\":\"ReadAction\",\"target\":[\"https:\/\/ironsky.pl\/sklep\/produkt\/uchwyt-na-telefon-dji-sdr-transmission\/\"]}]},{\"@type\":\"ImageObject\",\"inLanguage\":\"pl-PL\",\"@id\":\"https:\/\/ironsky.pl\/sklep\/produkt\/uchwyt-na-telefon-dji-sdr-transmission\/#primaryimage\",\"url\":\"https:\/\/ironsky.pl\/sklep\/wp-content\/uploads\/2026\/04\/45433_3.jpg\",\"contentUrl\":\"https:\/\/ironsky.pl\/sklep\/wp-content\/uploads\/2026\/04\/45433_3.jpg\",\"width\":800,\"height\":800},{\"@type\":\"BreadcrumbList\",\"@id\":\"https:\/\/ironsky.pl\/sklep\/produkt\/uchwyt-na-telefon-dji-sdr-transmission\/#breadcrumb\",\"itemListElement\":[{\"@type\":\"ListItem\",\"position\":1,\"name\":\"Strona g\u0142\u00f3wna\",\"item\":\"https:\/\/ironsky.pl\/sklep\/\"},{\"@type\":\"ListItem\",\"position\":2,\"name\":\"Wszystkie produkty\",\"item\":\"https:\/\/ironsky.pl\/sklep\/produkty\/\"},{\"@type\":\"ListItem\",\"position\":3,\"name\":\"Uchwyt na telefon DJI SDR Transmission\"}]},{\"@type\":\"WebSite\",\"@id\":\"https:\/\/ironsky.pl\/sklep\/#website\",\"url\":\"https:\/\/ironsky.pl\/sklep\/\",\"name\":\"IRONSKY.PL Sklep z Dronami\",\"description\":\"IRONSKY.PL Sklep z Dronami\",\"potentialAction\":[{\"@type\":\"SearchAction\",\"target\":{\"@type\":\"EntryPoint\",\"urlTemplate\":\"https:\/\/ironsky.pl\/sklep\/?s={search_term_string}\"},\"query-input\":{\"@type\":\"PropertyValueSpecification\",\"valueRequired\":true,\"valueName\":\"search_term_string\"}}],\"inLanguage\":\"pl-PL\"}]}<\/script>\n<!-- \/ Yoast SEO plugin. -->","yoast_head_json":{"title":"Uchwyt na telefon DJI SDR Transmission - IRONSKY.PL Sklep z Dronami","description":"Uchwyt na telefon DJI SDR Transmission - \u2705 sklep z dronami i fachowym doradztwem. \u2705 Tutaj kupisz produkty DJI, Yuneec, Parrot, Syma i wiele innych, a tak\u017ce kursy i licencje na operatora drona.","robots":{"index":"index","follow":"follow","max-snippet":"max-snippet:-1","max-image-preview":"max-image-preview:large","max-video-preview":"max-video-preview:-1"},"canonical":"https:\/\/ironsky.pl\/sklep\/produkt\/uchwyt-na-telefon-dji-sdr-transmission\/","og_locale":"pl_PL","og_type":"article","og_title":"Uchwyt na telefon DJI SDR Transmission - IRONSKY.PL Sklep z Dronami","og_description":"Uchwyt na telefon DJI SDR Transmission - \u2705 sklep z dronami i fachowym doradztwem. \u2705 Tutaj kupisz produkty DJI, Yuneec, Parrot, Syma i wiele innych, a tak\u017ce kursy i licencje na operatora drona.","og_url":"https:\/\/ironsky.pl\/sklep\/produkt\/uchwyt-na-telefon-dji-sdr-transmission\/","og_site_name":"IRONSKY.PL Sklep z Dronami","article_modified_time":"2026-04-15T08:44:30+00:00","og_image":[{"width":800,"height":800,"url":"https:\/\/ironsky.pl\/sklep\/wp-content\/uploads\/2026\/04\/45433_3.jpg","type":"image\/jpeg"}],"twitter_card":"summary_large_image","twitter_misc":{"Szacowany czas czytania":"1 minuta"},"schema":{"@context":"https:\/\/schema.org","@graph":[{"@type":"WebPage","@id":"https:\/\/ironsky.pl\/sklep\/produkt\/uchwyt-na-telefon-dji-sdr-transmission\/","url":"https:\/\/ironsky.pl\/sklep\/produkt\/uchwyt-na-telefon-dji-sdr-transmission\/","name":"Uchwyt na telefon DJI SDR Transmission - IRONSKY.PL Sklep z Dronami","isPartOf":{"@id":"https:\/\/ironsky.pl\/sklep\/#website"},"primaryImageOfPage":{"@id":"https:\/\/ironsky.pl\/sklep\/produkt\/uchwyt-na-telefon-dji-sdr-transmission\/#primaryimage"},"image":{"@id":"https:\/\/ironsky.pl\/sklep\/produkt\/uchwyt-na-telefon-dji-sdr-transmission\/#primaryimage"},"thumbnailUrl":"https:\/\/ironsky.pl\/sklep\/wp-content\/uploads\/2026\/04\/45433_3.jpg","datePublished":"2026-04-15T08:44:10+00:00","dateModified":"2026-04-15T08:44:30+00:00","description":"Uchwyt na telefon DJI SDR Transmission - \u2705 sklep z dronami i fachowym doradztwem. \u2705 Tutaj kupisz produkty DJI, Yuneec, Parrot, Syma i wiele innych, a tak\u017ce kursy i licencje na operatora drona.","breadcrumb":{"@id":"https:\/\/ironsky.pl\/sklep\/produkt\/uchwyt-na-telefon-dji-sdr-transmission\/#breadcrumb"},"inLanguage":"pl-PL","potentialAction":[{"@type":"ReadAction","target":["https:\/\/ironsky.pl\/sklep\/produkt\/uchwyt-na-telefon-dji-sdr-transmission\/"]}]},{"@type":"ImageObject","inLanguage":"pl-PL","@id":"https:\/\/ironsky.pl\/sklep\/produkt\/uchwyt-na-telefon-dji-sdr-transmission\/#primaryimage","url":"https:\/\/ironsky.pl\/sklep\/wp-content\/uploads\/2026\/04\/45433_3.jpg","contentUrl":"https:\/\/ironsky.pl\/sklep\/wp-content\/uploads\/2026\/04\/45433_3.jpg","width":800,"height":800},{"@type":"BreadcrumbList","@id":"https:\/\/ironsky.pl\/sklep\/produkt\/uchwyt-na-telefon-dji-sdr-transmission\/#breadcrumb","itemListElement":[{"@type":"ListItem","position":1,"name":"Strona g\u0142\u00f3wna","item":"https:\/\/ironsky.pl\/sklep\/"},{"@type":"ListItem","position":2,"name":"Wszystkie produkty","item":"https:\/\/ironsky.pl\/sklep\/produkty\/"},{"@type":"ListItem","position":3,"name":"Uchwyt na telefon DJI SDR Transmission"}]},{"@type":"WebSite","@id":"https:\/\/ironsky.pl\/sklep\/#website","url":"https:\/\/ironsky.pl\/sklep\/","name":"IRONSKY.PL Sklep z Dronami","description":"IRONSKY.PL Sklep z Dronami","potentialAction":[{"@type":"SearchAction","target":{"@type":"EntryPoint","urlTemplate":"https:\/\/ironsky.pl\/sklep\/?s={search_term_string}"},"query-input":{"@type":"PropertyValueSpecification","valueRequired":true,"valueName":"search_term_string"}}],"inLanguage":"pl-PL"}]}},"_links":{"self":[{"href":"https:\/\/ironsky.pl\/sklep\/wp-json\/wp\/v2\/product\/59164","targetHints":{"allow":["GET"]}}],"collection":[{"href":"https:\/\/ironsky.pl\/sklep\/wp-json\/wp\/v2\/product"}],"about":[{"href":"https:\/\/ironsky.pl\/sklep\/wp-json\/wp\/v2\/types\/product"}],"replies":[{"embeddable":true,"href":"https:\/\/ironsky.pl\/sklep\/wp-json\/wp\/v2\/comments?post=59164"}],"wp:featuredmedia":[{"embeddable":true,"href":"https:\/\/ironsky.pl\/sklep\/wp-json\/wp\/v2\/media\/59165"}],"wp:attachment":[{"href":"https:\/\/ironsky.pl\/sklep\/wp-json\/wp\/v2\/media?parent=59164"}],"wp:term":[{"taxonomy":"product_brand","embeddable":true,"href":"https:\/\/ironsky.pl\/sklep\/wp-json\/wp\/v2\/product_brand?post=59164"},{"taxonomy":"product_cat","embeddable":true,"href":"https:\/\/ironsky.pl\/sklep\/wp-json\/wp\/v2\/product_cat?post=59164"},{"taxonomy":"product_tag","embeddable":true,"href":"https:\/\/ironsky.pl\/sklep\/wp-json\/wp\/v2\/product_tag?post=59164"}],"curies":[{"name":"wp","href":"https:\/\/api.w.org\/{rel}","templated":true}]}}