{"id":59135,"date":"2026-04-15T10:44:10","date_gmt":"2026-04-15T08:44:10","guid":{"rendered":"https:\/\/ironsky.pl\/sklep\/produkt\/plecak-fotograficzny-puluz-pu5011l-2\/"},"modified":"2026-04-15T10:44:15","modified_gmt":"2026-04-15T08:44:15","slug":"plecak-fotograficzny-puluz-pu5011l-2","status":"publish","type":"product","link":"https:\/\/ironsky.pl\/sklep\/produkt\/plecak-fotograficzny-puluz-pu5011l-2\/","title":{"rendered":"Plecak fotograficzny PULUZ PU5011L"},"content":{"rendered":"<h3>Plecak fotograficzny PULUZ PU5011L <\/h3>\n<p>Model PU5011L to doskona\u0142y wyb\u00f3r dla profesjonalist\u00f3w oraz entuzjast\u00f3w fotografii, kt\u00f3rzy potrzebuj\u0105 wygodnego i funkcjonalnego rozwi\u0105zania do przechowywania sprz\u0119tu fotograficznego i rzeczy osobistych. Wyposa\u017cony w delikatn\u0105 r\u0105czk\u0119 i wygodne paski na ramiona, zapewnia komfort nawet podczas najd\u0142u\u017cszych podr\u00f3\u017cy.<\/p>\n<p>\n<img decoding=\"async\" src=\"https:\/\/assets.innpro.pl\/8450\/9869\/9.jpg\" border=\"0\" \/>\n<\/p>\n<h3>Przemy\u015blana organizacja przestrzeni<\/h3>\n<p>Plecak oferuje wystarczaj\u0105c\u0105 przestrze\u0144 do przechowywania korpusu lustrzanki cyfrowej, trzech obiektyw\u00f3w i dodatkowych akcesori\u00f3w. Wysokiej jako\u015bci materia\u0142, z kt\u00f3rego zosta\u0142 stworzony jest wodoodporny i odporny na zu\u017cycie, a trwa\u0142y metalowy zamek b\u0142yskawiczny i solidne szelki naramienne sprawiaj\u0105, \u017ce plecak idealnie nadaje si\u0119 do aktywnego u\u017cytkowania podczas uprawiania sportu, jaki i swobodnych podr\u00f3\u017cy.<\/p>\n<p>\n<img decoding=\"async\" src=\"https:\/\/assets.innpro.pl\/8450\/9869\/4.jpg\" border=\"0\" \/>\n<\/p>\n<h3>Wielofunkcyjne przegr\u00f3dki<\/h3>\n<p>G\u0142\u00f3wna kiesze\u0144 plecaka wyposa\u017cona jest w r\u00f3\u017cnorodne dodatkowe torby, w tym torb\u0119 na aparat, torb\u0119 na notebooka, etui na tablet, etui na telefon, etui na czasopisma, etui na okulary przeciws\u0142oneczne oraz torb\u0119 na butelk\u0119 z wod\u0105. Dzi\u0119ki temu ka\u017cdy przedmiot ma swoje miejsce, co u\u0142atwia organizacj\u0119 i dost\u0119p do niezb\u0119dnych rzeczy.<\/p>\n<p>\n<img decoding=\"async\" src=\"https:\/\/assets.innpro.pl\/8450\/9869\/1.jpg\" border=\"0\" \/>\n<\/p>\n<h3>Praktyczne rozwi\u0105zania<\/h3>\n<p>Plecak posiada otw\u00f3r na kabel, co pozwala na pod\u0142\u0105czenie telefonu znajduj\u0105cego si\u0119 w torbie do s\u0142uchawek lub \u0142adowanie urz\u0105dzenia za pomoc\u0105 zewn\u0119trznego \u017ar\u00f3d\u0142a zasilania. Du\u017ca pojemno\u015b\u0107 plecaka umo\u017cliwia przechowywanie nawet do 15-calowego notebooka, aparatu fotograficznego, ubra\u0144, jedzenia, butelki z wod\u0105, ma\u0142ej zastawy sto\u0142owej, czasopism, tabletu, telefon\u00f3w kom\u00f3rkowych, okular\u00f3w przeciws\u0142onecznych, sk\u0142adanego parasola, kosmetyk\u00f3w i wielu innych przedmiot\u00f3w. Ten atut sprawia, \u017ce plecak doskonale sprawdza si\u0119 podczas ka\u017cdej podr\u00f3\u017cy.<\/p>\n<p>\n<img decoding=\"async\" src=\"https:\/\/assets.innpro.pl\/8450\/9869\/3.jpg\" border=\"0\" \/>\n<\/p>\n<h3>Ochrona przed warunkami atmosferycznymi<\/h3>\n<p>Plecak PULUZ wyposa\u017cony jest w specjaln\u0105 narzut\u0119 chroni\u0105c\u0105 przed deszczem, co dodatkowo zabezpiecza sprz\u0119t fotograficzny i inne przedmioty przed niekorzystnymi warunkami pogodowymi. Ten niezast\u0105piony towarzysz podr\u00f3\u017cy zapewnia nie tylko du\u017c\u0105 przestrze\u0144 i pojemno\u015b\u0107, ale r\u00f3wnie\u017c wygod\u0119 i bezpiecze\u0144stwo podczas ka\u017cdej pogody.<\/p>\n<p>\n<img decoding=\"async\" src=\"https:\/\/assets.innpro.pl\/8450\/9869\/5.jpg\" border=\"0\" \/>\n<\/p>\n<h3>W zestawie:<\/h3>\n<ul class=\"list-disc pl-5\">\n<li>plecak fotograficzny PULUZ PU5011L <\/li>\n<li>narzuta przeciwdeszczowa<\/li>\n<li>wyci\u0105gana p\u0142ytka z g\u0105bki o grubo\u015bci 1 cm<\/li>\n<\/ul>\n<div class=\"table-wrapper\">\n<p>\u00a0<\/p>\n<h3><\/h3>\n<table>\n<tbody>\n<tr>\n<th>Producent<\/th>\n<td>Puluz<\/td>\n<\/tr>\n<tr>\n<th>Model<\/th>\n<td>PU5011L <\/td>\n<\/tr>\n<tr>\n<th>Kolor<\/th>\n<td>niebieski<\/td>\n<\/tr>\n<tr>\n<th>Wymiary<\/th>\n<td>43cmx19.5cmx30cm<\/td>\n<\/tr>\n<\/tbody>\n<\/table>\n<\/div>\n","protected":false},"excerpt":{"rendered":"<p>Plecak fotograficzny PULUZ PU5011L Model PU5011L to doskona\u0142y wyb\u00f3r dla profesjonalist\u00f3w oraz entuzjast\u00f3w fotografii, kt\u00f3rzy potrzebuj\u0105 wygodnego i funkcjonalnego rozwi\u0105zania<\/p>\n","protected":false},"featured_media":59136,"comment_status":"closed","ping_status":"open","template":"","meta":{"_acf_changed":false},"product_brand":[],"product_cat":[1128,6185,6172],"product_tag":[],"class_list":{"0":"post-59135","1":"product","2":"type-product","3":"status-publish","4":"has-post-thumbnail","6":"product_cat-foto-wideo","7":"product_cat-plecaki","8":"product_cat-przechowywanie-i-transport","9":"pa_okres-gwarancji-5754","10":"pa_producent-puluz","12":"first","13":"outofstock","14":"taxable","15":"shipping-taxable","16":"purchasable","17":"product-type-simple"},"acf":[],"yoast_head":"<!-- This site is optimized with the Yoast SEO plugin v27.2 - https:\/\/yoast.com\/product\/yoast-seo-wordpress\/ -->\n<title>Plecak fotograficzny PULUZ PU5011L - IRONSKY.PL Sklep z Dronami<\/title>\n<meta name=\"description\" content=\"Plecak fotograficzny PULUZ PU5011L - \u2705 sklep z dronami i fachowym doradztwem. \u2705 Tutaj kupisz produkty DJI, Yuneec, Parrot, Syma i wiele innych, a tak\u017ce kursy i licencje na operatora drona.\" \/>\n<meta name=\"robots\" content=\"index, follow, max-snippet:-1, max-image-preview:large, max-video-preview:-1\" \/>\n<link rel=\"canonical\" href=\"https:\/\/ironsky.pl\/sklep\/produkt\/plecak-fotograficzny-puluz-pu5011l-2\/\" \/>\n<meta property=\"og:locale\" content=\"pl_PL\" \/>\n<meta property=\"og:type\" content=\"article\" \/>\n<meta property=\"og:title\" content=\"Plecak fotograficzny PULUZ PU5011L - IRONSKY.PL Sklep z Dronami\" \/>\n<meta property=\"og:description\" content=\"Plecak fotograficzny PULUZ PU5011L - \u2705 sklep z dronami i fachowym doradztwem. \u2705 Tutaj kupisz produkty DJI, Yuneec, Parrot, Syma i wiele innych, a tak\u017ce kursy i licencje na operatora drona.\" \/>\n<meta property=\"og:url\" content=\"https:\/\/ironsky.pl\/sklep\/produkt\/plecak-fotograficzny-puluz-pu5011l-2\/\" \/>\n<meta property=\"og:site_name\" content=\"IRONSKY.PL Sklep z Dronami\" \/>\n<meta property=\"article:modified_time\" content=\"2026-04-15T08:44:15+00:00\" \/>\n<meta property=\"og:image\" content=\"https:\/\/ironsky.pl\/sklep\/wp-content\/uploads\/2026\/04\/45374_1.jpg\" \/>\n\t<meta property=\"og:image:width\" content=\"800\" \/>\n\t<meta property=\"og:image:height\" content=\"800\" \/>\n\t<meta property=\"og:image:type\" content=\"image\/jpeg\" \/>\n<meta name=\"twitter:card\" content=\"summary_large_image\" \/>\n<meta name=\"twitter:label1\" content=\"Szacowany czas czytania\" \/>\n\t<meta name=\"twitter:data1\" content=\"2 minuty\" \/>\n<script type=\"application\/ld+json\" class=\"yoast-schema-graph\">{\"@context\":\"https:\/\/schema.org\",\"@graph\":[{\"@type\":\"WebPage\",\"@id\":\"https:\/\/ironsky.pl\/sklep\/produkt\/plecak-fotograficzny-puluz-pu5011l-2\/\",\"url\":\"https:\/\/ironsky.pl\/sklep\/produkt\/plecak-fotograficzny-puluz-pu5011l-2\/\",\"name\":\"Plecak fotograficzny PULUZ PU5011L - IRONSKY.PL Sklep z Dronami\",\"isPartOf\":{\"@id\":\"https:\/\/ironsky.pl\/sklep\/#website\"},\"primaryImageOfPage\":{\"@id\":\"https:\/\/ironsky.pl\/sklep\/produkt\/plecak-fotograficzny-puluz-pu5011l-2\/#primaryimage\"},\"image\":{\"@id\":\"https:\/\/ironsky.pl\/sklep\/produkt\/plecak-fotograficzny-puluz-pu5011l-2\/#primaryimage\"},\"thumbnailUrl\":\"https:\/\/ironsky.pl\/sklep\/wp-content\/uploads\/2026\/04\/45374_1.jpg\",\"datePublished\":\"2026-04-15T08:44:10+00:00\",\"dateModified\":\"2026-04-15T08:44:15+00:00\",\"description\":\"Plecak fotograficzny PULUZ PU5011L - \u2705 sklep z dronami i fachowym doradztwem. \u2705 Tutaj kupisz produkty DJI, Yuneec, Parrot, Syma i wiele innych, a tak\u017ce kursy i licencje na operatora drona.\",\"breadcrumb\":{\"@id\":\"https:\/\/ironsky.pl\/sklep\/produkt\/plecak-fotograficzny-puluz-pu5011l-2\/#breadcrumb\"},\"inLanguage\":\"pl-PL\",\"potentialAction\":[{\"@type\":\"ReadAction\",\"target\":[\"https:\/\/ironsky.pl\/sklep\/produkt\/plecak-fotograficzny-puluz-pu5011l-2\/\"]}]},{\"@type\":\"ImageObject\",\"inLanguage\":\"pl-PL\",\"@id\":\"https:\/\/ironsky.pl\/sklep\/produkt\/plecak-fotograficzny-puluz-pu5011l-2\/#primaryimage\",\"url\":\"https:\/\/ironsky.pl\/sklep\/wp-content\/uploads\/2026\/04\/45374_1.jpg\",\"contentUrl\":\"https:\/\/ironsky.pl\/sklep\/wp-content\/uploads\/2026\/04\/45374_1.jpg\",\"width\":800,\"height\":800},{\"@type\":\"BreadcrumbList\",\"@id\":\"https:\/\/ironsky.pl\/sklep\/produkt\/plecak-fotograficzny-puluz-pu5011l-2\/#breadcrumb\",\"itemListElement\":[{\"@type\":\"ListItem\",\"position\":1,\"name\":\"Strona g\u0142\u00f3wna\",\"item\":\"https:\/\/ironsky.pl\/sklep\/\"},{\"@type\":\"ListItem\",\"position\":2,\"name\":\"Wszystkie produkty\",\"item\":\"https:\/\/ironsky.pl\/sklep\/produkty\/\"},{\"@type\":\"ListItem\",\"position\":3,\"name\":\"Plecak fotograficzny PULUZ PU5011L\"}]},{\"@type\":\"WebSite\",\"@id\":\"https:\/\/ironsky.pl\/sklep\/#website\",\"url\":\"https:\/\/ironsky.pl\/sklep\/\",\"name\":\"IRONSKY.PL Sklep z Dronami\",\"description\":\"IRONSKY.PL Sklep z Dronami\",\"potentialAction\":[{\"@type\":\"SearchAction\",\"target\":{\"@type\":\"EntryPoint\",\"urlTemplate\":\"https:\/\/ironsky.pl\/sklep\/?s={search_term_string}\"},\"query-input\":{\"@type\":\"PropertyValueSpecification\",\"valueRequired\":true,\"valueName\":\"search_term_string\"}}],\"inLanguage\":\"pl-PL\"}]}<\/script>\n<!-- \/ Yoast SEO plugin. -->","yoast_head_json":{"title":"Plecak fotograficzny PULUZ PU5011L - IRONSKY.PL Sklep z Dronami","description":"Plecak fotograficzny PULUZ PU5011L - \u2705 sklep z dronami i fachowym doradztwem. \u2705 Tutaj kupisz produkty DJI, Yuneec, Parrot, Syma i wiele innych, a tak\u017ce kursy i licencje na operatora drona.","robots":{"index":"index","follow":"follow","max-snippet":"max-snippet:-1","max-image-preview":"max-image-preview:large","max-video-preview":"max-video-preview:-1"},"canonical":"https:\/\/ironsky.pl\/sklep\/produkt\/plecak-fotograficzny-puluz-pu5011l-2\/","og_locale":"pl_PL","og_type":"article","og_title":"Plecak fotograficzny PULUZ PU5011L - IRONSKY.PL Sklep z Dronami","og_description":"Plecak fotograficzny PULUZ PU5011L - \u2705 sklep z dronami i fachowym doradztwem. \u2705 Tutaj kupisz produkty DJI, Yuneec, Parrot, Syma i wiele innych, a tak\u017ce kursy i licencje na operatora drona.","og_url":"https:\/\/ironsky.pl\/sklep\/produkt\/plecak-fotograficzny-puluz-pu5011l-2\/","og_site_name":"IRONSKY.PL Sklep z Dronami","article_modified_time":"2026-04-15T08:44:15+00:00","og_image":[{"width":800,"height":800,"url":"https:\/\/ironsky.pl\/sklep\/wp-content\/uploads\/2026\/04\/45374_1.jpg","type":"image\/jpeg"}],"twitter_card":"summary_large_image","twitter_misc":{"Szacowany czas czytania":"2 minuty"},"schema":{"@context":"https:\/\/schema.org","@graph":[{"@type":"WebPage","@id":"https:\/\/ironsky.pl\/sklep\/produkt\/plecak-fotograficzny-puluz-pu5011l-2\/","url":"https:\/\/ironsky.pl\/sklep\/produkt\/plecak-fotograficzny-puluz-pu5011l-2\/","name":"Plecak fotograficzny PULUZ PU5011L - IRONSKY.PL Sklep z Dronami","isPartOf":{"@id":"https:\/\/ironsky.pl\/sklep\/#website"},"primaryImageOfPage":{"@id":"https:\/\/ironsky.pl\/sklep\/produkt\/plecak-fotograficzny-puluz-pu5011l-2\/#primaryimage"},"image":{"@id":"https:\/\/ironsky.pl\/sklep\/produkt\/plecak-fotograficzny-puluz-pu5011l-2\/#primaryimage"},"thumbnailUrl":"https:\/\/ironsky.pl\/sklep\/wp-content\/uploads\/2026\/04\/45374_1.jpg","datePublished":"2026-04-15T08:44:10+00:00","dateModified":"2026-04-15T08:44:15+00:00","description":"Plecak fotograficzny PULUZ PU5011L - \u2705 sklep z dronami i fachowym doradztwem. \u2705 Tutaj kupisz produkty DJI, Yuneec, Parrot, Syma i wiele innych, a tak\u017ce kursy i licencje na operatora drona.","breadcrumb":{"@id":"https:\/\/ironsky.pl\/sklep\/produkt\/plecak-fotograficzny-puluz-pu5011l-2\/#breadcrumb"},"inLanguage":"pl-PL","potentialAction":[{"@type":"ReadAction","target":["https:\/\/ironsky.pl\/sklep\/produkt\/plecak-fotograficzny-puluz-pu5011l-2\/"]}]},{"@type":"ImageObject","inLanguage":"pl-PL","@id":"https:\/\/ironsky.pl\/sklep\/produkt\/plecak-fotograficzny-puluz-pu5011l-2\/#primaryimage","url":"https:\/\/ironsky.pl\/sklep\/wp-content\/uploads\/2026\/04\/45374_1.jpg","contentUrl":"https:\/\/ironsky.pl\/sklep\/wp-content\/uploads\/2026\/04\/45374_1.jpg","width":800,"height":800},{"@type":"BreadcrumbList","@id":"https:\/\/ironsky.pl\/sklep\/produkt\/plecak-fotograficzny-puluz-pu5011l-2\/#breadcrumb","itemListElement":[{"@type":"ListItem","position":1,"name":"Strona g\u0142\u00f3wna","item":"https:\/\/ironsky.pl\/sklep\/"},{"@type":"ListItem","position":2,"name":"Wszystkie produkty","item":"https:\/\/ironsky.pl\/sklep\/produkty\/"},{"@type":"ListItem","position":3,"name":"Plecak fotograficzny PULUZ PU5011L"}]},{"@type":"WebSite","@id":"https:\/\/ironsky.pl\/sklep\/#website","url":"https:\/\/ironsky.pl\/sklep\/","name":"IRONSKY.PL Sklep z Dronami","description":"IRONSKY.PL Sklep z Dronami","potentialAction":[{"@type":"SearchAction","target":{"@type":"EntryPoint","urlTemplate":"https:\/\/ironsky.pl\/sklep\/?s={search_term_string}"},"query-input":{"@type":"PropertyValueSpecification","valueRequired":true,"valueName":"search_term_string"}}],"inLanguage":"pl-PL"}]}},"_links":{"self":[{"href":"https:\/\/ironsky.pl\/sklep\/wp-json\/wp\/v2\/product\/59135","targetHints":{"allow":["GET"]}}],"collection":[{"href":"https:\/\/ironsky.pl\/sklep\/wp-json\/wp\/v2\/product"}],"about":[{"href":"https:\/\/ironsky.pl\/sklep\/wp-json\/wp\/v2\/types\/product"}],"replies":[{"embeddable":true,"href":"https:\/\/ironsky.pl\/sklep\/wp-json\/wp\/v2\/comments?post=59135"}],"wp:featuredmedia":[{"embeddable":true,"href":"https:\/\/ironsky.pl\/sklep\/wp-json\/wp\/v2\/media\/59136"}],"wp:attachment":[{"href":"https:\/\/ironsky.pl\/sklep\/wp-json\/wp\/v2\/media?parent=59135"}],"wp:term":[{"taxonomy":"product_brand","embeddable":true,"href":"https:\/\/ironsky.pl\/sklep\/wp-json\/wp\/v2\/product_brand?post=59135"},{"taxonomy":"product_cat","embeddable":true,"href":"https:\/\/ironsky.pl\/sklep\/wp-json\/wp\/v2\/product_cat?post=59135"},{"taxonomy":"product_tag","embeddable":true,"href":"https:\/\/ironsky.pl\/sklep\/wp-json\/wp\/v2\/product_tag?post=59135"}],"curies":[{"name":"wp","href":"https:\/\/api.w.org\/{rel}","templated":true}]}}