{"id":59130,"date":"2026-04-15T10:44:10","date_gmt":"2026-04-15T08:44:10","guid":{"rendered":"https:\/\/ironsky.pl\/sklep\/produkt\/mocowanie-z-szybkozlaczka-sunnylife-dji-osmo-pocket-3\/"},"modified":"2026-04-15T10:44:12","modified_gmt":"2026-04-15T08:44:12","slug":"mocowanie-z-szybkozlaczka-sunnylife-dji-osmo-pocket-3","status":"publish","type":"product","link":"https:\/\/ironsky.pl\/sklep\/produkt\/mocowanie-z-szybkozlaczka-sunnylife-dji-osmo-pocket-3\/","title":{"rendered":"Mocowanie z szybkoz\u0142\u0105czk\u0105 SUNNYLIFE DJI Osmo Pocket 3"},"content":{"rendered":"<h3>Mocowanie z szybkoz\u0142\u0105czk\u0105 Sunnylife do Osmo Pocket 3<\/h3>\n<p>Mocowanie z szybkoz\u0142\u0105czk\u0105 Sunnylife do Osmo Pocket 3 jest idealnym rozwi\u0105zaniem dla profesjonalist\u00f3w i entuzjast\u00f3w filmowania, kt\u00f3rzy ceni\u0105 sobie jako\u015b\u0107, bezpiecze\u0144stwo i elastyczno\u015b\u0107. Wybierz mocowanie, kt\u00f3re pozwoli Ci wykorzysta\u0107 ka\u017cdy moment, bez obaw o stabilno\u015b\u0107 czy trwa\u0142o\u015b\u0107 Twojego sprz\u0119tu.<\/p>\n<p>\n<img decoding=\"async\" src=\"https:\/\/assets.innpro.pl\/8008\/9318\/1.jpg\" border=\"0\" \/>\n<\/p>\n<h3>Wytrzyma\u0142o\u015b\u0107 i bezpieczne montowanie<\/h3>\n<p>Mocowanie z szybkoz\u0142\u0105czk\u0105 Sunnylife, wykonane z obrabianego CNC stopu aluminium, oferuje nie tylko trwa\u0142o\u015b\u0107, ale tak\u017ce gwarantuje bezpieczne i stabilne zamocowanie Twojej kamery Osmo Pocket 3. Jedno klikni\u0119cie to wszystko, czego potrzebujesz, aby zamocowa\u0107 lub wyj\u0105\u0107 kamer\u0119 z mocowania. System szybkoz\u0142\u0105czki zaprojektowany przez Sunnylife umo\u017cliwia b\u0142yskawiczn monta\u017c i demonta\u017c kamery, co jest niezwykle przydatne w sytuacjach wymagaj\u0105cych szybkiego reagowania.<\/p>\n<p>\n<img decoding=\"async\" src=\"https:\/\/assets.innpro.pl\/8008\/9318\/6.jpg\" border=\"0\" \/>\n<\/p>\n<h3>Wszechstronno\u015b\u0107 monta\u017cu<\/h3>\n<p>Sunnylife oferuje wyj\u0105tkow\u0105 elastyczno\u015b\u0107 dzi\u0119ki szerokiej gamie mo\u017cliwo\u015bci monta\u017cu. Bez wzgl\u0119du na to, czy potrzebujesz zamocowa\u0107 kamer\u0119 na klatce piersiowej, klipsie plecaka, mocowaniu szyjnym, daszku przeciws\u0142onecznym, przyssawce samochodowej, zacisku rowerowym, statywie czy przed\u0142u\u017cce \u2013 to mocowanie jest idealne na ka\u017cd\u0105 okazj\u0119. Elastyczno\u015b\u0107 w prze\u0142\u0105czaniu pomi\u0119dzy r\u00f3\u017cnymi sytuacjami pozwala na \u0142atwe dostosowanie do indywidualnych potrzeb u\u017cytkownika.<\/p>\n<p>\n<img decoding=\"async\" src=\"https:\/\/assets.innpro.pl\/8008\/9318\/8.jpg\" border=\"0\" \/>\n<\/p>\n<div class=\"table-wrapper\">\n<p>\u00a0<\/p>\n<h3><\/h3>\n<table>\n<tbody>\n<tr>\n<th>Producent<\/th>\n<td>Sunnylife<\/td>\n<\/tr>\n<tr>\n<th>Model<\/th>\n<td>OP3-AD824<\/td>\n<\/tr>\n<tr>\n<th>Kompatybilno\u015b\u0107<\/th>\n<td>DJI Osmo Pocket 3<\/td>\n<\/tr>\n<tr>\n<th>Materia\u0142<\/th>\n<td>Plastik + stop aluminium<\/td>\n<\/tr>\n<tr>\n<th>Waga<\/th>\n<td>9 g<\/td>\n<\/tr>\n<tr>\n<th>Wymiary<\/th>\n<td>39 x 19 x 17 mm<\/td>\n<\/tr>\n<\/tbody>\n<\/table>\n<\/div>\n","protected":false},"excerpt":{"rendered":"<p>Mocowanie z szybkoz\u0142\u0105czk\u0105 Sunnylife do Osmo Pocket 3 Mocowanie z szybkoz\u0142\u0105czk\u0105 Sunnylife do Osmo Pocket 3 jest idealnym rozwi\u0105zaniem dla<\/p>\n","protected":false},"featured_media":59131,"comment_status":"closed","ping_status":"open","template":"","meta":{"_acf_changed":false},"product_brand":[],"product_cat":[1130,1137,1128],"product_tag":[],"class_list":{"0":"post-59130","1":"product","2":"type-product","3":"status-publish","4":"has-post-thumbnail","6":"product_cat-akcesoria-foto","7":"product_cat-do-kamer-sportowych","8":"product_cat-foto-wideo","9":"pa_okres-gwarancji-5754","10":"pa_producent-sunnylife","12":"first","13":"outofstock","14":"taxable","15":"shipping-taxable","16":"purchasable","17":"product-type-simple"},"acf":[],"yoast_head":"<!-- This site is optimized with the Yoast SEO plugin v27.2 - https:\/\/yoast.com\/product\/yoast-seo-wordpress\/ -->\n<title>Mocowanie z szybkoz\u0142\u0105czk\u0105 SUNNYLIFE DJI Osmo Pocket 3 - IRONSKY.PL Sklep z Dronami<\/title>\n<meta name=\"description\" content=\"Mocowanie z szybkoz\u0142\u0105czk\u0105 SUNNYLIFE DJI Osmo Pocket 3 - \u2705 sklep z dronami i fachowym doradztwem. \u2705 Tutaj kupisz produkty DJI, Yuneec, Parrot, Syma i wiele innych, a tak\u017ce kursy i licencje na operatora drona.\" \/>\n<meta name=\"robots\" content=\"index, follow, max-snippet:-1, max-image-preview:large, max-video-preview:-1\" \/>\n<link rel=\"canonical\" href=\"https:\/\/ironsky.pl\/sklep\/produkt\/mocowanie-z-szybkozlaczka-sunnylife-dji-osmo-pocket-3\/\" \/>\n<meta property=\"og:locale\" content=\"pl_PL\" \/>\n<meta property=\"og:type\" content=\"article\" \/>\n<meta property=\"og:title\" content=\"Mocowanie z szybkoz\u0142\u0105czk\u0105 SUNNYLIFE DJI Osmo Pocket 3 - IRONSKY.PL Sklep z Dronami\" \/>\n<meta property=\"og:description\" content=\"Mocowanie z szybkoz\u0142\u0105czk\u0105 SUNNYLIFE DJI Osmo Pocket 3 - \u2705 sklep z dronami i fachowym doradztwem. \u2705 Tutaj kupisz produkty DJI, Yuneec, Parrot, Syma i wiele innych, a tak\u017ce kursy i licencje na operatora drona.\" \/>\n<meta property=\"og:url\" content=\"https:\/\/ironsky.pl\/sklep\/produkt\/mocowanie-z-szybkozlaczka-sunnylife-dji-osmo-pocket-3\/\" \/>\n<meta property=\"og:site_name\" content=\"IRONSKY.PL Sklep z Dronami\" \/>\n<meta property=\"article:modified_time\" content=\"2026-04-15T08:44:12+00:00\" \/>\n<meta property=\"og:image\" content=\"https:\/\/ironsky.pl\/sklep\/wp-content\/uploads\/2026\/04\/45343_1.webp\" \/>\n\t<meta property=\"og:image:width\" content=\"800\" \/>\n\t<meta property=\"og:image:height\" content=\"800\" \/>\n\t<meta property=\"og:image:type\" content=\"image\/webp\" \/>\n<meta name=\"twitter:card\" content=\"summary_large_image\" \/>\n<meta name=\"twitter:label1\" content=\"Szacowany czas czytania\" \/>\n\t<meta name=\"twitter:data1\" content=\"1 minuta\" \/>\n<script type=\"application\/ld+json\" class=\"yoast-schema-graph\">{\"@context\":\"https:\/\/schema.org\",\"@graph\":[{\"@type\":\"WebPage\",\"@id\":\"https:\/\/ironsky.pl\/sklep\/produkt\/mocowanie-z-szybkozlaczka-sunnylife-dji-osmo-pocket-3\/\",\"url\":\"https:\/\/ironsky.pl\/sklep\/produkt\/mocowanie-z-szybkozlaczka-sunnylife-dji-osmo-pocket-3\/\",\"name\":\"Mocowanie z szybkoz\u0142\u0105czk\u0105 SUNNYLIFE DJI Osmo Pocket 3 - IRONSKY.PL Sklep z Dronami\",\"isPartOf\":{\"@id\":\"https:\/\/ironsky.pl\/sklep\/#website\"},\"primaryImageOfPage\":{\"@id\":\"https:\/\/ironsky.pl\/sklep\/produkt\/mocowanie-z-szybkozlaczka-sunnylife-dji-osmo-pocket-3\/#primaryimage\"},\"image\":{\"@id\":\"https:\/\/ironsky.pl\/sklep\/produkt\/mocowanie-z-szybkozlaczka-sunnylife-dji-osmo-pocket-3\/#primaryimage\"},\"thumbnailUrl\":\"https:\/\/ironsky.pl\/sklep\/wp-content\/uploads\/2026\/04\/45343_1.webp\",\"datePublished\":\"2026-04-15T08:44:10+00:00\",\"dateModified\":\"2026-04-15T08:44:12+00:00\",\"description\":\"Mocowanie z szybkoz\u0142\u0105czk\u0105 SUNNYLIFE DJI Osmo Pocket 3 - \u2705 sklep z dronami i fachowym doradztwem. \u2705 Tutaj kupisz produkty DJI, Yuneec, Parrot, Syma i wiele innych, a tak\u017ce kursy i licencje na operatora drona.\",\"breadcrumb\":{\"@id\":\"https:\/\/ironsky.pl\/sklep\/produkt\/mocowanie-z-szybkozlaczka-sunnylife-dji-osmo-pocket-3\/#breadcrumb\"},\"inLanguage\":\"pl-PL\",\"potentialAction\":[{\"@type\":\"ReadAction\",\"target\":[\"https:\/\/ironsky.pl\/sklep\/produkt\/mocowanie-z-szybkozlaczka-sunnylife-dji-osmo-pocket-3\/\"]}]},{\"@type\":\"ImageObject\",\"inLanguage\":\"pl-PL\",\"@id\":\"https:\/\/ironsky.pl\/sklep\/produkt\/mocowanie-z-szybkozlaczka-sunnylife-dji-osmo-pocket-3\/#primaryimage\",\"url\":\"https:\/\/ironsky.pl\/sklep\/wp-content\/uploads\/2026\/04\/45343_1.webp\",\"contentUrl\":\"https:\/\/ironsky.pl\/sklep\/wp-content\/uploads\/2026\/04\/45343_1.webp\",\"width\":800,\"height\":800},{\"@type\":\"BreadcrumbList\",\"@id\":\"https:\/\/ironsky.pl\/sklep\/produkt\/mocowanie-z-szybkozlaczka-sunnylife-dji-osmo-pocket-3\/#breadcrumb\",\"itemListElement\":[{\"@type\":\"ListItem\",\"position\":1,\"name\":\"Strona g\u0142\u00f3wna\",\"item\":\"https:\/\/ironsky.pl\/sklep\/\"},{\"@type\":\"ListItem\",\"position\":2,\"name\":\"Wszystkie produkty\",\"item\":\"https:\/\/ironsky.pl\/sklep\/produkty\/\"},{\"@type\":\"ListItem\",\"position\":3,\"name\":\"Mocowanie z szybkoz\u0142\u0105czk\u0105 SUNNYLIFE DJI Osmo Pocket 3\"}]},{\"@type\":\"WebSite\",\"@id\":\"https:\/\/ironsky.pl\/sklep\/#website\",\"url\":\"https:\/\/ironsky.pl\/sklep\/\",\"name\":\"IRONSKY.PL Sklep z Dronami\",\"description\":\"IRONSKY.PL Sklep z Dronami\",\"potentialAction\":[{\"@type\":\"SearchAction\",\"target\":{\"@type\":\"EntryPoint\",\"urlTemplate\":\"https:\/\/ironsky.pl\/sklep\/?s={search_term_string}\"},\"query-input\":{\"@type\":\"PropertyValueSpecification\",\"valueRequired\":true,\"valueName\":\"search_term_string\"}}],\"inLanguage\":\"pl-PL\"}]}<\/script>\n<!-- \/ Yoast SEO plugin. -->","yoast_head_json":{"title":"Mocowanie z szybkoz\u0142\u0105czk\u0105 SUNNYLIFE DJI Osmo Pocket 3 - IRONSKY.PL Sklep z Dronami","description":"Mocowanie z szybkoz\u0142\u0105czk\u0105 SUNNYLIFE DJI Osmo Pocket 3 - \u2705 sklep z dronami i fachowym doradztwem. \u2705 Tutaj kupisz produkty DJI, Yuneec, Parrot, Syma i wiele innych, a tak\u017ce kursy i licencje na operatora drona.","robots":{"index":"index","follow":"follow","max-snippet":"max-snippet:-1","max-image-preview":"max-image-preview:large","max-video-preview":"max-video-preview:-1"},"canonical":"https:\/\/ironsky.pl\/sklep\/produkt\/mocowanie-z-szybkozlaczka-sunnylife-dji-osmo-pocket-3\/","og_locale":"pl_PL","og_type":"article","og_title":"Mocowanie z szybkoz\u0142\u0105czk\u0105 SUNNYLIFE DJI Osmo Pocket 3 - IRONSKY.PL Sklep z Dronami","og_description":"Mocowanie z szybkoz\u0142\u0105czk\u0105 SUNNYLIFE DJI Osmo Pocket 3 - \u2705 sklep z dronami i fachowym doradztwem. \u2705 Tutaj kupisz produkty DJI, Yuneec, Parrot, Syma i wiele innych, a tak\u017ce kursy i licencje na operatora drona.","og_url":"https:\/\/ironsky.pl\/sklep\/produkt\/mocowanie-z-szybkozlaczka-sunnylife-dji-osmo-pocket-3\/","og_site_name":"IRONSKY.PL Sklep z Dronami","article_modified_time":"2026-04-15T08:44:12+00:00","og_image":[{"width":800,"height":800,"url":"https:\/\/ironsky.pl\/sklep\/wp-content\/uploads\/2026\/04\/45343_1.webp","type":"image\/webp"}],"twitter_card":"summary_large_image","twitter_misc":{"Szacowany czas czytania":"1 minuta"},"schema":{"@context":"https:\/\/schema.org","@graph":[{"@type":"WebPage","@id":"https:\/\/ironsky.pl\/sklep\/produkt\/mocowanie-z-szybkozlaczka-sunnylife-dji-osmo-pocket-3\/","url":"https:\/\/ironsky.pl\/sklep\/produkt\/mocowanie-z-szybkozlaczka-sunnylife-dji-osmo-pocket-3\/","name":"Mocowanie z szybkoz\u0142\u0105czk\u0105 SUNNYLIFE DJI Osmo Pocket 3 - IRONSKY.PL Sklep z Dronami","isPartOf":{"@id":"https:\/\/ironsky.pl\/sklep\/#website"},"primaryImageOfPage":{"@id":"https:\/\/ironsky.pl\/sklep\/produkt\/mocowanie-z-szybkozlaczka-sunnylife-dji-osmo-pocket-3\/#primaryimage"},"image":{"@id":"https:\/\/ironsky.pl\/sklep\/produkt\/mocowanie-z-szybkozlaczka-sunnylife-dji-osmo-pocket-3\/#primaryimage"},"thumbnailUrl":"https:\/\/ironsky.pl\/sklep\/wp-content\/uploads\/2026\/04\/45343_1.webp","datePublished":"2026-04-15T08:44:10+00:00","dateModified":"2026-04-15T08:44:12+00:00","description":"Mocowanie z szybkoz\u0142\u0105czk\u0105 SUNNYLIFE DJI Osmo Pocket 3 - \u2705 sklep z dronami i fachowym doradztwem. \u2705 Tutaj kupisz produkty DJI, Yuneec, Parrot, Syma i wiele innych, a tak\u017ce kursy i licencje na operatora drona.","breadcrumb":{"@id":"https:\/\/ironsky.pl\/sklep\/produkt\/mocowanie-z-szybkozlaczka-sunnylife-dji-osmo-pocket-3\/#breadcrumb"},"inLanguage":"pl-PL","potentialAction":[{"@type":"ReadAction","target":["https:\/\/ironsky.pl\/sklep\/produkt\/mocowanie-z-szybkozlaczka-sunnylife-dji-osmo-pocket-3\/"]}]},{"@type":"ImageObject","inLanguage":"pl-PL","@id":"https:\/\/ironsky.pl\/sklep\/produkt\/mocowanie-z-szybkozlaczka-sunnylife-dji-osmo-pocket-3\/#primaryimage","url":"https:\/\/ironsky.pl\/sklep\/wp-content\/uploads\/2026\/04\/45343_1.webp","contentUrl":"https:\/\/ironsky.pl\/sklep\/wp-content\/uploads\/2026\/04\/45343_1.webp","width":800,"height":800},{"@type":"BreadcrumbList","@id":"https:\/\/ironsky.pl\/sklep\/produkt\/mocowanie-z-szybkozlaczka-sunnylife-dji-osmo-pocket-3\/#breadcrumb","itemListElement":[{"@type":"ListItem","position":1,"name":"Strona g\u0142\u00f3wna","item":"https:\/\/ironsky.pl\/sklep\/"},{"@type":"ListItem","position":2,"name":"Wszystkie produkty","item":"https:\/\/ironsky.pl\/sklep\/produkty\/"},{"@type":"ListItem","position":3,"name":"Mocowanie z szybkoz\u0142\u0105czk\u0105 SUNNYLIFE DJI Osmo Pocket 3"}]},{"@type":"WebSite","@id":"https:\/\/ironsky.pl\/sklep\/#website","url":"https:\/\/ironsky.pl\/sklep\/","name":"IRONSKY.PL Sklep z Dronami","description":"IRONSKY.PL Sklep z Dronami","potentialAction":[{"@type":"SearchAction","target":{"@type":"EntryPoint","urlTemplate":"https:\/\/ironsky.pl\/sklep\/?s={search_term_string}"},"query-input":{"@type":"PropertyValueSpecification","valueRequired":true,"valueName":"search_term_string"}}],"inLanguage":"pl-PL"}]}},"_links":{"self":[{"href":"https:\/\/ironsky.pl\/sklep\/wp-json\/wp\/v2\/product\/59130","targetHints":{"allow":["GET"]}}],"collection":[{"href":"https:\/\/ironsky.pl\/sklep\/wp-json\/wp\/v2\/product"}],"about":[{"href":"https:\/\/ironsky.pl\/sklep\/wp-json\/wp\/v2\/types\/product"}],"replies":[{"embeddable":true,"href":"https:\/\/ironsky.pl\/sklep\/wp-json\/wp\/v2\/comments?post=59130"}],"wp:featuredmedia":[{"embeddable":true,"href":"https:\/\/ironsky.pl\/sklep\/wp-json\/wp\/v2\/media\/59131"}],"wp:attachment":[{"href":"https:\/\/ironsky.pl\/sklep\/wp-json\/wp\/v2\/media?parent=59130"}],"wp:term":[{"taxonomy":"product_brand","embeddable":true,"href":"https:\/\/ironsky.pl\/sklep\/wp-json\/wp\/v2\/product_brand?post=59130"},{"taxonomy":"product_cat","embeddable":true,"href":"https:\/\/ironsky.pl\/sklep\/wp-json\/wp\/v2\/product_cat?post=59130"},{"taxonomy":"product_tag","embeddable":true,"href":"https:\/\/ironsky.pl\/sklep\/wp-json\/wp\/v2\/product_tag?post=59130"}],"curies":[{"name":"wp","href":"https:\/\/api.w.org\/{rel}","templated":true}]}}