{"id":59124,"date":"2026-04-15T10:43:34","date_gmt":"2026-04-15T08:43:34","guid":{"rendered":"https:\/\/ironsky.pl\/sklep\/produkt\/etui-puluz-do-insta360-go-3-go-3s-czarne\/"},"modified":"2026-04-15T10:44:08","modified_gmt":"2026-04-15T08:44:08","slug":"etui-puluz-do-insta360-go-3-go-3s-czarne","status":"publish","type":"product","link":"https:\/\/ironsky.pl\/sklep\/produkt\/etui-puluz-do-insta360-go-3-go-3s-czarne\/","title":{"rendered":"Etui PULUZ do Insta360 GO 3\/GO 3S (czarne)"},"content":{"rendered":"<h3>Etui PULUZ do Insta360 GO 3 \/ GO 3S (czarne)<\/h3>\n<p>Poszukujesz idealnego etui dla swojej Insta360 GO 3 lub GO 3S? Etui PULUZ zapewni Twojej kamerze niezawodn\u0105 ochron\u0119. Wykonano je z wysokiej jako\u015bci, trwa\u0142ego w\u0142\u00f3kna w\u0119glowego EVA, kt\u00f3re jest odporne na wstrz\u0105sy i nacisk. Zamek b\u0142yskawiczny umo\u017cliwia \u0142atwe otwieranie i zamykanie. Teraz mo\u017cesz wygodnie transportowa\u0107 swoje urz\u0105dzenie i tworzy\u0107 ciekawe materia\u0142y z r\u00f3\u017cnych miejsc.<\/p>\n<p>\n<img decoding=\"async\" src=\"https:\/\/assets.innpro.pl\/8086\/9432\/1.jpg\" border=\"0\" \/>\n<\/p>\n<h3>Skuteczna ochrona kamery<\/h3>\n<p>Dzi\u0119ki w\u0142a\u015bciwo\u015bciom dekompresyjnym i odporno\u015bci na \u015bcieranie etui PULUZ skutecznie chroni kamer\u0119 przed uszkodzeniami. Niezale\u017cnie od tego, czy u\u017cywasz go na co dzie\u0144, czy podczas ekstremalnych przyg\u00f3d, mo\u017cesz mie\u0107 pewno\u015b\u0107, \u017ce Twoja kamera Insta360 GO 3 \/GO 3S chroniona przed zarysowaniami, wstrz\u0105sami i uderzeniami.<\/p>\n<p>\n<img decoding=\"async\" src=\"https:\/\/assets.innpro.pl\/8086\/9432\/2.jpg\" border=\"0\" \/>\n<\/p>\n<h3>Wytrzyma\u0142y materia\u0142 EVA<\/h3>\n<p>Etui PULUZ zosta\u0142o wykonane z wysokiej jako\u015bci w\u0142\u00f3kna w\u0119glowego EVA, kt\u00f3re zapewnia odporno\u015b\u0107 na nacisk i wstrz\u0105sy. Zastosowany materia\u0142 jest nie tylko trwa\u0142y, ale tak\u017ce lekki, co zwi\u0119ksza wygod\u0119 podczas transportu.<\/p>\n<p>\n<img decoding=\"async\" src=\"https:\/\/assets.innpro.pl\/8086\/9432\/4.jpg\" border=\"0\" \/>\n<\/p>\n<h3>Lekki, kompaktowy design<\/h3>\n<p>Dzi\u0119ki kompaktowym wymiarom (8.5 x 7 x 5 cm) etui zmie\u015bci si\u0119 w ka\u017cdej torbie, plecaku czy kieszeni, co czyni je idealnym wyborem dla os\u00f3b b\u0119d\u0105cych w ci\u0105g\u0142ym ruchu. Niezale\u017cnie od tego, czy jeste\u015b podr\u00f3\u017cnikiem, sportowcem, czy mi\u0142o\u015bnikiem przyg\u00f3d, produkt PULUZ zapewni Twojej kamerze ochron\u0119, nie obci\u0105\u017caj\u0105c przy tym Twojego baga\u017cu.<\/p>\n<p>\n<img decoding=\"async\" src=\"https:\/\/assets.innpro.pl\/8086\/9432\/3.jpg\" border=\"0\" \/>\n<\/p>\n<div class=\"table-wrapper\">\n<p>\u00a0<\/p>\n<h3><\/h3>\n<table>\n<tbody>\n<tr>\n<th>Producent<\/th>\n<td>PULUZ<\/td>\n<\/tr>\n<tr>\n<th>Model<\/th>\n<td>PU944B<\/td>\n<\/tr>\n<tr>\n<th>Kompatybilno\u015b\u0107<\/th>\n<td>Insta360 GO 3 \/ GO 3S<\/td>\n<\/tr>\n<tr>\n<th>Wymiary<\/th>\n<td>8.5 x 7 x 5 cm<\/td>\n<\/tr>\n<tr>\n<th>Kolor<\/th>\n<td>czarny<\/td>\n<\/tr>\n<\/tbody>\n<\/table>\n<\/div>\n","protected":false},"excerpt":{"rendered":"<p>Etui PULUZ do Insta360 GO 3 \/ GO 3S (czarne) Poszukujesz idealnego etui dla swojej Insta360 GO 3 lub GO<\/p>\n","protected":false},"featured_media":59125,"comment_status":"closed","ping_status":"open","template":"","meta":{"_acf_changed":false},"product_brand":[],"product_cat":[1128,6173,6172],"product_tag":[],"class_list":{"0":"post-59124","1":"product","2":"type-product","3":"status-publish","4":"has-post-thumbnail","6":"product_cat-foto-wideo","7":"product_cat-futeraly-i-etui","8":"product_cat-przechowywanie-i-transport","9":"pa_okres-gwarancji-5757","10":"pa_producent-puluz","12":"first","13":"outofstock","14":"taxable","15":"shipping-taxable","16":"purchasable","17":"product-type-simple"},"acf":[],"yoast_head":"<!-- This site is optimized with the Yoast SEO plugin v27.2 - https:\/\/yoast.com\/product\/yoast-seo-wordpress\/ -->\n<title>Etui PULUZ do Insta360 GO 3\/GO 3S (czarne) - IRONSKY.PL Sklep z Dronami<\/title>\n<meta name=\"description\" content=\"Etui PULUZ do Insta360 GO 3\/GO 3S (czarne) - \u2705 sklep z dronami i fachowym doradztwem. \u2705 Tutaj kupisz produkty DJI, Yuneec, Parrot, Syma i wiele innych, a tak\u017ce kursy i licencje na operatora drona.\" \/>\n<meta name=\"robots\" content=\"index, follow, max-snippet:-1, max-image-preview:large, max-video-preview:-1\" \/>\n<link rel=\"canonical\" href=\"https:\/\/ironsky.pl\/sklep\/produkt\/etui-puluz-do-insta360-go-3-go-3s-czarne\/\" \/>\n<meta property=\"og:locale\" content=\"pl_PL\" \/>\n<meta property=\"og:type\" content=\"article\" \/>\n<meta property=\"og:title\" content=\"Etui PULUZ do Insta360 GO 3\/GO 3S (czarne) - IRONSKY.PL Sklep z Dronami\" \/>\n<meta property=\"og:description\" content=\"Etui PULUZ do Insta360 GO 3\/GO 3S (czarne) - \u2705 sklep z dronami i fachowym doradztwem. \u2705 Tutaj kupisz produkty DJI, Yuneec, Parrot, Syma i wiele innych, a tak\u017ce kursy i licencje na operatora drona.\" \/>\n<meta property=\"og:url\" content=\"https:\/\/ironsky.pl\/sklep\/produkt\/etui-puluz-do-insta360-go-3-go-3s-czarne\/\" \/>\n<meta property=\"og:site_name\" content=\"IRONSKY.PL Sklep z Dronami\" \/>\n<meta property=\"article:modified_time\" content=\"2026-04-15T08:44:08+00:00\" \/>\n<meta property=\"og:image\" content=\"https:\/\/ironsky.pl\/sklep\/wp-content\/uploads\/2026\/04\/45339_3.jpg\" \/>\n\t<meta property=\"og:image:width\" content=\"800\" \/>\n\t<meta property=\"og:image:height\" content=\"800\" \/>\n\t<meta property=\"og:image:type\" content=\"image\/jpeg\" \/>\n<meta name=\"twitter:card\" content=\"summary_large_image\" \/>\n<meta name=\"twitter:label1\" content=\"Szacowany czas czytania\" \/>\n\t<meta name=\"twitter:data1\" content=\"1 minuta\" \/>\n<script type=\"application\/ld+json\" class=\"yoast-schema-graph\">{\"@context\":\"https:\/\/schema.org\",\"@graph\":[{\"@type\":\"WebPage\",\"@id\":\"https:\/\/ironsky.pl\/sklep\/produkt\/etui-puluz-do-insta360-go-3-go-3s-czarne\/\",\"url\":\"https:\/\/ironsky.pl\/sklep\/produkt\/etui-puluz-do-insta360-go-3-go-3s-czarne\/\",\"name\":\"Etui PULUZ do Insta360 GO 3\/GO 3S (czarne) - IRONSKY.PL Sklep z Dronami\",\"isPartOf\":{\"@id\":\"https:\/\/ironsky.pl\/sklep\/#website\"},\"primaryImageOfPage\":{\"@id\":\"https:\/\/ironsky.pl\/sklep\/produkt\/etui-puluz-do-insta360-go-3-go-3s-czarne\/#primaryimage\"},\"image\":{\"@id\":\"https:\/\/ironsky.pl\/sklep\/produkt\/etui-puluz-do-insta360-go-3-go-3s-czarne\/#primaryimage\"},\"thumbnailUrl\":\"https:\/\/ironsky.pl\/sklep\/wp-content\/uploads\/2026\/04\/45339_3.jpg\",\"datePublished\":\"2026-04-15T08:43:34+00:00\",\"dateModified\":\"2026-04-15T08:44:08+00:00\",\"description\":\"Etui PULUZ do Insta360 GO 3\/GO 3S (czarne) - \u2705 sklep z dronami i fachowym doradztwem. \u2705 Tutaj kupisz produkty DJI, Yuneec, Parrot, Syma i wiele innych, a tak\u017ce kursy i licencje na operatora drona.\",\"breadcrumb\":{\"@id\":\"https:\/\/ironsky.pl\/sklep\/produkt\/etui-puluz-do-insta360-go-3-go-3s-czarne\/#breadcrumb\"},\"inLanguage\":\"pl-PL\",\"potentialAction\":[{\"@type\":\"ReadAction\",\"target\":[\"https:\/\/ironsky.pl\/sklep\/produkt\/etui-puluz-do-insta360-go-3-go-3s-czarne\/\"]}]},{\"@type\":\"ImageObject\",\"inLanguage\":\"pl-PL\",\"@id\":\"https:\/\/ironsky.pl\/sklep\/produkt\/etui-puluz-do-insta360-go-3-go-3s-czarne\/#primaryimage\",\"url\":\"https:\/\/ironsky.pl\/sklep\/wp-content\/uploads\/2026\/04\/45339_3.jpg\",\"contentUrl\":\"https:\/\/ironsky.pl\/sklep\/wp-content\/uploads\/2026\/04\/45339_3.jpg\",\"width\":800,\"height\":800},{\"@type\":\"BreadcrumbList\",\"@id\":\"https:\/\/ironsky.pl\/sklep\/produkt\/etui-puluz-do-insta360-go-3-go-3s-czarne\/#breadcrumb\",\"itemListElement\":[{\"@type\":\"ListItem\",\"position\":1,\"name\":\"Strona g\u0142\u00f3wna\",\"item\":\"https:\/\/ironsky.pl\/sklep\/\"},{\"@type\":\"ListItem\",\"position\":2,\"name\":\"Wszystkie produkty\",\"item\":\"https:\/\/ironsky.pl\/sklep\/produkty\/\"},{\"@type\":\"ListItem\",\"position\":3,\"name\":\"Etui PULUZ do Insta360 GO 3\/GO 3S (czarne)\"}]},{\"@type\":\"WebSite\",\"@id\":\"https:\/\/ironsky.pl\/sklep\/#website\",\"url\":\"https:\/\/ironsky.pl\/sklep\/\",\"name\":\"IRONSKY.PL Sklep z Dronami\",\"description\":\"IRONSKY.PL Sklep z Dronami\",\"potentialAction\":[{\"@type\":\"SearchAction\",\"target\":{\"@type\":\"EntryPoint\",\"urlTemplate\":\"https:\/\/ironsky.pl\/sklep\/?s={search_term_string}\"},\"query-input\":{\"@type\":\"PropertyValueSpecification\",\"valueRequired\":true,\"valueName\":\"search_term_string\"}}],\"inLanguage\":\"pl-PL\"}]}<\/script>\n<!-- \/ Yoast SEO plugin. -->","yoast_head_json":{"title":"Etui PULUZ do Insta360 GO 3\/GO 3S (czarne) - IRONSKY.PL Sklep z Dronami","description":"Etui PULUZ do Insta360 GO 3\/GO 3S (czarne) - \u2705 sklep z dronami i fachowym doradztwem. \u2705 Tutaj kupisz produkty DJI, Yuneec, Parrot, Syma i wiele innych, a tak\u017ce kursy i licencje na operatora drona.","robots":{"index":"index","follow":"follow","max-snippet":"max-snippet:-1","max-image-preview":"max-image-preview:large","max-video-preview":"max-video-preview:-1"},"canonical":"https:\/\/ironsky.pl\/sklep\/produkt\/etui-puluz-do-insta360-go-3-go-3s-czarne\/","og_locale":"pl_PL","og_type":"article","og_title":"Etui PULUZ do Insta360 GO 3\/GO 3S (czarne) - IRONSKY.PL Sklep z Dronami","og_description":"Etui PULUZ do Insta360 GO 3\/GO 3S (czarne) - \u2705 sklep z dronami i fachowym doradztwem. \u2705 Tutaj kupisz produkty DJI, Yuneec, Parrot, Syma i wiele innych, a tak\u017ce kursy i licencje na operatora drona.","og_url":"https:\/\/ironsky.pl\/sklep\/produkt\/etui-puluz-do-insta360-go-3-go-3s-czarne\/","og_site_name":"IRONSKY.PL Sklep z Dronami","article_modified_time":"2026-04-15T08:44:08+00:00","og_image":[{"width":800,"height":800,"url":"https:\/\/ironsky.pl\/sklep\/wp-content\/uploads\/2026\/04\/45339_3.jpg","type":"image\/jpeg"}],"twitter_card":"summary_large_image","twitter_misc":{"Szacowany czas czytania":"1 minuta"},"schema":{"@context":"https:\/\/schema.org","@graph":[{"@type":"WebPage","@id":"https:\/\/ironsky.pl\/sklep\/produkt\/etui-puluz-do-insta360-go-3-go-3s-czarne\/","url":"https:\/\/ironsky.pl\/sklep\/produkt\/etui-puluz-do-insta360-go-3-go-3s-czarne\/","name":"Etui PULUZ do Insta360 GO 3\/GO 3S (czarne) - IRONSKY.PL Sklep z Dronami","isPartOf":{"@id":"https:\/\/ironsky.pl\/sklep\/#website"},"primaryImageOfPage":{"@id":"https:\/\/ironsky.pl\/sklep\/produkt\/etui-puluz-do-insta360-go-3-go-3s-czarne\/#primaryimage"},"image":{"@id":"https:\/\/ironsky.pl\/sklep\/produkt\/etui-puluz-do-insta360-go-3-go-3s-czarne\/#primaryimage"},"thumbnailUrl":"https:\/\/ironsky.pl\/sklep\/wp-content\/uploads\/2026\/04\/45339_3.jpg","datePublished":"2026-04-15T08:43:34+00:00","dateModified":"2026-04-15T08:44:08+00:00","description":"Etui PULUZ do Insta360 GO 3\/GO 3S (czarne) - \u2705 sklep z dronami i fachowym doradztwem. \u2705 Tutaj kupisz produkty DJI, Yuneec, Parrot, Syma i wiele innych, a tak\u017ce kursy i licencje na operatora drona.","breadcrumb":{"@id":"https:\/\/ironsky.pl\/sklep\/produkt\/etui-puluz-do-insta360-go-3-go-3s-czarne\/#breadcrumb"},"inLanguage":"pl-PL","potentialAction":[{"@type":"ReadAction","target":["https:\/\/ironsky.pl\/sklep\/produkt\/etui-puluz-do-insta360-go-3-go-3s-czarne\/"]}]},{"@type":"ImageObject","inLanguage":"pl-PL","@id":"https:\/\/ironsky.pl\/sklep\/produkt\/etui-puluz-do-insta360-go-3-go-3s-czarne\/#primaryimage","url":"https:\/\/ironsky.pl\/sklep\/wp-content\/uploads\/2026\/04\/45339_3.jpg","contentUrl":"https:\/\/ironsky.pl\/sklep\/wp-content\/uploads\/2026\/04\/45339_3.jpg","width":800,"height":800},{"@type":"BreadcrumbList","@id":"https:\/\/ironsky.pl\/sklep\/produkt\/etui-puluz-do-insta360-go-3-go-3s-czarne\/#breadcrumb","itemListElement":[{"@type":"ListItem","position":1,"name":"Strona g\u0142\u00f3wna","item":"https:\/\/ironsky.pl\/sklep\/"},{"@type":"ListItem","position":2,"name":"Wszystkie produkty","item":"https:\/\/ironsky.pl\/sklep\/produkty\/"},{"@type":"ListItem","position":3,"name":"Etui PULUZ do Insta360 GO 3\/GO 3S (czarne)"}]},{"@type":"WebSite","@id":"https:\/\/ironsky.pl\/sklep\/#website","url":"https:\/\/ironsky.pl\/sklep\/","name":"IRONSKY.PL Sklep z Dronami","description":"IRONSKY.PL Sklep z Dronami","potentialAction":[{"@type":"SearchAction","target":{"@type":"EntryPoint","urlTemplate":"https:\/\/ironsky.pl\/sklep\/?s={search_term_string}"},"query-input":{"@type":"PropertyValueSpecification","valueRequired":true,"valueName":"search_term_string"}}],"inLanguage":"pl-PL"}]}},"_links":{"self":[{"href":"https:\/\/ironsky.pl\/sklep\/wp-json\/wp\/v2\/product\/59124","targetHints":{"allow":["GET"]}}],"collection":[{"href":"https:\/\/ironsky.pl\/sklep\/wp-json\/wp\/v2\/product"}],"about":[{"href":"https:\/\/ironsky.pl\/sklep\/wp-json\/wp\/v2\/types\/product"}],"replies":[{"embeddable":true,"href":"https:\/\/ironsky.pl\/sklep\/wp-json\/wp\/v2\/comments?post=59124"}],"wp:featuredmedia":[{"embeddable":true,"href":"https:\/\/ironsky.pl\/sklep\/wp-json\/wp\/v2\/media\/59125"}],"wp:attachment":[{"href":"https:\/\/ironsky.pl\/sklep\/wp-json\/wp\/v2\/media?parent=59124"}],"wp:term":[{"taxonomy":"product_brand","embeddable":true,"href":"https:\/\/ironsky.pl\/sklep\/wp-json\/wp\/v2\/product_brand?post=59124"},{"taxonomy":"product_cat","embeddable":true,"href":"https:\/\/ironsky.pl\/sklep\/wp-json\/wp\/v2\/product_cat?post=59124"},{"taxonomy":"product_tag","embeddable":true,"href":"https:\/\/ironsky.pl\/sklep\/wp-json\/wp\/v2\/product_tag?post=59124"}],"curies":[{"name":"wp","href":"https:\/\/api.w.org\/{rel}","templated":true}]}}