{"id":59119,"date":"2026-04-15T10:43:34","date_gmt":"2026-04-15T08:43:34","guid":{"rendered":"https:\/\/ironsky.pl\/sklep\/produkt\/etui-puluz-do-dji-osmo-action-5-pro-4-3-czarne\/"},"modified":"2026-04-15T10:44:05","modified_gmt":"2026-04-15T08:44:05","slug":"etui-puluz-do-dji-osmo-action-5-pro-4-3-czarne","status":"publish","type":"product","link":"https:\/\/ironsky.pl\/sklep\/produkt\/etui-puluz-do-dji-osmo-action-5-pro-4-3-czarne\/","title":{"rendered":"Etui PULUZ do DJI Osmo Action 5 Pro\/4\/3 (czarne)"},"content":{"rendered":"<h3>Etui PULUZ do DJI Osmo Action 5 Pro \/ 4 \/ 3 (czarne)<\/h3>\n<p>Etui PULUZ stanowi niezawodne rozwi\u0105zanie dla w\u0142a\u015bcicieli kamer DJI Osmo Action 5 Pro, 4 i 3, zapewniaj\u0105ce kompleksow\u0105 ochron\u0119 przed wstrz\u0105sami, wod\u0105 i kurzem. Dzi\u0119ki wytrzyma\u0142ej konstrukcji i precyzyjnemu dopasowaniu akcesorium skutecznie chroni kamer\u0119, jednocze\u015bnie oferuj\u0105c wygod\u0119 u\u017cytkowania.<\/p>\n<p>\n<img decoding=\"async\" src=\"https:\/\/assets.innpro.pl\/8070\/9415\/1.jpg\" border=\"0\" alt=\"\" \/>\n<\/p>\n<h3>Wytrzyma\u0142o\u015b\u0107 w ka\u017cdych warunkach<\/h3>\n<p>Dzi\u0119ki odporno\u015bci na wstrz\u0105sy, wod\u0119 i kurz, mo\u017cesz mie\u0107 pewno\u015b\u0107, \u017ce etui kompleksowo zabezpiecza Twoj\u0105 kamer\u0119 w ka\u017cdych warunkach. P\u00f3\u0142otwarta konstrukcja zapewnia \u0142atwy dost\u0119p do urz\u0105dzenia, jednocze\u015bnie chroni\u0105c je przed niekorzystnymi czynnikami zewn\u0119trznymi. Wykorzystanie materia\u0142u EVA pozwoli\u0142o zapewni\u0107 zabezpieczenie przed skutkami uderze\u0144, dzi\u0119ki czemu mo\u017cesz cieszy\u0107 si\u0119 spokojem ducha nawet w trudnych warunkach terenowych.<\/p>\n<p>\n<img decoding=\"async\" src=\"https:\/\/assets.innpro.pl\/8070\/9415\/2.jpg\" border=\"0\" alt=\"\" \/>\n<\/p>\n<h3>Funkcjonalny design i precyzyjne dopasowanie<\/h3>\n<p>Zamek umo\u017cliwia korzystanie z etui bez konieczno\u015bci zdejmowania statywu czy innych akcesori\u00f3w, co jest praktycznym rozwi\u0105zaniem dla tych, kt\u00f3rzy potrzebuj\u0105 szybkiego i \u0142atwego dost\u0119pu do swojej kamery. Etui zosta\u0142o zaprojektowane z my\u015bl\u0105 o perfekcyjnym dopasowaniu do kamer DJI Osmo Action 5 Pro, 4 i 3. Specjalnie wyprofilowana przestrze\u0144 gwarantuje ochron\u0119 przed wszelkimi uszkodzeniami, a dedykowane miejsce na obiektyw skutecznie zabezpiecza go podczas transportu.<\/p>\n<p>\n<img decoding=\"async\" src=\"https:\/\/assets.innpro.pl\/8070\/9415\/4.jpg\" border=\"0\" alt=\"\" \/>\n<\/p>\n<h3>Wysoka jako\u015b\u0107 materia\u0142\u00f3w<\/h3>\n<p>Etui PULUZ wykonane jest z wysokiej jako\u015bci poliuretanu, kt\u00f3ry zapewnia dodatkow\u0105 warstw\u0119 ochronn\u0105 przed deszczem i kurzem. Wn\u0119trze akcesorium wy\u0142o\u017cone jest aksamitnym materia\u0142em, kt\u00f3ry chroni ekran i obiektyw przed zarysowaniami podczas transportu.<\/p>\n<p>\n<img decoding=\"async\" src=\"https:\/\/assets.innpro.pl\/8070\/9415\/6.jpg\" border=\"0\" alt=\"\" \/>\n<\/p>\n<h3>Przeno\u015bna konstrukcja<\/h3>\n<p>Produkt PULUZ jest nie tylko wytrzyma\u0142y, ale tak\u017ce lekki i kompaktowy, co czyni go idealnym towarzyszem podr\u00f3\u017cy. Bez trudu zmie\u015bci si\u0119 w plecaku czy torbie, dzi\u0119ki czemu mo\u017cesz zabra\u0107 go ze sob\u0105 wsz\u0119dzie. Etui mo\u017ce zmie\u015bci\u0107 kamer\u0119 tak\u017ce z dodatkowymi os\u0142onami.<\/p>\n<p>\n<img decoding=\"async\" src=\"https:\/\/assets.innpro.pl\/8070\/9415\/3.jpg\" border=\"0\" alt=\"\" \/>\n<\/p>\n<div class=\"table-wrapper\">\n<p>\u00a0<\/p>\n<h3><\/h3>\n<table>\n<tbody>\n<tr>\n<th>Producent<\/th>\n<td>PULUZ<\/td>\n<\/tr>\n<tr>\n<th>Model<\/th>\n<td>PU946B<\/td>\n<\/tr>\n<tr>\n<th>Kompatybilno\u015b\u0107<\/th>\n<td>DJI Osmo Action 5 Pro \/ 4 \/ 3<\/td>\n<\/tr>\n<tr>\n<th>Wymiary<\/th>\n<td>11 x 8 x 4 cm<\/td>\n<\/tr>\n<tr>\n<th>Kolor<\/th>\n<td>czarny<\/td>\n<\/tr>\n<\/tbody>\n<\/table>\n<\/div>\n","protected":false},"excerpt":{"rendered":"<p>Etui PULUZ do DJI Osmo Action 5 Pro \/ 4 \/ 3 (czarne) Etui PULUZ stanowi niezawodne rozwi\u0105zanie dla w\u0142a\u015bcicieli<\/p>\n","protected":false},"featured_media":59120,"comment_status":"closed","ping_status":"open","template":"","meta":{"_acf_changed":false},"product_brand":[],"product_cat":[1128,6173,6172],"product_tag":[],"class_list":{"0":"post-59119","1":"product","2":"type-product","3":"status-publish","4":"has-post-thumbnail","6":"product_cat-foto-wideo","7":"product_cat-futeraly-i-etui","8":"product_cat-przechowywanie-i-transport","9":"pa_okres-gwarancji-5757","10":"pa_producent-puluz","12":"first","13":"outofstock","14":"taxable","15":"shipping-taxable","16":"purchasable","17":"product-type-simple"},"acf":[],"yoast_head":"<!-- This site is optimized with the Yoast SEO plugin v27.2 - https:\/\/yoast.com\/product\/yoast-seo-wordpress\/ -->\n<title>Etui PULUZ do DJI Osmo Action 5 Pro\/4\/3 (czarne) - IRONSKY.PL Sklep z Dronami<\/title>\n<meta name=\"description\" content=\"Etui PULUZ do DJI Osmo Action 5 Pro\/4\/3 (czarne) - \u2705 sklep z dronami i fachowym doradztwem. \u2705 Tutaj kupisz produkty DJI, Yuneec, Parrot, Syma i wiele innych, a tak\u017ce kursy i licencje na operatora drona.\" \/>\n<meta name=\"robots\" content=\"index, follow, max-snippet:-1, max-image-preview:large, max-video-preview:-1\" \/>\n<link rel=\"canonical\" href=\"https:\/\/ironsky.pl\/sklep\/produkt\/etui-puluz-do-dji-osmo-action-5-pro-4-3-czarne\/\" \/>\n<meta property=\"og:locale\" content=\"pl_PL\" \/>\n<meta property=\"og:type\" content=\"article\" \/>\n<meta property=\"og:title\" content=\"Etui PULUZ do DJI Osmo Action 5 Pro\/4\/3 (czarne) - IRONSKY.PL Sklep z Dronami\" \/>\n<meta property=\"og:description\" content=\"Etui PULUZ do DJI Osmo Action 5 Pro\/4\/3 (czarne) - \u2705 sklep z dronami i fachowym doradztwem. \u2705 Tutaj kupisz produkty DJI, Yuneec, Parrot, Syma i wiele innych, a tak\u017ce kursy i licencje na operatora drona.\" \/>\n<meta property=\"og:url\" content=\"https:\/\/ironsky.pl\/sklep\/produkt\/etui-puluz-do-dji-osmo-action-5-pro-4-3-czarne\/\" \/>\n<meta property=\"og:site_name\" content=\"IRONSKY.PL Sklep z Dronami\" \/>\n<meta property=\"article:modified_time\" content=\"2026-04-15T08:44:05+00:00\" \/>\n<meta property=\"og:image\" content=\"https:\/\/ironsky.pl\/sklep\/wp-content\/uploads\/2026\/04\/45338_4.jpg\" \/>\n\t<meta property=\"og:image:width\" content=\"800\" \/>\n\t<meta property=\"og:image:height\" content=\"800\" \/>\n\t<meta property=\"og:image:type\" content=\"image\/jpeg\" \/>\n<meta name=\"twitter:card\" content=\"summary_large_image\" \/>\n<meta name=\"twitter:label1\" content=\"Szacowany czas czytania\" \/>\n\t<meta name=\"twitter:data1\" content=\"2 minuty\" \/>\n<script type=\"application\/ld+json\" class=\"yoast-schema-graph\">{\"@context\":\"https:\/\/schema.org\",\"@graph\":[{\"@type\":\"WebPage\",\"@id\":\"https:\/\/ironsky.pl\/sklep\/produkt\/etui-puluz-do-dji-osmo-action-5-pro-4-3-czarne\/\",\"url\":\"https:\/\/ironsky.pl\/sklep\/produkt\/etui-puluz-do-dji-osmo-action-5-pro-4-3-czarne\/\",\"name\":\"Etui PULUZ do DJI Osmo Action 5 Pro\/4\/3 (czarne) - IRONSKY.PL Sklep z Dronami\",\"isPartOf\":{\"@id\":\"https:\/\/ironsky.pl\/sklep\/#website\"},\"primaryImageOfPage\":{\"@id\":\"https:\/\/ironsky.pl\/sklep\/produkt\/etui-puluz-do-dji-osmo-action-5-pro-4-3-czarne\/#primaryimage\"},\"image\":{\"@id\":\"https:\/\/ironsky.pl\/sklep\/produkt\/etui-puluz-do-dji-osmo-action-5-pro-4-3-czarne\/#primaryimage\"},\"thumbnailUrl\":\"https:\/\/ironsky.pl\/sklep\/wp-content\/uploads\/2026\/04\/45338_4.jpg\",\"datePublished\":\"2026-04-15T08:43:34+00:00\",\"dateModified\":\"2026-04-15T08:44:05+00:00\",\"description\":\"Etui PULUZ do DJI Osmo Action 5 Pro\/4\/3 (czarne) - \u2705 sklep z dronami i fachowym doradztwem. \u2705 Tutaj kupisz produkty DJI, Yuneec, Parrot, Syma i wiele innych, a tak\u017ce kursy i licencje na operatora drona.\",\"breadcrumb\":{\"@id\":\"https:\/\/ironsky.pl\/sklep\/produkt\/etui-puluz-do-dji-osmo-action-5-pro-4-3-czarne\/#breadcrumb\"},\"inLanguage\":\"pl-PL\",\"potentialAction\":[{\"@type\":\"ReadAction\",\"target\":[\"https:\/\/ironsky.pl\/sklep\/produkt\/etui-puluz-do-dji-osmo-action-5-pro-4-3-czarne\/\"]}]},{\"@type\":\"ImageObject\",\"inLanguage\":\"pl-PL\",\"@id\":\"https:\/\/ironsky.pl\/sklep\/produkt\/etui-puluz-do-dji-osmo-action-5-pro-4-3-czarne\/#primaryimage\",\"url\":\"https:\/\/ironsky.pl\/sklep\/wp-content\/uploads\/2026\/04\/45338_4.jpg\",\"contentUrl\":\"https:\/\/ironsky.pl\/sklep\/wp-content\/uploads\/2026\/04\/45338_4.jpg\",\"width\":800,\"height\":800},{\"@type\":\"BreadcrumbList\",\"@id\":\"https:\/\/ironsky.pl\/sklep\/produkt\/etui-puluz-do-dji-osmo-action-5-pro-4-3-czarne\/#breadcrumb\",\"itemListElement\":[{\"@type\":\"ListItem\",\"position\":1,\"name\":\"Strona g\u0142\u00f3wna\",\"item\":\"https:\/\/ironsky.pl\/sklep\/\"},{\"@type\":\"ListItem\",\"position\":2,\"name\":\"Wszystkie produkty\",\"item\":\"https:\/\/ironsky.pl\/sklep\/produkty\/\"},{\"@type\":\"ListItem\",\"position\":3,\"name\":\"Etui PULUZ do DJI Osmo Action 5 Pro\/4\/3 (czarne)\"}]},{\"@type\":\"WebSite\",\"@id\":\"https:\/\/ironsky.pl\/sklep\/#website\",\"url\":\"https:\/\/ironsky.pl\/sklep\/\",\"name\":\"IRONSKY.PL Sklep z Dronami\",\"description\":\"IRONSKY.PL Sklep z Dronami\",\"potentialAction\":[{\"@type\":\"SearchAction\",\"target\":{\"@type\":\"EntryPoint\",\"urlTemplate\":\"https:\/\/ironsky.pl\/sklep\/?s={search_term_string}\"},\"query-input\":{\"@type\":\"PropertyValueSpecification\",\"valueRequired\":true,\"valueName\":\"search_term_string\"}}],\"inLanguage\":\"pl-PL\"}]}<\/script>\n<!-- \/ Yoast SEO plugin. -->","yoast_head_json":{"title":"Etui PULUZ do DJI Osmo Action 5 Pro\/4\/3 (czarne) - IRONSKY.PL Sklep z Dronami","description":"Etui PULUZ do DJI Osmo Action 5 Pro\/4\/3 (czarne) - \u2705 sklep z dronami i fachowym doradztwem. \u2705 Tutaj kupisz produkty DJI, Yuneec, Parrot, Syma i wiele innych, a tak\u017ce kursy i licencje na operatora drona.","robots":{"index":"index","follow":"follow","max-snippet":"max-snippet:-1","max-image-preview":"max-image-preview:large","max-video-preview":"max-video-preview:-1"},"canonical":"https:\/\/ironsky.pl\/sklep\/produkt\/etui-puluz-do-dji-osmo-action-5-pro-4-3-czarne\/","og_locale":"pl_PL","og_type":"article","og_title":"Etui PULUZ do DJI Osmo Action 5 Pro\/4\/3 (czarne) - IRONSKY.PL Sklep z Dronami","og_description":"Etui PULUZ do DJI Osmo Action 5 Pro\/4\/3 (czarne) - \u2705 sklep z dronami i fachowym doradztwem. \u2705 Tutaj kupisz produkty DJI, Yuneec, Parrot, Syma i wiele innych, a tak\u017ce kursy i licencje na operatora drona.","og_url":"https:\/\/ironsky.pl\/sklep\/produkt\/etui-puluz-do-dji-osmo-action-5-pro-4-3-czarne\/","og_site_name":"IRONSKY.PL Sklep z Dronami","article_modified_time":"2026-04-15T08:44:05+00:00","og_image":[{"width":800,"height":800,"url":"https:\/\/ironsky.pl\/sklep\/wp-content\/uploads\/2026\/04\/45338_4.jpg","type":"image\/jpeg"}],"twitter_card":"summary_large_image","twitter_misc":{"Szacowany czas czytania":"2 minuty"},"schema":{"@context":"https:\/\/schema.org","@graph":[{"@type":"WebPage","@id":"https:\/\/ironsky.pl\/sklep\/produkt\/etui-puluz-do-dji-osmo-action-5-pro-4-3-czarne\/","url":"https:\/\/ironsky.pl\/sklep\/produkt\/etui-puluz-do-dji-osmo-action-5-pro-4-3-czarne\/","name":"Etui PULUZ do DJI Osmo Action 5 Pro\/4\/3 (czarne) - IRONSKY.PL Sklep z Dronami","isPartOf":{"@id":"https:\/\/ironsky.pl\/sklep\/#website"},"primaryImageOfPage":{"@id":"https:\/\/ironsky.pl\/sklep\/produkt\/etui-puluz-do-dji-osmo-action-5-pro-4-3-czarne\/#primaryimage"},"image":{"@id":"https:\/\/ironsky.pl\/sklep\/produkt\/etui-puluz-do-dji-osmo-action-5-pro-4-3-czarne\/#primaryimage"},"thumbnailUrl":"https:\/\/ironsky.pl\/sklep\/wp-content\/uploads\/2026\/04\/45338_4.jpg","datePublished":"2026-04-15T08:43:34+00:00","dateModified":"2026-04-15T08:44:05+00:00","description":"Etui PULUZ do DJI Osmo Action 5 Pro\/4\/3 (czarne) - \u2705 sklep z dronami i fachowym doradztwem. \u2705 Tutaj kupisz produkty DJI, Yuneec, Parrot, Syma i wiele innych, a tak\u017ce kursy i licencje na operatora drona.","breadcrumb":{"@id":"https:\/\/ironsky.pl\/sklep\/produkt\/etui-puluz-do-dji-osmo-action-5-pro-4-3-czarne\/#breadcrumb"},"inLanguage":"pl-PL","potentialAction":[{"@type":"ReadAction","target":["https:\/\/ironsky.pl\/sklep\/produkt\/etui-puluz-do-dji-osmo-action-5-pro-4-3-czarne\/"]}]},{"@type":"ImageObject","inLanguage":"pl-PL","@id":"https:\/\/ironsky.pl\/sklep\/produkt\/etui-puluz-do-dji-osmo-action-5-pro-4-3-czarne\/#primaryimage","url":"https:\/\/ironsky.pl\/sklep\/wp-content\/uploads\/2026\/04\/45338_4.jpg","contentUrl":"https:\/\/ironsky.pl\/sklep\/wp-content\/uploads\/2026\/04\/45338_4.jpg","width":800,"height":800},{"@type":"BreadcrumbList","@id":"https:\/\/ironsky.pl\/sklep\/produkt\/etui-puluz-do-dji-osmo-action-5-pro-4-3-czarne\/#breadcrumb","itemListElement":[{"@type":"ListItem","position":1,"name":"Strona g\u0142\u00f3wna","item":"https:\/\/ironsky.pl\/sklep\/"},{"@type":"ListItem","position":2,"name":"Wszystkie produkty","item":"https:\/\/ironsky.pl\/sklep\/produkty\/"},{"@type":"ListItem","position":3,"name":"Etui PULUZ do DJI Osmo Action 5 Pro\/4\/3 (czarne)"}]},{"@type":"WebSite","@id":"https:\/\/ironsky.pl\/sklep\/#website","url":"https:\/\/ironsky.pl\/sklep\/","name":"IRONSKY.PL Sklep z Dronami","description":"IRONSKY.PL Sklep z Dronami","potentialAction":[{"@type":"SearchAction","target":{"@type":"EntryPoint","urlTemplate":"https:\/\/ironsky.pl\/sklep\/?s={search_term_string}"},"query-input":{"@type":"PropertyValueSpecification","valueRequired":true,"valueName":"search_term_string"}}],"inLanguage":"pl-PL"}]}},"_links":{"self":[{"href":"https:\/\/ironsky.pl\/sklep\/wp-json\/wp\/v2\/product\/59119","targetHints":{"allow":["GET"]}}],"collection":[{"href":"https:\/\/ironsky.pl\/sklep\/wp-json\/wp\/v2\/product"}],"about":[{"href":"https:\/\/ironsky.pl\/sklep\/wp-json\/wp\/v2\/types\/product"}],"replies":[{"embeddable":true,"href":"https:\/\/ironsky.pl\/sklep\/wp-json\/wp\/v2\/comments?post=59119"}],"wp:featuredmedia":[{"embeddable":true,"href":"https:\/\/ironsky.pl\/sklep\/wp-json\/wp\/v2\/media\/59120"}],"wp:attachment":[{"href":"https:\/\/ironsky.pl\/sklep\/wp-json\/wp\/v2\/media?parent=59119"}],"wp:term":[{"taxonomy":"product_brand","embeddable":true,"href":"https:\/\/ironsky.pl\/sklep\/wp-json\/wp\/v2\/product_brand?post=59119"},{"taxonomy":"product_cat","embeddable":true,"href":"https:\/\/ironsky.pl\/sklep\/wp-json\/wp\/v2\/product_cat?post=59119"},{"taxonomy":"product_tag","embeddable":true,"href":"https:\/\/ironsky.pl\/sklep\/wp-json\/wp\/v2\/product_tag?post=59119"}],"curies":[{"name":"wp","href":"https:\/\/api.w.org\/{rel}","templated":true}]}}