{"id":59112,"date":"2026-04-15T10:43:34","date_gmt":"2026-04-15T08:43:34","guid":{"rendered":"https:\/\/ironsky.pl\/sklep\/produkt\/torba-na-akcesoria-kf-concept-alpha-sling-4l\/"},"modified":"2026-04-15T10:44:00","modified_gmt":"2026-04-15T08:44:00","slug":"torba-na-akcesoria-kf-concept-alpha-sling-4l","status":"publish","type":"product","link":"https:\/\/ironsky.pl\/sklep\/produkt\/torba-na-akcesoria-kf-concept-alpha-sling-4l\/","title":{"rendered":"Torba na akcesoria K&#038;F CONCEPT Alpha Sling 4L"},"content":{"rendered":"<h3>Torba na akcesoria fotograficzne 4L K&amp;F Concept Alpha Sling<\/h3>\n<p>Torba na akcesoria fotograficzne 4L K&amp;F Concept Alpha Sling oferuje pojemno\u015b\u0107 4 l i a\u017c 23 przegrody oraz kieszenie, kt\u00f3re umo\u017cliwiaj\u0105 przechowywanie \u0142adowarek, akumulator\u00f3w i filtr\u00f3w do aparatu, kart pami\u0119ci, kabli USB, dysk\u00f3w twardych, powerbank\u00f3w, myszy, s\u0142uchawek, d\u0142ugopis\u00f3w i wielu innych akcesori\u00f3w. Teraz mo\u017cesz efektywnie zorganizowa\u0107 swoj\u0105 przestrze\u0144!<\/p>\n<p>\n<img decoding=\"async\" src=\"https:\/\/assets.innpro.pl\/8180\/9577\/3.jpg\" border=\"0\" \/>\n<\/p>\n<h3>Praktyczna konstrukcja<\/h3>\n<p>Wymiary torby wynosz\u0105 26,5 cm x 10 cm x 16,5 cm, dzi\u0119ki czemu mo\u017cesz bez problemu zmie\u015bci\u0107 j\u0105 w plecaku, walizce lub teczce. Praktyczna r\u0105czka pozwala \u0142atwo przenosi\u0107 torb\u0119, a waga wynosz\u0105ca zaledwie 250 g dodatkowo zwi\u0119ksza wygod\u0119 u\u017cytkowania.<\/p>\n<p>\n<img decoding=\"async\" src=\"https:\/\/assets.innpro.pl\/8180\/9577\/1.jpg\" border=\"0\" \/>\n<\/p>\n<h3>Wygoda u\u017cytkowania<\/h3>\n<p>Dzi\u0119ki du\u017cemu otwarciu pod k\u0105tem 120\u00b0 produkt mo\u017cesz cieszy\u0107 si\u0119 wygodnym dost\u0119pem do przechowywanych przedmiot\u00f3w. Torba stabilnie stoi na p\u0142askiej powierzchni w ka\u017cdej sytuacji.<\/p>\n<p>\n<img decoding=\"async\" src=\"https:\/\/assets.innpro.pl\/8180\/9577\/2.jpg\" border=\"0\" \/>\n<\/p>\n<h3>Wodoodporno\u015b\u0107<\/h3>\n<p>Zewn\u0119trzna warstwa torby wykonana jest z laminowanego materia\u0142u 900D, kt\u00f3ry jest odporny na wilgo\u0107, zachlapania, przetarcia, rozdarcia i inne uszkodzenia mechaniczne. Wewn\u0119trzna warstwa z mi\u0119kkiej, elastycznej tkaniny zabezpiecza przedmioty przed wstrz\u0105sami i tarciem. Podw\u00f3jne zamki b\u0142yskawiczne zapewniaj\u0105 komfort u\u017cytkowania.<\/p>\n<p>\n<img decoding=\"async\" src=\"https:\/\/assets.innpro.pl\/8180\/9577\/4.jpg\" border=\"0\" \/>\n<\/p>\n<div class=\"table-wrapper\">\n<p>\u00a0<\/p>\n<h3><\/h3>\n<table>\n<tbody>\n<tr>\n<th>Producent<\/th>\n<td>K&amp;F Concept<\/td>\n<\/tr>\n<tr>\n<th>Kod producenta<\/th>\n<td>KF13.130<\/td>\n<\/tr>\n<tr>\n<th>Materia\u0142<\/th>\n<td>poliester 900D + elastyczna tkanina<\/td>\n<\/tr>\n<tr>\n<th>Wymiary<\/th>\n<td>26.5 x 10 x 16.5 cm<\/td>\n<\/tr>\n<tr>\n<th>Waga<\/th>\n<td>250 g<\/td>\n<\/tr>\n<tr>\n<th>Kolor<\/th>\n<td>czarny<\/td>\n<\/tr>\n<\/tbody>\n<\/table>\n<\/div>\n","protected":false},"excerpt":{"rendered":"<p>Torba na akcesoria fotograficzne 4L K&amp;F Concept Alpha Sling Torba na akcesoria fotograficzne 4L K&amp;F Concept Alpha Sling oferuje pojemno\u015b\u0107<\/p>\n","protected":false},"featured_media":59113,"comment_status":"closed","ping_status":"open","template":"","meta":{"_acf_changed":false},"product_brand":[],"product_cat":[1128,6172,6205],"product_tag":[],"class_list":{"0":"post-59112","1":"product","2":"type-product","3":"status-publish","4":"has-post-thumbnail","6":"product_cat-foto-wideo","7":"product_cat-przechowywanie-i-transport","8":"product_cat-torby","9":"pa_okres-gwarancji-5754","10":"pa_producent-kf-concept","12":"first","13":"outofstock","14":"taxable","15":"shipping-taxable","16":"purchasable","17":"product-type-simple"},"acf":[],"yoast_head":"<!-- This site is optimized with the Yoast SEO plugin v27.2 - https:\/\/yoast.com\/product\/yoast-seo-wordpress\/ -->\n<title>Torba na akcesoria K&amp;F CONCEPT Alpha Sling 4L - IRONSKY.PL Sklep z Dronami<\/title>\n<meta name=\"description\" content=\"Torba na akcesoria K&amp;F CONCEPT Alpha Sling 4L - \u2705 sklep z dronami i fachowym doradztwem. \u2705 Tutaj kupisz produkty DJI, Yuneec, Parrot, Syma i wiele innych, a tak\u017ce kursy i licencje na operatora drona.\" \/>\n<meta name=\"robots\" content=\"index, follow, max-snippet:-1, max-image-preview:large, max-video-preview:-1\" \/>\n<link rel=\"canonical\" href=\"https:\/\/ironsky.pl\/sklep\/produkt\/torba-na-akcesoria-kf-concept-alpha-sling-4l\/\" \/>\n<meta property=\"og:locale\" content=\"pl_PL\" \/>\n<meta property=\"og:type\" content=\"article\" \/>\n<meta property=\"og:title\" content=\"Torba na akcesoria K&amp;F CONCEPT Alpha Sling 4L - IRONSKY.PL Sklep z Dronami\" \/>\n<meta property=\"og:description\" content=\"Torba na akcesoria K&amp;F CONCEPT Alpha Sling 4L - \u2705 sklep z dronami i fachowym doradztwem. \u2705 Tutaj kupisz produkty DJI, Yuneec, Parrot, Syma i wiele innych, a tak\u017ce kursy i licencje na operatora drona.\" \/>\n<meta property=\"og:url\" content=\"https:\/\/ironsky.pl\/sklep\/produkt\/torba-na-akcesoria-kf-concept-alpha-sling-4l\/\" \/>\n<meta property=\"og:site_name\" content=\"IRONSKY.PL Sklep z Dronami\" \/>\n<meta property=\"article:modified_time\" content=\"2026-04-15T08:44:00+00:00\" \/>\n<meta property=\"og:image\" content=\"https:\/\/ironsky.pl\/sklep\/wp-content\/uploads\/2026\/04\/45309_1.jpg\" \/>\n\t<meta property=\"og:image:width\" content=\"800\" \/>\n\t<meta property=\"og:image:height\" content=\"800\" \/>\n\t<meta property=\"og:image:type\" content=\"image\/jpeg\" \/>\n<meta name=\"twitter:card\" content=\"summary_large_image\" \/>\n<meta name=\"twitter:label1\" content=\"Szacowany czas czytania\" \/>\n\t<meta name=\"twitter:data1\" content=\"1 minuta\" \/>\n<script type=\"application\/ld+json\" class=\"yoast-schema-graph\">{\"@context\":\"https:\/\/schema.org\",\"@graph\":[{\"@type\":\"WebPage\",\"@id\":\"https:\/\/ironsky.pl\/sklep\/produkt\/torba-na-akcesoria-kf-concept-alpha-sling-4l\/\",\"url\":\"https:\/\/ironsky.pl\/sklep\/produkt\/torba-na-akcesoria-kf-concept-alpha-sling-4l\/\",\"name\":\"Torba na akcesoria K&F CONCEPT Alpha Sling 4L - IRONSKY.PL Sklep z Dronami\",\"isPartOf\":{\"@id\":\"https:\/\/ironsky.pl\/sklep\/#website\"},\"primaryImageOfPage\":{\"@id\":\"https:\/\/ironsky.pl\/sklep\/produkt\/torba-na-akcesoria-kf-concept-alpha-sling-4l\/#primaryimage\"},\"image\":{\"@id\":\"https:\/\/ironsky.pl\/sklep\/produkt\/torba-na-akcesoria-kf-concept-alpha-sling-4l\/#primaryimage\"},\"thumbnailUrl\":\"https:\/\/ironsky.pl\/sklep\/wp-content\/uploads\/2026\/04\/45309_1.jpg\",\"datePublished\":\"2026-04-15T08:43:34+00:00\",\"dateModified\":\"2026-04-15T08:44:00+00:00\",\"description\":\"Torba na akcesoria K&F CONCEPT Alpha Sling 4L - \u2705 sklep z dronami i fachowym doradztwem. \u2705 Tutaj kupisz produkty DJI, Yuneec, Parrot, Syma i wiele innych, a tak\u017ce kursy i licencje na operatora drona.\",\"breadcrumb\":{\"@id\":\"https:\/\/ironsky.pl\/sklep\/produkt\/torba-na-akcesoria-kf-concept-alpha-sling-4l\/#breadcrumb\"},\"inLanguage\":\"pl-PL\",\"potentialAction\":[{\"@type\":\"ReadAction\",\"target\":[\"https:\/\/ironsky.pl\/sklep\/produkt\/torba-na-akcesoria-kf-concept-alpha-sling-4l\/\"]}]},{\"@type\":\"ImageObject\",\"inLanguage\":\"pl-PL\",\"@id\":\"https:\/\/ironsky.pl\/sklep\/produkt\/torba-na-akcesoria-kf-concept-alpha-sling-4l\/#primaryimage\",\"url\":\"https:\/\/ironsky.pl\/sklep\/wp-content\/uploads\/2026\/04\/45309_1.jpg\",\"contentUrl\":\"https:\/\/ironsky.pl\/sklep\/wp-content\/uploads\/2026\/04\/45309_1.jpg\",\"width\":800,\"height\":800},{\"@type\":\"BreadcrumbList\",\"@id\":\"https:\/\/ironsky.pl\/sklep\/produkt\/torba-na-akcesoria-kf-concept-alpha-sling-4l\/#breadcrumb\",\"itemListElement\":[{\"@type\":\"ListItem\",\"position\":1,\"name\":\"Strona g\u0142\u00f3wna\",\"item\":\"https:\/\/ironsky.pl\/sklep\/\"},{\"@type\":\"ListItem\",\"position\":2,\"name\":\"Wszystkie produkty\",\"item\":\"https:\/\/ironsky.pl\/sklep\/produkty\/\"},{\"@type\":\"ListItem\",\"position\":3,\"name\":\"Torba na akcesoria K&#038;F CONCEPT Alpha Sling 4L\"}]},{\"@type\":\"WebSite\",\"@id\":\"https:\/\/ironsky.pl\/sklep\/#website\",\"url\":\"https:\/\/ironsky.pl\/sklep\/\",\"name\":\"IRONSKY.PL Sklep z Dronami\",\"description\":\"IRONSKY.PL Sklep z Dronami\",\"potentialAction\":[{\"@type\":\"SearchAction\",\"target\":{\"@type\":\"EntryPoint\",\"urlTemplate\":\"https:\/\/ironsky.pl\/sklep\/?s={search_term_string}\"},\"query-input\":{\"@type\":\"PropertyValueSpecification\",\"valueRequired\":true,\"valueName\":\"search_term_string\"}}],\"inLanguage\":\"pl-PL\"}]}<\/script>\n<!-- \/ Yoast SEO plugin. -->","yoast_head_json":{"title":"Torba na akcesoria K&F CONCEPT Alpha Sling 4L - IRONSKY.PL Sklep z Dronami","description":"Torba na akcesoria K&F CONCEPT Alpha Sling 4L - \u2705 sklep z dronami i fachowym doradztwem. \u2705 Tutaj kupisz produkty DJI, Yuneec, Parrot, Syma i wiele innych, a tak\u017ce kursy i licencje na operatora drona.","robots":{"index":"index","follow":"follow","max-snippet":"max-snippet:-1","max-image-preview":"max-image-preview:large","max-video-preview":"max-video-preview:-1"},"canonical":"https:\/\/ironsky.pl\/sklep\/produkt\/torba-na-akcesoria-kf-concept-alpha-sling-4l\/","og_locale":"pl_PL","og_type":"article","og_title":"Torba na akcesoria K&F CONCEPT Alpha Sling 4L - IRONSKY.PL Sklep z Dronami","og_description":"Torba na akcesoria K&F CONCEPT Alpha Sling 4L - \u2705 sklep z dronami i fachowym doradztwem. \u2705 Tutaj kupisz produkty DJI, Yuneec, Parrot, Syma i wiele innych, a tak\u017ce kursy i licencje na operatora drona.","og_url":"https:\/\/ironsky.pl\/sklep\/produkt\/torba-na-akcesoria-kf-concept-alpha-sling-4l\/","og_site_name":"IRONSKY.PL Sklep z Dronami","article_modified_time":"2026-04-15T08:44:00+00:00","og_image":[{"width":800,"height":800,"url":"https:\/\/ironsky.pl\/sklep\/wp-content\/uploads\/2026\/04\/45309_1.jpg","type":"image\/jpeg"}],"twitter_card":"summary_large_image","twitter_misc":{"Szacowany czas czytania":"1 minuta"},"schema":{"@context":"https:\/\/schema.org","@graph":[{"@type":"WebPage","@id":"https:\/\/ironsky.pl\/sklep\/produkt\/torba-na-akcesoria-kf-concept-alpha-sling-4l\/","url":"https:\/\/ironsky.pl\/sklep\/produkt\/torba-na-akcesoria-kf-concept-alpha-sling-4l\/","name":"Torba na akcesoria K&F CONCEPT Alpha Sling 4L - IRONSKY.PL Sklep z Dronami","isPartOf":{"@id":"https:\/\/ironsky.pl\/sklep\/#website"},"primaryImageOfPage":{"@id":"https:\/\/ironsky.pl\/sklep\/produkt\/torba-na-akcesoria-kf-concept-alpha-sling-4l\/#primaryimage"},"image":{"@id":"https:\/\/ironsky.pl\/sklep\/produkt\/torba-na-akcesoria-kf-concept-alpha-sling-4l\/#primaryimage"},"thumbnailUrl":"https:\/\/ironsky.pl\/sklep\/wp-content\/uploads\/2026\/04\/45309_1.jpg","datePublished":"2026-04-15T08:43:34+00:00","dateModified":"2026-04-15T08:44:00+00:00","description":"Torba na akcesoria K&F CONCEPT Alpha Sling 4L - \u2705 sklep z dronami i fachowym doradztwem. \u2705 Tutaj kupisz produkty DJI, Yuneec, Parrot, Syma i wiele innych, a tak\u017ce kursy i licencje na operatora drona.","breadcrumb":{"@id":"https:\/\/ironsky.pl\/sklep\/produkt\/torba-na-akcesoria-kf-concept-alpha-sling-4l\/#breadcrumb"},"inLanguage":"pl-PL","potentialAction":[{"@type":"ReadAction","target":["https:\/\/ironsky.pl\/sklep\/produkt\/torba-na-akcesoria-kf-concept-alpha-sling-4l\/"]}]},{"@type":"ImageObject","inLanguage":"pl-PL","@id":"https:\/\/ironsky.pl\/sklep\/produkt\/torba-na-akcesoria-kf-concept-alpha-sling-4l\/#primaryimage","url":"https:\/\/ironsky.pl\/sklep\/wp-content\/uploads\/2026\/04\/45309_1.jpg","contentUrl":"https:\/\/ironsky.pl\/sklep\/wp-content\/uploads\/2026\/04\/45309_1.jpg","width":800,"height":800},{"@type":"BreadcrumbList","@id":"https:\/\/ironsky.pl\/sklep\/produkt\/torba-na-akcesoria-kf-concept-alpha-sling-4l\/#breadcrumb","itemListElement":[{"@type":"ListItem","position":1,"name":"Strona g\u0142\u00f3wna","item":"https:\/\/ironsky.pl\/sklep\/"},{"@type":"ListItem","position":2,"name":"Wszystkie produkty","item":"https:\/\/ironsky.pl\/sklep\/produkty\/"},{"@type":"ListItem","position":3,"name":"Torba na akcesoria K&#038;F CONCEPT Alpha Sling 4L"}]},{"@type":"WebSite","@id":"https:\/\/ironsky.pl\/sklep\/#website","url":"https:\/\/ironsky.pl\/sklep\/","name":"IRONSKY.PL Sklep z Dronami","description":"IRONSKY.PL Sklep z Dronami","potentialAction":[{"@type":"SearchAction","target":{"@type":"EntryPoint","urlTemplate":"https:\/\/ironsky.pl\/sklep\/?s={search_term_string}"},"query-input":{"@type":"PropertyValueSpecification","valueRequired":true,"valueName":"search_term_string"}}],"inLanguage":"pl-PL"}]}},"_links":{"self":[{"href":"https:\/\/ironsky.pl\/sklep\/wp-json\/wp\/v2\/product\/59112","targetHints":{"allow":["GET"]}}],"collection":[{"href":"https:\/\/ironsky.pl\/sklep\/wp-json\/wp\/v2\/product"}],"about":[{"href":"https:\/\/ironsky.pl\/sklep\/wp-json\/wp\/v2\/types\/product"}],"replies":[{"embeddable":true,"href":"https:\/\/ironsky.pl\/sklep\/wp-json\/wp\/v2\/comments?post=59112"}],"wp:featuredmedia":[{"embeddable":true,"href":"https:\/\/ironsky.pl\/sklep\/wp-json\/wp\/v2\/media\/59113"}],"wp:attachment":[{"href":"https:\/\/ironsky.pl\/sklep\/wp-json\/wp\/v2\/media?parent=59112"}],"wp:term":[{"taxonomy":"product_brand","embeddable":true,"href":"https:\/\/ironsky.pl\/sklep\/wp-json\/wp\/v2\/product_brand?post=59112"},{"taxonomy":"product_cat","embeddable":true,"href":"https:\/\/ironsky.pl\/sklep\/wp-json\/wp\/v2\/product_cat?post=59112"},{"taxonomy":"product_tag","embeddable":true,"href":"https:\/\/ironsky.pl\/sklep\/wp-json\/wp\/v2\/product_tag?post=59112"}],"curies":[{"name":"wp","href":"https:\/\/api.w.org\/{rel}","templated":true}]}}