{"id":59109,"date":"2026-04-15T10:43:34","date_gmt":"2026-04-15T08:43:34","guid":{"rendered":"https:\/\/ironsky.pl\/sklep\/produkt\/plytka-szybkozlaczki-kf-concept-kf31-004-1-4\/"},"modified":"2026-04-15T10:43:58","modified_gmt":"2026-04-15T08:43:58","slug":"plytka-szybkozlaczki-kf-concept-kf31-004-1-4","status":"publish","type":"product","link":"https:\/\/ironsky.pl\/sklep\/produkt\/plytka-szybkozlaczki-kf-concept-kf31-004-1-4\/","title":{"rendered":"P\u0142ytka szybkoz\u0142\u0105czki K&#038;F CONCEPT KF31.004 1\/4&#8243;"},"content":{"rendered":"<h3>P\u0142ytka szybkiego monta\u017cu K&amp;F Concept KF31.004<\/h3>\n<p>P\u0142ytka szybkiego monta\u017cu K&amp;F Concept zosta\u0142a wykonana z wysokiej jako\u015bci stopu aluminium, co przek\u0142ada si\u0119 na jej niewielk\u0105 wag\u0119 przy jednoczesnym zachowaniu wysokiej wytrzyma\u0142o\u015bci. Ponadto gwarantuje idealne dopasowanie do r\u00f3\u017cnych modeli aparat\u00f3w i kamer. Poddane procesowi anodowania tworzywo zapewnia d\u0142ugotrwa\u0142\u0105 odporno\u015b\u0107 na korozj\u0119 i \u015bcieranie, co czyni j\u0105 niezawodnym wyborem na lata intensywnego u\u017cytkowania. Standardowa \u015bruba 1\/4\u201d jest kompatybilna z wi\u0119kszo\u015bci\u0105 lustrzanek, bezlusterkowc\u00f3w i kamer wideo, co zapewnia wszechstronno\u015b\u0107 i \u0142atwo\u015b\u0107 monta\u017cu.<\/p>\n<p>\n<img decoding=\"async\" src=\"https:\/\/assets.innpro.pl\/8264\/9667\/2.jpg\" border=\"0\" \/>\n<\/p>\n<h3>Kompatybilna ze statywami K&amp;F Concept<\/h3>\n<p>P\u0142ytka pasuje do r\u00f3\u017cnych modeli statyw\u00f3w K&amp;F Concept, takich jak KF09.007 (TM-2324), KF09.008 (TM-2515), KF09.009 (TM-2534), KF09.010 (TC-2534), KF09.015 (TM-2534T) oraz KF09.014 (TM-2235), co dodatkowo zwi\u0119ksza jej uniwersalno\u015b\u0107 i funkcjonalno\u015b\u0107. Upewnij si\u0119, \u017ce zawsze mocno trzymasz kamer\u0119 podczas mocowania jej do p\u0142ytki, dop\u00f3ki nie zostanie mocno zablokowana na statywie, aby zapewni\u0107 pe\u0142ne bezpiecze\u0144stwo u\u017cytkowania.<\/p>\n<p>\n<img decoding=\"async\" src=\"https:\/\/assets.innpro.pl\/8264\/9667\/1.jpg\" border=\"0\" \/>\n<\/p>\n<div class=\"table-wrapper\">\n<p>\u00a0<\/p>\n<h3><\/h3>\n<table>\n<tbody>\n<tr>\n<th>Producent<\/th>\n<td>K&amp;F Concept<\/td>\n<\/tr>\n<tr>\n<th>Model<\/th>\n<td>KF31.004<\/td>\n<\/tr>\n<tr>\n<th>Materia\u0142<\/th>\n<td>stop aluminium<\/td>\n<\/tr>\n<tr>\n<th>Wymiary<\/th>\n<td>4.8 x 4.8 x 1 cm<\/td>\n<\/tr>\n<tr>\n<th>Waga<\/th>\n<td>45 g<\/td>\n<\/tr>\n<tr>\n<th>Kompatybilno\u015b\u0107<\/th>\n<td>statywy K&amp;F Concept KF09.007 (TM-2324), KF09.008 (TM-2515), KF09.009 (TM-2534), KF09.010 (TC-2534), KF09.015 (TM-2534T), KF09.014 (TM-2235)<\/td>\n<\/tr>\n<\/tbody>\n<\/table>\n<\/div>\n","protected":false},"excerpt":{"rendered":"<p>P\u0142ytka szybkiego monta\u017cu K&amp;F Concept KF31.004 P\u0142ytka szybkiego monta\u017cu K&amp;F Concept zosta\u0142a wykonana z wysokiej jako\u015bci stopu aluminium, co przek\u0142ada<\/p>\n","protected":false},"featured_media":48905,"comment_status":"closed","ping_status":"open","template":"","meta":{"_acf_changed":false},"product_brand":[],"product_cat":[6198,1128,6178,6176,6177,1138],"product_tag":[],"class_list":{"0":"post-59109","1":"product","2":"type-product","3":"status-publish","4":"has-post-thumbnail","6":"product_cat-adaptery-i-przejsciowki","7":"product_cat-foto-wideo","8":"product_cat-mocowania","9":"product_cat-selfie-stiki","10":"product_cat-statywy-selfie-stiki","11":"product_cat-wysiegniki","12":"pa_okres-gwarancji-5754","13":"pa_producent-kf-concept","15":"first","16":"outofstock","17":"taxable","18":"shipping-taxable","19":"purchasable","20":"product-type-simple"},"acf":[],"yoast_head":"<!-- This site is optimized with the Yoast SEO plugin v27.2 - https:\/\/yoast.com\/product\/yoast-seo-wordpress\/ -->\n<title>P\u0142ytka szybkoz\u0142\u0105czki K&amp;F CONCEPT KF31.004 1\/4&quot; - IRONSKY.PL Sklep z Dronami<\/title>\n<meta name=\"description\" content=\"P\u0142ytka szybkoz\u0142\u0105czki K&amp;F CONCEPT KF31.004 1\/4&quot; - \u2705 sklep z dronami i fachowym doradztwem. \u2705 Tutaj kupisz produkty DJI, Yuneec, Parrot, Syma i wiele innych, a tak\u017ce kursy i licencje na operatora drona.\" \/>\n<meta name=\"robots\" content=\"index, follow, max-snippet:-1, max-image-preview:large, max-video-preview:-1\" \/>\n<link rel=\"canonical\" href=\"https:\/\/ironsky.pl\/sklep\/produkt\/plytka-szybkozlaczki-kf-concept-kf31-004-1-4\/\" \/>\n<meta property=\"og:locale\" content=\"pl_PL\" \/>\n<meta property=\"og:type\" content=\"article\" \/>\n<meta property=\"og:title\" content=\"P\u0142ytka szybkoz\u0142\u0105czki K&amp;F CONCEPT KF31.004 1\/4&quot; - IRONSKY.PL Sklep z Dronami\" \/>\n<meta property=\"og:description\" content=\"P\u0142ytka szybkoz\u0142\u0105czki K&amp;F CONCEPT KF31.004 1\/4&quot; - \u2705 sklep z dronami i fachowym doradztwem. \u2705 Tutaj kupisz produkty DJI, Yuneec, Parrot, Syma i wiele innych, a tak\u017ce kursy i licencje na operatora drona.\" \/>\n<meta property=\"og:url\" content=\"https:\/\/ironsky.pl\/sklep\/produkt\/plytka-szybkozlaczki-kf-concept-kf31-004-1-4\/\" \/>\n<meta property=\"og:site_name\" content=\"IRONSKY.PL Sklep z Dronami\" \/>\n<meta property=\"article:modified_time\" content=\"2026-04-15T08:43:58+00:00\" \/>\n<meta property=\"og:image\" content=\"https:\/\/ironsky.pl\/sklep\/wp-content\/uploads\/2025\/10\/45227_1.jpg\" \/>\n\t<meta property=\"og:image:width\" content=\"800\" \/>\n\t<meta property=\"og:image:height\" content=\"800\" \/>\n\t<meta property=\"og:image:type\" content=\"image\/jpeg\" \/>\n<meta name=\"twitter:card\" content=\"summary_large_image\" \/>\n<meta name=\"twitter:label1\" content=\"Szacowany czas czytania\" \/>\n\t<meta name=\"twitter:data1\" content=\"1 minuta\" \/>\n<script type=\"application\/ld+json\" class=\"yoast-schema-graph\">{\"@context\":\"https:\/\/schema.org\",\"@graph\":[{\"@type\":\"WebPage\",\"@id\":\"https:\/\/ironsky.pl\/sklep\/produkt\/plytka-szybkozlaczki-kf-concept-kf31-004-1-4\/\",\"url\":\"https:\/\/ironsky.pl\/sklep\/produkt\/plytka-szybkozlaczki-kf-concept-kf31-004-1-4\/\",\"name\":\"P\u0142ytka szybkoz\u0142\u0105czki K&F CONCEPT KF31.004 1\/4\\\" - IRONSKY.PL Sklep z Dronami\",\"isPartOf\":{\"@id\":\"https:\/\/ironsky.pl\/sklep\/#website\"},\"primaryImageOfPage\":{\"@id\":\"https:\/\/ironsky.pl\/sklep\/produkt\/plytka-szybkozlaczki-kf-concept-kf31-004-1-4\/#primaryimage\"},\"image\":{\"@id\":\"https:\/\/ironsky.pl\/sklep\/produkt\/plytka-szybkozlaczki-kf-concept-kf31-004-1-4\/#primaryimage\"},\"thumbnailUrl\":\"https:\/\/ironsky.pl\/sklep\/wp-content\/uploads\/2025\/10\/45227_1.jpg\",\"datePublished\":\"2026-04-15T08:43:34+00:00\",\"dateModified\":\"2026-04-15T08:43:58+00:00\",\"description\":\"P\u0142ytka szybkoz\u0142\u0105czki K&F CONCEPT KF31.004 1\/4\\\" - \u2705 sklep z dronami i fachowym doradztwem. \u2705 Tutaj kupisz produkty DJI, Yuneec, Parrot, Syma i wiele innych, a tak\u017ce kursy i licencje na operatora drona.\",\"breadcrumb\":{\"@id\":\"https:\/\/ironsky.pl\/sklep\/produkt\/plytka-szybkozlaczki-kf-concept-kf31-004-1-4\/#breadcrumb\"},\"inLanguage\":\"pl-PL\",\"potentialAction\":[{\"@type\":\"ReadAction\",\"target\":[\"https:\/\/ironsky.pl\/sklep\/produkt\/plytka-szybkozlaczki-kf-concept-kf31-004-1-4\/\"]}]},{\"@type\":\"ImageObject\",\"inLanguage\":\"pl-PL\",\"@id\":\"https:\/\/ironsky.pl\/sklep\/produkt\/plytka-szybkozlaczki-kf-concept-kf31-004-1-4\/#primaryimage\",\"url\":\"https:\/\/ironsky.pl\/sklep\/wp-content\/uploads\/2025\/10\/45227_1.jpg\",\"contentUrl\":\"https:\/\/ironsky.pl\/sklep\/wp-content\/uploads\/2025\/10\/45227_1.jpg\",\"width\":800,\"height\":800},{\"@type\":\"BreadcrumbList\",\"@id\":\"https:\/\/ironsky.pl\/sklep\/produkt\/plytka-szybkozlaczki-kf-concept-kf31-004-1-4\/#breadcrumb\",\"itemListElement\":[{\"@type\":\"ListItem\",\"position\":1,\"name\":\"Strona g\u0142\u00f3wna\",\"item\":\"https:\/\/ironsky.pl\/sklep\/\"},{\"@type\":\"ListItem\",\"position\":2,\"name\":\"Wszystkie produkty\",\"item\":\"https:\/\/ironsky.pl\/sklep\/produkty\/\"},{\"@type\":\"ListItem\",\"position\":3,\"name\":\"P\u0142ytka szybkoz\u0142\u0105czki K&#038;F CONCEPT KF31.004 1\/4&#8243;\"}]},{\"@type\":\"WebSite\",\"@id\":\"https:\/\/ironsky.pl\/sklep\/#website\",\"url\":\"https:\/\/ironsky.pl\/sklep\/\",\"name\":\"IRONSKY.PL Sklep z Dronami\",\"description\":\"IRONSKY.PL Sklep z Dronami\",\"potentialAction\":[{\"@type\":\"SearchAction\",\"target\":{\"@type\":\"EntryPoint\",\"urlTemplate\":\"https:\/\/ironsky.pl\/sklep\/?s={search_term_string}\"},\"query-input\":{\"@type\":\"PropertyValueSpecification\",\"valueRequired\":true,\"valueName\":\"search_term_string\"}}],\"inLanguage\":\"pl-PL\"}]}<\/script>\n<!-- \/ Yoast SEO plugin. -->","yoast_head_json":{"title":"P\u0142ytka szybkoz\u0142\u0105czki K&F CONCEPT KF31.004 1\/4\" - IRONSKY.PL Sklep z Dronami","description":"P\u0142ytka szybkoz\u0142\u0105czki K&F CONCEPT KF31.004 1\/4\" - \u2705 sklep z dronami i fachowym doradztwem. \u2705 Tutaj kupisz produkty DJI, Yuneec, Parrot, Syma i wiele innych, a tak\u017ce kursy i licencje na operatora drona.","robots":{"index":"index","follow":"follow","max-snippet":"max-snippet:-1","max-image-preview":"max-image-preview:large","max-video-preview":"max-video-preview:-1"},"canonical":"https:\/\/ironsky.pl\/sklep\/produkt\/plytka-szybkozlaczki-kf-concept-kf31-004-1-4\/","og_locale":"pl_PL","og_type":"article","og_title":"P\u0142ytka szybkoz\u0142\u0105czki K&F CONCEPT KF31.004 1\/4\" - IRONSKY.PL Sklep z Dronami","og_description":"P\u0142ytka szybkoz\u0142\u0105czki K&F CONCEPT KF31.004 1\/4\" - \u2705 sklep z dronami i fachowym doradztwem. \u2705 Tutaj kupisz produkty DJI, Yuneec, Parrot, Syma i wiele innych, a tak\u017ce kursy i licencje na operatora drona.","og_url":"https:\/\/ironsky.pl\/sklep\/produkt\/plytka-szybkozlaczki-kf-concept-kf31-004-1-4\/","og_site_name":"IRONSKY.PL Sklep z Dronami","article_modified_time":"2026-04-15T08:43:58+00:00","og_image":[{"width":800,"height":800,"url":"https:\/\/ironsky.pl\/sklep\/wp-content\/uploads\/2025\/10\/45227_1.jpg","type":"image\/jpeg"}],"twitter_card":"summary_large_image","twitter_misc":{"Szacowany czas czytania":"1 minuta"},"schema":{"@context":"https:\/\/schema.org","@graph":[{"@type":"WebPage","@id":"https:\/\/ironsky.pl\/sklep\/produkt\/plytka-szybkozlaczki-kf-concept-kf31-004-1-4\/","url":"https:\/\/ironsky.pl\/sklep\/produkt\/plytka-szybkozlaczki-kf-concept-kf31-004-1-4\/","name":"P\u0142ytka szybkoz\u0142\u0105czki K&F CONCEPT KF31.004 1\/4\" - IRONSKY.PL Sklep z Dronami","isPartOf":{"@id":"https:\/\/ironsky.pl\/sklep\/#website"},"primaryImageOfPage":{"@id":"https:\/\/ironsky.pl\/sklep\/produkt\/plytka-szybkozlaczki-kf-concept-kf31-004-1-4\/#primaryimage"},"image":{"@id":"https:\/\/ironsky.pl\/sklep\/produkt\/plytka-szybkozlaczki-kf-concept-kf31-004-1-4\/#primaryimage"},"thumbnailUrl":"https:\/\/ironsky.pl\/sklep\/wp-content\/uploads\/2025\/10\/45227_1.jpg","datePublished":"2026-04-15T08:43:34+00:00","dateModified":"2026-04-15T08:43:58+00:00","description":"P\u0142ytka szybkoz\u0142\u0105czki K&F CONCEPT KF31.004 1\/4\" - \u2705 sklep z dronami i fachowym doradztwem. \u2705 Tutaj kupisz produkty DJI, Yuneec, Parrot, Syma i wiele innych, a tak\u017ce kursy i licencje na operatora drona.","breadcrumb":{"@id":"https:\/\/ironsky.pl\/sklep\/produkt\/plytka-szybkozlaczki-kf-concept-kf31-004-1-4\/#breadcrumb"},"inLanguage":"pl-PL","potentialAction":[{"@type":"ReadAction","target":["https:\/\/ironsky.pl\/sklep\/produkt\/plytka-szybkozlaczki-kf-concept-kf31-004-1-4\/"]}]},{"@type":"ImageObject","inLanguage":"pl-PL","@id":"https:\/\/ironsky.pl\/sklep\/produkt\/plytka-szybkozlaczki-kf-concept-kf31-004-1-4\/#primaryimage","url":"https:\/\/ironsky.pl\/sklep\/wp-content\/uploads\/2025\/10\/45227_1.jpg","contentUrl":"https:\/\/ironsky.pl\/sklep\/wp-content\/uploads\/2025\/10\/45227_1.jpg","width":800,"height":800},{"@type":"BreadcrumbList","@id":"https:\/\/ironsky.pl\/sklep\/produkt\/plytka-szybkozlaczki-kf-concept-kf31-004-1-4\/#breadcrumb","itemListElement":[{"@type":"ListItem","position":1,"name":"Strona g\u0142\u00f3wna","item":"https:\/\/ironsky.pl\/sklep\/"},{"@type":"ListItem","position":2,"name":"Wszystkie produkty","item":"https:\/\/ironsky.pl\/sklep\/produkty\/"},{"@type":"ListItem","position":3,"name":"P\u0142ytka szybkoz\u0142\u0105czki K&#038;F CONCEPT KF31.004 1\/4&#8243;"}]},{"@type":"WebSite","@id":"https:\/\/ironsky.pl\/sklep\/#website","url":"https:\/\/ironsky.pl\/sklep\/","name":"IRONSKY.PL Sklep z Dronami","description":"IRONSKY.PL Sklep z Dronami","potentialAction":[{"@type":"SearchAction","target":{"@type":"EntryPoint","urlTemplate":"https:\/\/ironsky.pl\/sklep\/?s={search_term_string}"},"query-input":{"@type":"PropertyValueSpecification","valueRequired":true,"valueName":"search_term_string"}}],"inLanguage":"pl-PL"}]}},"_links":{"self":[{"href":"https:\/\/ironsky.pl\/sklep\/wp-json\/wp\/v2\/product\/59109","targetHints":{"allow":["GET"]}}],"collection":[{"href":"https:\/\/ironsky.pl\/sklep\/wp-json\/wp\/v2\/product"}],"about":[{"href":"https:\/\/ironsky.pl\/sklep\/wp-json\/wp\/v2\/types\/product"}],"replies":[{"embeddable":true,"href":"https:\/\/ironsky.pl\/sklep\/wp-json\/wp\/v2\/comments?post=59109"}],"wp:featuredmedia":[{"embeddable":true,"href":"https:\/\/ironsky.pl\/sklep\/wp-json\/wp\/v2\/media\/48905"}],"wp:attachment":[{"href":"https:\/\/ironsky.pl\/sklep\/wp-json\/wp\/v2\/media?parent=59109"}],"wp:term":[{"taxonomy":"product_brand","embeddable":true,"href":"https:\/\/ironsky.pl\/sklep\/wp-json\/wp\/v2\/product_brand?post=59109"},{"taxonomy":"product_cat","embeddable":true,"href":"https:\/\/ironsky.pl\/sklep\/wp-json\/wp\/v2\/product_cat?post=59109"},{"taxonomy":"product_tag","embeddable":true,"href":"https:\/\/ironsky.pl\/sklep\/wp-json\/wp\/v2\/product_tag?post=59109"}],"curies":[{"name":"wp","href":"https:\/\/api.w.org\/{rel}","templated":true}]}}