{"id":59100,"date":"2026-04-15T10:43:34","date_gmt":"2026-04-15T08:43:34","guid":{"rendered":"https:\/\/ironsky.pl\/sklep\/produkt\/obudowa-silikonowa-puluz-dji-osmo-pocket-3-z-paskiem\/"},"modified":"2026-04-15T10:43:54","modified_gmt":"2026-04-15T08:43:54","slug":"obudowa-silikonowa-puluz-dji-osmo-pocket-3-z-paskiem","status":"publish","type":"product","link":"https:\/\/ironsky.pl\/sklep\/produkt\/obudowa-silikonowa-puluz-dji-osmo-pocket-3-z-paskiem\/","title":{"rendered":"Obudowa silikonowa PULUZ DJI Osmo Pocket 3 z paskiem"},"content":{"rendered":"<h3>Obudowa silikonowa z paskiem PULUZ do DJI OSMO Pocket 3<\/h3>\n<p>Obudowa silikonowa PULUZ zosta\u0142a stworzona specjalnie dla DJI OSMO Pocket 3, aby zapewni\u0107 kompleksow\u0105 ochron\u0119. Wysokiej jako\u015bci silikonowa konstrukcja obejmuje nie tylko korpus kamery, ale r\u00f3wnie\u017c ekran dotykowy, gwarantuj\u0105c pe\u0142ne zabezpieczenie przed uszkodzeniami mechanicznymi.<\/p>\n<p>\n<img decoding=\"async\" src=\"https:\/\/assets.innpro.pl\/10147\/11900\/1.jpg\" border=\"0\" \/>\n<\/p>\n<h3>Trwa\u0142a i niezawodna<\/h3>\n<p>Wykonana z wytrzyma\u0142ego silikonu, obudowa PULUZ doskonale sprawdza si\u0119 w d\u0142ugotrwa\u0142ym u\u017cytkowaniu. Jest solidna, a jednocze\u015bnie elastyczna, co zapewnia pe\u0142n\u0105 ochron\u0119 urz\u0105dzenia podczas codziennego u\u017cytkowania lub w trudnych warunkach zewn\u0119trznych.<\/p>\n<p>\n<img decoding=\"async\" src=\"https:\/\/assets.innpro.pl\/10147\/11900\/3.jpg\" border=\"0\" \/>\n<\/p>\n<h3>Ochrona przed zabrudzeniami i zarysowaniami<\/h3>\n<p>Dzi\u0119ki silikonowej obudowie skutecznie zabezpieczysz swoj\u0105 kamer\u0119 DJI OSMO Pocket 3 przed kurzem, zabrudzeniami oraz zarysowaniami. Doskona\u0142a ochrona pozwoli Ci cieszy\u0107 si\u0119 d\u0142ugotrwa\u0142\u0105 funkcjonalno\u015bci\u0105 urz\u0105dzenia bez obaw o uszkodzenia wynikaj\u0105ce z intensywnego u\u017cytkowania.<\/p>\n<p>\n<img decoding=\"async\" src=\"https:\/\/assets.innpro.pl\/10147\/11900\/2.jpg\" border=\"0\" \/>\n<\/p>\n<h3>\u0141atwo\u015b\u0107 monta\u017cu i czyszczenia<\/h3>\n<p>Obudowa PULUZ jest \u0142atwa do za\u0142o\u017cenia i zdj\u0119cia, co sprawia, \u017ce korzystanie z niej to czysta przyjemno\u015b\u0107. Dodatkowo silikonowa powierzchnia jest \u0142atwa do utrzymania w czysto\u015bci \u2013 mo\u017cna j\u0105 bez problemu my\u0107, zapewniaj\u0105c jej zawsze estetyczny wygl\u0105d.<\/p>\n<p>\n<img decoding=\"async\" src=\"https:\/\/assets.innpro.pl\/10147\/11900\/4.jpg\" border=\"0\" \/>\n<\/p>\n<h3>W zestawie:<\/h3>\n<ul class=\"list-disc pl-5\">\n<li>Silikonowe etui<\/li>\n<li>Ochronna os\u0142ona na ekran dotykowy<\/li>\n<li>Smycz<\/li>\n<\/ul>\n<div class=\"table-wrapper\">\n<p>\u00a0<\/p>\n<h3><\/h3>\n<table>\n<tbody>\n<tr>\n<th>Producent<\/th>\n<td>Puluz<\/td>\n<\/tr>\n<tr>\n<th>Model<\/th>\n<td>PU998B<\/td>\n<\/tr>\n<tr>\n<th>Kompatybilno\u015b\u0107<\/th>\n<td>DJI Osmo Pocket 3<\/td>\n<\/tr>\n<\/tbody>\n<\/table>\n<\/div>\n","protected":false},"excerpt":{"rendered":"<p>Obudowa silikonowa z paskiem PULUZ do DJI OSMO Pocket 3 Obudowa silikonowa PULUZ zosta\u0142a stworzona specjalnie dla DJI OSMO Pocket<\/p>\n","protected":false},"featured_media":59101,"comment_status":"closed","ping_status":"open","template":"","meta":{"_acf_changed":false},"product_brand":[],"product_cat":[1130,1137,1128],"product_tag":[],"class_list":{"0":"post-59100","1":"product","2":"type-product","3":"status-publish","4":"has-post-thumbnail","6":"product_cat-akcesoria-foto","7":"product_cat-do-kamer-sportowych","8":"product_cat-foto-wideo","9":"pa_okres-gwarancji-5754","10":"pa_producent-puluz","12":"first","13":"outofstock","14":"taxable","15":"shipping-taxable","16":"purchasable","17":"product-type-simple"},"acf":[],"yoast_head":"<!-- This site is optimized with the Yoast SEO plugin v27.2 - https:\/\/yoast.com\/product\/yoast-seo-wordpress\/ -->\n<title>Obudowa silikonowa PULUZ DJI Osmo Pocket 3 z paskiem - IRONSKY.PL Sklep z Dronami<\/title>\n<meta name=\"description\" content=\"Obudowa silikonowa PULUZ DJI Osmo Pocket 3 z paskiem - \u2705 sklep z dronami i fachowym doradztwem. \u2705 Tutaj kupisz produkty DJI, Yuneec, Parrot, Syma i wiele innych, a tak\u017ce kursy i licencje na operatora drona.\" \/>\n<meta name=\"robots\" content=\"index, follow, max-snippet:-1, max-image-preview:large, max-video-preview:-1\" \/>\n<link rel=\"canonical\" href=\"https:\/\/ironsky.pl\/sklep\/produkt\/obudowa-silikonowa-puluz-dji-osmo-pocket-3-z-paskiem\/\" \/>\n<meta property=\"og:locale\" content=\"pl_PL\" \/>\n<meta property=\"og:type\" content=\"article\" \/>\n<meta property=\"og:title\" content=\"Obudowa silikonowa PULUZ DJI Osmo Pocket 3 z paskiem - IRONSKY.PL Sklep z Dronami\" \/>\n<meta property=\"og:description\" content=\"Obudowa silikonowa PULUZ DJI Osmo Pocket 3 z paskiem - \u2705 sklep z dronami i fachowym doradztwem. \u2705 Tutaj kupisz produkty DJI, Yuneec, Parrot, Syma i wiele innych, a tak\u017ce kursy i licencje na operatora drona.\" \/>\n<meta property=\"og:url\" content=\"https:\/\/ironsky.pl\/sklep\/produkt\/obudowa-silikonowa-puluz-dji-osmo-pocket-3-z-paskiem\/\" \/>\n<meta property=\"og:site_name\" content=\"IRONSKY.PL Sklep z Dronami\" \/>\n<meta property=\"article:modified_time\" content=\"2026-04-15T08:43:54+00:00\" \/>\n<meta property=\"og:image\" content=\"https:\/\/ironsky.pl\/sklep\/wp-content\/uploads\/2026\/04\/45091_1.jpg\" \/>\n\t<meta property=\"og:image:width\" content=\"800\" \/>\n\t<meta property=\"og:image:height\" content=\"800\" \/>\n\t<meta property=\"og:image:type\" content=\"image\/jpeg\" \/>\n<meta name=\"twitter:card\" content=\"summary_large_image\" \/>\n<meta name=\"twitter:label1\" content=\"Szacowany czas czytania\" \/>\n\t<meta name=\"twitter:data1\" content=\"1 minuta\" \/>\n<script type=\"application\/ld+json\" class=\"yoast-schema-graph\">{\"@context\":\"https:\/\/schema.org\",\"@graph\":[{\"@type\":\"WebPage\",\"@id\":\"https:\/\/ironsky.pl\/sklep\/produkt\/obudowa-silikonowa-puluz-dji-osmo-pocket-3-z-paskiem\/\",\"url\":\"https:\/\/ironsky.pl\/sklep\/produkt\/obudowa-silikonowa-puluz-dji-osmo-pocket-3-z-paskiem\/\",\"name\":\"Obudowa silikonowa PULUZ DJI Osmo Pocket 3 z paskiem - IRONSKY.PL Sklep z Dronami\",\"isPartOf\":{\"@id\":\"https:\/\/ironsky.pl\/sklep\/#website\"},\"primaryImageOfPage\":{\"@id\":\"https:\/\/ironsky.pl\/sklep\/produkt\/obudowa-silikonowa-puluz-dji-osmo-pocket-3-z-paskiem\/#primaryimage\"},\"image\":{\"@id\":\"https:\/\/ironsky.pl\/sklep\/produkt\/obudowa-silikonowa-puluz-dji-osmo-pocket-3-z-paskiem\/#primaryimage\"},\"thumbnailUrl\":\"https:\/\/ironsky.pl\/sklep\/wp-content\/uploads\/2026\/04\/45091_1.jpg\",\"datePublished\":\"2026-04-15T08:43:34+00:00\",\"dateModified\":\"2026-04-15T08:43:54+00:00\",\"description\":\"Obudowa silikonowa PULUZ DJI Osmo Pocket 3 z paskiem - \u2705 sklep z dronami i fachowym doradztwem. \u2705 Tutaj kupisz produkty DJI, Yuneec, Parrot, Syma i wiele innych, a tak\u017ce kursy i licencje na operatora drona.\",\"breadcrumb\":{\"@id\":\"https:\/\/ironsky.pl\/sklep\/produkt\/obudowa-silikonowa-puluz-dji-osmo-pocket-3-z-paskiem\/#breadcrumb\"},\"inLanguage\":\"pl-PL\",\"potentialAction\":[{\"@type\":\"ReadAction\",\"target\":[\"https:\/\/ironsky.pl\/sklep\/produkt\/obudowa-silikonowa-puluz-dji-osmo-pocket-3-z-paskiem\/\"]}]},{\"@type\":\"ImageObject\",\"inLanguage\":\"pl-PL\",\"@id\":\"https:\/\/ironsky.pl\/sklep\/produkt\/obudowa-silikonowa-puluz-dji-osmo-pocket-3-z-paskiem\/#primaryimage\",\"url\":\"https:\/\/ironsky.pl\/sklep\/wp-content\/uploads\/2026\/04\/45091_1.jpg\",\"contentUrl\":\"https:\/\/ironsky.pl\/sklep\/wp-content\/uploads\/2026\/04\/45091_1.jpg\",\"width\":800,\"height\":800},{\"@type\":\"BreadcrumbList\",\"@id\":\"https:\/\/ironsky.pl\/sklep\/produkt\/obudowa-silikonowa-puluz-dji-osmo-pocket-3-z-paskiem\/#breadcrumb\",\"itemListElement\":[{\"@type\":\"ListItem\",\"position\":1,\"name\":\"Strona g\u0142\u00f3wna\",\"item\":\"https:\/\/ironsky.pl\/sklep\/\"},{\"@type\":\"ListItem\",\"position\":2,\"name\":\"Wszystkie produkty\",\"item\":\"https:\/\/ironsky.pl\/sklep\/produkty\/\"},{\"@type\":\"ListItem\",\"position\":3,\"name\":\"Obudowa silikonowa PULUZ DJI Osmo Pocket 3 z paskiem\"}]},{\"@type\":\"WebSite\",\"@id\":\"https:\/\/ironsky.pl\/sklep\/#website\",\"url\":\"https:\/\/ironsky.pl\/sklep\/\",\"name\":\"IRONSKY.PL Sklep z Dronami\",\"description\":\"IRONSKY.PL Sklep z Dronami\",\"potentialAction\":[{\"@type\":\"SearchAction\",\"target\":{\"@type\":\"EntryPoint\",\"urlTemplate\":\"https:\/\/ironsky.pl\/sklep\/?s={search_term_string}\"},\"query-input\":{\"@type\":\"PropertyValueSpecification\",\"valueRequired\":true,\"valueName\":\"search_term_string\"}}],\"inLanguage\":\"pl-PL\"}]}<\/script>\n<!-- \/ Yoast SEO plugin. -->","yoast_head_json":{"title":"Obudowa silikonowa PULUZ DJI Osmo Pocket 3 z paskiem - IRONSKY.PL Sklep z Dronami","description":"Obudowa silikonowa PULUZ DJI Osmo Pocket 3 z paskiem - \u2705 sklep z dronami i fachowym doradztwem. \u2705 Tutaj kupisz produkty DJI, Yuneec, Parrot, Syma i wiele innych, a tak\u017ce kursy i licencje na operatora drona.","robots":{"index":"index","follow":"follow","max-snippet":"max-snippet:-1","max-image-preview":"max-image-preview:large","max-video-preview":"max-video-preview:-1"},"canonical":"https:\/\/ironsky.pl\/sklep\/produkt\/obudowa-silikonowa-puluz-dji-osmo-pocket-3-z-paskiem\/","og_locale":"pl_PL","og_type":"article","og_title":"Obudowa silikonowa PULUZ DJI Osmo Pocket 3 z paskiem - IRONSKY.PL Sklep z Dronami","og_description":"Obudowa silikonowa PULUZ DJI Osmo Pocket 3 z paskiem - \u2705 sklep z dronami i fachowym doradztwem. \u2705 Tutaj kupisz produkty DJI, Yuneec, Parrot, Syma i wiele innych, a tak\u017ce kursy i licencje na operatora drona.","og_url":"https:\/\/ironsky.pl\/sklep\/produkt\/obudowa-silikonowa-puluz-dji-osmo-pocket-3-z-paskiem\/","og_site_name":"IRONSKY.PL Sklep z Dronami","article_modified_time":"2026-04-15T08:43:54+00:00","og_image":[{"width":800,"height":800,"url":"https:\/\/ironsky.pl\/sklep\/wp-content\/uploads\/2026\/04\/45091_1.jpg","type":"image\/jpeg"}],"twitter_card":"summary_large_image","twitter_misc":{"Szacowany czas czytania":"1 minuta"},"schema":{"@context":"https:\/\/schema.org","@graph":[{"@type":"WebPage","@id":"https:\/\/ironsky.pl\/sklep\/produkt\/obudowa-silikonowa-puluz-dji-osmo-pocket-3-z-paskiem\/","url":"https:\/\/ironsky.pl\/sklep\/produkt\/obudowa-silikonowa-puluz-dji-osmo-pocket-3-z-paskiem\/","name":"Obudowa silikonowa PULUZ DJI Osmo Pocket 3 z paskiem - IRONSKY.PL Sklep z Dronami","isPartOf":{"@id":"https:\/\/ironsky.pl\/sklep\/#website"},"primaryImageOfPage":{"@id":"https:\/\/ironsky.pl\/sklep\/produkt\/obudowa-silikonowa-puluz-dji-osmo-pocket-3-z-paskiem\/#primaryimage"},"image":{"@id":"https:\/\/ironsky.pl\/sklep\/produkt\/obudowa-silikonowa-puluz-dji-osmo-pocket-3-z-paskiem\/#primaryimage"},"thumbnailUrl":"https:\/\/ironsky.pl\/sklep\/wp-content\/uploads\/2026\/04\/45091_1.jpg","datePublished":"2026-04-15T08:43:34+00:00","dateModified":"2026-04-15T08:43:54+00:00","description":"Obudowa silikonowa PULUZ DJI Osmo Pocket 3 z paskiem - \u2705 sklep z dronami i fachowym doradztwem. \u2705 Tutaj kupisz produkty DJI, Yuneec, Parrot, Syma i wiele innych, a tak\u017ce kursy i licencje na operatora drona.","breadcrumb":{"@id":"https:\/\/ironsky.pl\/sklep\/produkt\/obudowa-silikonowa-puluz-dji-osmo-pocket-3-z-paskiem\/#breadcrumb"},"inLanguage":"pl-PL","potentialAction":[{"@type":"ReadAction","target":["https:\/\/ironsky.pl\/sklep\/produkt\/obudowa-silikonowa-puluz-dji-osmo-pocket-3-z-paskiem\/"]}]},{"@type":"ImageObject","inLanguage":"pl-PL","@id":"https:\/\/ironsky.pl\/sklep\/produkt\/obudowa-silikonowa-puluz-dji-osmo-pocket-3-z-paskiem\/#primaryimage","url":"https:\/\/ironsky.pl\/sklep\/wp-content\/uploads\/2026\/04\/45091_1.jpg","contentUrl":"https:\/\/ironsky.pl\/sklep\/wp-content\/uploads\/2026\/04\/45091_1.jpg","width":800,"height":800},{"@type":"BreadcrumbList","@id":"https:\/\/ironsky.pl\/sklep\/produkt\/obudowa-silikonowa-puluz-dji-osmo-pocket-3-z-paskiem\/#breadcrumb","itemListElement":[{"@type":"ListItem","position":1,"name":"Strona g\u0142\u00f3wna","item":"https:\/\/ironsky.pl\/sklep\/"},{"@type":"ListItem","position":2,"name":"Wszystkie produkty","item":"https:\/\/ironsky.pl\/sklep\/produkty\/"},{"@type":"ListItem","position":3,"name":"Obudowa silikonowa PULUZ DJI Osmo Pocket 3 z paskiem"}]},{"@type":"WebSite","@id":"https:\/\/ironsky.pl\/sklep\/#website","url":"https:\/\/ironsky.pl\/sklep\/","name":"IRONSKY.PL Sklep z Dronami","description":"IRONSKY.PL Sklep z Dronami","potentialAction":[{"@type":"SearchAction","target":{"@type":"EntryPoint","urlTemplate":"https:\/\/ironsky.pl\/sklep\/?s={search_term_string}"},"query-input":{"@type":"PropertyValueSpecification","valueRequired":true,"valueName":"search_term_string"}}],"inLanguage":"pl-PL"}]}},"_links":{"self":[{"href":"https:\/\/ironsky.pl\/sklep\/wp-json\/wp\/v2\/product\/59100","targetHints":{"allow":["GET"]}}],"collection":[{"href":"https:\/\/ironsky.pl\/sklep\/wp-json\/wp\/v2\/product"}],"about":[{"href":"https:\/\/ironsky.pl\/sklep\/wp-json\/wp\/v2\/types\/product"}],"replies":[{"embeddable":true,"href":"https:\/\/ironsky.pl\/sklep\/wp-json\/wp\/v2\/comments?post=59100"}],"wp:featuredmedia":[{"embeddable":true,"href":"https:\/\/ironsky.pl\/sklep\/wp-json\/wp\/v2\/media\/59101"}],"wp:attachment":[{"href":"https:\/\/ironsky.pl\/sklep\/wp-json\/wp\/v2\/media?parent=59100"}],"wp:term":[{"taxonomy":"product_brand","embeddable":true,"href":"https:\/\/ironsky.pl\/sklep\/wp-json\/wp\/v2\/product_brand?post=59100"},{"taxonomy":"product_cat","embeddable":true,"href":"https:\/\/ironsky.pl\/sklep\/wp-json\/wp\/v2\/product_cat?post=59100"},{"taxonomy":"product_tag","embeddable":true,"href":"https:\/\/ironsky.pl\/sklep\/wp-json\/wp\/v2\/product_tag?post=59100"}],"curies":[{"name":"wp","href":"https:\/\/api.w.org\/{rel}","templated":true}]}}