{"id":59094,"date":"2026-04-15T10:43:34","date_gmt":"2026-04-15T08:43:34","guid":{"rendered":"https:\/\/ironsky.pl\/sklep\/produkt\/ladowarka-puluz-2-slot-etui-na-karty-do-insta360-ace\/"},"modified":"2026-04-15T10:43:51","modified_gmt":"2026-04-15T08:43:51","slug":"ladowarka-puluz-2-slot-etui-na-karty-do-insta360-ace","status":"publish","type":"product","link":"https:\/\/ironsky.pl\/sklep\/produkt\/ladowarka-puluz-2-slot-etui-na-karty-do-insta360-ace\/","title":{"rendered":"\u0141adowarka PULUZ 2-slot + etui na karty do Insta360 Ace"},"content":{"rendered":"<h3>\u0141adowarka + case na karty pami\u0119ci PULUZ do Insta360 Ace \/ Ace Pro \/ Ace Pro 2<\/h3>\n<p>\u0141adowarka PULUZ do kamer Insta360 Ace Pro\/Ace\/Ace Pro 2 to nie tylko narz\u0119dzie do \u0142adowania, ale tak\u017ce funkcjonalne etui na karty pami\u0119ci. Idealnie dopasowana do akumulator\u00f3w tych kamer, zapewnia wygod\u0119 i bezpiecze\u0144stwo podczas przechowywania i \u0142adowania.<\/p>\n<p>\n<img decoding=\"async\" src=\"https:\/\/assets.innpro.pl\/10146\/11899\/4.jpg\" border=\"0\" alt=\"\" \/>\n<\/p>\n<h3>Podw\u00f3jne \u0142adowanie dla maksymalnej efektywno\u015bci<\/h3>\n<p>Urz\u0105dzenie posiada dwa sloty \u0142adowania, dzi\u0119ki kt\u00f3rym mo\u017cna jednocze\u015bnie \u0142adowa\u0107 dwa akumulatory. Ka\u017cde z gniazd ma niezale\u017cne zasilanie, co pozwala na precyzyjne zarz\u0105dzanie procesem \u0142adowania. Taka technologia zapobiega prze\u0142adowaniu akumulator\u00f3w, zwi\u0119kszaj\u0105c ich trwa\u0142o\u015b\u0107 i zapewniaj\u0105c bezpiecze\u0144stwo u\u017cytkowania.<\/p>\n<p>\n<img decoding=\"async\" src=\"https:\/\/assets.innpro.pl\/10146\/11899\/1.jpg\" border=\"0\" alt=\"\" \/>\n<\/p>\n<h3>Pe\u0142na kontrola \u0142adowania<\/h3>\n<p>Dzi\u0119ki czytelnym wska\u017anikom LED zawsze wiesz, na jakim etapie \u0142adowania s\u0105 twoje akumulatory. Czerwona dioda oznacza \u0142adowanie, a zielona informuje o pe\u0142nym na\u0142adowaniu, co umo\u017cliwia lepsz\u0105 organizacj\u0119 pracy.<\/p>\n<p>\n<img decoding=\"async\" src=\"https:\/\/assets.innpro.pl\/10146\/11899\/2.jpg\" border=\"0\" alt=\"\" \/>\n<\/p>\n<h3>Ochrona kart pami\u0119ci<\/h3>\n<p>PULUZ to nie tylko \u0142adowarka, ale r\u00f3wnie\u017c bezpieczne miejsce na przechowywanie kart pami\u0119ci. Chroni je przed uszkodzeniami mechanicznymi i zgubieniem, dzi\u0119ki czemu wszystkie dane zarejestrowane podczas twoich przyg\u00f3d s\u0105 zawsze bezpieczne i gotowe do u\u017cytku.<\/p>\n<p>\n<img decoding=\"async\" src=\"https:\/\/assets.innpro.pl\/10146\/11899\/7.jpg\" border=\"0\" alt=\"\" \/>\n<\/p>\n<h3>W zestawie<\/h3>\n<ul class=\"list-disc pl-5\">\n<li>\u0141adowarka<\/li>\n<li>Kabel \u0142adowania USB-C<\/li>\n<\/ul>\n<div class=\"table-wrapper\">\n<p>\u00a0<\/p>\n<h3><\/h3>\n<table>\n<tbody>\n<tr>\n<th>Producent<\/th>\n<td>Puluz<\/td>\n<\/tr>\n<tr>\n<th>Model<\/th>\n<td>PU968B <\/td>\n<\/tr>\n<tr>\n<th>Kompatybilno\u015b\u0107 <\/th>\n<td>Insta360 Ace Pro \/ Ace \/ Ace Pro 2<\/td>\n<\/tr>\n<tr>\n<th>Pr\u0105d wej\u015bciowy<\/th>\n<td>5V\/3A<\/td>\n<\/tr>\n<tr>\n<th>Pr\u0105d wyj\u015bciowy<\/th>\n<td>4.4V\/3A<\/td>\n<\/tr>\n<tr>\n<th>Czas \u0142adowania<\/th>\n<td>90 minut<\/td>\n<\/tr>\n<tr>\n<th>Wymiary<\/th>\n<td>5,1 cm x 5,45 cm x 4,7 cm<\/td>\n<\/tr>\n<\/tbody>\n<\/table>\n<\/div>\n","protected":false},"excerpt":{"rendered":"<p>\u0141adowarka + case na karty pami\u0119ci PULUZ do Insta360 Ace \/ Ace Pro \/ Ace Pro 2 \u0141adowarka PULUZ do<\/p>\n","protected":false},"featured_media":59095,"comment_status":"closed","ping_status":"open","template":"","meta":{"_acf_changed":false},"product_brand":[],"product_cat":[1130,1137,1128],"product_tag":[],"class_list":{"0":"post-59094","1":"product","2":"type-product","3":"status-publish","4":"has-post-thumbnail","6":"product_cat-akcesoria-foto","7":"product_cat-do-kamer-sportowych","8":"product_cat-foto-wideo","9":"pa_okres-gwarancji-5754","10":"pa_producent-puluz","12":"first","13":"outofstock","14":"taxable","15":"shipping-taxable","16":"purchasable","17":"product-type-simple"},"acf":[],"yoast_head":"<!-- This site is optimized with the Yoast SEO plugin v27.2 - https:\/\/yoast.com\/product\/yoast-seo-wordpress\/ -->\n<title>\u0141adowarka PULUZ 2-slot + etui na karty do Insta360 Ace - IRONSKY.PL Sklep z Dronami<\/title>\n<meta name=\"description\" content=\"\u0141adowarka PULUZ 2-slot + etui na karty do Insta360 Ace - \u2705 sklep z dronami i fachowym doradztwem. \u2705 Tutaj kupisz produkty DJI, Yuneec, Parrot, Syma i wiele innych, a tak\u017ce kursy i licencje na operatora drona.\" \/>\n<meta name=\"robots\" content=\"index, follow, max-snippet:-1, max-image-preview:large, max-video-preview:-1\" \/>\n<link rel=\"canonical\" href=\"https:\/\/ironsky.pl\/sklep\/produkt\/ladowarka-puluz-2-slot-etui-na-karty-do-insta360-ace\/\" \/>\n<meta property=\"og:locale\" content=\"pl_PL\" \/>\n<meta property=\"og:type\" content=\"article\" \/>\n<meta property=\"og:title\" content=\"\u0141adowarka PULUZ 2-slot + etui na karty do Insta360 Ace - IRONSKY.PL Sklep z Dronami\" \/>\n<meta property=\"og:description\" content=\"\u0141adowarka PULUZ 2-slot + etui na karty do Insta360 Ace - \u2705 sklep z dronami i fachowym doradztwem. \u2705 Tutaj kupisz produkty DJI, Yuneec, Parrot, Syma i wiele innych, a tak\u017ce kursy i licencje na operatora drona.\" \/>\n<meta property=\"og:url\" content=\"https:\/\/ironsky.pl\/sklep\/produkt\/ladowarka-puluz-2-slot-etui-na-karty-do-insta360-ace\/\" \/>\n<meta property=\"og:site_name\" content=\"IRONSKY.PL Sklep z Dronami\" \/>\n<meta property=\"article:modified_time\" content=\"2026-04-15T08:43:51+00:00\" \/>\n<meta property=\"og:image\" content=\"https:\/\/ironsky.pl\/sklep\/wp-content\/uploads\/2026\/04\/45090_1.jpg\" \/>\n\t<meta property=\"og:image:width\" content=\"800\" \/>\n\t<meta property=\"og:image:height\" content=\"800\" \/>\n\t<meta property=\"og:image:type\" content=\"image\/jpeg\" \/>\n<meta name=\"twitter:card\" content=\"summary_large_image\" \/>\n<meta name=\"twitter:label1\" content=\"Szacowany czas czytania\" \/>\n\t<meta name=\"twitter:data1\" content=\"1 minuta\" \/>\n<script type=\"application\/ld+json\" class=\"yoast-schema-graph\">{\"@context\":\"https:\/\/schema.org\",\"@graph\":[{\"@type\":\"WebPage\",\"@id\":\"https:\/\/ironsky.pl\/sklep\/produkt\/ladowarka-puluz-2-slot-etui-na-karty-do-insta360-ace\/\",\"url\":\"https:\/\/ironsky.pl\/sklep\/produkt\/ladowarka-puluz-2-slot-etui-na-karty-do-insta360-ace\/\",\"name\":\"\u0141adowarka PULUZ 2-slot + etui na karty do Insta360 Ace - IRONSKY.PL Sklep z Dronami\",\"isPartOf\":{\"@id\":\"https:\/\/ironsky.pl\/sklep\/#website\"},\"primaryImageOfPage\":{\"@id\":\"https:\/\/ironsky.pl\/sklep\/produkt\/ladowarka-puluz-2-slot-etui-na-karty-do-insta360-ace\/#primaryimage\"},\"image\":{\"@id\":\"https:\/\/ironsky.pl\/sklep\/produkt\/ladowarka-puluz-2-slot-etui-na-karty-do-insta360-ace\/#primaryimage\"},\"thumbnailUrl\":\"https:\/\/ironsky.pl\/sklep\/wp-content\/uploads\/2026\/04\/45090_1.jpg\",\"datePublished\":\"2026-04-15T08:43:34+00:00\",\"dateModified\":\"2026-04-15T08:43:51+00:00\",\"description\":\"\u0141adowarka PULUZ 2-slot + etui na karty do Insta360 Ace - \u2705 sklep z dronami i fachowym doradztwem. \u2705 Tutaj kupisz produkty DJI, Yuneec, Parrot, Syma i wiele innych, a tak\u017ce kursy i licencje na operatora drona.\",\"breadcrumb\":{\"@id\":\"https:\/\/ironsky.pl\/sklep\/produkt\/ladowarka-puluz-2-slot-etui-na-karty-do-insta360-ace\/#breadcrumb\"},\"inLanguage\":\"pl-PL\",\"potentialAction\":[{\"@type\":\"ReadAction\",\"target\":[\"https:\/\/ironsky.pl\/sklep\/produkt\/ladowarka-puluz-2-slot-etui-na-karty-do-insta360-ace\/\"]}]},{\"@type\":\"ImageObject\",\"inLanguage\":\"pl-PL\",\"@id\":\"https:\/\/ironsky.pl\/sklep\/produkt\/ladowarka-puluz-2-slot-etui-na-karty-do-insta360-ace\/#primaryimage\",\"url\":\"https:\/\/ironsky.pl\/sklep\/wp-content\/uploads\/2026\/04\/45090_1.jpg\",\"contentUrl\":\"https:\/\/ironsky.pl\/sklep\/wp-content\/uploads\/2026\/04\/45090_1.jpg\",\"width\":800,\"height\":800},{\"@type\":\"BreadcrumbList\",\"@id\":\"https:\/\/ironsky.pl\/sklep\/produkt\/ladowarka-puluz-2-slot-etui-na-karty-do-insta360-ace\/#breadcrumb\",\"itemListElement\":[{\"@type\":\"ListItem\",\"position\":1,\"name\":\"Strona g\u0142\u00f3wna\",\"item\":\"https:\/\/ironsky.pl\/sklep\/\"},{\"@type\":\"ListItem\",\"position\":2,\"name\":\"Wszystkie produkty\",\"item\":\"https:\/\/ironsky.pl\/sklep\/produkty\/\"},{\"@type\":\"ListItem\",\"position\":3,\"name\":\"\u0141adowarka PULUZ 2-slot + etui na karty do Insta360 Ace\"}]},{\"@type\":\"WebSite\",\"@id\":\"https:\/\/ironsky.pl\/sklep\/#website\",\"url\":\"https:\/\/ironsky.pl\/sklep\/\",\"name\":\"IRONSKY.PL Sklep z Dronami\",\"description\":\"IRONSKY.PL Sklep z Dronami\",\"potentialAction\":[{\"@type\":\"SearchAction\",\"target\":{\"@type\":\"EntryPoint\",\"urlTemplate\":\"https:\/\/ironsky.pl\/sklep\/?s={search_term_string}\"},\"query-input\":{\"@type\":\"PropertyValueSpecification\",\"valueRequired\":true,\"valueName\":\"search_term_string\"}}],\"inLanguage\":\"pl-PL\"}]}<\/script>\n<!-- \/ Yoast SEO plugin. -->","yoast_head_json":{"title":"\u0141adowarka PULUZ 2-slot + etui na karty do Insta360 Ace - IRONSKY.PL Sklep z Dronami","description":"\u0141adowarka PULUZ 2-slot + etui na karty do Insta360 Ace - \u2705 sklep z dronami i fachowym doradztwem. \u2705 Tutaj kupisz produkty DJI, Yuneec, Parrot, Syma i wiele innych, a tak\u017ce kursy i licencje na operatora drona.","robots":{"index":"index","follow":"follow","max-snippet":"max-snippet:-1","max-image-preview":"max-image-preview:large","max-video-preview":"max-video-preview:-1"},"canonical":"https:\/\/ironsky.pl\/sklep\/produkt\/ladowarka-puluz-2-slot-etui-na-karty-do-insta360-ace\/","og_locale":"pl_PL","og_type":"article","og_title":"\u0141adowarka PULUZ 2-slot + etui na karty do Insta360 Ace - IRONSKY.PL Sklep z Dronami","og_description":"\u0141adowarka PULUZ 2-slot + etui na karty do Insta360 Ace - \u2705 sklep z dronami i fachowym doradztwem. \u2705 Tutaj kupisz produkty DJI, Yuneec, Parrot, Syma i wiele innych, a tak\u017ce kursy i licencje na operatora drona.","og_url":"https:\/\/ironsky.pl\/sklep\/produkt\/ladowarka-puluz-2-slot-etui-na-karty-do-insta360-ace\/","og_site_name":"IRONSKY.PL Sklep z Dronami","article_modified_time":"2026-04-15T08:43:51+00:00","og_image":[{"width":800,"height":800,"url":"https:\/\/ironsky.pl\/sklep\/wp-content\/uploads\/2026\/04\/45090_1.jpg","type":"image\/jpeg"}],"twitter_card":"summary_large_image","twitter_misc":{"Szacowany czas czytania":"1 minuta"},"schema":{"@context":"https:\/\/schema.org","@graph":[{"@type":"WebPage","@id":"https:\/\/ironsky.pl\/sklep\/produkt\/ladowarka-puluz-2-slot-etui-na-karty-do-insta360-ace\/","url":"https:\/\/ironsky.pl\/sklep\/produkt\/ladowarka-puluz-2-slot-etui-na-karty-do-insta360-ace\/","name":"\u0141adowarka PULUZ 2-slot + etui na karty do Insta360 Ace - IRONSKY.PL Sklep z Dronami","isPartOf":{"@id":"https:\/\/ironsky.pl\/sklep\/#website"},"primaryImageOfPage":{"@id":"https:\/\/ironsky.pl\/sklep\/produkt\/ladowarka-puluz-2-slot-etui-na-karty-do-insta360-ace\/#primaryimage"},"image":{"@id":"https:\/\/ironsky.pl\/sklep\/produkt\/ladowarka-puluz-2-slot-etui-na-karty-do-insta360-ace\/#primaryimage"},"thumbnailUrl":"https:\/\/ironsky.pl\/sklep\/wp-content\/uploads\/2026\/04\/45090_1.jpg","datePublished":"2026-04-15T08:43:34+00:00","dateModified":"2026-04-15T08:43:51+00:00","description":"\u0141adowarka PULUZ 2-slot + etui na karty do Insta360 Ace - \u2705 sklep z dronami i fachowym doradztwem. \u2705 Tutaj kupisz produkty DJI, Yuneec, Parrot, Syma i wiele innych, a tak\u017ce kursy i licencje na operatora drona.","breadcrumb":{"@id":"https:\/\/ironsky.pl\/sklep\/produkt\/ladowarka-puluz-2-slot-etui-na-karty-do-insta360-ace\/#breadcrumb"},"inLanguage":"pl-PL","potentialAction":[{"@type":"ReadAction","target":["https:\/\/ironsky.pl\/sklep\/produkt\/ladowarka-puluz-2-slot-etui-na-karty-do-insta360-ace\/"]}]},{"@type":"ImageObject","inLanguage":"pl-PL","@id":"https:\/\/ironsky.pl\/sklep\/produkt\/ladowarka-puluz-2-slot-etui-na-karty-do-insta360-ace\/#primaryimage","url":"https:\/\/ironsky.pl\/sklep\/wp-content\/uploads\/2026\/04\/45090_1.jpg","contentUrl":"https:\/\/ironsky.pl\/sklep\/wp-content\/uploads\/2026\/04\/45090_1.jpg","width":800,"height":800},{"@type":"BreadcrumbList","@id":"https:\/\/ironsky.pl\/sklep\/produkt\/ladowarka-puluz-2-slot-etui-na-karty-do-insta360-ace\/#breadcrumb","itemListElement":[{"@type":"ListItem","position":1,"name":"Strona g\u0142\u00f3wna","item":"https:\/\/ironsky.pl\/sklep\/"},{"@type":"ListItem","position":2,"name":"Wszystkie produkty","item":"https:\/\/ironsky.pl\/sklep\/produkty\/"},{"@type":"ListItem","position":3,"name":"\u0141adowarka PULUZ 2-slot + etui na karty do Insta360 Ace"}]},{"@type":"WebSite","@id":"https:\/\/ironsky.pl\/sklep\/#website","url":"https:\/\/ironsky.pl\/sklep\/","name":"IRONSKY.PL Sklep z Dronami","description":"IRONSKY.PL Sklep z Dronami","potentialAction":[{"@type":"SearchAction","target":{"@type":"EntryPoint","urlTemplate":"https:\/\/ironsky.pl\/sklep\/?s={search_term_string}"},"query-input":{"@type":"PropertyValueSpecification","valueRequired":true,"valueName":"search_term_string"}}],"inLanguage":"pl-PL"}]}},"_links":{"self":[{"href":"https:\/\/ironsky.pl\/sklep\/wp-json\/wp\/v2\/product\/59094","targetHints":{"allow":["GET"]}}],"collection":[{"href":"https:\/\/ironsky.pl\/sklep\/wp-json\/wp\/v2\/product"}],"about":[{"href":"https:\/\/ironsky.pl\/sklep\/wp-json\/wp\/v2\/types\/product"}],"replies":[{"embeddable":true,"href":"https:\/\/ironsky.pl\/sklep\/wp-json\/wp\/v2\/comments?post=59094"}],"wp:featuredmedia":[{"embeddable":true,"href":"https:\/\/ironsky.pl\/sklep\/wp-json\/wp\/v2\/media\/59095"}],"wp:attachment":[{"href":"https:\/\/ironsky.pl\/sklep\/wp-json\/wp\/v2\/media?parent=59094"}],"wp:term":[{"taxonomy":"product_brand","embeddable":true,"href":"https:\/\/ironsky.pl\/sklep\/wp-json\/wp\/v2\/product_brand?post=59094"},{"taxonomy":"product_cat","embeddable":true,"href":"https:\/\/ironsky.pl\/sklep\/wp-json\/wp\/v2\/product_cat?post=59094"},{"taxonomy":"product_tag","embeddable":true,"href":"https:\/\/ironsky.pl\/sklep\/wp-json\/wp\/v2\/product_tag?post=59094"}],"curies":[{"name":"wp","href":"https:\/\/api.w.org\/{rel}","templated":true}]}}