{"id":59093,"date":"2026-04-15T10:43:34","date_gmt":"2026-04-15T08:43:34","guid":{"rendered":"https:\/\/ironsky.pl\/sklep\/produkt\/przelacznik-usb-ugreen-cm757-2x2-5gbps\/"},"modified":"2026-04-15T10:43:50","modified_gmt":"2026-04-15T08:43:50","slug":"przelacznik-usb-ugreen-cm757-2x2-5gbps","status":"publish","type":"product","link":"https:\/\/ironsky.pl\/sklep\/produkt\/przelacznik-usb-ugreen-cm757-2x2-5gbps\/","title":{"rendered":"Prze\u0142\u0105cznik USB UGREEN CM757 2&#215;2 5Gbps"},"content":{"rendered":"<h3>Prze\u0142\u0105cznik \/ Switch USB 3.0 (2&#215;2) Ugreen CM757, 5 Gbps + 2x kabel USB 1.5m<\/h3>\n<p>Prze\u0142\u0105cznik USB 3.0 Ugreen CM757 to wszechstronne urz\u0105dzenie, kt\u00f3re umo\u017cliwia wygodne prze\u0142\u0105czanie pomi\u0119dzy dwoma komputerami, wsp\u00f3\u0142dziel\u0105cymi dwa urz\u0105dzenia USB. Jest idealnym rozwi\u0105zaniem do efektywnego zarz\u0105dzania wieloma urz\u0105dzeniami peryferyjnymi w \u015brodowisku pracy lub domowym biurze. Uwaga: nale\u017cy pami\u0119ta\u0107, \u017ce prze\u0142\u0105cznik nie jest urz\u0105dzeniem KVM i nie obs\u0142uguje monitor\u00f3w ani przesy\u0142u wideo \u2013 port USB OUT s\u0142u\u017cy wy\u0142\u0105cznie do przesy\u0142ania danych.<\/p>\n<p>\n<img decoding=\"async\" src=\"https:\/\/assets.innpro.pl\/8107\/9459\/2.jpg\" border=\"0\" \/>\n<\/p>\n<h3>Wydajne udost\u0119pnianie urz\u0105dze\u0144<\/h3>\n<p>Ugreen CM757 pozwala na wsp\u00f3\u0142dzielenie dw\u00f3ch urz\u0105dze\u0144 USB, takich jak klawiatury, myszy, drukarki czy kamery internetowe, pomi\u0119dzy dwoma komputerami. Dzi\u0119ki temu mo\u017cesz szybko i \u0142atwo prze\u0142\u0105cza\u0107 si\u0119 pomi\u0119dzy komputerem s\u0142u\u017cbowym a laptopem osobistym, zwi\u0119kszaj\u0105c swoj\u0105 produktywno\u015b\u0107 i komfort pracy.<\/p>\n<p>\n<img decoding=\"async\" src=\"https:\/\/assets.innpro.pl\/8107\/9459\/3.jpg\" border=\"0\" \/>\n<\/p>\n<h3>Szybki transfer danych<\/h3>\n<p>Prze\u0142\u0105cznik obs\u0142uguje standard USB 3.0, co zapewnia pr\u0119dko\u015b\u0107 transferu danych do 5 Gbps. Jest r\u00f3wnie\u017c wstecznie kompatybilny z USB 2.0, co umo\u017cliwia \u0142atwe i szybkie przesy\u0142anie plik\u00f3w pomi\u0119dzy komputerami bez problem\u00f3w zwi\u0105zanych z nisk\u0105 pr\u0119dko\u015bci\u0105 transmisji. To idealne rozwi\u0105zanie do przesy\u0142ania du\u017cych plik\u00f3w w kr\u00f3tkim czasie.<\/p>\n<p>\n<img decoding=\"async\" src=\"https:\/\/assets.innpro.pl\/8107\/9459\/7.jpg\" border=\"0\" \/>\n<\/p>\n<h3>Szeroka kompatybilno\u015b\u0107 i \u0142atwo\u015b\u0107 u\u017cytkowania<\/h3>\n<p>Prze\u0142\u0105cznik Ugreen CM757 jest kompatybilny z systemami operacyjnymi Windows, macOS, Chrome OS oraz Linux, co sprawia, \u017ce jest niezwykle uniwersalny. Urz\u0105dzenie jest typu plug-and-play, co oznacza, \u017ce nie wymaga instalacji dodatkowych sterownik\u00f3w \u2013 wystarczy pod\u0142\u0105czy\u0107 i zacz\u0105\u0107 korzysta\u0107.<\/p>\n<p>\n<img decoding=\"async\" src=\"https:\/\/assets.innpro.pl\/8107\/9459\/4.jpg\" border=\"0\" \/>\n<\/p>\n<h3>Proste prze\u0142\u0105czanie za pomoc\u0105 jednego przycisku<\/h3>\n<p>Dzi\u0119ki przyciskowi prze\u0142\u0105czania i wska\u017anikowi LED mo\u017cesz \u0142atwo prze\u0142\u0105cza\u0107 urz\u0105dzenia USB pomi\u0119dzy dwoma komputerami za pomoc\u0105 jednego klikni\u0119cia. Wska\u017anik LED informuje o aktualnym statusie pracy, co zwi\u0119ksza wygod\u0119 u\u017cytkowania i umo\u017cliwia szybkie rozpoznanie aktywnego komputera.<\/p>\n<p>\n<img decoding=\"async\" src=\"https:\/\/assets.innpro.pl\/8107\/9459\/5.jpg\" border=\"0\" \/>\n<\/p>\n<h3>W zestawie<\/h3>\n<p>Prze\u0142\u0105cznik USB 3.0<\/p>\n<p>kabel USB 3.0 o d\u0142ugo\u015bci 1,5 m x 2<\/p>\n<p>instrukcja obs\u0142ugi<\/p>\n<div class=\"table-wrapper\">\n<p>\u00a0<\/p>\n<h3><\/h3>\n<table>\n<tbody>\n<tr>\n<th>Producent<\/th>\n<td>UGREEN<\/td>\n<\/tr>\n<tr>\n<th>Model<\/th>\n<td>CM757<\/td>\n<\/tr>\n<tr>\n<th>Kod producenta<\/th>\n<td>35313<\/td>\n<\/tr>\n<tr>\n<th>Kolor<\/th>\n<td>Czarny<\/td>\n<\/tr>\n<tr>\n<th>Wymiary<\/th>\n<td>59 x 33 x 20 mm<\/td>\n<\/tr>\n<tr>\n<th>Liczba port\u00f3w<\/th>\n<td>2 wej\u015bcia USB, 2 wyj\u015bcia USB<\/td>\n<\/tr>\n<tr>\n<th>Szybko\u015b\u0107 transferu danych<\/th>\n<td>Do 5 Gbps<\/td>\n<\/tr>\n<tr>\n<th>Kompatybilno\u015b\u0107<\/th>\n<td>Windows, macOS, Chrome OS, Linux<\/td>\n<\/tr>\n<\/tbody>\n<\/table>\n<\/div>\n","protected":false},"excerpt":{"rendered":"<p>Prze\u0142\u0105cznik \/ Switch USB 3.0 (2&#215;2) Ugreen CM757, 5 Gbps + 2x kabel USB 1.5m Prze\u0142\u0105cznik USB 3.0 Ugreen CM757<\/p>\n","protected":false},"featured_media":45492,"comment_status":"closed","ping_status":"open","template":"","meta":{"_acf_changed":false},"product_brand":[],"product_cat":[5930,5929],"product_tag":[],"class_list":{"0":"post-59093","1":"product","2":"type-product","3":"status-publish","4":"has-post-thumbnail","6":"product_cat-adaptery-przejsciowki-konwertery","7":"product_cat-akcesoria-it","8":"pa_okres-gwarancji-5757","9":"pa_producent-ugreen","11":"first","12":"outofstock","13":"taxable","14":"shipping-taxable","15":"purchasable","16":"product-type-simple"},"acf":[],"yoast_head":"<!-- This site is optimized with the Yoast SEO plugin v27.2 - https:\/\/yoast.com\/product\/yoast-seo-wordpress\/ -->\n<title>Prze\u0142\u0105cznik USB UGREEN CM757 2x2 5Gbps - IRONSKY.PL Sklep z Dronami<\/title>\n<meta name=\"description\" content=\"Prze\u0142\u0105cznik USB UGREEN CM757 2x2 5Gbps - \u2705 sklep z dronami i fachowym doradztwem. \u2705 Tutaj kupisz produkty DJI, Yuneec, Parrot, Syma i wiele innych, a tak\u017ce kursy i licencje na operatora drona.\" \/>\n<meta name=\"robots\" content=\"index, follow, max-snippet:-1, max-image-preview:large, max-video-preview:-1\" \/>\n<link rel=\"canonical\" href=\"https:\/\/ironsky.pl\/sklep\/produkt\/przelacznik-usb-ugreen-cm757-2x2-5gbps\/\" \/>\n<meta property=\"og:locale\" content=\"pl_PL\" \/>\n<meta property=\"og:type\" content=\"article\" \/>\n<meta property=\"og:title\" content=\"Prze\u0142\u0105cznik USB UGREEN CM757 2x2 5Gbps - IRONSKY.PL Sklep z Dronami\" \/>\n<meta property=\"og:description\" content=\"Prze\u0142\u0105cznik USB UGREEN CM757 2x2 5Gbps - \u2705 sklep z dronami i fachowym doradztwem. \u2705 Tutaj kupisz produkty DJI, Yuneec, Parrot, Syma i wiele innych, a tak\u017ce kursy i licencje na operatora drona.\" \/>\n<meta property=\"og:url\" content=\"https:\/\/ironsky.pl\/sklep\/produkt\/przelacznik-usb-ugreen-cm757-2x2-5gbps\/\" \/>\n<meta property=\"og:site_name\" content=\"IRONSKY.PL Sklep z Dronami\" \/>\n<meta property=\"article:modified_time\" content=\"2026-04-15T08:43:50+00:00\" \/>\n<meta property=\"og:image\" content=\"https:\/\/ironsky.pl\/sklep\/wp-content\/uploads\/2025\/06\/45074_1.jpg\" \/>\n\t<meta property=\"og:image:width\" content=\"800\" \/>\n\t<meta property=\"og:image:height\" content=\"800\" \/>\n\t<meta property=\"og:image:type\" content=\"image\/jpeg\" \/>\n<meta name=\"twitter:card\" content=\"summary_large_image\" \/>\n<meta name=\"twitter:label1\" content=\"Szacowany czas czytania\" \/>\n\t<meta name=\"twitter:data1\" content=\"2 minuty\" \/>\n<script type=\"application\/ld+json\" class=\"yoast-schema-graph\">{\"@context\":\"https:\/\/schema.org\",\"@graph\":[{\"@type\":\"WebPage\",\"@id\":\"https:\/\/ironsky.pl\/sklep\/produkt\/przelacznik-usb-ugreen-cm757-2x2-5gbps\/\",\"url\":\"https:\/\/ironsky.pl\/sklep\/produkt\/przelacznik-usb-ugreen-cm757-2x2-5gbps\/\",\"name\":\"Prze\u0142\u0105cznik USB UGREEN CM757 2x2 5Gbps - IRONSKY.PL Sklep z Dronami\",\"isPartOf\":{\"@id\":\"https:\/\/ironsky.pl\/sklep\/#website\"},\"primaryImageOfPage\":{\"@id\":\"https:\/\/ironsky.pl\/sklep\/produkt\/przelacznik-usb-ugreen-cm757-2x2-5gbps\/#primaryimage\"},\"image\":{\"@id\":\"https:\/\/ironsky.pl\/sklep\/produkt\/przelacznik-usb-ugreen-cm757-2x2-5gbps\/#primaryimage\"},\"thumbnailUrl\":\"https:\/\/ironsky.pl\/sklep\/wp-content\/uploads\/2025\/06\/45074_1.jpg\",\"datePublished\":\"2026-04-15T08:43:34+00:00\",\"dateModified\":\"2026-04-15T08:43:50+00:00\",\"description\":\"Prze\u0142\u0105cznik USB UGREEN CM757 2x2 5Gbps - \u2705 sklep z dronami i fachowym doradztwem. \u2705 Tutaj kupisz produkty DJI, Yuneec, Parrot, Syma i wiele innych, a tak\u017ce kursy i licencje na operatora drona.\",\"breadcrumb\":{\"@id\":\"https:\/\/ironsky.pl\/sklep\/produkt\/przelacznik-usb-ugreen-cm757-2x2-5gbps\/#breadcrumb\"},\"inLanguage\":\"pl-PL\",\"potentialAction\":[{\"@type\":\"ReadAction\",\"target\":[\"https:\/\/ironsky.pl\/sklep\/produkt\/przelacznik-usb-ugreen-cm757-2x2-5gbps\/\"]}]},{\"@type\":\"ImageObject\",\"inLanguage\":\"pl-PL\",\"@id\":\"https:\/\/ironsky.pl\/sklep\/produkt\/przelacznik-usb-ugreen-cm757-2x2-5gbps\/#primaryimage\",\"url\":\"https:\/\/ironsky.pl\/sklep\/wp-content\/uploads\/2025\/06\/45074_1.jpg\",\"contentUrl\":\"https:\/\/ironsky.pl\/sklep\/wp-content\/uploads\/2025\/06\/45074_1.jpg\",\"width\":800,\"height\":800},{\"@type\":\"BreadcrumbList\",\"@id\":\"https:\/\/ironsky.pl\/sklep\/produkt\/przelacznik-usb-ugreen-cm757-2x2-5gbps\/#breadcrumb\",\"itemListElement\":[{\"@type\":\"ListItem\",\"position\":1,\"name\":\"Strona g\u0142\u00f3wna\",\"item\":\"https:\/\/ironsky.pl\/sklep\/\"},{\"@type\":\"ListItem\",\"position\":2,\"name\":\"Wszystkie produkty\",\"item\":\"https:\/\/ironsky.pl\/sklep\/produkty\/\"},{\"@type\":\"ListItem\",\"position\":3,\"name\":\"Prze\u0142\u0105cznik USB UGREEN CM757 2&#215;2 5Gbps\"}]},{\"@type\":\"WebSite\",\"@id\":\"https:\/\/ironsky.pl\/sklep\/#website\",\"url\":\"https:\/\/ironsky.pl\/sklep\/\",\"name\":\"IRONSKY.PL Sklep z Dronami\",\"description\":\"IRONSKY.PL Sklep z Dronami\",\"potentialAction\":[{\"@type\":\"SearchAction\",\"target\":{\"@type\":\"EntryPoint\",\"urlTemplate\":\"https:\/\/ironsky.pl\/sklep\/?s={search_term_string}\"},\"query-input\":{\"@type\":\"PropertyValueSpecification\",\"valueRequired\":true,\"valueName\":\"search_term_string\"}}],\"inLanguage\":\"pl-PL\"}]}<\/script>\n<!-- \/ Yoast SEO plugin. -->","yoast_head_json":{"title":"Prze\u0142\u0105cznik USB UGREEN CM757 2x2 5Gbps - IRONSKY.PL Sklep z Dronami","description":"Prze\u0142\u0105cznik USB UGREEN CM757 2x2 5Gbps - \u2705 sklep z dronami i fachowym doradztwem. \u2705 Tutaj kupisz produkty DJI, Yuneec, Parrot, Syma i wiele innych, a tak\u017ce kursy i licencje na operatora drona.","robots":{"index":"index","follow":"follow","max-snippet":"max-snippet:-1","max-image-preview":"max-image-preview:large","max-video-preview":"max-video-preview:-1"},"canonical":"https:\/\/ironsky.pl\/sklep\/produkt\/przelacznik-usb-ugreen-cm757-2x2-5gbps\/","og_locale":"pl_PL","og_type":"article","og_title":"Prze\u0142\u0105cznik USB UGREEN CM757 2x2 5Gbps - IRONSKY.PL Sklep z Dronami","og_description":"Prze\u0142\u0105cznik USB UGREEN CM757 2x2 5Gbps - \u2705 sklep z dronami i fachowym doradztwem. \u2705 Tutaj kupisz produkty DJI, Yuneec, Parrot, Syma i wiele innych, a tak\u017ce kursy i licencje na operatora drona.","og_url":"https:\/\/ironsky.pl\/sklep\/produkt\/przelacznik-usb-ugreen-cm757-2x2-5gbps\/","og_site_name":"IRONSKY.PL Sklep z Dronami","article_modified_time":"2026-04-15T08:43:50+00:00","og_image":[{"width":800,"height":800,"url":"https:\/\/ironsky.pl\/sklep\/wp-content\/uploads\/2025\/06\/45074_1.jpg","type":"image\/jpeg"}],"twitter_card":"summary_large_image","twitter_misc":{"Szacowany czas czytania":"2 minuty"},"schema":{"@context":"https:\/\/schema.org","@graph":[{"@type":"WebPage","@id":"https:\/\/ironsky.pl\/sklep\/produkt\/przelacznik-usb-ugreen-cm757-2x2-5gbps\/","url":"https:\/\/ironsky.pl\/sklep\/produkt\/przelacznik-usb-ugreen-cm757-2x2-5gbps\/","name":"Prze\u0142\u0105cznik USB UGREEN CM757 2x2 5Gbps - IRONSKY.PL Sklep z Dronami","isPartOf":{"@id":"https:\/\/ironsky.pl\/sklep\/#website"},"primaryImageOfPage":{"@id":"https:\/\/ironsky.pl\/sklep\/produkt\/przelacznik-usb-ugreen-cm757-2x2-5gbps\/#primaryimage"},"image":{"@id":"https:\/\/ironsky.pl\/sklep\/produkt\/przelacznik-usb-ugreen-cm757-2x2-5gbps\/#primaryimage"},"thumbnailUrl":"https:\/\/ironsky.pl\/sklep\/wp-content\/uploads\/2025\/06\/45074_1.jpg","datePublished":"2026-04-15T08:43:34+00:00","dateModified":"2026-04-15T08:43:50+00:00","description":"Prze\u0142\u0105cznik USB UGREEN CM757 2x2 5Gbps - \u2705 sklep z dronami i fachowym doradztwem. \u2705 Tutaj kupisz produkty DJI, Yuneec, Parrot, Syma i wiele innych, a tak\u017ce kursy i licencje na operatora drona.","breadcrumb":{"@id":"https:\/\/ironsky.pl\/sklep\/produkt\/przelacznik-usb-ugreen-cm757-2x2-5gbps\/#breadcrumb"},"inLanguage":"pl-PL","potentialAction":[{"@type":"ReadAction","target":["https:\/\/ironsky.pl\/sklep\/produkt\/przelacznik-usb-ugreen-cm757-2x2-5gbps\/"]}]},{"@type":"ImageObject","inLanguage":"pl-PL","@id":"https:\/\/ironsky.pl\/sklep\/produkt\/przelacznik-usb-ugreen-cm757-2x2-5gbps\/#primaryimage","url":"https:\/\/ironsky.pl\/sklep\/wp-content\/uploads\/2025\/06\/45074_1.jpg","contentUrl":"https:\/\/ironsky.pl\/sklep\/wp-content\/uploads\/2025\/06\/45074_1.jpg","width":800,"height":800},{"@type":"BreadcrumbList","@id":"https:\/\/ironsky.pl\/sklep\/produkt\/przelacznik-usb-ugreen-cm757-2x2-5gbps\/#breadcrumb","itemListElement":[{"@type":"ListItem","position":1,"name":"Strona g\u0142\u00f3wna","item":"https:\/\/ironsky.pl\/sklep\/"},{"@type":"ListItem","position":2,"name":"Wszystkie produkty","item":"https:\/\/ironsky.pl\/sklep\/produkty\/"},{"@type":"ListItem","position":3,"name":"Prze\u0142\u0105cznik USB UGREEN CM757 2&#215;2 5Gbps"}]},{"@type":"WebSite","@id":"https:\/\/ironsky.pl\/sklep\/#website","url":"https:\/\/ironsky.pl\/sklep\/","name":"IRONSKY.PL Sklep z Dronami","description":"IRONSKY.PL Sklep z Dronami","potentialAction":[{"@type":"SearchAction","target":{"@type":"EntryPoint","urlTemplate":"https:\/\/ironsky.pl\/sklep\/?s={search_term_string}"},"query-input":{"@type":"PropertyValueSpecification","valueRequired":true,"valueName":"search_term_string"}}],"inLanguage":"pl-PL"}]}},"_links":{"self":[{"href":"https:\/\/ironsky.pl\/sklep\/wp-json\/wp\/v2\/product\/59093","targetHints":{"allow":["GET"]}}],"collection":[{"href":"https:\/\/ironsky.pl\/sklep\/wp-json\/wp\/v2\/product"}],"about":[{"href":"https:\/\/ironsky.pl\/sklep\/wp-json\/wp\/v2\/types\/product"}],"replies":[{"embeddable":true,"href":"https:\/\/ironsky.pl\/sklep\/wp-json\/wp\/v2\/comments?post=59093"}],"wp:featuredmedia":[{"embeddable":true,"href":"https:\/\/ironsky.pl\/sklep\/wp-json\/wp\/v2\/media\/45492"}],"wp:attachment":[{"href":"https:\/\/ironsky.pl\/sklep\/wp-json\/wp\/v2\/media?parent=59093"}],"wp:term":[{"taxonomy":"product_brand","embeddable":true,"href":"https:\/\/ironsky.pl\/sklep\/wp-json\/wp\/v2\/product_brand?post=59093"},{"taxonomy":"product_cat","embeddable":true,"href":"https:\/\/ironsky.pl\/sklep\/wp-json\/wp\/v2\/product_cat?post=59093"},{"taxonomy":"product_tag","embeddable":true,"href":"https:\/\/ironsky.pl\/sklep\/wp-json\/wp\/v2\/product_tag?post=59093"}],"curies":[{"name":"wp","href":"https:\/\/api.w.org\/{rel}","templated":true}]}}