{"id":59091,"date":"2026-04-15T10:43:34","date_gmt":"2026-04-15T08:43:34","guid":{"rendered":"https:\/\/ironsky.pl\/sklep\/produkt\/kabel-ugreen-us370-usb-c-usb-b-2-0-2m-czarny\/"},"modified":"2026-04-15T10:43:48","modified_gmt":"2026-04-15T08:43:48","slug":"kabel-ugreen-us370-usb-c-usb-b-2-0-2m-czarny","status":"publish","type":"product","link":"https:\/\/ironsky.pl\/sklep\/produkt\/kabel-ugreen-us370-usb-c-usb-b-2-0-2m-czarny\/","title":{"rendered":"Kabel UGREEN US370 USB-C-USB-B 2.0 2m (czarny)"},"content":{"rendered":"<h3>Kabel USB-C do USB-B 2.0 (do drukarki) Ugreen US370, 2m (czarny)<\/h3>\n<p>Kabel USB-C do USB-B 2.0 Ugreen US370 to niezawodne i wszechstronne rozwi\u0105zanie do pod\u0142\u0105czania drukarek, skaner\u00f3w, faks\u00f3w i innych urz\u0105dze\u0144 peryferyjnych do laptop\u00f3w oraz innych urz\u0105dze\u0144 z portem USB-C lub Thunderbolt 3. Idealny do codziennego u\u017cytku w biurze i w domu.<\/p>\n<p>\n<img decoding=\"async\" src=\"https:\/\/assets.innpro.pl\/8109\/9461\/6.jpg\" border=\"0\" \/>\n<\/p>\n<h3>Uniwersalny kabel do drukarki<\/h3>\n<p>Kabel Ugreen US370 umo\u017cliwia pod\u0142\u0105czenie drukarek, skaner\u00f3w, faks\u00f3w, kamer, kopiarek, DAC-\u00f3w oraz zewn\u0119trznych dysk\u00f3w twardych z portem USB-B 2.0 do laptop\u00f3w lub innych urz\u0105dze\u0144 z portem USB-C lub Thunderbolt 3. Jest kompatybilny z urz\u0105dzeniami takimi jak HP, Canon, Lexmark, Epson, Brother, Dell i Xerox. Uwaga: Podczas pod\u0142\u0105czania tabletu lub telefonu do drukarki mo\u017ce by\u0107 konieczne pobranie sterownika.<\/p>\n<p>\n<img decoding=\"async\" src=\"https:\/\/assets.innpro.pl\/8109\/9461\/4.jpg\" border=\"0\" \/>\n<\/p>\n<h3>Szeroka kompatybilno\u015b\u0107<\/h3>\n<p>Kabel jest kompatybilny z szerok\u0105 gam\u0105 urz\u0105dze\u0144, w tym MacBook Pro (M2\/M1, Max\/Pro), MacBook Air (M2\/M1), iMac Pro, iMac, iPad Pro\/Air, Dell XPS 17\/15, HP Spectre X2\/Spectre X360\/Spectre13, Acer Aspire Switch 12S\/R13, Huawei MateBook, ASUS Predator 15\/15.7\/G5\/ZenBook 3 Pro, Surface Book 2, Notebook 9, Galaxy S24\/S24 Ultra oraz iPhone 15 Pro Max. Uwaga: Kabel wspiera tylko iPhone 15 serii i nie jest kompatybilny z seri\u0105 14\/13\/12.<\/p>\n<p>\n<img decoding=\"async\" src=\"https:\/\/assets.innpro.pl\/8109\/9461\/7.jpg\" border=\"0\" \/>\n<\/p>\n<h3>Wysoka pr\u0119dko\u015b\u0107 transferu<\/h3>\n<p>Kabel drukarki USB-B wspiera pr\u0119dko\u015b\u0107 transferu danych do 480 Mbps, co pozwala na bardziej efektywn\u0105 prac\u0119 i oszcz\u0119dno\u015b\u0107 czasu. Jest wstecznie kompatybilny z USB 1.1 (12 Mbps) oraz USB 1.0 (1.5 Mbps), co zapewnia szerok\u0105 kompatybilno\u015b\u0107 z r\u00f3\u017cnymi urz\u0105dzeniami.<\/p>\n<p>\n<img decoding=\"async\" src=\"https:\/\/assets.innpro.pl\/8109\/9461\/3.jpg\" border=\"0\" \/>\n<\/p>\n<h3>Stabilna transmisja<\/h3>\n<p>Potr\u00f3jne ekranowanie kabla zapewnia doskona\u0142\u0105 ochron\u0119 przed zak\u0142\u00f3ceniami, co gwarantuje stabilniejsz\u0105 transmisj\u0119 danych w por\u00f3wnaniu do po\u0142\u0105cze\u0144 bezprzewodowych Wi-Fi. Dzi\u0119ki temu unikasz problem\u00f3w zwi\u0105zanych z konfiguracj\u0105 Wi-Fi i zyskujesz niezawodno\u015b\u0107 po\u0142\u0105czenia.<\/p>\n<p>\n<img decoding=\"async\" src=\"https:\/\/assets.innpro.pl\/8109\/9461\/1.jpg\" border=\"0\" \/>\n<\/p>\n<h3>Wytrzyma\u0142a konstrukcja<\/h3>\n<p>Ulepszona, nylonowa os\u0142ona kabla jest odporna na spl\u0105tanie, chroni przed uszkodzeniami i codziennym zu\u017cyciem. Konektor pokryty niklem jest odporny na korozj\u0119 i zapewnia niezawodn\u0105 oraz wyj\u0105tkow\u0105 przewodno\u015b\u0107 i stabilno\u015b\u0107. Kabel jest wystarczaj\u0105co gruby, by by\u0107 wytrzyma\u0142ym, ale jednocze\u015bnie elastyczny i \u0142atwy w u\u017cyciu.<\/p>\n<p>\n<img decoding=\"async\" src=\"https:\/\/assets.innpro.pl\/8109\/9461\/5.jpg\" border=\"0\" \/>\n<\/p>\n<div class=\"table-wrapper\">\n<p>\u00a0<\/p>\n<h3><\/h3>\n<table>\n<tbody>\n<tr>\n<th>Producent<\/th>\n<td>UGREEN<\/td>\n<\/tr>\n<tr>\n<th>Model<\/th>\n<td>US370<\/td>\n<\/tr>\n<tr>\n<th>Kod producenta<\/th>\n<td>45106<\/td>\n<\/tr>\n<tr>\n<th>Kolor<\/th>\n<td>Czarny<\/td>\n<\/tr>\n<tr>\n<th>D\u0142ugo\u015b\u0107<\/th>\n<td>2 metry<\/td>\n<\/tr>\n<tr>\n<th>Typ z\u0142\u0105cza<\/th>\n<td>USB-C do USB-B 2.0<\/td>\n<\/tr>\n<tr>\n<th>Szybko\u015b\u0107 transferu danych<\/th>\n<td>Do 480 Mbps<\/td>\n<\/tr>\n<tr>\n<th>Kompatybilno\u015b\u0107<\/th>\n<td>MacBook Pro (M2\/M1, Max\/Pro), MacBook Air (M2\/M1), iMac Pro, iMac, iPad Pro\/Air, Dell XPS 17\/15, HP Spectre X2\/Spectre X360\/Spectre13, Acer Aspire Switch 12S\/R13, Huawei MateBook, ASUS Predator 15\/15.7\/G5\/ZenBook 3 Pro, Surface Book 2, Notebook 9, Galaxy S24\/S24 Ultra, iPhone 15 Pro Max<\/td>\n<\/tr>\n<\/tbody>\n<\/table>\n<\/div>\n","protected":false},"excerpt":{"rendered":"<p>Kabel USB-C do USB-B 2.0 (do drukarki) Ugreen US370, 2m (czarny) Kabel USB-C do USB-B 2.0 Ugreen US370 to niezawodne<\/p>\n","protected":false},"featured_media":45487,"comment_status":"closed","ping_status":"open","template":"","meta":{"_acf_changed":false},"product_brand":[],"product_cat":[5929,5931,5932],"product_tag":[],"class_list":{"0":"post-59091","1":"product","2":"type-product","3":"status-publish","4":"has-post-thumbnail","6":"product_cat-akcesoria-it","7":"product_cat-kable","8":"product_cat-usb","9":"pa_okres-gwarancji-5757","10":"pa_producent-ugreen","12":"first","13":"outofstock","14":"taxable","15":"shipping-taxable","16":"purchasable","17":"product-type-simple"},"acf":[],"yoast_head":"<!-- This site is optimized with the Yoast SEO plugin v27.2 - https:\/\/yoast.com\/product\/yoast-seo-wordpress\/ -->\n<title>Kabel UGREEN US370 USB-C-USB-B 2.0 2m (czarny) - IRONSKY.PL Sklep z Dronami<\/title>\n<meta name=\"description\" content=\"Kabel UGREEN US370 USB-C-USB-B 2.0 2m (czarny) - \u2705 sklep z dronami i fachowym doradztwem. \u2705 Tutaj kupisz produkty DJI, Yuneec, Parrot, Syma i wiele innych, a tak\u017ce kursy i licencje na operatora drona.\" \/>\n<meta name=\"robots\" content=\"index, follow, max-snippet:-1, max-image-preview:large, max-video-preview:-1\" \/>\n<link rel=\"canonical\" href=\"https:\/\/ironsky.pl\/sklep\/produkt\/kabel-ugreen-us370-usb-c-usb-b-2-0-2m-czarny\/\" \/>\n<meta property=\"og:locale\" content=\"pl_PL\" \/>\n<meta property=\"og:type\" content=\"article\" \/>\n<meta property=\"og:title\" content=\"Kabel UGREEN US370 USB-C-USB-B 2.0 2m (czarny) - IRONSKY.PL Sklep z Dronami\" \/>\n<meta property=\"og:description\" content=\"Kabel UGREEN US370 USB-C-USB-B 2.0 2m (czarny) - \u2705 sklep z dronami i fachowym doradztwem. \u2705 Tutaj kupisz produkty DJI, Yuneec, Parrot, Syma i wiele innych, a tak\u017ce kursy i licencje na operatora drona.\" \/>\n<meta property=\"og:url\" content=\"https:\/\/ironsky.pl\/sklep\/produkt\/kabel-ugreen-us370-usb-c-usb-b-2-0-2m-czarny\/\" \/>\n<meta property=\"og:site_name\" content=\"IRONSKY.PL Sklep z Dronami\" \/>\n<meta property=\"article:modified_time\" content=\"2026-04-15T08:43:48+00:00\" \/>\n<meta property=\"og:image\" content=\"https:\/\/ironsky.pl\/sklep\/wp-content\/uploads\/2025\/06\/45067_1.jpg\" \/>\n\t<meta property=\"og:image:width\" content=\"800\" \/>\n\t<meta property=\"og:image:height\" content=\"800\" \/>\n\t<meta property=\"og:image:type\" content=\"image\/jpeg\" \/>\n<meta name=\"twitter:card\" content=\"summary_large_image\" \/>\n<meta name=\"twitter:label1\" content=\"Szacowany czas czytania\" \/>\n\t<meta name=\"twitter:data1\" content=\"2 minuty\" \/>\n<script type=\"application\/ld+json\" class=\"yoast-schema-graph\">{\"@context\":\"https:\/\/schema.org\",\"@graph\":[{\"@type\":\"WebPage\",\"@id\":\"https:\/\/ironsky.pl\/sklep\/produkt\/kabel-ugreen-us370-usb-c-usb-b-2-0-2m-czarny\/\",\"url\":\"https:\/\/ironsky.pl\/sklep\/produkt\/kabel-ugreen-us370-usb-c-usb-b-2-0-2m-czarny\/\",\"name\":\"Kabel UGREEN US370 USB-C-USB-B 2.0 2m (czarny) - IRONSKY.PL Sklep z Dronami\",\"isPartOf\":{\"@id\":\"https:\/\/ironsky.pl\/sklep\/#website\"},\"primaryImageOfPage\":{\"@id\":\"https:\/\/ironsky.pl\/sklep\/produkt\/kabel-ugreen-us370-usb-c-usb-b-2-0-2m-czarny\/#primaryimage\"},\"image\":{\"@id\":\"https:\/\/ironsky.pl\/sklep\/produkt\/kabel-ugreen-us370-usb-c-usb-b-2-0-2m-czarny\/#primaryimage\"},\"thumbnailUrl\":\"https:\/\/ironsky.pl\/sklep\/wp-content\/uploads\/2025\/06\/45067_1.jpg\",\"datePublished\":\"2026-04-15T08:43:34+00:00\",\"dateModified\":\"2026-04-15T08:43:48+00:00\",\"description\":\"Kabel UGREEN US370 USB-C-USB-B 2.0 2m (czarny) - \u2705 sklep z dronami i fachowym doradztwem. \u2705 Tutaj kupisz produkty DJI, Yuneec, Parrot, Syma i wiele innych, a tak\u017ce kursy i licencje na operatora drona.\",\"breadcrumb\":{\"@id\":\"https:\/\/ironsky.pl\/sklep\/produkt\/kabel-ugreen-us370-usb-c-usb-b-2-0-2m-czarny\/#breadcrumb\"},\"inLanguage\":\"pl-PL\",\"potentialAction\":[{\"@type\":\"ReadAction\",\"target\":[\"https:\/\/ironsky.pl\/sklep\/produkt\/kabel-ugreen-us370-usb-c-usb-b-2-0-2m-czarny\/\"]}]},{\"@type\":\"ImageObject\",\"inLanguage\":\"pl-PL\",\"@id\":\"https:\/\/ironsky.pl\/sklep\/produkt\/kabel-ugreen-us370-usb-c-usb-b-2-0-2m-czarny\/#primaryimage\",\"url\":\"https:\/\/ironsky.pl\/sklep\/wp-content\/uploads\/2025\/06\/45067_1.jpg\",\"contentUrl\":\"https:\/\/ironsky.pl\/sklep\/wp-content\/uploads\/2025\/06\/45067_1.jpg\",\"width\":800,\"height\":800},{\"@type\":\"BreadcrumbList\",\"@id\":\"https:\/\/ironsky.pl\/sklep\/produkt\/kabel-ugreen-us370-usb-c-usb-b-2-0-2m-czarny\/#breadcrumb\",\"itemListElement\":[{\"@type\":\"ListItem\",\"position\":1,\"name\":\"Strona g\u0142\u00f3wna\",\"item\":\"https:\/\/ironsky.pl\/sklep\/\"},{\"@type\":\"ListItem\",\"position\":2,\"name\":\"Wszystkie produkty\",\"item\":\"https:\/\/ironsky.pl\/sklep\/produkty\/\"},{\"@type\":\"ListItem\",\"position\":3,\"name\":\"Kabel UGREEN US370 USB-C-USB-B 2.0 2m (czarny)\"}]},{\"@type\":\"WebSite\",\"@id\":\"https:\/\/ironsky.pl\/sklep\/#website\",\"url\":\"https:\/\/ironsky.pl\/sklep\/\",\"name\":\"IRONSKY.PL Sklep z Dronami\",\"description\":\"IRONSKY.PL Sklep z Dronami\",\"potentialAction\":[{\"@type\":\"SearchAction\",\"target\":{\"@type\":\"EntryPoint\",\"urlTemplate\":\"https:\/\/ironsky.pl\/sklep\/?s={search_term_string}\"},\"query-input\":{\"@type\":\"PropertyValueSpecification\",\"valueRequired\":true,\"valueName\":\"search_term_string\"}}],\"inLanguage\":\"pl-PL\"}]}<\/script>\n<!-- \/ Yoast SEO plugin. -->","yoast_head_json":{"title":"Kabel UGREEN US370 USB-C-USB-B 2.0 2m (czarny) - IRONSKY.PL Sklep z Dronami","description":"Kabel UGREEN US370 USB-C-USB-B 2.0 2m (czarny) - \u2705 sklep z dronami i fachowym doradztwem. \u2705 Tutaj kupisz produkty DJI, Yuneec, Parrot, Syma i wiele innych, a tak\u017ce kursy i licencje na operatora drona.","robots":{"index":"index","follow":"follow","max-snippet":"max-snippet:-1","max-image-preview":"max-image-preview:large","max-video-preview":"max-video-preview:-1"},"canonical":"https:\/\/ironsky.pl\/sklep\/produkt\/kabel-ugreen-us370-usb-c-usb-b-2-0-2m-czarny\/","og_locale":"pl_PL","og_type":"article","og_title":"Kabel UGREEN US370 USB-C-USB-B 2.0 2m (czarny) - IRONSKY.PL Sklep z Dronami","og_description":"Kabel UGREEN US370 USB-C-USB-B 2.0 2m (czarny) - \u2705 sklep z dronami i fachowym doradztwem. \u2705 Tutaj kupisz produkty DJI, Yuneec, Parrot, Syma i wiele innych, a tak\u017ce kursy i licencje na operatora drona.","og_url":"https:\/\/ironsky.pl\/sklep\/produkt\/kabel-ugreen-us370-usb-c-usb-b-2-0-2m-czarny\/","og_site_name":"IRONSKY.PL Sklep z Dronami","article_modified_time":"2026-04-15T08:43:48+00:00","og_image":[{"width":800,"height":800,"url":"https:\/\/ironsky.pl\/sklep\/wp-content\/uploads\/2025\/06\/45067_1.jpg","type":"image\/jpeg"}],"twitter_card":"summary_large_image","twitter_misc":{"Szacowany czas czytania":"2 minuty"},"schema":{"@context":"https:\/\/schema.org","@graph":[{"@type":"WebPage","@id":"https:\/\/ironsky.pl\/sklep\/produkt\/kabel-ugreen-us370-usb-c-usb-b-2-0-2m-czarny\/","url":"https:\/\/ironsky.pl\/sklep\/produkt\/kabel-ugreen-us370-usb-c-usb-b-2-0-2m-czarny\/","name":"Kabel UGREEN US370 USB-C-USB-B 2.0 2m (czarny) - IRONSKY.PL Sklep z Dronami","isPartOf":{"@id":"https:\/\/ironsky.pl\/sklep\/#website"},"primaryImageOfPage":{"@id":"https:\/\/ironsky.pl\/sklep\/produkt\/kabel-ugreen-us370-usb-c-usb-b-2-0-2m-czarny\/#primaryimage"},"image":{"@id":"https:\/\/ironsky.pl\/sklep\/produkt\/kabel-ugreen-us370-usb-c-usb-b-2-0-2m-czarny\/#primaryimage"},"thumbnailUrl":"https:\/\/ironsky.pl\/sklep\/wp-content\/uploads\/2025\/06\/45067_1.jpg","datePublished":"2026-04-15T08:43:34+00:00","dateModified":"2026-04-15T08:43:48+00:00","description":"Kabel UGREEN US370 USB-C-USB-B 2.0 2m (czarny) - \u2705 sklep z dronami i fachowym doradztwem. \u2705 Tutaj kupisz produkty DJI, Yuneec, Parrot, Syma i wiele innych, a tak\u017ce kursy i licencje na operatora drona.","breadcrumb":{"@id":"https:\/\/ironsky.pl\/sklep\/produkt\/kabel-ugreen-us370-usb-c-usb-b-2-0-2m-czarny\/#breadcrumb"},"inLanguage":"pl-PL","potentialAction":[{"@type":"ReadAction","target":["https:\/\/ironsky.pl\/sklep\/produkt\/kabel-ugreen-us370-usb-c-usb-b-2-0-2m-czarny\/"]}]},{"@type":"ImageObject","inLanguage":"pl-PL","@id":"https:\/\/ironsky.pl\/sklep\/produkt\/kabel-ugreen-us370-usb-c-usb-b-2-0-2m-czarny\/#primaryimage","url":"https:\/\/ironsky.pl\/sklep\/wp-content\/uploads\/2025\/06\/45067_1.jpg","contentUrl":"https:\/\/ironsky.pl\/sklep\/wp-content\/uploads\/2025\/06\/45067_1.jpg","width":800,"height":800},{"@type":"BreadcrumbList","@id":"https:\/\/ironsky.pl\/sklep\/produkt\/kabel-ugreen-us370-usb-c-usb-b-2-0-2m-czarny\/#breadcrumb","itemListElement":[{"@type":"ListItem","position":1,"name":"Strona g\u0142\u00f3wna","item":"https:\/\/ironsky.pl\/sklep\/"},{"@type":"ListItem","position":2,"name":"Wszystkie produkty","item":"https:\/\/ironsky.pl\/sklep\/produkty\/"},{"@type":"ListItem","position":3,"name":"Kabel UGREEN US370 USB-C-USB-B 2.0 2m (czarny)"}]},{"@type":"WebSite","@id":"https:\/\/ironsky.pl\/sklep\/#website","url":"https:\/\/ironsky.pl\/sklep\/","name":"IRONSKY.PL Sklep z Dronami","description":"IRONSKY.PL Sklep z Dronami","potentialAction":[{"@type":"SearchAction","target":{"@type":"EntryPoint","urlTemplate":"https:\/\/ironsky.pl\/sklep\/?s={search_term_string}"},"query-input":{"@type":"PropertyValueSpecification","valueRequired":true,"valueName":"search_term_string"}}],"inLanguage":"pl-PL"}]}},"_links":{"self":[{"href":"https:\/\/ironsky.pl\/sklep\/wp-json\/wp\/v2\/product\/59091","targetHints":{"allow":["GET"]}}],"collection":[{"href":"https:\/\/ironsky.pl\/sklep\/wp-json\/wp\/v2\/product"}],"about":[{"href":"https:\/\/ironsky.pl\/sklep\/wp-json\/wp\/v2\/types\/product"}],"replies":[{"embeddable":true,"href":"https:\/\/ironsky.pl\/sklep\/wp-json\/wp\/v2\/comments?post=59091"}],"wp:featuredmedia":[{"embeddable":true,"href":"https:\/\/ironsky.pl\/sklep\/wp-json\/wp\/v2\/media\/45487"}],"wp:attachment":[{"href":"https:\/\/ironsky.pl\/sklep\/wp-json\/wp\/v2\/media?parent=59091"}],"wp:term":[{"taxonomy":"product_brand","embeddable":true,"href":"https:\/\/ironsky.pl\/sklep\/wp-json\/wp\/v2\/product_brand?post=59091"},{"taxonomy":"product_cat","embeddable":true,"href":"https:\/\/ironsky.pl\/sklep\/wp-json\/wp\/v2\/product_cat?post=59091"},{"taxonomy":"product_tag","embeddable":true,"href":"https:\/\/ironsky.pl\/sklep\/wp-json\/wp\/v2\/product_tag?post=59091"}],"curies":[{"name":"wp","href":"https:\/\/api.w.org\/{rel}","templated":true}]}}