{"id":59086,"date":"2026-04-15T10:43:34","date_gmt":"2026-04-15T08:43:34","guid":{"rendered":"https:\/\/ironsky.pl\/sklep\/produkt\/statyw-kf-concept-k254a3bh-28l-2\/"},"modified":"2026-04-15T10:43:46","modified_gmt":"2026-04-15T08:43:46","slug":"statyw-kf-concept-k254a3bh-28l-2","status":"publish","type":"product","link":"https:\/\/ironsky.pl\/sklep\/produkt\/statyw-kf-concept-k254a3bh-28l-2\/","title":{"rendered":"Statyw K&#038;F CONCEPT K254A3+BH-28L"},"content":{"rendered":"<h3>Statyw K&amp;F Concept K254A3+BH-28L<\/h3>\n<p>Statyw K&amp;F Concept K254A3+BH-28L zosta\u0142 zaprojektowany z my\u015bl\u0105 o stabilno\u015bci i wytrzyma\u0142o\u015bci. Dzi\u0119ki konstrukcji z wytrzyma\u0142ego stopu aluminium, statyw mo\u017ce ud\u017awign\u0105\u0107 sprz\u0119t o wadze do 10 kg. Statyw wyposa\u017cono w g\u0142owic\u0119 kulow\u0105 BH-28L, kt\u00f3ra powsta\u0142a z wytrzyma\u0142ego tworzywa, ma wysoko\u015b\u0107 8 cm i \u015brednic\u0119 gwintu 2.8 cm, co zapewnia kompatybilno\u015b\u0107 z szerokim zakresem sprz\u0119tu fotograficznego.<\/p>\n<p>\n<img decoding=\"async\" src=\"https:\/\/assets.innpro.pl\/8160\/9546\/1.png\" border=\"0\" \/>\n<\/p>\n<h3>Regulowana wysoko\u015b\u0107 i kompaktowy rozmiar<\/h3>\n<p>Maksymalna wysoko\u015b\u0107 statywu wynosi 171 cm, co pozwala na wygodne fotografowanie z r\u00f3\u017cnych perspektyw. Po z\u0142o\u017ceniu jego d\u0142ugo\u015b\u0107 to zaledwie 44 cm, co czyni go \u0142atwym do przenoszenia i przechowywania. Z wag\u0105 wynosz\u0105c\u0105 1.6 kg, K254A3 jest lekki, co u\u0142atwia transport podczas sesji plenerowych.<\/p>\n<p>\n<img decoding=\"async\" src=\"https:\/\/assets.innpro.pl\/8160\/9546\/6.png\" border=\"0\" \/>\n<\/p>\n<h3>Wszechstronna g\u0142owica kulowa BH-28L<\/h3>\n<p>Statyw jest wyposa\u017cony w g\u0142owic\u0119 kulow\u0105 K&amp;F Concept BH-28L, kt\u00f3rej maksymalne obci\u0105\u017cenie si\u0119ga 10 kg. G\u0142owica ta posiada \u015brednic\u0119 gwintu 2.8 cm oraz po\u0142\u0105czenie \u215c\u201d, co zapewnia kompatybilno\u015b\u0107 z szerok\u0105 gam\u0105 sprz\u0119tu fotograficznego.\u00a0<\/p>\n<p>\n<img decoding=\"async\" src=\"https:\/\/assets.innpro.pl\/8160\/9546\/4.png\" border=\"0\" \/>\n<\/p>\n<h3>Wygoda u\u017cytkowania<\/h3>\n<p>Statyw K&amp;F Concept K254A3 z g\u0142owic\u0105 BH-28L to narz\u0119dzie niezb\u0119dne dla ka\u017cdego fotografa, kt\u00f3ry ceni sobie stabilno\u015b\u0107 i wszechstronno\u015b\u0107. Dzi\u0119ki sk\u0142adanej konstrukcji oraz mo\u017cliwo\u015bci \u0142atwego transportu statyw ten sprawdzi si\u0119 zar\u00f3wno w studio, jak i w terenie. Jest to doskona\u0142y wyb\u00f3r dla tych, kt\u00f3rzy wymagaj\u0105 wysokiej jako\u015bci wykonania i niezawodno\u015bci.<\/p>\n<p>\n<img decoding=\"async\" src=\"https:\/\/assets.innpro.pl\/8160\/9546\/3.png\" border=\"0\" \/>\n<\/p>\n<h3>W zestawie<\/h3>\n<ul class=\"list-disc pl-5\">\n<li>statyw<\/li>\n<li>\n<p style=\"text-align:justify\">g\u0142owica kulowa<\/p>\n<\/li>\n<\/ul>\n<div class=\"table-wrapper\">\n<p>\u00a0<\/p>\n<h3>Specyfikacja statywu<\/h3>\n<table>\n<tbody>\n<tr>\n<th>Producent<\/th>\n<td>K&amp;F Concept<\/td>\n<\/tr>\n<tr>\n<th>Model<\/th>\n<td>K254A3<\/td>\n<\/tr>\n<tr>\n<th>Maksymalna \u015brednica rury<\/th>\n<td>2.5 cm<\/td>\n<\/tr>\n<tr>\n<th>Maksymalna wysoko\u015b\u0107<\/th>\n<td>171 cm<\/td>\n<\/tr>\n<tr>\n<th>Wysoko\u015b\u0107 po z\u0142o\u017ceniu<\/th>\n<td>44 cm<\/td>\n<\/tr>\n<tr>\n<th>Maksymalne obci\u0105\u017cenie<\/th>\n<td>10 kg<\/td>\n<\/tr>\n<tr>\n<th>Waga<\/th>\n<td>1.6 kg<\/td>\n<\/tr>\n<\/tbody>\n<\/table>\n<p>\u00a0<\/p>\n<h3>Specyfikacja g\u0142owicy<\/h3>\n<table>\n<tbody>\n<tr>\n<th>Producent<\/th>\n<td>K&amp;F Concept<\/td>\n<\/tr>\n<tr>\n<th>Model<\/th>\n<td>BH-28L<\/td>\n<\/tr>\n<tr>\n<th>Maksymalne obci\u0105\u017cenie<\/th>\n<td>10 kg<\/td>\n<\/tr>\n<tr>\n<th>\u015arednica gwintu<\/th>\n<td>2.8 cm<\/td>\n<\/tr>\n<tr>\n<th>Waga<\/th>\n<td>0.26 kg<\/td>\n<\/tr>\n<tr>\n<th>Po\u0142\u0105czenie<\/th>\n<td>\u215c\u201d<\/td>\n<\/tr>\n<tr>\n<th>Wysoko\u015b\u0107<\/th>\n<td>8 cm<\/td>\n<\/tr>\n<tr>\n<th>Materia\u0142<\/th>\n<td>stop aluminium<\/td>\n<\/tr>\n<\/tbody>\n<\/table>\n<\/div>\n","protected":false},"excerpt":{"rendered":"<p>Statyw K&amp;F Concept K254A3+BH-28L Statyw K&amp;F Concept K254A3+BH-28L zosta\u0142 zaprojektowany z my\u015bl\u0105 o stabilno\u015bci i wytrzyma\u0142o\u015bci. Dzi\u0119ki konstrukcji z wytrzyma\u0142ego<\/p>\n","protected":false},"featured_media":59087,"comment_status":"closed","ping_status":"open","template":"","meta":{"_acf_changed":false},"product_brand":[],"product_cat":[1128,6178,6176,6190,6177,1138],"product_tag":[],"class_list":{"0":"post-59086","1":"product","2":"type-product","3":"status-publish","4":"has-post-thumbnail","6":"product_cat-foto-wideo","7":"product_cat-mocowania","8":"product_cat-selfie-stiki","9":"product_cat-statywy-mocowania","10":"product_cat-statywy-selfie-stiki","11":"product_cat-wysiegniki","12":"pa_okres-gwarancji-5754","13":"pa_producent-kf-concept","15":"first","16":"outofstock","17":"taxable","18":"shipping-taxable","19":"purchasable","20":"product-type-simple"},"acf":[],"yoast_head":"<!-- This site is optimized with the Yoast SEO plugin v27.2 - https:\/\/yoast.com\/product\/yoast-seo-wordpress\/ -->\n<title>Statyw K&amp;F CONCEPT K254A3+BH-28L - IRONSKY.PL Sklep z Dronami<\/title>\n<meta name=\"description\" content=\"Statyw K&amp;F CONCEPT K254A3+BH-28L - \u2705 sklep z dronami i fachowym doradztwem. \u2705 Tutaj kupisz produkty DJI, Yuneec, Parrot, Syma i wiele innych, a tak\u017ce kursy i licencje na operatora drona.\" \/>\n<meta name=\"robots\" content=\"index, follow, max-snippet:-1, max-image-preview:large, max-video-preview:-1\" \/>\n<link rel=\"canonical\" href=\"https:\/\/ironsky.pl\/sklep\/produkt\/statyw-kf-concept-k254a3bh-28l-2\/\" \/>\n<meta property=\"og:locale\" content=\"pl_PL\" \/>\n<meta property=\"og:type\" content=\"article\" \/>\n<meta property=\"og:title\" content=\"Statyw K&amp;F CONCEPT K254A3+BH-28L - IRONSKY.PL Sklep z Dronami\" \/>\n<meta property=\"og:description\" content=\"Statyw K&amp;F CONCEPT K254A3+BH-28L - \u2705 sklep z dronami i fachowym doradztwem. \u2705 Tutaj kupisz produkty DJI, Yuneec, Parrot, Syma i wiele innych, a tak\u017ce kursy i licencje na operatora drona.\" \/>\n<meta property=\"og:url\" content=\"https:\/\/ironsky.pl\/sklep\/produkt\/statyw-kf-concept-k254a3bh-28l-2\/\" \/>\n<meta property=\"og:site_name\" content=\"IRONSKY.PL Sklep z Dronami\" \/>\n<meta property=\"article:modified_time\" content=\"2026-04-15T08:43:46+00:00\" \/>\n<meta property=\"og:image\" content=\"https:\/\/ironsky.pl\/sklep\/wp-content\/uploads\/2026\/04\/45057_2.jpg\" \/>\n\t<meta property=\"og:image:width\" content=\"800\" \/>\n\t<meta property=\"og:image:height\" content=\"800\" \/>\n\t<meta property=\"og:image:type\" content=\"image\/jpeg\" \/>\n<meta name=\"twitter:card\" content=\"summary_large_image\" \/>\n<meta name=\"twitter:label1\" content=\"Szacowany czas czytania\" \/>\n\t<meta name=\"twitter:data1\" content=\"2 minuty\" \/>\n<script type=\"application\/ld+json\" class=\"yoast-schema-graph\">{\"@context\":\"https:\/\/schema.org\",\"@graph\":[{\"@type\":\"WebPage\",\"@id\":\"https:\/\/ironsky.pl\/sklep\/produkt\/statyw-kf-concept-k254a3bh-28l-2\/\",\"url\":\"https:\/\/ironsky.pl\/sklep\/produkt\/statyw-kf-concept-k254a3bh-28l-2\/\",\"name\":\"Statyw K&F CONCEPT K254A3+BH-28L - IRONSKY.PL Sklep z Dronami\",\"isPartOf\":{\"@id\":\"https:\/\/ironsky.pl\/sklep\/#website\"},\"primaryImageOfPage\":{\"@id\":\"https:\/\/ironsky.pl\/sklep\/produkt\/statyw-kf-concept-k254a3bh-28l-2\/#primaryimage\"},\"image\":{\"@id\":\"https:\/\/ironsky.pl\/sklep\/produkt\/statyw-kf-concept-k254a3bh-28l-2\/#primaryimage\"},\"thumbnailUrl\":\"https:\/\/ironsky.pl\/sklep\/wp-content\/uploads\/2026\/04\/45057_2.jpg\",\"datePublished\":\"2026-04-15T08:43:34+00:00\",\"dateModified\":\"2026-04-15T08:43:46+00:00\",\"description\":\"Statyw K&F CONCEPT K254A3+BH-28L - \u2705 sklep z dronami i fachowym doradztwem. \u2705 Tutaj kupisz produkty DJI, Yuneec, Parrot, Syma i wiele innych, a tak\u017ce kursy i licencje na operatora drona.\",\"breadcrumb\":{\"@id\":\"https:\/\/ironsky.pl\/sklep\/produkt\/statyw-kf-concept-k254a3bh-28l-2\/#breadcrumb\"},\"inLanguage\":\"pl-PL\",\"potentialAction\":[{\"@type\":\"ReadAction\",\"target\":[\"https:\/\/ironsky.pl\/sklep\/produkt\/statyw-kf-concept-k254a3bh-28l-2\/\"]}]},{\"@type\":\"ImageObject\",\"inLanguage\":\"pl-PL\",\"@id\":\"https:\/\/ironsky.pl\/sklep\/produkt\/statyw-kf-concept-k254a3bh-28l-2\/#primaryimage\",\"url\":\"https:\/\/ironsky.pl\/sklep\/wp-content\/uploads\/2026\/04\/45057_2.jpg\",\"contentUrl\":\"https:\/\/ironsky.pl\/sklep\/wp-content\/uploads\/2026\/04\/45057_2.jpg\",\"width\":800,\"height\":800},{\"@type\":\"BreadcrumbList\",\"@id\":\"https:\/\/ironsky.pl\/sklep\/produkt\/statyw-kf-concept-k254a3bh-28l-2\/#breadcrumb\",\"itemListElement\":[{\"@type\":\"ListItem\",\"position\":1,\"name\":\"Strona g\u0142\u00f3wna\",\"item\":\"https:\/\/ironsky.pl\/sklep\/\"},{\"@type\":\"ListItem\",\"position\":2,\"name\":\"Wszystkie produkty\",\"item\":\"https:\/\/ironsky.pl\/sklep\/produkty\/\"},{\"@type\":\"ListItem\",\"position\":3,\"name\":\"Statyw K&#038;F CONCEPT K254A3+BH-28L\"}]},{\"@type\":\"WebSite\",\"@id\":\"https:\/\/ironsky.pl\/sklep\/#website\",\"url\":\"https:\/\/ironsky.pl\/sklep\/\",\"name\":\"IRONSKY.PL Sklep z Dronami\",\"description\":\"IRONSKY.PL Sklep z Dronami\",\"potentialAction\":[{\"@type\":\"SearchAction\",\"target\":{\"@type\":\"EntryPoint\",\"urlTemplate\":\"https:\/\/ironsky.pl\/sklep\/?s={search_term_string}\"},\"query-input\":{\"@type\":\"PropertyValueSpecification\",\"valueRequired\":true,\"valueName\":\"search_term_string\"}}],\"inLanguage\":\"pl-PL\"}]}<\/script>\n<!-- \/ Yoast SEO plugin. -->","yoast_head_json":{"title":"Statyw K&F CONCEPT K254A3+BH-28L - IRONSKY.PL Sklep z Dronami","description":"Statyw K&F CONCEPT K254A3+BH-28L - \u2705 sklep z dronami i fachowym doradztwem. \u2705 Tutaj kupisz produkty DJI, Yuneec, Parrot, Syma i wiele innych, a tak\u017ce kursy i licencje na operatora drona.","robots":{"index":"index","follow":"follow","max-snippet":"max-snippet:-1","max-image-preview":"max-image-preview:large","max-video-preview":"max-video-preview:-1"},"canonical":"https:\/\/ironsky.pl\/sklep\/produkt\/statyw-kf-concept-k254a3bh-28l-2\/","og_locale":"pl_PL","og_type":"article","og_title":"Statyw K&F CONCEPT K254A3+BH-28L - IRONSKY.PL Sklep z Dronami","og_description":"Statyw K&F CONCEPT K254A3+BH-28L - \u2705 sklep z dronami i fachowym doradztwem. \u2705 Tutaj kupisz produkty DJI, Yuneec, Parrot, Syma i wiele innych, a tak\u017ce kursy i licencje na operatora drona.","og_url":"https:\/\/ironsky.pl\/sklep\/produkt\/statyw-kf-concept-k254a3bh-28l-2\/","og_site_name":"IRONSKY.PL Sklep z Dronami","article_modified_time":"2026-04-15T08:43:46+00:00","og_image":[{"width":800,"height":800,"url":"https:\/\/ironsky.pl\/sklep\/wp-content\/uploads\/2026\/04\/45057_2.jpg","type":"image\/jpeg"}],"twitter_card":"summary_large_image","twitter_misc":{"Szacowany czas czytania":"2 minuty"},"schema":{"@context":"https:\/\/schema.org","@graph":[{"@type":"WebPage","@id":"https:\/\/ironsky.pl\/sklep\/produkt\/statyw-kf-concept-k254a3bh-28l-2\/","url":"https:\/\/ironsky.pl\/sklep\/produkt\/statyw-kf-concept-k254a3bh-28l-2\/","name":"Statyw K&F CONCEPT K254A3+BH-28L - IRONSKY.PL Sklep z Dronami","isPartOf":{"@id":"https:\/\/ironsky.pl\/sklep\/#website"},"primaryImageOfPage":{"@id":"https:\/\/ironsky.pl\/sklep\/produkt\/statyw-kf-concept-k254a3bh-28l-2\/#primaryimage"},"image":{"@id":"https:\/\/ironsky.pl\/sklep\/produkt\/statyw-kf-concept-k254a3bh-28l-2\/#primaryimage"},"thumbnailUrl":"https:\/\/ironsky.pl\/sklep\/wp-content\/uploads\/2026\/04\/45057_2.jpg","datePublished":"2026-04-15T08:43:34+00:00","dateModified":"2026-04-15T08:43:46+00:00","description":"Statyw K&F CONCEPT K254A3+BH-28L - \u2705 sklep z dronami i fachowym doradztwem. \u2705 Tutaj kupisz produkty DJI, Yuneec, Parrot, Syma i wiele innych, a tak\u017ce kursy i licencje na operatora drona.","breadcrumb":{"@id":"https:\/\/ironsky.pl\/sklep\/produkt\/statyw-kf-concept-k254a3bh-28l-2\/#breadcrumb"},"inLanguage":"pl-PL","potentialAction":[{"@type":"ReadAction","target":["https:\/\/ironsky.pl\/sklep\/produkt\/statyw-kf-concept-k254a3bh-28l-2\/"]}]},{"@type":"ImageObject","inLanguage":"pl-PL","@id":"https:\/\/ironsky.pl\/sklep\/produkt\/statyw-kf-concept-k254a3bh-28l-2\/#primaryimage","url":"https:\/\/ironsky.pl\/sklep\/wp-content\/uploads\/2026\/04\/45057_2.jpg","contentUrl":"https:\/\/ironsky.pl\/sklep\/wp-content\/uploads\/2026\/04\/45057_2.jpg","width":800,"height":800},{"@type":"BreadcrumbList","@id":"https:\/\/ironsky.pl\/sklep\/produkt\/statyw-kf-concept-k254a3bh-28l-2\/#breadcrumb","itemListElement":[{"@type":"ListItem","position":1,"name":"Strona g\u0142\u00f3wna","item":"https:\/\/ironsky.pl\/sklep\/"},{"@type":"ListItem","position":2,"name":"Wszystkie produkty","item":"https:\/\/ironsky.pl\/sklep\/produkty\/"},{"@type":"ListItem","position":3,"name":"Statyw K&#038;F CONCEPT K254A3+BH-28L"}]},{"@type":"WebSite","@id":"https:\/\/ironsky.pl\/sklep\/#website","url":"https:\/\/ironsky.pl\/sklep\/","name":"IRONSKY.PL Sklep z Dronami","description":"IRONSKY.PL Sklep z Dronami","potentialAction":[{"@type":"SearchAction","target":{"@type":"EntryPoint","urlTemplate":"https:\/\/ironsky.pl\/sklep\/?s={search_term_string}"},"query-input":{"@type":"PropertyValueSpecification","valueRequired":true,"valueName":"search_term_string"}}],"inLanguage":"pl-PL"}]}},"_links":{"self":[{"href":"https:\/\/ironsky.pl\/sklep\/wp-json\/wp\/v2\/product\/59086","targetHints":{"allow":["GET"]}}],"collection":[{"href":"https:\/\/ironsky.pl\/sklep\/wp-json\/wp\/v2\/product"}],"about":[{"href":"https:\/\/ironsky.pl\/sklep\/wp-json\/wp\/v2\/types\/product"}],"replies":[{"embeddable":true,"href":"https:\/\/ironsky.pl\/sklep\/wp-json\/wp\/v2\/comments?post=59086"}],"wp:featuredmedia":[{"embeddable":true,"href":"https:\/\/ironsky.pl\/sklep\/wp-json\/wp\/v2\/media\/59087"}],"wp:attachment":[{"href":"https:\/\/ironsky.pl\/sklep\/wp-json\/wp\/v2\/media?parent=59086"}],"wp:term":[{"taxonomy":"product_brand","embeddable":true,"href":"https:\/\/ironsky.pl\/sklep\/wp-json\/wp\/v2\/product_brand?post=59086"},{"taxonomy":"product_cat","embeddable":true,"href":"https:\/\/ironsky.pl\/sklep\/wp-json\/wp\/v2\/product_cat?post=59086"},{"taxonomy":"product_tag","embeddable":true,"href":"https:\/\/ironsky.pl\/sklep\/wp-json\/wp\/v2\/product_tag?post=59086"}],"curies":[{"name":"wp","href":"https:\/\/api.w.org\/{rel}","templated":true}]}}