{"id":59079,"date":"2026-04-15T10:43:34","date_gmt":"2026-04-15T08:43:34","guid":{"rendered":"https:\/\/ironsky.pl\/sklep\/produkt\/karta-dzwiekowa-maono-ame2-czarna-2\/"},"modified":"2026-04-15T10:43:42","modified_gmt":"2026-04-15T08:43:42","slug":"karta-dzwiekowa-maono-ame2-czarna-2","status":"publish","type":"product","link":"https:\/\/ironsky.pl\/sklep\/produkt\/karta-dzwiekowa-maono-ame2-czarna-2\/","title":{"rendered":"Karta d\u017awi\u0119kowa MAONO AME2 (czarna)"},"content":{"rendered":"<h3>Karta d\u017awi\u0119kowa Maono AME2 (czarna)<\/h3>\n<p>Maono AME2 to wszechstronna i pot\u0119\u017cna karta d\u017awi\u0119kowa, kt\u00f3ra podniesie jako\u015b\u0107 Twoich transmisji i nagra\u0144 dzi\u0119ki zaawansowanym funkcjom, intuicyjnej obs\u0142udze oraz szerokiej kompatybilno\u015bci z r\u00f3\u017cnymi urz\u0105dzeniami i mikrofonami. Zapewnia \u015bwietn\u0105 jako\u015b\u0107 audio i wyr\u00f3\u017cnia si\u0119 czasem pracy do 8 godzin.<\/p>\n<p>\n<img decoding=\"async\" src=\"https:\/\/assets.innpro.pl\/7593\/8826\/1.jpg\" border=\"0\" \/>\n<\/p>\n<h3>Stworzona dla streamer\u00f3w<\/h3>\n<p>Karta d\u017awi\u0119kowa Maono AME2 to w pe\u0142ni zintegrowane studio produkcji audio dla streamer\u00f3w. \u0141\u0105czy rewolucyjne funkcje z doskona\u0142\u0105 jako\u015bci\u0105 d\u017awi\u0119ku, nieograniczon\u0105 personalizacj\u0105 i niezr\u00f3wnan\u0105 \u0142atwo\u015bci\u0105 obs\u0142ugi. Jest idealna do nagrywania podcast\u00f3w, streamingu, voice-over oraz tworzenia tre\u015bci. Cechuje si\u0119 przy tym kompatybilno\u015bci\u0105 z komputerami PC, smartfonami, tabletami i kamerami, a tak\u017ce z systemami Windows i Mac OS.<\/p>\n<p>\n<img decoding=\"async\" src=\"https:\/\/assets.innpro.pl\/7593\/8826\/3.jpg\" border=\"0\" \/>\n<\/p>\n<h3>D\u017awi\u0119k klasy premium<\/h3>\n<p>AME2 ma wbudowane wysokiej jako\u015bci przedwzmacniacze i obs\u0142uguje zasilanie phantom, zapewniaj\u0105c najlepsz\u0105 wydajno\u015b\u0107 mikrofon\u00f3w XLR. Do dyspozycji masz tak\u017ce funkcj\u0119 3-stopniowej regulacji gainu. Urz\u0105dzenie zapewnia tak\u017ce ultraniski szum do 60 dB. Idealnie sprawdza si\u0119 r\u00f3wnie\u017c w po\u0142\u0105czeniu z dynamicznymi mikrofonami, takimi jak SM7B\/SM58. Ponadto chipset 32-bitowy o wysokiej wydajno\u015bci oraz funkcja DENOISE (redukcja szum\u00f3w) gwarantuj\u0105 krystalicznie czysty d\u017awi\u0119k.<\/p>\n<p>\n<img decoding=\"async\" src=\"https:\/\/assets.innpro.pl\/7593\/8826\/2.jpg\" border=\"0\" \/>\n<\/p>\n<h3>Dostosuj d\u017awi\u0119k do swoich oczekiwa\u0144<\/h3>\n<p>Karta oferuje 6 tryb\u00f3w pog\u0142osu, umo\u017cliwiaj\u0105c dostosowanie jego g\u0142\u0119bi i czasu. Dost\u0119pne s\u0105 r\u00f3wnie\u017c 3 modyfikowalne tony (wysokie, \u015brednie i niskie), 12-stopniowy autotune oraz pokr\u0119t\u0142a do zmiany tonacji. Co wi\u0119cej, ka\u017cde wej\u015bcie mikrofonowe jest kontrolowane niezale\u017cnie. Na uwag\u0119 zas\u0142uguj\u0105 r\u00f3wnie\u017c profesjonalne funkcje takie jak sidechain, music only czy loopback.<\/p>\n<p>\n<img decoding=\"async\" src=\"https:\/\/assets.innpro.pl\/7593\/8826\/5.jpg\" border=\"0\" \/>\n<\/p>\n<h3>Szeroka kompatybilno\u015b\u0107<\/h3>\n<p>Produkt mo\u017ce zosta\u0107 pod\u0142\u0105czony do komputera lub tabletu przez USB-C, do monitora studyjnego przez MONITOR SPK, a tak\u017ce do smartfona lub innych urz\u0105dze\u0144 przez wej\u015bcie AUX-IN. Dost\u0119pne s\u0105 r\u00f3wnie\u017c wyj\u015bcia LIVE-OUTPUT1\/2, co pozwala na wygodne nagrywanie podcast\u00f3w i streamowanie. Karta doskonale pasuje te\u017c do wielu mikrofon\u00f3w XLR \u2013 zar\u00f3wno kondensatorowych, jak i dynamicznych (6,35 mmm i 3,5 mm). Uwaga: mikrofony USB-C nie s\u0105 obs\u0142ugiwane.<\/p>\n<p>\n<img decoding=\"async\" src=\"https:\/\/assets.innpro.pl\/7593\/8826\/6.jpg\" border=\"0\" \/>\n<\/p>\n<h3>W zestawie<\/h3>\n<ul class=\"list-disc pl-5\">\n<li>Karta d\u017awi\u0119kowa<\/li>\n<li>Kabel do \u0142adowania USB-A do USB-C<\/li>\n<li>Kabel audio TRRS 3,5 mm x2<\/li>\n<li>Instrukcja obs\u0142ugi<\/li>\n<\/ul>\n<div class=\"table-wrapper\">\n<p>\u00a0<\/p>\n<h3><\/h3>\n<table>\n<tbody>\n<tr>\n<th>Producent<\/th>\n<td>Maono<\/td>\n<\/tr>\n<tr>\n<th>Model<\/th>\n<td>AME2<\/td>\n<\/tr>\n<tr>\n<th>Interfejs przesy\u0142ania danych<\/th>\n<td>USB-C<\/td>\n<\/tr>\n<tr>\n<th>Pasmo przenoszenia<\/th>\n<td>20 Hz &#8211; 20 kHz<\/td>\n<\/tr>\n<tr>\n<th>THD<\/th>\n<td>&lt; 0,05% 1 kHz<\/td>\n<\/tr>\n<tr>\n<th>Moc wyj\u015bciowa s\u0142uchawek<\/th>\n<td>20 mW, 32\u03a9 (1 kHz, THD + N = 1%)<\/td>\n<\/tr>\n<tr>\n<th>Cz\u0119stotliwo\u015b\u0107 pr\u00f3bkowania<\/th>\n<td>48 kHz \/ 16 bit<\/td>\n<\/tr>\n<tr>\n<th>\u0141\u0105czno\u015b\u0107 bezprzewodowa<\/th>\n<td>Bluetooth 4.2<\/td>\n<\/tr>\n<tr>\n<th>Rodzaj akumulatora<\/th>\n<td>Litowo-polimerowy<\/td>\n<\/tr>\n<tr>\n<th>Pojemno\u015b\u0107 akumulatora<\/th>\n<td>2000 mAh<\/td>\n<\/tr>\n<tr>\n<th>Parametry \u0142adowania<\/th>\n<td>5 V \/ 1 A<\/td>\n<\/tr>\n<tr>\n<th>Czas \u0142adowania<\/th>\n<td>Ok. 3 h<\/td>\n<\/tr>\n<tr>\n<th>Czas pracy<\/th>\n<td>Ok. 8 h<\/td>\n<\/tr>\n<tr>\n<th>Wymiary<\/th>\n<td>24,5 x 15,7 x 5,5 cm<\/td>\n<\/tr>\n<\/tbody>\n<\/table>\n<\/div>\n","protected":false},"excerpt":{"rendered":"<p>Karta d\u017awi\u0119kowa Maono AME2 (czarna) Maono AME2 to wszechstronna i pot\u0119\u017cna karta d\u017awi\u0119kowa, kt\u00f3ra podniesie jako\u015b\u0107 Twoich transmisji i nagra\u0144<\/p>\n","protected":false},"featured_media":45403,"comment_status":"closed","ping_status":"open","template":"","meta":{"_acf_changed":false},"product_brand":[],"product_cat":[5929,5935],"product_tag":[],"class_list":{"0":"post-59079","1":"product","2":"type-product","3":"status-publish","4":"has-post-thumbnail","6":"product_cat-akcesoria-it","7":"product_cat-zewnetrzne-karty-dzwiekowe","8":"pa_okres-gwarancji-5754","9":"pa_producent-maono","11":"first","12":"outofstock","13":"taxable","14":"shipping-taxable","15":"purchasable","16":"product-type-simple"},"acf":[],"yoast_head":"<!-- This site is optimized with the Yoast SEO plugin v27.2 - https:\/\/yoast.com\/product\/yoast-seo-wordpress\/ -->\n<title>Karta d\u017awi\u0119kowa MAONO AME2 (czarna) - IRONSKY.PL Sklep z Dronami<\/title>\n<meta name=\"description\" content=\"Karta d\u017awi\u0119kowa MAONO AME2 (czarna) - \u2705 sklep z dronami i fachowym doradztwem. \u2705 Tutaj kupisz produkty DJI, Yuneec, Parrot, Syma i wiele innych, a tak\u017ce kursy i licencje na operatora drona.\" \/>\n<meta name=\"robots\" content=\"index, follow, max-snippet:-1, max-image-preview:large, max-video-preview:-1\" \/>\n<link rel=\"canonical\" href=\"https:\/\/ironsky.pl\/sklep\/produkt\/karta-dzwiekowa-maono-ame2-czarna-2\/\" \/>\n<meta property=\"og:locale\" content=\"pl_PL\" \/>\n<meta property=\"og:type\" content=\"article\" \/>\n<meta property=\"og:title\" content=\"Karta d\u017awi\u0119kowa MAONO AME2 (czarna) - IRONSKY.PL Sklep z Dronami\" \/>\n<meta property=\"og:description\" content=\"Karta d\u017awi\u0119kowa MAONO AME2 (czarna) - \u2705 sklep z dronami i fachowym doradztwem. \u2705 Tutaj kupisz produkty DJI, Yuneec, Parrot, Syma i wiele innych, a tak\u017ce kursy i licencje na operatora drona.\" \/>\n<meta property=\"og:url\" content=\"https:\/\/ironsky.pl\/sklep\/produkt\/karta-dzwiekowa-maono-ame2-czarna-2\/\" \/>\n<meta property=\"og:site_name\" content=\"IRONSKY.PL Sklep z Dronami\" \/>\n<meta property=\"article:modified_time\" content=\"2026-04-15T08:43:42+00:00\" \/>\n<meta property=\"og:image\" content=\"https:\/\/ironsky.pl\/sklep\/wp-content\/uploads\/2025\/06\/44717_1.jpg\" \/>\n\t<meta property=\"og:image:width\" content=\"800\" \/>\n\t<meta property=\"og:image:height\" content=\"800\" \/>\n\t<meta property=\"og:image:type\" content=\"image\/jpeg\" \/>\n<meta name=\"twitter:card\" content=\"summary_large_image\" \/>\n<meta name=\"twitter:label1\" content=\"Szacowany czas czytania\" \/>\n\t<meta name=\"twitter:data1\" content=\"2 minuty\" \/>\n<script type=\"application\/ld+json\" class=\"yoast-schema-graph\">{\"@context\":\"https:\/\/schema.org\",\"@graph\":[{\"@type\":\"WebPage\",\"@id\":\"https:\/\/ironsky.pl\/sklep\/produkt\/karta-dzwiekowa-maono-ame2-czarna-2\/\",\"url\":\"https:\/\/ironsky.pl\/sklep\/produkt\/karta-dzwiekowa-maono-ame2-czarna-2\/\",\"name\":\"Karta d\u017awi\u0119kowa MAONO AME2 (czarna) - IRONSKY.PL Sklep z Dronami\",\"isPartOf\":{\"@id\":\"https:\/\/ironsky.pl\/sklep\/#website\"},\"primaryImageOfPage\":{\"@id\":\"https:\/\/ironsky.pl\/sklep\/produkt\/karta-dzwiekowa-maono-ame2-czarna-2\/#primaryimage\"},\"image\":{\"@id\":\"https:\/\/ironsky.pl\/sklep\/produkt\/karta-dzwiekowa-maono-ame2-czarna-2\/#primaryimage\"},\"thumbnailUrl\":\"https:\/\/ironsky.pl\/sklep\/wp-content\/uploads\/2025\/06\/44717_1.jpg\",\"datePublished\":\"2026-04-15T08:43:34+00:00\",\"dateModified\":\"2026-04-15T08:43:42+00:00\",\"description\":\"Karta d\u017awi\u0119kowa MAONO AME2 (czarna) - \u2705 sklep z dronami i fachowym doradztwem. \u2705 Tutaj kupisz produkty DJI, Yuneec, Parrot, Syma i wiele innych, a tak\u017ce kursy i licencje na operatora drona.\",\"breadcrumb\":{\"@id\":\"https:\/\/ironsky.pl\/sklep\/produkt\/karta-dzwiekowa-maono-ame2-czarna-2\/#breadcrumb\"},\"inLanguage\":\"pl-PL\",\"potentialAction\":[{\"@type\":\"ReadAction\",\"target\":[\"https:\/\/ironsky.pl\/sklep\/produkt\/karta-dzwiekowa-maono-ame2-czarna-2\/\"]}]},{\"@type\":\"ImageObject\",\"inLanguage\":\"pl-PL\",\"@id\":\"https:\/\/ironsky.pl\/sklep\/produkt\/karta-dzwiekowa-maono-ame2-czarna-2\/#primaryimage\",\"url\":\"https:\/\/ironsky.pl\/sklep\/wp-content\/uploads\/2025\/06\/44717_1.jpg\",\"contentUrl\":\"https:\/\/ironsky.pl\/sklep\/wp-content\/uploads\/2025\/06\/44717_1.jpg\",\"width\":800,\"height\":800},{\"@type\":\"BreadcrumbList\",\"@id\":\"https:\/\/ironsky.pl\/sklep\/produkt\/karta-dzwiekowa-maono-ame2-czarna-2\/#breadcrumb\",\"itemListElement\":[{\"@type\":\"ListItem\",\"position\":1,\"name\":\"Strona g\u0142\u00f3wna\",\"item\":\"https:\/\/ironsky.pl\/sklep\/\"},{\"@type\":\"ListItem\",\"position\":2,\"name\":\"Wszystkie produkty\",\"item\":\"https:\/\/ironsky.pl\/sklep\/produkty\/\"},{\"@type\":\"ListItem\",\"position\":3,\"name\":\"Karta d\u017awi\u0119kowa MAONO AME2 (czarna)\"}]},{\"@type\":\"WebSite\",\"@id\":\"https:\/\/ironsky.pl\/sklep\/#website\",\"url\":\"https:\/\/ironsky.pl\/sklep\/\",\"name\":\"IRONSKY.PL Sklep z Dronami\",\"description\":\"IRONSKY.PL Sklep z Dronami\",\"potentialAction\":[{\"@type\":\"SearchAction\",\"target\":{\"@type\":\"EntryPoint\",\"urlTemplate\":\"https:\/\/ironsky.pl\/sklep\/?s={search_term_string}\"},\"query-input\":{\"@type\":\"PropertyValueSpecification\",\"valueRequired\":true,\"valueName\":\"search_term_string\"}}],\"inLanguage\":\"pl-PL\"}]}<\/script>\n<!-- \/ Yoast SEO plugin. -->","yoast_head_json":{"title":"Karta d\u017awi\u0119kowa MAONO AME2 (czarna) - IRONSKY.PL Sklep z Dronami","description":"Karta d\u017awi\u0119kowa MAONO AME2 (czarna) - \u2705 sklep z dronami i fachowym doradztwem. \u2705 Tutaj kupisz produkty DJI, Yuneec, Parrot, Syma i wiele innych, a tak\u017ce kursy i licencje na operatora drona.","robots":{"index":"index","follow":"follow","max-snippet":"max-snippet:-1","max-image-preview":"max-image-preview:large","max-video-preview":"max-video-preview:-1"},"canonical":"https:\/\/ironsky.pl\/sklep\/produkt\/karta-dzwiekowa-maono-ame2-czarna-2\/","og_locale":"pl_PL","og_type":"article","og_title":"Karta d\u017awi\u0119kowa MAONO AME2 (czarna) - IRONSKY.PL Sklep z Dronami","og_description":"Karta d\u017awi\u0119kowa MAONO AME2 (czarna) - \u2705 sklep z dronami i fachowym doradztwem. \u2705 Tutaj kupisz produkty DJI, Yuneec, Parrot, Syma i wiele innych, a tak\u017ce kursy i licencje na operatora drona.","og_url":"https:\/\/ironsky.pl\/sklep\/produkt\/karta-dzwiekowa-maono-ame2-czarna-2\/","og_site_name":"IRONSKY.PL Sklep z Dronami","article_modified_time":"2026-04-15T08:43:42+00:00","og_image":[{"width":800,"height":800,"url":"https:\/\/ironsky.pl\/sklep\/wp-content\/uploads\/2025\/06\/44717_1.jpg","type":"image\/jpeg"}],"twitter_card":"summary_large_image","twitter_misc":{"Szacowany czas czytania":"2 minuty"},"schema":{"@context":"https:\/\/schema.org","@graph":[{"@type":"WebPage","@id":"https:\/\/ironsky.pl\/sklep\/produkt\/karta-dzwiekowa-maono-ame2-czarna-2\/","url":"https:\/\/ironsky.pl\/sklep\/produkt\/karta-dzwiekowa-maono-ame2-czarna-2\/","name":"Karta d\u017awi\u0119kowa MAONO AME2 (czarna) - IRONSKY.PL Sklep z Dronami","isPartOf":{"@id":"https:\/\/ironsky.pl\/sklep\/#website"},"primaryImageOfPage":{"@id":"https:\/\/ironsky.pl\/sklep\/produkt\/karta-dzwiekowa-maono-ame2-czarna-2\/#primaryimage"},"image":{"@id":"https:\/\/ironsky.pl\/sklep\/produkt\/karta-dzwiekowa-maono-ame2-czarna-2\/#primaryimage"},"thumbnailUrl":"https:\/\/ironsky.pl\/sklep\/wp-content\/uploads\/2025\/06\/44717_1.jpg","datePublished":"2026-04-15T08:43:34+00:00","dateModified":"2026-04-15T08:43:42+00:00","description":"Karta d\u017awi\u0119kowa MAONO AME2 (czarna) - \u2705 sklep z dronami i fachowym doradztwem. \u2705 Tutaj kupisz produkty DJI, Yuneec, Parrot, Syma i wiele innych, a tak\u017ce kursy i licencje na operatora drona.","breadcrumb":{"@id":"https:\/\/ironsky.pl\/sklep\/produkt\/karta-dzwiekowa-maono-ame2-czarna-2\/#breadcrumb"},"inLanguage":"pl-PL","potentialAction":[{"@type":"ReadAction","target":["https:\/\/ironsky.pl\/sklep\/produkt\/karta-dzwiekowa-maono-ame2-czarna-2\/"]}]},{"@type":"ImageObject","inLanguage":"pl-PL","@id":"https:\/\/ironsky.pl\/sklep\/produkt\/karta-dzwiekowa-maono-ame2-czarna-2\/#primaryimage","url":"https:\/\/ironsky.pl\/sklep\/wp-content\/uploads\/2025\/06\/44717_1.jpg","contentUrl":"https:\/\/ironsky.pl\/sklep\/wp-content\/uploads\/2025\/06\/44717_1.jpg","width":800,"height":800},{"@type":"BreadcrumbList","@id":"https:\/\/ironsky.pl\/sklep\/produkt\/karta-dzwiekowa-maono-ame2-czarna-2\/#breadcrumb","itemListElement":[{"@type":"ListItem","position":1,"name":"Strona g\u0142\u00f3wna","item":"https:\/\/ironsky.pl\/sklep\/"},{"@type":"ListItem","position":2,"name":"Wszystkie produkty","item":"https:\/\/ironsky.pl\/sklep\/produkty\/"},{"@type":"ListItem","position":3,"name":"Karta d\u017awi\u0119kowa MAONO AME2 (czarna)"}]},{"@type":"WebSite","@id":"https:\/\/ironsky.pl\/sklep\/#website","url":"https:\/\/ironsky.pl\/sklep\/","name":"IRONSKY.PL Sklep z Dronami","description":"IRONSKY.PL Sklep z Dronami","potentialAction":[{"@type":"SearchAction","target":{"@type":"EntryPoint","urlTemplate":"https:\/\/ironsky.pl\/sklep\/?s={search_term_string}"},"query-input":{"@type":"PropertyValueSpecification","valueRequired":true,"valueName":"search_term_string"}}],"inLanguage":"pl-PL"}]}},"_links":{"self":[{"href":"https:\/\/ironsky.pl\/sklep\/wp-json\/wp\/v2\/product\/59079","targetHints":{"allow":["GET"]}}],"collection":[{"href":"https:\/\/ironsky.pl\/sklep\/wp-json\/wp\/v2\/product"}],"about":[{"href":"https:\/\/ironsky.pl\/sklep\/wp-json\/wp\/v2\/types\/product"}],"replies":[{"embeddable":true,"href":"https:\/\/ironsky.pl\/sklep\/wp-json\/wp\/v2\/comments?post=59079"}],"wp:featuredmedia":[{"embeddable":true,"href":"https:\/\/ironsky.pl\/sklep\/wp-json\/wp\/v2\/media\/45403"}],"wp:attachment":[{"href":"https:\/\/ironsky.pl\/sklep\/wp-json\/wp\/v2\/media?parent=59079"}],"wp:term":[{"taxonomy":"product_brand","embeddable":true,"href":"https:\/\/ironsky.pl\/sklep\/wp-json\/wp\/v2\/product_brand?post=59079"},{"taxonomy":"product_cat","embeddable":true,"href":"https:\/\/ironsky.pl\/sklep\/wp-json\/wp\/v2\/product_cat?post=59079"},{"taxonomy":"product_tag","embeddable":true,"href":"https:\/\/ironsky.pl\/sklep\/wp-json\/wp\/v2\/product_tag?post=59079"}],"curies":[{"name":"wp","href":"https:\/\/api.w.org\/{rel}","templated":true}]}}