{"id":59070,"date":"2026-04-15T10:43:34","date_gmt":"2026-04-15T08:43:34","guid":{"rendered":"https:\/\/ironsky.pl\/sklep\/produkt\/adapter-wi-fi-baseus-fastjoy-1800mbps-czarny\/"},"modified":"2026-04-15T10:43:36","modified_gmt":"2026-04-15T08:43:36","slug":"adapter-wi-fi-baseus-fastjoy-1800mbps-czarny","status":"publish","type":"product","link":"https:\/\/ironsky.pl\/sklep\/produkt\/adapter-wi-fi-baseus-fastjoy-1800mbps-czarny\/","title":{"rendered":"Adapter Wi-Fi BASEUS FastJoy 1800Mbps (czarny)"},"content":{"rendered":"<h3>Adapter WiFi Baseus FastJoy 1800Mbps (czarny)<\/h3>\n<p>Adapter WiFi Baseus FastJoy zapewnia wyj\u0105tkow\u0105 pr\u0119dko\u015b\u0107 transmisji danych, kt\u00f3ra dochodzi do 1800 Mbps. Dzi\u0119ki obs\u0142udze dw\u00f3ch pasm przenoszenia \u2013 2,4 GHz (600 Mbps) oraz 5,8 GHz (1200 Mbps), mo\u017cesz wygodnie ogl\u0105da\u0107 filmy w wysokiej jako\u015bci, gra\u0107 w gry online bez op\u00f3\u017anie\u0144 oraz korzysta\u0107 z Internetu bez zak\u0142\u00f3ce\u0144. To idealne rozwi\u0105zanie dla wymagaj\u0105cych u\u017cytkownik\u00f3w poszukuj\u0105cych niezawodnego po\u0142\u0105czenia.<\/p>\n<p>\n<img decoding=\"async\" src=\"https:\/\/assets.innpro.pl\/7829\/9082\/1.jpg\" border=\"0\" \/>\n<\/p>\n<h3>Doskona\u0142y zasi\u0119g i regulowane anteny<\/h3>\n<p>Produkt zosta\u0142 wyposa\u017cony w dwie anteny o mocy 5 dBi. W efekcie gwarantuje szeroki zasi\u0119g, dzi\u0119ki czemu mo\u017cesz cieszy\u0107 si\u0119 stabilnym Internetem w ca\u0142ym domu, nawet je\u015bli sygna\u0142 musi przej\u015b\u0107 przez kilka \u015bcian. Dodatkowo anteny s\u0105 regulowane, co pozwala na ich nachylenie pod dowolnym k\u0105tem, aby uzyska\u0107 najlepszy mo\u017cliwy sygna\u0142.<\/p>\n<p>\n<img decoding=\"async\" src=\"https:\/\/assets.innpro.pl\/7829\/9082\/6.jpg\" border=\"0\" \/>\n<\/p>\n<h3>Elastyczno\u015b\u0107 i wygoda<\/h3>\n<p>Z adapterem WiFi Baseus FastJoy masz pe\u0142n\u0105 swobod\u0119 umiejscowienia urz\u0105dzenia \u2013 d\u0142ugi, 1-metrowy kabel pozwala bez przeszk\u00f3d umie\u015bci\u0107 je w dowolnym miejscu. Ponadto niewielki pob\u00f3r mocy i niskie op\u00f3\u017anienie zapewniaj\u0105, \u017ce Twoje po\u0142\u0105czenie b\u0119dzie nie tylko szybkie, ale te\u017c energooszcz\u0119dne.<\/p>\n<p>\n<img decoding=\"async\" src=\"https:\/\/assets.innpro.pl\/7829\/9082\/4.jpg\" border=\"0\" \/>\n<\/p>\n<h3>WiFi 6 i bezpiecze\u0144stwo u\u017cytkowania<\/h3>\n<p>Baseus FastJoy jest kompatybilny ze standardem WiFi6, dzi\u0119ki czemu pozwala cieszy\u0107 si\u0119 niskim op\u00f3\u017anieniem i jeszcze szybsz\u0105 transmisj\u0105. Co wi\u0119cej, nowoczesne standardy szyfrowania, takie jak WPA-PSK, WPA2-PSK, WPA\/WPA2-PSK oraz 64\/128 WEP, zapewniaj\u0105 najwy\u017cszy poziom bezpiecze\u0144stwa i ochrony prywatno\u015bci.<\/p>\n<p>\n<img decoding=\"async\" src=\"https:\/\/assets.innpro.pl\/7829\/9082\/3.jpg\" border=\"0\" \/>\n<\/p>\n<h3>Technologia MU-MIMO, OFDMA i CCA<\/h3>\n<p>Dzi\u0119ki wsparciu dla technologii MU-MIMO adapter Baseus FastJoy pozwala na jednoczesn\u0105 transmisj\u0119 do kilku urz\u0105dze\u0144, co sprawia, \u017ce idealnie nadaje si\u0119 do dom\u00f3w i biur z wieloma u\u017cytkownikami. To jednak nie koniec \u2013 rozwi\u0105zanie OFDMA redukuje op\u00f3\u017anienia, co jest szczeg\u00f3lnie przydatne podczas intensywnych rozgrywek online, zapewniaj\u0105c p\u0142ynno\u015b\u0107 i stabilno\u015b\u0107 po\u0142\u0105czenia. Dodatkowo technologia CCA pomaga unika\u0107 zak\u0142\u00f3ce\u0144, automatycznie wybieraj\u0105c najlepszy kana\u0142 dla transmisji danych, a technologia TWT optymalizuje wydajno\u015b\u0107 sieci i zwi\u0119ksza bezpiecze\u0144stwo.<\/p>\n<p>\n<img decoding=\"async\" src=\"https:\/\/assets.innpro.pl\/7829\/9082\/2.jpg\" border=\"0\" \/>\n<\/p>\n<h3>Dwa tryby pracy<\/h3>\n<p>Baseus FastJoy mo\u017ce pe\u0142ni\u0107 rol\u0119 zar\u00f3wno odbiornika WiFi, jak i hotspota, dzi\u0119ki czemu doskonale sprawdza si\u0119 w wielu zastosowaniach. Ponadto nowoczesne chipy zapewniaj\u0105 lepsz\u0105 transmisj\u0119 sygna\u0142u, stabilne po\u0142\u0105czenie oraz niskie op\u00f3\u017anienie, co przek\u0142ada si\u0119 na p\u0142ynne korzystanie z Internetu.<\/p>\n<p>\n<img decoding=\"async\" src=\"https:\/\/assets.innpro.pl\/7829\/9082\/7.jpg\" border=\"0\" \/>\n<\/p>\n<h3>Kompatybilno\u015b\u0107 i stylowy design<\/h3>\n<p>Adapter WiFi Baseus FastJoy jest kompatybilny z systemami Windows 10 i 11, dzi\u0119ki czemu idealnie nadaje si\u0119 do pracy, rozgrywki i nie tylko. Co wi\u0119cej, elegancki design sprawia, \u017ce urz\u0105dzenie doskonale komponuje si\u0119 z ka\u017cdym wn\u0119trzem, a niebieski wska\u017anik \u015bwietlny dostarcza informacji o statusie jego pracy.<\/p>\n<p>\n<img decoding=\"async\" src=\"https:\/\/assets.innpro.pl\/7829\/9082\/5.jpg\" border=\"0\" \/>\n<\/p>\n<div class=\"table-wrapper\">\n<p>\u00a0<\/p>\n<h3><\/h3>\n<table>\n<tbody>\n<tr>\n<th>Producent<\/th>\n<td>Baseus<\/td>\n<\/tr>\n<tr>\n<th>Nazwa<\/th>\n<td>FastJoy WiFi Adapter 1800Mbps (External Antenna)<\/td>\n<\/tr>\n<tr>\n<th>Model<\/th>\n<td>B01317600111-06<\/td>\n<\/tr>\n<tr>\n<th>Kolor<\/th>\n<td>Czarny<\/td>\n<\/tr>\n<tr>\n<th>Materia\u0142<\/th>\n<td>PC + ABS<\/td>\n<\/tr>\n<tr>\n<th>Waga<\/th>\n<td>Ok. 100 g<\/td>\n<\/tr>\n<tr>\n<th>Robocze pasma przenoszenia<\/th>\n<td>2,4 GHz i 5,8 GHz<\/td>\n<\/tr>\n<tr>\n<th>Pr\u0119dko\u015b\u0107 transmisji<\/th>\n<td>2,4 GHz: 600 Mbps; 5,8 GHz: 1200 Mbps;<\/td>\n<\/tr>\n<tr>\n<th>Standardy \u0142\u0105czno\u015bci bezprzewodowej<\/th>\n<td>IEEE 802.11 b\/g\/n, IEEE 802.11 a\/ac<\/td>\n<\/tr>\n<tr>\n<th>Standardy szyfrowania<\/th>\n<td>WPA-PSK, WPA2-PSK, WPA\/WPA2-PSK, 64\/128 WEP<\/td>\n<\/tr>\n<tr>\n<th>Tryb pracy<\/th>\n<td>NIC oraz hotspot<\/td>\n<\/tr>\n<tr>\n<th>Kompatybilne systemy operacyjne<\/th>\n<td>Windows 10 \/ 11<\/td>\n<\/tr>\n<\/tbody>\n<\/table>\n<\/div>\n","protected":false},"excerpt":{"rendered":"<p>Adapter WiFi Baseus FastJoy 1800Mbps (czarny) Adapter WiFi Baseus FastJoy zapewnia wyj\u0105tkow\u0105 pr\u0119dko\u015b\u0107 transmisji danych, kt\u00f3ra dochodzi do 1800 Mbps.<\/p>\n","protected":false},"featured_media":45350,"comment_status":"closed","ping_status":"open","template":"","meta":{"_acf_changed":false},"product_brand":[],"product_cat":[5930,5929],"product_tag":[],"class_list":{"0":"post-59070","1":"product","2":"type-product","3":"status-publish","4":"has-post-thumbnail","6":"product_cat-adaptery-przejsciowki-konwertery","7":"product_cat-akcesoria-it","8":"pa_okres-gwarancji-5754","9":"pa_producent-baseus","11":"first","12":"outofstock","13":"taxable","14":"shipping-taxable","15":"purchasable","16":"product-type-simple"},"acf":[],"yoast_head":"<!-- This site is optimized with the Yoast SEO plugin v27.2 - https:\/\/yoast.com\/product\/yoast-seo-wordpress\/ -->\n<title>Adapter Wi-Fi BASEUS FastJoy 1800Mbps (czarny) - IRONSKY.PL Sklep z Dronami<\/title>\n<meta name=\"description\" content=\"Adapter Wi-Fi BASEUS FastJoy 1800Mbps (czarny) - \u2705 sklep z dronami i fachowym doradztwem. \u2705 Tutaj kupisz produkty DJI, Yuneec, Parrot, Syma i wiele innych, a tak\u017ce kursy i licencje na operatora drona.\" \/>\n<meta name=\"robots\" content=\"index, follow, max-snippet:-1, max-image-preview:large, max-video-preview:-1\" \/>\n<link rel=\"canonical\" href=\"https:\/\/ironsky.pl\/sklep\/produkt\/adapter-wi-fi-baseus-fastjoy-1800mbps-czarny\/\" \/>\n<meta property=\"og:locale\" content=\"pl_PL\" \/>\n<meta property=\"og:type\" content=\"article\" \/>\n<meta property=\"og:title\" content=\"Adapter Wi-Fi BASEUS FastJoy 1800Mbps (czarny) - IRONSKY.PL Sklep z Dronami\" \/>\n<meta property=\"og:description\" content=\"Adapter Wi-Fi BASEUS FastJoy 1800Mbps (czarny) - \u2705 sklep z dronami i fachowym doradztwem. \u2705 Tutaj kupisz produkty DJI, Yuneec, Parrot, Syma i wiele innych, a tak\u017ce kursy i licencje na operatora drona.\" \/>\n<meta property=\"og:url\" content=\"https:\/\/ironsky.pl\/sklep\/produkt\/adapter-wi-fi-baseus-fastjoy-1800mbps-czarny\/\" \/>\n<meta property=\"og:site_name\" content=\"IRONSKY.PL Sklep z Dronami\" \/>\n<meta property=\"article:modified_time\" content=\"2026-04-15T08:43:36+00:00\" \/>\n<meta property=\"og:image\" content=\"https:\/\/ironsky.pl\/sklep\/wp-content\/uploads\/2025\/06\/44547_9.jpg\" \/>\n\t<meta property=\"og:image:width\" content=\"800\" \/>\n\t<meta property=\"og:image:height\" content=\"800\" \/>\n\t<meta property=\"og:image:type\" content=\"image\/jpeg\" \/>\n<meta name=\"twitter:card\" content=\"summary_large_image\" \/>\n<meta name=\"twitter:label1\" content=\"Szacowany czas czytania\" \/>\n\t<meta name=\"twitter:data1\" content=\"2 minuty\" \/>\n<script type=\"application\/ld+json\" class=\"yoast-schema-graph\">{\"@context\":\"https:\/\/schema.org\",\"@graph\":[{\"@type\":\"WebPage\",\"@id\":\"https:\/\/ironsky.pl\/sklep\/produkt\/adapter-wi-fi-baseus-fastjoy-1800mbps-czarny\/\",\"url\":\"https:\/\/ironsky.pl\/sklep\/produkt\/adapter-wi-fi-baseus-fastjoy-1800mbps-czarny\/\",\"name\":\"Adapter Wi-Fi BASEUS FastJoy 1800Mbps (czarny) - IRONSKY.PL Sklep z Dronami\",\"isPartOf\":{\"@id\":\"https:\/\/ironsky.pl\/sklep\/#website\"},\"primaryImageOfPage\":{\"@id\":\"https:\/\/ironsky.pl\/sklep\/produkt\/adapter-wi-fi-baseus-fastjoy-1800mbps-czarny\/#primaryimage\"},\"image\":{\"@id\":\"https:\/\/ironsky.pl\/sklep\/produkt\/adapter-wi-fi-baseus-fastjoy-1800mbps-czarny\/#primaryimage\"},\"thumbnailUrl\":\"https:\/\/ironsky.pl\/sklep\/wp-content\/uploads\/2025\/06\/44547_9.jpg\",\"datePublished\":\"2026-04-15T08:43:34+00:00\",\"dateModified\":\"2026-04-15T08:43:36+00:00\",\"description\":\"Adapter Wi-Fi BASEUS FastJoy 1800Mbps (czarny) - \u2705 sklep z dronami i fachowym doradztwem. \u2705 Tutaj kupisz produkty DJI, Yuneec, Parrot, Syma i wiele innych, a tak\u017ce kursy i licencje na operatora drona.\",\"breadcrumb\":{\"@id\":\"https:\/\/ironsky.pl\/sklep\/produkt\/adapter-wi-fi-baseus-fastjoy-1800mbps-czarny\/#breadcrumb\"},\"inLanguage\":\"pl-PL\",\"potentialAction\":[{\"@type\":\"ReadAction\",\"target\":[\"https:\/\/ironsky.pl\/sklep\/produkt\/adapter-wi-fi-baseus-fastjoy-1800mbps-czarny\/\"]}]},{\"@type\":\"ImageObject\",\"inLanguage\":\"pl-PL\",\"@id\":\"https:\/\/ironsky.pl\/sklep\/produkt\/adapter-wi-fi-baseus-fastjoy-1800mbps-czarny\/#primaryimage\",\"url\":\"https:\/\/ironsky.pl\/sklep\/wp-content\/uploads\/2025\/06\/44547_9.jpg\",\"contentUrl\":\"https:\/\/ironsky.pl\/sklep\/wp-content\/uploads\/2025\/06\/44547_9.jpg\",\"width\":800,\"height\":800},{\"@type\":\"BreadcrumbList\",\"@id\":\"https:\/\/ironsky.pl\/sklep\/produkt\/adapter-wi-fi-baseus-fastjoy-1800mbps-czarny\/#breadcrumb\",\"itemListElement\":[{\"@type\":\"ListItem\",\"position\":1,\"name\":\"Strona g\u0142\u00f3wna\",\"item\":\"https:\/\/ironsky.pl\/sklep\/\"},{\"@type\":\"ListItem\",\"position\":2,\"name\":\"Wszystkie produkty\",\"item\":\"https:\/\/ironsky.pl\/sklep\/produkty\/\"},{\"@type\":\"ListItem\",\"position\":3,\"name\":\"Adapter Wi-Fi BASEUS FastJoy 1800Mbps (czarny)\"}]},{\"@type\":\"WebSite\",\"@id\":\"https:\/\/ironsky.pl\/sklep\/#website\",\"url\":\"https:\/\/ironsky.pl\/sklep\/\",\"name\":\"IRONSKY.PL Sklep z Dronami\",\"description\":\"IRONSKY.PL Sklep z Dronami\",\"potentialAction\":[{\"@type\":\"SearchAction\",\"target\":{\"@type\":\"EntryPoint\",\"urlTemplate\":\"https:\/\/ironsky.pl\/sklep\/?s={search_term_string}\"},\"query-input\":{\"@type\":\"PropertyValueSpecification\",\"valueRequired\":true,\"valueName\":\"search_term_string\"}}],\"inLanguage\":\"pl-PL\"}]}<\/script>\n<!-- \/ Yoast SEO plugin. -->","yoast_head_json":{"title":"Adapter Wi-Fi BASEUS FastJoy 1800Mbps (czarny) - IRONSKY.PL Sklep z Dronami","description":"Adapter Wi-Fi BASEUS FastJoy 1800Mbps (czarny) - \u2705 sklep z dronami i fachowym doradztwem. \u2705 Tutaj kupisz produkty DJI, Yuneec, Parrot, Syma i wiele innych, a tak\u017ce kursy i licencje na operatora drona.","robots":{"index":"index","follow":"follow","max-snippet":"max-snippet:-1","max-image-preview":"max-image-preview:large","max-video-preview":"max-video-preview:-1"},"canonical":"https:\/\/ironsky.pl\/sklep\/produkt\/adapter-wi-fi-baseus-fastjoy-1800mbps-czarny\/","og_locale":"pl_PL","og_type":"article","og_title":"Adapter Wi-Fi BASEUS FastJoy 1800Mbps (czarny) - IRONSKY.PL Sklep z Dronami","og_description":"Adapter Wi-Fi BASEUS FastJoy 1800Mbps (czarny) - \u2705 sklep z dronami i fachowym doradztwem. \u2705 Tutaj kupisz produkty DJI, Yuneec, Parrot, Syma i wiele innych, a tak\u017ce kursy i licencje na operatora drona.","og_url":"https:\/\/ironsky.pl\/sklep\/produkt\/adapter-wi-fi-baseus-fastjoy-1800mbps-czarny\/","og_site_name":"IRONSKY.PL Sklep z Dronami","article_modified_time":"2026-04-15T08:43:36+00:00","og_image":[{"width":800,"height":800,"url":"https:\/\/ironsky.pl\/sklep\/wp-content\/uploads\/2025\/06\/44547_9.jpg","type":"image\/jpeg"}],"twitter_card":"summary_large_image","twitter_misc":{"Szacowany czas czytania":"2 minuty"},"schema":{"@context":"https:\/\/schema.org","@graph":[{"@type":"WebPage","@id":"https:\/\/ironsky.pl\/sklep\/produkt\/adapter-wi-fi-baseus-fastjoy-1800mbps-czarny\/","url":"https:\/\/ironsky.pl\/sklep\/produkt\/adapter-wi-fi-baseus-fastjoy-1800mbps-czarny\/","name":"Adapter Wi-Fi BASEUS FastJoy 1800Mbps (czarny) - IRONSKY.PL Sklep z Dronami","isPartOf":{"@id":"https:\/\/ironsky.pl\/sklep\/#website"},"primaryImageOfPage":{"@id":"https:\/\/ironsky.pl\/sklep\/produkt\/adapter-wi-fi-baseus-fastjoy-1800mbps-czarny\/#primaryimage"},"image":{"@id":"https:\/\/ironsky.pl\/sklep\/produkt\/adapter-wi-fi-baseus-fastjoy-1800mbps-czarny\/#primaryimage"},"thumbnailUrl":"https:\/\/ironsky.pl\/sklep\/wp-content\/uploads\/2025\/06\/44547_9.jpg","datePublished":"2026-04-15T08:43:34+00:00","dateModified":"2026-04-15T08:43:36+00:00","description":"Adapter Wi-Fi BASEUS FastJoy 1800Mbps (czarny) - \u2705 sklep z dronami i fachowym doradztwem. \u2705 Tutaj kupisz produkty DJI, Yuneec, Parrot, Syma i wiele innych, a tak\u017ce kursy i licencje na operatora drona.","breadcrumb":{"@id":"https:\/\/ironsky.pl\/sklep\/produkt\/adapter-wi-fi-baseus-fastjoy-1800mbps-czarny\/#breadcrumb"},"inLanguage":"pl-PL","potentialAction":[{"@type":"ReadAction","target":["https:\/\/ironsky.pl\/sklep\/produkt\/adapter-wi-fi-baseus-fastjoy-1800mbps-czarny\/"]}]},{"@type":"ImageObject","inLanguage":"pl-PL","@id":"https:\/\/ironsky.pl\/sklep\/produkt\/adapter-wi-fi-baseus-fastjoy-1800mbps-czarny\/#primaryimage","url":"https:\/\/ironsky.pl\/sklep\/wp-content\/uploads\/2025\/06\/44547_9.jpg","contentUrl":"https:\/\/ironsky.pl\/sklep\/wp-content\/uploads\/2025\/06\/44547_9.jpg","width":800,"height":800},{"@type":"BreadcrumbList","@id":"https:\/\/ironsky.pl\/sklep\/produkt\/adapter-wi-fi-baseus-fastjoy-1800mbps-czarny\/#breadcrumb","itemListElement":[{"@type":"ListItem","position":1,"name":"Strona g\u0142\u00f3wna","item":"https:\/\/ironsky.pl\/sklep\/"},{"@type":"ListItem","position":2,"name":"Wszystkie produkty","item":"https:\/\/ironsky.pl\/sklep\/produkty\/"},{"@type":"ListItem","position":3,"name":"Adapter Wi-Fi BASEUS FastJoy 1800Mbps (czarny)"}]},{"@type":"WebSite","@id":"https:\/\/ironsky.pl\/sklep\/#website","url":"https:\/\/ironsky.pl\/sklep\/","name":"IRONSKY.PL Sklep z Dronami","description":"IRONSKY.PL Sklep z Dronami","potentialAction":[{"@type":"SearchAction","target":{"@type":"EntryPoint","urlTemplate":"https:\/\/ironsky.pl\/sklep\/?s={search_term_string}"},"query-input":{"@type":"PropertyValueSpecification","valueRequired":true,"valueName":"search_term_string"}}],"inLanguage":"pl-PL"}]}},"_links":{"self":[{"href":"https:\/\/ironsky.pl\/sklep\/wp-json\/wp\/v2\/product\/59070","targetHints":{"allow":["GET"]}}],"collection":[{"href":"https:\/\/ironsky.pl\/sklep\/wp-json\/wp\/v2\/product"}],"about":[{"href":"https:\/\/ironsky.pl\/sklep\/wp-json\/wp\/v2\/types\/product"}],"replies":[{"embeddable":true,"href":"https:\/\/ironsky.pl\/sklep\/wp-json\/wp\/v2\/comments?post=59070"}],"wp:featuredmedia":[{"embeddable":true,"href":"https:\/\/ironsky.pl\/sklep\/wp-json\/wp\/v2\/media\/45350"}],"wp:attachment":[{"href":"https:\/\/ironsky.pl\/sklep\/wp-json\/wp\/v2\/media?parent=59070"}],"wp:term":[{"taxonomy":"product_brand","embeddable":true,"href":"https:\/\/ironsky.pl\/sklep\/wp-json\/wp\/v2\/product_brand?post=59070"},{"taxonomy":"product_cat","embeddable":true,"href":"https:\/\/ironsky.pl\/sklep\/wp-json\/wp\/v2\/product_cat?post=59070"},{"taxonomy":"product_tag","embeddable":true,"href":"https:\/\/ironsky.pl\/sklep\/wp-json\/wp\/v2\/product_tag?post=59070"}],"curies":[{"name":"wp","href":"https:\/\/api.w.org\/{rel}","templated":true}]}}