{"id":59067,"date":"2026-04-15T10:43:12","date_gmt":"2026-04-15T08:43:12","guid":{"rendered":"https:\/\/ironsky.pl\/sklep\/produkt\/obudowa-wodoodporna-sunnylife-dji-osmo-action-3-5-pro-40m\/"},"modified":"2026-04-15T10:43:33","modified_gmt":"2026-04-15T08:43:33","slug":"obudowa-wodoodporna-sunnylife-dji-osmo-action-3-5-pro-40m","status":"publish","type":"product","link":"https:\/\/ironsky.pl\/sklep\/produkt\/obudowa-wodoodporna-sunnylife-dji-osmo-action-3-5-pro-40m\/","title":{"rendered":"Obudowa wodoodporna SUNNYLIFE DJI Osmo Action 3-5 Pro 40m"},"content":{"rendered":"<h3>Wodoodporna obudowa Sunnylife do DJI Osmo Action 4\/ 3<\/h3>\n<p>Wodoodporna obudowa Sunnylife OA3-FS519 to niezast\u0105pione akcesorium dla entuzjast\u00f3w nurkowania i podwodnej fotografii. Dzi\u0119ki swojej solidnej konstrukcji pozwala na bezpieczne zanurzenie kamery na g\u0142\u0119boko\u015b\u0107 do 40 metr\u00f3w, zapewniaj\u0105c szczelne zamkni\u0119cie i ochron\u0119 przed wod\u0105.<\/p>\n<p>\n<img decoding=\"async\" src=\"https:\/\/assets.innpro.pl\/7577\/8803\/4.jpg\" border=\"0\" \/>\n<\/p>\n<h3>Wytrzyma\u0142o\u015b\u0107 i ochrona<\/h3>\n<p>Ta wykonana z trwa\u0142ego tworzywa PC, stali nierdzewnej oraz szk\u0142a hartowanego obudowa skutecznie chroni kamer\u0119 przed wstrz\u0105sami, zarysowaniami i innymi uszkodzeniami. Jest odporna na korozj\u0119, co gwarantuje d\u0142ugotrwa\u0142\u0105 wytrzyma\u0142o\u015b\u0107 nawet w najbardziej wymagaj\u0105cych warunkach. Jest przy tym bardzo prosta w instalacji i ma adaptery typu zimna stopka, kt\u00f3re umo\u017cliwiaj\u0105 \u0142atwe i szybkie zamocowanie dodatkowych akcesori\u00f3w.<\/p>\n<p>\n<img decoding=\"async\" src=\"https:\/\/assets.innpro.pl\/7577\/8803\/2.jpg\" border=\"0\" \/>\n<\/p>\n<div class=\"table-wrapper\">\n<p>\u00a0<\/p>\n<h3><\/h3>\n<table>\n<tbody>\n<tr>\n<th>Producent<\/th>\n<td>Sunnylife<\/td>\n<\/tr>\n<tr>\n<th>Nazwa<\/th>\n<td>Waterproof Case for Osmo Action 3<\/td>\n<\/tr>\n<tr>\n<th>Model<\/th>\n<td>OA3-FS519<\/td>\n<\/tr>\n<tr>\n<th>Materia\u0142<\/th>\n<td>PC + stal nierdzewna + szk\u0142o hartowane<\/td>\n<\/tr>\n<tr>\n<th>Waga<\/th>\n<td>71 g<\/td>\n<\/tr>\n<tr>\n<th>Kompatybilno\u015b\u0107<\/th>\n<td>DJI Osmo Action 3<\/td>\n<\/tr>\n<\/tbody>\n<\/table>\n<\/div>\n","protected":false},"excerpt":{"rendered":"<p>Wodoodporna obudowa Sunnylife do DJI Osmo Action 4\/ 3 Wodoodporna obudowa Sunnylife OA3-FS519 to niezast\u0105pione akcesorium dla entuzjast\u00f3w nurkowania i<\/p>\n","protected":false},"featured_media":59068,"comment_status":"closed","ping_status":"open","template":"","meta":{"_acf_changed":false},"product_brand":[],"product_cat":[1130,1137,1128],"product_tag":[],"class_list":{"0":"post-59067","1":"product","2":"type-product","3":"status-publish","4":"has-post-thumbnail","6":"product_cat-akcesoria-foto","7":"product_cat-do-kamer-sportowych","8":"product_cat-foto-wideo","9":"pa_okres-gwarancji-5754","10":"pa_producent-sunnylife","12":"first","13":"outofstock","14":"taxable","15":"shipping-taxable","16":"purchasable","17":"product-type-simple"},"acf":[],"yoast_head":"<!-- This site is optimized with the Yoast SEO plugin v27.2 - https:\/\/yoast.com\/product\/yoast-seo-wordpress\/ -->\n<title>Obudowa wodoodporna SUNNYLIFE DJI Osmo Action 3-5 Pro 40m - IRONSKY.PL Sklep z Dronami<\/title>\n<meta name=\"description\" content=\"Obudowa wodoodporna SUNNYLIFE DJI Osmo Action 3-5 Pro 40m - \u2705 sklep z dronami i fachowym doradztwem. \u2705 Tutaj kupisz produkty DJI, Yuneec, Parrot, Syma i wiele innych, a tak\u017ce kursy i licencje na operatora drona.\" \/>\n<meta name=\"robots\" content=\"index, follow, max-snippet:-1, max-image-preview:large, max-video-preview:-1\" \/>\n<link rel=\"canonical\" href=\"https:\/\/ironsky.pl\/sklep\/produkt\/obudowa-wodoodporna-sunnylife-dji-osmo-action-3-5-pro-40m\/\" \/>\n<meta property=\"og:locale\" content=\"pl_PL\" \/>\n<meta property=\"og:type\" content=\"article\" \/>\n<meta property=\"og:title\" content=\"Obudowa wodoodporna SUNNYLIFE DJI Osmo Action 3-5 Pro 40m - IRONSKY.PL Sklep z Dronami\" \/>\n<meta property=\"og:description\" content=\"Obudowa wodoodporna SUNNYLIFE DJI Osmo Action 3-5 Pro 40m - \u2705 sklep z dronami i fachowym doradztwem. \u2705 Tutaj kupisz produkty DJI, Yuneec, Parrot, Syma i wiele innych, a tak\u017ce kursy i licencje na operatora drona.\" \/>\n<meta property=\"og:url\" content=\"https:\/\/ironsky.pl\/sklep\/produkt\/obudowa-wodoodporna-sunnylife-dji-osmo-action-3-5-pro-40m\/\" \/>\n<meta property=\"og:site_name\" content=\"IRONSKY.PL Sklep z Dronami\" \/>\n<meta property=\"article:modified_time\" content=\"2026-04-15T08:43:33+00:00\" \/>\n<meta property=\"og:image\" content=\"https:\/\/ironsky.pl\/sklep\/wp-content\/uploads\/2026\/04\/44521_1.webp\" \/>\n\t<meta property=\"og:image:width\" content=\"800\" \/>\n\t<meta property=\"og:image:height\" content=\"800\" \/>\n\t<meta property=\"og:image:type\" content=\"image\/webp\" \/>\n<meta name=\"twitter:card\" content=\"summary_large_image\" \/>\n<meta name=\"twitter:label1\" content=\"Szacowany czas czytania\" \/>\n\t<meta name=\"twitter:data1\" content=\"1 minuta\" \/>\n<script type=\"application\/ld+json\" class=\"yoast-schema-graph\">{\"@context\":\"https:\/\/schema.org\",\"@graph\":[{\"@type\":\"WebPage\",\"@id\":\"https:\/\/ironsky.pl\/sklep\/produkt\/obudowa-wodoodporna-sunnylife-dji-osmo-action-3-5-pro-40m\/\",\"url\":\"https:\/\/ironsky.pl\/sklep\/produkt\/obudowa-wodoodporna-sunnylife-dji-osmo-action-3-5-pro-40m\/\",\"name\":\"Obudowa wodoodporna SUNNYLIFE DJI Osmo Action 3-5 Pro 40m - IRONSKY.PL Sklep z Dronami\",\"isPartOf\":{\"@id\":\"https:\/\/ironsky.pl\/sklep\/#website\"},\"primaryImageOfPage\":{\"@id\":\"https:\/\/ironsky.pl\/sklep\/produkt\/obudowa-wodoodporna-sunnylife-dji-osmo-action-3-5-pro-40m\/#primaryimage\"},\"image\":{\"@id\":\"https:\/\/ironsky.pl\/sklep\/produkt\/obudowa-wodoodporna-sunnylife-dji-osmo-action-3-5-pro-40m\/#primaryimage\"},\"thumbnailUrl\":\"https:\/\/ironsky.pl\/sklep\/wp-content\/uploads\/2026\/04\/44521_1.webp\",\"datePublished\":\"2026-04-15T08:43:12+00:00\",\"dateModified\":\"2026-04-15T08:43:33+00:00\",\"description\":\"Obudowa wodoodporna SUNNYLIFE DJI Osmo Action 3-5 Pro 40m - \u2705 sklep z dronami i fachowym doradztwem. \u2705 Tutaj kupisz produkty DJI, Yuneec, Parrot, Syma i wiele innych, a tak\u017ce kursy i licencje na operatora drona.\",\"breadcrumb\":{\"@id\":\"https:\/\/ironsky.pl\/sklep\/produkt\/obudowa-wodoodporna-sunnylife-dji-osmo-action-3-5-pro-40m\/#breadcrumb\"},\"inLanguage\":\"pl-PL\",\"potentialAction\":[{\"@type\":\"ReadAction\",\"target\":[\"https:\/\/ironsky.pl\/sklep\/produkt\/obudowa-wodoodporna-sunnylife-dji-osmo-action-3-5-pro-40m\/\"]}]},{\"@type\":\"ImageObject\",\"inLanguage\":\"pl-PL\",\"@id\":\"https:\/\/ironsky.pl\/sklep\/produkt\/obudowa-wodoodporna-sunnylife-dji-osmo-action-3-5-pro-40m\/#primaryimage\",\"url\":\"https:\/\/ironsky.pl\/sklep\/wp-content\/uploads\/2026\/04\/44521_1.webp\",\"contentUrl\":\"https:\/\/ironsky.pl\/sklep\/wp-content\/uploads\/2026\/04\/44521_1.webp\",\"width\":800,\"height\":800},{\"@type\":\"BreadcrumbList\",\"@id\":\"https:\/\/ironsky.pl\/sklep\/produkt\/obudowa-wodoodporna-sunnylife-dji-osmo-action-3-5-pro-40m\/#breadcrumb\",\"itemListElement\":[{\"@type\":\"ListItem\",\"position\":1,\"name\":\"Strona g\u0142\u00f3wna\",\"item\":\"https:\/\/ironsky.pl\/sklep\/\"},{\"@type\":\"ListItem\",\"position\":2,\"name\":\"Wszystkie produkty\",\"item\":\"https:\/\/ironsky.pl\/sklep\/produkty\/\"},{\"@type\":\"ListItem\",\"position\":3,\"name\":\"Obudowa wodoodporna SUNNYLIFE DJI Osmo Action 3-5 Pro 40m\"}]},{\"@type\":\"WebSite\",\"@id\":\"https:\/\/ironsky.pl\/sklep\/#website\",\"url\":\"https:\/\/ironsky.pl\/sklep\/\",\"name\":\"IRONSKY.PL Sklep z Dronami\",\"description\":\"IRONSKY.PL Sklep z Dronami\",\"potentialAction\":[{\"@type\":\"SearchAction\",\"target\":{\"@type\":\"EntryPoint\",\"urlTemplate\":\"https:\/\/ironsky.pl\/sklep\/?s={search_term_string}\"},\"query-input\":{\"@type\":\"PropertyValueSpecification\",\"valueRequired\":true,\"valueName\":\"search_term_string\"}}],\"inLanguage\":\"pl-PL\"}]}<\/script>\n<!-- \/ Yoast SEO plugin. -->","yoast_head_json":{"title":"Obudowa wodoodporna SUNNYLIFE DJI Osmo Action 3-5 Pro 40m - IRONSKY.PL Sklep z Dronami","description":"Obudowa wodoodporna SUNNYLIFE DJI Osmo Action 3-5 Pro 40m - \u2705 sklep z dronami i fachowym doradztwem. \u2705 Tutaj kupisz produkty DJI, Yuneec, Parrot, Syma i wiele innych, a tak\u017ce kursy i licencje na operatora drona.","robots":{"index":"index","follow":"follow","max-snippet":"max-snippet:-1","max-image-preview":"max-image-preview:large","max-video-preview":"max-video-preview:-1"},"canonical":"https:\/\/ironsky.pl\/sklep\/produkt\/obudowa-wodoodporna-sunnylife-dji-osmo-action-3-5-pro-40m\/","og_locale":"pl_PL","og_type":"article","og_title":"Obudowa wodoodporna SUNNYLIFE DJI Osmo Action 3-5 Pro 40m - IRONSKY.PL Sklep z Dronami","og_description":"Obudowa wodoodporna SUNNYLIFE DJI Osmo Action 3-5 Pro 40m - \u2705 sklep z dronami i fachowym doradztwem. \u2705 Tutaj kupisz produkty DJI, Yuneec, Parrot, Syma i wiele innych, a tak\u017ce kursy i licencje na operatora drona.","og_url":"https:\/\/ironsky.pl\/sklep\/produkt\/obudowa-wodoodporna-sunnylife-dji-osmo-action-3-5-pro-40m\/","og_site_name":"IRONSKY.PL Sklep z Dronami","article_modified_time":"2026-04-15T08:43:33+00:00","og_image":[{"width":800,"height":800,"url":"https:\/\/ironsky.pl\/sklep\/wp-content\/uploads\/2026\/04\/44521_1.webp","type":"image\/webp"}],"twitter_card":"summary_large_image","twitter_misc":{"Szacowany czas czytania":"1 minuta"},"schema":{"@context":"https:\/\/schema.org","@graph":[{"@type":"WebPage","@id":"https:\/\/ironsky.pl\/sklep\/produkt\/obudowa-wodoodporna-sunnylife-dji-osmo-action-3-5-pro-40m\/","url":"https:\/\/ironsky.pl\/sklep\/produkt\/obudowa-wodoodporna-sunnylife-dji-osmo-action-3-5-pro-40m\/","name":"Obudowa wodoodporna SUNNYLIFE DJI Osmo Action 3-5 Pro 40m - IRONSKY.PL Sklep z Dronami","isPartOf":{"@id":"https:\/\/ironsky.pl\/sklep\/#website"},"primaryImageOfPage":{"@id":"https:\/\/ironsky.pl\/sklep\/produkt\/obudowa-wodoodporna-sunnylife-dji-osmo-action-3-5-pro-40m\/#primaryimage"},"image":{"@id":"https:\/\/ironsky.pl\/sklep\/produkt\/obudowa-wodoodporna-sunnylife-dji-osmo-action-3-5-pro-40m\/#primaryimage"},"thumbnailUrl":"https:\/\/ironsky.pl\/sklep\/wp-content\/uploads\/2026\/04\/44521_1.webp","datePublished":"2026-04-15T08:43:12+00:00","dateModified":"2026-04-15T08:43:33+00:00","description":"Obudowa wodoodporna SUNNYLIFE DJI Osmo Action 3-5 Pro 40m - \u2705 sklep z dronami i fachowym doradztwem. \u2705 Tutaj kupisz produkty DJI, Yuneec, Parrot, Syma i wiele innych, a tak\u017ce kursy i licencje na operatora drona.","breadcrumb":{"@id":"https:\/\/ironsky.pl\/sklep\/produkt\/obudowa-wodoodporna-sunnylife-dji-osmo-action-3-5-pro-40m\/#breadcrumb"},"inLanguage":"pl-PL","potentialAction":[{"@type":"ReadAction","target":["https:\/\/ironsky.pl\/sklep\/produkt\/obudowa-wodoodporna-sunnylife-dji-osmo-action-3-5-pro-40m\/"]}]},{"@type":"ImageObject","inLanguage":"pl-PL","@id":"https:\/\/ironsky.pl\/sklep\/produkt\/obudowa-wodoodporna-sunnylife-dji-osmo-action-3-5-pro-40m\/#primaryimage","url":"https:\/\/ironsky.pl\/sklep\/wp-content\/uploads\/2026\/04\/44521_1.webp","contentUrl":"https:\/\/ironsky.pl\/sklep\/wp-content\/uploads\/2026\/04\/44521_1.webp","width":800,"height":800},{"@type":"BreadcrumbList","@id":"https:\/\/ironsky.pl\/sklep\/produkt\/obudowa-wodoodporna-sunnylife-dji-osmo-action-3-5-pro-40m\/#breadcrumb","itemListElement":[{"@type":"ListItem","position":1,"name":"Strona g\u0142\u00f3wna","item":"https:\/\/ironsky.pl\/sklep\/"},{"@type":"ListItem","position":2,"name":"Wszystkie produkty","item":"https:\/\/ironsky.pl\/sklep\/produkty\/"},{"@type":"ListItem","position":3,"name":"Obudowa wodoodporna SUNNYLIFE DJI Osmo Action 3-5 Pro 40m"}]},{"@type":"WebSite","@id":"https:\/\/ironsky.pl\/sklep\/#website","url":"https:\/\/ironsky.pl\/sklep\/","name":"IRONSKY.PL Sklep z Dronami","description":"IRONSKY.PL Sklep z Dronami","potentialAction":[{"@type":"SearchAction","target":{"@type":"EntryPoint","urlTemplate":"https:\/\/ironsky.pl\/sklep\/?s={search_term_string}"},"query-input":{"@type":"PropertyValueSpecification","valueRequired":true,"valueName":"search_term_string"}}],"inLanguage":"pl-PL"}]}},"_links":{"self":[{"href":"https:\/\/ironsky.pl\/sklep\/wp-json\/wp\/v2\/product\/59067","targetHints":{"allow":["GET"]}}],"collection":[{"href":"https:\/\/ironsky.pl\/sklep\/wp-json\/wp\/v2\/product"}],"about":[{"href":"https:\/\/ironsky.pl\/sklep\/wp-json\/wp\/v2\/types\/product"}],"replies":[{"embeddable":true,"href":"https:\/\/ironsky.pl\/sklep\/wp-json\/wp\/v2\/comments?post=59067"}],"wp:featuredmedia":[{"embeddable":true,"href":"https:\/\/ironsky.pl\/sklep\/wp-json\/wp\/v2\/media\/59068"}],"wp:attachment":[{"href":"https:\/\/ironsky.pl\/sklep\/wp-json\/wp\/v2\/media?parent=59067"}],"wp:term":[{"taxonomy":"product_brand","embeddable":true,"href":"https:\/\/ironsky.pl\/sklep\/wp-json\/wp\/v2\/product_brand?post=59067"},{"taxonomy":"product_cat","embeddable":true,"href":"https:\/\/ironsky.pl\/sklep\/wp-json\/wp\/v2\/product_cat?post=59067"},{"taxonomy":"product_tag","embeddable":true,"href":"https:\/\/ironsky.pl\/sklep\/wp-json\/wp\/v2\/product_tag?post=59067"}],"curies":[{"name":"wp","href":"https:\/\/api.w.org\/{rel}","templated":true}]}}