{"id":59059,"date":"2026-04-15T10:43:12","date_gmt":"2026-04-15T08:43:12","guid":{"rendered":"https:\/\/ironsky.pl\/sklep\/produkt\/obudowa-ochronna-sunnylife-x4-sd813-insta360-x4\/"},"modified":"2026-04-15T10:43:29","modified_gmt":"2026-04-15T08:43:29","slug":"obudowa-ochronna-sunnylife-x4-sd813-insta360-x4","status":"publish","type":"product","link":"https:\/\/ironsky.pl\/sklep\/produkt\/obudowa-ochronna-sunnylife-x4-sd813-insta360-x4\/","title":{"rendered":"Obudowa ochronna SUNNYLIFE X4-SD813 Insta360 X4"},"content":{"rendered":"<h3>Obudowa ochronna Sunnylife do kamery Insta360 X4<\/h3>\n<p>Obudowa ochronna Sunnylife X4-SD813 to niezast\u0105pione akcesorium dla u\u017cytkownik\u00f3w kamery Insta360 X4. Zaprojektowana z my\u015bl\u0105 o najwy\u017cszej ochronie \u2013 \u0142\u0105czy w sobie doskona\u0142ej jako\u015bci materia\u0142y i praktyczne rozwi\u0105zania.<\/p>\n<p>\n<img decoding=\"async\" src=\"https:\/\/assets.innpro.pl\/7543\/8764\/2.jpg\" border=\"0\" \/>\n<\/p>\n<h3>Doskona\u0142e odprowadzanie ciep\u0142a<\/h3>\n<p>Ta wykonana z kompozyt\u00f3w grafenowych obudowa \u015bwietnie przewodzi ciep\u0142o, zapobiegaj\u0105c nadmiernemu nagrzewaniu si\u0119 kamery podczas intensywnego u\u017cytkowania. To niezwykle wa\u017cna cecha, kt\u00f3ra pozwala na d\u0142u\u017csz\u0105 i bezpieczniejsz\u0105 prac\u0119 urz\u0105dzenia w r\u00f3\u017cnych warunkach.<\/p>\n<p>\n<img decoding=\"async\" src=\"https:\/\/assets.innpro.pl\/7543\/8764\/3.jpg\" border=\"0\" \/>\n<\/p>\n<h3>Ochrona i funkcjonalno\u015b\u0107<\/h3>\n<p>Obudowa skutecznie chroni kamer\u0119 przed zarysowaniami, uderzeniami i kurzem. Do\u0142\u0105czona smycz z regulowanym sliderem umo\u017cliwia bezpieczne noszenie kamery na nadgarstku, zmniejszaj\u0105c ryzyko jej upuszczenia. Ponadto konstrukcja akcesorium zapewnia pe\u0142ny dost\u0119p do przycisk\u00f3w, mikrofonu, g\u0142o\u015bnika oraz portu \u0142adowania, nie ograniczaj\u0105c funkcjonalno\u015bci urz\u0105dzenia.<\/p>\n<p>\n<img decoding=\"async\" src=\"https:\/\/assets.innpro.pl\/7543\/8764\/6.jpg\" border=\"0\" \/>\n<\/p>\n<h3>Kompatybilno\u015b\u0107 z akcesoriami<\/h3>\n<p>Model X4-SD813 nie zas\u0142ania dolnego adaptera kamery, dzi\u0119ki czemu mo\u017cna swobodnie montowa\u0107 dodatkowe akcesoria. Obudowa jest te\u017c kompatybilna z os\u0142onami na obiektyw, co pozwala na jeszcze wi\u0119ksz\u0105 ochron\u0119 i wszechstronno\u015b\u0107. To idealne rozwi\u0105zanie dla os\u00f3b, kt\u00f3re chc\u0105 maksymalnie zabezpieczy\u0107 swoje urz\u0105dzenie, jednocze\u015bnie zachowuj\u0105c pe\u0142n\u0105 funkcjonalno\u015b\u0107 i komfort u\u017cytkowania.<\/p>\n<p>\n<img decoding=\"async\" src=\"https:\/\/assets.innpro.pl\/7543\/8764\/4.jpg\" border=\"0\" \/>\n<\/p>\n<div class=\"table-wrapper\">\n<p>\u00a0<\/p>\n<h3><\/h3>\n<table>\n<tbody>\n<tr>\n<th>Producent<\/th>\n<td>Sunnylife<\/td>\n<\/tr>\n<tr>\n<th>Nazwa<\/th>\n<td>Sunnylife Graphene Case &amp; Lanyard<\/td>\n<\/tr>\n<tr>\n<th>Model<\/th>\n<td>X4-SD813<\/td>\n<\/tr>\n<tr>\n<th>Materia\u0142<\/th>\n<td>Kompozyty grafenowe + poliester<\/td>\n<\/tr>\n<tr>\n<th>Waga<\/th>\n<td>16 g<\/td>\n<\/tr>\n<tr>\n<th>D\u0142ugo\u015b\u0107 smyczy<\/th>\n<td>270 mm<\/td>\n<\/tr>\n<tr>\n<th>Kompatybilno\u015b\u0107<\/th>\n<td>Insta360 X4<\/td>\n<\/tr>\n<\/tbody>\n<\/table>\n<\/div>\n","protected":false},"excerpt":{"rendered":"<p>Obudowa ochronna Sunnylife do kamery Insta360 X4 Obudowa ochronna Sunnylife X4-SD813 to niezast\u0105pione akcesorium dla u\u017cytkownik\u00f3w kamery Insta360 X4. Zaprojektowana<\/p>\n","protected":false},"featured_media":59060,"comment_status":"closed","ping_status":"open","template":"","meta":{"_acf_changed":false},"product_brand":[],"product_cat":[1130,1137,1128],"product_tag":[],"class_list":{"0":"post-59059","1":"product","2":"type-product","3":"status-publish","4":"has-post-thumbnail","6":"product_cat-akcesoria-foto","7":"product_cat-do-kamer-sportowych","8":"product_cat-foto-wideo","9":"pa_okres-gwarancji-5754","10":"pa_producent-sunnylife","12":"first","13":"outofstock","14":"taxable","15":"shipping-taxable","16":"purchasable","17":"product-type-simple"},"acf":[],"yoast_head":"<!-- This site is optimized with the Yoast SEO plugin v27.2 - https:\/\/yoast.com\/product\/yoast-seo-wordpress\/ -->\n<title>Obudowa ochronna SUNNYLIFE X4-SD813 Insta360 X4 - IRONSKY.PL Sklep z Dronami<\/title>\n<meta name=\"description\" content=\"Obudowa ochronna SUNNYLIFE X4-SD813 Insta360 X4 - \u2705 sklep z dronami i fachowym doradztwem. \u2705 Tutaj kupisz produkty DJI, Yuneec, Parrot, Syma i wiele innych, a tak\u017ce kursy i licencje na operatora drona.\" \/>\n<meta name=\"robots\" content=\"index, follow, max-snippet:-1, max-image-preview:large, max-video-preview:-1\" \/>\n<link rel=\"canonical\" href=\"https:\/\/ironsky.pl\/sklep\/produkt\/obudowa-ochronna-sunnylife-x4-sd813-insta360-x4\/\" \/>\n<meta property=\"og:locale\" content=\"pl_PL\" \/>\n<meta property=\"og:type\" content=\"article\" \/>\n<meta property=\"og:title\" content=\"Obudowa ochronna SUNNYLIFE X4-SD813 Insta360 X4 - IRONSKY.PL Sklep z Dronami\" \/>\n<meta property=\"og:description\" content=\"Obudowa ochronna SUNNYLIFE X4-SD813 Insta360 X4 - \u2705 sklep z dronami i fachowym doradztwem. \u2705 Tutaj kupisz produkty DJI, Yuneec, Parrot, Syma i wiele innych, a tak\u017ce kursy i licencje na operatora drona.\" \/>\n<meta property=\"og:url\" content=\"https:\/\/ironsky.pl\/sklep\/produkt\/obudowa-ochronna-sunnylife-x4-sd813-insta360-x4\/\" \/>\n<meta property=\"og:site_name\" content=\"IRONSKY.PL Sklep z Dronami\" \/>\n<meta property=\"article:modified_time\" content=\"2026-04-15T08:43:29+00:00\" \/>\n<meta property=\"og:image\" content=\"https:\/\/ironsky.pl\/sklep\/wp-content\/uploads\/2026\/04\/44436_1.jpg\" \/>\n\t<meta property=\"og:image:width\" content=\"800\" \/>\n\t<meta property=\"og:image:height\" content=\"800\" \/>\n\t<meta property=\"og:image:type\" content=\"image\/jpeg\" \/>\n<meta name=\"twitter:card\" content=\"summary_large_image\" \/>\n<meta name=\"twitter:label1\" content=\"Szacowany czas czytania\" \/>\n\t<meta name=\"twitter:data1\" content=\"1 minuta\" \/>\n<script type=\"application\/ld+json\" class=\"yoast-schema-graph\">{\"@context\":\"https:\/\/schema.org\",\"@graph\":[{\"@type\":\"WebPage\",\"@id\":\"https:\/\/ironsky.pl\/sklep\/produkt\/obudowa-ochronna-sunnylife-x4-sd813-insta360-x4\/\",\"url\":\"https:\/\/ironsky.pl\/sklep\/produkt\/obudowa-ochronna-sunnylife-x4-sd813-insta360-x4\/\",\"name\":\"Obudowa ochronna SUNNYLIFE X4-SD813 Insta360 X4 - IRONSKY.PL Sklep z Dronami\",\"isPartOf\":{\"@id\":\"https:\/\/ironsky.pl\/sklep\/#website\"},\"primaryImageOfPage\":{\"@id\":\"https:\/\/ironsky.pl\/sklep\/produkt\/obudowa-ochronna-sunnylife-x4-sd813-insta360-x4\/#primaryimage\"},\"image\":{\"@id\":\"https:\/\/ironsky.pl\/sklep\/produkt\/obudowa-ochronna-sunnylife-x4-sd813-insta360-x4\/#primaryimage\"},\"thumbnailUrl\":\"https:\/\/ironsky.pl\/sklep\/wp-content\/uploads\/2026\/04\/44436_1.jpg\",\"datePublished\":\"2026-04-15T08:43:12+00:00\",\"dateModified\":\"2026-04-15T08:43:29+00:00\",\"description\":\"Obudowa ochronna SUNNYLIFE X4-SD813 Insta360 X4 - \u2705 sklep z dronami i fachowym doradztwem. \u2705 Tutaj kupisz produkty DJI, Yuneec, Parrot, Syma i wiele innych, a tak\u017ce kursy i licencje na operatora drona.\",\"breadcrumb\":{\"@id\":\"https:\/\/ironsky.pl\/sklep\/produkt\/obudowa-ochronna-sunnylife-x4-sd813-insta360-x4\/#breadcrumb\"},\"inLanguage\":\"pl-PL\",\"potentialAction\":[{\"@type\":\"ReadAction\",\"target\":[\"https:\/\/ironsky.pl\/sklep\/produkt\/obudowa-ochronna-sunnylife-x4-sd813-insta360-x4\/\"]}]},{\"@type\":\"ImageObject\",\"inLanguage\":\"pl-PL\",\"@id\":\"https:\/\/ironsky.pl\/sklep\/produkt\/obudowa-ochronna-sunnylife-x4-sd813-insta360-x4\/#primaryimage\",\"url\":\"https:\/\/ironsky.pl\/sklep\/wp-content\/uploads\/2026\/04\/44436_1.jpg\",\"contentUrl\":\"https:\/\/ironsky.pl\/sklep\/wp-content\/uploads\/2026\/04\/44436_1.jpg\",\"width\":800,\"height\":800},{\"@type\":\"BreadcrumbList\",\"@id\":\"https:\/\/ironsky.pl\/sklep\/produkt\/obudowa-ochronna-sunnylife-x4-sd813-insta360-x4\/#breadcrumb\",\"itemListElement\":[{\"@type\":\"ListItem\",\"position\":1,\"name\":\"Strona g\u0142\u00f3wna\",\"item\":\"https:\/\/ironsky.pl\/sklep\/\"},{\"@type\":\"ListItem\",\"position\":2,\"name\":\"Wszystkie produkty\",\"item\":\"https:\/\/ironsky.pl\/sklep\/produkty\/\"},{\"@type\":\"ListItem\",\"position\":3,\"name\":\"Obudowa ochronna SUNNYLIFE X4-SD813 Insta360 X4\"}]},{\"@type\":\"WebSite\",\"@id\":\"https:\/\/ironsky.pl\/sklep\/#website\",\"url\":\"https:\/\/ironsky.pl\/sklep\/\",\"name\":\"IRONSKY.PL Sklep z Dronami\",\"description\":\"IRONSKY.PL Sklep z Dronami\",\"potentialAction\":[{\"@type\":\"SearchAction\",\"target\":{\"@type\":\"EntryPoint\",\"urlTemplate\":\"https:\/\/ironsky.pl\/sklep\/?s={search_term_string}\"},\"query-input\":{\"@type\":\"PropertyValueSpecification\",\"valueRequired\":true,\"valueName\":\"search_term_string\"}}],\"inLanguage\":\"pl-PL\"}]}<\/script>\n<!-- \/ Yoast SEO plugin. -->","yoast_head_json":{"title":"Obudowa ochronna SUNNYLIFE X4-SD813 Insta360 X4 - IRONSKY.PL Sklep z Dronami","description":"Obudowa ochronna SUNNYLIFE X4-SD813 Insta360 X4 - \u2705 sklep z dronami i fachowym doradztwem. \u2705 Tutaj kupisz produkty DJI, Yuneec, Parrot, Syma i wiele innych, a tak\u017ce kursy i licencje na operatora drona.","robots":{"index":"index","follow":"follow","max-snippet":"max-snippet:-1","max-image-preview":"max-image-preview:large","max-video-preview":"max-video-preview:-1"},"canonical":"https:\/\/ironsky.pl\/sklep\/produkt\/obudowa-ochronna-sunnylife-x4-sd813-insta360-x4\/","og_locale":"pl_PL","og_type":"article","og_title":"Obudowa ochronna SUNNYLIFE X4-SD813 Insta360 X4 - IRONSKY.PL Sklep z Dronami","og_description":"Obudowa ochronna SUNNYLIFE X4-SD813 Insta360 X4 - \u2705 sklep z dronami i fachowym doradztwem. \u2705 Tutaj kupisz produkty DJI, Yuneec, Parrot, Syma i wiele innych, a tak\u017ce kursy i licencje na operatora drona.","og_url":"https:\/\/ironsky.pl\/sklep\/produkt\/obudowa-ochronna-sunnylife-x4-sd813-insta360-x4\/","og_site_name":"IRONSKY.PL Sklep z Dronami","article_modified_time":"2026-04-15T08:43:29+00:00","og_image":[{"width":800,"height":800,"url":"https:\/\/ironsky.pl\/sklep\/wp-content\/uploads\/2026\/04\/44436_1.jpg","type":"image\/jpeg"}],"twitter_card":"summary_large_image","twitter_misc":{"Szacowany czas czytania":"1 minuta"},"schema":{"@context":"https:\/\/schema.org","@graph":[{"@type":"WebPage","@id":"https:\/\/ironsky.pl\/sklep\/produkt\/obudowa-ochronna-sunnylife-x4-sd813-insta360-x4\/","url":"https:\/\/ironsky.pl\/sklep\/produkt\/obudowa-ochronna-sunnylife-x4-sd813-insta360-x4\/","name":"Obudowa ochronna SUNNYLIFE X4-SD813 Insta360 X4 - IRONSKY.PL Sklep z Dronami","isPartOf":{"@id":"https:\/\/ironsky.pl\/sklep\/#website"},"primaryImageOfPage":{"@id":"https:\/\/ironsky.pl\/sklep\/produkt\/obudowa-ochronna-sunnylife-x4-sd813-insta360-x4\/#primaryimage"},"image":{"@id":"https:\/\/ironsky.pl\/sklep\/produkt\/obudowa-ochronna-sunnylife-x4-sd813-insta360-x4\/#primaryimage"},"thumbnailUrl":"https:\/\/ironsky.pl\/sklep\/wp-content\/uploads\/2026\/04\/44436_1.jpg","datePublished":"2026-04-15T08:43:12+00:00","dateModified":"2026-04-15T08:43:29+00:00","description":"Obudowa ochronna SUNNYLIFE X4-SD813 Insta360 X4 - \u2705 sklep z dronami i fachowym doradztwem. \u2705 Tutaj kupisz produkty DJI, Yuneec, Parrot, Syma i wiele innych, a tak\u017ce kursy i licencje na operatora drona.","breadcrumb":{"@id":"https:\/\/ironsky.pl\/sklep\/produkt\/obudowa-ochronna-sunnylife-x4-sd813-insta360-x4\/#breadcrumb"},"inLanguage":"pl-PL","potentialAction":[{"@type":"ReadAction","target":["https:\/\/ironsky.pl\/sklep\/produkt\/obudowa-ochronna-sunnylife-x4-sd813-insta360-x4\/"]}]},{"@type":"ImageObject","inLanguage":"pl-PL","@id":"https:\/\/ironsky.pl\/sklep\/produkt\/obudowa-ochronna-sunnylife-x4-sd813-insta360-x4\/#primaryimage","url":"https:\/\/ironsky.pl\/sklep\/wp-content\/uploads\/2026\/04\/44436_1.jpg","contentUrl":"https:\/\/ironsky.pl\/sklep\/wp-content\/uploads\/2026\/04\/44436_1.jpg","width":800,"height":800},{"@type":"BreadcrumbList","@id":"https:\/\/ironsky.pl\/sklep\/produkt\/obudowa-ochronna-sunnylife-x4-sd813-insta360-x4\/#breadcrumb","itemListElement":[{"@type":"ListItem","position":1,"name":"Strona g\u0142\u00f3wna","item":"https:\/\/ironsky.pl\/sklep\/"},{"@type":"ListItem","position":2,"name":"Wszystkie produkty","item":"https:\/\/ironsky.pl\/sklep\/produkty\/"},{"@type":"ListItem","position":3,"name":"Obudowa ochronna SUNNYLIFE X4-SD813 Insta360 X4"}]},{"@type":"WebSite","@id":"https:\/\/ironsky.pl\/sklep\/#website","url":"https:\/\/ironsky.pl\/sklep\/","name":"IRONSKY.PL Sklep z Dronami","description":"IRONSKY.PL Sklep z Dronami","potentialAction":[{"@type":"SearchAction","target":{"@type":"EntryPoint","urlTemplate":"https:\/\/ironsky.pl\/sklep\/?s={search_term_string}"},"query-input":{"@type":"PropertyValueSpecification","valueRequired":true,"valueName":"search_term_string"}}],"inLanguage":"pl-PL"}]}},"_links":{"self":[{"href":"https:\/\/ironsky.pl\/sklep\/wp-json\/wp\/v2\/product\/59059","targetHints":{"allow":["GET"]}}],"collection":[{"href":"https:\/\/ironsky.pl\/sklep\/wp-json\/wp\/v2\/product"}],"about":[{"href":"https:\/\/ironsky.pl\/sklep\/wp-json\/wp\/v2\/types\/product"}],"replies":[{"embeddable":true,"href":"https:\/\/ironsky.pl\/sklep\/wp-json\/wp\/v2\/comments?post=59059"}],"wp:featuredmedia":[{"embeddable":true,"href":"https:\/\/ironsky.pl\/sklep\/wp-json\/wp\/v2\/media\/59060"}],"wp:attachment":[{"href":"https:\/\/ironsky.pl\/sklep\/wp-json\/wp\/v2\/media?parent=59059"}],"wp:term":[{"taxonomy":"product_brand","embeddable":true,"href":"https:\/\/ironsky.pl\/sklep\/wp-json\/wp\/v2\/product_brand?post=59059"},{"taxonomy":"product_cat","embeddable":true,"href":"https:\/\/ironsky.pl\/sklep\/wp-json\/wp\/v2\/product_cat?post=59059"},{"taxonomy":"product_tag","embeddable":true,"href":"https:\/\/ironsky.pl\/sklep\/wp-json\/wp\/v2\/product_tag?post=59059"}],"curies":[{"name":"wp","href":"https:\/\/api.w.org\/{rel}","templated":true}]}}