{"id":59050,"date":"2026-04-15T10:43:12","date_gmt":"2026-04-15T08:43:12","guid":{"rendered":"https:\/\/ironsky.pl\/sklep\/produkt\/hub-usb-orico-w5p-30-4-portowy-czarny\/"},"modified":"2026-04-15T10:43:23","modified_gmt":"2026-04-15T08:43:23","slug":"hub-usb-orico-w5p-30-4-portowy-czarny","status":"publish","type":"product","link":"https:\/\/ironsky.pl\/sklep\/produkt\/hub-usb-orico-w5p-30-4-portowy-czarny\/","title":{"rendered":"Hub USB ORICO W5P-30 4-portowy (czarny)"},"content":{"rendered":"<h3>Adapter Hub Orico W5P-30 USB do 4x USB 2.0 (czarny)<\/h3>\n<p>Adapter Hub Orico W5P-30 to wszechstronne narz\u0119dzie, kt\u00f3re umo\u017cliwia jednoczesne pod\u0142\u0105czenie do czterech urz\u0105dze\u0144 USB 2.0, co zapewnia maksymaln\u0105 funkcjonalno\u015b\u0107 i efektywno\u015b\u0107 pracy. Dzi\u0119ki zewn\u0119trznemu zasilaczowi adapter jest w stanie obs\u0142ugiwa\u0107 dyski twarde o du\u017cej pojemno\u015bci, co czyni go idealnym rozwi\u0105zaniem dla os\u00f3b, kt\u00f3re potrzebuj\u0105 niezawodnego i wydajnego sprz\u0119tu do codziennych zada\u0144.<\/p>\n<p>\n<img decoding=\"async\" src=\"https:\/\/assets.innpro.pl\/8753\/10247\/1.jpg\" border=\"0\" \/>\n<\/p>\n<h3>Elastyczne opcje kabli i szerokie zastosowanie<\/h3>\n<p>Model W5P-30 oferuje szeroki wyb\u00f3r opcjonalnych kabli o r\u00f3\u017cnych d\u0142ugo\u015bciach (15 cm, 30 cm, 100 cm, 150 cm i 200 cm), co pozwala na idealne dopasowanie go do Twoich potrzeb i scenariuszy u\u017cytkowania. Niezale\u017cnie od tego, czy przegl\u0105dasz zawarto\u015b\u0107 dysku U na telefonie, pod\u0142\u0105czasz myszk\u0119 i klawiatur\u0119 do tabletu, aby zamieni\u0107 go w komputer stacjonarny, czy pragniesz gra\u0107 w gry na telefonie za pomoc\u0105 gamepada, adapter Orico zapewnia mocny rdze\u0144 i superszybkie przetwarzanie danych, co znacznie u\u0142atwia prac\u0119 i rozrywk\u0119.<\/p>\n<p>\n<img decoding=\"async\" src=\"https:\/\/assets.innpro.pl\/8753\/10247\/4.jpg\" border=\"0\" \/>\n<\/p>\n<h3>Kompaktowy design i niezawodna wydajno\u015b\u0107<\/h3>\n<p>Adapter Orico W5P-30 zosta\u0142 zaprojektowany z my\u015bl\u0105 o wszechstronno\u015bci i wygodzie u\u017cytkowania. Jego kompaktowy, nowoczesny design sprawia, \u017ce idealnie komponuje si\u0119 z ka\u017cdym zestawem urz\u0105dze\u0144, a jednoczesne dzia\u0142anie czterech port\u00f3w USB 2.0 umo\u017cliwia \u0142atwe zarz\u0105dzanie wieloma urz\u0105dzeniami naraz. Niezale\u017cnie od tego, czy potrzebujesz go do pracy, nauki, czy rozrywki, ten adapter Hub jest doskona\u0142ym rozwi\u0105zaniem, kt\u00f3re spe\u0142ni wszystkie Twoje potrzeby.<\/p>\n<p>\n<img decoding=\"async\" src=\"https:\/\/assets.innpro.pl\/8753\/10247\/6.jpg\" border=\"0\" \/>\n<\/p>\n<div class=\"table-wrapper\">\n<p>\u00a0<\/p>\n<h3><\/h3>\n<table>\n<tbody>\n<tr>\n<th>Producent<\/th>\n<td>Orico<\/td>\n<\/tr>\n<tr>\n<th>Model<\/th>\n<td>W5P-U2<\/td>\n<\/tr>\n<tr>\n<th>Kolor<\/th>\n<td>czarny<\/td>\n<\/tr>\n<tr>\n<th>Materia\u0142<\/th>\n<td>Tworzywo ABS<\/td>\n<\/tr>\n<tr>\n<th>Porty<\/th>\n<td>USB2.0 Typ-A<\/td>\n<\/tr>\n<tr>\n<th>Z\u0142\u0105cze zasilania<\/th>\n<td>Micro USB<\/td>\n<\/tr>\n<tr>\n<th>Kompatybilne systemy operacyjne<\/th>\n<td>Windows, Mac OS, Linux<\/td>\n<\/tr>\n<tr>\n<th>Wymiary<\/th>\n<td>22 x 77.4 x 31.5 mm<\/td>\n<\/tr>\n<tr>\n<th>D\u0142ugo\u015b\u0107 kabla<\/th>\n<td>30 cm<\/td>\n<\/tr>\n<\/tbody>\n<\/table>\n<\/div>\n","protected":false},"excerpt":{"rendered":"<p>Adapter Hub Orico W5P-30 USB do 4x USB 2.0 (czarny) Adapter Hub Orico W5P-30 to wszechstronne narz\u0119dzie, kt\u00f3re umo\u017cliwia jednoczesne<\/p>\n","protected":false},"featured_media":45281,"comment_status":"closed","ping_status":"open","template":"","meta":{"_acf_changed":false},"product_brand":[],"product_cat":[5929,5934],"product_tag":[],"class_list":{"0":"post-59050","1":"product","2":"type-product","3":"status-publish","4":"has-post-thumbnail","6":"product_cat-akcesoria-it","7":"product_cat-huby","8":"pa_okres-gwarancji-5754","9":"pa_producent-orico","11":"first","12":"outofstock","13":"taxable","14":"shipping-taxable","15":"purchasable","16":"product-type-simple"},"acf":[],"yoast_head":"<!-- This site is optimized with the Yoast SEO plugin v27.2 - https:\/\/yoast.com\/product\/yoast-seo-wordpress\/ -->\n<title>Hub USB ORICO W5P-30 4-portowy (czarny) - IRONSKY.PL Sklep z Dronami<\/title>\n<meta name=\"description\" content=\"Hub USB ORICO W5P-30 4-portowy (czarny) - \u2705 sklep z dronami i fachowym doradztwem. \u2705 Tutaj kupisz produkty DJI, Yuneec, Parrot, Syma i wiele innych, a tak\u017ce kursy i licencje na operatora drona.\" \/>\n<meta name=\"robots\" content=\"index, follow, max-snippet:-1, max-image-preview:large, max-video-preview:-1\" \/>\n<link rel=\"canonical\" href=\"https:\/\/ironsky.pl\/sklep\/produkt\/hub-usb-orico-w5p-30-4-portowy-czarny\/\" \/>\n<meta property=\"og:locale\" content=\"pl_PL\" \/>\n<meta property=\"og:type\" content=\"article\" \/>\n<meta property=\"og:title\" content=\"Hub USB ORICO W5P-30 4-portowy (czarny) - IRONSKY.PL Sklep z Dronami\" \/>\n<meta property=\"og:description\" content=\"Hub USB ORICO W5P-30 4-portowy (czarny) - \u2705 sklep z dronami i fachowym doradztwem. \u2705 Tutaj kupisz produkty DJI, Yuneec, Parrot, Syma i wiele innych, a tak\u017ce kursy i licencje na operatora drona.\" \/>\n<meta property=\"og:url\" content=\"https:\/\/ironsky.pl\/sklep\/produkt\/hub-usb-orico-w5p-30-4-portowy-czarny\/\" \/>\n<meta property=\"og:site_name\" content=\"IRONSKY.PL Sklep z Dronami\" \/>\n<meta property=\"article:modified_time\" content=\"2026-04-15T08:43:23+00:00\" \/>\n<meta property=\"og:image\" content=\"https:\/\/ironsky.pl\/sklep\/wp-content\/uploads\/2025\/06\/44363_1.jpg\" \/>\n\t<meta property=\"og:image:width\" content=\"800\" \/>\n\t<meta property=\"og:image:height\" content=\"800\" \/>\n\t<meta property=\"og:image:type\" content=\"image\/jpeg\" \/>\n<meta name=\"twitter:card\" content=\"summary_large_image\" \/>\n<meta name=\"twitter:label1\" content=\"Szacowany czas czytania\" \/>\n\t<meta name=\"twitter:data1\" content=\"1 minuta\" \/>\n<script type=\"application\/ld+json\" class=\"yoast-schema-graph\">{\"@context\":\"https:\/\/schema.org\",\"@graph\":[{\"@type\":\"WebPage\",\"@id\":\"https:\/\/ironsky.pl\/sklep\/produkt\/hub-usb-orico-w5p-30-4-portowy-czarny\/\",\"url\":\"https:\/\/ironsky.pl\/sklep\/produkt\/hub-usb-orico-w5p-30-4-portowy-czarny\/\",\"name\":\"Hub USB ORICO W5P-30 4-portowy (czarny) - IRONSKY.PL Sklep z Dronami\",\"isPartOf\":{\"@id\":\"https:\/\/ironsky.pl\/sklep\/#website\"},\"primaryImageOfPage\":{\"@id\":\"https:\/\/ironsky.pl\/sklep\/produkt\/hub-usb-orico-w5p-30-4-portowy-czarny\/#primaryimage\"},\"image\":{\"@id\":\"https:\/\/ironsky.pl\/sklep\/produkt\/hub-usb-orico-w5p-30-4-portowy-czarny\/#primaryimage\"},\"thumbnailUrl\":\"https:\/\/ironsky.pl\/sklep\/wp-content\/uploads\/2025\/06\/44363_1.jpg\",\"datePublished\":\"2026-04-15T08:43:12+00:00\",\"dateModified\":\"2026-04-15T08:43:23+00:00\",\"description\":\"Hub USB ORICO W5P-30 4-portowy (czarny) - \u2705 sklep z dronami i fachowym doradztwem. \u2705 Tutaj kupisz produkty DJI, Yuneec, Parrot, Syma i wiele innych, a tak\u017ce kursy i licencje na operatora drona.\",\"breadcrumb\":{\"@id\":\"https:\/\/ironsky.pl\/sklep\/produkt\/hub-usb-orico-w5p-30-4-portowy-czarny\/#breadcrumb\"},\"inLanguage\":\"pl-PL\",\"potentialAction\":[{\"@type\":\"ReadAction\",\"target\":[\"https:\/\/ironsky.pl\/sklep\/produkt\/hub-usb-orico-w5p-30-4-portowy-czarny\/\"]}]},{\"@type\":\"ImageObject\",\"inLanguage\":\"pl-PL\",\"@id\":\"https:\/\/ironsky.pl\/sklep\/produkt\/hub-usb-orico-w5p-30-4-portowy-czarny\/#primaryimage\",\"url\":\"https:\/\/ironsky.pl\/sklep\/wp-content\/uploads\/2025\/06\/44363_1.jpg\",\"contentUrl\":\"https:\/\/ironsky.pl\/sklep\/wp-content\/uploads\/2025\/06\/44363_1.jpg\",\"width\":800,\"height\":800},{\"@type\":\"BreadcrumbList\",\"@id\":\"https:\/\/ironsky.pl\/sklep\/produkt\/hub-usb-orico-w5p-30-4-portowy-czarny\/#breadcrumb\",\"itemListElement\":[{\"@type\":\"ListItem\",\"position\":1,\"name\":\"Strona g\u0142\u00f3wna\",\"item\":\"https:\/\/ironsky.pl\/sklep\/\"},{\"@type\":\"ListItem\",\"position\":2,\"name\":\"Wszystkie produkty\",\"item\":\"https:\/\/ironsky.pl\/sklep\/produkty\/\"},{\"@type\":\"ListItem\",\"position\":3,\"name\":\"Hub USB ORICO W5P-30 4-portowy (czarny)\"}]},{\"@type\":\"WebSite\",\"@id\":\"https:\/\/ironsky.pl\/sklep\/#website\",\"url\":\"https:\/\/ironsky.pl\/sklep\/\",\"name\":\"IRONSKY.PL Sklep z Dronami\",\"description\":\"IRONSKY.PL Sklep z Dronami\",\"potentialAction\":[{\"@type\":\"SearchAction\",\"target\":{\"@type\":\"EntryPoint\",\"urlTemplate\":\"https:\/\/ironsky.pl\/sklep\/?s={search_term_string}\"},\"query-input\":{\"@type\":\"PropertyValueSpecification\",\"valueRequired\":true,\"valueName\":\"search_term_string\"}}],\"inLanguage\":\"pl-PL\"}]}<\/script>\n<!-- \/ Yoast SEO plugin. -->","yoast_head_json":{"title":"Hub USB ORICO W5P-30 4-portowy (czarny) - IRONSKY.PL Sklep z Dronami","description":"Hub USB ORICO W5P-30 4-portowy (czarny) - \u2705 sklep z dronami i fachowym doradztwem. \u2705 Tutaj kupisz produkty DJI, Yuneec, Parrot, Syma i wiele innych, a tak\u017ce kursy i licencje na operatora drona.","robots":{"index":"index","follow":"follow","max-snippet":"max-snippet:-1","max-image-preview":"max-image-preview:large","max-video-preview":"max-video-preview:-1"},"canonical":"https:\/\/ironsky.pl\/sklep\/produkt\/hub-usb-orico-w5p-30-4-portowy-czarny\/","og_locale":"pl_PL","og_type":"article","og_title":"Hub USB ORICO W5P-30 4-portowy (czarny) - IRONSKY.PL Sklep z Dronami","og_description":"Hub USB ORICO W5P-30 4-portowy (czarny) - \u2705 sklep z dronami i fachowym doradztwem. \u2705 Tutaj kupisz produkty DJI, Yuneec, Parrot, Syma i wiele innych, a tak\u017ce kursy i licencje na operatora drona.","og_url":"https:\/\/ironsky.pl\/sklep\/produkt\/hub-usb-orico-w5p-30-4-portowy-czarny\/","og_site_name":"IRONSKY.PL Sklep z Dronami","article_modified_time":"2026-04-15T08:43:23+00:00","og_image":[{"width":800,"height":800,"url":"https:\/\/ironsky.pl\/sklep\/wp-content\/uploads\/2025\/06\/44363_1.jpg","type":"image\/jpeg"}],"twitter_card":"summary_large_image","twitter_misc":{"Szacowany czas czytania":"1 minuta"},"schema":{"@context":"https:\/\/schema.org","@graph":[{"@type":"WebPage","@id":"https:\/\/ironsky.pl\/sklep\/produkt\/hub-usb-orico-w5p-30-4-portowy-czarny\/","url":"https:\/\/ironsky.pl\/sklep\/produkt\/hub-usb-orico-w5p-30-4-portowy-czarny\/","name":"Hub USB ORICO W5P-30 4-portowy (czarny) - IRONSKY.PL Sklep z Dronami","isPartOf":{"@id":"https:\/\/ironsky.pl\/sklep\/#website"},"primaryImageOfPage":{"@id":"https:\/\/ironsky.pl\/sklep\/produkt\/hub-usb-orico-w5p-30-4-portowy-czarny\/#primaryimage"},"image":{"@id":"https:\/\/ironsky.pl\/sklep\/produkt\/hub-usb-orico-w5p-30-4-portowy-czarny\/#primaryimage"},"thumbnailUrl":"https:\/\/ironsky.pl\/sklep\/wp-content\/uploads\/2025\/06\/44363_1.jpg","datePublished":"2026-04-15T08:43:12+00:00","dateModified":"2026-04-15T08:43:23+00:00","description":"Hub USB ORICO W5P-30 4-portowy (czarny) - \u2705 sklep z dronami i fachowym doradztwem. \u2705 Tutaj kupisz produkty DJI, Yuneec, Parrot, Syma i wiele innych, a tak\u017ce kursy i licencje na operatora drona.","breadcrumb":{"@id":"https:\/\/ironsky.pl\/sklep\/produkt\/hub-usb-orico-w5p-30-4-portowy-czarny\/#breadcrumb"},"inLanguage":"pl-PL","potentialAction":[{"@type":"ReadAction","target":["https:\/\/ironsky.pl\/sklep\/produkt\/hub-usb-orico-w5p-30-4-portowy-czarny\/"]}]},{"@type":"ImageObject","inLanguage":"pl-PL","@id":"https:\/\/ironsky.pl\/sklep\/produkt\/hub-usb-orico-w5p-30-4-portowy-czarny\/#primaryimage","url":"https:\/\/ironsky.pl\/sklep\/wp-content\/uploads\/2025\/06\/44363_1.jpg","contentUrl":"https:\/\/ironsky.pl\/sklep\/wp-content\/uploads\/2025\/06\/44363_1.jpg","width":800,"height":800},{"@type":"BreadcrumbList","@id":"https:\/\/ironsky.pl\/sklep\/produkt\/hub-usb-orico-w5p-30-4-portowy-czarny\/#breadcrumb","itemListElement":[{"@type":"ListItem","position":1,"name":"Strona g\u0142\u00f3wna","item":"https:\/\/ironsky.pl\/sklep\/"},{"@type":"ListItem","position":2,"name":"Wszystkie produkty","item":"https:\/\/ironsky.pl\/sklep\/produkty\/"},{"@type":"ListItem","position":3,"name":"Hub USB ORICO W5P-30 4-portowy (czarny)"}]},{"@type":"WebSite","@id":"https:\/\/ironsky.pl\/sklep\/#website","url":"https:\/\/ironsky.pl\/sklep\/","name":"IRONSKY.PL Sklep z Dronami","description":"IRONSKY.PL Sklep z Dronami","potentialAction":[{"@type":"SearchAction","target":{"@type":"EntryPoint","urlTemplate":"https:\/\/ironsky.pl\/sklep\/?s={search_term_string}"},"query-input":{"@type":"PropertyValueSpecification","valueRequired":true,"valueName":"search_term_string"}}],"inLanguage":"pl-PL"}]}},"_links":{"self":[{"href":"https:\/\/ironsky.pl\/sklep\/wp-json\/wp\/v2\/product\/59050","targetHints":{"allow":["GET"]}}],"collection":[{"href":"https:\/\/ironsky.pl\/sklep\/wp-json\/wp\/v2\/product"}],"about":[{"href":"https:\/\/ironsky.pl\/sklep\/wp-json\/wp\/v2\/types\/product"}],"replies":[{"embeddable":true,"href":"https:\/\/ironsky.pl\/sklep\/wp-json\/wp\/v2\/comments?post=59050"}],"wp:featuredmedia":[{"embeddable":true,"href":"https:\/\/ironsky.pl\/sklep\/wp-json\/wp\/v2\/media\/45281"}],"wp:attachment":[{"href":"https:\/\/ironsky.pl\/sklep\/wp-json\/wp\/v2\/media?parent=59050"}],"wp:term":[{"taxonomy":"product_brand","embeddable":true,"href":"https:\/\/ironsky.pl\/sklep\/wp-json\/wp\/v2\/product_brand?post=59050"},{"taxonomy":"product_cat","embeddable":true,"href":"https:\/\/ironsky.pl\/sklep\/wp-json\/wp\/v2\/product_cat?post=59050"},{"taxonomy":"product_tag","embeddable":true,"href":"https:\/\/ironsky.pl\/sklep\/wp-json\/wp\/v2\/product_tag?post=59050"}],"curies":[{"name":"wp","href":"https:\/\/api.w.org\/{rel}","templated":true}]}}