{"id":59047,"date":"2026-04-15T10:43:12","date_gmt":"2026-04-15T08:43:12","guid":{"rendered":"https:\/\/ironsky.pl\/sklep\/produkt\/hub-orico-twu3-7-portowy-usb-7x-usb-czarny\/"},"modified":"2026-04-15T10:43:20","modified_gmt":"2026-04-15T08:43:20","slug":"hub-orico-twu3-7-portowy-usb-7x-usb-czarny","status":"publish","type":"product","link":"https:\/\/ironsky.pl\/sklep\/produkt\/hub-orico-twu3-7-portowy-usb-7x-usb-czarny\/","title":{"rendered":"Hub ORICO TWU3 7-portowy USB 7x USB (czarny)"},"content":{"rendered":"<h3>Adapter Hub Orico TWU3 USB do 7x USB 3.0 (czarny)<\/h3>\n<p>Orico TWU3 to praktyczny hub USB, kt\u00f3ry pozwala na pod\u0142\u0105czenie a\u017c siedmiu urz\u0105dze\u0144 do jednego portu USB-A 3.0 (4*USB3.0 + 3*YSB2.0). B\u0119d\u0105c wykonanym z wytrzyma\u0142ego materia\u0142u ABS oraz o niewielkich rozmiarach sprawia, \u017ce idealnie nadaje si\u0119 zar\u00f3wno do biura, jak i do u\u017cytku w podr\u00f3\u017cy.<\/p>\n<p>\n<img decoding=\"async\" src=\"https:\/\/assets.innpro.pl\/8791\/10284\/1.jpg\" border=\"0\" \/>\n<\/p>\n<h3>Wi\u0119ksza wydajno\u015b\u0107 z podw\u00f3jnym chipem<\/h3>\n<p>Orico TWU3 zosta\u0142 zaprojektowany z my\u015bl\u0105 o wysokiej wydajno\u015bci przy minimalnym zu\u017cyciu energii. Zastosowanie dw\u00f3ch chip\u00f3w \u2013 AU6268 i VL815 \u2013 zapewnia stabilny transfer danych, nawet przy wielu jednocze\u015bnie pod\u0142\u0105czonych urz\u0105dzeniach. Dzi\u0119ki temu hub oferuje niezawodno\u015b\u0107 dzia\u0142ania, jednocze\u015bnie redukuj\u0105c koszty energii.<\/p>\n<p>\n<img decoding=\"async\" src=\"https:\/\/assets.innpro.pl\/8791\/10284\/7.jpg\" border=\"0\" \/>\n<\/p>\n<h3>Wszechstronne zastosowanie<\/h3>\n<p>Hub Orico TWU3 zosta\u0142 wyposa\u017cony w jeden port wej\u015bciowy USB-A 3.0 oraz siedem port\u00f3w wyj\u015bciowych: cztery USB-A 3.0 i trzy USB-A 2.0. Dzi\u0119ki temu urz\u0105dzenie zapewnia nie tylko szybki transfer danych, ale tak\u017ce mo\u017cliwo\u015b\u0107 pod\u0142\u0105czenia starszych urz\u0105dze\u0144, kt\u00f3re wci\u0105\u017c korzystaj\u0105 z USB 2.0. To idealne rozwi\u0105zanie do pracy z myszkami, klawiaturami, dyskami zewn\u0119trznymi i innymi akcesoriami. Ponadto adapter jest kompatybilny z wieloma rodzajami system\u00f3w operacyjnych, mi\u0119dzy innymi takimi jak Windows, Mac OS oraz Linux.<\/p>\n<p>\n<img decoding=\"async\" src=\"https:\/\/assets.innpro.pl\/8791\/10284\/2.jpg\" border=\"0\" \/>\n<\/p>\n<h3>Mocne Zasilanie i Ochrona<\/h3>\n<p>Hub Orico TWU3 posiada port zasilania USB-C o mocy 10W\/15W, co pozwala na bezpieczne korzystanie z urz\u0105dze\u0144 o wysokim poborze mocy. Dodatkowo funkcja anty-backflow chroni komputer przed przeci\u0105\u017ceniem, zapewniaj\u0105c jednocze\u015bnie stabilne dzia\u0142anie wszystkich pod\u0142\u0105czonych urz\u0105dze\u0144. To rozwi\u0105zanie gwarantuje bezpiecze\u0144stwo i niezawodno\u015b\u0107 nawet w najbardziej wymagaj\u0105cych warunkach.<\/p>\n<p>\n<img decoding=\"async\" src=\"https:\/\/assets.innpro.pl\/8791\/10284\/3.jpg\" border=\"0\" \/>\n<\/p>\n<h3>Stabilne zasilanie<\/h3>\n<p>Urz\u0105dzenie zasilane jest przez zewn\u0119trzny port zasilania 5V\/3A, co gwarantuje stabilne dzia\u0142anie nawet przy pod\u0142\u0105czonych wielu urz\u0105dzeniach jednocze\u015bnie. To szczeg\u00f3lnie istotne, gdy korzystasz z urz\u0105dze\u0144 o wysokim poborze mocy, takich jak dyski twarde czy zewn\u0119trzne ch\u0142odzenia. Hub Orico TWU3 zapewnia niezawodno\u015b\u0107 i bezpiecze\u0144stwo pracy bez ryzyka przeci\u0105\u017cenia port\u00f3w USB.<\/p>\n<p>\n<img decoding=\"async\" src=\"https:\/\/assets.innpro.pl\/8791\/10284\/4.jpg\" border=\"0\" \/>\n<\/p>\n<h3>Przemy\u015blany design<\/h3>\n<p>Orico TWU3 to urz\u0105dzenie, kt\u00f3re \u0142\u0105czy funkcjonalno\u015b\u0107 z elegancj\u0105 i wygod\u0105 u\u017cytkowania. Jego smuk\u0142a konstrukcja (135 x 25 x 19 mm) oraz niska waga sprawiaj\u0105, \u017ce hub jest \u0142atwy do przenoszenia i idealnie mie\u015bci si\u0119 w torbie, co czyni go doskona\u0142ym wyborem zar\u00f3wno do biura, jak i w podr\u00f3\u017cy. Hub wyr\u00f3\u017cnia si\u0119 r\u00f3wnie\u017c prostym, pr\u0105\u017ckowanym wzornictwem, kt\u00f3re nie tylko dodaje mu elegancji, ale tak\u017ce zapewnia wygod\u0119 u\u017cytkowania. Przemy\u015blane rozmieszczenie port\u00f3w o szeroko\u015bci 8,2 mm ka\u017cdy umo\u017cliwia jednoczesne pod\u0142\u0105czanie kilku urz\u0105dze\u0144 bez ryzyka kolidowania, co zwi\u0119ksza komfort pracy z wieloma akcesoriami.<\/p>\n<p>\n<img decoding=\"async\" src=\"https:\/\/assets.innpro.pl\/8791\/10284\/5.jpg\" border=\"0\" \/>\n<\/p>\n<div class=\"table-wrapper\">\n<p>\u00a0<\/p>\n<h3><\/h3>\n<table>\n<tbody>\n<tr>\n<th>Nazwa:<\/th>\n<td>Adapter Hub Orico TWU3 USB do 7x USB 3.0 (czarny)<\/td>\n<\/tr>\n<tr>\n<th>Producent:<\/th>\n<td>Orico<\/td>\n<\/tr>\n<tr>\n<th>Model:<\/th>\n<td>TWU3-7A-BK-EP-IP<\/td>\n<\/tr>\n<tr>\n<th>Materia\u0142:<\/th>\n<td>ABS<\/td>\n<\/tr>\n<tr>\n<th>Kolor:<\/th>\n<td>Czarny<\/td>\n<\/tr>\n<tr>\n<th>Interfejs wej\u015bciowy:<\/th>\n<td>USB-A 3.0 x1<\/td>\n<\/tr>\n<tr>\n<th>Interfejs wyj\u015bciowy:<\/th>\n<td>USB-A 3.0 x4, USB-A 2.0 x3<\/td>\n<\/tr>\n<tr>\n<th>Zasilanie:<\/th>\n<td>Port zasilania 5V 3A<\/td>\n<\/tr>\n<tr>\n<th>D\u0142ugo\u015b\u0107 kabla:<\/th>\n<td>15 cm<\/td>\n<\/tr>\n<\/tbody>\n<\/table>\n<\/div>\n","protected":false},"excerpt":{"rendered":"<p>Adapter Hub Orico TWU3 USB do 7x USB 3.0 (czarny) Orico TWU3 to praktyczny hub USB, kt\u00f3ry pozwala na pod\u0142\u0105czenie<\/p>\n","protected":false},"featured_media":45269,"comment_status":"closed","ping_status":"open","template":"","meta":{"_acf_changed":false},"product_brand":[],"product_cat":[5929,5934],"product_tag":[],"class_list":{"0":"post-59047","1":"product","2":"type-product","3":"status-publish","4":"has-post-thumbnail","6":"product_cat-akcesoria-it","7":"product_cat-huby","8":"pa_okres-gwarancji-5754","9":"pa_producent-orico","11":"first","12":"outofstock","13":"taxable","14":"shipping-taxable","15":"purchasable","16":"product-type-simple"},"acf":[],"yoast_head":"<!-- This site is optimized with the Yoast SEO plugin v27.2 - https:\/\/yoast.com\/product\/yoast-seo-wordpress\/ -->\n<title>Hub ORICO TWU3 7-portowy USB 7x USB (czarny) - IRONSKY.PL Sklep z Dronami<\/title>\n<meta name=\"description\" content=\"Hub ORICO TWU3 7-portowy USB 7x USB (czarny) - \u2705 sklep z dronami i fachowym doradztwem. \u2705 Tutaj kupisz produkty DJI, Yuneec, Parrot, Syma i wiele innych, a tak\u017ce kursy i licencje na operatora drona.\" \/>\n<meta name=\"robots\" content=\"index, follow, max-snippet:-1, max-image-preview:large, max-video-preview:-1\" \/>\n<link rel=\"canonical\" href=\"https:\/\/ironsky.pl\/sklep\/produkt\/hub-orico-twu3-7-portowy-usb-7x-usb-czarny\/\" \/>\n<meta property=\"og:locale\" content=\"pl_PL\" \/>\n<meta property=\"og:type\" content=\"article\" \/>\n<meta property=\"og:title\" content=\"Hub ORICO TWU3 7-portowy USB 7x USB (czarny) - IRONSKY.PL Sklep z Dronami\" \/>\n<meta property=\"og:description\" content=\"Hub ORICO TWU3 7-portowy USB 7x USB (czarny) - \u2705 sklep z dronami i fachowym doradztwem. \u2705 Tutaj kupisz produkty DJI, Yuneec, Parrot, Syma i wiele innych, a tak\u017ce kursy i licencje na operatora drona.\" \/>\n<meta property=\"og:url\" content=\"https:\/\/ironsky.pl\/sklep\/produkt\/hub-orico-twu3-7-portowy-usb-7x-usb-czarny\/\" \/>\n<meta property=\"og:site_name\" content=\"IRONSKY.PL Sklep z Dronami\" \/>\n<meta property=\"article:modified_time\" content=\"2026-04-15T08:43:20+00:00\" \/>\n<meta property=\"og:image\" content=\"https:\/\/ironsky.pl\/sklep\/wp-content\/uploads\/2025\/06\/44333_1.jpg\" \/>\n\t<meta property=\"og:image:width\" content=\"800\" \/>\n\t<meta property=\"og:image:height\" content=\"800\" \/>\n\t<meta property=\"og:image:type\" content=\"image\/jpeg\" \/>\n<meta name=\"twitter:card\" content=\"summary_large_image\" \/>\n<meta name=\"twitter:label1\" content=\"Szacowany czas czytania\" \/>\n\t<meta name=\"twitter:data1\" content=\"2 minuty\" \/>\n<script type=\"application\/ld+json\" class=\"yoast-schema-graph\">{\"@context\":\"https:\/\/schema.org\",\"@graph\":[{\"@type\":\"WebPage\",\"@id\":\"https:\/\/ironsky.pl\/sklep\/produkt\/hub-orico-twu3-7-portowy-usb-7x-usb-czarny\/\",\"url\":\"https:\/\/ironsky.pl\/sklep\/produkt\/hub-orico-twu3-7-portowy-usb-7x-usb-czarny\/\",\"name\":\"Hub ORICO TWU3 7-portowy USB 7x USB (czarny) - IRONSKY.PL Sklep z Dronami\",\"isPartOf\":{\"@id\":\"https:\/\/ironsky.pl\/sklep\/#website\"},\"primaryImageOfPage\":{\"@id\":\"https:\/\/ironsky.pl\/sklep\/produkt\/hub-orico-twu3-7-portowy-usb-7x-usb-czarny\/#primaryimage\"},\"image\":{\"@id\":\"https:\/\/ironsky.pl\/sklep\/produkt\/hub-orico-twu3-7-portowy-usb-7x-usb-czarny\/#primaryimage\"},\"thumbnailUrl\":\"https:\/\/ironsky.pl\/sklep\/wp-content\/uploads\/2025\/06\/44333_1.jpg\",\"datePublished\":\"2026-04-15T08:43:12+00:00\",\"dateModified\":\"2026-04-15T08:43:20+00:00\",\"description\":\"Hub ORICO TWU3 7-portowy USB 7x USB (czarny) - \u2705 sklep z dronami i fachowym doradztwem. \u2705 Tutaj kupisz produkty DJI, Yuneec, Parrot, Syma i wiele innych, a tak\u017ce kursy i licencje na operatora drona.\",\"breadcrumb\":{\"@id\":\"https:\/\/ironsky.pl\/sklep\/produkt\/hub-orico-twu3-7-portowy-usb-7x-usb-czarny\/#breadcrumb\"},\"inLanguage\":\"pl-PL\",\"potentialAction\":[{\"@type\":\"ReadAction\",\"target\":[\"https:\/\/ironsky.pl\/sklep\/produkt\/hub-orico-twu3-7-portowy-usb-7x-usb-czarny\/\"]}]},{\"@type\":\"ImageObject\",\"inLanguage\":\"pl-PL\",\"@id\":\"https:\/\/ironsky.pl\/sklep\/produkt\/hub-orico-twu3-7-portowy-usb-7x-usb-czarny\/#primaryimage\",\"url\":\"https:\/\/ironsky.pl\/sklep\/wp-content\/uploads\/2025\/06\/44333_1.jpg\",\"contentUrl\":\"https:\/\/ironsky.pl\/sklep\/wp-content\/uploads\/2025\/06\/44333_1.jpg\",\"width\":800,\"height\":800},{\"@type\":\"BreadcrumbList\",\"@id\":\"https:\/\/ironsky.pl\/sklep\/produkt\/hub-orico-twu3-7-portowy-usb-7x-usb-czarny\/#breadcrumb\",\"itemListElement\":[{\"@type\":\"ListItem\",\"position\":1,\"name\":\"Strona g\u0142\u00f3wna\",\"item\":\"https:\/\/ironsky.pl\/sklep\/\"},{\"@type\":\"ListItem\",\"position\":2,\"name\":\"Wszystkie produkty\",\"item\":\"https:\/\/ironsky.pl\/sklep\/produkty\/\"},{\"@type\":\"ListItem\",\"position\":3,\"name\":\"Hub ORICO TWU3 7-portowy USB 7x USB (czarny)\"}]},{\"@type\":\"WebSite\",\"@id\":\"https:\/\/ironsky.pl\/sklep\/#website\",\"url\":\"https:\/\/ironsky.pl\/sklep\/\",\"name\":\"IRONSKY.PL Sklep z Dronami\",\"description\":\"IRONSKY.PL Sklep z Dronami\",\"potentialAction\":[{\"@type\":\"SearchAction\",\"target\":{\"@type\":\"EntryPoint\",\"urlTemplate\":\"https:\/\/ironsky.pl\/sklep\/?s={search_term_string}\"},\"query-input\":{\"@type\":\"PropertyValueSpecification\",\"valueRequired\":true,\"valueName\":\"search_term_string\"}}],\"inLanguage\":\"pl-PL\"}]}<\/script>\n<!-- \/ Yoast SEO plugin. -->","yoast_head_json":{"title":"Hub ORICO TWU3 7-portowy USB 7x USB (czarny) - IRONSKY.PL Sklep z Dronami","description":"Hub ORICO TWU3 7-portowy USB 7x USB (czarny) - \u2705 sklep z dronami i fachowym doradztwem. \u2705 Tutaj kupisz produkty DJI, Yuneec, Parrot, Syma i wiele innych, a tak\u017ce kursy i licencje na operatora drona.","robots":{"index":"index","follow":"follow","max-snippet":"max-snippet:-1","max-image-preview":"max-image-preview:large","max-video-preview":"max-video-preview:-1"},"canonical":"https:\/\/ironsky.pl\/sklep\/produkt\/hub-orico-twu3-7-portowy-usb-7x-usb-czarny\/","og_locale":"pl_PL","og_type":"article","og_title":"Hub ORICO TWU3 7-portowy USB 7x USB (czarny) - IRONSKY.PL Sklep z Dronami","og_description":"Hub ORICO TWU3 7-portowy USB 7x USB (czarny) - \u2705 sklep z dronami i fachowym doradztwem. \u2705 Tutaj kupisz produkty DJI, Yuneec, Parrot, Syma i wiele innych, a tak\u017ce kursy i licencje na operatora drona.","og_url":"https:\/\/ironsky.pl\/sklep\/produkt\/hub-orico-twu3-7-portowy-usb-7x-usb-czarny\/","og_site_name":"IRONSKY.PL Sklep z Dronami","article_modified_time":"2026-04-15T08:43:20+00:00","og_image":[{"width":800,"height":800,"url":"https:\/\/ironsky.pl\/sklep\/wp-content\/uploads\/2025\/06\/44333_1.jpg","type":"image\/jpeg"}],"twitter_card":"summary_large_image","twitter_misc":{"Szacowany czas czytania":"2 minuty"},"schema":{"@context":"https:\/\/schema.org","@graph":[{"@type":"WebPage","@id":"https:\/\/ironsky.pl\/sklep\/produkt\/hub-orico-twu3-7-portowy-usb-7x-usb-czarny\/","url":"https:\/\/ironsky.pl\/sklep\/produkt\/hub-orico-twu3-7-portowy-usb-7x-usb-czarny\/","name":"Hub ORICO TWU3 7-portowy USB 7x USB (czarny) - IRONSKY.PL Sklep z Dronami","isPartOf":{"@id":"https:\/\/ironsky.pl\/sklep\/#website"},"primaryImageOfPage":{"@id":"https:\/\/ironsky.pl\/sklep\/produkt\/hub-orico-twu3-7-portowy-usb-7x-usb-czarny\/#primaryimage"},"image":{"@id":"https:\/\/ironsky.pl\/sklep\/produkt\/hub-orico-twu3-7-portowy-usb-7x-usb-czarny\/#primaryimage"},"thumbnailUrl":"https:\/\/ironsky.pl\/sklep\/wp-content\/uploads\/2025\/06\/44333_1.jpg","datePublished":"2026-04-15T08:43:12+00:00","dateModified":"2026-04-15T08:43:20+00:00","description":"Hub ORICO TWU3 7-portowy USB 7x USB (czarny) - \u2705 sklep z dronami i fachowym doradztwem. \u2705 Tutaj kupisz produkty DJI, Yuneec, Parrot, Syma i wiele innych, a tak\u017ce kursy i licencje na operatora drona.","breadcrumb":{"@id":"https:\/\/ironsky.pl\/sklep\/produkt\/hub-orico-twu3-7-portowy-usb-7x-usb-czarny\/#breadcrumb"},"inLanguage":"pl-PL","potentialAction":[{"@type":"ReadAction","target":["https:\/\/ironsky.pl\/sklep\/produkt\/hub-orico-twu3-7-portowy-usb-7x-usb-czarny\/"]}]},{"@type":"ImageObject","inLanguage":"pl-PL","@id":"https:\/\/ironsky.pl\/sklep\/produkt\/hub-orico-twu3-7-portowy-usb-7x-usb-czarny\/#primaryimage","url":"https:\/\/ironsky.pl\/sklep\/wp-content\/uploads\/2025\/06\/44333_1.jpg","contentUrl":"https:\/\/ironsky.pl\/sklep\/wp-content\/uploads\/2025\/06\/44333_1.jpg","width":800,"height":800},{"@type":"BreadcrumbList","@id":"https:\/\/ironsky.pl\/sklep\/produkt\/hub-orico-twu3-7-portowy-usb-7x-usb-czarny\/#breadcrumb","itemListElement":[{"@type":"ListItem","position":1,"name":"Strona g\u0142\u00f3wna","item":"https:\/\/ironsky.pl\/sklep\/"},{"@type":"ListItem","position":2,"name":"Wszystkie produkty","item":"https:\/\/ironsky.pl\/sklep\/produkty\/"},{"@type":"ListItem","position":3,"name":"Hub ORICO TWU3 7-portowy USB 7x USB (czarny)"}]},{"@type":"WebSite","@id":"https:\/\/ironsky.pl\/sklep\/#website","url":"https:\/\/ironsky.pl\/sklep\/","name":"IRONSKY.PL Sklep z Dronami","description":"IRONSKY.PL Sklep z Dronami","potentialAction":[{"@type":"SearchAction","target":{"@type":"EntryPoint","urlTemplate":"https:\/\/ironsky.pl\/sklep\/?s={search_term_string}"},"query-input":{"@type":"PropertyValueSpecification","valueRequired":true,"valueName":"search_term_string"}}],"inLanguage":"pl-PL"}]}},"_links":{"self":[{"href":"https:\/\/ironsky.pl\/sklep\/wp-json\/wp\/v2\/product\/59047","targetHints":{"allow":["GET"]}}],"collection":[{"href":"https:\/\/ironsky.pl\/sklep\/wp-json\/wp\/v2\/product"}],"about":[{"href":"https:\/\/ironsky.pl\/sklep\/wp-json\/wp\/v2\/types\/product"}],"replies":[{"embeddable":true,"href":"https:\/\/ironsky.pl\/sklep\/wp-json\/wp\/v2\/comments?post=59047"}],"wp:featuredmedia":[{"embeddable":true,"href":"https:\/\/ironsky.pl\/sklep\/wp-json\/wp\/v2\/media\/45269"}],"wp:attachment":[{"href":"https:\/\/ironsky.pl\/sklep\/wp-json\/wp\/v2\/media?parent=59047"}],"wp:term":[{"taxonomy":"product_brand","embeddable":true,"href":"https:\/\/ironsky.pl\/sklep\/wp-json\/wp\/v2\/product_brand?post=59047"},{"taxonomy":"product_cat","embeddable":true,"href":"https:\/\/ironsky.pl\/sklep\/wp-json\/wp\/v2\/product_cat?post=59047"},{"taxonomy":"product_tag","embeddable":true,"href":"https:\/\/ironsky.pl\/sklep\/wp-json\/wp\/v2\/product_tag?post=59047"}],"curies":[{"name":"wp","href":"https:\/\/api.w.org\/{rel}","templated":true}]}}