{"id":59042,"date":"2026-04-15T10:43:12","date_gmt":"2026-04-15T08:43:12","guid":{"rendered":"https:\/\/ironsky.pl\/sklep\/produkt\/zestaw-filtrow-i-obiektywow-freewell-do-dji-osmo-pocket-3-2\/"},"modified":"2026-04-15T10:43:16","modified_gmt":"2026-04-15T08:43:16","slug":"zestaw-filtrow-i-obiektywow-freewell-do-dji-osmo-pocket-3-2","status":"publish","type":"product","link":"https:\/\/ironsky.pl\/sklep\/produkt\/zestaw-filtrow-i-obiektywow-freewell-do-dji-osmo-pocket-3-2\/","title":{"rendered":"Zestaw filtr\u00f3w i obiektyw\u00f3w FREEWELL do DJI Osmo Pocket 3"},"content":{"rendered":"<h3>Zestaw filtr\u00f3w i obiektyw\u00f3w Freewell do DJI Osmo Pocket 3<\/h3>\n<p>Zestaw zawiera obiektywy makro, szerokok\u0105tny i anamorficzny oraz filtry ND 8\/32\/128, kt\u00f3re nadadz\u0105 Twoim uj\u0119ciom wyj\u0105tkowego charakteru. Co wi\u0119cej, powsta\u0142y z wysokiej jako\u015bci materia\u0142\u00f3w i s\u0105 odporne na zarysowania, kurz oraz t\u0142uste plamy. Ponadto ich monta\u017c i demonta\u017c nie sprawi\u0105 Ci problemu.<\/p>\n<p>\n<img decoding=\"async\" src=\"https:\/\/assets.innpro.pl\/7056\/8208\/1.jpg\" border=\"0\" \/>\n<\/p>\n<h3>Kinowa jako\u015b\u0107<\/h3>\n<p>Odkryj nowy poziom kreatywno\u015bci z zestawem Freewell, kt\u00f3ry zawiera obiektyw makro 40 mm i szerokok\u0105tny 0,9x, specjalnie zaprojektowany dla DJI Osmo Pocket 3. Dzi\u0119ki obiektywowi anamorficznemu 1.1x mo\u017cesz nada\u0107 swoim filmom kinowy wygl\u0105d, uzyskuj\u0105c proporcje obrazu i flary obiektywu typowe dla produkcji filmowych. To idealne narz\u0119dzie dla tw\u00f3rc\u00f3w, kt\u00f3rzy chc\u0105 wnie\u015b\u0107 do swoich projekt\u00f3w atmosfer\u0119 rodem z kina.<\/p>\n<p>\n<img decoding=\"async\" src=\"https:\/\/assets.innpro.pl\/7056\/8208\/4.jpg\" border=\"0\" \/>\n<\/p>\n<h3>Zestaw filtr\u00f3w ND<\/h3>\n<p>Wysokiej jako\u015bci filtry ND (ND8, ND32, ND128) gwarantuj\u0105 doskona\u0142e rezultaty w r\u00f3\u017cnych warunkach o\u015bwietleniowych. Skutecznie kontroluj\u0105 ilo\u015b\u0107 wpadaj\u0105cego do obiektywu \u015bwiat\u0142a, zapobiegaj\u0105c prze\u015bwietleniom.<\/p>\n<p>\n<img decoding=\"async\" src=\"https:\/\/assets.innpro.pl\/7056\/8208\/2.jpg\" border=\"0\" \/>\n<\/p>\n<h3>Innowacyjna konstrukcja<\/h3>\n<p>Unikalna, od\u0142\u0105czana konstrukcja obiektywu szerokok\u0105tnego, kt\u00f3ry przekszta\u0142ca si\u0119 w obiektyw makro, pozwala uchwyci\u0107 wyj\u0105tkowe uj\u0119cia pe\u0142ne detali. Dzi\u0119ki temu mo\u017cesz eksplorowa\u0107 zar\u00f3wno szerokie perspektywy, jak i mikroskopijne elementy bez konieczno\u015bci zmiany sprz\u0119tu.<\/p>\n<p>\n<img decoding=\"async\" src=\"https:\/\/assets.innpro.pl\/7056\/8208\/6.jpg\" border=\"0\" \/>\n<\/p>\n<h3>\u0141atwy w u\u017cyciu<\/h3>\n<p>Zestaw obiektyw\u00f3w i filtr\u00f3w zosta\u0142 zaprojektowany z my\u015bl\u0105 o prostocie i wydajno\u015bci. Jest idealny zar\u00f3wno dla profesjonalist\u00f3w, jak i hobbyst\u00f3w, kt\u00f3rzy chc\u0105 podnie\u015b\u0107 jako\u015b\u0107 swoich materia\u0142\u00f3w. Ponadto gwarantuje \u0142atwo\u015b\u0107 u\u017cycia i szybk\u0105 instalacj\u0119, pozwalaj\u0105c Ci skupi\u0107 si\u0119 na tworzeniu niesamowitych tre\u015bci.<\/p>\n<p>\n<img decoding=\"async\" src=\"https:\/\/assets.innpro.pl\/7056\/8208\/5.jpg\" border=\"0\" \/>\n<\/p>\n<h3>W zestawie<\/h3>\n<ul class=\"list-disc pl-5\">\n<li>obiektyw makro 40 mm<\/li>\n<li>\n<p style=\"text-align:justify\">obiektyw szerokok\u0105tny<\/p>\n<\/li>\n<li>\n<p style=\"text-align:justify\">obiektyw anamorficzny<\/p>\n<\/li>\n<li>\n<p style=\"text-align:justify\">filtr ND8<\/p>\n<\/li>\n<li>\n<p style=\"text-align:justify\">filtr ND32<\/p>\n<\/li>\n<li>\n<p style=\"text-align:justify\">filtr ND128<\/p>\n<\/li>\n<\/ul>\n<div class=\"table-wrapper\">\n<p>\u00a0<\/p>\n<h3><\/h3>\n<table>\n<tbody>\n<tr>\n<th>Producent<\/th>\n<td>Freewell<\/td>\n<\/tr>\n<tr>\n<th>Model<\/th>\n<td>FW-OP3-CLWND<\/td>\n<\/tr>\n<tr>\n<th>Kompatybilno\u015b\u0107<\/th>\n<td>DJI Osmo Pocket 3<\/td>\n<\/tr>\n<tr>\n<th>Waga<\/th>\n<td>makro: 3.2 g, obiektyw anamorficzny: 5.6 g, obiektyw szerokok\u0105tny + makro: 6.5 g, filtr ND: 1 g<\/td>\n<\/tr>\n<\/tbody>\n<\/table>\n<\/div>\n","protected":false},"excerpt":{"rendered":"<p>Zestaw filtr\u00f3w i obiektyw\u00f3w Freewell do DJI Osmo Pocket 3 Zestaw zawiera obiektywy makro, szerokok\u0105tny i anamorficzny oraz filtry ND<\/p>\n","protected":false},"featured_media":59043,"comment_status":"closed","ping_status":"open","template":"","meta":{"_acf_changed":false},"product_brand":[],"product_cat":[6224,6211,1128],"product_tag":[],"class_list":{"0":"post-59042","1":"product","2":"type-product","3":"status-publish","4":"has-post-thumbnail","6":"product_cat-do-kamer-sportowych-filtry","7":"product_cat-filtry","8":"product_cat-foto-wideo","9":"pa_okres-gwarancji-5754","10":"pa_producent-freewell","12":"first","13":"outofstock","14":"taxable","15":"shipping-taxable","16":"purchasable","17":"product-type-simple"},"acf":[],"yoast_head":"<!-- This site is optimized with the Yoast SEO plugin v27.2 - https:\/\/yoast.com\/product\/yoast-seo-wordpress\/ -->\n<title>Zestaw filtr\u00f3w i obiektyw\u00f3w FREEWELL do DJI Osmo Pocket 3 - IRONSKY.PL Sklep z Dronami<\/title>\n<meta name=\"description\" content=\"Zestaw filtr\u00f3w i obiektyw\u00f3w FREEWELL do DJI Osmo Pocket 3 - \u2705 sklep z dronami i fachowym doradztwem. \u2705 Tutaj kupisz produkty DJI, Yuneec, Parrot, Syma i wiele innych, a tak\u017ce kursy i licencje na operatora drona.\" \/>\n<meta name=\"robots\" content=\"index, follow, max-snippet:-1, max-image-preview:large, max-video-preview:-1\" \/>\n<link rel=\"canonical\" href=\"https:\/\/ironsky.pl\/sklep\/produkt\/zestaw-filtrow-i-obiektywow-freewell-do-dji-osmo-pocket-3-2\/\" \/>\n<meta property=\"og:locale\" content=\"pl_PL\" \/>\n<meta property=\"og:type\" content=\"article\" \/>\n<meta property=\"og:title\" content=\"Zestaw filtr\u00f3w i obiektyw\u00f3w FREEWELL do DJI Osmo Pocket 3 - IRONSKY.PL Sklep z Dronami\" \/>\n<meta property=\"og:description\" content=\"Zestaw filtr\u00f3w i obiektyw\u00f3w FREEWELL do DJI Osmo Pocket 3 - \u2705 sklep z dronami i fachowym doradztwem. \u2705 Tutaj kupisz produkty DJI, Yuneec, Parrot, Syma i wiele innych, a tak\u017ce kursy i licencje na operatora drona.\" \/>\n<meta property=\"og:url\" content=\"https:\/\/ironsky.pl\/sklep\/produkt\/zestaw-filtrow-i-obiektywow-freewell-do-dji-osmo-pocket-3-2\/\" \/>\n<meta property=\"og:site_name\" content=\"IRONSKY.PL Sklep z Dronami\" \/>\n<meta property=\"article:modified_time\" content=\"2026-04-15T08:43:16+00:00\" \/>\n<meta property=\"og:image\" content=\"https:\/\/ironsky.pl\/sklep\/wp-content\/uploads\/2026\/04\/44283_1.webp\" \/>\n\t<meta property=\"og:image:width\" content=\"800\" \/>\n\t<meta property=\"og:image:height\" content=\"800\" \/>\n\t<meta property=\"og:image:type\" content=\"image\/webp\" \/>\n<meta name=\"twitter:card\" content=\"summary_large_image\" \/>\n<meta name=\"twitter:label1\" content=\"Szacowany czas czytania\" \/>\n\t<meta name=\"twitter:data1\" content=\"2 minuty\" \/>\n<script type=\"application\/ld+json\" class=\"yoast-schema-graph\">{\"@context\":\"https:\/\/schema.org\",\"@graph\":[{\"@type\":\"WebPage\",\"@id\":\"https:\/\/ironsky.pl\/sklep\/produkt\/zestaw-filtrow-i-obiektywow-freewell-do-dji-osmo-pocket-3-2\/\",\"url\":\"https:\/\/ironsky.pl\/sklep\/produkt\/zestaw-filtrow-i-obiektywow-freewell-do-dji-osmo-pocket-3-2\/\",\"name\":\"Zestaw filtr\u00f3w i obiektyw\u00f3w FREEWELL do DJI Osmo Pocket 3 - IRONSKY.PL Sklep z Dronami\",\"isPartOf\":{\"@id\":\"https:\/\/ironsky.pl\/sklep\/#website\"},\"primaryImageOfPage\":{\"@id\":\"https:\/\/ironsky.pl\/sklep\/produkt\/zestaw-filtrow-i-obiektywow-freewell-do-dji-osmo-pocket-3-2\/#primaryimage\"},\"image\":{\"@id\":\"https:\/\/ironsky.pl\/sklep\/produkt\/zestaw-filtrow-i-obiektywow-freewell-do-dji-osmo-pocket-3-2\/#primaryimage\"},\"thumbnailUrl\":\"https:\/\/ironsky.pl\/sklep\/wp-content\/uploads\/2026\/04\/44283_1.webp\",\"datePublished\":\"2026-04-15T08:43:12+00:00\",\"dateModified\":\"2026-04-15T08:43:16+00:00\",\"description\":\"Zestaw filtr\u00f3w i obiektyw\u00f3w FREEWELL do DJI Osmo Pocket 3 - \u2705 sklep z dronami i fachowym doradztwem. \u2705 Tutaj kupisz produkty DJI, Yuneec, Parrot, Syma i wiele innych, a tak\u017ce kursy i licencje na operatora drona.\",\"breadcrumb\":{\"@id\":\"https:\/\/ironsky.pl\/sklep\/produkt\/zestaw-filtrow-i-obiektywow-freewell-do-dji-osmo-pocket-3-2\/#breadcrumb\"},\"inLanguage\":\"pl-PL\",\"potentialAction\":[{\"@type\":\"ReadAction\",\"target\":[\"https:\/\/ironsky.pl\/sklep\/produkt\/zestaw-filtrow-i-obiektywow-freewell-do-dji-osmo-pocket-3-2\/\"]}]},{\"@type\":\"ImageObject\",\"inLanguage\":\"pl-PL\",\"@id\":\"https:\/\/ironsky.pl\/sklep\/produkt\/zestaw-filtrow-i-obiektywow-freewell-do-dji-osmo-pocket-3-2\/#primaryimage\",\"url\":\"https:\/\/ironsky.pl\/sklep\/wp-content\/uploads\/2026\/04\/44283_1.webp\",\"contentUrl\":\"https:\/\/ironsky.pl\/sklep\/wp-content\/uploads\/2026\/04\/44283_1.webp\",\"width\":800,\"height\":800},{\"@type\":\"BreadcrumbList\",\"@id\":\"https:\/\/ironsky.pl\/sklep\/produkt\/zestaw-filtrow-i-obiektywow-freewell-do-dji-osmo-pocket-3-2\/#breadcrumb\",\"itemListElement\":[{\"@type\":\"ListItem\",\"position\":1,\"name\":\"Strona g\u0142\u00f3wna\",\"item\":\"https:\/\/ironsky.pl\/sklep\/\"},{\"@type\":\"ListItem\",\"position\":2,\"name\":\"Wszystkie produkty\",\"item\":\"https:\/\/ironsky.pl\/sklep\/produkty\/\"},{\"@type\":\"ListItem\",\"position\":3,\"name\":\"Zestaw filtr\u00f3w i obiektyw\u00f3w FREEWELL do DJI Osmo Pocket 3\"}]},{\"@type\":\"WebSite\",\"@id\":\"https:\/\/ironsky.pl\/sklep\/#website\",\"url\":\"https:\/\/ironsky.pl\/sklep\/\",\"name\":\"IRONSKY.PL Sklep z Dronami\",\"description\":\"IRONSKY.PL Sklep z Dronami\",\"potentialAction\":[{\"@type\":\"SearchAction\",\"target\":{\"@type\":\"EntryPoint\",\"urlTemplate\":\"https:\/\/ironsky.pl\/sklep\/?s={search_term_string}\"},\"query-input\":{\"@type\":\"PropertyValueSpecification\",\"valueRequired\":true,\"valueName\":\"search_term_string\"}}],\"inLanguage\":\"pl-PL\"}]}<\/script>\n<!-- \/ Yoast SEO plugin. -->","yoast_head_json":{"title":"Zestaw filtr\u00f3w i obiektyw\u00f3w FREEWELL do DJI Osmo Pocket 3 - IRONSKY.PL Sklep z Dronami","description":"Zestaw filtr\u00f3w i obiektyw\u00f3w FREEWELL do DJI Osmo Pocket 3 - \u2705 sklep z dronami i fachowym doradztwem. \u2705 Tutaj kupisz produkty DJI, Yuneec, Parrot, Syma i wiele innych, a tak\u017ce kursy i licencje na operatora drona.","robots":{"index":"index","follow":"follow","max-snippet":"max-snippet:-1","max-image-preview":"max-image-preview:large","max-video-preview":"max-video-preview:-1"},"canonical":"https:\/\/ironsky.pl\/sklep\/produkt\/zestaw-filtrow-i-obiektywow-freewell-do-dji-osmo-pocket-3-2\/","og_locale":"pl_PL","og_type":"article","og_title":"Zestaw filtr\u00f3w i obiektyw\u00f3w FREEWELL do DJI Osmo Pocket 3 - IRONSKY.PL Sklep z Dronami","og_description":"Zestaw filtr\u00f3w i obiektyw\u00f3w FREEWELL do DJI Osmo Pocket 3 - \u2705 sklep z dronami i fachowym doradztwem. \u2705 Tutaj kupisz produkty DJI, Yuneec, Parrot, Syma i wiele innych, a tak\u017ce kursy i licencje na operatora drona.","og_url":"https:\/\/ironsky.pl\/sklep\/produkt\/zestaw-filtrow-i-obiektywow-freewell-do-dji-osmo-pocket-3-2\/","og_site_name":"IRONSKY.PL Sklep z Dronami","article_modified_time":"2026-04-15T08:43:16+00:00","og_image":[{"width":800,"height":800,"url":"https:\/\/ironsky.pl\/sklep\/wp-content\/uploads\/2026\/04\/44283_1.webp","type":"image\/webp"}],"twitter_card":"summary_large_image","twitter_misc":{"Szacowany czas czytania":"2 minuty"},"schema":{"@context":"https:\/\/schema.org","@graph":[{"@type":"WebPage","@id":"https:\/\/ironsky.pl\/sklep\/produkt\/zestaw-filtrow-i-obiektywow-freewell-do-dji-osmo-pocket-3-2\/","url":"https:\/\/ironsky.pl\/sklep\/produkt\/zestaw-filtrow-i-obiektywow-freewell-do-dji-osmo-pocket-3-2\/","name":"Zestaw filtr\u00f3w i obiektyw\u00f3w FREEWELL do DJI Osmo Pocket 3 - IRONSKY.PL Sklep z Dronami","isPartOf":{"@id":"https:\/\/ironsky.pl\/sklep\/#website"},"primaryImageOfPage":{"@id":"https:\/\/ironsky.pl\/sklep\/produkt\/zestaw-filtrow-i-obiektywow-freewell-do-dji-osmo-pocket-3-2\/#primaryimage"},"image":{"@id":"https:\/\/ironsky.pl\/sklep\/produkt\/zestaw-filtrow-i-obiektywow-freewell-do-dji-osmo-pocket-3-2\/#primaryimage"},"thumbnailUrl":"https:\/\/ironsky.pl\/sklep\/wp-content\/uploads\/2026\/04\/44283_1.webp","datePublished":"2026-04-15T08:43:12+00:00","dateModified":"2026-04-15T08:43:16+00:00","description":"Zestaw filtr\u00f3w i obiektyw\u00f3w FREEWELL do DJI Osmo Pocket 3 - \u2705 sklep z dronami i fachowym doradztwem. \u2705 Tutaj kupisz produkty DJI, Yuneec, Parrot, Syma i wiele innych, a tak\u017ce kursy i licencje na operatora drona.","breadcrumb":{"@id":"https:\/\/ironsky.pl\/sklep\/produkt\/zestaw-filtrow-i-obiektywow-freewell-do-dji-osmo-pocket-3-2\/#breadcrumb"},"inLanguage":"pl-PL","potentialAction":[{"@type":"ReadAction","target":["https:\/\/ironsky.pl\/sklep\/produkt\/zestaw-filtrow-i-obiektywow-freewell-do-dji-osmo-pocket-3-2\/"]}]},{"@type":"ImageObject","inLanguage":"pl-PL","@id":"https:\/\/ironsky.pl\/sklep\/produkt\/zestaw-filtrow-i-obiektywow-freewell-do-dji-osmo-pocket-3-2\/#primaryimage","url":"https:\/\/ironsky.pl\/sklep\/wp-content\/uploads\/2026\/04\/44283_1.webp","contentUrl":"https:\/\/ironsky.pl\/sklep\/wp-content\/uploads\/2026\/04\/44283_1.webp","width":800,"height":800},{"@type":"BreadcrumbList","@id":"https:\/\/ironsky.pl\/sklep\/produkt\/zestaw-filtrow-i-obiektywow-freewell-do-dji-osmo-pocket-3-2\/#breadcrumb","itemListElement":[{"@type":"ListItem","position":1,"name":"Strona g\u0142\u00f3wna","item":"https:\/\/ironsky.pl\/sklep\/"},{"@type":"ListItem","position":2,"name":"Wszystkie produkty","item":"https:\/\/ironsky.pl\/sklep\/produkty\/"},{"@type":"ListItem","position":3,"name":"Zestaw filtr\u00f3w i obiektyw\u00f3w FREEWELL do DJI Osmo Pocket 3"}]},{"@type":"WebSite","@id":"https:\/\/ironsky.pl\/sklep\/#website","url":"https:\/\/ironsky.pl\/sklep\/","name":"IRONSKY.PL Sklep z Dronami","description":"IRONSKY.PL Sklep z Dronami","potentialAction":[{"@type":"SearchAction","target":{"@type":"EntryPoint","urlTemplate":"https:\/\/ironsky.pl\/sklep\/?s={search_term_string}"},"query-input":{"@type":"PropertyValueSpecification","valueRequired":true,"valueName":"search_term_string"}}],"inLanguage":"pl-PL"}]}},"_links":{"self":[{"href":"https:\/\/ironsky.pl\/sklep\/wp-json\/wp\/v2\/product\/59042","targetHints":{"allow":["GET"]}}],"collection":[{"href":"https:\/\/ironsky.pl\/sklep\/wp-json\/wp\/v2\/product"}],"about":[{"href":"https:\/\/ironsky.pl\/sklep\/wp-json\/wp\/v2\/types\/product"}],"replies":[{"embeddable":true,"href":"https:\/\/ironsky.pl\/sklep\/wp-json\/wp\/v2\/comments?post=59042"}],"wp:featuredmedia":[{"embeddable":true,"href":"https:\/\/ironsky.pl\/sklep\/wp-json\/wp\/v2\/media\/59043"}],"wp:attachment":[{"href":"https:\/\/ironsky.pl\/sklep\/wp-json\/wp\/v2\/media?parent=59042"}],"wp:term":[{"taxonomy":"product_brand","embeddable":true,"href":"https:\/\/ironsky.pl\/sklep\/wp-json\/wp\/v2\/product_brand?post=59042"},{"taxonomy":"product_cat","embeddable":true,"href":"https:\/\/ironsky.pl\/sklep\/wp-json\/wp\/v2\/product_cat?post=59042"},{"taxonomy":"product_tag","embeddable":true,"href":"https:\/\/ironsky.pl\/sklep\/wp-json\/wp\/v2\/product_tag?post=59042"}],"curies":[{"name":"wp","href":"https:\/\/api.w.org\/{rel}","templated":true}]}}