{"id":59040,"date":"2026-04-15T10:43:12","date_gmt":"2026-04-15T08:43:12","guid":{"rendered":"https:\/\/ironsky.pl\/sklep\/produkt\/ekran-projekcyjny-blitzwolf-bw-vs4-120-2\/"},"modified":"2026-04-15T10:43:14","modified_gmt":"2026-04-15T08:43:14","slug":"ekran-projekcyjny-blitzwolf-bw-vs4-120-2","status":"publish","type":"product","link":"https:\/\/ironsky.pl\/sklep\/produkt\/ekran-projekcyjny-blitzwolf-bw-vs4-120-2\/","title":{"rendered":"Ekran projekcyjny BLITZWOLF BW-VS4 120&#8243;"},"content":{"rendered":"<h3>Ekran projekcyjny BlitzWolf BW-VS4 120&#8243;<\/h3>\n<p>Ekran BlitzWolf BW-VS4 120&#8243; to wyj\u0105tkowe rozwi\u0105zanie dla mi\u0142o\u015bnik\u00f3w kina domowego, profesjonalist\u00f3w zwi\u0105zanych z grafik\u0105 oraz graczy, kt\u00f3rzy oczekuj\u0105 najwy\u017cszej jako\u015bci obrazu. Dzi\u0119ki innowacyjnym technologiom, takim jak rozdzielczo\u015b\u0107 4K Ultra HD i szeroki k\u0105t widzenia 160\u00b0 ekran BW-VS4 gwarantuje niesamowite wra\u017cenia wizualne. \u0141atwa instalacja oraz elegancki design sprawiaj\u0105, \u017ce idealnie komponuje si\u0119 z ka\u017cdym wn\u0119trzem, oferuj\u0105c jednocze\u015bnie zaawansowane funkcje, kt\u00f3re spe\u0142ni\u0105 oczekiwania nawet najbardziej wymagaj\u0105cych u\u017cytkownik\u00f3w.<\/p>\n<p>\n<img decoding=\"async\" src=\"https:\/\/assets.innpro.pl\/8000\/9303\/1.jpg\" border=\"0\" alt=\"\" \/>\n<\/p>\n<h3>\u0141atwa instalacja<\/h3>\n<p>Instalacja ekranu BlitzWolf BW-VS4 jest prosta i szybka. Mo\u017cna go \u0142atwo przymocowa\u0107 do \u015bciany za pomoc\u0105 pinezek lub dwustronnej ta\u015bmy klej\u0105cej, co pozwala na szybkie rozpocz\u0119cie korzystania z niego bez potrzeby anga\u017cowania specjalist\u00f3w.<\/p>\n<p>\n<img decoding=\"async\" src=\"https:\/\/assets.innpro.pl\/8000\/9303\/3.jpg\" border=\"0\" alt=\"\" \/>\n<\/p>\n<h3>Niesamowita jako\u015b\u0107 obrazu<\/h3>\n<p>Dzi\u0119ki du\u017cej powierzchni projekcyjnej o przek\u0105tnej 120 cali oraz wsparciu dla rozdzielczo\u015bci 4K Ultra HD, ekran BW-VS4 oferuje krystalicznie czysty obraz, kt\u00f3ry wci\u0105ga Ci\u0119 w ka\u017cd\u0105 scen\u0119. Wysoka jasno\u015b\u0107 oraz specjalna pow\u0142oka optyczna zapewniaj\u0105 doskona\u0142\u0105 widoczno\u015b\u0107 niezale\u017cnie od warunk\u00f3w o\u015bwietleniowych.<\/p>\n<p>\n<img decoding=\"async\" src=\"https:\/\/assets.innpro.pl\/8000\/9303\/6.jpg\" border=\"0\" alt=\"\" \/>\n<\/p>\n<h3>Redukcja \u015bwiat\u0142a otoczenia<\/h3>\n<p>Ekran BlitzWolf BW-VS4 zosta\u0142 wyposa\u017cony w unikaln\u0105 struktur\u0119 optyczn\u0105, kt\u00f3ra redukuje 93% \u015bwiat\u0142a otoczenia. Dzi\u0119ki warstwie pryzmatycznej TPU i transparentnej warstwie PET ekran skutecznie poch\u0142ania \u015bwiat\u0142o, minimalizuj\u0105c zak\u0142\u00f3cenia wizualne i zapewniaj\u0105c wyra\u017any obraz nawet w jasnych pomieszczeniach.<\/p>\n<p>\n<img decoding=\"async\" src=\"https:\/\/assets.innpro.pl\/8000\/9303\/2.jpg\" border=\"0\" alt=\"\" \/>\n<\/p>\n<h3>Realistyczne kolory i szeroki k\u0105t widzenia<\/h3>\n<p>Technologia przywracania rzeczywistych kolor\u00f3w sprawia, \u017ce obrazy na ekranie BW-VS4 s\u0105 niezwykle realistyczne i pe\u0142ne \u017cycia. Szeroki k\u0105t widzenia 160\u00b0 pozwala cieszy\u0107 si\u0119 doskona\u0142\u0105 jako\u015bci\u0105 obrazu z ka\u017cdego miejsca w pokoju, co jest idealne podczas ogl\u0105dania film\u00f3w z rodzin\u0105 i przyjaci\u00f3\u0142mi.<\/p>\n<p>\n<img decoding=\"async\" src=\"https:\/\/assets.innpro.pl\/8000\/9303\/4.jpg\" border=\"0\" alt=\"\" \/>\n<\/p>\n<h3>Doskona\u0142a wsp\u00f3\u0142praca z projektorami o ultrakr\u00f3tkim rzucie<\/h3>\n<p>Ekran BW-VS4 zosta\u0142 zoptymalizowany do wsp\u00f3\u0142pracy z projektorami o ultrakr\u00f3tkim rzucie, co zapewnia znacznie lepsz\u0105 jasno\u015b\u0107, kontrast oraz wierno\u015b\u0107 kolor\u00f3w w por\u00f3wnaniu do tradycyjnych ekran\u00f3w projekcyjnych. To oznacza, \u017ce mo\u017cesz cieszy\u0107 si\u0119 wyj\u0105tkow\u0105 jako\u015bci\u0105 obrazu w swoim domowym kinie, uzyskuj\u0105c wci\u0105gaj\u0105ce wra\u017cenia wizualne, kt\u00f3re wcze\u015bniej by\u0142y dost\u0119pne tylko w profesjonalnych warunkach.<\/p>\n<p>\n<img decoding=\"async\" src=\"https:\/\/assets.innpro.pl\/8000\/9303\/7.jpg\" border=\"0\" alt=\"\" \/>\n<\/p>\n<div class=\"table-wrapper\">\n<p>\u00a0<\/p>\n<h3><\/h3>\n<table>\n<tbody>\n<tr>\n<th>Producent<\/th>\n<td>BlitzWolf<\/td>\n<\/tr>\n<tr>\n<th>Model<\/th>\n<td>BW-VS4<\/td>\n<\/tr>\n<tr>\n<th>Stosunek projekcji <\/th>\n<td>16:9<\/td>\n<\/tr>\n<tr>\n<th>Rozmiar ekranu<\/th>\n<td>2656 x 1494 mm<\/td>\n<\/tr>\n<tr>\n<th>Waga ekranu<\/th>\n<td>11,1 kg<\/td>\n<\/tr>\n<tr>\n<th>K\u0105t widzenia<\/th>\n<td>160\u00b0<\/td>\n<\/tr>\n<tr>\n<th>Odporno\u015b\u0107 na \u015bwiat\u0142o otoczenia<\/th>\n<td>92%<\/td>\n<\/tr>\n<\/tbody>\n<\/table>\n<\/div>\n","protected":false},"excerpt":{"rendered":"<p>Ekran projekcyjny BlitzWolf BW-VS4 120&#8243; Ekran BlitzWolf BW-VS4 120&#8243; to wyj\u0105tkowe rozwi\u0105zanie dla mi\u0142o\u015bnik\u00f3w kina domowego, profesjonalist\u00f3w zwi\u0105zanych z grafik\u0105<\/p>\n","protected":false},"featured_media":45217,"comment_status":"closed","ping_status":"open","template":"","meta":{"_acf_changed":false},"product_brand":[],"product_cat":[5929,5971,5953],"product_tag":[],"class_list":{"0":"post-59040","1":"product","2":"type-product","3":"status-publish","4":"has-post-thumbnail","6":"product_cat-akcesoria-it","7":"product_cat-ekrany-projekcyjne","8":"product_cat-projekcja","9":"pa_okres-gwarancji-5768","10":"pa_producent-blitzwolf","12":"first","13":"outofstock","14":"taxable","15":"shipping-taxable","16":"purchasable","17":"product-type-simple"},"acf":[],"yoast_head":"<!-- This site is optimized with the Yoast SEO plugin v27.2 - https:\/\/yoast.com\/product\/yoast-seo-wordpress\/ -->\n<title>Ekran projekcyjny BLITZWOLF BW-VS4 120&quot; - IRONSKY.PL Sklep z Dronami<\/title>\n<meta name=\"description\" content=\"Ekran projekcyjny BLITZWOLF BW-VS4 120&quot; - \u2705 sklep z dronami i fachowym doradztwem. \u2705 Tutaj kupisz produkty DJI, Yuneec, Parrot, Syma i wiele innych, a tak\u017ce kursy i licencje na operatora drona.\" \/>\n<meta name=\"robots\" content=\"index, follow, max-snippet:-1, max-image-preview:large, max-video-preview:-1\" \/>\n<link rel=\"canonical\" href=\"https:\/\/ironsky.pl\/sklep\/produkt\/ekran-projekcyjny-blitzwolf-bw-vs4-120-2\/\" \/>\n<meta property=\"og:locale\" content=\"pl_PL\" \/>\n<meta property=\"og:type\" content=\"article\" \/>\n<meta property=\"og:title\" content=\"Ekran projekcyjny BLITZWOLF BW-VS4 120&quot; - IRONSKY.PL Sklep z Dronami\" \/>\n<meta property=\"og:description\" content=\"Ekran projekcyjny BLITZWOLF BW-VS4 120&quot; - \u2705 sklep z dronami i fachowym doradztwem. \u2705 Tutaj kupisz produkty DJI, Yuneec, Parrot, Syma i wiele innych, a tak\u017ce kursy i licencje na operatora drona.\" \/>\n<meta property=\"og:url\" content=\"https:\/\/ironsky.pl\/sklep\/produkt\/ekran-projekcyjny-blitzwolf-bw-vs4-120-2\/\" \/>\n<meta property=\"og:site_name\" content=\"IRONSKY.PL Sklep z Dronami\" \/>\n<meta property=\"article:modified_time\" content=\"2026-04-15T08:43:14+00:00\" \/>\n<meta property=\"og:image\" content=\"https:\/\/ironsky.pl\/sklep\/wp-content\/uploads\/2025\/06\/44272_1.jpg\" \/>\n\t<meta property=\"og:image:width\" content=\"800\" \/>\n\t<meta property=\"og:image:height\" content=\"800\" \/>\n\t<meta property=\"og:image:type\" content=\"image\/jpeg\" \/>\n<meta name=\"twitter:card\" content=\"summary_large_image\" \/>\n<meta name=\"twitter:label1\" content=\"Szacowany czas czytania\" \/>\n\t<meta name=\"twitter:data1\" content=\"2 minuty\" \/>\n<script type=\"application\/ld+json\" class=\"yoast-schema-graph\">{\"@context\":\"https:\/\/schema.org\",\"@graph\":[{\"@type\":\"WebPage\",\"@id\":\"https:\/\/ironsky.pl\/sklep\/produkt\/ekran-projekcyjny-blitzwolf-bw-vs4-120-2\/\",\"url\":\"https:\/\/ironsky.pl\/sklep\/produkt\/ekran-projekcyjny-blitzwolf-bw-vs4-120-2\/\",\"name\":\"Ekran projekcyjny BLITZWOLF BW-VS4 120\\\" - IRONSKY.PL Sklep z Dronami\",\"isPartOf\":{\"@id\":\"https:\/\/ironsky.pl\/sklep\/#website\"},\"primaryImageOfPage\":{\"@id\":\"https:\/\/ironsky.pl\/sklep\/produkt\/ekran-projekcyjny-blitzwolf-bw-vs4-120-2\/#primaryimage\"},\"image\":{\"@id\":\"https:\/\/ironsky.pl\/sklep\/produkt\/ekran-projekcyjny-blitzwolf-bw-vs4-120-2\/#primaryimage\"},\"thumbnailUrl\":\"https:\/\/ironsky.pl\/sklep\/wp-content\/uploads\/2025\/06\/44272_1.jpg\",\"datePublished\":\"2026-04-15T08:43:12+00:00\",\"dateModified\":\"2026-04-15T08:43:14+00:00\",\"description\":\"Ekran projekcyjny BLITZWOLF BW-VS4 120\\\" - \u2705 sklep z dronami i fachowym doradztwem. \u2705 Tutaj kupisz produkty DJI, Yuneec, Parrot, Syma i wiele innych, a tak\u017ce kursy i licencje na operatora drona.\",\"breadcrumb\":{\"@id\":\"https:\/\/ironsky.pl\/sklep\/produkt\/ekran-projekcyjny-blitzwolf-bw-vs4-120-2\/#breadcrumb\"},\"inLanguage\":\"pl-PL\",\"potentialAction\":[{\"@type\":\"ReadAction\",\"target\":[\"https:\/\/ironsky.pl\/sklep\/produkt\/ekran-projekcyjny-blitzwolf-bw-vs4-120-2\/\"]}]},{\"@type\":\"ImageObject\",\"inLanguage\":\"pl-PL\",\"@id\":\"https:\/\/ironsky.pl\/sklep\/produkt\/ekran-projekcyjny-blitzwolf-bw-vs4-120-2\/#primaryimage\",\"url\":\"https:\/\/ironsky.pl\/sklep\/wp-content\/uploads\/2025\/06\/44272_1.jpg\",\"contentUrl\":\"https:\/\/ironsky.pl\/sklep\/wp-content\/uploads\/2025\/06\/44272_1.jpg\",\"width\":800,\"height\":800},{\"@type\":\"BreadcrumbList\",\"@id\":\"https:\/\/ironsky.pl\/sklep\/produkt\/ekran-projekcyjny-blitzwolf-bw-vs4-120-2\/#breadcrumb\",\"itemListElement\":[{\"@type\":\"ListItem\",\"position\":1,\"name\":\"Strona g\u0142\u00f3wna\",\"item\":\"https:\/\/ironsky.pl\/sklep\/\"},{\"@type\":\"ListItem\",\"position\":2,\"name\":\"Wszystkie produkty\",\"item\":\"https:\/\/ironsky.pl\/sklep\/produkty\/\"},{\"@type\":\"ListItem\",\"position\":3,\"name\":\"Ekran projekcyjny BLITZWOLF BW-VS4 120&#8243;\"}]},{\"@type\":\"WebSite\",\"@id\":\"https:\/\/ironsky.pl\/sklep\/#website\",\"url\":\"https:\/\/ironsky.pl\/sklep\/\",\"name\":\"IRONSKY.PL Sklep z Dronami\",\"description\":\"IRONSKY.PL Sklep z Dronami\",\"potentialAction\":[{\"@type\":\"SearchAction\",\"target\":{\"@type\":\"EntryPoint\",\"urlTemplate\":\"https:\/\/ironsky.pl\/sklep\/?s={search_term_string}\"},\"query-input\":{\"@type\":\"PropertyValueSpecification\",\"valueRequired\":true,\"valueName\":\"search_term_string\"}}],\"inLanguage\":\"pl-PL\"}]}<\/script>\n<!-- \/ Yoast SEO plugin. -->","yoast_head_json":{"title":"Ekran projekcyjny BLITZWOLF BW-VS4 120\" - IRONSKY.PL Sklep z Dronami","description":"Ekran projekcyjny BLITZWOLF BW-VS4 120\" - \u2705 sklep z dronami i fachowym doradztwem. \u2705 Tutaj kupisz produkty DJI, Yuneec, Parrot, Syma i wiele innych, a tak\u017ce kursy i licencje na operatora drona.","robots":{"index":"index","follow":"follow","max-snippet":"max-snippet:-1","max-image-preview":"max-image-preview:large","max-video-preview":"max-video-preview:-1"},"canonical":"https:\/\/ironsky.pl\/sklep\/produkt\/ekran-projekcyjny-blitzwolf-bw-vs4-120-2\/","og_locale":"pl_PL","og_type":"article","og_title":"Ekran projekcyjny BLITZWOLF BW-VS4 120\" - IRONSKY.PL Sklep z Dronami","og_description":"Ekran projekcyjny BLITZWOLF BW-VS4 120\" - \u2705 sklep z dronami i fachowym doradztwem. \u2705 Tutaj kupisz produkty DJI, Yuneec, Parrot, Syma i wiele innych, a tak\u017ce kursy i licencje na operatora drona.","og_url":"https:\/\/ironsky.pl\/sklep\/produkt\/ekran-projekcyjny-blitzwolf-bw-vs4-120-2\/","og_site_name":"IRONSKY.PL Sklep z Dronami","article_modified_time":"2026-04-15T08:43:14+00:00","og_image":[{"width":800,"height":800,"url":"https:\/\/ironsky.pl\/sklep\/wp-content\/uploads\/2025\/06\/44272_1.jpg","type":"image\/jpeg"}],"twitter_card":"summary_large_image","twitter_misc":{"Szacowany czas czytania":"2 minuty"},"schema":{"@context":"https:\/\/schema.org","@graph":[{"@type":"WebPage","@id":"https:\/\/ironsky.pl\/sklep\/produkt\/ekran-projekcyjny-blitzwolf-bw-vs4-120-2\/","url":"https:\/\/ironsky.pl\/sklep\/produkt\/ekran-projekcyjny-blitzwolf-bw-vs4-120-2\/","name":"Ekran projekcyjny BLITZWOLF BW-VS4 120\" - IRONSKY.PL Sklep z Dronami","isPartOf":{"@id":"https:\/\/ironsky.pl\/sklep\/#website"},"primaryImageOfPage":{"@id":"https:\/\/ironsky.pl\/sklep\/produkt\/ekran-projekcyjny-blitzwolf-bw-vs4-120-2\/#primaryimage"},"image":{"@id":"https:\/\/ironsky.pl\/sklep\/produkt\/ekran-projekcyjny-blitzwolf-bw-vs4-120-2\/#primaryimage"},"thumbnailUrl":"https:\/\/ironsky.pl\/sklep\/wp-content\/uploads\/2025\/06\/44272_1.jpg","datePublished":"2026-04-15T08:43:12+00:00","dateModified":"2026-04-15T08:43:14+00:00","description":"Ekran projekcyjny BLITZWOLF BW-VS4 120\" - \u2705 sklep z dronami i fachowym doradztwem. \u2705 Tutaj kupisz produkty DJI, Yuneec, Parrot, Syma i wiele innych, a tak\u017ce kursy i licencje na operatora drona.","breadcrumb":{"@id":"https:\/\/ironsky.pl\/sklep\/produkt\/ekran-projekcyjny-blitzwolf-bw-vs4-120-2\/#breadcrumb"},"inLanguage":"pl-PL","potentialAction":[{"@type":"ReadAction","target":["https:\/\/ironsky.pl\/sklep\/produkt\/ekran-projekcyjny-blitzwolf-bw-vs4-120-2\/"]}]},{"@type":"ImageObject","inLanguage":"pl-PL","@id":"https:\/\/ironsky.pl\/sklep\/produkt\/ekran-projekcyjny-blitzwolf-bw-vs4-120-2\/#primaryimage","url":"https:\/\/ironsky.pl\/sklep\/wp-content\/uploads\/2025\/06\/44272_1.jpg","contentUrl":"https:\/\/ironsky.pl\/sklep\/wp-content\/uploads\/2025\/06\/44272_1.jpg","width":800,"height":800},{"@type":"BreadcrumbList","@id":"https:\/\/ironsky.pl\/sklep\/produkt\/ekran-projekcyjny-blitzwolf-bw-vs4-120-2\/#breadcrumb","itemListElement":[{"@type":"ListItem","position":1,"name":"Strona g\u0142\u00f3wna","item":"https:\/\/ironsky.pl\/sklep\/"},{"@type":"ListItem","position":2,"name":"Wszystkie produkty","item":"https:\/\/ironsky.pl\/sklep\/produkty\/"},{"@type":"ListItem","position":3,"name":"Ekran projekcyjny BLITZWOLF BW-VS4 120&#8243;"}]},{"@type":"WebSite","@id":"https:\/\/ironsky.pl\/sklep\/#website","url":"https:\/\/ironsky.pl\/sklep\/","name":"IRONSKY.PL Sklep z Dronami","description":"IRONSKY.PL Sklep z Dronami","potentialAction":[{"@type":"SearchAction","target":{"@type":"EntryPoint","urlTemplate":"https:\/\/ironsky.pl\/sklep\/?s={search_term_string}"},"query-input":{"@type":"PropertyValueSpecification","valueRequired":true,"valueName":"search_term_string"}}],"inLanguage":"pl-PL"}]}},"_links":{"self":[{"href":"https:\/\/ironsky.pl\/sklep\/wp-json\/wp\/v2\/product\/59040","targetHints":{"allow":["GET"]}}],"collection":[{"href":"https:\/\/ironsky.pl\/sklep\/wp-json\/wp\/v2\/product"}],"about":[{"href":"https:\/\/ironsky.pl\/sklep\/wp-json\/wp\/v2\/types\/product"}],"replies":[{"embeddable":true,"href":"https:\/\/ironsky.pl\/sklep\/wp-json\/wp\/v2\/comments?post=59040"}],"wp:featuredmedia":[{"embeddable":true,"href":"https:\/\/ironsky.pl\/sklep\/wp-json\/wp\/v2\/media\/45217"}],"wp:attachment":[{"href":"https:\/\/ironsky.pl\/sklep\/wp-json\/wp\/v2\/media?parent=59040"}],"wp:term":[{"taxonomy":"product_brand","embeddable":true,"href":"https:\/\/ironsky.pl\/sklep\/wp-json\/wp\/v2\/product_brand?post=59040"},{"taxonomy":"product_cat","embeddable":true,"href":"https:\/\/ironsky.pl\/sklep\/wp-json\/wp\/v2\/product_cat?post=59040"},{"taxonomy":"product_tag","embeddable":true,"href":"https:\/\/ironsky.pl\/sklep\/wp-json\/wp\/v2\/product_tag?post=59040"}],"curies":[{"name":"wp","href":"https:\/\/api.w.org\/{rel}","templated":true}]}}