{"id":59023,"date":"2026-04-15T10:42:39","date_gmt":"2026-04-15T08:42:39","guid":{"rendered":"https:\/\/ironsky.pl\/sklep\/produkt\/etui-puluz-do-gopro-hero-9-10-11-12-z-paskiem\/"},"modified":"2026-04-15T10:43:01","modified_gmt":"2026-04-15T08:43:01","slug":"etui-puluz-do-gopro-hero-9-10-11-12-z-paskiem","status":"publish","type":"product","link":"https:\/\/ironsky.pl\/sklep\/produkt\/etui-puluz-do-gopro-hero-9-10-11-12-z-paskiem\/","title":{"rendered":"Etui PULUZ do GoPro Hero 9\/10\/11\/12 z paskiem"},"content":{"rendered":"<h3>Etui z os\u0142on\u0105 obiektywu i paskiem na szyj\u0119 PULUZ do GoPro Hero 9 \/ 10 \/ 11<\/h3>\n<p>Etui z os\u0142on\u0105 obiektywu i paskiem na szyj\u0119 PULUZ to idealne rozwi\u0105zanie dla ka\u017cdego u\u017cytkownika GoPro HERO9 \/ 10 \/ 11 \/ 12, dbaj\u0105cego o bezpiecze\u0144stwo swojego sprz\u0119tu i wygod\u0119 u\u017cytkowania. Skutecznie chroni kamer\u0119 przed zarysowaniami, brudem, a dzi\u0119ki specjalnym poduszkom powietrznym na czterech rogach, zwi\u0119ksza odporno\u015b\u0107 kamery na upadki i kolizje, co jest niezwykle wa\u017cne podczas dynamicznych aktywno\u015bci. Zintegrowana os\u0142ona obiektywu zapewnia dodatkow\u0105 ochron\u0119, zabezpieczaj\u0105c najwa\u017cniejsz\u0105 cz\u0119\u015b\u0107 Twojej kamery przed uszkodzeniami. Wszystkie przyciski i porty s\u0105 \u0142atwo dost\u0119pne, dzi\u0119ki czemu mo\u017cesz szybko i wygodnie korzysta\u0107 ze swojej kamery, bez konieczno\u015bci zdejmowania etui. W zestawie znajdziesz r\u00f3wnie\u017c pasek na szyj\u0119, kt\u00f3rego d\u0142ugo\u015b\u0107 mo\u017cna \u0142atwo dostosowa\u0107. Pasek mo\u017cna r\u00f3wnie\u017c owin\u0105\u0107 wok\u00f3\u0142 ramienia i u\u017cywa\u0107 jako pasek na r\u0119k\u0119, co zwi\u0119ksza wygod\u0119 i wszechstronno\u015b\u0107 u\u017cytkowania.<\/p>\n<p>\n<img decoding=\"async\" src=\"https:\/\/assets.innpro.pl\/7783\/9035\/5.jpg\" border=\"0\" \/>\n<\/p>\n<h3>W zestawie:<\/h3>\n<ul class=\"list-disc pl-5\">\n<li>etui ochronne<\/li>\n<li>za\u015blepka obiektywu<\/li>\n<li>pasek na szyj\u0119<\/li>\n<\/ul>\n<div class=\"table-wrapper\">\n<p>\u00a0<\/p>\n<h3><\/h3>\n<table>\n<tbody>\n<tr>\n<th>Producent<\/th>\n<td>Puluz<\/td>\n<\/tr>\n<tr>\n<th>Model<\/th>\n<td>PU932T<\/td>\n<\/tr>\n<tr>\n<th>Kompatybilno\u015b\u0107<\/th>\n<td>Kamera sportowa GoPro Hero 9 \/ 10 \/ 11<\/td>\n<\/tr>\n<tr>\n<th>Wymiary<\/th>\n<td>6.9 x 5 x 2.6 cm<\/td>\n<\/tr>\n<\/tbody>\n<\/table>\n<\/div>\n","protected":false},"excerpt":{"rendered":"<p>Etui z os\u0142on\u0105 obiektywu i paskiem na szyj\u0119 PULUZ do GoPro Hero 9 \/ 10 \/ 11 Etui z os\u0142on\u0105<\/p>\n","protected":false},"featured_media":59024,"comment_status":"closed","ping_status":"open","template":"","meta":{"_acf_changed":false},"product_brand":[],"product_cat":[1130,1137,1128],"product_tag":[],"class_list":{"0":"post-59023","1":"product","2":"type-product","3":"status-publish","4":"has-post-thumbnail","6":"product_cat-akcesoria-foto","7":"product_cat-do-kamer-sportowych","8":"product_cat-foto-wideo","9":"pa_okres-gwarancji-5754","10":"pa_producent-puluz","12":"first","13":"outofstock","14":"taxable","15":"shipping-taxable","16":"purchasable","17":"product-type-simple"},"acf":[],"yoast_head":"<!-- This site is optimized with the Yoast SEO plugin v27.2 - https:\/\/yoast.com\/product\/yoast-seo-wordpress\/ -->\n<title>Etui PULUZ do GoPro Hero 9\/10\/11\/12 z paskiem - IRONSKY.PL Sklep z Dronami<\/title>\n<meta name=\"description\" content=\"Etui PULUZ do GoPro Hero 9\/10\/11\/12 z paskiem - \u2705 sklep z dronami i fachowym doradztwem. \u2705 Tutaj kupisz produkty DJI, Yuneec, Parrot, Syma i wiele innych, a tak\u017ce kursy i licencje na operatora drona.\" \/>\n<meta name=\"robots\" content=\"index, follow, max-snippet:-1, max-image-preview:large, max-video-preview:-1\" \/>\n<link rel=\"canonical\" href=\"https:\/\/ironsky.pl\/sklep\/produkt\/etui-puluz-do-gopro-hero-9-10-11-12-z-paskiem\/\" \/>\n<meta property=\"og:locale\" content=\"pl_PL\" \/>\n<meta property=\"og:type\" content=\"article\" \/>\n<meta property=\"og:title\" content=\"Etui PULUZ do GoPro Hero 9\/10\/11\/12 z paskiem - IRONSKY.PL Sklep z Dronami\" \/>\n<meta property=\"og:description\" content=\"Etui PULUZ do GoPro Hero 9\/10\/11\/12 z paskiem - \u2705 sklep z dronami i fachowym doradztwem. \u2705 Tutaj kupisz produkty DJI, Yuneec, Parrot, Syma i wiele innych, a tak\u017ce kursy i licencje na operatora drona.\" \/>\n<meta property=\"og:url\" content=\"https:\/\/ironsky.pl\/sklep\/produkt\/etui-puluz-do-gopro-hero-9-10-11-12-z-paskiem\/\" \/>\n<meta property=\"og:site_name\" content=\"IRONSKY.PL Sklep z Dronami\" \/>\n<meta property=\"article:modified_time\" content=\"2026-04-15T08:43:01+00:00\" \/>\n<meta property=\"og:image\" content=\"https:\/\/ironsky.pl\/sklep\/wp-content\/uploads\/2026\/04\/44253_1.jpg\" \/>\n\t<meta property=\"og:image:width\" content=\"800\" \/>\n\t<meta property=\"og:image:height\" content=\"800\" \/>\n\t<meta property=\"og:image:type\" content=\"image\/jpeg\" \/>\n<meta name=\"twitter:card\" content=\"summary_large_image\" \/>\n<meta name=\"twitter:label1\" content=\"Szacowany czas czytania\" \/>\n\t<meta name=\"twitter:data1\" content=\"1 minuta\" \/>\n<script type=\"application\/ld+json\" class=\"yoast-schema-graph\">{\"@context\":\"https:\/\/schema.org\",\"@graph\":[{\"@type\":\"WebPage\",\"@id\":\"https:\/\/ironsky.pl\/sklep\/produkt\/etui-puluz-do-gopro-hero-9-10-11-12-z-paskiem\/\",\"url\":\"https:\/\/ironsky.pl\/sklep\/produkt\/etui-puluz-do-gopro-hero-9-10-11-12-z-paskiem\/\",\"name\":\"Etui PULUZ do GoPro Hero 9\/10\/11\/12 z paskiem - IRONSKY.PL Sklep z Dronami\",\"isPartOf\":{\"@id\":\"https:\/\/ironsky.pl\/sklep\/#website\"},\"primaryImageOfPage\":{\"@id\":\"https:\/\/ironsky.pl\/sklep\/produkt\/etui-puluz-do-gopro-hero-9-10-11-12-z-paskiem\/#primaryimage\"},\"image\":{\"@id\":\"https:\/\/ironsky.pl\/sklep\/produkt\/etui-puluz-do-gopro-hero-9-10-11-12-z-paskiem\/#primaryimage\"},\"thumbnailUrl\":\"https:\/\/ironsky.pl\/sklep\/wp-content\/uploads\/2026\/04\/44253_1.jpg\",\"datePublished\":\"2026-04-15T08:42:39+00:00\",\"dateModified\":\"2026-04-15T08:43:01+00:00\",\"description\":\"Etui PULUZ do GoPro Hero 9\/10\/11\/12 z paskiem - \u2705 sklep z dronami i fachowym doradztwem. \u2705 Tutaj kupisz produkty DJI, Yuneec, Parrot, Syma i wiele innych, a tak\u017ce kursy i licencje na operatora drona.\",\"breadcrumb\":{\"@id\":\"https:\/\/ironsky.pl\/sklep\/produkt\/etui-puluz-do-gopro-hero-9-10-11-12-z-paskiem\/#breadcrumb\"},\"inLanguage\":\"pl-PL\",\"potentialAction\":[{\"@type\":\"ReadAction\",\"target\":[\"https:\/\/ironsky.pl\/sklep\/produkt\/etui-puluz-do-gopro-hero-9-10-11-12-z-paskiem\/\"]}]},{\"@type\":\"ImageObject\",\"inLanguage\":\"pl-PL\",\"@id\":\"https:\/\/ironsky.pl\/sklep\/produkt\/etui-puluz-do-gopro-hero-9-10-11-12-z-paskiem\/#primaryimage\",\"url\":\"https:\/\/ironsky.pl\/sklep\/wp-content\/uploads\/2026\/04\/44253_1.jpg\",\"contentUrl\":\"https:\/\/ironsky.pl\/sklep\/wp-content\/uploads\/2026\/04\/44253_1.jpg\",\"width\":800,\"height\":800},{\"@type\":\"BreadcrumbList\",\"@id\":\"https:\/\/ironsky.pl\/sklep\/produkt\/etui-puluz-do-gopro-hero-9-10-11-12-z-paskiem\/#breadcrumb\",\"itemListElement\":[{\"@type\":\"ListItem\",\"position\":1,\"name\":\"Strona g\u0142\u00f3wna\",\"item\":\"https:\/\/ironsky.pl\/sklep\/\"},{\"@type\":\"ListItem\",\"position\":2,\"name\":\"Wszystkie produkty\",\"item\":\"https:\/\/ironsky.pl\/sklep\/produkty\/\"},{\"@type\":\"ListItem\",\"position\":3,\"name\":\"Etui PULUZ do GoPro Hero 9\/10\/11\/12 z paskiem\"}]},{\"@type\":\"WebSite\",\"@id\":\"https:\/\/ironsky.pl\/sklep\/#website\",\"url\":\"https:\/\/ironsky.pl\/sklep\/\",\"name\":\"IRONSKY.PL Sklep z Dronami\",\"description\":\"IRONSKY.PL Sklep z Dronami\",\"potentialAction\":[{\"@type\":\"SearchAction\",\"target\":{\"@type\":\"EntryPoint\",\"urlTemplate\":\"https:\/\/ironsky.pl\/sklep\/?s={search_term_string}\"},\"query-input\":{\"@type\":\"PropertyValueSpecification\",\"valueRequired\":true,\"valueName\":\"search_term_string\"}}],\"inLanguage\":\"pl-PL\"}]}<\/script>\n<!-- \/ Yoast SEO plugin. -->","yoast_head_json":{"title":"Etui PULUZ do GoPro Hero 9\/10\/11\/12 z paskiem - IRONSKY.PL Sklep z Dronami","description":"Etui PULUZ do GoPro Hero 9\/10\/11\/12 z paskiem - \u2705 sklep z dronami i fachowym doradztwem. \u2705 Tutaj kupisz produkty DJI, Yuneec, Parrot, Syma i wiele innych, a tak\u017ce kursy i licencje na operatora drona.","robots":{"index":"index","follow":"follow","max-snippet":"max-snippet:-1","max-image-preview":"max-image-preview:large","max-video-preview":"max-video-preview:-1"},"canonical":"https:\/\/ironsky.pl\/sklep\/produkt\/etui-puluz-do-gopro-hero-9-10-11-12-z-paskiem\/","og_locale":"pl_PL","og_type":"article","og_title":"Etui PULUZ do GoPro Hero 9\/10\/11\/12 z paskiem - IRONSKY.PL Sklep z Dronami","og_description":"Etui PULUZ do GoPro Hero 9\/10\/11\/12 z paskiem - \u2705 sklep z dronami i fachowym doradztwem. \u2705 Tutaj kupisz produkty DJI, Yuneec, Parrot, Syma i wiele innych, a tak\u017ce kursy i licencje na operatora drona.","og_url":"https:\/\/ironsky.pl\/sklep\/produkt\/etui-puluz-do-gopro-hero-9-10-11-12-z-paskiem\/","og_site_name":"IRONSKY.PL Sklep z Dronami","article_modified_time":"2026-04-15T08:43:01+00:00","og_image":[{"width":800,"height":800,"url":"https:\/\/ironsky.pl\/sklep\/wp-content\/uploads\/2026\/04\/44253_1.jpg","type":"image\/jpeg"}],"twitter_card":"summary_large_image","twitter_misc":{"Szacowany czas czytania":"1 minuta"},"schema":{"@context":"https:\/\/schema.org","@graph":[{"@type":"WebPage","@id":"https:\/\/ironsky.pl\/sklep\/produkt\/etui-puluz-do-gopro-hero-9-10-11-12-z-paskiem\/","url":"https:\/\/ironsky.pl\/sklep\/produkt\/etui-puluz-do-gopro-hero-9-10-11-12-z-paskiem\/","name":"Etui PULUZ do GoPro Hero 9\/10\/11\/12 z paskiem - IRONSKY.PL Sklep z Dronami","isPartOf":{"@id":"https:\/\/ironsky.pl\/sklep\/#website"},"primaryImageOfPage":{"@id":"https:\/\/ironsky.pl\/sklep\/produkt\/etui-puluz-do-gopro-hero-9-10-11-12-z-paskiem\/#primaryimage"},"image":{"@id":"https:\/\/ironsky.pl\/sklep\/produkt\/etui-puluz-do-gopro-hero-9-10-11-12-z-paskiem\/#primaryimage"},"thumbnailUrl":"https:\/\/ironsky.pl\/sklep\/wp-content\/uploads\/2026\/04\/44253_1.jpg","datePublished":"2026-04-15T08:42:39+00:00","dateModified":"2026-04-15T08:43:01+00:00","description":"Etui PULUZ do GoPro Hero 9\/10\/11\/12 z paskiem - \u2705 sklep z dronami i fachowym doradztwem. \u2705 Tutaj kupisz produkty DJI, Yuneec, Parrot, Syma i wiele innych, a tak\u017ce kursy i licencje na operatora drona.","breadcrumb":{"@id":"https:\/\/ironsky.pl\/sklep\/produkt\/etui-puluz-do-gopro-hero-9-10-11-12-z-paskiem\/#breadcrumb"},"inLanguage":"pl-PL","potentialAction":[{"@type":"ReadAction","target":["https:\/\/ironsky.pl\/sklep\/produkt\/etui-puluz-do-gopro-hero-9-10-11-12-z-paskiem\/"]}]},{"@type":"ImageObject","inLanguage":"pl-PL","@id":"https:\/\/ironsky.pl\/sklep\/produkt\/etui-puluz-do-gopro-hero-9-10-11-12-z-paskiem\/#primaryimage","url":"https:\/\/ironsky.pl\/sklep\/wp-content\/uploads\/2026\/04\/44253_1.jpg","contentUrl":"https:\/\/ironsky.pl\/sklep\/wp-content\/uploads\/2026\/04\/44253_1.jpg","width":800,"height":800},{"@type":"BreadcrumbList","@id":"https:\/\/ironsky.pl\/sklep\/produkt\/etui-puluz-do-gopro-hero-9-10-11-12-z-paskiem\/#breadcrumb","itemListElement":[{"@type":"ListItem","position":1,"name":"Strona g\u0142\u00f3wna","item":"https:\/\/ironsky.pl\/sklep\/"},{"@type":"ListItem","position":2,"name":"Wszystkie produkty","item":"https:\/\/ironsky.pl\/sklep\/produkty\/"},{"@type":"ListItem","position":3,"name":"Etui PULUZ do GoPro Hero 9\/10\/11\/12 z paskiem"}]},{"@type":"WebSite","@id":"https:\/\/ironsky.pl\/sklep\/#website","url":"https:\/\/ironsky.pl\/sklep\/","name":"IRONSKY.PL Sklep z Dronami","description":"IRONSKY.PL Sklep z Dronami","potentialAction":[{"@type":"SearchAction","target":{"@type":"EntryPoint","urlTemplate":"https:\/\/ironsky.pl\/sklep\/?s={search_term_string}"},"query-input":{"@type":"PropertyValueSpecification","valueRequired":true,"valueName":"search_term_string"}}],"inLanguage":"pl-PL"}]}},"_links":{"self":[{"href":"https:\/\/ironsky.pl\/sklep\/wp-json\/wp\/v2\/product\/59023","targetHints":{"allow":["GET"]}}],"collection":[{"href":"https:\/\/ironsky.pl\/sklep\/wp-json\/wp\/v2\/product"}],"about":[{"href":"https:\/\/ironsky.pl\/sklep\/wp-json\/wp\/v2\/types\/product"}],"replies":[{"embeddable":true,"href":"https:\/\/ironsky.pl\/sklep\/wp-json\/wp\/v2\/comments?post=59023"}],"wp:featuredmedia":[{"embeddable":true,"href":"https:\/\/ironsky.pl\/sklep\/wp-json\/wp\/v2\/media\/59024"}],"wp:attachment":[{"href":"https:\/\/ironsky.pl\/sklep\/wp-json\/wp\/v2\/media?parent=59023"}],"wp:term":[{"taxonomy":"product_brand","embeddable":true,"href":"https:\/\/ironsky.pl\/sklep\/wp-json\/wp\/v2\/product_brand?post=59023"},{"taxonomy":"product_cat","embeddable":true,"href":"https:\/\/ironsky.pl\/sklep\/wp-json\/wp\/v2\/product_cat?post=59023"},{"taxonomy":"product_tag","embeddable":true,"href":"https:\/\/ironsky.pl\/sklep\/wp-json\/wp\/v2\/product_tag?post=59023"}],"curies":[{"name":"wp","href":"https:\/\/api.w.org\/{rel}","templated":true}]}}