{"id":59003,"date":"2026-04-15T10:42:39","date_gmt":"2026-04-15T08:42:39","guid":{"rendered":"https:\/\/ironsky.pl\/sklep\/produkt\/plecak-tomtoc-explorer-t60-16-15l-czarny-2\/"},"modified":"2026-04-15T10:42:49","modified_gmt":"2026-04-15T08:42:49","slug":"plecak-tomtoc-explorer-t60-16-15l-czarny-2","status":"publish","type":"product","link":"https:\/\/ironsky.pl\/sklep\/produkt\/plecak-tomtoc-explorer-t60-16-15l-czarny-2\/","title":{"rendered":"Plecak TOMTOC Explorer-T60 16&#8243; 15L (czarny)"},"content":{"rendered":"<h3>Plecak tomtoc Explorer-T60 16&#8243;\/15L (czarny)<\/h3>\n<p>Plecak tomtoc Explorer-T60 to idealny towarzysz dla os\u00f3b, kt\u00f3re ceni\u0105 sobie funkcjonalno\u015b\u0107 i wytrzyma\u0142o\u015b\u0107 w codziennym u\u017cytkowaniu. Oferuje pojemno\u015b\u0107 15 litr\u00f3w, co w po\u0142\u0105czeniu z wymiarami 420 x 300 x 120 mm i wag\u0105 650 g czyni go doskona\u0142ym wyborem do pracy, na uczelni\u0119 czy na kr\u00f3tkie wyjazdy. Produkt wyposa\u017cony jest w liczne kieszenie i przegr\u00f3dki, kt\u00f3re umo\u017cliwiaj\u0105 wygodne przechowywanie laptopa do 16&#8243;, dokument\u00f3w, akcesori\u00f3w oraz innych niezb\u0119dnych przedmiot\u00f3w. Szerokie otwarcie plecaka zapewnia \u0142atwy dost\u0119p jego do zawarto\u015bci, co znacz\u0105co u\u0142atwia codzienne u\u017cytkowanie. Dodatkowym atutem modelu Explorer-T60 s\u0105 wzmocnione dolne rogi, kt\u00f3re zapewniaj\u0105 mu wi\u0119ksz\u0105 trwa\u0142o\u015b\u0107 i odporno\u015b\u0107 na uszkodzenia.\u00a0<\/p>\n<p>\n<img decoding=\"async\" src=\"https:\/\/assets.innpro.pl\/6799\/7922\/1.jpg\" border=\"0\" \/>\n<\/p>\n<div class=\"table-wrapper\">\n<p>\u00a0<\/p>\n<h3><\/h3>\n<table>\n<tbody>\n<tr>\n<th>Producent<\/th>\n<td>tomtoc<\/td>\n<\/tr>\n<tr>\n<th>Model<\/th>\n<td>T60M1D1<\/td>\n<\/tr>\n<tr>\n<th>Kolor<\/th>\n<td>Czarny<\/td>\n<\/tr>\n<tr>\n<th>Pojemno\u015b\u0107<\/th>\n<td>15 L<\/td>\n<\/tr>\n<tr>\n<th>Kompatybilno\u015b\u0107 <\/th>\n<td>16-calowe MacBooki Pro, 12.9-calowe iPady<\/td>\n<\/tr>\n<tr>\n<th>Wymiary<\/th>\n<td>42 x 30 x 12 cm<\/td>\n<\/tr>\n<tr>\n<th>Waga<\/th>\n<td>650 g<\/td>\n<\/tr>\n<\/tbody>\n<\/table>\n<\/div>\n","protected":false},"excerpt":{"rendered":"<p>Plecak tomtoc Explorer-T60 16&#8243;\/15L (czarny) Plecak tomtoc Explorer-T60 to idealny towarzysz dla os\u00f3b, kt\u00f3re ceni\u0105 sobie funkcjonalno\u015b\u0107 i wytrzyma\u0142o\u015b\u0107 w<\/p>\n","protected":false},"featured_media":45196,"comment_status":"closed","ping_status":"open","template":"","meta":{"_acf_changed":false},"product_brand":[],"product_cat":[5929,5955],"product_tag":[],"class_list":{"0":"post-59003","1":"product","2":"type-product","3":"status-publish","4":"has-post-thumbnail","6":"product_cat-akcesoria-it","7":"product_cat-przenoszenie","8":"pa_okres-gwarancji-5757","9":"pa_producent-tomtoc","11":"first","12":"outofstock","13":"taxable","14":"shipping-taxable","15":"purchasable","16":"product-type-simple"},"acf":[],"yoast_head":"<!-- This site is optimized with the Yoast SEO plugin v27.2 - https:\/\/yoast.com\/product\/yoast-seo-wordpress\/ -->\n<title>Plecak TOMTOC Explorer-T60 16&quot; 15L (czarny) - IRONSKY.PL Sklep z Dronami<\/title>\n<meta name=\"description\" content=\"Plecak TOMTOC Explorer-T60 16&quot; 15L (czarny) - \u2705 sklep z dronami i fachowym doradztwem. \u2705 Tutaj kupisz produkty DJI, Yuneec, Parrot, Syma i wiele innych, a tak\u017ce kursy i licencje na operatora drona.\" \/>\n<meta name=\"robots\" content=\"index, follow, max-snippet:-1, max-image-preview:large, max-video-preview:-1\" \/>\n<link rel=\"canonical\" href=\"https:\/\/ironsky.pl\/sklep\/produkt\/plecak-tomtoc-explorer-t60-16-15l-czarny-2\/\" \/>\n<meta property=\"og:locale\" content=\"pl_PL\" \/>\n<meta property=\"og:type\" content=\"article\" \/>\n<meta property=\"og:title\" content=\"Plecak TOMTOC Explorer-T60 16&quot; 15L (czarny) - IRONSKY.PL Sklep z Dronami\" \/>\n<meta property=\"og:description\" content=\"Plecak TOMTOC Explorer-T60 16&quot; 15L (czarny) - \u2705 sklep z dronami i fachowym doradztwem. \u2705 Tutaj kupisz produkty DJI, Yuneec, Parrot, Syma i wiele innych, a tak\u017ce kursy i licencje na operatora drona.\" \/>\n<meta property=\"og:url\" content=\"https:\/\/ironsky.pl\/sklep\/produkt\/plecak-tomtoc-explorer-t60-16-15l-czarny-2\/\" \/>\n<meta property=\"og:site_name\" content=\"IRONSKY.PL Sklep z Dronami\" \/>\n<meta property=\"article:modified_time\" content=\"2026-04-15T08:42:49+00:00\" \/>\n<meta property=\"og:image\" content=\"https:\/\/ironsky.pl\/sklep\/wp-content\/uploads\/2025\/06\/44232_2.jpg\" \/>\n\t<meta property=\"og:image:width\" content=\"800\" \/>\n\t<meta property=\"og:image:height\" content=\"800\" \/>\n\t<meta property=\"og:image:type\" content=\"image\/jpeg\" \/>\n<meta name=\"twitter:card\" content=\"summary_large_image\" \/>\n<meta name=\"twitter:label1\" content=\"Szacowany czas czytania\" \/>\n\t<meta name=\"twitter:data1\" content=\"1 minuta\" \/>\n<script type=\"application\/ld+json\" class=\"yoast-schema-graph\">{\"@context\":\"https:\/\/schema.org\",\"@graph\":[{\"@type\":\"WebPage\",\"@id\":\"https:\/\/ironsky.pl\/sklep\/produkt\/plecak-tomtoc-explorer-t60-16-15l-czarny-2\/\",\"url\":\"https:\/\/ironsky.pl\/sklep\/produkt\/plecak-tomtoc-explorer-t60-16-15l-czarny-2\/\",\"name\":\"Plecak TOMTOC Explorer-T60 16\\\" 15L (czarny) - IRONSKY.PL Sklep z Dronami\",\"isPartOf\":{\"@id\":\"https:\/\/ironsky.pl\/sklep\/#website\"},\"primaryImageOfPage\":{\"@id\":\"https:\/\/ironsky.pl\/sklep\/produkt\/plecak-tomtoc-explorer-t60-16-15l-czarny-2\/#primaryimage\"},\"image\":{\"@id\":\"https:\/\/ironsky.pl\/sklep\/produkt\/plecak-tomtoc-explorer-t60-16-15l-czarny-2\/#primaryimage\"},\"thumbnailUrl\":\"https:\/\/ironsky.pl\/sklep\/wp-content\/uploads\/2025\/06\/44232_2.jpg\",\"datePublished\":\"2026-04-15T08:42:39+00:00\",\"dateModified\":\"2026-04-15T08:42:49+00:00\",\"description\":\"Plecak TOMTOC Explorer-T60 16\\\" 15L (czarny) - \u2705 sklep z dronami i fachowym doradztwem. \u2705 Tutaj kupisz produkty DJI, Yuneec, Parrot, Syma i wiele innych, a tak\u017ce kursy i licencje na operatora drona.\",\"breadcrumb\":{\"@id\":\"https:\/\/ironsky.pl\/sklep\/produkt\/plecak-tomtoc-explorer-t60-16-15l-czarny-2\/#breadcrumb\"},\"inLanguage\":\"pl-PL\",\"potentialAction\":[{\"@type\":\"ReadAction\",\"target\":[\"https:\/\/ironsky.pl\/sklep\/produkt\/plecak-tomtoc-explorer-t60-16-15l-czarny-2\/\"]}]},{\"@type\":\"ImageObject\",\"inLanguage\":\"pl-PL\",\"@id\":\"https:\/\/ironsky.pl\/sklep\/produkt\/plecak-tomtoc-explorer-t60-16-15l-czarny-2\/#primaryimage\",\"url\":\"https:\/\/ironsky.pl\/sklep\/wp-content\/uploads\/2025\/06\/44232_2.jpg\",\"contentUrl\":\"https:\/\/ironsky.pl\/sklep\/wp-content\/uploads\/2025\/06\/44232_2.jpg\",\"width\":800,\"height\":800},{\"@type\":\"BreadcrumbList\",\"@id\":\"https:\/\/ironsky.pl\/sklep\/produkt\/plecak-tomtoc-explorer-t60-16-15l-czarny-2\/#breadcrumb\",\"itemListElement\":[{\"@type\":\"ListItem\",\"position\":1,\"name\":\"Strona g\u0142\u00f3wna\",\"item\":\"https:\/\/ironsky.pl\/sklep\/\"},{\"@type\":\"ListItem\",\"position\":2,\"name\":\"Wszystkie produkty\",\"item\":\"https:\/\/ironsky.pl\/sklep\/produkty\/\"},{\"@type\":\"ListItem\",\"position\":3,\"name\":\"Plecak TOMTOC Explorer-T60 16&#8243; 15L (czarny)\"}]},{\"@type\":\"WebSite\",\"@id\":\"https:\/\/ironsky.pl\/sklep\/#website\",\"url\":\"https:\/\/ironsky.pl\/sklep\/\",\"name\":\"IRONSKY.PL Sklep z Dronami\",\"description\":\"IRONSKY.PL Sklep z Dronami\",\"potentialAction\":[{\"@type\":\"SearchAction\",\"target\":{\"@type\":\"EntryPoint\",\"urlTemplate\":\"https:\/\/ironsky.pl\/sklep\/?s={search_term_string}\"},\"query-input\":{\"@type\":\"PropertyValueSpecification\",\"valueRequired\":true,\"valueName\":\"search_term_string\"}}],\"inLanguage\":\"pl-PL\"}]}<\/script>\n<!-- \/ Yoast SEO plugin. -->","yoast_head_json":{"title":"Plecak TOMTOC Explorer-T60 16\" 15L (czarny) - IRONSKY.PL Sklep z Dronami","description":"Plecak TOMTOC Explorer-T60 16\" 15L (czarny) - \u2705 sklep z dronami i fachowym doradztwem. \u2705 Tutaj kupisz produkty DJI, Yuneec, Parrot, Syma i wiele innych, a tak\u017ce kursy i licencje na operatora drona.","robots":{"index":"index","follow":"follow","max-snippet":"max-snippet:-1","max-image-preview":"max-image-preview:large","max-video-preview":"max-video-preview:-1"},"canonical":"https:\/\/ironsky.pl\/sklep\/produkt\/plecak-tomtoc-explorer-t60-16-15l-czarny-2\/","og_locale":"pl_PL","og_type":"article","og_title":"Plecak TOMTOC Explorer-T60 16\" 15L (czarny) - IRONSKY.PL Sklep z Dronami","og_description":"Plecak TOMTOC Explorer-T60 16\" 15L (czarny) - \u2705 sklep z dronami i fachowym doradztwem. \u2705 Tutaj kupisz produkty DJI, Yuneec, Parrot, Syma i wiele innych, a tak\u017ce kursy i licencje na operatora drona.","og_url":"https:\/\/ironsky.pl\/sklep\/produkt\/plecak-tomtoc-explorer-t60-16-15l-czarny-2\/","og_site_name":"IRONSKY.PL Sklep z Dronami","article_modified_time":"2026-04-15T08:42:49+00:00","og_image":[{"width":800,"height":800,"url":"https:\/\/ironsky.pl\/sklep\/wp-content\/uploads\/2025\/06\/44232_2.jpg","type":"image\/jpeg"}],"twitter_card":"summary_large_image","twitter_misc":{"Szacowany czas czytania":"1 minuta"},"schema":{"@context":"https:\/\/schema.org","@graph":[{"@type":"WebPage","@id":"https:\/\/ironsky.pl\/sklep\/produkt\/plecak-tomtoc-explorer-t60-16-15l-czarny-2\/","url":"https:\/\/ironsky.pl\/sklep\/produkt\/plecak-tomtoc-explorer-t60-16-15l-czarny-2\/","name":"Plecak TOMTOC Explorer-T60 16\" 15L (czarny) - IRONSKY.PL Sklep z Dronami","isPartOf":{"@id":"https:\/\/ironsky.pl\/sklep\/#website"},"primaryImageOfPage":{"@id":"https:\/\/ironsky.pl\/sklep\/produkt\/plecak-tomtoc-explorer-t60-16-15l-czarny-2\/#primaryimage"},"image":{"@id":"https:\/\/ironsky.pl\/sklep\/produkt\/plecak-tomtoc-explorer-t60-16-15l-czarny-2\/#primaryimage"},"thumbnailUrl":"https:\/\/ironsky.pl\/sklep\/wp-content\/uploads\/2025\/06\/44232_2.jpg","datePublished":"2026-04-15T08:42:39+00:00","dateModified":"2026-04-15T08:42:49+00:00","description":"Plecak TOMTOC Explorer-T60 16\" 15L (czarny) - \u2705 sklep z dronami i fachowym doradztwem. \u2705 Tutaj kupisz produkty DJI, Yuneec, Parrot, Syma i wiele innych, a tak\u017ce kursy i licencje na operatora drona.","breadcrumb":{"@id":"https:\/\/ironsky.pl\/sklep\/produkt\/plecak-tomtoc-explorer-t60-16-15l-czarny-2\/#breadcrumb"},"inLanguage":"pl-PL","potentialAction":[{"@type":"ReadAction","target":["https:\/\/ironsky.pl\/sklep\/produkt\/plecak-tomtoc-explorer-t60-16-15l-czarny-2\/"]}]},{"@type":"ImageObject","inLanguage":"pl-PL","@id":"https:\/\/ironsky.pl\/sklep\/produkt\/plecak-tomtoc-explorer-t60-16-15l-czarny-2\/#primaryimage","url":"https:\/\/ironsky.pl\/sklep\/wp-content\/uploads\/2025\/06\/44232_2.jpg","contentUrl":"https:\/\/ironsky.pl\/sklep\/wp-content\/uploads\/2025\/06\/44232_2.jpg","width":800,"height":800},{"@type":"BreadcrumbList","@id":"https:\/\/ironsky.pl\/sklep\/produkt\/plecak-tomtoc-explorer-t60-16-15l-czarny-2\/#breadcrumb","itemListElement":[{"@type":"ListItem","position":1,"name":"Strona g\u0142\u00f3wna","item":"https:\/\/ironsky.pl\/sklep\/"},{"@type":"ListItem","position":2,"name":"Wszystkie produkty","item":"https:\/\/ironsky.pl\/sklep\/produkty\/"},{"@type":"ListItem","position":3,"name":"Plecak TOMTOC Explorer-T60 16&#8243; 15L (czarny)"}]},{"@type":"WebSite","@id":"https:\/\/ironsky.pl\/sklep\/#website","url":"https:\/\/ironsky.pl\/sklep\/","name":"IRONSKY.PL Sklep z Dronami","description":"IRONSKY.PL Sklep z Dronami","potentialAction":[{"@type":"SearchAction","target":{"@type":"EntryPoint","urlTemplate":"https:\/\/ironsky.pl\/sklep\/?s={search_term_string}"},"query-input":{"@type":"PropertyValueSpecification","valueRequired":true,"valueName":"search_term_string"}}],"inLanguage":"pl-PL"}]}},"_links":{"self":[{"href":"https:\/\/ironsky.pl\/sklep\/wp-json\/wp\/v2\/product\/59003","targetHints":{"allow":["GET"]}}],"collection":[{"href":"https:\/\/ironsky.pl\/sklep\/wp-json\/wp\/v2\/product"}],"about":[{"href":"https:\/\/ironsky.pl\/sklep\/wp-json\/wp\/v2\/types\/product"}],"replies":[{"embeddable":true,"href":"https:\/\/ironsky.pl\/sklep\/wp-json\/wp\/v2\/comments?post=59003"}],"wp:featuredmedia":[{"embeddable":true,"href":"https:\/\/ironsky.pl\/sklep\/wp-json\/wp\/v2\/media\/45196"}],"wp:attachment":[{"href":"https:\/\/ironsky.pl\/sklep\/wp-json\/wp\/v2\/media?parent=59003"}],"wp:term":[{"taxonomy":"product_brand","embeddable":true,"href":"https:\/\/ironsky.pl\/sklep\/wp-json\/wp\/v2\/product_brand?post=59003"},{"taxonomy":"product_cat","embeddable":true,"href":"https:\/\/ironsky.pl\/sklep\/wp-json\/wp\/v2\/product_cat?post=59003"},{"taxonomy":"product_tag","embeddable":true,"href":"https:\/\/ironsky.pl\/sklep\/wp-json\/wp\/v2\/product_tag?post=59003"}],"curies":[{"name":"wp","href":"https:\/\/api.w.org\/{rel}","templated":true}]}}