{"id":58983,"date":"2026-04-15T10:42:21","date_gmt":"2026-04-15T08:42:21","guid":{"rendered":"https:\/\/ironsky.pl\/sklep\/produkt\/kamera-internetowa-ugreen-cm778-2k-usb\/"},"modified":"2026-04-15T10:42:37","modified_gmt":"2026-04-15T08:42:37","slug":"kamera-internetowa-ugreen-cm778-2k-usb","status":"publish","type":"product","link":"https:\/\/ironsky.pl\/sklep\/produkt\/kamera-internetowa-ugreen-cm778-2k-usb\/","title":{"rendered":"Kamera internetowa UGREEN CM778 2K USB"},"content":{"rendered":"<h3>Kamera internetowa z mikrofonem Ugreen CM778 USB, 2K, 30 FPS<\/h3>\n<p>Kamera internetowa Ugreen CM778 to nie tylko narz\u0119dzie, kt\u00f3re zapewnia niezawodn\u0105 jako\u015b\u0107 obrazu i d\u017awi\u0119ku podczas ka\u017cdej wideokonferencji. Dzi\u0119ki wysokiej rozdzielczo\u015bci, p\u0142ynno\u015bci obrazu, klarownemu d\u017awi\u0119kowi i \u0142atwej obs\u0142udze, ta kamera staje si\u0119 niezast\u0105pionym elementem na Twoim biurku.\u00a0<\/p>\n<p>\n<img decoding=\"async\" src=\"https:\/\/assets.innpro.pl\/7108\/8275\/1.jpg\" border=\"0\" \/>\n<\/p>\n<h3>Wysoka jako\u015b\u0107 obrazu<\/h3>\n<p>Zapomnij o rozmazanym, op\u00f3\u017anionym obrazie! Dzi\u0119ki rozdzielczo\u015bci 2K przy 30 klatkach na sekund\u0119 oraz szerokiemu k\u0105towi widzenia 91\u00b0, Ugreen CM778 pozwala cieszy\u0107 si\u0119 fantastyczn\u0105 jako\u015bci\u0105 wideo, jednocze\u015bnie obejmuj\u0105c szeroki obszar widzenia. Dodatkowo automatycznie koryguje \u015bwiat\u0142o, zapewniaj\u0105c optymalne warunki nawet przy zmiennej ilo\u015bci \u015bwiat\u0142a w pomieszczeniu. Teraz mo\u017cesz by\u0107 pewien, \u017ce Tw\u00f3j obraz zawsze b\u0119dzie klarowny i wyra\u017any!<\/p>\n<p>\n<img decoding=\"async\" src=\"https:\/\/assets.innpro.pl\/7108\/8275\/2.jpg\" border=\"0\" \/>\n<\/p>\n<h3>Krystalicznie czysty d\u017awi\u0119k<\/h3>\n<p>Kamera posiada dwa wbudowane mikrofony, kt\u00f3re zapewniaj\u0105 klarowny, naturalny d\u017awi\u0119k. Bez potrzeby korzystania z dodatkowych urz\u0105dze\u0144 audio, mo\u017cesz swobodnie rozmawia\u0107 i prowadzi\u0107 dyskusje, wiedz\u0105c, \u017ce Tw\u00f3j g\u0142os jest wyra\u017anie s\u0142yszalny przez wszystkich uczestnik\u00f3w.<\/p>\n<p>\n<img decoding=\"async\" src=\"https:\/\/assets.innpro.pl\/7108\/8275\/6.jpg\" border=\"0\" \/>\n<\/p>\n<h3>W trosce o prywatno\u015b\u0107<\/h3>\n<p>Wiedz\u0105c, jak wa\u017cna jest prywatno\u015b\u0107 podczas korzystania z kamer internetowych, kamera Ugreen CM778 zosta\u0142a wyposa\u017cona w specjaln\u0105 os\u0142on\u0119, kt\u00f3ra zapewnia pe\u0142n\u0105 kontrol\u0119 nad Twoj\u0105 prywatno\u015bci\u0105. Dzi\u0119ki niej mo\u017cesz \u0142atwo zakry\u0107 obiektyw kamery, gdy nie jest u\u017cywana, zapobiegaj\u0105c przypadkowemu dost\u0119powi do obrazu.<\/p>\n<p>\n<img decoding=\"async\" src=\"https:\/\/assets.innpro.pl\/7108\/8275\/7.jpg\" border=\"0\" \/>\n<\/p>\n<div class=\"table-wrapper\">\n<p>\u00a0<\/p>\n<h3><\/h3>\n<table>\n<tbody>\n<tr>\n<th>Producent<\/th>\n<td>Ugreen<\/td>\n<\/tr>\n<tr>\n<th>Model<\/th>\n<td>CM778<\/td>\n<\/tr>\n<tr>\n<th>Maksymalna rozdzielczo\u015b\u0107 <\/th>\n<td>1920 x 1080 @30FPS<\/td>\n<\/tr>\n<\/tbody>\n<\/table>\n<\/div>\n","protected":false},"excerpt":{"rendered":"<p>Kamera internetowa z mikrofonem Ugreen CM778 USB, 2K, 30 FPS Kamera internetowa Ugreen CM778 to nie tylko narz\u0119dzie, kt\u00f3re zapewnia<\/p>\n","protected":false},"featured_media":45167,"comment_status":"closed","ping_status":"open","template":"","meta":{"_acf_changed":false},"product_brand":[],"product_cat":[5929,5964],"product_tag":[],"class_list":{"0":"post-58983","1":"product","2":"type-product","3":"status-publish","4":"has-post-thumbnail","6":"product_cat-akcesoria-it","7":"product_cat-kamery-internetowe","8":"pa_okres-gwarancji-5757","9":"pa_producent-ugreen","11":"first","12":"outofstock","13":"taxable","14":"shipping-taxable","15":"purchasable","16":"product-type-simple"},"acf":[],"yoast_head":"<!-- This site is optimized with the Yoast SEO plugin v27.2 - https:\/\/yoast.com\/product\/yoast-seo-wordpress\/ -->\n<title>Kamera internetowa UGREEN CM778 2K USB - IRONSKY.PL Sklep z Dronami<\/title>\n<meta name=\"description\" content=\"Kamera internetowa UGREEN CM778 2K USB - \u2705 sklep z dronami i fachowym doradztwem. \u2705 Tutaj kupisz produkty DJI, Yuneec, Parrot, Syma i wiele innych, a tak\u017ce kursy i licencje na operatora drona.\" \/>\n<meta name=\"robots\" content=\"index, follow, max-snippet:-1, max-image-preview:large, max-video-preview:-1\" \/>\n<link rel=\"canonical\" href=\"https:\/\/ironsky.pl\/sklep\/produkt\/kamera-internetowa-ugreen-cm778-2k-usb\/\" \/>\n<meta property=\"og:locale\" content=\"pl_PL\" \/>\n<meta property=\"og:type\" content=\"article\" \/>\n<meta property=\"og:title\" content=\"Kamera internetowa UGREEN CM778 2K USB - IRONSKY.PL Sklep z Dronami\" \/>\n<meta property=\"og:description\" content=\"Kamera internetowa UGREEN CM778 2K USB - \u2705 sklep z dronami i fachowym doradztwem. \u2705 Tutaj kupisz produkty DJI, Yuneec, Parrot, Syma i wiele innych, a tak\u017ce kursy i licencje na operatora drona.\" \/>\n<meta property=\"og:url\" content=\"https:\/\/ironsky.pl\/sklep\/produkt\/kamera-internetowa-ugreen-cm778-2k-usb\/\" \/>\n<meta property=\"og:site_name\" content=\"IRONSKY.PL Sklep z Dronami\" \/>\n<meta property=\"article:modified_time\" content=\"2026-04-15T08:42:37+00:00\" \/>\n<meta property=\"og:image\" content=\"https:\/\/ironsky.pl\/sklep\/wp-content\/uploads\/2025\/06\/44049_1.jpg\" \/>\n\t<meta property=\"og:image:width\" content=\"800\" \/>\n\t<meta property=\"og:image:height\" content=\"800\" \/>\n\t<meta property=\"og:image:type\" content=\"image\/jpeg\" \/>\n<meta name=\"twitter:card\" content=\"summary_large_image\" \/>\n<meta name=\"twitter:label1\" content=\"Szacowany czas czytania\" \/>\n\t<meta name=\"twitter:data1\" content=\"1 minuta\" \/>\n<script type=\"application\/ld+json\" class=\"yoast-schema-graph\">{\"@context\":\"https:\/\/schema.org\",\"@graph\":[{\"@type\":\"WebPage\",\"@id\":\"https:\/\/ironsky.pl\/sklep\/produkt\/kamera-internetowa-ugreen-cm778-2k-usb\/\",\"url\":\"https:\/\/ironsky.pl\/sklep\/produkt\/kamera-internetowa-ugreen-cm778-2k-usb\/\",\"name\":\"Kamera internetowa UGREEN CM778 2K USB - IRONSKY.PL Sklep z Dronami\",\"isPartOf\":{\"@id\":\"https:\/\/ironsky.pl\/sklep\/#website\"},\"primaryImageOfPage\":{\"@id\":\"https:\/\/ironsky.pl\/sklep\/produkt\/kamera-internetowa-ugreen-cm778-2k-usb\/#primaryimage\"},\"image\":{\"@id\":\"https:\/\/ironsky.pl\/sklep\/produkt\/kamera-internetowa-ugreen-cm778-2k-usb\/#primaryimage\"},\"thumbnailUrl\":\"https:\/\/ironsky.pl\/sklep\/wp-content\/uploads\/2025\/06\/44049_1.jpg\",\"datePublished\":\"2026-04-15T08:42:21+00:00\",\"dateModified\":\"2026-04-15T08:42:37+00:00\",\"description\":\"Kamera internetowa UGREEN CM778 2K USB - \u2705 sklep z dronami i fachowym doradztwem. \u2705 Tutaj kupisz produkty DJI, Yuneec, Parrot, Syma i wiele innych, a tak\u017ce kursy i licencje na operatora drona.\",\"breadcrumb\":{\"@id\":\"https:\/\/ironsky.pl\/sklep\/produkt\/kamera-internetowa-ugreen-cm778-2k-usb\/#breadcrumb\"},\"inLanguage\":\"pl-PL\",\"potentialAction\":[{\"@type\":\"ReadAction\",\"target\":[\"https:\/\/ironsky.pl\/sklep\/produkt\/kamera-internetowa-ugreen-cm778-2k-usb\/\"]}]},{\"@type\":\"ImageObject\",\"inLanguage\":\"pl-PL\",\"@id\":\"https:\/\/ironsky.pl\/sklep\/produkt\/kamera-internetowa-ugreen-cm778-2k-usb\/#primaryimage\",\"url\":\"https:\/\/ironsky.pl\/sklep\/wp-content\/uploads\/2025\/06\/44049_1.jpg\",\"contentUrl\":\"https:\/\/ironsky.pl\/sklep\/wp-content\/uploads\/2025\/06\/44049_1.jpg\",\"width\":800,\"height\":800},{\"@type\":\"BreadcrumbList\",\"@id\":\"https:\/\/ironsky.pl\/sklep\/produkt\/kamera-internetowa-ugreen-cm778-2k-usb\/#breadcrumb\",\"itemListElement\":[{\"@type\":\"ListItem\",\"position\":1,\"name\":\"Strona g\u0142\u00f3wna\",\"item\":\"https:\/\/ironsky.pl\/sklep\/\"},{\"@type\":\"ListItem\",\"position\":2,\"name\":\"Wszystkie produkty\",\"item\":\"https:\/\/ironsky.pl\/sklep\/produkty\/\"},{\"@type\":\"ListItem\",\"position\":3,\"name\":\"Kamera internetowa UGREEN CM778 2K USB\"}]},{\"@type\":\"WebSite\",\"@id\":\"https:\/\/ironsky.pl\/sklep\/#website\",\"url\":\"https:\/\/ironsky.pl\/sklep\/\",\"name\":\"IRONSKY.PL Sklep z Dronami\",\"description\":\"IRONSKY.PL Sklep z Dronami\",\"potentialAction\":[{\"@type\":\"SearchAction\",\"target\":{\"@type\":\"EntryPoint\",\"urlTemplate\":\"https:\/\/ironsky.pl\/sklep\/?s={search_term_string}\"},\"query-input\":{\"@type\":\"PropertyValueSpecification\",\"valueRequired\":true,\"valueName\":\"search_term_string\"}}],\"inLanguage\":\"pl-PL\"}]}<\/script>\n<!-- \/ Yoast SEO plugin. -->","yoast_head_json":{"title":"Kamera internetowa UGREEN CM778 2K USB - IRONSKY.PL Sklep z Dronami","description":"Kamera internetowa UGREEN CM778 2K USB - \u2705 sklep z dronami i fachowym doradztwem. \u2705 Tutaj kupisz produkty DJI, Yuneec, Parrot, Syma i wiele innych, a tak\u017ce kursy i licencje na operatora drona.","robots":{"index":"index","follow":"follow","max-snippet":"max-snippet:-1","max-image-preview":"max-image-preview:large","max-video-preview":"max-video-preview:-1"},"canonical":"https:\/\/ironsky.pl\/sklep\/produkt\/kamera-internetowa-ugreen-cm778-2k-usb\/","og_locale":"pl_PL","og_type":"article","og_title":"Kamera internetowa UGREEN CM778 2K USB - IRONSKY.PL Sklep z Dronami","og_description":"Kamera internetowa UGREEN CM778 2K USB - \u2705 sklep z dronami i fachowym doradztwem. \u2705 Tutaj kupisz produkty DJI, Yuneec, Parrot, Syma i wiele innych, a tak\u017ce kursy i licencje na operatora drona.","og_url":"https:\/\/ironsky.pl\/sklep\/produkt\/kamera-internetowa-ugreen-cm778-2k-usb\/","og_site_name":"IRONSKY.PL Sklep z Dronami","article_modified_time":"2026-04-15T08:42:37+00:00","og_image":[{"width":800,"height":800,"url":"https:\/\/ironsky.pl\/sklep\/wp-content\/uploads\/2025\/06\/44049_1.jpg","type":"image\/jpeg"}],"twitter_card":"summary_large_image","twitter_misc":{"Szacowany czas czytania":"1 minuta"},"schema":{"@context":"https:\/\/schema.org","@graph":[{"@type":"WebPage","@id":"https:\/\/ironsky.pl\/sklep\/produkt\/kamera-internetowa-ugreen-cm778-2k-usb\/","url":"https:\/\/ironsky.pl\/sklep\/produkt\/kamera-internetowa-ugreen-cm778-2k-usb\/","name":"Kamera internetowa UGREEN CM778 2K USB - IRONSKY.PL Sklep z Dronami","isPartOf":{"@id":"https:\/\/ironsky.pl\/sklep\/#website"},"primaryImageOfPage":{"@id":"https:\/\/ironsky.pl\/sklep\/produkt\/kamera-internetowa-ugreen-cm778-2k-usb\/#primaryimage"},"image":{"@id":"https:\/\/ironsky.pl\/sklep\/produkt\/kamera-internetowa-ugreen-cm778-2k-usb\/#primaryimage"},"thumbnailUrl":"https:\/\/ironsky.pl\/sklep\/wp-content\/uploads\/2025\/06\/44049_1.jpg","datePublished":"2026-04-15T08:42:21+00:00","dateModified":"2026-04-15T08:42:37+00:00","description":"Kamera internetowa UGREEN CM778 2K USB - \u2705 sklep z dronami i fachowym doradztwem. \u2705 Tutaj kupisz produkty DJI, Yuneec, Parrot, Syma i wiele innych, a tak\u017ce kursy i licencje na operatora drona.","breadcrumb":{"@id":"https:\/\/ironsky.pl\/sklep\/produkt\/kamera-internetowa-ugreen-cm778-2k-usb\/#breadcrumb"},"inLanguage":"pl-PL","potentialAction":[{"@type":"ReadAction","target":["https:\/\/ironsky.pl\/sklep\/produkt\/kamera-internetowa-ugreen-cm778-2k-usb\/"]}]},{"@type":"ImageObject","inLanguage":"pl-PL","@id":"https:\/\/ironsky.pl\/sklep\/produkt\/kamera-internetowa-ugreen-cm778-2k-usb\/#primaryimage","url":"https:\/\/ironsky.pl\/sklep\/wp-content\/uploads\/2025\/06\/44049_1.jpg","contentUrl":"https:\/\/ironsky.pl\/sklep\/wp-content\/uploads\/2025\/06\/44049_1.jpg","width":800,"height":800},{"@type":"BreadcrumbList","@id":"https:\/\/ironsky.pl\/sklep\/produkt\/kamera-internetowa-ugreen-cm778-2k-usb\/#breadcrumb","itemListElement":[{"@type":"ListItem","position":1,"name":"Strona g\u0142\u00f3wna","item":"https:\/\/ironsky.pl\/sklep\/"},{"@type":"ListItem","position":2,"name":"Wszystkie produkty","item":"https:\/\/ironsky.pl\/sklep\/produkty\/"},{"@type":"ListItem","position":3,"name":"Kamera internetowa UGREEN CM778 2K USB"}]},{"@type":"WebSite","@id":"https:\/\/ironsky.pl\/sklep\/#website","url":"https:\/\/ironsky.pl\/sklep\/","name":"IRONSKY.PL Sklep z Dronami","description":"IRONSKY.PL Sklep z Dronami","potentialAction":[{"@type":"SearchAction","target":{"@type":"EntryPoint","urlTemplate":"https:\/\/ironsky.pl\/sklep\/?s={search_term_string}"},"query-input":{"@type":"PropertyValueSpecification","valueRequired":true,"valueName":"search_term_string"}}],"inLanguage":"pl-PL"}]}},"_links":{"self":[{"href":"https:\/\/ironsky.pl\/sklep\/wp-json\/wp\/v2\/product\/58983","targetHints":{"allow":["GET"]}}],"collection":[{"href":"https:\/\/ironsky.pl\/sklep\/wp-json\/wp\/v2\/product"}],"about":[{"href":"https:\/\/ironsky.pl\/sklep\/wp-json\/wp\/v2\/types\/product"}],"replies":[{"embeddable":true,"href":"https:\/\/ironsky.pl\/sklep\/wp-json\/wp\/v2\/comments?post=58983"}],"wp:featuredmedia":[{"embeddable":true,"href":"https:\/\/ironsky.pl\/sklep\/wp-json\/wp\/v2\/media\/45167"}],"wp:attachment":[{"href":"https:\/\/ironsky.pl\/sklep\/wp-json\/wp\/v2\/media?parent=58983"}],"wp:term":[{"taxonomy":"product_brand","embeddable":true,"href":"https:\/\/ironsky.pl\/sklep\/wp-json\/wp\/v2\/product_brand?post=58983"},{"taxonomy":"product_cat","embeddable":true,"href":"https:\/\/ironsky.pl\/sklep\/wp-json\/wp\/v2\/product_cat?post=58983"},{"taxonomy":"product_tag","embeddable":true,"href":"https:\/\/ironsky.pl\/sklep\/wp-json\/wp\/v2\/product_tag?post=58983"}],"curies":[{"name":"wp","href":"https:\/\/api.w.org\/{rel}","templated":true}]}}