{"id":58981,"date":"2026-04-15T10:42:21","date_gmt":"2026-04-15T08:42:21","guid":{"rendered":"https:\/\/ironsky.pl\/sklep\/produkt\/hub-ugreen-cm511-5w1-usb-c-hdmi-3x-usb-3-0-pd-srebrny\/"},"modified":"2026-04-15T10:42:35","modified_gmt":"2026-04-15T08:42:35","slug":"hub-ugreen-cm511-5w1-usb-c-hdmi-3x-usb-3-0-pd-srebrny","status":"publish","type":"product","link":"https:\/\/ironsky.pl\/sklep\/produkt\/hub-ugreen-cm511-5w1-usb-c-hdmi-3x-usb-3-0-pd-srebrny\/","title":{"rendered":"Hub UGREEN CM511 5w1 USB-C HDMI 3x USB 3.0 PD (srebrny)"},"content":{"rendered":"<h3>Hub USB-C Ugreen CM511, HDMI 4K 60Hz, 3x USB 3.0 5Gbps, PD 100W (srebrny)<\/h3>\n<p>Hub Ugreen CM511 to klucz do pe\u0142nej wydajno\u015bci i komfortu pracy. Oferuje 5 r\u00f3\u017cnych port\u00f3w, w tym USB 3.0, USB-C czy HDMI, zapewniaj\u0105c si\u0119 wszechstronno\u015b\u0107, jakiej potrzebujesz. Wyposa\u017cony w zaawansowany uk\u0142ad scalony zaskoczy Ci\u0119 swoj\u0105 niezawodno\u015bci\u0105, a dzi\u0119ki kompaktowej konstrukcji mo\u017ce towarzyszy\u0107 Ci niemal wsz\u0119dzie.<\/p>\n<p>\n<img decoding=\"async\" src=\"https:\/\/assets.innpro.pl\/7115\/8284\/5.jpg\" border=\"0\" \/>\n<\/p>\n<h3>Wysoka jako\u015b\u0107 obrazu<\/h3>\n<p>Teraz mo\u017cesz cieszy\u0107 si\u0119 szczeg\u00f3\u0142owym, klarownym i p\u0142ynnym obrazem podczas pracy, ogl\u0105dania film\u00f3w czy te\u017c rozrywki w domowym zaciszu. Za pomoc\u0105 portu HDMI, hub Ugreen CM511 umo\u017cliwia przesy\u0142anie obrazu w niesamowitej jako\u015bci 4K@60Hz na zewn\u0119trzny monitor lub telewizor, zapewniaj\u0105c niezapomniane wra\u017cenia wizualne.<\/p>\n<p>\n<img decoding=\"async\" src=\"https:\/\/assets.innpro.pl\/7115\/8284\/1.jpg\" border=\"0\" \/>\n<\/p>\n<h3>Szybkie i efektywne transfery danych<\/h3>\n<p>Przeno\u015b swoje pliki, filmy, zdj\u0119cia i inne dane z pr\u0119dko\u015bci\u0105 b\u0142yskawicy, bez obawy o op\u00f3\u017anienia czy przeci\u0105\u017cenia. Dzi\u0119ki trzem portom USB 3.0, Ugreen CM511 zapewnia szybki i stabilny przep\u0142yw danych pomi\u0119dzy r\u00f3\u017cnymi urz\u0105dzeniami z pr\u0119dko\u015bci\u0105 do 5 Gbps. To nawet 10 razy szybciej w por\u00f3wnaniu do USB 2.0!<\/p>\n<p>\n<img decoding=\"async\" src=\"https:\/\/assets.innpro.pl\/7115\/8284\/4.jpg\" border=\"0\" \/>\n<\/p>\n<h3>\u0141adowanie z moc\u0105 100 W<\/h3>\n<p>Niech energia nigdy nie b\u0119dzie przeszkod\u0105 dla Twojej produktywno\u015bci! Dzi\u0119ki funkcji \u0142adowania pass-through o mocy a\u017c 100W, hub Ugreen CM511 umo\u017cliwia nie tylko szybkie \u0142adowanie Twojego laptopa czy innego urz\u0105dzenia zgodnego z USB-C, ale tak\u017ce zasilanie innych pod\u0142\u0105czonych urz\u0105dze\u0144. Dzi\u0119ki temu ju\u017c w 1,5 godziny na\u0142adujesz MacBook\u2019a 15 Pro do 100%!<\/p>\n<p>\n<img decoding=\"async\" src=\"https:\/\/assets.innpro.pl\/7115\/8284\/7.jpg\" border=\"0\" \/>\n<\/p>\n<div class=\"table-wrapper\">\n<p>\u00a0<\/p>\n<h3><\/h3>\n<table>\n<tbody>\n<tr>\n<th>Producent <\/th>\n<td>Ugreen<\/td>\n<\/tr>\n<tr>\n<th>Model<\/th>\n<td>CM511<\/td>\n<\/tr>\n<tr>\n<th>Kolor<\/th>\n<td>Srebrny<\/td>\n<\/tr>\n<tr>\n<th>Port wej\u015bciowy<\/th>\n<td>USB-C<\/td>\n<\/tr>\n<tr>\n<th>Port wyj\u015bciowy<\/th>\n<td>3x USB-A, 1x HDMI<\/td>\n<\/tr>\n<tr>\n<th>Port HDMI<\/th>\n<td>Wspierana rozdzielczo\u015b\u0107: 4K@60Hz<\/td>\n<\/tr>\n<tr>\n<th>Port USB-A<\/th>\n<td>Pr\u0119dko\u015b\u0107 transferu danych: 5Gbps<\/td>\n<\/tr>\n<tr>\n<th>Port USB-C PD<\/th>\n<td>\u0141adowanie przepustowe: 100W<\/td>\n<\/tr>\n<tr>\n<th>Kompatybilne systemy operacyjny<\/th>\n<td>Windows\/macOS\/Linux<\/td>\n<\/tr>\n<\/tbody>\n<\/table>\n<\/div>\n","protected":false},"excerpt":{"rendered":"<p>Hub USB-C Ugreen CM511, HDMI 4K 60Hz, 3x USB 3.0 5Gbps, PD 100W (srebrny) Hub Ugreen CM511 to klucz do<\/p>\n","protected":false},"featured_media":45160,"comment_status":"closed","ping_status":"open","template":"","meta":{"_acf_changed":false},"product_brand":[],"product_cat":[5929,5934],"product_tag":[],"class_list":{"0":"post-58981","1":"product","2":"type-product","3":"status-publish","4":"has-post-thumbnail","6":"product_cat-akcesoria-it","7":"product_cat-huby","8":"pa_okres-gwarancji-5757","9":"pa_producent-ugreen","11":"first","12":"outofstock","13":"taxable","14":"shipping-taxable","15":"purchasable","16":"product-type-simple"},"acf":[],"yoast_head":"<!-- This site is optimized with the Yoast SEO plugin v27.2 - https:\/\/yoast.com\/product\/yoast-seo-wordpress\/ -->\n<title>Hub UGREEN CM511 5w1 USB-C HDMI 3x USB 3.0 PD (srebrny) - IRONSKY.PL Sklep z Dronami<\/title>\n<meta name=\"description\" content=\"Hub UGREEN CM511 5w1 USB-C HDMI 3x USB 3.0 PD (srebrny) - \u2705 sklep z dronami i fachowym doradztwem. \u2705 Tutaj kupisz produkty DJI, Yuneec, Parrot, Syma i wiele innych, a tak\u017ce kursy i licencje na operatora drona.\" \/>\n<meta name=\"robots\" content=\"index, follow, max-snippet:-1, max-image-preview:large, max-video-preview:-1\" \/>\n<link rel=\"canonical\" href=\"https:\/\/ironsky.pl\/sklep\/produkt\/hub-ugreen-cm511-5w1-usb-c-hdmi-3x-usb-3-0-pd-srebrny\/\" \/>\n<meta property=\"og:locale\" content=\"pl_PL\" \/>\n<meta property=\"og:type\" content=\"article\" \/>\n<meta property=\"og:title\" content=\"Hub UGREEN CM511 5w1 USB-C HDMI 3x USB 3.0 PD (srebrny) - IRONSKY.PL Sklep z Dronami\" \/>\n<meta property=\"og:description\" content=\"Hub UGREEN CM511 5w1 USB-C HDMI 3x USB 3.0 PD (srebrny) - \u2705 sklep z dronami i fachowym doradztwem. \u2705 Tutaj kupisz produkty DJI, Yuneec, Parrot, Syma i wiele innych, a tak\u017ce kursy i licencje na operatora drona.\" \/>\n<meta property=\"og:url\" content=\"https:\/\/ironsky.pl\/sklep\/produkt\/hub-ugreen-cm511-5w1-usb-c-hdmi-3x-usb-3-0-pd-srebrny\/\" \/>\n<meta property=\"og:site_name\" content=\"IRONSKY.PL Sklep z Dronami\" \/>\n<meta property=\"article:modified_time\" content=\"2026-04-15T08:42:35+00:00\" \/>\n<meta property=\"og:image\" content=\"https:\/\/ironsky.pl\/sklep\/wp-content\/uploads\/2025\/06\/44039_1.jpg\" \/>\n\t<meta property=\"og:image:width\" content=\"800\" \/>\n\t<meta property=\"og:image:height\" content=\"800\" \/>\n\t<meta property=\"og:image:type\" content=\"image\/jpeg\" \/>\n<meta name=\"twitter:card\" content=\"summary_large_image\" \/>\n<meta name=\"twitter:label1\" content=\"Szacowany czas czytania\" \/>\n\t<meta name=\"twitter:data1\" content=\"1 minuta\" \/>\n<script type=\"application\/ld+json\" class=\"yoast-schema-graph\">{\"@context\":\"https:\/\/schema.org\",\"@graph\":[{\"@type\":\"WebPage\",\"@id\":\"https:\/\/ironsky.pl\/sklep\/produkt\/hub-ugreen-cm511-5w1-usb-c-hdmi-3x-usb-3-0-pd-srebrny\/\",\"url\":\"https:\/\/ironsky.pl\/sklep\/produkt\/hub-ugreen-cm511-5w1-usb-c-hdmi-3x-usb-3-0-pd-srebrny\/\",\"name\":\"Hub UGREEN CM511 5w1 USB-C HDMI 3x USB 3.0 PD (srebrny) - IRONSKY.PL Sklep z Dronami\",\"isPartOf\":{\"@id\":\"https:\/\/ironsky.pl\/sklep\/#website\"},\"primaryImageOfPage\":{\"@id\":\"https:\/\/ironsky.pl\/sklep\/produkt\/hub-ugreen-cm511-5w1-usb-c-hdmi-3x-usb-3-0-pd-srebrny\/#primaryimage\"},\"image\":{\"@id\":\"https:\/\/ironsky.pl\/sklep\/produkt\/hub-ugreen-cm511-5w1-usb-c-hdmi-3x-usb-3-0-pd-srebrny\/#primaryimage\"},\"thumbnailUrl\":\"https:\/\/ironsky.pl\/sklep\/wp-content\/uploads\/2025\/06\/44039_1.jpg\",\"datePublished\":\"2026-04-15T08:42:21+00:00\",\"dateModified\":\"2026-04-15T08:42:35+00:00\",\"description\":\"Hub UGREEN CM511 5w1 USB-C HDMI 3x USB 3.0 PD (srebrny) - \u2705 sklep z dronami i fachowym doradztwem. \u2705 Tutaj kupisz produkty DJI, Yuneec, Parrot, Syma i wiele innych, a tak\u017ce kursy i licencje na operatora drona.\",\"breadcrumb\":{\"@id\":\"https:\/\/ironsky.pl\/sklep\/produkt\/hub-ugreen-cm511-5w1-usb-c-hdmi-3x-usb-3-0-pd-srebrny\/#breadcrumb\"},\"inLanguage\":\"pl-PL\",\"potentialAction\":[{\"@type\":\"ReadAction\",\"target\":[\"https:\/\/ironsky.pl\/sklep\/produkt\/hub-ugreen-cm511-5w1-usb-c-hdmi-3x-usb-3-0-pd-srebrny\/\"]}]},{\"@type\":\"ImageObject\",\"inLanguage\":\"pl-PL\",\"@id\":\"https:\/\/ironsky.pl\/sklep\/produkt\/hub-ugreen-cm511-5w1-usb-c-hdmi-3x-usb-3-0-pd-srebrny\/#primaryimage\",\"url\":\"https:\/\/ironsky.pl\/sklep\/wp-content\/uploads\/2025\/06\/44039_1.jpg\",\"contentUrl\":\"https:\/\/ironsky.pl\/sklep\/wp-content\/uploads\/2025\/06\/44039_1.jpg\",\"width\":800,\"height\":800},{\"@type\":\"BreadcrumbList\",\"@id\":\"https:\/\/ironsky.pl\/sklep\/produkt\/hub-ugreen-cm511-5w1-usb-c-hdmi-3x-usb-3-0-pd-srebrny\/#breadcrumb\",\"itemListElement\":[{\"@type\":\"ListItem\",\"position\":1,\"name\":\"Strona g\u0142\u00f3wna\",\"item\":\"https:\/\/ironsky.pl\/sklep\/\"},{\"@type\":\"ListItem\",\"position\":2,\"name\":\"Wszystkie produkty\",\"item\":\"https:\/\/ironsky.pl\/sklep\/produkty\/\"},{\"@type\":\"ListItem\",\"position\":3,\"name\":\"Hub UGREEN CM511 5w1 USB-C HDMI 3x USB 3.0 PD (srebrny)\"}]},{\"@type\":\"WebSite\",\"@id\":\"https:\/\/ironsky.pl\/sklep\/#website\",\"url\":\"https:\/\/ironsky.pl\/sklep\/\",\"name\":\"IRONSKY.PL Sklep z Dronami\",\"description\":\"IRONSKY.PL Sklep z Dronami\",\"potentialAction\":[{\"@type\":\"SearchAction\",\"target\":{\"@type\":\"EntryPoint\",\"urlTemplate\":\"https:\/\/ironsky.pl\/sklep\/?s={search_term_string}\"},\"query-input\":{\"@type\":\"PropertyValueSpecification\",\"valueRequired\":true,\"valueName\":\"search_term_string\"}}],\"inLanguage\":\"pl-PL\"}]}<\/script>\n<!-- \/ Yoast SEO plugin. -->","yoast_head_json":{"title":"Hub UGREEN CM511 5w1 USB-C HDMI 3x USB 3.0 PD (srebrny) - IRONSKY.PL Sklep z Dronami","description":"Hub UGREEN CM511 5w1 USB-C HDMI 3x USB 3.0 PD (srebrny) - \u2705 sklep z dronami i fachowym doradztwem. \u2705 Tutaj kupisz produkty DJI, Yuneec, Parrot, Syma i wiele innych, a tak\u017ce kursy i licencje na operatora drona.","robots":{"index":"index","follow":"follow","max-snippet":"max-snippet:-1","max-image-preview":"max-image-preview:large","max-video-preview":"max-video-preview:-1"},"canonical":"https:\/\/ironsky.pl\/sklep\/produkt\/hub-ugreen-cm511-5w1-usb-c-hdmi-3x-usb-3-0-pd-srebrny\/","og_locale":"pl_PL","og_type":"article","og_title":"Hub UGREEN CM511 5w1 USB-C HDMI 3x USB 3.0 PD (srebrny) - IRONSKY.PL Sklep z Dronami","og_description":"Hub UGREEN CM511 5w1 USB-C HDMI 3x USB 3.0 PD (srebrny) - \u2705 sklep z dronami i fachowym doradztwem. \u2705 Tutaj kupisz produkty DJI, Yuneec, Parrot, Syma i wiele innych, a tak\u017ce kursy i licencje na operatora drona.","og_url":"https:\/\/ironsky.pl\/sklep\/produkt\/hub-ugreen-cm511-5w1-usb-c-hdmi-3x-usb-3-0-pd-srebrny\/","og_site_name":"IRONSKY.PL Sklep z Dronami","article_modified_time":"2026-04-15T08:42:35+00:00","og_image":[{"width":800,"height":800,"url":"https:\/\/ironsky.pl\/sklep\/wp-content\/uploads\/2025\/06\/44039_1.jpg","type":"image\/jpeg"}],"twitter_card":"summary_large_image","twitter_misc":{"Szacowany czas czytania":"1 minuta"},"schema":{"@context":"https:\/\/schema.org","@graph":[{"@type":"WebPage","@id":"https:\/\/ironsky.pl\/sklep\/produkt\/hub-ugreen-cm511-5w1-usb-c-hdmi-3x-usb-3-0-pd-srebrny\/","url":"https:\/\/ironsky.pl\/sklep\/produkt\/hub-ugreen-cm511-5w1-usb-c-hdmi-3x-usb-3-0-pd-srebrny\/","name":"Hub UGREEN CM511 5w1 USB-C HDMI 3x USB 3.0 PD (srebrny) - IRONSKY.PL Sklep z Dronami","isPartOf":{"@id":"https:\/\/ironsky.pl\/sklep\/#website"},"primaryImageOfPage":{"@id":"https:\/\/ironsky.pl\/sklep\/produkt\/hub-ugreen-cm511-5w1-usb-c-hdmi-3x-usb-3-0-pd-srebrny\/#primaryimage"},"image":{"@id":"https:\/\/ironsky.pl\/sklep\/produkt\/hub-ugreen-cm511-5w1-usb-c-hdmi-3x-usb-3-0-pd-srebrny\/#primaryimage"},"thumbnailUrl":"https:\/\/ironsky.pl\/sklep\/wp-content\/uploads\/2025\/06\/44039_1.jpg","datePublished":"2026-04-15T08:42:21+00:00","dateModified":"2026-04-15T08:42:35+00:00","description":"Hub UGREEN CM511 5w1 USB-C HDMI 3x USB 3.0 PD (srebrny) - \u2705 sklep z dronami i fachowym doradztwem. \u2705 Tutaj kupisz produkty DJI, Yuneec, Parrot, Syma i wiele innych, a tak\u017ce kursy i licencje na operatora drona.","breadcrumb":{"@id":"https:\/\/ironsky.pl\/sklep\/produkt\/hub-ugreen-cm511-5w1-usb-c-hdmi-3x-usb-3-0-pd-srebrny\/#breadcrumb"},"inLanguage":"pl-PL","potentialAction":[{"@type":"ReadAction","target":["https:\/\/ironsky.pl\/sklep\/produkt\/hub-ugreen-cm511-5w1-usb-c-hdmi-3x-usb-3-0-pd-srebrny\/"]}]},{"@type":"ImageObject","inLanguage":"pl-PL","@id":"https:\/\/ironsky.pl\/sklep\/produkt\/hub-ugreen-cm511-5w1-usb-c-hdmi-3x-usb-3-0-pd-srebrny\/#primaryimage","url":"https:\/\/ironsky.pl\/sklep\/wp-content\/uploads\/2025\/06\/44039_1.jpg","contentUrl":"https:\/\/ironsky.pl\/sklep\/wp-content\/uploads\/2025\/06\/44039_1.jpg","width":800,"height":800},{"@type":"BreadcrumbList","@id":"https:\/\/ironsky.pl\/sklep\/produkt\/hub-ugreen-cm511-5w1-usb-c-hdmi-3x-usb-3-0-pd-srebrny\/#breadcrumb","itemListElement":[{"@type":"ListItem","position":1,"name":"Strona g\u0142\u00f3wna","item":"https:\/\/ironsky.pl\/sklep\/"},{"@type":"ListItem","position":2,"name":"Wszystkie produkty","item":"https:\/\/ironsky.pl\/sklep\/produkty\/"},{"@type":"ListItem","position":3,"name":"Hub UGREEN CM511 5w1 USB-C HDMI 3x USB 3.0 PD (srebrny)"}]},{"@type":"WebSite","@id":"https:\/\/ironsky.pl\/sklep\/#website","url":"https:\/\/ironsky.pl\/sklep\/","name":"IRONSKY.PL Sklep z Dronami","description":"IRONSKY.PL Sklep z Dronami","potentialAction":[{"@type":"SearchAction","target":{"@type":"EntryPoint","urlTemplate":"https:\/\/ironsky.pl\/sklep\/?s={search_term_string}"},"query-input":{"@type":"PropertyValueSpecification","valueRequired":true,"valueName":"search_term_string"}}],"inLanguage":"pl-PL"}]}},"_links":{"self":[{"href":"https:\/\/ironsky.pl\/sklep\/wp-json\/wp\/v2\/product\/58981","targetHints":{"allow":["GET"]}}],"collection":[{"href":"https:\/\/ironsky.pl\/sklep\/wp-json\/wp\/v2\/product"}],"about":[{"href":"https:\/\/ironsky.pl\/sklep\/wp-json\/wp\/v2\/types\/product"}],"replies":[{"embeddable":true,"href":"https:\/\/ironsky.pl\/sklep\/wp-json\/wp\/v2\/comments?post=58981"}],"wp:featuredmedia":[{"embeddable":true,"href":"https:\/\/ironsky.pl\/sklep\/wp-json\/wp\/v2\/media\/45160"}],"wp:attachment":[{"href":"https:\/\/ironsky.pl\/sklep\/wp-json\/wp\/v2\/media?parent=58981"}],"wp:term":[{"taxonomy":"product_brand","embeddable":true,"href":"https:\/\/ironsky.pl\/sklep\/wp-json\/wp\/v2\/product_brand?post=58981"},{"taxonomy":"product_cat","embeddable":true,"href":"https:\/\/ironsky.pl\/sklep\/wp-json\/wp\/v2\/product_cat?post=58981"},{"taxonomy":"product_tag","embeddable":true,"href":"https:\/\/ironsky.pl\/sklep\/wp-json\/wp\/v2\/product_tag?post=58981"}],"curies":[{"name":"wp","href":"https:\/\/api.w.org\/{rel}","templated":true}]}}