{"id":58978,"date":"2026-04-15T10:42:21","date_gmt":"2026-04-15T08:42:21","guid":{"rendered":"https:\/\/ironsky.pl\/sklep\/produkt\/obudowa-dysku-ugreen-cm300-25-sata-usb-c-szara\/"},"modified":"2026-04-15T10:42:32","modified_gmt":"2026-04-15T08:42:32","slug":"obudowa-dysku-ugreen-cm300-25-sata-usb-c-szara","status":"publish","type":"product","link":"https:\/\/ironsky.pl\/sklep\/produkt\/obudowa-dysku-ugreen-cm300-25-sata-usb-c-szara\/","title":{"rendered":"Obudowa dysku UGREEN CM300 2,5&#8243; SATA USB-C (szara)"},"content":{"rendered":"<h3>Obudowa dysku 2,5&#8243; SATA HDD \/ SSD Ugreen CM300, 6 Gbps, USB-C 3.1 Gen2 (szara)<\/h3>\n<p>Obudowa dysku Ugreen CM300 to zaawansowane rozwi\u0105zanie do przechowywania i transferu danych, oferuj\u0105ce szybkie i niezawodne po\u0142\u0105czenie USB-C 3.1 Gen 2. Zaprojektowana z my\u015bl\u0105 o u\u017cytkownikach ceni\u0105cych wydajno\u015b\u0107 i bezpiecze\u0144stwo, wyr\u00f3\u017cnia si\u0119 solidn\u0105 konstrukcj\u0105. Z powodzeniem wykorzystasz j\u0105 zar\u00f3wno w domu, jak i w pracy.<\/p>\n<p>\n<img decoding=\"async\" src=\"https:\/\/assets.innpro.pl\/7092\/8248\/2.jpg\" border=\"0\" \/>\n<\/p>\n<h3>Wysoka pr\u0119dko\u015b\u0107 transferu<\/h3>\n<p>Ugreen CM300 zapewnia pr\u0119dko\u015b\u0107 transferu danych do 6 Gbps dzi\u0119ki interfejsowi USB3.1 Gen 2. To umo\u017cliwia szybkie przesy\u0142anie du\u017cych plik\u00f3w, takich jak filmy, zdj\u0119cia wysokiej jako\u015bci czy kopie zapasowe danych. Obudowa jest kompatybilna z dyskami SATA 2.5\u201d HDD\/SSD, obs\u0142uguj\u0105c pojemno\u015bci do 6 TB, co czyni j\u0105 idealnym rozwi\u0105zaniem dla u\u017cytkownik\u00f3w o du\u017cych wymaganiach dotycz\u0105cych przestrzeni dyskowej.<\/p>\n<p>\n<img decoding=\"async\" src=\"https:\/\/assets.innpro.pl\/7092\/8248\/3.jpg\" border=\"0\" \/>\n<\/p>\n<h3>Wysoka jako\u015b\u0107 wykonania<\/h3>\n<p>Obudowa zosta\u0142a wykonana z wysokiej jako\u015bci aluminium i ABS, co zapewnia jej trwa\u0142o\u015b\u0107 oraz odporno\u015b\u0107 na upadki i przegrzanie. Specjalne g\u0105bki wewn\u0105trz obudowy chroni\u0105 dysk przed zarysowaniem i przesuwaniem si\u0119, zapewniaj\u0105c dodatkowe bezpiecze\u0144stwo. Dodatkowo antypo\u015blizgowe nak\u0142adki zapobiegaj\u0105 przemieszczaniu si\u0119 obudowy po powierzchni biurka, co zwi\u0119ksza komfort u\u017cytkowania.<\/p>\n<p>\n<img decoding=\"async\" src=\"https:\/\/assets.innpro.pl\/7092\/8248\/1.jpg\" border=\"0\" \/>\n<\/p>\n<h3>Szeroka kompatybilno\u015b\u0107<\/h3>\n<p>Ugreen CM300 jest kompatybilna z szerok\u0105 gam\u0105 urz\u0105dze\u0144, w tym komputerami, konsolami Xbox\/PS4\/PS3, telewizorami i routerami. Obs\u0142uguje dyski HDD\/SSD o grubo\u015bci do 9.5 mm i wymiarach do 2.5\u201d takich marek jak Seagate, Toshiba, Fujitsu, Western Digital, Samsung, Hitachi itp. Ponadto obudowa jest zgodna z systemami operacyjnymi Windows XP\/7\/8\/10, MacOS i Linux, co zapewnia wszechstronno\u015b\u0107 i \u0142atwo\u015b\u0107 u\u017cycia.<\/p>\n<p>\n<img decoding=\"async\" src=\"https:\/\/assets.innpro.pl\/7092\/8248\/7.jpg\" border=\"0\" \/>\n<\/p>\n<h3>Dodatkowe funkcje<\/h3>\n<p>Obudowa Ugreen CM300 jest wyposa\u017cona w funkcj\u0119 trybu u\u015bpienia, kt\u00f3ry aktywuje si\u0119 po 3 minutach nieu\u017cywania, co przyczynia si\u0119 do oszcz\u0119dzania energii i wyd\u0142u\u017ca \u017cywotno\u015b\u0107 dysku. W zestawie znajduje si\u0119 r\u00f3wnie\u017c kabel USB-C do USB-C o d\u0142ugo\u015bci 0.5 m, dzi\u0119ki czemu nie potrzebujesz dodatkowego \u017ar\u00f3d\u0142a zasilania.<\/p>\n<p>\n<img decoding=\"async\" src=\"https:\/\/assets.innpro.pl\/7092\/8248\/6.jpg\" border=\"0\" \/>\n<\/p>\n<h3>W zestawie<\/h3>\n<ul class=\"list-disc pl-5\">\n<li>obudowa dysku<\/li>\n<li>\n<p style=\"text-align:justify\">kabel USB-C do USB-C<\/p>\n<\/li>\n<\/ul>\n<div class=\"table-wrapper\">\n<p>\u00a0<\/p>\n<h3><\/h3>\n<table>\n<tbody>\n<tr>\n<th>Producent<\/th>\n<td>Ugreen<\/td>\n<\/tr>\n<tr>\n<th>Model<\/th>\n<td>CM300<\/td>\n<\/tr>\n<tr>\n<th>Kolor<\/th>\n<td>szary<\/td>\n<\/tr>\n<tr>\n<th>Port wyj\u015bciowy<\/th>\n<td>USB3.1 Gen 2<\/td>\n<\/tr>\n<tr>\n<th>Kompatybilne dyski<\/th>\n<td>SATA 2.5\u201d<\/td>\n<\/tr>\n<tr>\n<th>Materia\u0142<\/th>\n<td>aluminium, ABS<\/td>\n<\/tr>\n<tr>\n<th>Chip<\/th>\n<td>ASmedia ASM235CM<\/td>\n<\/tr>\n<tr>\n<th>Kabel<\/th>\n<td>USB-C do  USB-C (0.5 m)<\/td>\n<\/tr>\n<tr>\n<th>Wymiary<\/th>\n<td>133 x 82 x 15 mm<\/td>\n<\/tr>\n<tr>\n<th>Pr\u0119dko\u015b\u0107 transferu<\/th>\n<td>6 Gbps<\/td>\n<\/tr>\n<tr>\n<th>Obs\u0142ugiwana pojemno\u015b\u0107 dysku <\/th>\n<td>6 TB<\/td>\n<\/tr>\n<\/tbody>\n<\/table>\n<\/div>\n","protected":false},"excerpt":{"rendered":"<p>Obudowa dysku 2,5&#8243; SATA HDD \/ SSD Ugreen CM300, 6 Gbps, USB-C 3.1 Gen2 (szara) Obudowa dysku Ugreen CM300 to<\/p>\n","protected":false},"featured_media":45153,"comment_status":"closed","ping_status":"open","template":"","meta":{"_acf_changed":false},"product_brand":[],"product_cat":[5929,5936],"product_tag":[],"class_list":{"0":"post-58978","1":"product","2":"type-product","3":"status-publish","4":"has-post-thumbnail","6":"product_cat-akcesoria-it","7":"product_cat-obudowy-dyskow","8":"pa_okres-gwarancji-5757","9":"pa_producent-ugreen","11":"first","12":"outofstock","13":"taxable","14":"shipping-taxable","15":"purchasable","16":"product-type-simple"},"acf":[],"yoast_head":"<!-- This site is optimized with the Yoast SEO plugin v27.2 - https:\/\/yoast.com\/product\/yoast-seo-wordpress\/ -->\n<title>Obudowa dysku UGREEN CM300 2,5&quot; SATA USB-C (szara) - IRONSKY.PL Sklep z Dronami<\/title>\n<meta name=\"description\" content=\"Obudowa dysku UGREEN CM300 2,5&quot; SATA USB-C (szara) - \u2705 sklep z dronami i fachowym doradztwem. \u2705 Tutaj kupisz produkty DJI, Yuneec, Parrot, Syma i wiele innych, a tak\u017ce kursy i licencje na operatora drona.\" \/>\n<meta name=\"robots\" content=\"index, follow, max-snippet:-1, max-image-preview:large, max-video-preview:-1\" \/>\n<link rel=\"canonical\" href=\"https:\/\/ironsky.pl\/sklep\/produkt\/obudowa-dysku-ugreen-cm300-25-sata-usb-c-szara\/\" \/>\n<meta property=\"og:locale\" content=\"pl_PL\" \/>\n<meta property=\"og:type\" content=\"article\" \/>\n<meta property=\"og:title\" content=\"Obudowa dysku UGREEN CM300 2,5&quot; SATA USB-C (szara) - IRONSKY.PL Sklep z Dronami\" \/>\n<meta property=\"og:description\" content=\"Obudowa dysku UGREEN CM300 2,5&quot; SATA USB-C (szara) - \u2705 sklep z dronami i fachowym doradztwem. \u2705 Tutaj kupisz produkty DJI, Yuneec, Parrot, Syma i wiele innych, a tak\u017ce kursy i licencje na operatora drona.\" \/>\n<meta property=\"og:url\" content=\"https:\/\/ironsky.pl\/sklep\/produkt\/obudowa-dysku-ugreen-cm300-25-sata-usb-c-szara\/\" \/>\n<meta property=\"og:site_name\" content=\"IRONSKY.PL Sklep z Dronami\" \/>\n<meta property=\"article:modified_time\" content=\"2026-04-15T08:42:32+00:00\" \/>\n<meta property=\"og:image\" content=\"https:\/\/ironsky.pl\/sklep\/wp-content\/uploads\/2025\/06\/44024_1.jpg\" \/>\n\t<meta property=\"og:image:width\" content=\"800\" \/>\n\t<meta property=\"og:image:height\" content=\"800\" \/>\n\t<meta property=\"og:image:type\" content=\"image\/jpeg\" \/>\n<meta name=\"twitter:card\" content=\"summary_large_image\" \/>\n<meta name=\"twitter:label1\" content=\"Szacowany czas czytania\" \/>\n\t<meta name=\"twitter:data1\" content=\"2 minuty\" \/>\n<script type=\"application\/ld+json\" class=\"yoast-schema-graph\">{\"@context\":\"https:\/\/schema.org\",\"@graph\":[{\"@type\":\"WebPage\",\"@id\":\"https:\/\/ironsky.pl\/sklep\/produkt\/obudowa-dysku-ugreen-cm300-25-sata-usb-c-szara\/\",\"url\":\"https:\/\/ironsky.pl\/sklep\/produkt\/obudowa-dysku-ugreen-cm300-25-sata-usb-c-szara\/\",\"name\":\"Obudowa dysku UGREEN CM300 2,5\\\" SATA USB-C (szara) - IRONSKY.PL Sklep z Dronami\",\"isPartOf\":{\"@id\":\"https:\/\/ironsky.pl\/sklep\/#website\"},\"primaryImageOfPage\":{\"@id\":\"https:\/\/ironsky.pl\/sklep\/produkt\/obudowa-dysku-ugreen-cm300-25-sata-usb-c-szara\/#primaryimage\"},\"image\":{\"@id\":\"https:\/\/ironsky.pl\/sklep\/produkt\/obudowa-dysku-ugreen-cm300-25-sata-usb-c-szara\/#primaryimage\"},\"thumbnailUrl\":\"https:\/\/ironsky.pl\/sklep\/wp-content\/uploads\/2025\/06\/44024_1.jpg\",\"datePublished\":\"2026-04-15T08:42:21+00:00\",\"dateModified\":\"2026-04-15T08:42:32+00:00\",\"description\":\"Obudowa dysku UGREEN CM300 2,5\\\" SATA USB-C (szara) - \u2705 sklep z dronami i fachowym doradztwem. \u2705 Tutaj kupisz produkty DJI, Yuneec, Parrot, Syma i wiele innych, a tak\u017ce kursy i licencje na operatora drona.\",\"breadcrumb\":{\"@id\":\"https:\/\/ironsky.pl\/sklep\/produkt\/obudowa-dysku-ugreen-cm300-25-sata-usb-c-szara\/#breadcrumb\"},\"inLanguage\":\"pl-PL\",\"potentialAction\":[{\"@type\":\"ReadAction\",\"target\":[\"https:\/\/ironsky.pl\/sklep\/produkt\/obudowa-dysku-ugreen-cm300-25-sata-usb-c-szara\/\"]}]},{\"@type\":\"ImageObject\",\"inLanguage\":\"pl-PL\",\"@id\":\"https:\/\/ironsky.pl\/sklep\/produkt\/obudowa-dysku-ugreen-cm300-25-sata-usb-c-szara\/#primaryimage\",\"url\":\"https:\/\/ironsky.pl\/sklep\/wp-content\/uploads\/2025\/06\/44024_1.jpg\",\"contentUrl\":\"https:\/\/ironsky.pl\/sklep\/wp-content\/uploads\/2025\/06\/44024_1.jpg\",\"width\":800,\"height\":800},{\"@type\":\"BreadcrumbList\",\"@id\":\"https:\/\/ironsky.pl\/sklep\/produkt\/obudowa-dysku-ugreen-cm300-25-sata-usb-c-szara\/#breadcrumb\",\"itemListElement\":[{\"@type\":\"ListItem\",\"position\":1,\"name\":\"Strona g\u0142\u00f3wna\",\"item\":\"https:\/\/ironsky.pl\/sklep\/\"},{\"@type\":\"ListItem\",\"position\":2,\"name\":\"Wszystkie produkty\",\"item\":\"https:\/\/ironsky.pl\/sklep\/produkty\/\"},{\"@type\":\"ListItem\",\"position\":3,\"name\":\"Obudowa dysku UGREEN CM300 2,5&#8243; SATA USB-C (szara)\"}]},{\"@type\":\"WebSite\",\"@id\":\"https:\/\/ironsky.pl\/sklep\/#website\",\"url\":\"https:\/\/ironsky.pl\/sklep\/\",\"name\":\"IRONSKY.PL Sklep z Dronami\",\"description\":\"IRONSKY.PL Sklep z Dronami\",\"potentialAction\":[{\"@type\":\"SearchAction\",\"target\":{\"@type\":\"EntryPoint\",\"urlTemplate\":\"https:\/\/ironsky.pl\/sklep\/?s={search_term_string}\"},\"query-input\":{\"@type\":\"PropertyValueSpecification\",\"valueRequired\":true,\"valueName\":\"search_term_string\"}}],\"inLanguage\":\"pl-PL\"}]}<\/script>\n<!-- \/ Yoast SEO plugin. -->","yoast_head_json":{"title":"Obudowa dysku UGREEN CM300 2,5\" SATA USB-C (szara) - IRONSKY.PL Sklep z Dronami","description":"Obudowa dysku UGREEN CM300 2,5\" SATA USB-C (szara) - \u2705 sklep z dronami i fachowym doradztwem. \u2705 Tutaj kupisz produkty DJI, Yuneec, Parrot, Syma i wiele innych, a tak\u017ce kursy i licencje na operatora drona.","robots":{"index":"index","follow":"follow","max-snippet":"max-snippet:-1","max-image-preview":"max-image-preview:large","max-video-preview":"max-video-preview:-1"},"canonical":"https:\/\/ironsky.pl\/sklep\/produkt\/obudowa-dysku-ugreen-cm300-25-sata-usb-c-szara\/","og_locale":"pl_PL","og_type":"article","og_title":"Obudowa dysku UGREEN CM300 2,5\" SATA USB-C (szara) - IRONSKY.PL Sklep z Dronami","og_description":"Obudowa dysku UGREEN CM300 2,5\" SATA USB-C (szara) - \u2705 sklep z dronami i fachowym doradztwem. \u2705 Tutaj kupisz produkty DJI, Yuneec, Parrot, Syma i wiele innych, a tak\u017ce kursy i licencje na operatora drona.","og_url":"https:\/\/ironsky.pl\/sklep\/produkt\/obudowa-dysku-ugreen-cm300-25-sata-usb-c-szara\/","og_site_name":"IRONSKY.PL Sklep z Dronami","article_modified_time":"2026-04-15T08:42:32+00:00","og_image":[{"width":800,"height":800,"url":"https:\/\/ironsky.pl\/sklep\/wp-content\/uploads\/2025\/06\/44024_1.jpg","type":"image\/jpeg"}],"twitter_card":"summary_large_image","twitter_misc":{"Szacowany czas czytania":"2 minuty"},"schema":{"@context":"https:\/\/schema.org","@graph":[{"@type":"WebPage","@id":"https:\/\/ironsky.pl\/sklep\/produkt\/obudowa-dysku-ugreen-cm300-25-sata-usb-c-szara\/","url":"https:\/\/ironsky.pl\/sklep\/produkt\/obudowa-dysku-ugreen-cm300-25-sata-usb-c-szara\/","name":"Obudowa dysku UGREEN CM300 2,5\" SATA USB-C (szara) - IRONSKY.PL Sklep z Dronami","isPartOf":{"@id":"https:\/\/ironsky.pl\/sklep\/#website"},"primaryImageOfPage":{"@id":"https:\/\/ironsky.pl\/sklep\/produkt\/obudowa-dysku-ugreen-cm300-25-sata-usb-c-szara\/#primaryimage"},"image":{"@id":"https:\/\/ironsky.pl\/sklep\/produkt\/obudowa-dysku-ugreen-cm300-25-sata-usb-c-szara\/#primaryimage"},"thumbnailUrl":"https:\/\/ironsky.pl\/sklep\/wp-content\/uploads\/2025\/06\/44024_1.jpg","datePublished":"2026-04-15T08:42:21+00:00","dateModified":"2026-04-15T08:42:32+00:00","description":"Obudowa dysku UGREEN CM300 2,5\" SATA USB-C (szara) - \u2705 sklep z dronami i fachowym doradztwem. \u2705 Tutaj kupisz produkty DJI, Yuneec, Parrot, Syma i wiele innych, a tak\u017ce kursy i licencje na operatora drona.","breadcrumb":{"@id":"https:\/\/ironsky.pl\/sklep\/produkt\/obudowa-dysku-ugreen-cm300-25-sata-usb-c-szara\/#breadcrumb"},"inLanguage":"pl-PL","potentialAction":[{"@type":"ReadAction","target":["https:\/\/ironsky.pl\/sklep\/produkt\/obudowa-dysku-ugreen-cm300-25-sata-usb-c-szara\/"]}]},{"@type":"ImageObject","inLanguage":"pl-PL","@id":"https:\/\/ironsky.pl\/sklep\/produkt\/obudowa-dysku-ugreen-cm300-25-sata-usb-c-szara\/#primaryimage","url":"https:\/\/ironsky.pl\/sklep\/wp-content\/uploads\/2025\/06\/44024_1.jpg","contentUrl":"https:\/\/ironsky.pl\/sklep\/wp-content\/uploads\/2025\/06\/44024_1.jpg","width":800,"height":800},{"@type":"BreadcrumbList","@id":"https:\/\/ironsky.pl\/sklep\/produkt\/obudowa-dysku-ugreen-cm300-25-sata-usb-c-szara\/#breadcrumb","itemListElement":[{"@type":"ListItem","position":1,"name":"Strona g\u0142\u00f3wna","item":"https:\/\/ironsky.pl\/sklep\/"},{"@type":"ListItem","position":2,"name":"Wszystkie produkty","item":"https:\/\/ironsky.pl\/sklep\/produkty\/"},{"@type":"ListItem","position":3,"name":"Obudowa dysku UGREEN CM300 2,5&#8243; SATA USB-C (szara)"}]},{"@type":"WebSite","@id":"https:\/\/ironsky.pl\/sklep\/#website","url":"https:\/\/ironsky.pl\/sklep\/","name":"IRONSKY.PL Sklep z Dronami","description":"IRONSKY.PL Sklep z Dronami","potentialAction":[{"@type":"SearchAction","target":{"@type":"EntryPoint","urlTemplate":"https:\/\/ironsky.pl\/sklep\/?s={search_term_string}"},"query-input":{"@type":"PropertyValueSpecification","valueRequired":true,"valueName":"search_term_string"}}],"inLanguage":"pl-PL"}]}},"_links":{"self":[{"href":"https:\/\/ironsky.pl\/sklep\/wp-json\/wp\/v2\/product\/58978","targetHints":{"allow":["GET"]}}],"collection":[{"href":"https:\/\/ironsky.pl\/sklep\/wp-json\/wp\/v2\/product"}],"about":[{"href":"https:\/\/ironsky.pl\/sklep\/wp-json\/wp\/v2\/types\/product"}],"replies":[{"embeddable":true,"href":"https:\/\/ironsky.pl\/sklep\/wp-json\/wp\/v2\/comments?post=58978"}],"wp:featuredmedia":[{"embeddable":true,"href":"https:\/\/ironsky.pl\/sklep\/wp-json\/wp\/v2\/media\/45153"}],"wp:attachment":[{"href":"https:\/\/ironsky.pl\/sklep\/wp-json\/wp\/v2\/media?parent=58978"}],"wp:term":[{"taxonomy":"product_brand","embeddable":true,"href":"https:\/\/ironsky.pl\/sklep\/wp-json\/wp\/v2\/product_brand?post=58978"},{"taxonomy":"product_cat","embeddable":true,"href":"https:\/\/ironsky.pl\/sklep\/wp-json\/wp\/v2\/product_cat?post=58978"},{"taxonomy":"product_tag","embeddable":true,"href":"https:\/\/ironsky.pl\/sklep\/wp-json\/wp\/v2\/product_tag?post=58978"}],"curies":[{"name":"wp","href":"https:\/\/api.w.org\/{rel}","templated":true}]}}