{"id":58974,"date":"2026-04-15T10:42:21","date_gmt":"2026-04-15T08:42:21","guid":{"rendered":"https:\/\/ironsky.pl\/sklep\/produkt\/grawerka-laserowa-2w1-xtool-s1-40w-zestaw-all-in-one-czarny-2\/"},"modified":"2026-04-15T10:42:27","modified_gmt":"2026-04-15T08:42:27","slug":"grawerka-laserowa-2w1-xtool-s1-40w-zestaw-all-in-one-czarny-2","status":"publish","type":"product","link":"https:\/\/ironsky.pl\/sklep\/produkt\/grawerka-laserowa-2w1-xtool-s1-40w-zestaw-all-in-one-czarny-2\/","title":{"rendered":"Grawerka laserowa 2w1 xTool S1 40W &#8211; zestaw All-in-One (Czarny)"},"content":{"rendered":"<h3>Grawerka laserowa 2w1 xTool S1 40W &#8211; zestaw All-in-One (Czarny)<\/h3>\n<p>Grawerka laserowa xTool S1 40W to zaawansowane urz\u0105dzenie, kt\u00f3re zapewnia niezr\u00f3wnan\u0105 precyzj\u0119 i wszechstronno\u015b\u0107. Dzi\u0119ki czterem wymiennym modu\u0142om laserowym, urz\u0105dzenie mo\u017cna dostosowa\u0107 do r\u00f3\u017cnych scenariuszy pracy, co czyni j\u0105 idealnym narz\u0119dziem zar\u00f3wno dla pocz\u0105tkuj\u0105cych, jak i zaawansowanych u\u017cytkownik\u00f3w. Przestrze\u0144 robocza o wymiarach 498 x 319 mm pozwala na realizacj\u0119 nawet najbardziej wymagaj\u0105cych projekt\u00f3w. All-in-One to rozbudowany zestaw, w kt\u00f3rym otrzymujesz wszystko, co niezb\u0119dne do bezpiecznej i efektywnej pracy na profesjonalnym poziomie.\u00a0\u00a0<\/p>\n<p>\n<img decoding=\"async\" src=\"https:\/\/assets.innpro.pl\/6997\/8148\/3.jpg\" border=\"0\" \/>\n<\/p>\n<h3>Poch\u0142aniacz dymu xTool SafetyPro\u2122 AP2<\/h3>\n<p>xTool SafetyPro\u2122 AP2 to wysoce wydajne urz\u0105dzenie, kt\u00f3re zapewnia czyste powietrze w ka\u017cdym \u015brodowisku pracy. Dzi\u0119ki zaawansowanej technologii tr\u00f3jwarstwowego filtra, oczyszczacz usuwa 99,97% szkodliwych cz\u0105stek i nieprzyjemnych zapach\u00f3w, co gwarantuje bezpiecze\u0144stwo i komfort u\u017cytkowania. Jego mobilno\u015b\u0107 oraz niski poziom ha\u0142asu sprawiaj\u0105, \u017ce jest idealny zar\u00f3wno do u\u017cytku domowego, jak i profesjonalnego.<\/p>\n<p>\n<img decoding=\"async\" src=\"https:\/\/assets.innpro.pl\/6997\/8148\/6.jpg\" border=\"0\" \/>\n<\/p>\n<h3>xTool Air Assist 2.0 Auto<\/h3>\n<p>Air Assist 2.0 Auto to niezast\u0105pione urz\u0105dzenie wspomagaj\u0105ce grawerowanie laserowe. Automatycznie dostosowuje przep\u0142yw powietrza do aktualnych warunk\u00f3w pracy, co pozwala na stabilizacj\u0119 energii lasera i ochron\u0119 soczewki przed zanieczyszczeniami. Sta\u0142y przep\u0142yw powietrza wynosz\u0105cy 30L\/min skutecznie usuwa dym i opary, zapobiegaj\u0105c przypaleniom oraz zapewniaj\u0105c czystsze powierzchnie materia\u0142\u00f3w i lepsz\u0105 jako\u015b\u0107 ci\u0119cia.<\/p>\n<p>\n<img decoding=\"async\" src=\"https:\/\/assets.innpro.pl\/6997\/8148\/5.jpg\" border=\"0\" \/>\n<\/p>\n<h3>Podstawa xTool S1 Riser Base<\/h3>\n<p>Riser Base Class I umo\u017cliwia podniesienie urz\u0105dzenia, co znacznie rozszerza przestrze\u0144 robocz\u0105. Dzi\u0119ki tej podstawie mo\u017cna pracowa\u0107 z r\u00f3\u017cnymi grubo\u015bciami materia\u0142\u00f3w (do 125 mm) i \u0142atwo dostosowa\u0107 wysoko\u015b\u0107 p\u0142yty bazowej. Riser Base zapewnia r\u00f3wnie\u017c zamkni\u0119t\u0105 przestrze\u0144 pracy, zapobiegaj\u0105c wyciekom \u015bwiat\u0142a i dymu, co zwi\u0119ksza bezpiecze\u0144stwo i komfort pracy.<\/p>\n<p>\n<img decoding=\"async\" src=\"https:\/\/assets.innpro.pl\/6997\/8148\/8.jpg\" border=\"0\" \/>\n<\/p>\n<h3>Przystawka obrotowa RA2 Pro<\/h3>\n<p>Przystawka obrotowa xTool RA2 Pro to wszechstronne i precyzyjne narz\u0119dzie 4w1, kt\u00f3re stanowi nieoceniony dodatek do maszyn grawerskich. Dzi\u0119ki mo\u017cliwo\u015bci konfigurowania w czterech r\u00f3\u017cnych ustawieniach, RA2 Pro jest idealny do grawerowania przedmiot\u00f3w o r\u00f3\u017cnych kszta\u0142tach i rozmiarach. Wysokopr\u0119dko\u015bciowe grawerowanie wektorowe i precyzyjne sterowanie silnika krokowego zapewniaj\u0105 niesamowit\u0105 dok\u0142adno\u015b\u0107, a \u0142atwo\u015b\u0107 obs\u0142ugi sprawia, \u017ce modu\u0142 jest gotowy do pracy zaraz po wyj\u0119ciu z pude\u0142ka.<\/p>\n<p>\n<img decoding=\"async\" src=\"https:\/\/assets.innpro.pl\/6997\/8148\/7.jpg\" border=\"0\" \/>\n<\/p>\n<h3>Automatyczny system ga\u015bniczy<\/h3>\n<p>xTool Fire Safety Set for S1 to mini system przeciwpo\u017carowy, kt\u00f3ry automatycznie wykrywa i gasi po\u017car. Jest to niezwykle wa\u017cne zabezpieczenie, kt\u00f3re zwi\u0119ksza bezpiecze\u0144stwo pracy z grawerk\u0105 laserow\u0105, minimalizuj\u0105c ryzyko uszkodze\u0144 i wypadk\u00f3w. Dzi\u0119ki temu mo\u017cesz skupi\u0107 si\u0119 na swoich projektach, maj\u0105c pewno\u015b\u0107, \u017ce jeste\u015b chroniony przed potencjalnymi zagro\u017ceniami.<\/p>\n<p>\n<img decoding=\"async\" src=\"https:\/\/assets.innpro.pl\/6997\/8148\/9.jpg\" border=\"0\" \/>\n<\/p>\n<h3>W zestawie<\/h3>\n<ul class=\"list-disc pl-5\">\n<li>Grawerka laserowa 2w1 xTool S1 40W<\/li>\n<li>Panel o strukturze plastra miodu do wycinania<\/li>\n<li>Smart Air Assist o warto\u015bci 679 z\u0142<\/li>\n<li>Zestaw materia\u0142\u00f3w xTool Select<\/li>\n<li>Automatyczny system ga\u015bniczy xTool Fire Safety Set dla S1 o warto\u015bci 679 z\u0142<\/li>\n<li>Podstawka obrotowa RA2 Pro<\/li>\n<li>Podstawa xTool S1 Riser Base<\/li>\n<li>Poch\u0142aniacz dymu xTool SafetyPro\u2122 AP2<\/li>\n<\/ul>\n<div class=\"table-wrapper\">\n<p>\u00a0<\/p>\n<h3>Grawerka laserowa<\/h3>\n<table>\n<tbody>\n<tr>\n<th>Producent: <\/th>\n<td>xTool<\/td>\n<\/tr>\n<tr>\n<th>Model: <\/th>\n<td>S1<\/td>\n<\/tr>\n<tr>\n<th>Kod producenta:<\/th>\n<td>S1-AIOB<\/td>\n<\/tr>\n<tr>\n<th>Nazwa: <\/th>\n<td>xTool S1 40W Laser Machine<\/td>\n<\/tr>\n<tr>\n<th>Moc lasera: <\/th>\n<td>40W<\/td>\n<\/tr>\n<tr>\n<th>Rozmiar plamki: <\/th>\n<td>0.08 x 0.10 mm<\/td>\n<\/tr>\n<tr>\n<th>Pr\u0119dko\u015b\u0107 pracy: <\/th>\n<td>600 mm\/s<\/td>\n<\/tr>\n<tr>\n<th>Obszar roboczy: <\/th>\n<td>498 x 319 mm<\/td>\n<\/tr>\n<tr>\n<th>Obszar roboczy z automatycznym podajnikiem: <\/th>\n<td>470 mm x 3000 mm (wymagany dodatkowy tor przesuwu)<\/td>\n<\/tr>\n<tr>\n<th>Napi\u0119cie wyj\u015bciowe: <\/th>\n<td>25V 11A<\/td>\n<\/tr>\n<tr>\n<th>Spos\u00f3b po\u0142\u0105czenia: <\/th>\n<td>USB\/Wi-Fi<\/td>\n<\/tr>\n<tr>\n<th>Obs\u0142ugiwane systemy: <\/th>\n<td>Android, iOS, Windows 10 i wy\u017cej, macOS<\/td>\n<\/tr>\n<tr>\n<th>Oprogramowanie: <\/th>\n<td>XCS\/Lightburn<\/td>\n<\/tr>\n<tr>\n<th>Obs\u0142ugiwane formaty plik\u00f3w: <\/th>\n<td>SVG, DXF, JPG, JPEG, PNG, BMP, TIF<\/td>\n<\/tr>\n<tr>\n<th>Waga produktu:<\/th>\n<td>20 kg<\/td>\n<\/tr>\n<tr>\n<th>Wymiary produktu: <\/th>\n<td>765 x 561 x 183 mm (bez podstawy), 765 x 561 x 268 mm (z podstaw\u0105)<\/td>\n<\/tr>\n<tr>\n<th>Kolor:<\/th>\n<td>Czarny<\/td>\n<\/tr>\n<\/tbody>\n<\/table>\n<p>\u00a0<\/p>\n<h3>xTool Smart Air Assist<\/h3>\n<table>\n<tbody>\n<tr>\n<th>Rozmiar produktu <\/th>\n<td>142 x 135 x 105,4 mm<\/td>\n<\/tr>\n<tr>\n<th>Waga produktu <\/th>\n<td>1,51 kg<\/td>\n<\/tr>\n<tr>\n<th>Waga z opakowaniem<\/th>\n<td>2,04 kg<\/td>\n<\/tr>\n<tr>\n<th>Przep\u0142yw powietrza <\/th>\n<td>\u226530<\/td>\n<\/tr>\n<tr>\n<th>Ci\u015bnienie powietrza<\/th>\n<td> \u226530<\/td>\n<\/tr>\n<tr>\n<th>Zasilanie <\/th>\n<td>DC 24V<\/td>\n<\/tr>\n<\/tbody>\n<\/table>\n<p>\u00a0<\/p>\n<h3>Obrotowa podstawka do xTool S1<\/h3>\n<table>\n<tbody>\n<tr>\n<th>Rozmiar opakowania <\/th>\n<td>831 x 276 x 195 mm<\/td>\n<\/tr>\n<tr>\n<th>Rozmiar produktu <\/th>\n<td>106 x 561mm x 765 mm<\/td>\n<\/tr>\n<tr>\n<th>Waga produktu <\/th>\n<td>5,8 kg<\/td>\n<\/tr>\n<tr>\n<th>Waga z opakowaniem <\/th>\n<td>7,6 kg<\/td>\n<\/tr>\n<\/tbody>\n<\/table>\n<p>\u00a0<\/p>\n<h3>Poch\u0142aniacz dymu xTool<\/h3>\n<table>\n<tbody>\n<tr>\n<th>Model <\/th>\n<td>Smoke Purifier<\/td>\n<\/tr>\n<tr>\n<th>Kolor <\/th>\n<td>Bia\u0142y<\/td>\n<\/tr>\n<tr>\n<th>Wymiary <\/th>\n<td>420 x 250 x 410mm<\/td>\n<\/tr>\n<tr>\n<th>Waga <\/th>\n<td>14kg<\/td>\n<\/tr>\n<tr>\n<th>Napi\u0119cie <\/th>\n<td>110V &amp; 220V<\/td>\n<\/tr>\n<tr>\n<th>Moc <\/th>\n<td>150W<\/td>\n<\/tr>\n<tr>\n<th>MAF <\/th>\n<td>235m3\/h<\/td>\n<\/tr>\n<tr>\n<th>CADR <\/th>\n<td>99.97%<\/td>\n<\/tr>\n<tr>\n<th>\u017bywotno\u015b\u0107 filtra <\/th>\n<td>3 miesi\u0105ce<\/td>\n<\/tr>\n<tr>\n<th>Poziom szumu <\/th>\n<td>do 55dB<\/td>\n<\/tr>\n<tr>\n<th><\/th>\n<td><\/td>\n<\/tr>\n<\/tbody>\n<\/table>\n<p>\u00a0<\/p>\n<h3>Przystawka obrotowa xTool 2 Pro<\/h3>\n<table>\n<tbody>\n<tr>\n<th>Model<\/th>\n<td>RA2 Pro<\/td>\n<\/tr>\n<tr>\n<th>Typy wzor\u00f3w <\/th>\n<td>Obraz \/ Linia \/ Tekst<\/td>\n<\/tr>\n<tr>\n<th>Rozmiar Produktu <\/th>\n<td>261 x 138 x 93.5 mm (bez podpory), 321 x 138 x 105 mm (z podpor\u0105)<\/td>\n<\/tr>\n<tr>\n<th>Waga <\/th>\n<td>2.33 kg<\/td>\n<\/tr>\n<tr>\n<th>Kompatybilno\u015b\u0107 <\/th>\n<td>xTool S1 i inne grawery laserowe<\/td>\n<\/tr>\n<tr>\n<th>Prze\u0142o\u017cenie mechanizmu <\/th>\n<td>4:1<\/td>\n<\/tr>\n<tr>\n<th>\u015arednica uchwytu <\/th>\n<td>50 mm<\/td>\n<\/tr>\n<tr>\n<th>Zakres \u015brednic grawerowania <\/th>\n<td>Rolka: 3 mm &#8211; 198 mm ; Uchwyt: 0 mm &#8211; 100 mm ; Sfera: 25 mm &#8211; 100 mm ; Pier\u015bcie\u0144: 11 mm &#8211; 70 mm<\/td>\n<\/tr>\n<tr>\n<th>Typ konstrukcji <\/th>\n<td>Uchwyt obrotowy, Rolka obrotowa, Modu\u0142 do grawerowania sfer, Trzpie\u0144 do grawerowania pier\u015bcieni<\/td>\n<\/tr>\n<tr>\n<th>Oprogramowanie <\/th>\n<td>xTool Creative Space, Laserbox basic, LightBurn, LightGRBL<\/td>\n<\/tr>\n<\/tbody>\n<\/table>\n<\/div>\n","protected":false},"excerpt":{"rendered":"<p>Grawerka laserowa 2w1 xTool S1 40W &#8211; zestaw All-in-One (Czarny) Grawerka laserowa xTool S1 40W to zaawansowane urz\u0105dzenie, kt\u00f3re zapewnia<\/p>\n","protected":false},"featured_media":45125,"comment_status":"closed","ping_status":"open","template":"","meta":{"_acf_changed":false},"product_brand":[],"product_cat":[6218,6217,6219],"product_tag":[],"class_list":{"0":"post-58974","1":"product","2":"type-product","3":"status-publish","4":"has-post-thumbnail","6":"product_cat-grawerki-i-wycinarki-laserowe","7":"product_cat-technologie-kreatywne","8":"product_cat-urzadzenia","9":"pa_okres-gwarancji-5757","10":"pa_producent-xtool","12":"first","13":"outofstock","14":"taxable","15":"shipping-taxable","16":"purchasable","17":"product-type-simple"},"acf":[],"yoast_head":"<!-- This site is optimized with the Yoast SEO plugin v27.2 - https:\/\/yoast.com\/product\/yoast-seo-wordpress\/ -->\n<title>Grawerka laserowa 2w1 xTool S1 40W - zestaw All-in-One (Czarny) - IRONSKY.PL Sklep z Dronami<\/title>\n<meta name=\"description\" content=\"Grawerka laserowa 2w1 xTool S1 40W - zestaw All-in-One (Czarny) - \u2705 sklep z dronami i fachowym doradztwem. \u2705 Tutaj kupisz produkty DJI, Yuneec, Parrot, Syma i wiele innych, a tak\u017ce kursy i licencje na operatora drona.\" \/>\n<meta name=\"robots\" content=\"index, follow, max-snippet:-1, max-image-preview:large, max-video-preview:-1\" \/>\n<link rel=\"canonical\" href=\"https:\/\/ironsky.pl\/sklep\/produkt\/grawerka-laserowa-2w1-xtool-s1-40w-zestaw-all-in-one-czarny-2\/\" \/>\n<meta property=\"og:locale\" content=\"pl_PL\" \/>\n<meta property=\"og:type\" content=\"article\" \/>\n<meta property=\"og:title\" content=\"Grawerka laserowa 2w1 xTool S1 40W - zestaw All-in-One (Czarny) - IRONSKY.PL Sklep z Dronami\" \/>\n<meta property=\"og:description\" content=\"Grawerka laserowa 2w1 xTool S1 40W - zestaw All-in-One (Czarny) - \u2705 sklep z dronami i fachowym doradztwem. \u2705 Tutaj kupisz produkty DJI, Yuneec, Parrot, Syma i wiele innych, a tak\u017ce kursy i licencje na operatora drona.\" \/>\n<meta property=\"og:url\" content=\"https:\/\/ironsky.pl\/sklep\/produkt\/grawerka-laserowa-2w1-xtool-s1-40w-zestaw-all-in-one-czarny-2\/\" \/>\n<meta property=\"og:site_name\" content=\"IRONSKY.PL Sklep z Dronami\" \/>\n<meta property=\"article:modified_time\" content=\"2026-04-15T08:42:27+00:00\" \/>\n<meta property=\"og:image\" content=\"https:\/\/ironsky.pl\/sklep\/wp-content\/uploads\/2025\/06\/43999_5.jpg\" \/>\n\t<meta property=\"og:image:width\" content=\"800\" \/>\n\t<meta property=\"og:image:height\" content=\"800\" \/>\n\t<meta property=\"og:image:type\" content=\"image\/jpeg\" \/>\n<meta name=\"twitter:card\" content=\"summary_large_image\" \/>\n<meta name=\"twitter:label1\" content=\"Szacowany czas czytania\" \/>\n\t<meta name=\"twitter:data1\" content=\"4 minuty\" \/>\n<script type=\"application\/ld+json\" class=\"yoast-schema-graph\">{\"@context\":\"https:\/\/schema.org\",\"@graph\":[{\"@type\":\"WebPage\",\"@id\":\"https:\/\/ironsky.pl\/sklep\/produkt\/grawerka-laserowa-2w1-xtool-s1-40w-zestaw-all-in-one-czarny-2\/\",\"url\":\"https:\/\/ironsky.pl\/sklep\/produkt\/grawerka-laserowa-2w1-xtool-s1-40w-zestaw-all-in-one-czarny-2\/\",\"name\":\"Grawerka laserowa 2w1 xTool S1 40W - zestaw All-in-One (Czarny) - IRONSKY.PL Sklep z Dronami\",\"isPartOf\":{\"@id\":\"https:\/\/ironsky.pl\/sklep\/#website\"},\"primaryImageOfPage\":{\"@id\":\"https:\/\/ironsky.pl\/sklep\/produkt\/grawerka-laserowa-2w1-xtool-s1-40w-zestaw-all-in-one-czarny-2\/#primaryimage\"},\"image\":{\"@id\":\"https:\/\/ironsky.pl\/sklep\/produkt\/grawerka-laserowa-2w1-xtool-s1-40w-zestaw-all-in-one-czarny-2\/#primaryimage\"},\"thumbnailUrl\":\"https:\/\/ironsky.pl\/sklep\/wp-content\/uploads\/2025\/06\/43999_5.jpg\",\"datePublished\":\"2026-04-15T08:42:21+00:00\",\"dateModified\":\"2026-04-15T08:42:27+00:00\",\"description\":\"Grawerka laserowa 2w1 xTool S1 40W - zestaw All-in-One (Czarny) - \u2705 sklep z dronami i fachowym doradztwem. \u2705 Tutaj kupisz produkty DJI, Yuneec, Parrot, Syma i wiele innych, a tak\u017ce kursy i licencje na operatora drona.\",\"breadcrumb\":{\"@id\":\"https:\/\/ironsky.pl\/sklep\/produkt\/grawerka-laserowa-2w1-xtool-s1-40w-zestaw-all-in-one-czarny-2\/#breadcrumb\"},\"inLanguage\":\"pl-PL\",\"potentialAction\":[{\"@type\":\"ReadAction\",\"target\":[\"https:\/\/ironsky.pl\/sklep\/produkt\/grawerka-laserowa-2w1-xtool-s1-40w-zestaw-all-in-one-czarny-2\/\"]}]},{\"@type\":\"ImageObject\",\"inLanguage\":\"pl-PL\",\"@id\":\"https:\/\/ironsky.pl\/sklep\/produkt\/grawerka-laserowa-2w1-xtool-s1-40w-zestaw-all-in-one-czarny-2\/#primaryimage\",\"url\":\"https:\/\/ironsky.pl\/sklep\/wp-content\/uploads\/2025\/06\/43999_5.jpg\",\"contentUrl\":\"https:\/\/ironsky.pl\/sklep\/wp-content\/uploads\/2025\/06\/43999_5.jpg\",\"width\":800,\"height\":800},{\"@type\":\"BreadcrumbList\",\"@id\":\"https:\/\/ironsky.pl\/sklep\/produkt\/grawerka-laserowa-2w1-xtool-s1-40w-zestaw-all-in-one-czarny-2\/#breadcrumb\",\"itemListElement\":[{\"@type\":\"ListItem\",\"position\":1,\"name\":\"Strona g\u0142\u00f3wna\",\"item\":\"https:\/\/ironsky.pl\/sklep\/\"},{\"@type\":\"ListItem\",\"position\":2,\"name\":\"Wszystkie produkty\",\"item\":\"https:\/\/ironsky.pl\/sklep\/produkty\/\"},{\"@type\":\"ListItem\",\"position\":3,\"name\":\"Grawerka laserowa 2w1 xTool S1 40W &#8211; zestaw All-in-One (Czarny)\"}]},{\"@type\":\"WebSite\",\"@id\":\"https:\/\/ironsky.pl\/sklep\/#website\",\"url\":\"https:\/\/ironsky.pl\/sklep\/\",\"name\":\"IRONSKY.PL Sklep z Dronami\",\"description\":\"IRONSKY.PL Sklep z Dronami\",\"potentialAction\":[{\"@type\":\"SearchAction\",\"target\":{\"@type\":\"EntryPoint\",\"urlTemplate\":\"https:\/\/ironsky.pl\/sklep\/?s={search_term_string}\"},\"query-input\":{\"@type\":\"PropertyValueSpecification\",\"valueRequired\":true,\"valueName\":\"search_term_string\"}}],\"inLanguage\":\"pl-PL\"}]}<\/script>\n<!-- \/ Yoast SEO plugin. -->","yoast_head_json":{"title":"Grawerka laserowa 2w1 xTool S1 40W - zestaw All-in-One (Czarny) - IRONSKY.PL Sklep z Dronami","description":"Grawerka laserowa 2w1 xTool S1 40W - zestaw All-in-One (Czarny) - \u2705 sklep z dronami i fachowym doradztwem. \u2705 Tutaj kupisz produkty DJI, Yuneec, Parrot, Syma i wiele innych, a tak\u017ce kursy i licencje na operatora drona.","robots":{"index":"index","follow":"follow","max-snippet":"max-snippet:-1","max-image-preview":"max-image-preview:large","max-video-preview":"max-video-preview:-1"},"canonical":"https:\/\/ironsky.pl\/sklep\/produkt\/grawerka-laserowa-2w1-xtool-s1-40w-zestaw-all-in-one-czarny-2\/","og_locale":"pl_PL","og_type":"article","og_title":"Grawerka laserowa 2w1 xTool S1 40W - zestaw All-in-One (Czarny) - IRONSKY.PL Sklep z Dronami","og_description":"Grawerka laserowa 2w1 xTool S1 40W - zestaw All-in-One (Czarny) - \u2705 sklep z dronami i fachowym doradztwem. \u2705 Tutaj kupisz produkty DJI, Yuneec, Parrot, Syma i wiele innych, a tak\u017ce kursy i licencje na operatora drona.","og_url":"https:\/\/ironsky.pl\/sklep\/produkt\/grawerka-laserowa-2w1-xtool-s1-40w-zestaw-all-in-one-czarny-2\/","og_site_name":"IRONSKY.PL Sklep z Dronami","article_modified_time":"2026-04-15T08:42:27+00:00","og_image":[{"width":800,"height":800,"url":"https:\/\/ironsky.pl\/sklep\/wp-content\/uploads\/2025\/06\/43999_5.jpg","type":"image\/jpeg"}],"twitter_card":"summary_large_image","twitter_misc":{"Szacowany czas czytania":"4 minuty"},"schema":{"@context":"https:\/\/schema.org","@graph":[{"@type":"WebPage","@id":"https:\/\/ironsky.pl\/sklep\/produkt\/grawerka-laserowa-2w1-xtool-s1-40w-zestaw-all-in-one-czarny-2\/","url":"https:\/\/ironsky.pl\/sklep\/produkt\/grawerka-laserowa-2w1-xtool-s1-40w-zestaw-all-in-one-czarny-2\/","name":"Grawerka laserowa 2w1 xTool S1 40W - zestaw All-in-One (Czarny) - IRONSKY.PL Sklep z Dronami","isPartOf":{"@id":"https:\/\/ironsky.pl\/sklep\/#website"},"primaryImageOfPage":{"@id":"https:\/\/ironsky.pl\/sklep\/produkt\/grawerka-laserowa-2w1-xtool-s1-40w-zestaw-all-in-one-czarny-2\/#primaryimage"},"image":{"@id":"https:\/\/ironsky.pl\/sklep\/produkt\/grawerka-laserowa-2w1-xtool-s1-40w-zestaw-all-in-one-czarny-2\/#primaryimage"},"thumbnailUrl":"https:\/\/ironsky.pl\/sklep\/wp-content\/uploads\/2025\/06\/43999_5.jpg","datePublished":"2026-04-15T08:42:21+00:00","dateModified":"2026-04-15T08:42:27+00:00","description":"Grawerka laserowa 2w1 xTool S1 40W - zestaw All-in-One (Czarny) - \u2705 sklep z dronami i fachowym doradztwem. \u2705 Tutaj kupisz produkty DJI, Yuneec, Parrot, Syma i wiele innych, a tak\u017ce kursy i licencje na operatora drona.","breadcrumb":{"@id":"https:\/\/ironsky.pl\/sklep\/produkt\/grawerka-laserowa-2w1-xtool-s1-40w-zestaw-all-in-one-czarny-2\/#breadcrumb"},"inLanguage":"pl-PL","potentialAction":[{"@type":"ReadAction","target":["https:\/\/ironsky.pl\/sklep\/produkt\/grawerka-laserowa-2w1-xtool-s1-40w-zestaw-all-in-one-czarny-2\/"]}]},{"@type":"ImageObject","inLanguage":"pl-PL","@id":"https:\/\/ironsky.pl\/sklep\/produkt\/grawerka-laserowa-2w1-xtool-s1-40w-zestaw-all-in-one-czarny-2\/#primaryimage","url":"https:\/\/ironsky.pl\/sklep\/wp-content\/uploads\/2025\/06\/43999_5.jpg","contentUrl":"https:\/\/ironsky.pl\/sklep\/wp-content\/uploads\/2025\/06\/43999_5.jpg","width":800,"height":800},{"@type":"BreadcrumbList","@id":"https:\/\/ironsky.pl\/sklep\/produkt\/grawerka-laserowa-2w1-xtool-s1-40w-zestaw-all-in-one-czarny-2\/#breadcrumb","itemListElement":[{"@type":"ListItem","position":1,"name":"Strona g\u0142\u00f3wna","item":"https:\/\/ironsky.pl\/sklep\/"},{"@type":"ListItem","position":2,"name":"Wszystkie produkty","item":"https:\/\/ironsky.pl\/sklep\/produkty\/"},{"@type":"ListItem","position":3,"name":"Grawerka laserowa 2w1 xTool S1 40W &#8211; zestaw All-in-One (Czarny)"}]},{"@type":"WebSite","@id":"https:\/\/ironsky.pl\/sklep\/#website","url":"https:\/\/ironsky.pl\/sklep\/","name":"IRONSKY.PL Sklep z Dronami","description":"IRONSKY.PL Sklep z Dronami","potentialAction":[{"@type":"SearchAction","target":{"@type":"EntryPoint","urlTemplate":"https:\/\/ironsky.pl\/sklep\/?s={search_term_string}"},"query-input":{"@type":"PropertyValueSpecification","valueRequired":true,"valueName":"search_term_string"}}],"inLanguage":"pl-PL"}]}},"_links":{"self":[{"href":"https:\/\/ironsky.pl\/sklep\/wp-json\/wp\/v2\/product\/58974","targetHints":{"allow":["GET"]}}],"collection":[{"href":"https:\/\/ironsky.pl\/sklep\/wp-json\/wp\/v2\/product"}],"about":[{"href":"https:\/\/ironsky.pl\/sklep\/wp-json\/wp\/v2\/types\/product"}],"replies":[{"embeddable":true,"href":"https:\/\/ironsky.pl\/sklep\/wp-json\/wp\/v2\/comments?post=58974"}],"wp:featuredmedia":[{"embeddable":true,"href":"https:\/\/ironsky.pl\/sklep\/wp-json\/wp\/v2\/media\/45125"}],"wp:attachment":[{"href":"https:\/\/ironsky.pl\/sklep\/wp-json\/wp\/v2\/media?parent=58974"}],"wp:term":[{"taxonomy":"product_brand","embeddable":true,"href":"https:\/\/ironsky.pl\/sklep\/wp-json\/wp\/v2\/product_brand?post=58974"},{"taxonomy":"product_cat","embeddable":true,"href":"https:\/\/ironsky.pl\/sklep\/wp-json\/wp\/v2\/product_cat?post=58974"},{"taxonomy":"product_tag","embeddable":true,"href":"https:\/\/ironsky.pl\/sklep\/wp-json\/wp\/v2\/product_tag?post=58974"}],"curies":[{"name":"wp","href":"https:\/\/api.w.org\/{rel}","templated":true}]}}