{"id":58933,"date":"2026-04-15T10:41:50","date_gmt":"2026-04-15T08:41:50","guid":{"rendered":"https:\/\/ironsky.pl\/sklep\/produkt\/monitor-przenosny-arzopa-z1rc-160\/"},"modified":"2026-04-15T10:42:00","modified_gmt":"2026-04-15T08:42:00","slug":"monitor-przenosny-arzopa-z1rc-160","status":"publish","type":"product","link":"https:\/\/ironsky.pl\/sklep\/produkt\/monitor-przenosny-arzopa-z1rc-160\/","title":{"rendered":"Monitor przeno\u015bny ARZOPA Z1RC 16,0&#8243;"},"content":{"rendered":"<h3>Przeno\u015bny monitor Arzopa Z1RC 16,0&#8221;<\/h3>\n<p>Arzopa Z1RC to przeno\u015bny monitor, kt\u00f3ry \u0142\u0105czy w sobie doskona\u0142\u0105 jako\u015b\u0107 obrazu z kompaktowym designem. Jego 16-calowy ekran oferuje rozdzielczo\u015b\u0107 2560 x 1600 p z cz\u0119stotliwo\u015bci\u0105 od\u015bwie\u017cania 60 Hz, pozwalaj\u0105c Ci cieszy\u0107 si\u0119 dynamicznymi, bogatymi w szczeg\u00f3\u0142y obrazami. Jest kompatybilny z szerok\u0105 gam\u0105 urz\u0105dze\u0144, a dzi\u0119ki mo\u017cliwo\u015bci wy\u015bwietlania obrazu zar\u00f3wno w pionie, jak i poziomie dostosujesz go do swoich preferencji. \u0141atwo zmie\u015bci si\u0119 w torbie czy plecaku, zapewniaj\u0105c mo\u017cliwo\u015b\u0107 pracy lub rozrywki w dowolnym miejscu.<\/p>\n<p><img decoding=\"async\" src=\"https:\/\/assets.innpro.pl\/6870\/8004\/8.jpg\" border=\"0\" \/><\/p>\n<h3>Wysoka rozdzielczo\u015b\u0107<\/h3>\n<p>Dzi\u0119ki rozdzielczo\u015bci 2560 x 1600 pikseli, monitor Z1RC zapewnia niezr\u00f3wnan\u0105 ostro\u015b\u0107 obrazu i precyzyjne odwzorowanie kolor\u00f3w. Jasno\u015b\u0107 na poziomie 500 cd\/m2 oraz wsparcie dla technologii renderowania HDR 10 sprawiaj\u0105, \u017ce ka\u017cdy szczeg\u00f3\u0142 staje si\u0119 wyra\u017any, a kolory nabieraj\u0105 \u017cycia, nawet w jasnym otoczeniu. Dodatkowo cz\u0119stotliwo\u015b\u0107 od\u015bwie\u017cania wynosz\u0105ca 60 Hz gwarantuje wyj\u0105tkow\u0105 p\u0142ynno\u015b\u0107 obrazu.<\/p>\n<p><img decoding=\"async\" src=\"https:\/\/assets.innpro.pl\/6870\/8004\/2.jpg\" border=\"0\" \/><\/p>\n<h3>Immersyjna rozgrywka i praca<\/h3>\n<p>Szerokie k\u0105ty widzenia (178\u00b0 zar\u00f3wno poziomo, jak i pionowo) sprawiaj\u0105, \u017ce monitor Arzopa Z1RC doskonale nadaje si\u0119 do zar\u00f3wno gier, jak i zada\u0144 kreatywnych, pozwalaj\u0105c cieszy\u0107 si\u0119 wspania\u0142ym obrazem bez wzgl\u0119du na k\u0105t patrzenia. Co wi\u0119cej, monitor posiada wbudowany g\u0142o\u015bnik, kt\u00f3ry dostarcza klarowny d\u017awi\u0119k, bez konieczno\u015bci pod\u0142\u0105czania dodatkowych urz\u0105dze\u0144 audio.<\/p>\n<p><img decoding=\"async\" src=\"https:\/\/assets.innpro.pl\/6870\/8004\/1.jpg\" border=\"0\" \/><\/p>\n<h3>Wszechstronna kompatybilno\u015b\u0107<\/h3>\n<p>Model Z1RC cechuj\u0105 si\u0119 szerok\u0105 kompatybilno\u015bci\u0105 i r\u00f3\u017cnorodno\u015bci\u0105 port\u00f3w, umo\u017cliwiaj\u0105c p\u0142ynne po\u0142\u0105czenie z r\u00f3\u017cnymi urz\u0105dzeniami. Dwa porty USB-C, w tym jeden do zasilania, oraz port mini HDMI zapewniaj\u0105 elastyczne opcje pod\u0142\u0105czenia do komputer\u00f3w, laptop\u00f3w, konsol do gier, smartfon\u00f3w i wielu innych urz\u0105dze\u0144.<\/p>\n<p><img decoding=\"async\" src=\"https:\/\/assets.innpro.pl\/6870\/8004\/6.jpg\" border=\"0\" \/><\/p>\n<h3>Zabierz go ze sob\u0105 wsz\u0119dzie<\/h3>\n<p>Teraz mo\u017cesz cieszy\u0107 si\u0119 doskona\u0142\u0105 jako\u015bci\u0105 obrazu i wygod\u0105 u\u017cytkowania, gdziekolwiek si\u0119 znajdziesz! Dzi\u0119ki swojej niewielkiej konstrukcji przeno\u015bny monitor Arzopa Z1RC stanowi idealne rozwi\u0105zanie dla os\u00f3b ceni\u0105cych mobilno\u015b\u0107. Wbudowany stojak zapewnia stabilne podparcie, niezale\u017cnie od miejsca, w kt\u00f3rym si\u0119 znajdujesz.<\/p>\n<p><img decoding=\"async\" src=\"https:\/\/assets.innpro.pl\/6870\/8004\/3.jpg\" border=\"0\" \/><\/p>\n<h3>W zestawie:<\/h3>\n<ul class=\"list-disc pl-5\">\n<li>monitor<\/li>\n<li>kabel zasilania USB-A do USB-C<\/li>\n<li>kabel USB-C do USB-C<\/li>\n<li>kabel mini HDMI do HDMI<\/li>\n<li>\u015bciereczka do ekranu<\/li>\n<li>instrukcja obs\u0142ugi<\/li>\n<\/ul>\n<div class=\"table-wrapper\">\n<p>\u00a0<\/p>\n<h3>\u00a0<\/h3>\n<table>\n<tbody>\n<tr>\n<th>Producent<\/th>\n<td>Arzopa<\/td>\n<\/tr>\n<tr>\n<th>Model<\/th>\n<td>Z1RC<\/td>\n<\/tr>\n<tr>\n<th>Kolor<\/th>\n<td>Czarny<\/td>\n<\/tr>\n<tr>\n<th>Rozmiar ekranu<\/th>\n<td>16,0\u201d<\/td>\n<\/tr>\n<tr>\n<th>Rozdzielczo\u015b\u0107<\/th>\n<td>2560 x 1600<\/td>\n<\/tr>\n<tr>\n<th>Proporcje wy\u015bwietlania<\/th>\n<td>16:10<\/td>\n<\/tr>\n<tr>\n<th>Jasno\u015b\u0107<\/th>\n<td>500 cd\/m2 (8-bit)<\/td>\n<\/tr>\n<tr>\n<th>Gama kolor\u00f3w<\/th>\n<td>72% NTSC<\/td>\n<\/tr>\n<tr>\n<th>Wsp\u00f3\u0142czynnik kontrastu<\/th>\n<td>1200:1<\/td>\n<\/tr>\n<tr>\n<th>HDR<\/th>\n<td>HDR 10<\/td>\n<\/tr>\n<tr>\n<th>Cz\u0119stotliwo\u015b\u0107 od\u015bwie\u017cania<\/th>\n<td>60 Hz<\/td>\n<\/tr>\n<tr>\n<th>K\u0105t widzenia<\/th>\n<td>Poziomo: 178\u00b0, pionowo: 178\u00b0<\/td>\n<\/tr>\n<tr>\n<th>G\u0142o\u015bnik<\/th>\n<td>Wbudowany<\/td>\n<\/tr>\n<tr>\n<th>Interfejs<\/th>\n<td>USB-C<\/td>\n<\/tr>\n<tr>\n<th>Kompatybilno\u015b\u0107<\/th>\n<td>PC, Mac, telefony, Xbox, Switch, PS4\/5, laptopy itp.<\/td>\n<\/tr>\n<tr>\n<th>Porty<\/th>\n<td>USB-C, USB-C (do zasilania), mini HDMI<\/td>\n<\/tr>\n<\/tbody>\n<\/table>\n<\/div>\n","protected":false},"excerpt":{"rendered":"<p>Przeno\u015bny monitor Arzopa Z1RC 16,0&#8221; Arzopa Z1RC to przeno\u015bny monitor, kt\u00f3ry \u0142\u0105czy w sobie doskona\u0142\u0105 jako\u015b\u0107 obrazu z kompaktowym designem.<\/p>\n","protected":false},"featured_media":58934,"comment_status":"closed","ping_status":"open","template":"","meta":{"_acf_changed":false},"product_brand":[],"product_cat":[5929,5968],"product_tag":[],"class_list":{"0":"post-58933","1":"product","2":"type-product","3":"status-publish","4":"has-post-thumbnail","6":"product_cat-akcesoria-it","7":"product_cat-monitory-przenosne","8":"pa_okres-gwarancji-5754","9":"pa_producent-arzopa","11":"first","12":"outofstock","13":"taxable","14":"shipping-taxable","15":"purchasable","16":"product-type-simple"},"acf":[],"yoast_head":"<!-- This site is optimized with the Yoast SEO plugin v27.2 - https:\/\/yoast.com\/product\/yoast-seo-wordpress\/ -->\n<title>Monitor przeno\u015bny ARZOPA Z1RC 16,0&quot; - IRONSKY.PL Sklep z Dronami<\/title>\n<meta name=\"description\" content=\"Monitor przeno\u015bny ARZOPA Z1RC 16,0&quot; - \u2705 sklep z dronami i fachowym doradztwem. \u2705 Tutaj kupisz produkty DJI, Yuneec, Parrot, Syma i wiele innych, a tak\u017ce kursy i licencje na operatora drona.\" \/>\n<meta name=\"robots\" content=\"index, follow, max-snippet:-1, max-image-preview:large, max-video-preview:-1\" \/>\n<link rel=\"canonical\" href=\"https:\/\/ironsky.pl\/sklep\/produkt\/monitor-przenosny-arzopa-z1rc-160\/\" \/>\n<meta property=\"og:locale\" content=\"pl_PL\" \/>\n<meta property=\"og:type\" content=\"article\" \/>\n<meta property=\"og:title\" content=\"Monitor przeno\u015bny ARZOPA Z1RC 16,0&quot; - IRONSKY.PL Sklep z Dronami\" \/>\n<meta property=\"og:description\" content=\"Monitor przeno\u015bny ARZOPA Z1RC 16,0&quot; - \u2705 sklep z dronami i fachowym doradztwem. \u2705 Tutaj kupisz produkty DJI, Yuneec, Parrot, Syma i wiele innych, a tak\u017ce kursy i licencje na operatora drona.\" \/>\n<meta property=\"og:url\" content=\"https:\/\/ironsky.pl\/sklep\/produkt\/monitor-przenosny-arzopa-z1rc-160\/\" \/>\n<meta property=\"og:site_name\" content=\"IRONSKY.PL Sklep z Dronami\" \/>\n<meta property=\"article:modified_time\" content=\"2026-04-15T08:42:00+00:00\" \/>\n<meta property=\"og:image\" content=\"https:\/\/ironsky.pl\/sklep\/wp-content\/uploads\/2026\/04\/43875_2.jpg\" \/>\n\t<meta property=\"og:image:width\" content=\"800\" \/>\n\t<meta property=\"og:image:height\" content=\"800\" \/>\n\t<meta property=\"og:image:type\" content=\"image\/jpeg\" \/>\n<meta name=\"twitter:card\" content=\"summary_large_image\" \/>\n<meta name=\"twitter:label1\" content=\"Szacowany czas czytania\" \/>\n\t<meta name=\"twitter:data1\" content=\"2 minuty\" \/>\n<script type=\"application\/ld+json\" class=\"yoast-schema-graph\">{\"@context\":\"https:\/\/schema.org\",\"@graph\":[{\"@type\":\"WebPage\",\"@id\":\"https:\/\/ironsky.pl\/sklep\/produkt\/monitor-przenosny-arzopa-z1rc-160\/\",\"url\":\"https:\/\/ironsky.pl\/sklep\/produkt\/monitor-przenosny-arzopa-z1rc-160\/\",\"name\":\"Monitor przeno\u015bny ARZOPA Z1RC 16,0\\\" - IRONSKY.PL Sklep z Dronami\",\"isPartOf\":{\"@id\":\"https:\/\/ironsky.pl\/sklep\/#website\"},\"primaryImageOfPage\":{\"@id\":\"https:\/\/ironsky.pl\/sklep\/produkt\/monitor-przenosny-arzopa-z1rc-160\/#primaryimage\"},\"image\":{\"@id\":\"https:\/\/ironsky.pl\/sklep\/produkt\/monitor-przenosny-arzopa-z1rc-160\/#primaryimage\"},\"thumbnailUrl\":\"https:\/\/ironsky.pl\/sklep\/wp-content\/uploads\/2026\/04\/43875_2.jpg\",\"datePublished\":\"2026-04-15T08:41:50+00:00\",\"dateModified\":\"2026-04-15T08:42:00+00:00\",\"description\":\"Monitor przeno\u015bny ARZOPA Z1RC 16,0\\\" - \u2705 sklep z dronami i fachowym doradztwem. \u2705 Tutaj kupisz produkty DJI, Yuneec, Parrot, Syma i wiele innych, a tak\u017ce kursy i licencje na operatora drona.\",\"breadcrumb\":{\"@id\":\"https:\/\/ironsky.pl\/sklep\/produkt\/monitor-przenosny-arzopa-z1rc-160\/#breadcrumb\"},\"inLanguage\":\"pl-PL\",\"potentialAction\":[{\"@type\":\"ReadAction\",\"target\":[\"https:\/\/ironsky.pl\/sklep\/produkt\/monitor-przenosny-arzopa-z1rc-160\/\"]}]},{\"@type\":\"ImageObject\",\"inLanguage\":\"pl-PL\",\"@id\":\"https:\/\/ironsky.pl\/sklep\/produkt\/monitor-przenosny-arzopa-z1rc-160\/#primaryimage\",\"url\":\"https:\/\/ironsky.pl\/sklep\/wp-content\/uploads\/2026\/04\/43875_2.jpg\",\"contentUrl\":\"https:\/\/ironsky.pl\/sklep\/wp-content\/uploads\/2026\/04\/43875_2.jpg\",\"width\":800,\"height\":800},{\"@type\":\"BreadcrumbList\",\"@id\":\"https:\/\/ironsky.pl\/sklep\/produkt\/monitor-przenosny-arzopa-z1rc-160\/#breadcrumb\",\"itemListElement\":[{\"@type\":\"ListItem\",\"position\":1,\"name\":\"Strona g\u0142\u00f3wna\",\"item\":\"https:\/\/ironsky.pl\/sklep\/\"},{\"@type\":\"ListItem\",\"position\":2,\"name\":\"Wszystkie produkty\",\"item\":\"https:\/\/ironsky.pl\/sklep\/produkty\/\"},{\"@type\":\"ListItem\",\"position\":3,\"name\":\"Monitor przeno\u015bny ARZOPA Z1RC 16,0&#8243;\"}]},{\"@type\":\"WebSite\",\"@id\":\"https:\/\/ironsky.pl\/sklep\/#website\",\"url\":\"https:\/\/ironsky.pl\/sklep\/\",\"name\":\"IRONSKY.PL Sklep z Dronami\",\"description\":\"IRONSKY.PL Sklep z Dronami\",\"potentialAction\":[{\"@type\":\"SearchAction\",\"target\":{\"@type\":\"EntryPoint\",\"urlTemplate\":\"https:\/\/ironsky.pl\/sklep\/?s={search_term_string}\"},\"query-input\":{\"@type\":\"PropertyValueSpecification\",\"valueRequired\":true,\"valueName\":\"search_term_string\"}}],\"inLanguage\":\"pl-PL\"}]}<\/script>\n<!-- \/ Yoast SEO plugin. -->","yoast_head_json":{"title":"Monitor przeno\u015bny ARZOPA Z1RC 16,0\" - IRONSKY.PL Sklep z Dronami","description":"Monitor przeno\u015bny ARZOPA Z1RC 16,0\" - \u2705 sklep z dronami i fachowym doradztwem. \u2705 Tutaj kupisz produkty DJI, Yuneec, Parrot, Syma i wiele innych, a tak\u017ce kursy i licencje na operatora drona.","robots":{"index":"index","follow":"follow","max-snippet":"max-snippet:-1","max-image-preview":"max-image-preview:large","max-video-preview":"max-video-preview:-1"},"canonical":"https:\/\/ironsky.pl\/sklep\/produkt\/monitor-przenosny-arzopa-z1rc-160\/","og_locale":"pl_PL","og_type":"article","og_title":"Monitor przeno\u015bny ARZOPA Z1RC 16,0\" - IRONSKY.PL Sklep z Dronami","og_description":"Monitor przeno\u015bny ARZOPA Z1RC 16,0\" - \u2705 sklep z dronami i fachowym doradztwem. \u2705 Tutaj kupisz produkty DJI, Yuneec, Parrot, Syma i wiele innych, a tak\u017ce kursy i licencje na operatora drona.","og_url":"https:\/\/ironsky.pl\/sklep\/produkt\/monitor-przenosny-arzopa-z1rc-160\/","og_site_name":"IRONSKY.PL Sklep z Dronami","article_modified_time":"2026-04-15T08:42:00+00:00","og_image":[{"width":800,"height":800,"url":"https:\/\/ironsky.pl\/sklep\/wp-content\/uploads\/2026\/04\/43875_2.jpg","type":"image\/jpeg"}],"twitter_card":"summary_large_image","twitter_misc":{"Szacowany czas czytania":"2 minuty"},"schema":{"@context":"https:\/\/schema.org","@graph":[{"@type":"WebPage","@id":"https:\/\/ironsky.pl\/sklep\/produkt\/monitor-przenosny-arzopa-z1rc-160\/","url":"https:\/\/ironsky.pl\/sklep\/produkt\/monitor-przenosny-arzopa-z1rc-160\/","name":"Monitor przeno\u015bny ARZOPA Z1RC 16,0\" - IRONSKY.PL Sklep z Dronami","isPartOf":{"@id":"https:\/\/ironsky.pl\/sklep\/#website"},"primaryImageOfPage":{"@id":"https:\/\/ironsky.pl\/sklep\/produkt\/monitor-przenosny-arzopa-z1rc-160\/#primaryimage"},"image":{"@id":"https:\/\/ironsky.pl\/sklep\/produkt\/monitor-przenosny-arzopa-z1rc-160\/#primaryimage"},"thumbnailUrl":"https:\/\/ironsky.pl\/sklep\/wp-content\/uploads\/2026\/04\/43875_2.jpg","datePublished":"2026-04-15T08:41:50+00:00","dateModified":"2026-04-15T08:42:00+00:00","description":"Monitor przeno\u015bny ARZOPA Z1RC 16,0\" - \u2705 sklep z dronami i fachowym doradztwem. \u2705 Tutaj kupisz produkty DJI, Yuneec, Parrot, Syma i wiele innych, a tak\u017ce kursy i licencje na operatora drona.","breadcrumb":{"@id":"https:\/\/ironsky.pl\/sklep\/produkt\/monitor-przenosny-arzopa-z1rc-160\/#breadcrumb"},"inLanguage":"pl-PL","potentialAction":[{"@type":"ReadAction","target":["https:\/\/ironsky.pl\/sklep\/produkt\/monitor-przenosny-arzopa-z1rc-160\/"]}]},{"@type":"ImageObject","inLanguage":"pl-PL","@id":"https:\/\/ironsky.pl\/sklep\/produkt\/monitor-przenosny-arzopa-z1rc-160\/#primaryimage","url":"https:\/\/ironsky.pl\/sklep\/wp-content\/uploads\/2026\/04\/43875_2.jpg","contentUrl":"https:\/\/ironsky.pl\/sklep\/wp-content\/uploads\/2026\/04\/43875_2.jpg","width":800,"height":800},{"@type":"BreadcrumbList","@id":"https:\/\/ironsky.pl\/sklep\/produkt\/monitor-przenosny-arzopa-z1rc-160\/#breadcrumb","itemListElement":[{"@type":"ListItem","position":1,"name":"Strona g\u0142\u00f3wna","item":"https:\/\/ironsky.pl\/sklep\/"},{"@type":"ListItem","position":2,"name":"Wszystkie produkty","item":"https:\/\/ironsky.pl\/sklep\/produkty\/"},{"@type":"ListItem","position":3,"name":"Monitor przeno\u015bny ARZOPA Z1RC 16,0&#8243;"}]},{"@type":"WebSite","@id":"https:\/\/ironsky.pl\/sklep\/#website","url":"https:\/\/ironsky.pl\/sklep\/","name":"IRONSKY.PL Sklep z Dronami","description":"IRONSKY.PL Sklep z Dronami","potentialAction":[{"@type":"SearchAction","target":{"@type":"EntryPoint","urlTemplate":"https:\/\/ironsky.pl\/sklep\/?s={search_term_string}"},"query-input":{"@type":"PropertyValueSpecification","valueRequired":true,"valueName":"search_term_string"}}],"inLanguage":"pl-PL"}]}},"_links":{"self":[{"href":"https:\/\/ironsky.pl\/sklep\/wp-json\/wp\/v2\/product\/58933","targetHints":{"allow":["GET"]}}],"collection":[{"href":"https:\/\/ironsky.pl\/sklep\/wp-json\/wp\/v2\/product"}],"about":[{"href":"https:\/\/ironsky.pl\/sklep\/wp-json\/wp\/v2\/types\/product"}],"replies":[{"embeddable":true,"href":"https:\/\/ironsky.pl\/sklep\/wp-json\/wp\/v2\/comments?post=58933"}],"wp:featuredmedia":[{"embeddable":true,"href":"https:\/\/ironsky.pl\/sklep\/wp-json\/wp\/v2\/media\/58934"}],"wp:attachment":[{"href":"https:\/\/ironsky.pl\/sklep\/wp-json\/wp\/v2\/media?parent=58933"}],"wp:term":[{"taxonomy":"product_brand","embeddable":true,"href":"https:\/\/ironsky.pl\/sklep\/wp-json\/wp\/v2\/product_brand?post=58933"},{"taxonomy":"product_cat","embeddable":true,"href":"https:\/\/ironsky.pl\/sklep\/wp-json\/wp\/v2\/product_cat?post=58933"},{"taxonomy":"product_tag","embeddable":true,"href":"https:\/\/ironsky.pl\/sklep\/wp-json\/wp\/v2\/product_tag?post=58933"}],"curies":[{"name":"wp","href":"https:\/\/api.w.org\/{rel}","templated":true}]}}