{"id":58914,"date":"2026-04-15T10:41:13","date_gmt":"2026-04-15T08:41:13","guid":{"rendered":"https:\/\/ironsky.pl\/sklep\/produkt\/drukarka-3d-creality-ender-3-v3-plus-2\/"},"modified":"2026-04-15T10:41:48","modified_gmt":"2026-04-15T08:41:48","slug":"drukarka-3d-creality-ender-3-v3-plus-2","status":"publish","type":"product","link":"https:\/\/ironsky.pl\/sklep\/produkt\/drukarka-3d-creality-ender-3-v3-plus-2\/","title":{"rendered":"Drukarka 3D CREALITY Ender-3 V3 Plus"},"content":{"rendered":"<h3>Drukarka 3D Creality Ender-3 V3 Plus<\/h3>\n<p>Drukarka 3D Creality Ender-3 V3 Plus to zaawansowane urz\u0105dzenie, kt\u00f3re przekszta\u0142ca pomys\u0142y w rzeczywisto\u015b\u0107 z niespotykan\u0105 precyzj\u0105. W dodatku robi to b\u0142yskawicznie. Dzi\u0119ki imponuj\u0105cej obj\u0119to\u015bci roboczej 300x300x330 mm CoreXZ z pr\u0119dko\u015bci\u0105 do 600 mm\/s oraz zaawansowanym funkcjom, takim jak zintegrowana dysza Tri-metal i automatyczna kalibracja, mo\u017cesz cieszy\u0107 si\u0119 wydajnym i bezproblemowym procesem druku. Drukarka oferuje moc, stabilno\u015b\u0107 i wszechstronno\u015b\u0107, kt\u00f3re przek\u0142adaj\u0105 si\u0119 na wyj\u0105tkow\u0105 jako\u015b\u0107 wydruk\u00f3w, niezale\u017cnie od z\u0142o\u017cono\u015bci Twoich projekt\u00f3w.<\/p>\n<p>\n<img decoding=\"async\" src=\"https:\/\/assets.innpro.pl\/6953\/8100\/1.jpg\" border=\"0\" \/>\n<\/p>\n<h3>Zwi\u0119kszona obj\u0119to\u015b\u0107 druku<\/h3>\n<p>Creality Ender-3 V3 Plus pozwala na drukowanie du\u017cych modeli bez konieczno\u015bci dzielenia ich na cz\u0119\u015bci. Obj\u0119to\u015b\u0107 robocza 300x300x330 mm umo\u017cliwia tworzenie pe\u0142nowymiarowych obiekt\u00f3w, takich jak kaski czy wi\u0119ksze elementy dekoracyjne, w jednym cyklu. To nie tylko oszcz\u0119dza czas, ale tak\u017ce minimalizuje ryzyko b\u0142\u0119d\u00f3w monta\u017cowych i poprawia integralno\u015b\u0107 strukturaln\u0105 gotowych wydruk\u00f3w.<\/p>\n<p>\n<img decoding=\"async\" src=\"https:\/\/assets.innpro.pl\/6953\/8100\/2.jpg\" border=\"0\" \/>\n<\/p>\n<h3>CoreXZ: pr\u0119dko\u015b\u0107, precyzja i moc<\/h3>\n<p>System CoreXZ zapewnia p\u0142ynne i szybkie ruchy z pr\u0119dko\u015bci\u0105 dochodz\u0105c\u0105 do 600 mm\/s. Dzi\u0119ki koordynacji ruch\u00f3w w osiach X i Z, a tak\u017ce wzmocnionej dok\u0142adno\u015bci w osi Z drukarka gwarantuje niezwykle dok\u0142adne i szybkie tworzenie modeli. To oznacza kr\u00f3tsze czasy druku bez kompromis\u00f3w w jako\u015bci, co jest kluczowe dla profesjonalist\u00f3w potrzebuj\u0105cych szybko realizowa\u0107 projekty. Co wi\u0119cej, dwa pot\u0119\u017cne silniki o szczytowym momencie obrotowym 1000 mN zapewniaj\u0105 sprawne przemieszczanie platformy roboczej nawet przy ci\u0119\u017ckich wydrukach. U\u0142atwiaj\u0105 one r\u00f3wnie\u017c uzyskanie idealnie g\u0142adkich powierzchni, eliminuj\u0105c b\u0142\u0119dy wynikaj\u0105ce z drga\u0144 czy niestabilno\u015bci.<\/p>\n<p>\n<img decoding=\"async\" src=\"https:\/\/assets.innpro.pl\/6953\/8100\/3.jpg\" border=\"0\" \/>\n<\/p>\n<h3>Stabilna konstrukcja<\/h3>\n<p>Metalowa konstrukcja drukarki z dodatkowymi pr\u0119tami wspieraj\u0105cymi zapewnia niezr\u00f3wnan\u0105 stabilno\u015b\u0107 podczas druku. Solidna rama i dodatkowe elementy wsparcia zapobiegaj\u0105 jakimkolwiek ruchom, kt\u00f3re mog\u0142yby negatywnie wp\u0142yn\u0105\u0107 na jako\u015b\u0107 wydruk\u00f3w. Dzi\u0119ki temu mo\u017cesz mie\u0107 pewno\u015b\u0107, \u017ce Twoje projekty zostan\u0105 wykonane z najwy\u017csz\u0105 precyzj\u0105.<\/p>\n<p>\n<img decoding=\"async\" src=\"https:\/\/assets.innpro.pl\/6953\/8100\/4.jpg\" border=\"0\" \/>\n<\/p>\n<h3>Zaawansowane ekstrudowanie<\/h3>\n<p>Bezpo\u015bredni ekstruder z ceramicznym elementem grzewczym o mocy 60W pozwala na efektywne i bezproblemowe topienie filament\u00f3w. Technologia ta eliminuje ryzyko zator\u00f3w i zapewnia sta\u0142\u0105 jako\u015b\u0107 druku, co jest szczeg\u00f3lnie wa\u017cne przy skomplikowanych i d\u0142ugotrwa\u0142ych projektach.<\/p>\n<p>\n<img decoding=\"async\" src=\"https:\/\/assets.innpro.pl\/6953\/8100\/5.jpg\" border=\"0\" \/>\n<\/p>\n<h3>Zintegrowana dysza Tri-metal i dwa pot\u0119\u017cne wentylatory<\/h3>\n<p>Innowacyjna dysza Tri-metal z tytanowym wk\u0142adem oraz dwa wentylatory ch\u0142odz\u0105ce zapewniaj\u0105 doskona\u0142e warunki do druku. Dysza umo\u017cliwia szybkie i \u0142atwe wymiany, a wentylatory dbaj\u0105 o szybkie sch\u0142adzanie wydrukowanych warstw, co przek\u0142ada si\u0119 na ich doskona\u0142\u0105 jako\u015b\u0107.<\/p>\n<p>\n<img decoding=\"async\" src=\"https:\/\/assets.innpro.pl\/6953\/8100\/6.jpg\" border=\"0\" \/>\n<\/p>\n<h3>Automatyczna kalibracja i system operacyjny Creality OS<\/h3>\n<p>Funkcja automatycznej kalibracji eliminuje potrzeb\u0119 r\u0119cznego dostosowywania ustawie\u0144, co znacz\u0105co u\u0142atwia obs\u0142ug\u0119 drukarki. Creality OS, oparty na otwartym kodzie \u017ar\u00f3d\u0142owym, oferuje zaawansowane funkcje i umo\u017cliwia zdalne sterowanie drukark\u0105 za pomoc\u0105 aplikacji Creality Cloud.<\/p>\n<p>\n<img decoding=\"async\" src=\"https:\/\/assets.innpro.pl\/6953\/8100\/8.jpg\" border=\"0\" \/>\n<\/p>\n<h3>W zestawie<\/h3>\n<ul class=\"list-disc pl-5\">\n<li>Podstawa<\/li>\n<li>Rama z bram\u0105<\/li>\n<li>Ekran dotykowy<\/li>\n<li>Rurka do filamentu<\/li>\n<li>Uchwyt na szpul\u0119 filamentu<\/li>\n<li>Kabel zasilaj\u0105cy<\/li>\n<li>Uchwyt na filament zapobiegaj\u0105cy spl\u0105taniu<\/li>\n<li>\u015aruby M4*8 (8 sztuk)<\/li>\n<li>Zestaw narz\u0119dzi<\/li>\n<li>Klucz nasadowy<\/li>\n<li>Rurka teflonowa<\/li>\n<li>Filament<\/li>\n<li>Szczypce tn\u0105ce<\/li>\n<li>Opaski zaciskowe (5 sztuk)<\/li>\n<li>Klipsy do przewod\u00f3w (3 sztuki)<\/li>\n<li>Os\u0142ona kabla ekstrudera<\/li>\n<li>Czy\u015bcik do dysz<\/li>\n<li>Pami\u0119\u0107 USB<\/li>\n<li>Instrukcja obs\u0142ugi<\/li>\n<\/ul>\n<div class=\"table-wrapper\">\n<p>\u00a0<\/p>\n<h3><\/h3>\n<table>\n<tbody>\n<tr>\n<th>Producent<\/th>\n<td>Creality<\/td>\n<\/tr>\n<tr>\n<th>Model<\/th>\n<td>Ender-3 V3 Plus<\/td>\n<\/tr>\n<tr>\n<th>Technologia druku<\/th>\n<td>FDM<\/td>\n<\/tr>\n<tr>\n<th>Obj\u0119to\u015b\u0107 robocza<\/th>\n<td>300x300x330 mm<\/td>\n<\/tr>\n<tr>\n<th>Wymiary produktu<\/th>\n<td>445x410x577 mm<\/td>\n<\/tr>\n<tr>\n<th>Wymiary opakowania<\/th>\n<td>623x503x245 mm<\/td>\n<\/tr>\n<tr>\n<th>Waga netto<\/th>\n<td>11,5 kg<\/td>\n<\/tr>\n<tr>\n<th>Pr\u0119dko\u015b\u0107 druku<\/th>\n<td>\u2264600 mm\/s<\/td>\n<\/tr>\n<tr>\n<th>Przyspieszenie<\/th>\n<td>\u226420000 mm\/s\u00b2<\/td>\n<\/tr>\n<tr>\n<th>Dok\u0142adno\u015b\u0107 druku<\/th>\n<td>\u00b10,2 mm<\/td>\n<\/tr>\n<tr>\n<th>Grubo\u015b\u0107 warstwy<\/th>\n<td>0,1-0,35 mm<\/td>\n<\/tr>\n<tr>\n<th>\u015arednica filamentu<\/th>\n<td>1,75 mm<\/td>\n<\/tr>\n<tr>\n<th>Tryb transferu plik\u00f3w<\/th>\n<td>USB drive, WLAN, Creality Cloud<\/td>\n<\/tr>\n<tr>\n<th>\u015arednica dyszy<\/th>\n<td>0,4 mm<\/td>\n<\/tr>\n<tr>\n<th>Pod\u0142o\u017ce robocze<\/th>\n<td>Elastyczna p\u0142yta robocza<\/td>\n<\/tr>\n<tr>\n<th>Typ dyszy<\/th>\n<td>Dysza szybkowymienna (z hartowan\u0105 stal\u0105) zintegrowana z heatbreak<\/td>\n<\/tr>\n<tr>\n<th>Ekstruder<\/th>\n<td>Nowy ekstruder bezpo\u015bredni o wysokiej pr\u0119dko\u015bci<\/td>\n<\/tr>\n<tr>\n<th>Temperatura dyszy<\/th>\n<td>\u2264300\u00b0C<\/td>\n<\/tr>\n<tr>\n<th>Temperatura sto\u0142u roboczego<\/th>\n<td>\u2264100\u00b0C<\/td>\n<\/tr>\n<tr>\n<th>Kszta\u0142towanie wej\u015b\u0107<\/th>\n<td>Tak (wbudowany czujnik G)<\/td>\n<\/tr>\n<tr>\n<th>Tryb poziomowania<\/th>\n<td>Automatyczne poziomowanie<\/td>\n<\/tr>\n<tr>\n<th>Ekran wy\u015bwietlacza<\/th>\n<td>4,3&#8243; kolorowy ekran dotykowy HD<\/td>\n<\/tr>\n<tr>\n<th>P\u0142yta g\u0142\u00f3wna<\/th>\n<td>32-bitowa<\/td>\n<\/tr>\n<tr>\n<th>\u0141\u0105czno\u015b\u0107<\/th>\n<td>WiFi<\/td>\n<\/tr>\n<tr>\n<th>Obs\u0142ugiwane formaty plik\u00f3w<\/th>\n<td>STL, OBJ, 3MF<\/td>\n<\/tr>\n<tr>\n<th>Obs\u0142ugiwane filamenty<\/th>\n<td>PLA, TPU, PETG, ABS, PLA-CF, PETG-CF, CR-carbon<\/td>\n<\/tr>\n<tr>\n<th>Aplikacja do sterowania<\/th>\n<td>Creality Cloud<\/td>\n<\/tr>\n<tr>\n<th>J\u0119zyki interfejsu u\u017cytkownika<\/th>\n<td>Angielski, Hiszpa\u0144ski, Niemiecki, Francuski, Rosyjski, Portugalski, W\u0142oski, Turecki, Chi\u0144ski, Japo\u0144ski, Korea\u0144ski<\/td>\n<\/tr>\n<tr>\n<th>Opcjonalna kamera<\/th>\n<td>Nebula<\/td>\n<\/tr>\n<tr>\n<th>Napi\u0119cie znamionowe<\/th>\n<td>100-120V, 200-240V, 50\/60Hz<\/td>\n<\/tr>\n<tr>\n<th>Moc znamionowa<\/th>\n<td>350W<\/td>\n<\/tr>\n<\/tbody>\n<\/table>\n<\/div>\n","protected":false},"excerpt":{"rendered":"<p>Drukarka 3D Creality Ender-3 V3 Plus Drukarka 3D Creality Ender-3 V3 Plus to zaawansowane urz\u0105dzenie, kt\u00f3re przekszta\u0142ca pomys\u0142y w rzeczywisto\u015b\u0107<\/p>\n","protected":false},"featured_media":45053,"comment_status":"closed","ping_status":"open","template":"","meta":{"_acf_changed":false},"product_brand":[],"product_cat":[6222,6223,6217],"product_tag":[],"class_list":{"0":"post-58914","1":"product","2":"type-product","3":"status-publish","4":"has-post-thumbnail","6":"product_cat-druk-3d-technologie-kreatywne","7":"product_cat-drukarki-3d","8":"product_cat-technologie-kreatywne","9":"pa_okres-gwarancji-5754","10":"pa_producent-creality","12":"first","13":"outofstock","14":"taxable","15":"shipping-taxable","16":"purchasable","17":"product-type-simple"},"acf":[],"yoast_head":"<!-- This site is optimized with the Yoast SEO plugin v27.2 - https:\/\/yoast.com\/product\/yoast-seo-wordpress\/ -->\n<title>Drukarka 3D CREALITY Ender-3 V3 Plus - IRONSKY.PL Sklep z Dronami<\/title>\n<meta name=\"description\" content=\"Drukarka 3D CREALITY Ender-3 V3 Plus - \u2705 sklep z dronami i fachowym doradztwem. \u2705 Tutaj kupisz produkty DJI, Yuneec, Parrot, Syma i wiele innych, a tak\u017ce kursy i licencje na operatora drona.\" \/>\n<meta name=\"robots\" content=\"index, follow, max-snippet:-1, max-image-preview:large, max-video-preview:-1\" \/>\n<link rel=\"canonical\" href=\"https:\/\/ironsky.pl\/sklep\/produkt\/drukarka-3d-creality-ender-3-v3-plus-2\/\" \/>\n<meta property=\"og:locale\" content=\"pl_PL\" \/>\n<meta property=\"og:type\" content=\"article\" \/>\n<meta property=\"og:title\" content=\"Drukarka 3D CREALITY Ender-3 V3 Plus - IRONSKY.PL Sklep z Dronami\" \/>\n<meta property=\"og:description\" content=\"Drukarka 3D CREALITY Ender-3 V3 Plus - \u2705 sklep z dronami i fachowym doradztwem. \u2705 Tutaj kupisz produkty DJI, Yuneec, Parrot, Syma i wiele innych, a tak\u017ce kursy i licencje na operatora drona.\" \/>\n<meta property=\"og:url\" content=\"https:\/\/ironsky.pl\/sklep\/produkt\/drukarka-3d-creality-ender-3-v3-plus-2\/\" \/>\n<meta property=\"og:site_name\" content=\"IRONSKY.PL Sklep z Dronami\" \/>\n<meta property=\"article:modified_time\" content=\"2026-04-15T08:41:48+00:00\" \/>\n<meta property=\"og:image\" content=\"https:\/\/ironsky.pl\/sklep\/wp-content\/uploads\/2025\/06\/43587_6.jpg\" \/>\n\t<meta property=\"og:image:width\" content=\"800\" \/>\n\t<meta property=\"og:image:height\" content=\"800\" \/>\n\t<meta property=\"og:image:type\" content=\"image\/jpeg\" \/>\n<meta name=\"twitter:card\" content=\"summary_large_image\" \/>\n<meta name=\"twitter:label1\" content=\"Szacowany czas czytania\" \/>\n\t<meta name=\"twitter:data1\" content=\"3 minuty\" \/>\n<script type=\"application\/ld+json\" class=\"yoast-schema-graph\">{\"@context\":\"https:\/\/schema.org\",\"@graph\":[{\"@type\":\"WebPage\",\"@id\":\"https:\/\/ironsky.pl\/sklep\/produkt\/drukarka-3d-creality-ender-3-v3-plus-2\/\",\"url\":\"https:\/\/ironsky.pl\/sklep\/produkt\/drukarka-3d-creality-ender-3-v3-plus-2\/\",\"name\":\"Drukarka 3D CREALITY Ender-3 V3 Plus - IRONSKY.PL Sklep z Dronami\",\"isPartOf\":{\"@id\":\"https:\/\/ironsky.pl\/sklep\/#website\"},\"primaryImageOfPage\":{\"@id\":\"https:\/\/ironsky.pl\/sklep\/produkt\/drukarka-3d-creality-ender-3-v3-plus-2\/#primaryimage\"},\"image\":{\"@id\":\"https:\/\/ironsky.pl\/sklep\/produkt\/drukarka-3d-creality-ender-3-v3-plus-2\/#primaryimage\"},\"thumbnailUrl\":\"https:\/\/ironsky.pl\/sklep\/wp-content\/uploads\/2025\/06\/43587_6.jpg\",\"datePublished\":\"2026-04-15T08:41:13+00:00\",\"dateModified\":\"2026-04-15T08:41:48+00:00\",\"description\":\"Drukarka 3D CREALITY Ender-3 V3 Plus - \u2705 sklep z dronami i fachowym doradztwem. \u2705 Tutaj kupisz produkty DJI, Yuneec, Parrot, Syma i wiele innych, a tak\u017ce kursy i licencje na operatora drona.\",\"breadcrumb\":{\"@id\":\"https:\/\/ironsky.pl\/sklep\/produkt\/drukarka-3d-creality-ender-3-v3-plus-2\/#breadcrumb\"},\"inLanguage\":\"pl-PL\",\"potentialAction\":[{\"@type\":\"ReadAction\",\"target\":[\"https:\/\/ironsky.pl\/sklep\/produkt\/drukarka-3d-creality-ender-3-v3-plus-2\/\"]}]},{\"@type\":\"ImageObject\",\"inLanguage\":\"pl-PL\",\"@id\":\"https:\/\/ironsky.pl\/sklep\/produkt\/drukarka-3d-creality-ender-3-v3-plus-2\/#primaryimage\",\"url\":\"https:\/\/ironsky.pl\/sklep\/wp-content\/uploads\/2025\/06\/43587_6.jpg\",\"contentUrl\":\"https:\/\/ironsky.pl\/sklep\/wp-content\/uploads\/2025\/06\/43587_6.jpg\",\"width\":800,\"height\":800},{\"@type\":\"BreadcrumbList\",\"@id\":\"https:\/\/ironsky.pl\/sklep\/produkt\/drukarka-3d-creality-ender-3-v3-plus-2\/#breadcrumb\",\"itemListElement\":[{\"@type\":\"ListItem\",\"position\":1,\"name\":\"Strona g\u0142\u00f3wna\",\"item\":\"https:\/\/ironsky.pl\/sklep\/\"},{\"@type\":\"ListItem\",\"position\":2,\"name\":\"Wszystkie produkty\",\"item\":\"https:\/\/ironsky.pl\/sklep\/produkty\/\"},{\"@type\":\"ListItem\",\"position\":3,\"name\":\"Drukarka 3D CREALITY Ender-3 V3 Plus\"}]},{\"@type\":\"WebSite\",\"@id\":\"https:\/\/ironsky.pl\/sklep\/#website\",\"url\":\"https:\/\/ironsky.pl\/sklep\/\",\"name\":\"IRONSKY.PL Sklep z Dronami\",\"description\":\"IRONSKY.PL Sklep z Dronami\",\"potentialAction\":[{\"@type\":\"SearchAction\",\"target\":{\"@type\":\"EntryPoint\",\"urlTemplate\":\"https:\/\/ironsky.pl\/sklep\/?s={search_term_string}\"},\"query-input\":{\"@type\":\"PropertyValueSpecification\",\"valueRequired\":true,\"valueName\":\"search_term_string\"}}],\"inLanguage\":\"pl-PL\"}]}<\/script>\n<!-- \/ Yoast SEO plugin. -->","yoast_head_json":{"title":"Drukarka 3D CREALITY Ender-3 V3 Plus - IRONSKY.PL Sklep z Dronami","description":"Drukarka 3D CREALITY Ender-3 V3 Plus - \u2705 sklep z dronami i fachowym doradztwem. \u2705 Tutaj kupisz produkty DJI, Yuneec, Parrot, Syma i wiele innych, a tak\u017ce kursy i licencje na operatora drona.","robots":{"index":"index","follow":"follow","max-snippet":"max-snippet:-1","max-image-preview":"max-image-preview:large","max-video-preview":"max-video-preview:-1"},"canonical":"https:\/\/ironsky.pl\/sklep\/produkt\/drukarka-3d-creality-ender-3-v3-plus-2\/","og_locale":"pl_PL","og_type":"article","og_title":"Drukarka 3D CREALITY Ender-3 V3 Plus - IRONSKY.PL Sklep z Dronami","og_description":"Drukarka 3D CREALITY Ender-3 V3 Plus - \u2705 sklep z dronami i fachowym doradztwem. \u2705 Tutaj kupisz produkty DJI, Yuneec, Parrot, Syma i wiele innych, a tak\u017ce kursy i licencje na operatora drona.","og_url":"https:\/\/ironsky.pl\/sklep\/produkt\/drukarka-3d-creality-ender-3-v3-plus-2\/","og_site_name":"IRONSKY.PL Sklep z Dronami","article_modified_time":"2026-04-15T08:41:48+00:00","og_image":[{"width":800,"height":800,"url":"https:\/\/ironsky.pl\/sklep\/wp-content\/uploads\/2025\/06\/43587_6.jpg","type":"image\/jpeg"}],"twitter_card":"summary_large_image","twitter_misc":{"Szacowany czas czytania":"3 minuty"},"schema":{"@context":"https:\/\/schema.org","@graph":[{"@type":"WebPage","@id":"https:\/\/ironsky.pl\/sklep\/produkt\/drukarka-3d-creality-ender-3-v3-plus-2\/","url":"https:\/\/ironsky.pl\/sklep\/produkt\/drukarka-3d-creality-ender-3-v3-plus-2\/","name":"Drukarka 3D CREALITY Ender-3 V3 Plus - IRONSKY.PL Sklep z Dronami","isPartOf":{"@id":"https:\/\/ironsky.pl\/sklep\/#website"},"primaryImageOfPage":{"@id":"https:\/\/ironsky.pl\/sklep\/produkt\/drukarka-3d-creality-ender-3-v3-plus-2\/#primaryimage"},"image":{"@id":"https:\/\/ironsky.pl\/sklep\/produkt\/drukarka-3d-creality-ender-3-v3-plus-2\/#primaryimage"},"thumbnailUrl":"https:\/\/ironsky.pl\/sklep\/wp-content\/uploads\/2025\/06\/43587_6.jpg","datePublished":"2026-04-15T08:41:13+00:00","dateModified":"2026-04-15T08:41:48+00:00","description":"Drukarka 3D CREALITY Ender-3 V3 Plus - \u2705 sklep z dronami i fachowym doradztwem. \u2705 Tutaj kupisz produkty DJI, Yuneec, Parrot, Syma i wiele innych, a tak\u017ce kursy i licencje na operatora drona.","breadcrumb":{"@id":"https:\/\/ironsky.pl\/sklep\/produkt\/drukarka-3d-creality-ender-3-v3-plus-2\/#breadcrumb"},"inLanguage":"pl-PL","potentialAction":[{"@type":"ReadAction","target":["https:\/\/ironsky.pl\/sklep\/produkt\/drukarka-3d-creality-ender-3-v3-plus-2\/"]}]},{"@type":"ImageObject","inLanguage":"pl-PL","@id":"https:\/\/ironsky.pl\/sklep\/produkt\/drukarka-3d-creality-ender-3-v3-plus-2\/#primaryimage","url":"https:\/\/ironsky.pl\/sklep\/wp-content\/uploads\/2025\/06\/43587_6.jpg","contentUrl":"https:\/\/ironsky.pl\/sklep\/wp-content\/uploads\/2025\/06\/43587_6.jpg","width":800,"height":800},{"@type":"BreadcrumbList","@id":"https:\/\/ironsky.pl\/sklep\/produkt\/drukarka-3d-creality-ender-3-v3-plus-2\/#breadcrumb","itemListElement":[{"@type":"ListItem","position":1,"name":"Strona g\u0142\u00f3wna","item":"https:\/\/ironsky.pl\/sklep\/"},{"@type":"ListItem","position":2,"name":"Wszystkie produkty","item":"https:\/\/ironsky.pl\/sklep\/produkty\/"},{"@type":"ListItem","position":3,"name":"Drukarka 3D CREALITY Ender-3 V3 Plus"}]},{"@type":"WebSite","@id":"https:\/\/ironsky.pl\/sklep\/#website","url":"https:\/\/ironsky.pl\/sklep\/","name":"IRONSKY.PL Sklep z Dronami","description":"IRONSKY.PL Sklep z Dronami","potentialAction":[{"@type":"SearchAction","target":{"@type":"EntryPoint","urlTemplate":"https:\/\/ironsky.pl\/sklep\/?s={search_term_string}"},"query-input":{"@type":"PropertyValueSpecification","valueRequired":true,"valueName":"search_term_string"}}],"inLanguage":"pl-PL"}]}},"_links":{"self":[{"href":"https:\/\/ironsky.pl\/sklep\/wp-json\/wp\/v2\/product\/58914","targetHints":{"allow":["GET"]}}],"collection":[{"href":"https:\/\/ironsky.pl\/sklep\/wp-json\/wp\/v2\/product"}],"about":[{"href":"https:\/\/ironsky.pl\/sklep\/wp-json\/wp\/v2\/types\/product"}],"replies":[{"embeddable":true,"href":"https:\/\/ironsky.pl\/sklep\/wp-json\/wp\/v2\/comments?post=58914"}],"wp:featuredmedia":[{"embeddable":true,"href":"https:\/\/ironsky.pl\/sklep\/wp-json\/wp\/v2\/media\/45053"}],"wp:attachment":[{"href":"https:\/\/ironsky.pl\/sklep\/wp-json\/wp\/v2\/media?parent=58914"}],"wp:term":[{"taxonomy":"product_brand","embeddable":true,"href":"https:\/\/ironsky.pl\/sklep\/wp-json\/wp\/v2\/product_brand?post=58914"},{"taxonomy":"product_cat","embeddable":true,"href":"https:\/\/ironsky.pl\/sklep\/wp-json\/wp\/v2\/product_cat?post=58914"},{"taxonomy":"product_tag","embeddable":true,"href":"https:\/\/ironsky.pl\/sklep\/wp-json\/wp\/v2\/product_tag?post=58914"}],"curies":[{"name":"wp","href":"https:\/\/api.w.org\/{rel}","templated":true}]}}