{"id":58900,"date":"2026-04-15T10:41:13","date_gmt":"2026-04-15T08:41:13","guid":{"rendered":"https:\/\/ironsky.pl\/sklep\/produkt\/lampa-led-puluz-17cm\/"},"modified":"2026-04-15T10:41:40","modified_gmt":"2026-04-15T08:41:40","slug":"lampa-led-puluz-17cm","status":"publish","type":"product","link":"https:\/\/ironsky.pl\/sklep\/produkt\/lampa-led-puluz-17cm\/","title":{"rendered":"Lampa LED PULUZ 17cm"},"content":{"rendered":"<h3>Kolorowa lampa fotograficzna PULUZ 17cm\u00a0<\/h3>\n<p>Tw\u00f3rz jeszcze lepsze zdj\u0119cia i filmy z kolorow\u0105 lamp\u0105 fotograficzn\u0105 PULUZ. To przeno\u015bne urz\u0105dzenie oferuje regulowan\u0105 jasno\u015b\u0107 do 600 luks\u00f3w i temperatur\u0119 barwow\u0105 od 2500K do 9000K, a ponadto wyr\u00f3\u017cnia si\u0119 szerokim k\u0105tem padania \u015bwiat\u0142a 120\u00b0 i wysokim wska\u017anikiem oddawania barw (CRI \u2265 95). Do dyspozycji masz tak\u017ce mn\u00f3stwo efekt\u00f3w \u015bwietlnych. Co wi\u0119cej, dzi\u0119ki wbudowanemu akumulatorowi o pojemno\u015bci 2000 mAh produkt zapewnia do 12 godzin pracy na jednym na\u0142adowaniu. To idealne rozwi\u0105zanie dla fotograf\u00f3w i filmowc\u00f3w!<\/p>\n<p>\n<img decoding=\"async\" src=\"https:\/\/assets.innpro.pl\/6631\/7733\/5.jpg\" border=\"0\" \/>\n<\/p>\n<h3>Kompaktowa i przeno\u015bna konstrukcja<\/h3>\n<p>Kolorowa lampa PULUZ jest lekka i wygodna do przenoszenia, co sprawia, \u017ce doskonale sprawdzi si\u0119 zar\u00f3wno w studiu, jak i w plenerze. Jej ergonomiczny design zapewnia komfort nawet przy d\u0142ugotrwa\u0142ym u\u017cytkowaniu, a kompaktowe wymiary u\u0142atwiaj\u0105 przechowywanie i transport.<\/p>\n<p>\n<img decoding=\"async\" src=\"https:\/\/assets.innpro.pl\/6631\/7733\/3.jpg\" border=\"0\" \/>\n<\/p>\n<h3>Zaawansowane tryby o\u015bwietlenia<\/h3>\n<p>Lampa oferuje a\u017c 21 efekt\u00f3w o\u015bwietleniowych, kt\u00f3re mo\u017cna dostosowa\u0107 do r\u00f3\u017cnych scenariuszy. Dost\u0119pne opcje to na przyk\u0142ad Flash, Candle, Police car czy Fireworks. Mo\u017cesz te\u017c regulowa\u0107 jasno\u015b\u0107 \u015bwiat\u0142a (od 0% do 100%), jego kolor (od 0\u00b0 do 360\u00b0) oraz temperatur\u0119 barwow\u0105 (od 2500K do 9000K), co daje niemal niesko\u0144czone kreatywne mo\u017cliwo\u015bci. Teraz z \u0142atwo\u015bci\u0105 uzyskasz niepowtarzalny efekt wizualny!<\/p>\n<p>\n<img decoding=\"async\" src=\"https:\/\/assets.innpro.pl\/6631\/7733\/9.jpg\" border=\"0\" \/>\n<\/p>\n<h3>Wbudowany akumulator o du\u017cej pojemno\u015bci<\/h3>\n<p>Lampa PULUZ ma wbudowany akumulator o pojemno\u015bci 2000 mAh, kt\u00f3ry zapewnia do 3 godzin pracy przy maksymalnej jasno\u015bci i a\u017c 12 godzin przy minimalnej jasno\u015bci \u015bwiat\u0142a. Mo\u017cesz \u0142adowa\u0107 j\u0105 za pomoc\u0105 wchodz\u0105cego w sk\u0142ad zestawu kabla USB-C \u2013 potrwa to zaledwie oko\u0142o 2-2,5 godziny. Co wi\u0119cej, masz mo\u017cliwo\u015b\u0107 u\u017cywania urz\u0105dzenia podczas \u0142adowania \u2013 dzi\u0119ki temu przygotujesz si\u0119 na ka\u017cde okoliczno\u015bci.<\/p>\n<p>\n<img decoding=\"async\" src=\"https:\/\/assets.innpro.pl\/6631\/7733\/8.jpg\" border=\"0\" \/>\n<\/p>\n<h3>Magnesy i wszechstronne mocowania<\/h3>\n<p>Dzi\u0119ki magnetycznemu mocowaniu lampa PULUZ mo\u017ce by\u0107 \u0142atwo przymocowana do metalowych powierzchni, co czyni j\u0105 niezwykle wygodn\u0105 w u\u017cyciu. Dodatkowo na obu ko\u0144cach urz\u0105dzenia znajduj\u0105 si\u0119 uniwersalne otwory na \u015bruby 1\/4 cala, co umo\u017cliwia jego monta\u017c na statywach, uchwytach, selfie stickach i innych akcesoriach fotograficznych.<\/p>\n<p>\n<img decoding=\"async\" src=\"https:\/\/assets.innpro.pl\/6631\/7733\/7.jpg\" border=\"0\" \/>\n<\/p>\n<h3>Wielofunkcyjne zastosowanie<\/h3>\n<p>Ta kompaktowa i lekka lampa r\u0119czna jest idealnym wyborem do tworzenia selfie, vlog\u00f3w, zdj\u0119\u0107 martwej natury, portret\u00f3w, sesji w plenerze, a tak\u017ce film\u00f3w na TikToku i YouTube. Sprawdzi si\u0119 r\u00f3wnie\u017c podczas imprezy \u2013 pomo\u017ce Ci wykreowa\u0107 niesamowit\u0105 atmosfer\u0119. Jej wszechstronno\u015b\u0107 sprawia, \u017ce mo\u017ce by\u0107 niezast\u0105pionym narz\u0119dziem w arsenale ka\u017cdego fotografa i filmowca.<\/p>\n<p>\n<img decoding=\"async\" src=\"https:\/\/assets.innpro.pl\/6631\/7733\/1.jpg\" border=\"0\" \/>\n<\/p>\n<h3>W zestawie<\/h3>\n<ul class=\"list-disc pl-5\">\n<li>Lampa<\/li>\n<li>Kabel do \u0142adowania USB-C<\/li>\n<\/ul>\n<div class=\"table-wrapper\">\n<p>\u00a0<\/p>\n<h3><\/h3>\n<table>\n<tbody>\n<tr>\n<th>Producent<\/th>\n<td>Puluz<\/td>\n<\/tr>\n<tr>\n<th>Model<\/th>\n<td>PU4138<\/td>\n<\/tr>\n<tr>\n<th>Liczba diod<\/th>\n<td>75, w tym 15x RGB, 30x \u017c\u00f3\u0142te, 30x bia\u0142e<\/td>\n<\/tr>\n<tr>\n<th>Temperatura barwowa<\/th>\n<td>2500-9000K<\/td>\n<\/tr>\n<tr>\n<th>CRI<\/th>\n<td>\u2265 95<\/td>\n<\/tr>\n<tr>\n<th>K\u0105t padania \u015bwiat\u0142a<\/th>\n<td>120\u00b0<\/td>\n<\/tr>\n<tr>\n<th>Moc<\/th>\n<td>6 W<\/td>\n<\/tr>\n<tr>\n<th>Jasno\u015b\u0107 (0,3 m)<\/th>\n<td>600 luks\u00f3w<\/td>\n<\/tr>\n<tr>\n<th>Wbudowany akumulator<\/th>\n<td>2000 mAh 3,7 V \/ 7,4 Wh<\/td>\n<\/tr>\n<tr>\n<th>Napi\u0119cie robocze<\/th>\n<td>3,7 V<\/td>\n<\/tr>\n<tr>\n<th>Napi\u0119cie \u0142adowania<\/th>\n<td>5 V 1 A<\/td>\n<\/tr>\n<tr>\n<th>Czas \u0142adowania<\/th>\n<td>Ok. 2-2,5 h<\/td>\n<\/tr>\n<tr>\n<th>Czas pracy przy maks. jasno\u015bci<\/th>\n<td>Ok. 3 h<\/td>\n<\/tr>\n<tr>\n<th>Czas pracy przy min. jasno\u015bci<\/th>\n<td>Ok. 12 h<\/td>\n<\/tr>\n<tr>\n<th>Wymiary<\/th>\n<td>17 x 3,8 cm<\/td>\n<\/tr>\n<\/tbody>\n<\/table>\n<\/div>\n","protected":false},"excerpt":{"rendered":"<p>Kolorowa lampa fotograficzna PULUZ 17cm\u00a0 Tw\u00f3rz jeszcze lepsze zdj\u0119cia i filmy z kolorow\u0105 lamp\u0105 fotograficzn\u0105 PULUZ. To przeno\u015bne urz\u0105dzenie oferuje<\/p>\n","protected":false},"featured_media":58901,"comment_status":"closed","ping_status":"open","template":"","meta":{"_acf_changed":false},"product_brand":[],"product_cat":[1128,6186,6182],"product_tag":[],"class_list":{"0":"post-58900","1":"product","2":"type-product","3":"status-publish","4":"has-post-thumbnail","6":"product_cat-foto-wideo","7":"product_cat-lampy","8":"product_cat-studio-fotograficzne","9":"pa_producent-puluz","11":"first","12":"outofstock","13":"taxable","14":"shipping-taxable","15":"purchasable","16":"product-type-simple"},"acf":[],"yoast_head":"<!-- This site is optimized with the Yoast SEO plugin v27.2 - https:\/\/yoast.com\/product\/yoast-seo-wordpress\/ -->\n<title>Lampa LED PULUZ 17cm - IRONSKY.PL Sklep z Dronami<\/title>\n<meta name=\"description\" content=\"Lampa LED PULUZ 17cm - \u2705 sklep z dronami i fachowym doradztwem. \u2705 Tutaj kupisz produkty DJI, Yuneec, Parrot, Syma i wiele innych, a tak\u017ce kursy i licencje na operatora drona.\" \/>\n<meta name=\"robots\" content=\"index, follow, max-snippet:-1, max-image-preview:large, max-video-preview:-1\" \/>\n<link rel=\"canonical\" href=\"https:\/\/ironsky.pl\/sklep\/produkt\/lampa-led-puluz-17cm\/\" \/>\n<meta property=\"og:locale\" content=\"pl_PL\" \/>\n<meta property=\"og:type\" content=\"article\" \/>\n<meta property=\"og:title\" content=\"Lampa LED PULUZ 17cm - IRONSKY.PL Sklep z Dronami\" \/>\n<meta property=\"og:description\" content=\"Lampa LED PULUZ 17cm - \u2705 sklep z dronami i fachowym doradztwem. \u2705 Tutaj kupisz produkty DJI, Yuneec, Parrot, Syma i wiele innych, a tak\u017ce kursy i licencje na operatora drona.\" \/>\n<meta property=\"og:url\" content=\"https:\/\/ironsky.pl\/sklep\/produkt\/lampa-led-puluz-17cm\/\" \/>\n<meta property=\"og:site_name\" content=\"IRONSKY.PL Sklep z Dronami\" \/>\n<meta property=\"article:modified_time\" content=\"2026-04-15T08:41:40+00:00\" \/>\n<meta property=\"og:image\" content=\"https:\/\/ironsky.pl\/sklep\/wp-content\/uploads\/2026\/04\/43557_1.jpg\" \/>\n\t<meta property=\"og:image:width\" content=\"800\" \/>\n\t<meta property=\"og:image:height\" content=\"800\" \/>\n\t<meta property=\"og:image:type\" content=\"image\/jpeg\" \/>\n<meta name=\"twitter:card\" content=\"summary_large_image\" \/>\n<meta name=\"twitter:label1\" content=\"Szacowany czas czytania\" \/>\n\t<meta name=\"twitter:data1\" content=\"2 minuty\" \/>\n<script type=\"application\/ld+json\" class=\"yoast-schema-graph\">{\"@context\":\"https:\/\/schema.org\",\"@graph\":[{\"@type\":\"WebPage\",\"@id\":\"https:\/\/ironsky.pl\/sklep\/produkt\/lampa-led-puluz-17cm\/\",\"url\":\"https:\/\/ironsky.pl\/sklep\/produkt\/lampa-led-puluz-17cm\/\",\"name\":\"Lampa LED PULUZ 17cm - IRONSKY.PL Sklep z Dronami\",\"isPartOf\":{\"@id\":\"https:\/\/ironsky.pl\/sklep\/#website\"},\"primaryImageOfPage\":{\"@id\":\"https:\/\/ironsky.pl\/sklep\/produkt\/lampa-led-puluz-17cm\/#primaryimage\"},\"image\":{\"@id\":\"https:\/\/ironsky.pl\/sklep\/produkt\/lampa-led-puluz-17cm\/#primaryimage\"},\"thumbnailUrl\":\"https:\/\/ironsky.pl\/sklep\/wp-content\/uploads\/2026\/04\/43557_1.jpg\",\"datePublished\":\"2026-04-15T08:41:13+00:00\",\"dateModified\":\"2026-04-15T08:41:40+00:00\",\"description\":\"Lampa LED PULUZ 17cm - \u2705 sklep z dronami i fachowym doradztwem. \u2705 Tutaj kupisz produkty DJI, Yuneec, Parrot, Syma i wiele innych, a tak\u017ce kursy i licencje na operatora drona.\",\"breadcrumb\":{\"@id\":\"https:\/\/ironsky.pl\/sklep\/produkt\/lampa-led-puluz-17cm\/#breadcrumb\"},\"inLanguage\":\"pl-PL\",\"potentialAction\":[{\"@type\":\"ReadAction\",\"target\":[\"https:\/\/ironsky.pl\/sklep\/produkt\/lampa-led-puluz-17cm\/\"]}]},{\"@type\":\"ImageObject\",\"inLanguage\":\"pl-PL\",\"@id\":\"https:\/\/ironsky.pl\/sklep\/produkt\/lampa-led-puluz-17cm\/#primaryimage\",\"url\":\"https:\/\/ironsky.pl\/sklep\/wp-content\/uploads\/2026\/04\/43557_1.jpg\",\"contentUrl\":\"https:\/\/ironsky.pl\/sklep\/wp-content\/uploads\/2026\/04\/43557_1.jpg\",\"width\":800,\"height\":800},{\"@type\":\"BreadcrumbList\",\"@id\":\"https:\/\/ironsky.pl\/sklep\/produkt\/lampa-led-puluz-17cm\/#breadcrumb\",\"itemListElement\":[{\"@type\":\"ListItem\",\"position\":1,\"name\":\"Strona g\u0142\u00f3wna\",\"item\":\"https:\/\/ironsky.pl\/sklep\/\"},{\"@type\":\"ListItem\",\"position\":2,\"name\":\"Wszystkie produkty\",\"item\":\"https:\/\/ironsky.pl\/sklep\/produkty\/\"},{\"@type\":\"ListItem\",\"position\":3,\"name\":\"Lampa LED PULUZ 17cm\"}]},{\"@type\":\"WebSite\",\"@id\":\"https:\/\/ironsky.pl\/sklep\/#website\",\"url\":\"https:\/\/ironsky.pl\/sklep\/\",\"name\":\"IRONSKY.PL Sklep z Dronami\",\"description\":\"IRONSKY.PL Sklep z Dronami\",\"potentialAction\":[{\"@type\":\"SearchAction\",\"target\":{\"@type\":\"EntryPoint\",\"urlTemplate\":\"https:\/\/ironsky.pl\/sklep\/?s={search_term_string}\"},\"query-input\":{\"@type\":\"PropertyValueSpecification\",\"valueRequired\":true,\"valueName\":\"search_term_string\"}}],\"inLanguage\":\"pl-PL\"}]}<\/script>\n<!-- \/ Yoast SEO plugin. -->","yoast_head_json":{"title":"Lampa LED PULUZ 17cm - IRONSKY.PL Sklep z Dronami","description":"Lampa LED PULUZ 17cm - \u2705 sklep z dronami i fachowym doradztwem. \u2705 Tutaj kupisz produkty DJI, Yuneec, Parrot, Syma i wiele innych, a tak\u017ce kursy i licencje na operatora drona.","robots":{"index":"index","follow":"follow","max-snippet":"max-snippet:-1","max-image-preview":"max-image-preview:large","max-video-preview":"max-video-preview:-1"},"canonical":"https:\/\/ironsky.pl\/sklep\/produkt\/lampa-led-puluz-17cm\/","og_locale":"pl_PL","og_type":"article","og_title":"Lampa LED PULUZ 17cm - IRONSKY.PL Sklep z Dronami","og_description":"Lampa LED PULUZ 17cm - \u2705 sklep z dronami i fachowym doradztwem. \u2705 Tutaj kupisz produkty DJI, Yuneec, Parrot, Syma i wiele innych, a tak\u017ce kursy i licencje na operatora drona.","og_url":"https:\/\/ironsky.pl\/sklep\/produkt\/lampa-led-puluz-17cm\/","og_site_name":"IRONSKY.PL Sklep z Dronami","article_modified_time":"2026-04-15T08:41:40+00:00","og_image":[{"width":800,"height":800,"url":"https:\/\/ironsky.pl\/sklep\/wp-content\/uploads\/2026\/04\/43557_1.jpg","type":"image\/jpeg"}],"twitter_card":"summary_large_image","twitter_misc":{"Szacowany czas czytania":"2 minuty"},"schema":{"@context":"https:\/\/schema.org","@graph":[{"@type":"WebPage","@id":"https:\/\/ironsky.pl\/sklep\/produkt\/lampa-led-puluz-17cm\/","url":"https:\/\/ironsky.pl\/sklep\/produkt\/lampa-led-puluz-17cm\/","name":"Lampa LED PULUZ 17cm - IRONSKY.PL Sklep z Dronami","isPartOf":{"@id":"https:\/\/ironsky.pl\/sklep\/#website"},"primaryImageOfPage":{"@id":"https:\/\/ironsky.pl\/sklep\/produkt\/lampa-led-puluz-17cm\/#primaryimage"},"image":{"@id":"https:\/\/ironsky.pl\/sklep\/produkt\/lampa-led-puluz-17cm\/#primaryimage"},"thumbnailUrl":"https:\/\/ironsky.pl\/sklep\/wp-content\/uploads\/2026\/04\/43557_1.jpg","datePublished":"2026-04-15T08:41:13+00:00","dateModified":"2026-04-15T08:41:40+00:00","description":"Lampa LED PULUZ 17cm - \u2705 sklep z dronami i fachowym doradztwem. \u2705 Tutaj kupisz produkty DJI, Yuneec, Parrot, Syma i wiele innych, a tak\u017ce kursy i licencje na operatora drona.","breadcrumb":{"@id":"https:\/\/ironsky.pl\/sklep\/produkt\/lampa-led-puluz-17cm\/#breadcrumb"},"inLanguage":"pl-PL","potentialAction":[{"@type":"ReadAction","target":["https:\/\/ironsky.pl\/sklep\/produkt\/lampa-led-puluz-17cm\/"]}]},{"@type":"ImageObject","inLanguage":"pl-PL","@id":"https:\/\/ironsky.pl\/sklep\/produkt\/lampa-led-puluz-17cm\/#primaryimage","url":"https:\/\/ironsky.pl\/sklep\/wp-content\/uploads\/2026\/04\/43557_1.jpg","contentUrl":"https:\/\/ironsky.pl\/sklep\/wp-content\/uploads\/2026\/04\/43557_1.jpg","width":800,"height":800},{"@type":"BreadcrumbList","@id":"https:\/\/ironsky.pl\/sklep\/produkt\/lampa-led-puluz-17cm\/#breadcrumb","itemListElement":[{"@type":"ListItem","position":1,"name":"Strona g\u0142\u00f3wna","item":"https:\/\/ironsky.pl\/sklep\/"},{"@type":"ListItem","position":2,"name":"Wszystkie produkty","item":"https:\/\/ironsky.pl\/sklep\/produkty\/"},{"@type":"ListItem","position":3,"name":"Lampa LED PULUZ 17cm"}]},{"@type":"WebSite","@id":"https:\/\/ironsky.pl\/sklep\/#website","url":"https:\/\/ironsky.pl\/sklep\/","name":"IRONSKY.PL Sklep z Dronami","description":"IRONSKY.PL Sklep z Dronami","potentialAction":[{"@type":"SearchAction","target":{"@type":"EntryPoint","urlTemplate":"https:\/\/ironsky.pl\/sklep\/?s={search_term_string}"},"query-input":{"@type":"PropertyValueSpecification","valueRequired":true,"valueName":"search_term_string"}}],"inLanguage":"pl-PL"}]}},"_links":{"self":[{"href":"https:\/\/ironsky.pl\/sklep\/wp-json\/wp\/v2\/product\/58900","targetHints":{"allow":["GET"]}}],"collection":[{"href":"https:\/\/ironsky.pl\/sklep\/wp-json\/wp\/v2\/product"}],"about":[{"href":"https:\/\/ironsky.pl\/sklep\/wp-json\/wp\/v2\/types\/product"}],"replies":[{"embeddable":true,"href":"https:\/\/ironsky.pl\/sklep\/wp-json\/wp\/v2\/comments?post=58900"}],"wp:featuredmedia":[{"embeddable":true,"href":"https:\/\/ironsky.pl\/sklep\/wp-json\/wp\/v2\/media\/58901"}],"wp:attachment":[{"href":"https:\/\/ironsky.pl\/sklep\/wp-json\/wp\/v2\/media?parent=58900"}],"wp:term":[{"taxonomy":"product_brand","embeddable":true,"href":"https:\/\/ironsky.pl\/sklep\/wp-json\/wp\/v2\/product_brand?post=58900"},{"taxonomy":"product_cat","embeddable":true,"href":"https:\/\/ironsky.pl\/sklep\/wp-json\/wp\/v2\/product_cat?post=58900"},{"taxonomy":"product_tag","embeddable":true,"href":"https:\/\/ironsky.pl\/sklep\/wp-json\/wp\/v2\/product_tag?post=58900"}],"curies":[{"name":"wp","href":"https:\/\/api.w.org\/{rel}","templated":true}]}}