{"id":58898,"date":"2026-04-15T10:41:13","date_gmt":"2026-04-15T08:41:13","guid":{"rendered":"https:\/\/ironsky.pl\/sklep\/produkt\/uchwyt-magnetyczny-puluz-pov-head-mount-do-insta360-go\/"},"modified":"2026-04-15T10:41:38","modified_gmt":"2026-04-15T08:41:38","slug":"uchwyt-magnetyczny-puluz-pov-head-mount-do-insta360-go","status":"publish","type":"product","link":"https:\/\/ironsky.pl\/sklep\/produkt\/uchwyt-magnetyczny-puluz-pov-head-mount-do-insta360-go\/","title":{"rendered":"Uchwyt magnetyczny PULUZ POV Head Mount do Insta360 GO"},"content":{"rendered":"<h3>Uchwyt magnetyczny PULUZ POV Head Mount do Insta360 GO 3 \/ GO 3S<\/h3>\n<p>Zyskaj now\u0105 perspektyw\u0119 podczas nagrywania z uchwytem magnetycznym PULUZ POV Head Mount do Insta360 GO 3 \/ GO 3S. Zaprojektowany z my\u015bl\u0105 o wygodzie i funkcjonalno\u015bci \u2013 pozwala na rejestrowanie dynamicznych uj\u0119\u0107 z perspektywy pierwszej osoby. Dzi\u0119ki temu idealnie nadaje si\u0119 do filmowania sport\u00f3w ekstremalnych, podr\u00f3\u017cy i nie tylko.<\/p>\n<p>\n<img decoding=\"async\" src=\"https:\/\/assets.innpro.pl\/6637\/7739\/1.jpg\" border=\"0\" alt=\"\" \/>\n<\/p>\n<h3>Wytrzyma\u0142a i wygodna konstrukcja<\/h3>\n<p>Uchwyt PULUZ zosta\u0142 wykonany z wysokiej jako\u015bci materia\u0142\u00f3w ABS, a cz\u0119\u015bci maj\u0105ce kontakt ze sk\u00f3r\u0105 s\u0105 pokryte silikonem, co zwi\u0119ksza tarcie i zapobiega po\u015blizgowi. Dzi\u0119ki temu akcesorium jest nie tylko trwa\u0142e, ale te\u017c niezwykle wygodne w noszeniu, bez uczucia nacisku. Doskonale sprawdzi si\u0119 podczas d\u0142ugotrwa\u0142ego u\u017cytkowania, zapewniaj\u0105c komfort i stabilno\u015b\u0107.<\/p>\n<p>\n<img decoding=\"async\" src=\"https:\/\/assets.innpro.pl\/6637\/7739\/3.jpg\" border=\"0\" alt=\"\" \/>\n<\/p>\n<h3>Magnetyczne mocowanie<\/h3>\n<p>Dzi\u0119ki wbudowanemu magnesowi uchwyt PULUZ pozwala na szybkie i \u0142atwe mocowanie kamery Insta360 GO 3 \/ GO 3S. Zamiast skomplikowanego monta\u017cu, wystarczy jedno klikni\u0119cie, aby zamocowa\u0107 lub od\u0142\u0105czy\u0107 urz\u0105dzenie. Takie rozwi\u0105zanie znacz\u0105co oszcz\u0119dza czas i upraszcza proces nagrywania, co doskonale sprawdza si\u0119 podczas dynamicznych akcji.<\/p>\n<p>\n<img decoding=\"async\" src=\"https:\/\/assets.innpro.pl\/6637\/7739\/5.jpg\" border=\"0\" alt=\"\" \/>\n<\/p>\n<h3>Regulowane mocowanie<\/h3>\n<p>Uchwyt PULUZ zosta\u0142 wyposa\u017cony w regulowane mocowanie, kt\u00f3re da si\u0119 dostosowa\u0107 do r\u00f3\u017cnych rozmiar\u00f3w g\u0142owy. Mechanizm rozci\u0105gania pozwala na \u0142atwe dopasowanie, a gdy akcesorium nie jest u\u017cywane, mo\u017cna je wygodnie nosi\u0107 na szyi. Lekka i kompaktowa konstrukcja sprawia, \u017ce idealnie sprawdza si\u0119 podczas podr\u00f3\u017cy i nagrywania na \u015bwie\u017cym powietrzu.<\/p>\n<p>\n<img decoding=\"async\" src=\"https:\/\/assets.innpro.pl\/6637\/7739\/2.jpg\" border=\"0\" alt=\"\" \/>\n<\/p>\n<h3>Wszechstronne k\u0105ty nagrywania<\/h3>\n<p>Uchwyt POV PULUZ umo\u017cliwia pionow\u0105 regulacj\u0119 w zakresie 360 stopni, co pozwala na uzyskanie r\u00f3\u017cnych k\u0105t\u00f3w nagrywania. Dzi\u0119ki temu mo\u017cesz \u0142atwo dostosowa\u0107 go do swoich potrzeb, aby tworzy\u0107 idealne uj\u0119cia niezale\u017cnie od sytuacji. To niezwykle przydatna funkcja dla ka\u017cdego tw\u00f3rcy tre\u015bci, kt\u00f3ry chce eksperymentowa\u0107 z r\u00f3\u017cnymi perspektywami.<\/p>\n<p>\n<img decoding=\"async\" src=\"https:\/\/assets.innpro.pl\/6637\/7739\/4.jpg\" border=\"0\" alt=\"\" \/>\n<\/p>\n<div class=\"table-wrapper\">\n<p>\u00a0<\/p>\n<h3><\/h3>\n<table>\n<tbody>\n<tr>\n<th>Producent<\/th>\n<td>PULUZ<\/td>\n<\/tr>\n<tr>\n<th>Model<\/th>\n<td>PU974B<\/td>\n<\/tr>\n<tr>\n<th>Materia\u0142<\/th>\n<td>ABS + silikon<\/td>\n<\/tr>\n<tr>\n<th>Kompatybilno\u015b\u0107<\/th>\n<td>Insta360 GO 3 \/ GO 3S<\/td>\n<\/tr>\n<\/tbody>\n<\/table>\n<\/div>\n","protected":false},"excerpt":{"rendered":"<p>Uchwyt magnetyczny PULUZ POV Head Mount do Insta360 GO 3 \/ GO 3S Zyskaj now\u0105 perspektyw\u0119 podczas nagrywania z uchwytem<\/p>\n","protected":false},"featured_media":58899,"comment_status":"closed","ping_status":"open","template":"","meta":{"_acf_changed":false},"product_brand":[],"product_cat":[1128,6178,6176,6177,6181,1138],"product_tag":[],"class_list":{"0":"post-58898","1":"product","2":"type-product","3":"status-publish","4":"has-post-thumbnail","6":"product_cat-foto-wideo","7":"product_cat-mocowania","8":"product_cat-selfie-stiki","9":"product_cat-statywy-selfie-stiki","10":"product_cat-szelki-mocowania-i-uchwyty","11":"product_cat-wysiegniki","12":"pa_okres-gwarancji-5754","13":"pa_producent-puluz","15":"first","16":"outofstock","17":"taxable","18":"shipping-taxable","19":"purchasable","20":"product-type-simple"},"acf":[],"yoast_head":"<!-- This site is optimized with the Yoast SEO plugin v27.2 - https:\/\/yoast.com\/product\/yoast-seo-wordpress\/ -->\n<title>Uchwyt magnetyczny PULUZ POV Head Mount do Insta360 GO - IRONSKY.PL Sklep z Dronami<\/title>\n<meta name=\"description\" content=\"Uchwyt magnetyczny PULUZ POV Head Mount do Insta360 GO - \u2705 sklep z dronami i fachowym doradztwem. \u2705 Tutaj kupisz produkty DJI, Yuneec, Parrot, Syma i wiele innych, a tak\u017ce kursy i licencje na operatora drona.\" \/>\n<meta name=\"robots\" content=\"index, follow, max-snippet:-1, max-image-preview:large, max-video-preview:-1\" \/>\n<link rel=\"canonical\" href=\"https:\/\/ironsky.pl\/sklep\/produkt\/uchwyt-magnetyczny-puluz-pov-head-mount-do-insta360-go\/\" \/>\n<meta property=\"og:locale\" content=\"pl_PL\" \/>\n<meta property=\"og:type\" content=\"article\" \/>\n<meta property=\"og:title\" content=\"Uchwyt magnetyczny PULUZ POV Head Mount do Insta360 GO - IRONSKY.PL Sklep z Dronami\" \/>\n<meta property=\"og:description\" content=\"Uchwyt magnetyczny PULUZ POV Head Mount do Insta360 GO - \u2705 sklep z dronami i fachowym doradztwem. \u2705 Tutaj kupisz produkty DJI, Yuneec, Parrot, Syma i wiele innych, a tak\u017ce kursy i licencje na operatora drona.\" \/>\n<meta property=\"og:url\" content=\"https:\/\/ironsky.pl\/sklep\/produkt\/uchwyt-magnetyczny-puluz-pov-head-mount-do-insta360-go\/\" \/>\n<meta property=\"og:site_name\" content=\"IRONSKY.PL Sklep z Dronami\" \/>\n<meta property=\"article:modified_time\" content=\"2026-04-15T08:41:38+00:00\" \/>\n<meta property=\"og:image\" content=\"https:\/\/ironsky.pl\/sklep\/wp-content\/uploads\/2026\/04\/43549_1.jpg\" \/>\n\t<meta property=\"og:image:width\" content=\"800\" \/>\n\t<meta property=\"og:image:height\" content=\"800\" \/>\n\t<meta property=\"og:image:type\" content=\"image\/jpeg\" \/>\n<meta name=\"twitter:card\" content=\"summary_large_image\" \/>\n<meta name=\"twitter:label1\" content=\"Szacowany czas czytania\" \/>\n\t<meta name=\"twitter:data1\" content=\"2 minuty\" \/>\n<script type=\"application\/ld+json\" class=\"yoast-schema-graph\">{\"@context\":\"https:\/\/schema.org\",\"@graph\":[{\"@type\":\"WebPage\",\"@id\":\"https:\/\/ironsky.pl\/sklep\/produkt\/uchwyt-magnetyczny-puluz-pov-head-mount-do-insta360-go\/\",\"url\":\"https:\/\/ironsky.pl\/sklep\/produkt\/uchwyt-magnetyczny-puluz-pov-head-mount-do-insta360-go\/\",\"name\":\"Uchwyt magnetyczny PULUZ POV Head Mount do Insta360 GO - IRONSKY.PL Sklep z Dronami\",\"isPartOf\":{\"@id\":\"https:\/\/ironsky.pl\/sklep\/#website\"},\"primaryImageOfPage\":{\"@id\":\"https:\/\/ironsky.pl\/sklep\/produkt\/uchwyt-magnetyczny-puluz-pov-head-mount-do-insta360-go\/#primaryimage\"},\"image\":{\"@id\":\"https:\/\/ironsky.pl\/sklep\/produkt\/uchwyt-magnetyczny-puluz-pov-head-mount-do-insta360-go\/#primaryimage\"},\"thumbnailUrl\":\"https:\/\/ironsky.pl\/sklep\/wp-content\/uploads\/2026\/04\/43549_1.jpg\",\"datePublished\":\"2026-04-15T08:41:13+00:00\",\"dateModified\":\"2026-04-15T08:41:38+00:00\",\"description\":\"Uchwyt magnetyczny PULUZ POV Head Mount do Insta360 GO - \u2705 sklep z dronami i fachowym doradztwem. \u2705 Tutaj kupisz produkty DJI, Yuneec, Parrot, Syma i wiele innych, a tak\u017ce kursy i licencje na operatora drona.\",\"breadcrumb\":{\"@id\":\"https:\/\/ironsky.pl\/sklep\/produkt\/uchwyt-magnetyczny-puluz-pov-head-mount-do-insta360-go\/#breadcrumb\"},\"inLanguage\":\"pl-PL\",\"potentialAction\":[{\"@type\":\"ReadAction\",\"target\":[\"https:\/\/ironsky.pl\/sklep\/produkt\/uchwyt-magnetyczny-puluz-pov-head-mount-do-insta360-go\/\"]}]},{\"@type\":\"ImageObject\",\"inLanguage\":\"pl-PL\",\"@id\":\"https:\/\/ironsky.pl\/sklep\/produkt\/uchwyt-magnetyczny-puluz-pov-head-mount-do-insta360-go\/#primaryimage\",\"url\":\"https:\/\/ironsky.pl\/sklep\/wp-content\/uploads\/2026\/04\/43549_1.jpg\",\"contentUrl\":\"https:\/\/ironsky.pl\/sklep\/wp-content\/uploads\/2026\/04\/43549_1.jpg\",\"width\":800,\"height\":800},{\"@type\":\"BreadcrumbList\",\"@id\":\"https:\/\/ironsky.pl\/sklep\/produkt\/uchwyt-magnetyczny-puluz-pov-head-mount-do-insta360-go\/#breadcrumb\",\"itemListElement\":[{\"@type\":\"ListItem\",\"position\":1,\"name\":\"Strona g\u0142\u00f3wna\",\"item\":\"https:\/\/ironsky.pl\/sklep\/\"},{\"@type\":\"ListItem\",\"position\":2,\"name\":\"Wszystkie produkty\",\"item\":\"https:\/\/ironsky.pl\/sklep\/produkty\/\"},{\"@type\":\"ListItem\",\"position\":3,\"name\":\"Uchwyt magnetyczny PULUZ POV Head Mount do Insta360 GO\"}]},{\"@type\":\"WebSite\",\"@id\":\"https:\/\/ironsky.pl\/sklep\/#website\",\"url\":\"https:\/\/ironsky.pl\/sklep\/\",\"name\":\"IRONSKY.PL Sklep z Dronami\",\"description\":\"IRONSKY.PL Sklep z Dronami\",\"potentialAction\":[{\"@type\":\"SearchAction\",\"target\":{\"@type\":\"EntryPoint\",\"urlTemplate\":\"https:\/\/ironsky.pl\/sklep\/?s={search_term_string}\"},\"query-input\":{\"@type\":\"PropertyValueSpecification\",\"valueRequired\":true,\"valueName\":\"search_term_string\"}}],\"inLanguage\":\"pl-PL\"}]}<\/script>\n<!-- \/ Yoast SEO plugin. -->","yoast_head_json":{"title":"Uchwyt magnetyczny PULUZ POV Head Mount do Insta360 GO - IRONSKY.PL Sklep z Dronami","description":"Uchwyt magnetyczny PULUZ POV Head Mount do Insta360 GO - \u2705 sklep z dronami i fachowym doradztwem. \u2705 Tutaj kupisz produkty DJI, Yuneec, Parrot, Syma i wiele innych, a tak\u017ce kursy i licencje na operatora drona.","robots":{"index":"index","follow":"follow","max-snippet":"max-snippet:-1","max-image-preview":"max-image-preview:large","max-video-preview":"max-video-preview:-1"},"canonical":"https:\/\/ironsky.pl\/sklep\/produkt\/uchwyt-magnetyczny-puluz-pov-head-mount-do-insta360-go\/","og_locale":"pl_PL","og_type":"article","og_title":"Uchwyt magnetyczny PULUZ POV Head Mount do Insta360 GO - IRONSKY.PL Sklep z Dronami","og_description":"Uchwyt magnetyczny PULUZ POV Head Mount do Insta360 GO - \u2705 sklep z dronami i fachowym doradztwem. \u2705 Tutaj kupisz produkty DJI, Yuneec, Parrot, Syma i wiele innych, a tak\u017ce kursy i licencje na operatora drona.","og_url":"https:\/\/ironsky.pl\/sklep\/produkt\/uchwyt-magnetyczny-puluz-pov-head-mount-do-insta360-go\/","og_site_name":"IRONSKY.PL Sklep z Dronami","article_modified_time":"2026-04-15T08:41:38+00:00","og_image":[{"width":800,"height":800,"url":"https:\/\/ironsky.pl\/sklep\/wp-content\/uploads\/2026\/04\/43549_1.jpg","type":"image\/jpeg"}],"twitter_card":"summary_large_image","twitter_misc":{"Szacowany czas czytania":"2 minuty"},"schema":{"@context":"https:\/\/schema.org","@graph":[{"@type":"WebPage","@id":"https:\/\/ironsky.pl\/sklep\/produkt\/uchwyt-magnetyczny-puluz-pov-head-mount-do-insta360-go\/","url":"https:\/\/ironsky.pl\/sklep\/produkt\/uchwyt-magnetyczny-puluz-pov-head-mount-do-insta360-go\/","name":"Uchwyt magnetyczny PULUZ POV Head Mount do Insta360 GO - IRONSKY.PL Sklep z Dronami","isPartOf":{"@id":"https:\/\/ironsky.pl\/sklep\/#website"},"primaryImageOfPage":{"@id":"https:\/\/ironsky.pl\/sklep\/produkt\/uchwyt-magnetyczny-puluz-pov-head-mount-do-insta360-go\/#primaryimage"},"image":{"@id":"https:\/\/ironsky.pl\/sklep\/produkt\/uchwyt-magnetyczny-puluz-pov-head-mount-do-insta360-go\/#primaryimage"},"thumbnailUrl":"https:\/\/ironsky.pl\/sklep\/wp-content\/uploads\/2026\/04\/43549_1.jpg","datePublished":"2026-04-15T08:41:13+00:00","dateModified":"2026-04-15T08:41:38+00:00","description":"Uchwyt magnetyczny PULUZ POV Head Mount do Insta360 GO - \u2705 sklep z dronami i fachowym doradztwem. \u2705 Tutaj kupisz produkty DJI, Yuneec, Parrot, Syma i wiele innych, a tak\u017ce kursy i licencje na operatora drona.","breadcrumb":{"@id":"https:\/\/ironsky.pl\/sklep\/produkt\/uchwyt-magnetyczny-puluz-pov-head-mount-do-insta360-go\/#breadcrumb"},"inLanguage":"pl-PL","potentialAction":[{"@type":"ReadAction","target":["https:\/\/ironsky.pl\/sklep\/produkt\/uchwyt-magnetyczny-puluz-pov-head-mount-do-insta360-go\/"]}]},{"@type":"ImageObject","inLanguage":"pl-PL","@id":"https:\/\/ironsky.pl\/sklep\/produkt\/uchwyt-magnetyczny-puluz-pov-head-mount-do-insta360-go\/#primaryimage","url":"https:\/\/ironsky.pl\/sklep\/wp-content\/uploads\/2026\/04\/43549_1.jpg","contentUrl":"https:\/\/ironsky.pl\/sklep\/wp-content\/uploads\/2026\/04\/43549_1.jpg","width":800,"height":800},{"@type":"BreadcrumbList","@id":"https:\/\/ironsky.pl\/sklep\/produkt\/uchwyt-magnetyczny-puluz-pov-head-mount-do-insta360-go\/#breadcrumb","itemListElement":[{"@type":"ListItem","position":1,"name":"Strona g\u0142\u00f3wna","item":"https:\/\/ironsky.pl\/sklep\/"},{"@type":"ListItem","position":2,"name":"Wszystkie produkty","item":"https:\/\/ironsky.pl\/sklep\/produkty\/"},{"@type":"ListItem","position":3,"name":"Uchwyt magnetyczny PULUZ POV Head Mount do Insta360 GO"}]},{"@type":"WebSite","@id":"https:\/\/ironsky.pl\/sklep\/#website","url":"https:\/\/ironsky.pl\/sklep\/","name":"IRONSKY.PL Sklep z Dronami","description":"IRONSKY.PL Sklep z Dronami","potentialAction":[{"@type":"SearchAction","target":{"@type":"EntryPoint","urlTemplate":"https:\/\/ironsky.pl\/sklep\/?s={search_term_string}"},"query-input":{"@type":"PropertyValueSpecification","valueRequired":true,"valueName":"search_term_string"}}],"inLanguage":"pl-PL"}]}},"_links":{"self":[{"href":"https:\/\/ironsky.pl\/sklep\/wp-json\/wp\/v2\/product\/58898","targetHints":{"allow":["GET"]}}],"collection":[{"href":"https:\/\/ironsky.pl\/sklep\/wp-json\/wp\/v2\/product"}],"about":[{"href":"https:\/\/ironsky.pl\/sklep\/wp-json\/wp\/v2\/types\/product"}],"replies":[{"embeddable":true,"href":"https:\/\/ironsky.pl\/sklep\/wp-json\/wp\/v2\/comments?post=58898"}],"wp:featuredmedia":[{"embeddable":true,"href":"https:\/\/ironsky.pl\/sklep\/wp-json\/wp\/v2\/media\/58899"}],"wp:attachment":[{"href":"https:\/\/ironsky.pl\/sklep\/wp-json\/wp\/v2\/media?parent=58898"}],"wp:term":[{"taxonomy":"product_brand","embeddable":true,"href":"https:\/\/ironsky.pl\/sklep\/wp-json\/wp\/v2\/product_brand?post=58898"},{"taxonomy":"product_cat","embeddable":true,"href":"https:\/\/ironsky.pl\/sklep\/wp-json\/wp\/v2\/product_cat?post=58898"},{"taxonomy":"product_tag","embeddable":true,"href":"https:\/\/ironsky.pl\/sklep\/wp-json\/wp\/v2\/product_tag?post=58898"}],"curies":[{"name":"wp","href":"https:\/\/api.w.org\/{rel}","templated":true}]}}