{"id":58895,"date":"2026-04-15T10:41:13","date_gmt":"2026-04-15T08:41:13","guid":{"rendered":"https:\/\/ironsky.pl\/sklep\/produkt\/statyw-biurkowy-puluz-na-telefon-tablet-2\/"},"modified":"2026-04-15T10:41:36","modified_gmt":"2026-04-15T08:41:36","slug":"statyw-biurkowy-puluz-na-telefon-tablet-2","status":"publish","type":"product","link":"https:\/\/ironsky.pl\/sklep\/produkt\/statyw-biurkowy-puluz-na-telefon-tablet-2\/","title":{"rendered":"Statyw biurkowy PULUZ na telefon\/tablet"},"content":{"rendered":"<h3>Statyw biurkowy Puluz na telefon \/ tablet<\/h3>\n<p>Zapewnij sobie komfort i wygod\u0119 podczas korzystania z telefonu lub tabletu dzi\u0119ki statywowi biurkowemu Puluz. To idealne rozwi\u0105zanie dla os\u00f3b pracuj\u0105cych zdalnie, tw\u00f3rc\u00f3w tre\u015bci oraz wszystkich, kt\u00f3rzy ceni\u0105 sobie praktyczno\u015b\u0107 i funkcjonalno\u015b\u0107. Mo\u017cesz swobodnie regulowa\u0107 jego po\u0142o\u017cenie, aby dostosowa\u0107 go do swoich potrzeb. Statyw jest kompatybilny z urz\u0105dzeniami o przek\u0105tnej do 11 cali.<\/p>\n<p>\n<img decoding=\"async\" src=\"https:\/\/assets.innpro.pl\/6628\/7728\/2.jpg\" border=\"0\" \/>\n<\/p>\n<h3>Wszechstronna regulacja i \u0142atwo\u015b\u0107 u\u017cycia<\/h3>\n<p>Statyw biurkowy Puluz pozwala na swobodne dostosowanie wysoko\u015bci i k\u0105ta nachylenia. Dzi\u0119ki mo\u017cliwo\u015bci regulacji w zakresie 180\u00b0 lub 360\u00b0 mo\u017cesz \u0142atwo dopasowa\u0107 ustawienie akcesorium do swoich potrzeb, co zwi\u0119ksza komfort pracy i u\u017cytkowania. Ciesz si\u0119 jeszcze wygodniejszym przegl\u0105daniem tre\u015bci, uczestnictwem w wideokonferencjach czy tworzeniem nagra\u0144 wideo!<\/p>\n<p>\n<img decoding=\"async\" src=\"https:\/\/assets.innpro.pl\/6628\/7728\/1.jpg\" border=\"0\" \/>\n<\/p>\n<h3>Solidna i trwa\u0142a konstrukcja<\/h3>\n<p>Statyw zosta\u0142 wykonany z wysokiej jako\u015bci metalu, dzi\u0119ki czemu jest wyj\u0105tkowo wytrzyma\u0142y i trwa\u0142y. Podw\u00f3jne spr\u0119\u017cyny zawieszenia na ka\u017cdym ramieniu chroni\u0105 Twoje urz\u0105dzenie przed nag\u0142ym upadkiem, zapewniaj\u0105c bezpiecze\u0144stwo i stabilno\u015b\u0107 podczas u\u017cytkowania.<\/p>\n<p>\n<img decoding=\"async\" src=\"https:\/\/assets.innpro.pl\/6628\/7728\/3.jpg\" border=\"0\" \/>\n<\/p>\n<h3>Szeroka kompatybilno\u015b\u0107<\/h3>\n<p>Podstawa statywu Puluz jest kompatybilna z blatami o grubo\u015bci do maksymalnie do 7 cm. Mo\u017cesz wi\u0119c bez problemu przymocowa\u0107 go do sto\u0142u, p\u00f3\u0142ki czy biurka. Ponadto akcesorium obs\u0142uguje urz\u0105dzenia o przek\u0105tnej do 11 cali, co pozwala stosowa\u0107 je zar\u00f3wno z telefonami, jak i tabletami.<\/p>\n<p>\n<img decoding=\"async\" src=\"https:\/\/assets.innpro.pl\/6628\/7728\/5.jpg\" border=\"0\" \/>\n<\/p>\n<h3>W zestawie<\/h3>\n<ul class=\"list-disc pl-5\">\n<li>Rami\u0119 statywu<\/li>\n<li>Zacisk biurkowy<\/li>\n<li>Uchwyt na tablet<\/li>\n<\/ul>\n<div class=\"table-wrapper\">\n<p>\u00a0<\/p>\n<h3><\/h3>\n<table>\n<tbody>\n<tr>\n<th>Producent<\/th>\n<td>Puluz<\/td>\n<\/tr>\n<tr>\n<th>Model<\/th>\n<td>PU653B<\/td>\n<\/tr>\n<tr>\n<th>Maks. przek\u0105tna telefonu \/ tabletu<\/th>\n<td>11 cali<\/td>\n<\/tr>\n<tr>\n<th>Maks. grubo\u015b\u0107 blatu<\/th>\n<td>7 cm<\/td>\n<\/tr>\n<\/tbody>\n<\/table>\n<\/div>\n","protected":false},"excerpt":{"rendered":"<p>Statyw biurkowy Puluz na telefon \/ tablet Zapewnij sobie komfort i wygod\u0119 podczas korzystania z telefonu lub tabletu dzi\u0119ki statywowi<\/p>\n","protected":false},"featured_media":58896,"comment_status":"closed","ping_status":"open","template":"","meta":{"_acf_changed":false},"product_brand":[],"product_cat":[1128,6178,6176,6177,6181,1138],"product_tag":[],"class_list":{"0":"post-58895","1":"product","2":"type-product","3":"status-publish","4":"has-post-thumbnail","6":"product_cat-foto-wideo","7":"product_cat-mocowania","8":"product_cat-selfie-stiki","9":"product_cat-statywy-selfie-stiki","10":"product_cat-szelki-mocowania-i-uchwyty","11":"product_cat-wysiegniki","12":"pa_okres-gwarancji-5754","13":"pa_producent-puluz","15":"first","16":"outofstock","17":"taxable","18":"shipping-taxable","19":"purchasable","20":"product-type-simple"},"acf":[],"yoast_head":"<!-- This site is optimized with the Yoast SEO plugin v27.2 - https:\/\/yoast.com\/product\/yoast-seo-wordpress\/ -->\n<title>Statyw biurkowy PULUZ na telefon\/tablet - IRONSKY.PL Sklep z Dronami<\/title>\n<meta name=\"description\" content=\"Statyw biurkowy PULUZ na telefon\/tablet - \u2705 sklep z dronami i fachowym doradztwem. \u2705 Tutaj kupisz produkty DJI, Yuneec, Parrot, Syma i wiele innych, a tak\u017ce kursy i licencje na operatora drona.\" \/>\n<meta name=\"robots\" content=\"index, follow, max-snippet:-1, max-image-preview:large, max-video-preview:-1\" \/>\n<link rel=\"canonical\" href=\"https:\/\/ironsky.pl\/sklep\/produkt\/statyw-biurkowy-puluz-na-telefon-tablet-2\/\" \/>\n<meta property=\"og:locale\" content=\"pl_PL\" \/>\n<meta property=\"og:type\" content=\"article\" \/>\n<meta property=\"og:title\" content=\"Statyw biurkowy PULUZ na telefon\/tablet - IRONSKY.PL Sklep z Dronami\" \/>\n<meta property=\"og:description\" content=\"Statyw biurkowy PULUZ na telefon\/tablet - \u2705 sklep z dronami i fachowym doradztwem. \u2705 Tutaj kupisz produkty DJI, Yuneec, Parrot, Syma i wiele innych, a tak\u017ce kursy i licencje na operatora drona.\" \/>\n<meta property=\"og:url\" content=\"https:\/\/ironsky.pl\/sklep\/produkt\/statyw-biurkowy-puluz-na-telefon-tablet-2\/\" \/>\n<meta property=\"og:site_name\" content=\"IRONSKY.PL Sklep z Dronami\" \/>\n<meta property=\"article:modified_time\" content=\"2026-04-15T08:41:36+00:00\" \/>\n<meta property=\"og:image\" content=\"https:\/\/ironsky.pl\/sklep\/wp-content\/uploads\/2026\/04\/43548_2.jpg\" \/>\n\t<meta property=\"og:image:width\" content=\"800\" \/>\n\t<meta property=\"og:image:height\" content=\"800\" \/>\n\t<meta property=\"og:image:type\" content=\"image\/jpeg\" \/>\n<meta name=\"twitter:card\" content=\"summary_large_image\" \/>\n<meta name=\"twitter:label1\" content=\"Szacowany czas czytania\" \/>\n\t<meta name=\"twitter:data1\" content=\"1 minuta\" \/>\n<script type=\"application\/ld+json\" class=\"yoast-schema-graph\">{\"@context\":\"https:\/\/schema.org\",\"@graph\":[{\"@type\":\"WebPage\",\"@id\":\"https:\/\/ironsky.pl\/sklep\/produkt\/statyw-biurkowy-puluz-na-telefon-tablet-2\/\",\"url\":\"https:\/\/ironsky.pl\/sklep\/produkt\/statyw-biurkowy-puluz-na-telefon-tablet-2\/\",\"name\":\"Statyw biurkowy PULUZ na telefon\/tablet - IRONSKY.PL Sklep z Dronami\",\"isPartOf\":{\"@id\":\"https:\/\/ironsky.pl\/sklep\/#website\"},\"primaryImageOfPage\":{\"@id\":\"https:\/\/ironsky.pl\/sklep\/produkt\/statyw-biurkowy-puluz-na-telefon-tablet-2\/#primaryimage\"},\"image\":{\"@id\":\"https:\/\/ironsky.pl\/sklep\/produkt\/statyw-biurkowy-puluz-na-telefon-tablet-2\/#primaryimage\"},\"thumbnailUrl\":\"https:\/\/ironsky.pl\/sklep\/wp-content\/uploads\/2026\/04\/43548_2.jpg\",\"datePublished\":\"2026-04-15T08:41:13+00:00\",\"dateModified\":\"2026-04-15T08:41:36+00:00\",\"description\":\"Statyw biurkowy PULUZ na telefon\/tablet - \u2705 sklep z dronami i fachowym doradztwem. \u2705 Tutaj kupisz produkty DJI, Yuneec, Parrot, Syma i wiele innych, a tak\u017ce kursy i licencje na operatora drona.\",\"breadcrumb\":{\"@id\":\"https:\/\/ironsky.pl\/sklep\/produkt\/statyw-biurkowy-puluz-na-telefon-tablet-2\/#breadcrumb\"},\"inLanguage\":\"pl-PL\",\"potentialAction\":[{\"@type\":\"ReadAction\",\"target\":[\"https:\/\/ironsky.pl\/sklep\/produkt\/statyw-biurkowy-puluz-na-telefon-tablet-2\/\"]}]},{\"@type\":\"ImageObject\",\"inLanguage\":\"pl-PL\",\"@id\":\"https:\/\/ironsky.pl\/sklep\/produkt\/statyw-biurkowy-puluz-na-telefon-tablet-2\/#primaryimage\",\"url\":\"https:\/\/ironsky.pl\/sklep\/wp-content\/uploads\/2026\/04\/43548_2.jpg\",\"contentUrl\":\"https:\/\/ironsky.pl\/sklep\/wp-content\/uploads\/2026\/04\/43548_2.jpg\",\"width\":800,\"height\":800},{\"@type\":\"BreadcrumbList\",\"@id\":\"https:\/\/ironsky.pl\/sklep\/produkt\/statyw-biurkowy-puluz-na-telefon-tablet-2\/#breadcrumb\",\"itemListElement\":[{\"@type\":\"ListItem\",\"position\":1,\"name\":\"Strona g\u0142\u00f3wna\",\"item\":\"https:\/\/ironsky.pl\/sklep\/\"},{\"@type\":\"ListItem\",\"position\":2,\"name\":\"Wszystkie produkty\",\"item\":\"https:\/\/ironsky.pl\/sklep\/produkty\/\"},{\"@type\":\"ListItem\",\"position\":3,\"name\":\"Statyw biurkowy PULUZ na telefon\/tablet\"}]},{\"@type\":\"WebSite\",\"@id\":\"https:\/\/ironsky.pl\/sklep\/#website\",\"url\":\"https:\/\/ironsky.pl\/sklep\/\",\"name\":\"IRONSKY.PL Sklep z Dronami\",\"description\":\"IRONSKY.PL Sklep z Dronami\",\"potentialAction\":[{\"@type\":\"SearchAction\",\"target\":{\"@type\":\"EntryPoint\",\"urlTemplate\":\"https:\/\/ironsky.pl\/sklep\/?s={search_term_string}\"},\"query-input\":{\"@type\":\"PropertyValueSpecification\",\"valueRequired\":true,\"valueName\":\"search_term_string\"}}],\"inLanguage\":\"pl-PL\"}]}<\/script>\n<!-- \/ Yoast SEO plugin. -->","yoast_head_json":{"title":"Statyw biurkowy PULUZ na telefon\/tablet - IRONSKY.PL Sklep z Dronami","description":"Statyw biurkowy PULUZ na telefon\/tablet - \u2705 sklep z dronami i fachowym doradztwem. \u2705 Tutaj kupisz produkty DJI, Yuneec, Parrot, Syma i wiele innych, a tak\u017ce kursy i licencje na operatora drona.","robots":{"index":"index","follow":"follow","max-snippet":"max-snippet:-1","max-image-preview":"max-image-preview:large","max-video-preview":"max-video-preview:-1"},"canonical":"https:\/\/ironsky.pl\/sklep\/produkt\/statyw-biurkowy-puluz-na-telefon-tablet-2\/","og_locale":"pl_PL","og_type":"article","og_title":"Statyw biurkowy PULUZ na telefon\/tablet - IRONSKY.PL Sklep z Dronami","og_description":"Statyw biurkowy PULUZ na telefon\/tablet - \u2705 sklep z dronami i fachowym doradztwem. \u2705 Tutaj kupisz produkty DJI, Yuneec, Parrot, Syma i wiele innych, a tak\u017ce kursy i licencje na operatora drona.","og_url":"https:\/\/ironsky.pl\/sklep\/produkt\/statyw-biurkowy-puluz-na-telefon-tablet-2\/","og_site_name":"IRONSKY.PL Sklep z Dronami","article_modified_time":"2026-04-15T08:41:36+00:00","og_image":[{"width":800,"height":800,"url":"https:\/\/ironsky.pl\/sklep\/wp-content\/uploads\/2026\/04\/43548_2.jpg","type":"image\/jpeg"}],"twitter_card":"summary_large_image","twitter_misc":{"Szacowany czas czytania":"1 minuta"},"schema":{"@context":"https:\/\/schema.org","@graph":[{"@type":"WebPage","@id":"https:\/\/ironsky.pl\/sklep\/produkt\/statyw-biurkowy-puluz-na-telefon-tablet-2\/","url":"https:\/\/ironsky.pl\/sklep\/produkt\/statyw-biurkowy-puluz-na-telefon-tablet-2\/","name":"Statyw biurkowy PULUZ na telefon\/tablet - IRONSKY.PL Sklep z Dronami","isPartOf":{"@id":"https:\/\/ironsky.pl\/sklep\/#website"},"primaryImageOfPage":{"@id":"https:\/\/ironsky.pl\/sklep\/produkt\/statyw-biurkowy-puluz-na-telefon-tablet-2\/#primaryimage"},"image":{"@id":"https:\/\/ironsky.pl\/sklep\/produkt\/statyw-biurkowy-puluz-na-telefon-tablet-2\/#primaryimage"},"thumbnailUrl":"https:\/\/ironsky.pl\/sklep\/wp-content\/uploads\/2026\/04\/43548_2.jpg","datePublished":"2026-04-15T08:41:13+00:00","dateModified":"2026-04-15T08:41:36+00:00","description":"Statyw biurkowy PULUZ na telefon\/tablet - \u2705 sklep z dronami i fachowym doradztwem. \u2705 Tutaj kupisz produkty DJI, Yuneec, Parrot, Syma i wiele innych, a tak\u017ce kursy i licencje na operatora drona.","breadcrumb":{"@id":"https:\/\/ironsky.pl\/sklep\/produkt\/statyw-biurkowy-puluz-na-telefon-tablet-2\/#breadcrumb"},"inLanguage":"pl-PL","potentialAction":[{"@type":"ReadAction","target":["https:\/\/ironsky.pl\/sklep\/produkt\/statyw-biurkowy-puluz-na-telefon-tablet-2\/"]}]},{"@type":"ImageObject","inLanguage":"pl-PL","@id":"https:\/\/ironsky.pl\/sklep\/produkt\/statyw-biurkowy-puluz-na-telefon-tablet-2\/#primaryimage","url":"https:\/\/ironsky.pl\/sklep\/wp-content\/uploads\/2026\/04\/43548_2.jpg","contentUrl":"https:\/\/ironsky.pl\/sklep\/wp-content\/uploads\/2026\/04\/43548_2.jpg","width":800,"height":800},{"@type":"BreadcrumbList","@id":"https:\/\/ironsky.pl\/sklep\/produkt\/statyw-biurkowy-puluz-na-telefon-tablet-2\/#breadcrumb","itemListElement":[{"@type":"ListItem","position":1,"name":"Strona g\u0142\u00f3wna","item":"https:\/\/ironsky.pl\/sklep\/"},{"@type":"ListItem","position":2,"name":"Wszystkie produkty","item":"https:\/\/ironsky.pl\/sklep\/produkty\/"},{"@type":"ListItem","position":3,"name":"Statyw biurkowy PULUZ na telefon\/tablet"}]},{"@type":"WebSite","@id":"https:\/\/ironsky.pl\/sklep\/#website","url":"https:\/\/ironsky.pl\/sklep\/","name":"IRONSKY.PL Sklep z Dronami","description":"IRONSKY.PL Sklep z Dronami","potentialAction":[{"@type":"SearchAction","target":{"@type":"EntryPoint","urlTemplate":"https:\/\/ironsky.pl\/sklep\/?s={search_term_string}"},"query-input":{"@type":"PropertyValueSpecification","valueRequired":true,"valueName":"search_term_string"}}],"inLanguage":"pl-PL"}]}},"_links":{"self":[{"href":"https:\/\/ironsky.pl\/sklep\/wp-json\/wp\/v2\/product\/58895","targetHints":{"allow":["GET"]}}],"collection":[{"href":"https:\/\/ironsky.pl\/sklep\/wp-json\/wp\/v2\/product"}],"about":[{"href":"https:\/\/ironsky.pl\/sklep\/wp-json\/wp\/v2\/types\/product"}],"replies":[{"embeddable":true,"href":"https:\/\/ironsky.pl\/sklep\/wp-json\/wp\/v2\/comments?post=58895"}],"wp:featuredmedia":[{"embeddable":true,"href":"https:\/\/ironsky.pl\/sklep\/wp-json\/wp\/v2\/media\/58896"}],"wp:attachment":[{"href":"https:\/\/ironsky.pl\/sklep\/wp-json\/wp\/v2\/media?parent=58895"}],"wp:term":[{"taxonomy":"product_brand","embeddable":true,"href":"https:\/\/ironsky.pl\/sklep\/wp-json\/wp\/v2\/product_brand?post=58895"},{"taxonomy":"product_cat","embeddable":true,"href":"https:\/\/ironsky.pl\/sklep\/wp-json\/wp\/v2\/product_cat?post=58895"},{"taxonomy":"product_tag","embeddable":true,"href":"https:\/\/ironsky.pl\/sklep\/wp-json\/wp\/v2\/product_tag?post=58895"}],"curies":[{"name":"wp","href":"https:\/\/api.w.org\/{rel}","templated":true}]}}