{"id":58885,"date":"2026-04-15T10:41:13","date_gmt":"2026-04-15T08:41:13","guid":{"rendered":"https:\/\/ironsky.pl\/sklep\/produkt\/obudowa-metalowa-puluz-insta360-x4-z-oslona-obiektywu\/"},"modified":"2026-04-15T10:41:31","modified_gmt":"2026-04-15T08:41:31","slug":"obudowa-metalowa-puluz-insta360-x4-z-oslona-obiektywu","status":"publish","type":"product","link":"https:\/\/ironsky.pl\/sklep\/produkt\/obudowa-metalowa-puluz-insta360-x4-z-oslona-obiektywu\/","title":{"rendered":"Obudowa metalowa PULUZ Insta360 X4 z os\u0142on\u0105 obiektywu"},"content":{"rendered":"<h3>Metalowa obudowa ochronna z os\u0142on\u0105 obiektywu PULUZ do Insta 360 X4<\/h3>\n<p>Zapewnij swojej kamerze Insta 360 X4 najwy\u017cszy poziom ochrony i funkcjonalno\u015bci z metalow\u0105 obudow\u0105 ochronn\u0105 i os\u0142on\u0105 obiektywu PULUZ. Akcesorium wyr\u00f3\u017cnia si\u0119 idealnym dopasowaniem do kszta\u0142tu urz\u0105dzenia i du\u017c\u0105 wytrzyma\u0142o\u015bci\u0105, dzi\u0119ki czemu nie tylko zabezpieczy je przed uszkodzeniem, ale te\u017c nie wp\u0142ynie na komfort jego obs\u0142ugi.<\/p>\n<p>\n<img decoding=\"async\" src=\"https:\/\/assets.innpro.pl\/6642\/7745\/2.jpg\" border=\"0\" \/>\n<\/p>\n<h3>Wytrzyma\u0142a konstrukcja i precyzyjne wykonanie<\/h3>\n<p>Obudowa ochronna PULUZ wykonana jest z lotniczego stopu aluminium, przetworzonego metod\u0105 CNC, co zapewnia jej lekko\u015b\u0107 i wyj\u0105tkow\u0105 wytrzyma\u0142o\u015b\u0107. Dzi\u0119ki idealnemu dopasowaniu akcesorium nie blokuje \u017cadnych przycisk\u00f3w ani nie zas\u0142ania komory akumulatora czy otwor\u00f3w mikrofonowych, co pozwala na pe\u0142ne wykorzystanie funkcji kamery.<\/p>\n<p>\n<img decoding=\"async\" src=\"https:\/\/assets.innpro.pl\/6642\/7745\/3.jpg\" border=\"0\" \/>\n<\/p>\n<h3>Kompatybilno\u015b\u0107 z dodatkowymi akcesoriami<\/h3>\n<p>W g\u00f3rnej cz\u0119\u015bci obudowy znajduje si\u0119 adapter typu zimna stopka, kt\u00f3ry umo\u017cliwia bezproblemowe pod\u0142\u0105czenie mikrofonu lub lampy do\u015bwietlaj\u0105cej. Ponadto magnetyczny interfejs sk\u0142adanej podstawy, kompatybilny z interfejsem GoPro oraz wyposa\u017cony w otw\u00f3r 1\/4 cala, zapewnia kompatybilno\u015b\u0107 z wi\u0119kszo\u015bci\u0105 statyw\u00f3w i innych akcesori\u00f3w. Dzi\u0119ki temu z \u0142atwo\u015bci\u0105 dostosujesz swoj\u0105 kamer\u0119 do wybranego scenariusza nagrywania!<\/p>\n<p>\n<img decoding=\"async\" src=\"https:\/\/assets.innpro.pl\/6642\/7745\/1.jpg\" border=\"0\" \/>\n<\/p>\n<h3>Dostosowana do Twoich potrzeb<\/h3>\n<p>Monta\u017c i demonta\u017c kamery w obudowie PULUZ jest szybki i \u0142atwy, bez potrzeby u\u017cywania dodatkowych narz\u0119dzi. Dodatkowo w sk\u0142ad zestawu wchodzi gumowa os\u0142ona obiektywu, kt\u00f3ra pozwoli zabezpieczy\u0107 go przed zarysowaniem i innymi uszkodzeniami. Dzi\u0119ki temu bez problemu zadbasz o niezawodn\u0105 ochron\u0119 swojego sprz\u0119tu!<\/p>\n<p>\n<img decoding=\"async\" src=\"https:\/\/assets.innpro.pl\/6642\/7745\/4.jpg\" border=\"0\" \/>\n<\/p>\n<div class=\"table-wrapper\">\n<p>\u00a0<\/p>\n<h3><\/h3>\n<table>\n<tbody>\n<tr>\n<th>Producent<\/th>\n<td>PULUZ<\/td>\n<\/tr>\n<tr>\n<th>Model<\/th>\n<td>PU981B<\/td>\n<\/tr>\n<tr>\n<th>Materia\u0142<\/th>\n<td>Stop aluminium (obudowa ochronna) + guma (os\u0142ona obiektywu)<\/td>\n<\/tr>\n<tr>\n<th>Wymiary<\/th>\n<td>14,4 x 6,56 x 4,46 cm<\/td>\n<\/tr>\n<\/tbody>\n<\/table>\n<\/div>\n","protected":false},"excerpt":{"rendered":"<p>Metalowa obudowa ochronna z os\u0142on\u0105 obiektywu PULUZ do Insta 360 X4 Zapewnij swojej kamerze Insta 360 X4 najwy\u017cszy poziom ochrony<\/p>\n","protected":false},"featured_media":58886,"comment_status":"closed","ping_status":"open","template":"","meta":{"_acf_changed":false},"product_brand":[],"product_cat":[1130,1137,1128],"product_tag":[],"class_list":{"0":"post-58885","1":"product","2":"type-product","3":"status-publish","4":"has-post-thumbnail","6":"product_cat-akcesoria-foto","7":"product_cat-do-kamer-sportowych","8":"product_cat-foto-wideo","9":"pa_okres-gwarancji-5754","10":"pa_producent-puluz","12":"first","13":"outofstock","14":"taxable","15":"shipping-taxable","16":"purchasable","17":"product-type-simple"},"acf":[],"yoast_head":"<!-- This site is optimized with the Yoast SEO plugin v27.2 - https:\/\/yoast.com\/product\/yoast-seo-wordpress\/ -->\n<title>Obudowa metalowa PULUZ Insta360 X4 z os\u0142on\u0105 obiektywu - IRONSKY.PL Sklep z Dronami<\/title>\n<meta name=\"description\" content=\"Obudowa metalowa PULUZ Insta360 X4 z os\u0142on\u0105 obiektywu - \u2705 sklep z dronami i fachowym doradztwem. \u2705 Tutaj kupisz produkty DJI, Yuneec, Parrot, Syma i wiele innych, a tak\u017ce kursy i licencje na operatora drona.\" \/>\n<meta name=\"robots\" content=\"index, follow, max-snippet:-1, max-image-preview:large, max-video-preview:-1\" \/>\n<link rel=\"canonical\" href=\"https:\/\/ironsky.pl\/sklep\/produkt\/obudowa-metalowa-puluz-insta360-x4-z-oslona-obiektywu\/\" \/>\n<meta property=\"og:locale\" content=\"pl_PL\" \/>\n<meta property=\"og:type\" content=\"article\" \/>\n<meta property=\"og:title\" content=\"Obudowa metalowa PULUZ Insta360 X4 z os\u0142on\u0105 obiektywu - IRONSKY.PL Sklep z Dronami\" \/>\n<meta property=\"og:description\" content=\"Obudowa metalowa PULUZ Insta360 X4 z os\u0142on\u0105 obiektywu - \u2705 sklep z dronami i fachowym doradztwem. \u2705 Tutaj kupisz produkty DJI, Yuneec, Parrot, Syma i wiele innych, a tak\u017ce kursy i licencje na operatora drona.\" \/>\n<meta property=\"og:url\" content=\"https:\/\/ironsky.pl\/sklep\/produkt\/obudowa-metalowa-puluz-insta360-x4-z-oslona-obiektywu\/\" \/>\n<meta property=\"og:site_name\" content=\"IRONSKY.PL Sklep z Dronami\" \/>\n<meta property=\"article:modified_time\" content=\"2026-04-15T08:41:31+00:00\" \/>\n<meta property=\"og:image\" content=\"https:\/\/ironsky.pl\/sklep\/wp-content\/uploads\/2026\/04\/43542_1.jpg\" \/>\n\t<meta property=\"og:image:width\" content=\"800\" \/>\n\t<meta property=\"og:image:height\" content=\"800\" \/>\n\t<meta property=\"og:image:type\" content=\"image\/jpeg\" \/>\n<meta name=\"twitter:card\" content=\"summary_large_image\" \/>\n<meta name=\"twitter:label1\" content=\"Szacowany czas czytania\" \/>\n\t<meta name=\"twitter:data1\" content=\"1 minuta\" \/>\n<script type=\"application\/ld+json\" class=\"yoast-schema-graph\">{\"@context\":\"https:\/\/schema.org\",\"@graph\":[{\"@type\":\"WebPage\",\"@id\":\"https:\/\/ironsky.pl\/sklep\/produkt\/obudowa-metalowa-puluz-insta360-x4-z-oslona-obiektywu\/\",\"url\":\"https:\/\/ironsky.pl\/sklep\/produkt\/obudowa-metalowa-puluz-insta360-x4-z-oslona-obiektywu\/\",\"name\":\"Obudowa metalowa PULUZ Insta360 X4 z os\u0142on\u0105 obiektywu - IRONSKY.PL Sklep z Dronami\",\"isPartOf\":{\"@id\":\"https:\/\/ironsky.pl\/sklep\/#website\"},\"primaryImageOfPage\":{\"@id\":\"https:\/\/ironsky.pl\/sklep\/produkt\/obudowa-metalowa-puluz-insta360-x4-z-oslona-obiektywu\/#primaryimage\"},\"image\":{\"@id\":\"https:\/\/ironsky.pl\/sklep\/produkt\/obudowa-metalowa-puluz-insta360-x4-z-oslona-obiektywu\/#primaryimage\"},\"thumbnailUrl\":\"https:\/\/ironsky.pl\/sklep\/wp-content\/uploads\/2026\/04\/43542_1.jpg\",\"datePublished\":\"2026-04-15T08:41:13+00:00\",\"dateModified\":\"2026-04-15T08:41:31+00:00\",\"description\":\"Obudowa metalowa PULUZ Insta360 X4 z os\u0142on\u0105 obiektywu - \u2705 sklep z dronami i fachowym doradztwem. \u2705 Tutaj kupisz produkty DJI, Yuneec, Parrot, Syma i wiele innych, a tak\u017ce kursy i licencje na operatora drona.\",\"breadcrumb\":{\"@id\":\"https:\/\/ironsky.pl\/sklep\/produkt\/obudowa-metalowa-puluz-insta360-x4-z-oslona-obiektywu\/#breadcrumb\"},\"inLanguage\":\"pl-PL\",\"potentialAction\":[{\"@type\":\"ReadAction\",\"target\":[\"https:\/\/ironsky.pl\/sklep\/produkt\/obudowa-metalowa-puluz-insta360-x4-z-oslona-obiektywu\/\"]}]},{\"@type\":\"ImageObject\",\"inLanguage\":\"pl-PL\",\"@id\":\"https:\/\/ironsky.pl\/sklep\/produkt\/obudowa-metalowa-puluz-insta360-x4-z-oslona-obiektywu\/#primaryimage\",\"url\":\"https:\/\/ironsky.pl\/sklep\/wp-content\/uploads\/2026\/04\/43542_1.jpg\",\"contentUrl\":\"https:\/\/ironsky.pl\/sklep\/wp-content\/uploads\/2026\/04\/43542_1.jpg\",\"width\":800,\"height\":800},{\"@type\":\"BreadcrumbList\",\"@id\":\"https:\/\/ironsky.pl\/sklep\/produkt\/obudowa-metalowa-puluz-insta360-x4-z-oslona-obiektywu\/#breadcrumb\",\"itemListElement\":[{\"@type\":\"ListItem\",\"position\":1,\"name\":\"Strona g\u0142\u00f3wna\",\"item\":\"https:\/\/ironsky.pl\/sklep\/\"},{\"@type\":\"ListItem\",\"position\":2,\"name\":\"Wszystkie produkty\",\"item\":\"https:\/\/ironsky.pl\/sklep\/produkty\/\"},{\"@type\":\"ListItem\",\"position\":3,\"name\":\"Obudowa metalowa PULUZ Insta360 X4 z os\u0142on\u0105 obiektywu\"}]},{\"@type\":\"WebSite\",\"@id\":\"https:\/\/ironsky.pl\/sklep\/#website\",\"url\":\"https:\/\/ironsky.pl\/sklep\/\",\"name\":\"IRONSKY.PL Sklep z Dronami\",\"description\":\"IRONSKY.PL Sklep z Dronami\",\"potentialAction\":[{\"@type\":\"SearchAction\",\"target\":{\"@type\":\"EntryPoint\",\"urlTemplate\":\"https:\/\/ironsky.pl\/sklep\/?s={search_term_string}\"},\"query-input\":{\"@type\":\"PropertyValueSpecification\",\"valueRequired\":true,\"valueName\":\"search_term_string\"}}],\"inLanguage\":\"pl-PL\"}]}<\/script>\n<!-- \/ Yoast SEO plugin. -->","yoast_head_json":{"title":"Obudowa metalowa PULUZ Insta360 X4 z os\u0142on\u0105 obiektywu - IRONSKY.PL Sklep z Dronami","description":"Obudowa metalowa PULUZ Insta360 X4 z os\u0142on\u0105 obiektywu - \u2705 sklep z dronami i fachowym doradztwem. \u2705 Tutaj kupisz produkty DJI, Yuneec, Parrot, Syma i wiele innych, a tak\u017ce kursy i licencje na operatora drona.","robots":{"index":"index","follow":"follow","max-snippet":"max-snippet:-1","max-image-preview":"max-image-preview:large","max-video-preview":"max-video-preview:-1"},"canonical":"https:\/\/ironsky.pl\/sklep\/produkt\/obudowa-metalowa-puluz-insta360-x4-z-oslona-obiektywu\/","og_locale":"pl_PL","og_type":"article","og_title":"Obudowa metalowa PULUZ Insta360 X4 z os\u0142on\u0105 obiektywu - IRONSKY.PL Sklep z Dronami","og_description":"Obudowa metalowa PULUZ Insta360 X4 z os\u0142on\u0105 obiektywu - \u2705 sklep z dronami i fachowym doradztwem. \u2705 Tutaj kupisz produkty DJI, Yuneec, Parrot, Syma i wiele innych, a tak\u017ce kursy i licencje na operatora drona.","og_url":"https:\/\/ironsky.pl\/sklep\/produkt\/obudowa-metalowa-puluz-insta360-x4-z-oslona-obiektywu\/","og_site_name":"IRONSKY.PL Sklep z Dronami","article_modified_time":"2026-04-15T08:41:31+00:00","og_image":[{"width":800,"height":800,"url":"https:\/\/ironsky.pl\/sklep\/wp-content\/uploads\/2026\/04\/43542_1.jpg","type":"image\/jpeg"}],"twitter_card":"summary_large_image","twitter_misc":{"Szacowany czas czytania":"1 minuta"},"schema":{"@context":"https:\/\/schema.org","@graph":[{"@type":"WebPage","@id":"https:\/\/ironsky.pl\/sklep\/produkt\/obudowa-metalowa-puluz-insta360-x4-z-oslona-obiektywu\/","url":"https:\/\/ironsky.pl\/sklep\/produkt\/obudowa-metalowa-puluz-insta360-x4-z-oslona-obiektywu\/","name":"Obudowa metalowa PULUZ Insta360 X4 z os\u0142on\u0105 obiektywu - IRONSKY.PL Sklep z Dronami","isPartOf":{"@id":"https:\/\/ironsky.pl\/sklep\/#website"},"primaryImageOfPage":{"@id":"https:\/\/ironsky.pl\/sklep\/produkt\/obudowa-metalowa-puluz-insta360-x4-z-oslona-obiektywu\/#primaryimage"},"image":{"@id":"https:\/\/ironsky.pl\/sklep\/produkt\/obudowa-metalowa-puluz-insta360-x4-z-oslona-obiektywu\/#primaryimage"},"thumbnailUrl":"https:\/\/ironsky.pl\/sklep\/wp-content\/uploads\/2026\/04\/43542_1.jpg","datePublished":"2026-04-15T08:41:13+00:00","dateModified":"2026-04-15T08:41:31+00:00","description":"Obudowa metalowa PULUZ Insta360 X4 z os\u0142on\u0105 obiektywu - \u2705 sklep z dronami i fachowym doradztwem. \u2705 Tutaj kupisz produkty DJI, Yuneec, Parrot, Syma i wiele innych, a tak\u017ce kursy i licencje na operatora drona.","breadcrumb":{"@id":"https:\/\/ironsky.pl\/sklep\/produkt\/obudowa-metalowa-puluz-insta360-x4-z-oslona-obiektywu\/#breadcrumb"},"inLanguage":"pl-PL","potentialAction":[{"@type":"ReadAction","target":["https:\/\/ironsky.pl\/sklep\/produkt\/obudowa-metalowa-puluz-insta360-x4-z-oslona-obiektywu\/"]}]},{"@type":"ImageObject","inLanguage":"pl-PL","@id":"https:\/\/ironsky.pl\/sklep\/produkt\/obudowa-metalowa-puluz-insta360-x4-z-oslona-obiektywu\/#primaryimage","url":"https:\/\/ironsky.pl\/sklep\/wp-content\/uploads\/2026\/04\/43542_1.jpg","contentUrl":"https:\/\/ironsky.pl\/sklep\/wp-content\/uploads\/2026\/04\/43542_1.jpg","width":800,"height":800},{"@type":"BreadcrumbList","@id":"https:\/\/ironsky.pl\/sklep\/produkt\/obudowa-metalowa-puluz-insta360-x4-z-oslona-obiektywu\/#breadcrumb","itemListElement":[{"@type":"ListItem","position":1,"name":"Strona g\u0142\u00f3wna","item":"https:\/\/ironsky.pl\/sklep\/"},{"@type":"ListItem","position":2,"name":"Wszystkie produkty","item":"https:\/\/ironsky.pl\/sklep\/produkty\/"},{"@type":"ListItem","position":3,"name":"Obudowa metalowa PULUZ Insta360 X4 z os\u0142on\u0105 obiektywu"}]},{"@type":"WebSite","@id":"https:\/\/ironsky.pl\/sklep\/#website","url":"https:\/\/ironsky.pl\/sklep\/","name":"IRONSKY.PL Sklep z Dronami","description":"IRONSKY.PL Sklep z Dronami","potentialAction":[{"@type":"SearchAction","target":{"@type":"EntryPoint","urlTemplate":"https:\/\/ironsky.pl\/sklep\/?s={search_term_string}"},"query-input":{"@type":"PropertyValueSpecification","valueRequired":true,"valueName":"search_term_string"}}],"inLanguage":"pl-PL"}]}},"_links":{"self":[{"href":"https:\/\/ironsky.pl\/sklep\/wp-json\/wp\/v2\/product\/58885","targetHints":{"allow":["GET"]}}],"collection":[{"href":"https:\/\/ironsky.pl\/sklep\/wp-json\/wp\/v2\/product"}],"about":[{"href":"https:\/\/ironsky.pl\/sklep\/wp-json\/wp\/v2\/types\/product"}],"replies":[{"embeddable":true,"href":"https:\/\/ironsky.pl\/sklep\/wp-json\/wp\/v2\/comments?post=58885"}],"wp:featuredmedia":[{"embeddable":true,"href":"https:\/\/ironsky.pl\/sklep\/wp-json\/wp\/v2\/media\/58886"}],"wp:attachment":[{"href":"https:\/\/ironsky.pl\/sklep\/wp-json\/wp\/v2\/media?parent=58885"}],"wp:term":[{"taxonomy":"product_brand","embeddable":true,"href":"https:\/\/ironsky.pl\/sklep\/wp-json\/wp\/v2\/product_brand?post=58885"},{"taxonomy":"product_cat","embeddable":true,"href":"https:\/\/ironsky.pl\/sklep\/wp-json\/wp\/v2\/product_cat?post=58885"},{"taxonomy":"product_tag","embeddable":true,"href":"https:\/\/ironsky.pl\/sklep\/wp-json\/wp\/v2\/product_tag?post=58885"}],"curies":[{"name":"wp","href":"https:\/\/api.w.org\/{rel}","templated":true}]}}