{"id":58879,"date":"2026-04-15T10:41:13","date_gmt":"2026-04-15T08:41:13","guid":{"rendered":"https:\/\/ironsky.pl\/sklep\/produkt\/namiot-bezcieniowy-puluz-pu5083-80cm\/"},"modified":"2026-04-15T10:41:27","modified_gmt":"2026-04-15T08:41:27","slug":"namiot-bezcieniowy-puluz-pu5083-80cm","status":"publish","type":"product","link":"https:\/\/ironsky.pl\/sklep\/produkt\/namiot-bezcieniowy-puluz-pu5083-80cm\/","title":{"rendered":"Namiot bezcieniowy PULUZ PU5083 80cm"},"content":{"rendered":"<h3>Namiot bezcieniowy PULUZ 80 cm (PU5083EU)<\/h3>\n<p>Z namiotem bezcieniowym PULUZ 80 cm przeniesiesz swoje umiej\u0119tno\u015bci fotograficzne na wy\u017cszy poziom. To idealne rozwi\u0105zanie dla fotograf\u00f3w i tw\u00f3rc\u00f3w tre\u015bci, kt\u00f3rzy potrzebuj\u0105 profesjonalnego o\u015bwietlenia i przestrzeni do tworzenia zdj\u0119\u0107 produktowych. Pozwala na swobodn\u0105 regulacj\u0119 jasno\u015bci, a dzi\u0119ki do\u0142\u0105czonym do zestawu t\u0142om fotograficznym i mi\u0119kkiej tkaninie daje jeszcze wi\u0119cej mo\u017cliwo\u015bci.<\/p>\n<p>\n<img decoding=\"async\" src=\"https:\/\/assets.innpro.pl\/6614\/7713\/1.jpg\" border=\"0\" \/>\n<\/p>\n<h3>Wytrzyma\u0142a i wysokiej jako\u015bci konstrukcja<\/h3>\n<p>Namiot bezcieniowy PULUZ wykonany jest z wysokiej jako\u015bci tkaniny Oxford 600D, kt\u00f3ra jest odporna na zagniecenia, kurczenie i \u015bcieranie. Wewn\u0119trzna warstwa z aluminiowej folii ze wzorem przypominaj\u0105cym kamie\u0144 zapewnia r\u00f3wnomierne o\u015bwietlenie, eliminuj\u0105c cienie i odblaski. Dzi\u0119ki temu Twoje zdj\u0119cia b\u0119d\u0105 wygl\u0105da\u0107 profesjonalnie i atrakcyjnie!<\/p>\n<p>\n<img decoding=\"async\" src=\"https:\/\/assets.innpro.pl\/6614\/7713\/8.jpg\" border=\"0\" \/>\n<\/p>\n<h3>Du\u017ca przestrze\u0144<\/h3>\n<p>Namiot oferuje du\u017c\u0105 przestrze\u0144 o wymiarach 80 x 80 x 80 cm, co pozwala na fotografowanie przedmiot\u00f3w o rozmiarze do 65 x 65 x 65 cm. To oznacza, \u017ce idealnie nadaje si\u0119 do robienia zdj\u0119\u0107 toreb, odzie\u017cy dzieci\u0119cej, ro\u015blin i innych wi\u0119kszych obiekt\u00f3w.<\/p>\n<p>\n<img decoding=\"async\" src=\"https:\/\/assets.innpro.pl\/6614\/7713\/4.jpg\" border=\"0\" \/>\n<\/p>\n<h3>Wysokiej jako\u015bci o\u015bwietlenie<\/h3>\n<p>Namiot zapewnia jasno\u015b\u0107 do 14 000 lm i temperatur\u0119 barwow\u0105 5500K. Wyr\u00f3\u017cnia si\u0119 tak\u017ce wysokim wsp\u00f3\u0142czynnikiem oddawania barw (CRI) wynosz\u0105cym \u2265 95. Dzi\u0119ki temu gwarantuje wierne odwzorowanie kolor\u00f3w. Co wi\u0119cej, jasno\u015b\u0107 \u015bwiat\u0142a mo\u017cna p\u0142ynnie regulowa\u0107, dostosowuj\u0105c je do potrzeb zdj\u0119cia.<\/p>\n<p>\n<img decoding=\"async\" src=\"https:\/\/assets.innpro.pl\/6614\/7713\/5.jpg\" border=\"0\" \/>\n<\/p>\n<h3>Kilka mo\u017cliwo\u015bci fotografowania<\/h3>\n<p>Namiot PULUZ sprawdzi si\u0119 w wielu scenariuszach \u2013 pozwala robi\u0107 zdj\u0119cia przez okno na g\u00f3rze, w pe\u0142ni otwarty otw\u00f3r z przodu, ma\u0142e okno z przodu oraz p\u00f3\u0142otwarte okno z przodu. Dzi\u0119ki temu mo\u017cesz eksperymentowa\u0107 z r\u00f3\u017cnymi k\u0105tami i technikami fotografowania, osi\u0105gaj\u0105c najlepsze efekty.<\/p>\n<p>\n<img decoding=\"async\" src=\"https:\/\/assets.innpro.pl\/6614\/7713\/7.jpg\" border=\"0\" \/>\n<\/p>\n<h3>Dodatkowe akcesoria w zestawie<\/h3>\n<p>W sk\u0142ad zestawu wchodz\u0105 dodatkowo trzy t\u0142a PVC: czarne, bia\u0142e i pomara\u0144czowe. S\u0105 one ma\u0142o podatne na zagniecenia, wodoodporne i \u0142atwe do czyszczenia. Za ich pomoc\u0105 z \u0142atwo\u015bci\u0105 odmienisz charakter swoich fotografii! W opakowaniu znajdziesz r\u00f3wnie\u017c specjaln\u0105 tkanin\u0119, kt\u00f3ra zmi\u0119kcza \u015bwiat\u0142o, redukuj\u0105c ostre cienie i refleksy. Dzi\u0119ki temu Twoje zdj\u0119cia b\u0119d\u0105 wygl\u0105da\u0107 bardziej naturalnie i profesjonalnie.<\/p>\n<p>\n<img decoding=\"async\" src=\"https:\/\/assets.innpro.pl\/6614\/7713\/3.jpg\" border=\"0\" \/>\n<\/p>\n<h3>Mobilno\u015b\u0107 i \u0142atwy monta\u017c<\/h3>\n<p>Namiot bezcieniowy PULUZ jest \u0142atwy do z\u0142o\u017cenia i roz\u0142o\u017cenia, co czyni go niezwykle praktycznym w u\u017cyciu. Ponadto do\u0142\u0105czona do zestawu torba transportowa umo\u017cliwia jego wygodne przenoszenie i przechowywanie. Dzi\u0119ki temu mo\u017cesz mie\u0107 swoje mobilne studio fotograficzne zawsze przy sobie, niezale\u017cnie od miejsca.<\/p>\n<p>\n<img decoding=\"async\" src=\"https:\/\/assets.innpro.pl\/6614\/7713\/2.jpg\" border=\"0\" \/>\n<\/p>\n<h3>W zestawie<\/h3>\n<ul class=\"list-disc pl-5\">\n<li>Namiot bezcieniowy<\/li>\n<li>Czarne t\u0142o<\/li>\n<li>Bia\u0142e t\u0142o<\/li>\n<li>Pomara\u0144czowe t\u0142o<\/li>\n<li>Mi\u0119kka tkanina<\/li>\n<li>Zasilacz<\/li>\n<li>Panel \u015bwietlny x3<\/li>\n<li>Z\u0142\u0105cza tr\u00f3jdro\u017cne x8<\/li>\n<li>Pr\u0119ty podtrzymuj\u0105ce x12<\/li>\n<li>Instrukcja obs\u0142ugi<\/li>\n<li>Torba<\/li>\n<\/ul>\n<div class=\"table-wrapper\">\n<p>\u00a0<\/p>\n<h3><\/h3>\n<table>\n<tbody>\n<tr>\n<th>Producent<\/th>\n<td>PULUZ<\/td>\n<\/tr>\n<tr>\n<th>Model<\/th>\n<td>PU5083EU<\/td>\n<\/tr>\n<tr>\n<th>Materia\u0142<\/th>\n<td>Tkanina Oxford 600D + aluminium + w\u0142\u00f3kno szklane<\/td>\n<\/tr>\n<tr>\n<th>Zasilanie <\/th>\n<td>100-250 V 47-63 Hz<\/td>\n<\/tr>\n<tr>\n<th>Wyj\u015bcie<\/th>\n<td>18 V 1,66 A x 3<\/td>\n<\/tr>\n<tr>\n<th>Nat\u0119\u017cenie wyj\u015bciowe<\/th>\n<td>5 A<\/td>\n<\/tr>\n<tr>\n<th>Liczba diod LED<\/th>\n<td>78 x3<\/td>\n<\/tr>\n<tr>\n<th>Jasno\u015b\u0107<\/th>\n<td>14 000 lm<\/td>\n<\/tr>\n<tr>\n<th>Temperatura barwowa<\/th>\n<td>5500K<\/td>\n<\/tr>\n<tr>\n<th>CRI<\/th>\n<td>\u2265 95<\/td>\n<\/tr>\n<tr>\n<th>Wymiary<\/th>\n<td>80 x 80 x 80 cm<\/td>\n<\/tr>\n<\/tbody>\n<\/table>\n<\/div>\n","protected":false},"excerpt":{"rendered":"<p>Namiot bezcieniowy PULUZ 80 cm (PU5083EU) Z namiotem bezcieniowym PULUZ 80 cm przeniesiesz swoje umiej\u0119tno\u015bci fotograficzne na wy\u017cszy poziom. To<\/p>\n","protected":false},"featured_media":58880,"comment_status":"closed","ping_status":"open","template":"","meta":{"_acf_changed":false},"product_brand":[],"product_cat":[1128,6183,6182],"product_tag":[],"class_list":{"0":"post-58879","1":"product","2":"type-product","3":"status-publish","4":"has-post-thumbnail","6":"product_cat-foto-wideo","7":"product_cat-namioty-bezcieniowe-studio-fotograficzne","8":"product_cat-studio-fotograficzne","9":"pa_okres-gwarancji-5754","10":"pa_producent-puluz","12":"first","13":"outofstock","14":"taxable","15":"shipping-taxable","16":"purchasable","17":"product-type-simple"},"acf":[],"yoast_head":"<!-- This site is optimized with the Yoast SEO plugin v27.2 - https:\/\/yoast.com\/product\/yoast-seo-wordpress\/ -->\n<title>Namiot bezcieniowy PULUZ PU5083 80cm - IRONSKY.PL Sklep z Dronami<\/title>\n<meta name=\"description\" content=\"Namiot bezcieniowy PULUZ PU5083 80cm - \u2705 sklep z dronami i fachowym doradztwem. \u2705 Tutaj kupisz produkty DJI, Yuneec, Parrot, Syma i wiele innych, a tak\u017ce kursy i licencje na operatora drona.\" \/>\n<meta name=\"robots\" content=\"index, follow, max-snippet:-1, max-image-preview:large, max-video-preview:-1\" \/>\n<link rel=\"canonical\" href=\"https:\/\/ironsky.pl\/sklep\/produkt\/namiot-bezcieniowy-puluz-pu5083-80cm\/\" \/>\n<meta property=\"og:locale\" content=\"pl_PL\" \/>\n<meta property=\"og:type\" content=\"article\" \/>\n<meta property=\"og:title\" content=\"Namiot bezcieniowy PULUZ PU5083 80cm - IRONSKY.PL Sklep z Dronami\" \/>\n<meta property=\"og:description\" content=\"Namiot bezcieniowy PULUZ PU5083 80cm - \u2705 sklep z dronami i fachowym doradztwem. \u2705 Tutaj kupisz produkty DJI, Yuneec, Parrot, Syma i wiele innych, a tak\u017ce kursy i licencje na operatora drona.\" \/>\n<meta property=\"og:url\" content=\"https:\/\/ironsky.pl\/sklep\/produkt\/namiot-bezcieniowy-puluz-pu5083-80cm\/\" \/>\n<meta property=\"og:site_name\" content=\"IRONSKY.PL Sklep z Dronami\" \/>\n<meta property=\"article:modified_time\" content=\"2026-04-15T08:41:27+00:00\" \/>\n<meta property=\"og:image\" content=\"https:\/\/ironsky.pl\/sklep\/wp-content\/uploads\/2026\/04\/43530_2.jpg\" \/>\n\t<meta property=\"og:image:width\" content=\"800\" \/>\n\t<meta property=\"og:image:height\" content=\"800\" \/>\n\t<meta property=\"og:image:type\" content=\"image\/jpeg\" \/>\n<meta name=\"twitter:card\" content=\"summary_large_image\" \/>\n<meta name=\"twitter:label1\" content=\"Szacowany czas czytania\" \/>\n\t<meta name=\"twitter:data1\" content=\"2 minuty\" \/>\n<script type=\"application\/ld+json\" class=\"yoast-schema-graph\">{\"@context\":\"https:\/\/schema.org\",\"@graph\":[{\"@type\":\"WebPage\",\"@id\":\"https:\/\/ironsky.pl\/sklep\/produkt\/namiot-bezcieniowy-puluz-pu5083-80cm\/\",\"url\":\"https:\/\/ironsky.pl\/sklep\/produkt\/namiot-bezcieniowy-puluz-pu5083-80cm\/\",\"name\":\"Namiot bezcieniowy PULUZ PU5083 80cm - IRONSKY.PL Sklep z Dronami\",\"isPartOf\":{\"@id\":\"https:\/\/ironsky.pl\/sklep\/#website\"},\"primaryImageOfPage\":{\"@id\":\"https:\/\/ironsky.pl\/sklep\/produkt\/namiot-bezcieniowy-puluz-pu5083-80cm\/#primaryimage\"},\"image\":{\"@id\":\"https:\/\/ironsky.pl\/sklep\/produkt\/namiot-bezcieniowy-puluz-pu5083-80cm\/#primaryimage\"},\"thumbnailUrl\":\"https:\/\/ironsky.pl\/sklep\/wp-content\/uploads\/2026\/04\/43530_2.jpg\",\"datePublished\":\"2026-04-15T08:41:13+00:00\",\"dateModified\":\"2026-04-15T08:41:27+00:00\",\"description\":\"Namiot bezcieniowy PULUZ PU5083 80cm - \u2705 sklep z dronami i fachowym doradztwem. \u2705 Tutaj kupisz produkty DJI, Yuneec, Parrot, Syma i wiele innych, a tak\u017ce kursy i licencje na operatora drona.\",\"breadcrumb\":{\"@id\":\"https:\/\/ironsky.pl\/sklep\/produkt\/namiot-bezcieniowy-puluz-pu5083-80cm\/#breadcrumb\"},\"inLanguage\":\"pl-PL\",\"potentialAction\":[{\"@type\":\"ReadAction\",\"target\":[\"https:\/\/ironsky.pl\/sklep\/produkt\/namiot-bezcieniowy-puluz-pu5083-80cm\/\"]}]},{\"@type\":\"ImageObject\",\"inLanguage\":\"pl-PL\",\"@id\":\"https:\/\/ironsky.pl\/sklep\/produkt\/namiot-bezcieniowy-puluz-pu5083-80cm\/#primaryimage\",\"url\":\"https:\/\/ironsky.pl\/sklep\/wp-content\/uploads\/2026\/04\/43530_2.jpg\",\"contentUrl\":\"https:\/\/ironsky.pl\/sklep\/wp-content\/uploads\/2026\/04\/43530_2.jpg\",\"width\":800,\"height\":800},{\"@type\":\"BreadcrumbList\",\"@id\":\"https:\/\/ironsky.pl\/sklep\/produkt\/namiot-bezcieniowy-puluz-pu5083-80cm\/#breadcrumb\",\"itemListElement\":[{\"@type\":\"ListItem\",\"position\":1,\"name\":\"Strona g\u0142\u00f3wna\",\"item\":\"https:\/\/ironsky.pl\/sklep\/\"},{\"@type\":\"ListItem\",\"position\":2,\"name\":\"Wszystkie produkty\",\"item\":\"https:\/\/ironsky.pl\/sklep\/produkty\/\"},{\"@type\":\"ListItem\",\"position\":3,\"name\":\"Namiot bezcieniowy PULUZ PU5083 80cm\"}]},{\"@type\":\"WebSite\",\"@id\":\"https:\/\/ironsky.pl\/sklep\/#website\",\"url\":\"https:\/\/ironsky.pl\/sklep\/\",\"name\":\"IRONSKY.PL Sklep z Dronami\",\"description\":\"IRONSKY.PL Sklep z Dronami\",\"potentialAction\":[{\"@type\":\"SearchAction\",\"target\":{\"@type\":\"EntryPoint\",\"urlTemplate\":\"https:\/\/ironsky.pl\/sklep\/?s={search_term_string}\"},\"query-input\":{\"@type\":\"PropertyValueSpecification\",\"valueRequired\":true,\"valueName\":\"search_term_string\"}}],\"inLanguage\":\"pl-PL\"}]}<\/script>\n<!-- \/ Yoast SEO plugin. -->","yoast_head_json":{"title":"Namiot bezcieniowy PULUZ PU5083 80cm - IRONSKY.PL Sklep z Dronami","description":"Namiot bezcieniowy PULUZ PU5083 80cm - \u2705 sklep z dronami i fachowym doradztwem. \u2705 Tutaj kupisz produkty DJI, Yuneec, Parrot, Syma i wiele innych, a tak\u017ce kursy i licencje na operatora drona.","robots":{"index":"index","follow":"follow","max-snippet":"max-snippet:-1","max-image-preview":"max-image-preview:large","max-video-preview":"max-video-preview:-1"},"canonical":"https:\/\/ironsky.pl\/sklep\/produkt\/namiot-bezcieniowy-puluz-pu5083-80cm\/","og_locale":"pl_PL","og_type":"article","og_title":"Namiot bezcieniowy PULUZ PU5083 80cm - IRONSKY.PL Sklep z Dronami","og_description":"Namiot bezcieniowy PULUZ PU5083 80cm - \u2705 sklep z dronami i fachowym doradztwem. \u2705 Tutaj kupisz produkty DJI, Yuneec, Parrot, Syma i wiele innych, a tak\u017ce kursy i licencje na operatora drona.","og_url":"https:\/\/ironsky.pl\/sklep\/produkt\/namiot-bezcieniowy-puluz-pu5083-80cm\/","og_site_name":"IRONSKY.PL Sklep z Dronami","article_modified_time":"2026-04-15T08:41:27+00:00","og_image":[{"width":800,"height":800,"url":"https:\/\/ironsky.pl\/sklep\/wp-content\/uploads\/2026\/04\/43530_2.jpg","type":"image\/jpeg"}],"twitter_card":"summary_large_image","twitter_misc":{"Szacowany czas czytania":"2 minuty"},"schema":{"@context":"https:\/\/schema.org","@graph":[{"@type":"WebPage","@id":"https:\/\/ironsky.pl\/sklep\/produkt\/namiot-bezcieniowy-puluz-pu5083-80cm\/","url":"https:\/\/ironsky.pl\/sklep\/produkt\/namiot-bezcieniowy-puluz-pu5083-80cm\/","name":"Namiot bezcieniowy PULUZ PU5083 80cm - IRONSKY.PL Sklep z Dronami","isPartOf":{"@id":"https:\/\/ironsky.pl\/sklep\/#website"},"primaryImageOfPage":{"@id":"https:\/\/ironsky.pl\/sklep\/produkt\/namiot-bezcieniowy-puluz-pu5083-80cm\/#primaryimage"},"image":{"@id":"https:\/\/ironsky.pl\/sklep\/produkt\/namiot-bezcieniowy-puluz-pu5083-80cm\/#primaryimage"},"thumbnailUrl":"https:\/\/ironsky.pl\/sklep\/wp-content\/uploads\/2026\/04\/43530_2.jpg","datePublished":"2026-04-15T08:41:13+00:00","dateModified":"2026-04-15T08:41:27+00:00","description":"Namiot bezcieniowy PULUZ PU5083 80cm - \u2705 sklep z dronami i fachowym doradztwem. \u2705 Tutaj kupisz produkty DJI, Yuneec, Parrot, Syma i wiele innych, a tak\u017ce kursy i licencje na operatora drona.","breadcrumb":{"@id":"https:\/\/ironsky.pl\/sklep\/produkt\/namiot-bezcieniowy-puluz-pu5083-80cm\/#breadcrumb"},"inLanguage":"pl-PL","potentialAction":[{"@type":"ReadAction","target":["https:\/\/ironsky.pl\/sklep\/produkt\/namiot-bezcieniowy-puluz-pu5083-80cm\/"]}]},{"@type":"ImageObject","inLanguage":"pl-PL","@id":"https:\/\/ironsky.pl\/sklep\/produkt\/namiot-bezcieniowy-puluz-pu5083-80cm\/#primaryimage","url":"https:\/\/ironsky.pl\/sklep\/wp-content\/uploads\/2026\/04\/43530_2.jpg","contentUrl":"https:\/\/ironsky.pl\/sklep\/wp-content\/uploads\/2026\/04\/43530_2.jpg","width":800,"height":800},{"@type":"BreadcrumbList","@id":"https:\/\/ironsky.pl\/sklep\/produkt\/namiot-bezcieniowy-puluz-pu5083-80cm\/#breadcrumb","itemListElement":[{"@type":"ListItem","position":1,"name":"Strona g\u0142\u00f3wna","item":"https:\/\/ironsky.pl\/sklep\/"},{"@type":"ListItem","position":2,"name":"Wszystkie produkty","item":"https:\/\/ironsky.pl\/sklep\/produkty\/"},{"@type":"ListItem","position":3,"name":"Namiot bezcieniowy PULUZ PU5083 80cm"}]},{"@type":"WebSite","@id":"https:\/\/ironsky.pl\/sklep\/#website","url":"https:\/\/ironsky.pl\/sklep\/","name":"IRONSKY.PL Sklep z Dronami","description":"IRONSKY.PL Sklep z Dronami","potentialAction":[{"@type":"SearchAction","target":{"@type":"EntryPoint","urlTemplate":"https:\/\/ironsky.pl\/sklep\/?s={search_term_string}"},"query-input":{"@type":"PropertyValueSpecification","valueRequired":true,"valueName":"search_term_string"}}],"inLanguage":"pl-PL"}]}},"_links":{"self":[{"href":"https:\/\/ironsky.pl\/sklep\/wp-json\/wp\/v2\/product\/58879","targetHints":{"allow":["GET"]}}],"collection":[{"href":"https:\/\/ironsky.pl\/sklep\/wp-json\/wp\/v2\/product"}],"about":[{"href":"https:\/\/ironsky.pl\/sklep\/wp-json\/wp\/v2\/types\/product"}],"replies":[{"embeddable":true,"href":"https:\/\/ironsky.pl\/sklep\/wp-json\/wp\/v2\/comments?post=58879"}],"wp:featuredmedia":[{"embeddable":true,"href":"https:\/\/ironsky.pl\/sklep\/wp-json\/wp\/v2\/media\/58880"}],"wp:attachment":[{"href":"https:\/\/ironsky.pl\/sklep\/wp-json\/wp\/v2\/media?parent=58879"}],"wp:term":[{"taxonomy":"product_brand","embeddable":true,"href":"https:\/\/ironsky.pl\/sklep\/wp-json\/wp\/v2\/product_brand?post=58879"},{"taxonomy":"product_cat","embeddable":true,"href":"https:\/\/ironsky.pl\/sklep\/wp-json\/wp\/v2\/product_cat?post=58879"},{"taxonomy":"product_tag","embeddable":true,"href":"https:\/\/ironsky.pl\/sklep\/wp-json\/wp\/v2\/product_tag?post=58879"}],"curies":[{"name":"wp","href":"https:\/\/api.w.org\/{rel}","templated":true}]}}