{"id":58867,"date":"2026-04-15T10:41:13","date_gmt":"2026-04-15T08:41:13","guid":{"rendered":"https:\/\/ironsky.pl\/sklep\/produkt\/obudowa-wodoodporna-puluz-insta360-x4-50m\/"},"modified":"2026-04-15T10:41:21","modified_gmt":"2026-04-15T08:41:21","slug":"obudowa-wodoodporna-puluz-insta360-x4-50m","status":"publish","type":"product","link":"https:\/\/ironsky.pl\/sklep\/produkt\/obudowa-wodoodporna-puluz-insta360-x4-50m\/","title":{"rendered":"Obudowa wodoodporna PULUZ Insta360 X4 50m"},"content":{"rendered":"<h3>Obudowa wodoodporna PULUZ do Insta360 X4<\/h3>\n<p>Zapewnij swojej kamerze Insta360 X4 niezawodn\u0105 ochron\u0119 nawet w najtrudniejszych warunkach dzi\u0119ki obudowie wodoodpornej PULUZ. To praktyczne akcesorium idealnie nadaje si\u0119 do nurkowania, snorkelingu, p\u0142ywania i innych sport\u00f3w wodnych, zapewniaj\u0105c pe\u0142n\u0105 ochron\u0119 przed wod\u0105 do g\u0142\u0119boko\u015bci 50 metr\u00f3w.<\/p>\n<p>\n<img decoding=\"async\" src=\"https:\/\/assets.innpro.pl\/6664\/7769\/3.jpg\" border=\"0\" \/>\n<\/p>\n<h3>Wytrzyma\u0142a konstrukcja i doskona\u0142a ochrona<\/h3>\n<p>Akcesorium powsta\u0142o z hartowanego PC, co zapewnia mu odporno\u015b\u0107 na zarysowania, odpryski i odciski palc\u00f3w. Wyr\u00f3\u017cnia je tak\u017ce soczewka wykonana z PMMA o przepuszczalno\u015bci \u015bwiat\u0142a 95%, kt\u00f3ra po pokryciu pow\u0142ok\u0105 antyrefleksyjn\u0105 AR osi\u0105ga 98%, co gwarantuje doskona\u0142\u0105 jako\u015b\u0107 obrazu. Dodatkowo ma ona specjaln\u0105 pow\u0142ok\u0119 AS, dzi\u0119ki kt\u00f3rej jest odporna na wod\u0119 i odciski palc\u00f3w. Jej dodatkowym atutem jest twardo\u015b\u0107 5H, kt\u00f3ra jest por\u00f3wnywalna z twardo\u015bci\u0105 zwyk\u0142ego szk\u0142a i zapewnia niezawodn\u0105 ochron\u0119 przed uszkodzeniami mechanicznymi.<\/p>\n<p>\n<img decoding=\"async\" src=\"https:\/\/assets.innpro.pl\/6664\/7769\/1.jpg\" border=\"0\" \/>\n<\/p>\n<h3>Tw\u00f3rz fantastyczne uj\u0119cia 360\u00b0<\/h3>\n<p>Obudowa pozostaje niewidoczna na uj\u0119ciach w pe\u0142nym zakresie 360\u00b0, eliminuj\u0105c wszystkie martwe punkty. Unikalny, optyczny i sferyczny design soczewki umo\u017cliwia bezproblemowe tworzenie panoramicznych uj\u0119\u0107 pod wod\u0105. Uchwy\u0107 pi\u0119kno podwodnego \u015bwiata i stw\u00f3rz mn\u00f3stwo wspania\u0142ych uj\u0119\u0107!<\/p>\n<p>\n<img decoding=\"async\" src=\"https:\/\/assets.innpro.pl\/6664\/7769\/5.jpg\" border=\"0\" \/>\n<\/p>\n<h3>Wodoodporno\u015b\u0107 do 50 m<\/h3>\n<p>Obudowa zosta\u0142a zaprojektowana w taki spos\u00f3b, aby zapewnia\u0107 pe\u0142n\u0105 wodoodporno\u015b\u0107 do g\u0142\u0119boko\u015bci 50 metr\u00f3w, co czyni j\u0105 idealnym wyborem dla wszystkich entuzjast\u00f3w sport\u00f3w wodnych. Teraz mo\u017cesz bez obaw zanurzy\u0107 swoj\u0105 kamer\u0119 i nagra\u0107 wyj\u0105tkowe uj\u0119cie! Akcesorium jest te\u017c bardzo proste w instalacji i demonta\u017cu, co pozwala w mgnieniu oka przygotowa\u0107 si\u0119 do filmowania.<\/p>\n<p>\n<img decoding=\"async\" src=\"https:\/\/assets.innpro.pl\/6664\/7769\/4.jpg\" border=\"0\" \/>\n<\/p>\n<h3>W zestawie<\/h3>\n<ul class=\"list-disc pl-5\">\n<li>Obudowa wodoodporna<\/li>\n<li>Adapter<\/li>\n<li>D\u0142uga \u015bruba<\/li>\n<li>Ma\u0142y klucz<\/li>\n<li>Torba do przechowywania<\/li>\n<li>Chusteczka nas\u0105czona alkoholem (3-pak, \u0142\u0105cznie 6 sztuk)<\/li>\n<li>Wk\u0142ady przeciwmgielne (4-pak, \u0142\u0105cznie 24 sztuki)<\/li>\n<\/ul>\n<div class=\"table-wrapper\">\n<p>\u00a0<\/p>\n<h3><\/h3>\n<table>\n<tbody>\n<tr>\n<th>Producent<\/th>\n<td>PULUZ<\/td>\n<\/tr>\n<tr>\n<th>Model<\/th>\n<td>PU977T<\/td>\n<\/tr>\n<tr>\n<th>Materia\u0142<\/th>\n<td>Hartowane PC + PMMA + silikon + stal nierdzewna<\/td>\n<\/tr>\n<tr>\n<th>Wymiary<\/th>\n<td>8,77 x 8,92 x 16,5 cm<\/td>\n<\/tr>\n<tr>\n<th>Wodoodporno\u015b\u0107<\/th>\n<td>Do 50 m<\/td>\n<\/tr>\n<tr>\n<th>Kompatybilno\u015b\u0107<\/th>\n<td>Insta360 X4<\/td>\n<\/tr>\n<\/tbody>\n<\/table>\n<\/div>\n","protected":false},"excerpt":{"rendered":"<p>Obudowa wodoodporna PULUZ do Insta360 X4 Zapewnij swojej kamerze Insta360 X4 niezawodn\u0105 ochron\u0119 nawet w najtrudniejszych warunkach dzi\u0119ki obudowie wodoodpornej<\/p>\n","protected":false},"featured_media":58868,"comment_status":"closed","ping_status":"open","template":"","meta":{"_acf_changed":false},"product_brand":[],"product_cat":[1130,1137,1128],"product_tag":[],"class_list":{"0":"post-58867","1":"product","2":"type-product","3":"status-publish","4":"has-post-thumbnail","6":"product_cat-akcesoria-foto","7":"product_cat-do-kamer-sportowych","8":"product_cat-foto-wideo","9":"pa_okres-gwarancji-5754","10":"pa_producent-puluz","12":"first","13":"outofstock","14":"taxable","15":"shipping-taxable","16":"purchasable","17":"product-type-simple"},"acf":[],"yoast_head":"<!-- This site is optimized with the Yoast SEO plugin v27.2 - https:\/\/yoast.com\/product\/yoast-seo-wordpress\/ -->\n<title>Obudowa wodoodporna PULUZ Insta360 X4 50m - IRONSKY.PL Sklep z Dronami<\/title>\n<meta name=\"description\" content=\"Obudowa wodoodporna PULUZ Insta360 X4 50m - \u2705 sklep z dronami i fachowym doradztwem. \u2705 Tutaj kupisz produkty DJI, Yuneec, Parrot, Syma i wiele innych, a tak\u017ce kursy i licencje na operatora drona.\" \/>\n<meta name=\"robots\" content=\"index, follow, max-snippet:-1, max-image-preview:large, max-video-preview:-1\" \/>\n<link rel=\"canonical\" href=\"https:\/\/ironsky.pl\/sklep\/produkt\/obudowa-wodoodporna-puluz-insta360-x4-50m\/\" \/>\n<meta property=\"og:locale\" content=\"pl_PL\" \/>\n<meta property=\"og:type\" content=\"article\" \/>\n<meta property=\"og:title\" content=\"Obudowa wodoodporna PULUZ Insta360 X4 50m - IRONSKY.PL Sklep z Dronami\" \/>\n<meta property=\"og:description\" content=\"Obudowa wodoodporna PULUZ Insta360 X4 50m - \u2705 sklep z dronami i fachowym doradztwem. \u2705 Tutaj kupisz produkty DJI, Yuneec, Parrot, Syma i wiele innych, a tak\u017ce kursy i licencje na operatora drona.\" \/>\n<meta property=\"og:url\" content=\"https:\/\/ironsky.pl\/sklep\/produkt\/obudowa-wodoodporna-puluz-insta360-x4-50m\/\" \/>\n<meta property=\"og:site_name\" content=\"IRONSKY.PL Sklep z Dronami\" \/>\n<meta property=\"article:modified_time\" content=\"2026-04-15T08:41:21+00:00\" \/>\n<meta property=\"og:image\" content=\"https:\/\/ironsky.pl\/sklep\/wp-content\/uploads\/2026\/04\/43523_1.jpg\" \/>\n\t<meta property=\"og:image:width\" content=\"800\" \/>\n\t<meta property=\"og:image:height\" content=\"800\" \/>\n\t<meta property=\"og:image:type\" content=\"image\/jpeg\" \/>\n<meta name=\"twitter:card\" content=\"summary_large_image\" \/>\n<meta name=\"twitter:label1\" content=\"Szacowany czas czytania\" \/>\n\t<meta name=\"twitter:data1\" content=\"1 minuta\" \/>\n<script type=\"application\/ld+json\" class=\"yoast-schema-graph\">{\"@context\":\"https:\/\/schema.org\",\"@graph\":[{\"@type\":\"WebPage\",\"@id\":\"https:\/\/ironsky.pl\/sklep\/produkt\/obudowa-wodoodporna-puluz-insta360-x4-50m\/\",\"url\":\"https:\/\/ironsky.pl\/sklep\/produkt\/obudowa-wodoodporna-puluz-insta360-x4-50m\/\",\"name\":\"Obudowa wodoodporna PULUZ Insta360 X4 50m - IRONSKY.PL Sklep z Dronami\",\"isPartOf\":{\"@id\":\"https:\/\/ironsky.pl\/sklep\/#website\"},\"primaryImageOfPage\":{\"@id\":\"https:\/\/ironsky.pl\/sklep\/produkt\/obudowa-wodoodporna-puluz-insta360-x4-50m\/#primaryimage\"},\"image\":{\"@id\":\"https:\/\/ironsky.pl\/sklep\/produkt\/obudowa-wodoodporna-puluz-insta360-x4-50m\/#primaryimage\"},\"thumbnailUrl\":\"https:\/\/ironsky.pl\/sklep\/wp-content\/uploads\/2026\/04\/43523_1.jpg\",\"datePublished\":\"2026-04-15T08:41:13+00:00\",\"dateModified\":\"2026-04-15T08:41:21+00:00\",\"description\":\"Obudowa wodoodporna PULUZ Insta360 X4 50m - \u2705 sklep z dronami i fachowym doradztwem. \u2705 Tutaj kupisz produkty DJI, Yuneec, Parrot, Syma i wiele innych, a tak\u017ce kursy i licencje na operatora drona.\",\"breadcrumb\":{\"@id\":\"https:\/\/ironsky.pl\/sklep\/produkt\/obudowa-wodoodporna-puluz-insta360-x4-50m\/#breadcrumb\"},\"inLanguage\":\"pl-PL\",\"potentialAction\":[{\"@type\":\"ReadAction\",\"target\":[\"https:\/\/ironsky.pl\/sklep\/produkt\/obudowa-wodoodporna-puluz-insta360-x4-50m\/\"]}]},{\"@type\":\"ImageObject\",\"inLanguage\":\"pl-PL\",\"@id\":\"https:\/\/ironsky.pl\/sklep\/produkt\/obudowa-wodoodporna-puluz-insta360-x4-50m\/#primaryimage\",\"url\":\"https:\/\/ironsky.pl\/sklep\/wp-content\/uploads\/2026\/04\/43523_1.jpg\",\"contentUrl\":\"https:\/\/ironsky.pl\/sklep\/wp-content\/uploads\/2026\/04\/43523_1.jpg\",\"width\":800,\"height\":800},{\"@type\":\"BreadcrumbList\",\"@id\":\"https:\/\/ironsky.pl\/sklep\/produkt\/obudowa-wodoodporna-puluz-insta360-x4-50m\/#breadcrumb\",\"itemListElement\":[{\"@type\":\"ListItem\",\"position\":1,\"name\":\"Strona g\u0142\u00f3wna\",\"item\":\"https:\/\/ironsky.pl\/sklep\/\"},{\"@type\":\"ListItem\",\"position\":2,\"name\":\"Wszystkie produkty\",\"item\":\"https:\/\/ironsky.pl\/sklep\/produkty\/\"},{\"@type\":\"ListItem\",\"position\":3,\"name\":\"Obudowa wodoodporna PULUZ Insta360 X4 50m\"}]},{\"@type\":\"WebSite\",\"@id\":\"https:\/\/ironsky.pl\/sklep\/#website\",\"url\":\"https:\/\/ironsky.pl\/sklep\/\",\"name\":\"IRONSKY.PL Sklep z Dronami\",\"description\":\"IRONSKY.PL Sklep z Dronami\",\"potentialAction\":[{\"@type\":\"SearchAction\",\"target\":{\"@type\":\"EntryPoint\",\"urlTemplate\":\"https:\/\/ironsky.pl\/sklep\/?s={search_term_string}\"},\"query-input\":{\"@type\":\"PropertyValueSpecification\",\"valueRequired\":true,\"valueName\":\"search_term_string\"}}],\"inLanguage\":\"pl-PL\"}]}<\/script>\n<!-- \/ Yoast SEO plugin. -->","yoast_head_json":{"title":"Obudowa wodoodporna PULUZ Insta360 X4 50m - IRONSKY.PL Sklep z Dronami","description":"Obudowa wodoodporna PULUZ Insta360 X4 50m - \u2705 sklep z dronami i fachowym doradztwem. \u2705 Tutaj kupisz produkty DJI, Yuneec, Parrot, Syma i wiele innych, a tak\u017ce kursy i licencje na operatora drona.","robots":{"index":"index","follow":"follow","max-snippet":"max-snippet:-1","max-image-preview":"max-image-preview:large","max-video-preview":"max-video-preview:-1"},"canonical":"https:\/\/ironsky.pl\/sklep\/produkt\/obudowa-wodoodporna-puluz-insta360-x4-50m\/","og_locale":"pl_PL","og_type":"article","og_title":"Obudowa wodoodporna PULUZ Insta360 X4 50m - IRONSKY.PL Sklep z Dronami","og_description":"Obudowa wodoodporna PULUZ Insta360 X4 50m - \u2705 sklep z dronami i fachowym doradztwem. \u2705 Tutaj kupisz produkty DJI, Yuneec, Parrot, Syma i wiele innych, a tak\u017ce kursy i licencje na operatora drona.","og_url":"https:\/\/ironsky.pl\/sklep\/produkt\/obudowa-wodoodporna-puluz-insta360-x4-50m\/","og_site_name":"IRONSKY.PL Sklep z Dronami","article_modified_time":"2026-04-15T08:41:21+00:00","og_image":[{"width":800,"height":800,"url":"https:\/\/ironsky.pl\/sklep\/wp-content\/uploads\/2026\/04\/43523_1.jpg","type":"image\/jpeg"}],"twitter_card":"summary_large_image","twitter_misc":{"Szacowany czas czytania":"1 minuta"},"schema":{"@context":"https:\/\/schema.org","@graph":[{"@type":"WebPage","@id":"https:\/\/ironsky.pl\/sklep\/produkt\/obudowa-wodoodporna-puluz-insta360-x4-50m\/","url":"https:\/\/ironsky.pl\/sklep\/produkt\/obudowa-wodoodporna-puluz-insta360-x4-50m\/","name":"Obudowa wodoodporna PULUZ Insta360 X4 50m - IRONSKY.PL Sklep z Dronami","isPartOf":{"@id":"https:\/\/ironsky.pl\/sklep\/#website"},"primaryImageOfPage":{"@id":"https:\/\/ironsky.pl\/sklep\/produkt\/obudowa-wodoodporna-puluz-insta360-x4-50m\/#primaryimage"},"image":{"@id":"https:\/\/ironsky.pl\/sklep\/produkt\/obudowa-wodoodporna-puluz-insta360-x4-50m\/#primaryimage"},"thumbnailUrl":"https:\/\/ironsky.pl\/sklep\/wp-content\/uploads\/2026\/04\/43523_1.jpg","datePublished":"2026-04-15T08:41:13+00:00","dateModified":"2026-04-15T08:41:21+00:00","description":"Obudowa wodoodporna PULUZ Insta360 X4 50m - \u2705 sklep z dronami i fachowym doradztwem. \u2705 Tutaj kupisz produkty DJI, Yuneec, Parrot, Syma i wiele innych, a tak\u017ce kursy i licencje na operatora drona.","breadcrumb":{"@id":"https:\/\/ironsky.pl\/sklep\/produkt\/obudowa-wodoodporna-puluz-insta360-x4-50m\/#breadcrumb"},"inLanguage":"pl-PL","potentialAction":[{"@type":"ReadAction","target":["https:\/\/ironsky.pl\/sklep\/produkt\/obudowa-wodoodporna-puluz-insta360-x4-50m\/"]}]},{"@type":"ImageObject","inLanguage":"pl-PL","@id":"https:\/\/ironsky.pl\/sklep\/produkt\/obudowa-wodoodporna-puluz-insta360-x4-50m\/#primaryimage","url":"https:\/\/ironsky.pl\/sklep\/wp-content\/uploads\/2026\/04\/43523_1.jpg","contentUrl":"https:\/\/ironsky.pl\/sklep\/wp-content\/uploads\/2026\/04\/43523_1.jpg","width":800,"height":800},{"@type":"BreadcrumbList","@id":"https:\/\/ironsky.pl\/sklep\/produkt\/obudowa-wodoodporna-puluz-insta360-x4-50m\/#breadcrumb","itemListElement":[{"@type":"ListItem","position":1,"name":"Strona g\u0142\u00f3wna","item":"https:\/\/ironsky.pl\/sklep\/"},{"@type":"ListItem","position":2,"name":"Wszystkie produkty","item":"https:\/\/ironsky.pl\/sklep\/produkty\/"},{"@type":"ListItem","position":3,"name":"Obudowa wodoodporna PULUZ Insta360 X4 50m"}]},{"@type":"WebSite","@id":"https:\/\/ironsky.pl\/sklep\/#website","url":"https:\/\/ironsky.pl\/sklep\/","name":"IRONSKY.PL Sklep z Dronami","description":"IRONSKY.PL Sklep z Dronami","potentialAction":[{"@type":"SearchAction","target":{"@type":"EntryPoint","urlTemplate":"https:\/\/ironsky.pl\/sklep\/?s={search_term_string}"},"query-input":{"@type":"PropertyValueSpecification","valueRequired":true,"valueName":"search_term_string"}}],"inLanguage":"pl-PL"}]}},"_links":{"self":[{"href":"https:\/\/ironsky.pl\/sklep\/wp-json\/wp\/v2\/product\/58867","targetHints":{"allow":["GET"]}}],"collection":[{"href":"https:\/\/ironsky.pl\/sklep\/wp-json\/wp\/v2\/product"}],"about":[{"href":"https:\/\/ironsky.pl\/sklep\/wp-json\/wp\/v2\/types\/product"}],"replies":[{"embeddable":true,"href":"https:\/\/ironsky.pl\/sklep\/wp-json\/wp\/v2\/comments?post=58867"}],"wp:featuredmedia":[{"embeddable":true,"href":"https:\/\/ironsky.pl\/sklep\/wp-json\/wp\/v2\/media\/58868"}],"wp:attachment":[{"href":"https:\/\/ironsky.pl\/sklep\/wp-json\/wp\/v2\/media?parent=58867"}],"wp:term":[{"taxonomy":"product_brand","embeddable":true,"href":"https:\/\/ironsky.pl\/sklep\/wp-json\/wp\/v2\/product_brand?post=58867"},{"taxonomy":"product_cat","embeddable":true,"href":"https:\/\/ironsky.pl\/sklep\/wp-json\/wp\/v2\/product_cat?post=58867"},{"taxonomy":"product_tag","embeddable":true,"href":"https:\/\/ironsky.pl\/sklep\/wp-json\/wp\/v2\/product_tag?post=58867"}],"curies":[{"name":"wp","href":"https:\/\/api.w.org\/{rel}","templated":true}]}}