{"id":58860,"date":"2026-04-15T10:41:13","date_gmt":"2026-04-15T08:41:13","guid":{"rendered":"https:\/\/ironsky.pl\/sklep\/produkt\/selfie-stick-metalowy-puluz-110cm-gwint-1-4\/"},"modified":"2026-04-15T10:41:17","modified_gmt":"2026-04-15T08:41:17","slug":"selfie-stick-metalowy-puluz-110cm-gwint-1-4","status":"publish","type":"product","link":"https:\/\/ironsky.pl\/sklep\/produkt\/selfie-stick-metalowy-puluz-110cm-gwint-1-4\/","title":{"rendered":"Selfie stick metalowy PULUZ 110cm gwint 1\/4"},"content":{"rendered":"<h3>Metalowy uchwyt selfie Puluz 110 cm do kamer sportowych (m.in Osmo Action 5 Pro, Insta360 X5 \/ X4 \/ X3)<\/h3>\n<p>Zapewnij sobie wszechstronno\u015b\u0107 i wygod\u0119 podczas nagrywania dzi\u0119ki metalowemu uchwytowi selfie marki PULUZ. Ten wytrzyma\u0142y i lekki selfie stick, wykonany ze stopu aluminium, jest idealny do kamer sportowych i panoramicznych, takich jak DJI, Insta360 i GoPro. Oferuje 5-stopniow\u0105 regulacj\u0119 d\u0142ugo\u015bci i jest bardzo wygodny w u\u017cyciu.<\/p>\n<p>\n<img decoding=\"async\" src=\"https:\/\/assets.innpro.pl\/6666\/7771\/2.jpg\" border=\"0\" alt=\"\" \/>\n<\/p>\n<h3>Przemy\u015blana konstrukcja<\/h3>\n<p>Uchwyt PULUZ powsta\u0142 z wysokiej jako\u015bci stopu aluminium, co zapewnia mu trwa\u0142o\u015b\u0107 i wytrzyma\u0142o\u015b\u0107. Grubsza konstrukcja rury pozwala cieszy\u0107 si\u0119 wi\u0119kszym ud\u017awigiem i korzysta\u0107 z wielu r\u00f3\u017cnych urz\u0105dze\u0144, a proces anodowania sprawia, \u017ce ca\u0142a powierzchnia jest odporna na zarysowania i korozj\u0119. Ponadto gumowa, antypo\u015blizgowa r\u0119koje\u015b\u0107 gwarantuje pewny chwyt i komfort u\u017cytkowania, jednocze\u015bnie zapobiegaj\u0105c poceniu si\u0119 d\u0142oni.<\/p>\n<p>\n<img decoding=\"async\" src=\"https:\/\/assets.innpro.pl\/6666\/7771\/6.jpg\" border=\"0\" alt=\"\" \/>\n<\/p>\n<h3>Regulowana d\u0142ugo\u015b\u0107<\/h3>\n<p>Uchwyt pozwala na 5-stopniow\u0105 regulacj\u0119 d\u0142ugo\u015bci od 28 cm do a\u017c 111 cm. Ka\u017cdy segment mo\u017cna zablokowa\u0107 indywidualnie, co umo\u017cliwia precyzyjne dostosowanie akcesorium do potrzeb u\u017cytkownika. Dzi\u0119ki temu selfie stick jest niezwykle wszechstronny i sprawdza si\u0119 w wielu r\u00f3\u017cnych sytuacjach. Idealnie nadaje si\u0119 do robienia selfie, zdj\u0119\u0107 panoramicznych i nie tylko!<\/p>\n<p>\n<img decoding=\"async\" src=\"https:\/\/assets.innpro.pl\/6666\/7771\/4.jpg\" border=\"0\" alt=\"\" \/>\n<\/p>\n<h3>Uniwersalne mocowanie<\/h3>\n<p>Podstawa uchwytu wyposa\u017cona jest w otw\u00f3r 1\/4 cala, co umo\u017cliwia pod\u0142\u0105czenie go do statywu lub przed\u0142u\u017cenia. Co wi\u0119cej, w jego g\u00f3rnej cz\u0119\u015bci znajduje si\u0119 \u015bruba 1\/4 cala, do kt\u00f3rej da si\u0119 pod\u0142\u0105czy\u0107 kamer\u0119, uchwyt na telefon lub adapter. Dzi\u0119ki temu mo\u017cesz swobodnie korzysta\u0107 z wielu r\u00f3\u017cnych urz\u0105dze\u0144 i akcesori\u00f3w.<\/p>\n<p>\n<img decoding=\"async\" src=\"https:\/\/assets.innpro.pl\/6666\/7771\/1.jpg\" border=\"0\" alt=\"\" \/>\n<\/p>\n<h3>Praktyczny i funkcjonalny<\/h3>\n<p>Po z\u0142o\u017ceniu d\u0142ugo\u015b\u0107 uchwytu wynosi tylko 28 cm, co sprawia, \u017ce jest on bardzo \u0142atwy do przenoszenia i przechowywania. To czyni go idealnym towarzyszem podr\u00f3\u017cy i aktywno\u015bci na \u015bwie\u017cym powietrzu! Dodatkowo selfie stick wyr\u00f3\u017cnia si\u0119 szerok\u0105 kompatybilno\u015bci\u0105 \u2013 doskonale pasuje do wielu kamer sportowych i panoramicznych znanych marek, takich jak DJI, GoPro czy Insta360.<\/p>\n<p>\n<img decoding=\"async\" src=\"https:\/\/assets.innpro.pl\/6666\/7771\/3.jpg\" border=\"0\" alt=\"\" \/>\n<\/p>\n<div class=\"table-wrapper\">\n<p>\u00a0<\/p>\n<h3><\/h3>\n<table>\n<tbody>\n<tr>\n<th>Producent<\/th>\n<td>PULUZ<\/td>\n<\/tr>\n<tr>\n<th>Model<\/th>\n<td>PU815<\/td>\n<\/tr>\n<tr>\n<th>Materia\u0142<\/th>\n<td>Stop aluminium<\/td>\n<\/tr>\n<tr>\n<th>D\u0142ugo\u015b\u0107<\/th>\n<td>28-111 cm (regulacja 5-stopniowa)<\/td>\n<\/tr>\n<tr>\n<th>Kompatybilno\u015b\u0107<\/th>\n<td>DJI: Osmo Action 5 Pro, Osmo Action 3, Action 2, Osmo Action \/ GoPro: HERO (2024), HERO13 Black, HERO12 Black, HERO11 Black Mini, HERO11 Black, HERO10 Black, HERO9 Black, HERO8 Black, MAX, HERO7 White, HERO7 Black, HERO7 Silver, NEW HERO, HERO6 Black, HERO5 Black, HERO5 Session, Hero Session, HERO4 Session, HERO4, HERO3+, HERO3, HERO2, HERO \/ Insta360: X5, X4, Ace, Ace Pro, X3, ONE RS 1-Inch 360 Edition, Insta360 ONE RS 4K Edition, Insta360 ONE RS 360 Edition, Insta360 ONE RS 1-INCH EDITION, ONE X2<\/td>\n<\/tr>\n<\/tbody>\n<\/table>\n<\/div>\n","protected":false},"excerpt":{"rendered":"<p>Metalowy uchwyt selfie Puluz 110 cm do kamer sportowych (m.in Osmo Action 5 Pro, Insta360 X5 \/ X4 \/ X3)<\/p>\n","protected":false},"featured_media":58861,"comment_status":"closed","ping_status":"open","template":"","meta":{"_acf_changed":false},"product_brand":[],"product_cat":[1128,6178,6176,6177,6181,1138],"product_tag":[],"class_list":{"0":"post-58860","1":"product","2":"type-product","3":"status-publish","4":"has-post-thumbnail","6":"product_cat-foto-wideo","7":"product_cat-mocowania","8":"product_cat-selfie-stiki","9":"product_cat-statywy-selfie-stiki","10":"product_cat-szelki-mocowania-i-uchwyty","11":"product_cat-wysiegniki","12":"pa_okres-gwarancji-5754","13":"pa_producent-puluz","15":"first","16":"outofstock","17":"taxable","18":"shipping-taxable","19":"purchasable","20":"product-type-simple"},"acf":[],"yoast_head":"<!-- This site is optimized with the Yoast SEO plugin v27.2 - https:\/\/yoast.com\/product\/yoast-seo-wordpress\/ -->\n<title>Selfie stick metalowy PULUZ 110cm gwint 1\/4 - IRONSKY.PL Sklep z Dronami<\/title>\n<meta name=\"description\" content=\"Selfie stick metalowy PULUZ 110cm gwint 1\/4 - \u2705 sklep z dronami i fachowym doradztwem. \u2705 Tutaj kupisz produkty DJI, Yuneec, Parrot, Syma i wiele innych, a tak\u017ce kursy i licencje na operatora drona.\" \/>\n<meta name=\"robots\" content=\"index, follow, max-snippet:-1, max-image-preview:large, max-video-preview:-1\" \/>\n<link rel=\"canonical\" href=\"https:\/\/ironsky.pl\/sklep\/produkt\/selfie-stick-metalowy-puluz-110cm-gwint-1-4\/\" \/>\n<meta property=\"og:locale\" content=\"pl_PL\" \/>\n<meta property=\"og:type\" content=\"article\" \/>\n<meta property=\"og:title\" content=\"Selfie stick metalowy PULUZ 110cm gwint 1\/4 - IRONSKY.PL Sklep z Dronami\" \/>\n<meta property=\"og:description\" content=\"Selfie stick metalowy PULUZ 110cm gwint 1\/4 - \u2705 sklep z dronami i fachowym doradztwem. \u2705 Tutaj kupisz produkty DJI, Yuneec, Parrot, Syma i wiele innych, a tak\u017ce kursy i licencje na operatora drona.\" \/>\n<meta property=\"og:url\" content=\"https:\/\/ironsky.pl\/sklep\/produkt\/selfie-stick-metalowy-puluz-110cm-gwint-1-4\/\" \/>\n<meta property=\"og:site_name\" content=\"IRONSKY.PL Sklep z Dronami\" \/>\n<meta property=\"article:modified_time\" content=\"2026-04-15T08:41:17+00:00\" \/>\n<meta property=\"og:image\" content=\"https:\/\/ironsky.pl\/sklep\/wp-content\/uploads\/2026\/04\/43521_1.jpg\" \/>\n\t<meta property=\"og:image:width\" content=\"800\" \/>\n\t<meta property=\"og:image:height\" content=\"800\" \/>\n\t<meta property=\"og:image:type\" content=\"image\/jpeg\" \/>\n<meta name=\"twitter:card\" content=\"summary_large_image\" \/>\n<meta name=\"twitter:label1\" content=\"Szacowany czas czytania\" \/>\n\t<meta name=\"twitter:data1\" content=\"2 minuty\" \/>\n<script type=\"application\/ld+json\" class=\"yoast-schema-graph\">{\"@context\":\"https:\/\/schema.org\",\"@graph\":[{\"@type\":\"WebPage\",\"@id\":\"https:\/\/ironsky.pl\/sklep\/produkt\/selfie-stick-metalowy-puluz-110cm-gwint-1-4\/\",\"url\":\"https:\/\/ironsky.pl\/sklep\/produkt\/selfie-stick-metalowy-puluz-110cm-gwint-1-4\/\",\"name\":\"Selfie stick metalowy PULUZ 110cm gwint 1\/4 - IRONSKY.PL Sklep z Dronami\",\"isPartOf\":{\"@id\":\"https:\/\/ironsky.pl\/sklep\/#website\"},\"primaryImageOfPage\":{\"@id\":\"https:\/\/ironsky.pl\/sklep\/produkt\/selfie-stick-metalowy-puluz-110cm-gwint-1-4\/#primaryimage\"},\"image\":{\"@id\":\"https:\/\/ironsky.pl\/sklep\/produkt\/selfie-stick-metalowy-puluz-110cm-gwint-1-4\/#primaryimage\"},\"thumbnailUrl\":\"https:\/\/ironsky.pl\/sklep\/wp-content\/uploads\/2026\/04\/43521_1.jpg\",\"datePublished\":\"2026-04-15T08:41:13+00:00\",\"dateModified\":\"2026-04-15T08:41:17+00:00\",\"description\":\"Selfie stick metalowy PULUZ 110cm gwint 1\/4 - \u2705 sklep z dronami i fachowym doradztwem. \u2705 Tutaj kupisz produkty DJI, Yuneec, Parrot, Syma i wiele innych, a tak\u017ce kursy i licencje na operatora drona.\",\"breadcrumb\":{\"@id\":\"https:\/\/ironsky.pl\/sklep\/produkt\/selfie-stick-metalowy-puluz-110cm-gwint-1-4\/#breadcrumb\"},\"inLanguage\":\"pl-PL\",\"potentialAction\":[{\"@type\":\"ReadAction\",\"target\":[\"https:\/\/ironsky.pl\/sklep\/produkt\/selfie-stick-metalowy-puluz-110cm-gwint-1-4\/\"]}]},{\"@type\":\"ImageObject\",\"inLanguage\":\"pl-PL\",\"@id\":\"https:\/\/ironsky.pl\/sklep\/produkt\/selfie-stick-metalowy-puluz-110cm-gwint-1-4\/#primaryimage\",\"url\":\"https:\/\/ironsky.pl\/sklep\/wp-content\/uploads\/2026\/04\/43521_1.jpg\",\"contentUrl\":\"https:\/\/ironsky.pl\/sklep\/wp-content\/uploads\/2026\/04\/43521_1.jpg\",\"width\":800,\"height\":800},{\"@type\":\"BreadcrumbList\",\"@id\":\"https:\/\/ironsky.pl\/sklep\/produkt\/selfie-stick-metalowy-puluz-110cm-gwint-1-4\/#breadcrumb\",\"itemListElement\":[{\"@type\":\"ListItem\",\"position\":1,\"name\":\"Strona g\u0142\u00f3wna\",\"item\":\"https:\/\/ironsky.pl\/sklep\/\"},{\"@type\":\"ListItem\",\"position\":2,\"name\":\"Wszystkie produkty\",\"item\":\"https:\/\/ironsky.pl\/sklep\/produkty\/\"},{\"@type\":\"ListItem\",\"position\":3,\"name\":\"Selfie stick metalowy PULUZ 110cm gwint 1\/4\"}]},{\"@type\":\"WebSite\",\"@id\":\"https:\/\/ironsky.pl\/sklep\/#website\",\"url\":\"https:\/\/ironsky.pl\/sklep\/\",\"name\":\"IRONSKY.PL Sklep z Dronami\",\"description\":\"IRONSKY.PL Sklep z Dronami\",\"potentialAction\":[{\"@type\":\"SearchAction\",\"target\":{\"@type\":\"EntryPoint\",\"urlTemplate\":\"https:\/\/ironsky.pl\/sklep\/?s={search_term_string}\"},\"query-input\":{\"@type\":\"PropertyValueSpecification\",\"valueRequired\":true,\"valueName\":\"search_term_string\"}}],\"inLanguage\":\"pl-PL\"}]}<\/script>\n<!-- \/ Yoast SEO plugin. -->","yoast_head_json":{"title":"Selfie stick metalowy PULUZ 110cm gwint 1\/4 - IRONSKY.PL Sklep z Dronami","description":"Selfie stick metalowy PULUZ 110cm gwint 1\/4 - \u2705 sklep z dronami i fachowym doradztwem. \u2705 Tutaj kupisz produkty DJI, Yuneec, Parrot, Syma i wiele innych, a tak\u017ce kursy i licencje na operatora drona.","robots":{"index":"index","follow":"follow","max-snippet":"max-snippet:-1","max-image-preview":"max-image-preview:large","max-video-preview":"max-video-preview:-1"},"canonical":"https:\/\/ironsky.pl\/sklep\/produkt\/selfie-stick-metalowy-puluz-110cm-gwint-1-4\/","og_locale":"pl_PL","og_type":"article","og_title":"Selfie stick metalowy PULUZ 110cm gwint 1\/4 - IRONSKY.PL Sklep z Dronami","og_description":"Selfie stick metalowy PULUZ 110cm gwint 1\/4 - \u2705 sklep z dronami i fachowym doradztwem. \u2705 Tutaj kupisz produkty DJI, Yuneec, Parrot, Syma i wiele innych, a tak\u017ce kursy i licencje na operatora drona.","og_url":"https:\/\/ironsky.pl\/sklep\/produkt\/selfie-stick-metalowy-puluz-110cm-gwint-1-4\/","og_site_name":"IRONSKY.PL Sklep z Dronami","article_modified_time":"2026-04-15T08:41:17+00:00","og_image":[{"width":800,"height":800,"url":"https:\/\/ironsky.pl\/sklep\/wp-content\/uploads\/2026\/04\/43521_1.jpg","type":"image\/jpeg"}],"twitter_card":"summary_large_image","twitter_misc":{"Szacowany czas czytania":"2 minuty"},"schema":{"@context":"https:\/\/schema.org","@graph":[{"@type":"WebPage","@id":"https:\/\/ironsky.pl\/sklep\/produkt\/selfie-stick-metalowy-puluz-110cm-gwint-1-4\/","url":"https:\/\/ironsky.pl\/sklep\/produkt\/selfie-stick-metalowy-puluz-110cm-gwint-1-4\/","name":"Selfie stick metalowy PULUZ 110cm gwint 1\/4 - IRONSKY.PL Sklep z Dronami","isPartOf":{"@id":"https:\/\/ironsky.pl\/sklep\/#website"},"primaryImageOfPage":{"@id":"https:\/\/ironsky.pl\/sklep\/produkt\/selfie-stick-metalowy-puluz-110cm-gwint-1-4\/#primaryimage"},"image":{"@id":"https:\/\/ironsky.pl\/sklep\/produkt\/selfie-stick-metalowy-puluz-110cm-gwint-1-4\/#primaryimage"},"thumbnailUrl":"https:\/\/ironsky.pl\/sklep\/wp-content\/uploads\/2026\/04\/43521_1.jpg","datePublished":"2026-04-15T08:41:13+00:00","dateModified":"2026-04-15T08:41:17+00:00","description":"Selfie stick metalowy PULUZ 110cm gwint 1\/4 - \u2705 sklep z dronami i fachowym doradztwem. \u2705 Tutaj kupisz produkty DJI, Yuneec, Parrot, Syma i wiele innych, a tak\u017ce kursy i licencje na operatora drona.","breadcrumb":{"@id":"https:\/\/ironsky.pl\/sklep\/produkt\/selfie-stick-metalowy-puluz-110cm-gwint-1-4\/#breadcrumb"},"inLanguage":"pl-PL","potentialAction":[{"@type":"ReadAction","target":["https:\/\/ironsky.pl\/sklep\/produkt\/selfie-stick-metalowy-puluz-110cm-gwint-1-4\/"]}]},{"@type":"ImageObject","inLanguage":"pl-PL","@id":"https:\/\/ironsky.pl\/sklep\/produkt\/selfie-stick-metalowy-puluz-110cm-gwint-1-4\/#primaryimage","url":"https:\/\/ironsky.pl\/sklep\/wp-content\/uploads\/2026\/04\/43521_1.jpg","contentUrl":"https:\/\/ironsky.pl\/sklep\/wp-content\/uploads\/2026\/04\/43521_1.jpg","width":800,"height":800},{"@type":"BreadcrumbList","@id":"https:\/\/ironsky.pl\/sklep\/produkt\/selfie-stick-metalowy-puluz-110cm-gwint-1-4\/#breadcrumb","itemListElement":[{"@type":"ListItem","position":1,"name":"Strona g\u0142\u00f3wna","item":"https:\/\/ironsky.pl\/sklep\/"},{"@type":"ListItem","position":2,"name":"Wszystkie produkty","item":"https:\/\/ironsky.pl\/sklep\/produkty\/"},{"@type":"ListItem","position":3,"name":"Selfie stick metalowy PULUZ 110cm gwint 1\/4"}]},{"@type":"WebSite","@id":"https:\/\/ironsky.pl\/sklep\/#website","url":"https:\/\/ironsky.pl\/sklep\/","name":"IRONSKY.PL Sklep z Dronami","description":"IRONSKY.PL Sklep z Dronami","potentialAction":[{"@type":"SearchAction","target":{"@type":"EntryPoint","urlTemplate":"https:\/\/ironsky.pl\/sklep\/?s={search_term_string}"},"query-input":{"@type":"PropertyValueSpecification","valueRequired":true,"valueName":"search_term_string"}}],"inLanguage":"pl-PL"}]}},"_links":{"self":[{"href":"https:\/\/ironsky.pl\/sklep\/wp-json\/wp\/v2\/product\/58860","targetHints":{"allow":["GET"]}}],"collection":[{"href":"https:\/\/ironsky.pl\/sklep\/wp-json\/wp\/v2\/product"}],"about":[{"href":"https:\/\/ironsky.pl\/sklep\/wp-json\/wp\/v2\/types\/product"}],"replies":[{"embeddable":true,"href":"https:\/\/ironsky.pl\/sklep\/wp-json\/wp\/v2\/comments?post=58860"}],"wp:featuredmedia":[{"embeddable":true,"href":"https:\/\/ironsky.pl\/sklep\/wp-json\/wp\/v2\/media\/58861"}],"wp:attachment":[{"href":"https:\/\/ironsky.pl\/sklep\/wp-json\/wp\/v2\/media?parent=58860"}],"wp:term":[{"taxonomy":"product_brand","embeddable":true,"href":"https:\/\/ironsky.pl\/sklep\/wp-json\/wp\/v2\/product_brand?post=58860"},{"taxonomy":"product_cat","embeddable":true,"href":"https:\/\/ironsky.pl\/sklep\/wp-json\/wp\/v2\/product_cat?post=58860"},{"taxonomy":"product_tag","embeddable":true,"href":"https:\/\/ironsky.pl\/sklep\/wp-json\/wp\/v2\/product_tag?post=58860"}],"curies":[{"name":"wp","href":"https:\/\/api.w.org\/{rel}","templated":true}]}}