{"id":58857,"date":"2026-04-15T10:41:13","date_gmt":"2026-04-15T08:41:13","guid":{"rendered":"https:\/\/ironsky.pl\/sklep\/produkt\/statyw-puluz-do-insta360-x3-x4-2\/"},"modified":"2026-04-15T10:41:15","modified_gmt":"2026-04-15T08:41:15","slug":"statyw-puluz-do-insta360-x3-x4-2","status":"publish","type":"product","link":"https:\/\/ironsky.pl\/sklep\/produkt\/statyw-puluz-do-insta360-x3-x4-2\/","title":{"rendered":"Statyw PULUZ do Insta360 X3\/X4"},"content":{"rendered":"<h3>Statyw PULUZ do Insta360 X3 \/ X4<\/h3>\n<p>Zyskaj pe\u0142n\u0105 kontrol\u0119 nad swoimi uj\u0119ciami dzi\u0119ki statywowi PULUZ. To przydatne i wytrzyma\u0142e akcesorium zosta\u0142o zaprojektowane z my\u015bl\u0105 o u\u017cytkownikach, kt\u00f3rzy ceni\u0105 sobie stabilno\u015b\u0107, funkcjonalno\u015b\u0107 i \u0142atwo\u015b\u0107 u\u017cytkowania. Sprawdzi si\u0119 r\u00f3wnie\u017c podczas nagrywania uj\u0119\u0107 typu Bullet Time \u2013 wystarczy po\u0142\u0105czy\u0107 go z selfie stickiem i kamer\u0105, kt\u00f3ra oferuje taki tryb (brak w zestawie).<\/p>\n<p>\n<img decoding=\"async\" src=\"https:\/\/assets.innpro.pl\/6668\/7773\/1.jpg\" border=\"0\" \/>\n<\/p>\n<h3>Wytrzyma\u0142a konstrukcja<\/h3>\n<p>Statyw PULUZ powsta\u0142 z lotniczego stopu aluminium, dzi\u0119ki czemu jest nie tylko trwa\u0142y, ale te\u017c lekki. Ponadto uchwyt wykonany z wysokiej jako\u015bci PC oraz silikonowe elementy zwi\u0119kszaj\u0105 komfort u\u017cytkowania i gwarantuj\u0105 pewny chwyt. Statyw ma r\u00f3wnie\u017c imponuj\u0105c\u0105 no\u015bno\u015b\u0107 do 3 kg, co pozwala na bezpieczne korzystanie z r\u00f3\u017cnych modeli kamer sportowych i panoramicznych. Wyr\u00f3\u017cnia go tak\u017ce wbudowany magnes oraz silikonowe podk\u0142adki, kt\u00f3re zapewniaj\u0105 mu wi\u0119ksz\u0105 stabilno\u015b\u0107.<\/p>\n<p>\n<img decoding=\"async\" src=\"https:\/\/assets.innpro.pl\/6668\/7773\/3.jpg\" border=\"0\" \/>\n<\/p>\n<h3>Kompaktowy i przeno\u015bny<\/h3>\n<p>Wymiary statywu po z\u0142o\u017ceniu to zaledwie 3 x 17,5 cm, co sprawia, \u017ce jest on niezwykle kompaktowy i \u0142atwy do przenoszenia. Po roz\u0142o\u017ceniu osi\u0105ga wysoko\u015b\u0107 13 cm, co idealnie sprawdza si\u0119 podczas nagrywania na biurku czy innych stabilnych powierzchniach. Dzi\u0119ki niewielkim rozmiarom akcesorium \u0142atwo zmie\u015bci si\u0119 w torbie czy plecaku \u2013 z powodzeniem wykorzystasz go w trakcie podr\u00f3\u017cy.<\/p>\n<p>\n<img decoding=\"async\" src=\"https:\/\/assets.innpro.pl\/6668\/7773\/4.jpg\" border=\"0\" \/>\n<\/p>\n<h3>Wszechstronno\u015b\u0107 i stabilno\u015b\u0107<\/h3>\n<p>Statyw PULUZ oferuje obracaj\u0105c\u0105 si\u0119 o 360 stopni r\u0119koje\u015b\u0107 z gwintem 1\/4 cala na g\u00f3rze, co pozwala na monta\u017c r\u00f3\u017cnych urz\u0105dze\u0144 i akcesori\u00f3w, w tym kamer, selfie stick\u00f3w i uchwyt\u00f3w na telefony. Idealnie nada si\u0119 r\u00f3wnie\u017c do tworzenia efektu Bullet Time. Jak to dzia\u0142a? Wystarczy u\u017cy\u0107 selfie sticka, w\u0142\u0105czy\u0107 tryb Bullet Time na kamerze, a nast\u0119pnie stworzy\u0107 jedyne w swoim rodzaju uj\u0119cie!<\/p>\n<p>\n<img decoding=\"async\" src=\"https:\/\/assets.innpro.pl\/6668\/7773\/2.jpg\" border=\"0\" \/>\n<\/p>\n<h3>Szeroka kompatybilno\u015b\u0107<\/h3>\n<p>Statyw jest kompatybilny z szerok\u0105 gam\u0105 kamer sportowych i panoramicznych znanych producent\u00f3w, takich jak GoPro, DJI czy Insta360. Dzi\u0119ki temu mo\u017ce by\u0107 niezast\u0105pionym akcesorium dla ka\u017cdego mi\u0142o\u015bnika filmowania. Teraz z \u0142atwo\u015bci\u0105 stworzysz fantastyczny materia\u0142 wideo!<\/p>\n<p>\n<img decoding=\"async\" src=\"https:\/\/assets.innpro.pl\/6668\/7773\/7.jpg\" border=\"0\" \/>\n<\/p>\n<div class=\"table-wrapper\">\n<p>\u00a0<\/p>\n<h3><\/h3>\n<table>\n<tbody>\n<tr>\n<th>Producent<\/th>\n<td>PULUZ<\/td>\n<\/tr>\n<tr>\n<th>Model<\/th>\n<td>PU886B<\/td>\n<\/tr>\n<tr>\n<th>Materia\u0142<\/th>\n<td>Stop aluminium + PC + silikon<\/td>\n<\/tr>\n<tr>\n<th>Ud\u017awig<\/th>\n<td>3 kg<\/td>\n<\/tr>\n<tr>\n<th>Wymiary po z\u0142o\u017ceniu<\/th>\n<td>3 x 17,5 cm<\/td>\n<\/tr>\n<tr>\n<th>Wysoko\u015b\u0107 po roz\u0142o\u017ceniu<\/th>\n<td>13 cm<\/td>\n<\/tr>\n<tr>\n<th>Kompatybilno\u015b\u0107<\/th>\n<td>DJI Osmo Action 3, DJI Action 2, DJI Osmo Action, GoPro Hero 12 Black \/ 11 Black Mini \/ 11 Black \/ 10 Black \/ 9 Black \/ 8 Black \/ 7 Silver \/ 7 Black \/ 7 White \/ 6 Black \/ 5 Black \/ 5 Session \/ Session \/ 4 Session \/ 4 \/ 3+ \/ 3 \/ 2, GoPro HERO \/ MAX \/ NEW HERO, Insta360 X4 \/ Ace Pro \/ Ace \/ X3 \/ ONE RS 1-Inch 360 Edition \/ ONE RS 1-Inch Edition \/ ONE RS 4K Edition \/ ONE RS 360 Edition, ONE X2<\/td>\n<\/tr>\n<\/tbody>\n<\/table>\n<\/div>\n","protected":false},"excerpt":{"rendered":"<p>Statyw PULUZ do Insta360 X3 \/ X4 Zyskaj pe\u0142n\u0105 kontrol\u0119 nad swoimi uj\u0119ciami dzi\u0119ki statywowi PULUZ. To przydatne i wytrzyma\u0142e<\/p>\n","protected":false},"featured_media":58858,"comment_status":"closed","ping_status":"open","template":"","meta":{"_acf_changed":false},"product_brand":[],"product_cat":[1128,6178,6176,6190,6177,1138],"product_tag":[],"class_list":{"0":"post-58857","1":"product","2":"type-product","3":"status-publish","4":"has-post-thumbnail","6":"product_cat-foto-wideo","7":"product_cat-mocowania","8":"product_cat-selfie-stiki","9":"product_cat-statywy-mocowania","10":"product_cat-statywy-selfie-stiki","11":"product_cat-wysiegniki","12":"pa_okres-gwarancji-5754","13":"pa_producent-puluz","15":"first","16":"outofstock","17":"taxable","18":"shipping-taxable","19":"purchasable","20":"product-type-simple"},"acf":[],"yoast_head":"<!-- This site is optimized with the Yoast SEO plugin v27.2 - https:\/\/yoast.com\/product\/yoast-seo-wordpress\/ -->\n<title>Statyw PULUZ do Insta360 X3\/X4 - IRONSKY.PL Sklep z Dronami<\/title>\n<meta name=\"description\" content=\"Statyw PULUZ do Insta360 X3\/X4 - \u2705 sklep z dronami i fachowym doradztwem. \u2705 Tutaj kupisz produkty DJI, Yuneec, Parrot, Syma i wiele innych, a tak\u017ce kursy i licencje na operatora drona.\" \/>\n<meta name=\"robots\" content=\"index, follow, max-snippet:-1, max-image-preview:large, max-video-preview:-1\" \/>\n<link rel=\"canonical\" href=\"https:\/\/ironsky.pl\/sklep\/produkt\/statyw-puluz-do-insta360-x3-x4-2\/\" \/>\n<meta property=\"og:locale\" content=\"pl_PL\" \/>\n<meta property=\"og:type\" content=\"article\" \/>\n<meta property=\"og:title\" content=\"Statyw PULUZ do Insta360 X3\/X4 - IRONSKY.PL Sklep z Dronami\" \/>\n<meta property=\"og:description\" content=\"Statyw PULUZ do Insta360 X3\/X4 - \u2705 sklep z dronami i fachowym doradztwem. \u2705 Tutaj kupisz produkty DJI, Yuneec, Parrot, Syma i wiele innych, a tak\u017ce kursy i licencje na operatora drona.\" \/>\n<meta property=\"og:url\" content=\"https:\/\/ironsky.pl\/sklep\/produkt\/statyw-puluz-do-insta360-x3-x4-2\/\" \/>\n<meta property=\"og:site_name\" content=\"IRONSKY.PL Sklep z Dronami\" \/>\n<meta property=\"article:modified_time\" content=\"2026-04-15T08:41:15+00:00\" \/>\n<meta property=\"og:image\" content=\"https:\/\/ironsky.pl\/sklep\/wp-content\/uploads\/2026\/04\/43519_1.jpg\" \/>\n\t<meta property=\"og:image:width\" content=\"800\" \/>\n\t<meta property=\"og:image:height\" content=\"800\" \/>\n\t<meta property=\"og:image:type\" content=\"image\/jpeg\" \/>\n<meta name=\"twitter:card\" content=\"summary_large_image\" \/>\n<meta name=\"twitter:label1\" content=\"Szacowany czas czytania\" \/>\n\t<meta name=\"twitter:data1\" content=\"2 minuty\" \/>\n<script type=\"application\/ld+json\" class=\"yoast-schema-graph\">{\"@context\":\"https:\/\/schema.org\",\"@graph\":[{\"@type\":\"WebPage\",\"@id\":\"https:\/\/ironsky.pl\/sklep\/produkt\/statyw-puluz-do-insta360-x3-x4-2\/\",\"url\":\"https:\/\/ironsky.pl\/sklep\/produkt\/statyw-puluz-do-insta360-x3-x4-2\/\",\"name\":\"Statyw PULUZ do Insta360 X3\/X4 - IRONSKY.PL Sklep z Dronami\",\"isPartOf\":{\"@id\":\"https:\/\/ironsky.pl\/sklep\/#website\"},\"primaryImageOfPage\":{\"@id\":\"https:\/\/ironsky.pl\/sklep\/produkt\/statyw-puluz-do-insta360-x3-x4-2\/#primaryimage\"},\"image\":{\"@id\":\"https:\/\/ironsky.pl\/sklep\/produkt\/statyw-puluz-do-insta360-x3-x4-2\/#primaryimage\"},\"thumbnailUrl\":\"https:\/\/ironsky.pl\/sklep\/wp-content\/uploads\/2026\/04\/43519_1.jpg\",\"datePublished\":\"2026-04-15T08:41:13+00:00\",\"dateModified\":\"2026-04-15T08:41:15+00:00\",\"description\":\"Statyw PULUZ do Insta360 X3\/X4 - \u2705 sklep z dronami i fachowym doradztwem. \u2705 Tutaj kupisz produkty DJI, Yuneec, Parrot, Syma i wiele innych, a tak\u017ce kursy i licencje na operatora drona.\",\"breadcrumb\":{\"@id\":\"https:\/\/ironsky.pl\/sklep\/produkt\/statyw-puluz-do-insta360-x3-x4-2\/#breadcrumb\"},\"inLanguage\":\"pl-PL\",\"potentialAction\":[{\"@type\":\"ReadAction\",\"target\":[\"https:\/\/ironsky.pl\/sklep\/produkt\/statyw-puluz-do-insta360-x3-x4-2\/\"]}]},{\"@type\":\"ImageObject\",\"inLanguage\":\"pl-PL\",\"@id\":\"https:\/\/ironsky.pl\/sklep\/produkt\/statyw-puluz-do-insta360-x3-x4-2\/#primaryimage\",\"url\":\"https:\/\/ironsky.pl\/sklep\/wp-content\/uploads\/2026\/04\/43519_1.jpg\",\"contentUrl\":\"https:\/\/ironsky.pl\/sklep\/wp-content\/uploads\/2026\/04\/43519_1.jpg\",\"width\":800,\"height\":800},{\"@type\":\"BreadcrumbList\",\"@id\":\"https:\/\/ironsky.pl\/sklep\/produkt\/statyw-puluz-do-insta360-x3-x4-2\/#breadcrumb\",\"itemListElement\":[{\"@type\":\"ListItem\",\"position\":1,\"name\":\"Strona g\u0142\u00f3wna\",\"item\":\"https:\/\/ironsky.pl\/sklep\/\"},{\"@type\":\"ListItem\",\"position\":2,\"name\":\"Wszystkie produkty\",\"item\":\"https:\/\/ironsky.pl\/sklep\/produkty\/\"},{\"@type\":\"ListItem\",\"position\":3,\"name\":\"Statyw PULUZ do Insta360 X3\/X4\"}]},{\"@type\":\"WebSite\",\"@id\":\"https:\/\/ironsky.pl\/sklep\/#website\",\"url\":\"https:\/\/ironsky.pl\/sklep\/\",\"name\":\"IRONSKY.PL Sklep z Dronami\",\"description\":\"IRONSKY.PL Sklep z Dronami\",\"potentialAction\":[{\"@type\":\"SearchAction\",\"target\":{\"@type\":\"EntryPoint\",\"urlTemplate\":\"https:\/\/ironsky.pl\/sklep\/?s={search_term_string}\"},\"query-input\":{\"@type\":\"PropertyValueSpecification\",\"valueRequired\":true,\"valueName\":\"search_term_string\"}}],\"inLanguage\":\"pl-PL\"}]}<\/script>\n<!-- \/ Yoast SEO plugin. -->","yoast_head_json":{"title":"Statyw PULUZ do Insta360 X3\/X4 - IRONSKY.PL Sklep z Dronami","description":"Statyw PULUZ do Insta360 X3\/X4 - \u2705 sklep z dronami i fachowym doradztwem. \u2705 Tutaj kupisz produkty DJI, Yuneec, Parrot, Syma i wiele innych, a tak\u017ce kursy i licencje na operatora drona.","robots":{"index":"index","follow":"follow","max-snippet":"max-snippet:-1","max-image-preview":"max-image-preview:large","max-video-preview":"max-video-preview:-1"},"canonical":"https:\/\/ironsky.pl\/sklep\/produkt\/statyw-puluz-do-insta360-x3-x4-2\/","og_locale":"pl_PL","og_type":"article","og_title":"Statyw PULUZ do Insta360 X3\/X4 - IRONSKY.PL Sklep z Dronami","og_description":"Statyw PULUZ do Insta360 X3\/X4 - \u2705 sklep z dronami i fachowym doradztwem. \u2705 Tutaj kupisz produkty DJI, Yuneec, Parrot, Syma i wiele innych, a tak\u017ce kursy i licencje na operatora drona.","og_url":"https:\/\/ironsky.pl\/sklep\/produkt\/statyw-puluz-do-insta360-x3-x4-2\/","og_site_name":"IRONSKY.PL Sklep z Dronami","article_modified_time":"2026-04-15T08:41:15+00:00","og_image":[{"width":800,"height":800,"url":"https:\/\/ironsky.pl\/sklep\/wp-content\/uploads\/2026\/04\/43519_1.jpg","type":"image\/jpeg"}],"twitter_card":"summary_large_image","twitter_misc":{"Szacowany czas czytania":"2 minuty"},"schema":{"@context":"https:\/\/schema.org","@graph":[{"@type":"WebPage","@id":"https:\/\/ironsky.pl\/sklep\/produkt\/statyw-puluz-do-insta360-x3-x4-2\/","url":"https:\/\/ironsky.pl\/sklep\/produkt\/statyw-puluz-do-insta360-x3-x4-2\/","name":"Statyw PULUZ do Insta360 X3\/X4 - IRONSKY.PL Sklep z Dronami","isPartOf":{"@id":"https:\/\/ironsky.pl\/sklep\/#website"},"primaryImageOfPage":{"@id":"https:\/\/ironsky.pl\/sklep\/produkt\/statyw-puluz-do-insta360-x3-x4-2\/#primaryimage"},"image":{"@id":"https:\/\/ironsky.pl\/sklep\/produkt\/statyw-puluz-do-insta360-x3-x4-2\/#primaryimage"},"thumbnailUrl":"https:\/\/ironsky.pl\/sklep\/wp-content\/uploads\/2026\/04\/43519_1.jpg","datePublished":"2026-04-15T08:41:13+00:00","dateModified":"2026-04-15T08:41:15+00:00","description":"Statyw PULUZ do Insta360 X3\/X4 - \u2705 sklep z dronami i fachowym doradztwem. \u2705 Tutaj kupisz produkty DJI, Yuneec, Parrot, Syma i wiele innych, a tak\u017ce kursy i licencje na operatora drona.","breadcrumb":{"@id":"https:\/\/ironsky.pl\/sklep\/produkt\/statyw-puluz-do-insta360-x3-x4-2\/#breadcrumb"},"inLanguage":"pl-PL","potentialAction":[{"@type":"ReadAction","target":["https:\/\/ironsky.pl\/sklep\/produkt\/statyw-puluz-do-insta360-x3-x4-2\/"]}]},{"@type":"ImageObject","inLanguage":"pl-PL","@id":"https:\/\/ironsky.pl\/sklep\/produkt\/statyw-puluz-do-insta360-x3-x4-2\/#primaryimage","url":"https:\/\/ironsky.pl\/sklep\/wp-content\/uploads\/2026\/04\/43519_1.jpg","contentUrl":"https:\/\/ironsky.pl\/sklep\/wp-content\/uploads\/2026\/04\/43519_1.jpg","width":800,"height":800},{"@type":"BreadcrumbList","@id":"https:\/\/ironsky.pl\/sklep\/produkt\/statyw-puluz-do-insta360-x3-x4-2\/#breadcrumb","itemListElement":[{"@type":"ListItem","position":1,"name":"Strona g\u0142\u00f3wna","item":"https:\/\/ironsky.pl\/sklep\/"},{"@type":"ListItem","position":2,"name":"Wszystkie produkty","item":"https:\/\/ironsky.pl\/sklep\/produkty\/"},{"@type":"ListItem","position":3,"name":"Statyw PULUZ do Insta360 X3\/X4"}]},{"@type":"WebSite","@id":"https:\/\/ironsky.pl\/sklep\/#website","url":"https:\/\/ironsky.pl\/sklep\/","name":"IRONSKY.PL Sklep z Dronami","description":"IRONSKY.PL Sklep z Dronami","potentialAction":[{"@type":"SearchAction","target":{"@type":"EntryPoint","urlTemplate":"https:\/\/ironsky.pl\/sklep\/?s={search_term_string}"},"query-input":{"@type":"PropertyValueSpecification","valueRequired":true,"valueName":"search_term_string"}}],"inLanguage":"pl-PL"}]}},"_links":{"self":[{"href":"https:\/\/ironsky.pl\/sklep\/wp-json\/wp\/v2\/product\/58857","targetHints":{"allow":["GET"]}}],"collection":[{"href":"https:\/\/ironsky.pl\/sklep\/wp-json\/wp\/v2\/product"}],"about":[{"href":"https:\/\/ironsky.pl\/sklep\/wp-json\/wp\/v2\/types\/product"}],"replies":[{"embeddable":true,"href":"https:\/\/ironsky.pl\/sklep\/wp-json\/wp\/v2\/comments?post=58857"}],"wp:featuredmedia":[{"embeddable":true,"href":"https:\/\/ironsky.pl\/sklep\/wp-json\/wp\/v2\/media\/58858"}],"wp:attachment":[{"href":"https:\/\/ironsky.pl\/sklep\/wp-json\/wp\/v2\/media?parent=58857"}],"wp:term":[{"taxonomy":"product_brand","embeddable":true,"href":"https:\/\/ironsky.pl\/sklep\/wp-json\/wp\/v2\/product_brand?post=58857"},{"taxonomy":"product_cat","embeddable":true,"href":"https:\/\/ironsky.pl\/sklep\/wp-json\/wp\/v2\/product_cat?post=58857"},{"taxonomy":"product_tag","embeddable":true,"href":"https:\/\/ironsky.pl\/sklep\/wp-json\/wp\/v2\/product_tag?post=58857"}],"curies":[{"name":"wp","href":"https:\/\/api.w.org\/{rel}","templated":true}]}}