{"id":58854,"date":"2026-04-15T10:41:13","date_gmt":"2026-04-15T08:41:13","guid":{"rendered":"https:\/\/ironsky.pl\/sklep\/produkt\/obudowa-metalowa-puluz-insta360-go-3-go-3s\/"},"modified":"2026-04-15T10:41:13","modified_gmt":"2026-04-15T08:41:13","slug":"obudowa-metalowa-puluz-insta360-go-3-go-3s","status":"publish","type":"product","link":"https:\/\/ironsky.pl\/sklep\/produkt\/obudowa-metalowa-puluz-insta360-go-3-go-3s\/","title":{"rendered":"Obudowa metalowa PULUZ Insta360 GO 3\/GO 3S"},"content":{"rendered":"<h3>Metalowa os\u0142ona PULUZ do kamery Insta360 GO 3<\/h3>\n<p>Zapewnij swojej kamerze Insta360 GO 3 najwy\u017csz\u0105 ochron\u0119 z metalow\u0105 os\u0142on\u0105 PULUZ. Wykonana z wysokiej jako\u015bci stopu aluminium \u2013 nie tylko zabezpiecza Tw\u00f3j sprz\u0119t, ale te\u017c podnosi komfort u\u017cytkowania, pozwalaj\u0105c na swobodne nagrywanie w niemal ka\u017cdej sytuacji.<\/p>\n<p>\n<img decoding=\"async\" src=\"https:\/\/assets.innpro.pl\/6610\/7709\/3.jpg\" border=\"0\" \/>\n<\/p>\n<h3>Idealne dopasowanie<\/h3>\n<p>Metalowa os\u0142ona PULUZ zosta\u0142a stworzona specjalnie dla kamery Insta360 GO 3, co gwarantuje idealne dopasowanie i pe\u0142n\u0105 ochron\u0119. Solidna konstrukcja z aluminium lotniczego sprawia, \u017ce produkt jest lekki, a jednocze\u015bnie wyj\u0105tkowo wytrzyma\u0142y. Co wi\u0119cej, akcesorium nie wp\u0142ywa w \u017caden spos\u00f3b na komfort u\u017cytkowania kamery \u2013 pozwala bez przeszk\u00f3d korzysta\u0107 z funkcji jej odchylanego ekranu i nie zas\u0142ania portu do \u0142adowania ani slotu na kart\u0119 pami\u0119ci.<\/p>\n<p>\n<img decoding=\"async\" src=\"https:\/\/assets.innpro.pl\/6610\/7709\/1.jpg\" border=\"0\" \/>\n<\/p>\n<h3>Praktyczna i funkcjonalna<\/h3>\n<p>Dzi\u0119ki adapterowi typu zimna stopka os\u0142ona PULUZ umo\u017cliwia \u0142atwe pod\u0142\u0105czenie dodatkowego o\u015bwietlenia czy mikrofonu. Jest to szczeg\u00f3lnie przydatne dla vloger\u00f3w i tw\u00f3rc\u00f3w tre\u015bci, kt\u00f3rzy potrzebuj\u0105 elastyczno\u015bci w swoim sprz\u0119cie. Akcesorium pozwala te\u017c na swobodne nagrywanie zar\u00f3wno w pionie, jak i w poziomie, co oznacza, \u017ce mo\u017cesz tworzy\u0107 profesjonalne materia\u0142y bez \u017cadnych ogranicze\u0144.<\/p>\n<p>\n<img decoding=\"async\" src=\"https:\/\/assets.innpro.pl\/6610\/7709\/2.jpg\" border=\"0\" \/>\n<\/p>\n<h3>Wytrzyma\u0142a konstrukcja<\/h3>\n<p>Miej pewno\u015b\u0107, \u017ce Twoja kamera jest bezpieczna. Po\u0142\u0105czenie stopu aluminium i materia\u0142u EVA zagwarantuje jej niezawodn\u0105 ochron\u0119 przed wstrz\u0105sami i uderzeniami, dzi\u0119ki czemu nie musisz obawia\u0107 si\u0119 jej szybkiego uszkodzenia.<\/p>\n<p>\n<img decoding=\"async\" src=\"https:\/\/assets.innpro.pl\/6610\/7709\/5.jpg\" border=\"0\" \/>\n<\/p>\n<div class=\"table-wrapper\">\n<p>\u00a0<\/p>\n<h3><\/h3>\n<table>\n<tbody>\n<tr>\n<th>Producent<\/th>\n<td>PULUZ<\/td>\n<\/tr>\n<tr>\n<th>Model<\/th>\n<td>PU971B<\/td>\n<\/tr>\n<tr>\n<th>Materia\u0142<\/th>\n<td>Stop aluminium + EVA<\/td>\n<\/tr>\n<tr>\n<th>Wymiary<\/th>\n<td>5,67 x 6,72 x 3,23 cm<\/td>\n<\/tr>\n<tr>\n<th>Kompatybilno\u015b\u0107<\/th>\n<td>Insta360 GO 3<\/td>\n<\/tr>\n<\/tbody>\n<\/table>\n<\/div>\n","protected":false},"excerpt":{"rendered":"<p>Metalowa os\u0142ona PULUZ do kamery Insta360 GO 3 Zapewnij swojej kamerze Insta360 GO 3 najwy\u017csz\u0105 ochron\u0119 z metalow\u0105 os\u0142on\u0105 PULUZ.<\/p>\n","protected":false},"featured_media":58855,"comment_status":"closed","ping_status":"open","template":"","meta":{"_acf_changed":false},"product_brand":[],"product_cat":[1130,1137,1128],"product_tag":[],"class_list":{"0":"post-58854","1":"product","2":"type-product","3":"status-publish","4":"has-post-thumbnail","6":"product_cat-akcesoria-foto","7":"product_cat-do-kamer-sportowych","8":"product_cat-foto-wideo","9":"pa_okres-gwarancji-5754","10":"pa_producent-puluz","12":"first","13":"outofstock","14":"taxable","15":"shipping-taxable","16":"purchasable","17":"product-type-simple"},"acf":[],"yoast_head":"<!-- This site is optimized with the Yoast SEO plugin v27.2 - https:\/\/yoast.com\/product\/yoast-seo-wordpress\/ -->\n<title>Obudowa metalowa PULUZ Insta360 GO 3\/GO 3S - IRONSKY.PL Sklep z Dronami<\/title>\n<meta name=\"description\" content=\"Obudowa metalowa PULUZ Insta360 GO 3\/GO 3S - \u2705 sklep z dronami i fachowym doradztwem. \u2705 Tutaj kupisz produkty DJI, Yuneec, Parrot, Syma i wiele innych, a tak\u017ce kursy i licencje na operatora drona.\" \/>\n<meta name=\"robots\" content=\"index, follow, max-snippet:-1, max-image-preview:large, max-video-preview:-1\" \/>\n<link rel=\"canonical\" href=\"https:\/\/ironsky.pl\/sklep\/produkt\/obudowa-metalowa-puluz-insta360-go-3-go-3s\/\" \/>\n<meta property=\"og:locale\" content=\"pl_PL\" \/>\n<meta property=\"og:type\" content=\"article\" \/>\n<meta property=\"og:title\" content=\"Obudowa metalowa PULUZ Insta360 GO 3\/GO 3S - IRONSKY.PL Sklep z Dronami\" \/>\n<meta property=\"og:description\" content=\"Obudowa metalowa PULUZ Insta360 GO 3\/GO 3S - \u2705 sklep z dronami i fachowym doradztwem. \u2705 Tutaj kupisz produkty DJI, Yuneec, Parrot, Syma i wiele innych, a tak\u017ce kursy i licencje na operatora drona.\" \/>\n<meta property=\"og:url\" content=\"https:\/\/ironsky.pl\/sklep\/produkt\/obudowa-metalowa-puluz-insta360-go-3-go-3s\/\" \/>\n<meta property=\"og:site_name\" content=\"IRONSKY.PL Sklep z Dronami\" \/>\n<meta property=\"og:image\" content=\"https:\/\/ironsky.pl\/sklep\/wp-content\/uploads\/2026\/04\/43518_1.jpg\" \/>\n\t<meta property=\"og:image:width\" content=\"800\" \/>\n\t<meta property=\"og:image:height\" content=\"800\" \/>\n\t<meta property=\"og:image:type\" content=\"image\/jpeg\" \/>\n<meta name=\"twitter:card\" content=\"summary_large_image\" \/>\n<meta name=\"twitter:label1\" content=\"Szacowany czas czytania\" \/>\n\t<meta name=\"twitter:data1\" content=\"1 minuta\" \/>\n<script type=\"application\/ld+json\" class=\"yoast-schema-graph\">{\"@context\":\"https:\/\/schema.org\",\"@graph\":[{\"@type\":\"WebPage\",\"@id\":\"https:\/\/ironsky.pl\/sklep\/produkt\/obudowa-metalowa-puluz-insta360-go-3-go-3s\/\",\"url\":\"https:\/\/ironsky.pl\/sklep\/produkt\/obudowa-metalowa-puluz-insta360-go-3-go-3s\/\",\"name\":\"Obudowa metalowa PULUZ Insta360 GO 3\/GO 3S - IRONSKY.PL Sklep z Dronami\",\"isPartOf\":{\"@id\":\"https:\/\/ironsky.pl\/sklep\/#website\"},\"primaryImageOfPage\":{\"@id\":\"https:\/\/ironsky.pl\/sklep\/produkt\/obudowa-metalowa-puluz-insta360-go-3-go-3s\/#primaryimage\"},\"image\":{\"@id\":\"https:\/\/ironsky.pl\/sklep\/produkt\/obudowa-metalowa-puluz-insta360-go-3-go-3s\/#primaryimage\"},\"thumbnailUrl\":\"https:\/\/ironsky.pl\/sklep\/wp-content\/uploads\/2026\/04\/43518_1.jpg\",\"datePublished\":\"2026-04-15T08:41:13+00:00\",\"description\":\"Obudowa metalowa PULUZ Insta360 GO 3\/GO 3S - \u2705 sklep z dronami i fachowym doradztwem. \u2705 Tutaj kupisz produkty DJI, Yuneec, Parrot, Syma i wiele innych, a tak\u017ce kursy i licencje na operatora drona.\",\"breadcrumb\":{\"@id\":\"https:\/\/ironsky.pl\/sklep\/produkt\/obudowa-metalowa-puluz-insta360-go-3-go-3s\/#breadcrumb\"},\"inLanguage\":\"pl-PL\",\"potentialAction\":[{\"@type\":\"ReadAction\",\"target\":[\"https:\/\/ironsky.pl\/sklep\/produkt\/obudowa-metalowa-puluz-insta360-go-3-go-3s\/\"]}]},{\"@type\":\"ImageObject\",\"inLanguage\":\"pl-PL\",\"@id\":\"https:\/\/ironsky.pl\/sklep\/produkt\/obudowa-metalowa-puluz-insta360-go-3-go-3s\/#primaryimage\",\"url\":\"https:\/\/ironsky.pl\/sklep\/wp-content\/uploads\/2026\/04\/43518_1.jpg\",\"contentUrl\":\"https:\/\/ironsky.pl\/sklep\/wp-content\/uploads\/2026\/04\/43518_1.jpg\",\"width\":800,\"height\":800},{\"@type\":\"BreadcrumbList\",\"@id\":\"https:\/\/ironsky.pl\/sklep\/produkt\/obudowa-metalowa-puluz-insta360-go-3-go-3s\/#breadcrumb\",\"itemListElement\":[{\"@type\":\"ListItem\",\"position\":1,\"name\":\"Strona g\u0142\u00f3wna\",\"item\":\"https:\/\/ironsky.pl\/sklep\/\"},{\"@type\":\"ListItem\",\"position\":2,\"name\":\"Wszystkie produkty\",\"item\":\"https:\/\/ironsky.pl\/sklep\/produkty\/\"},{\"@type\":\"ListItem\",\"position\":3,\"name\":\"Obudowa metalowa PULUZ Insta360 GO 3\/GO 3S\"}]},{\"@type\":\"WebSite\",\"@id\":\"https:\/\/ironsky.pl\/sklep\/#website\",\"url\":\"https:\/\/ironsky.pl\/sklep\/\",\"name\":\"IRONSKY.PL Sklep z Dronami\",\"description\":\"IRONSKY.PL Sklep z Dronami\",\"potentialAction\":[{\"@type\":\"SearchAction\",\"target\":{\"@type\":\"EntryPoint\",\"urlTemplate\":\"https:\/\/ironsky.pl\/sklep\/?s={search_term_string}\"},\"query-input\":{\"@type\":\"PropertyValueSpecification\",\"valueRequired\":true,\"valueName\":\"search_term_string\"}}],\"inLanguage\":\"pl-PL\"}]}<\/script>\n<!-- \/ Yoast SEO plugin. -->","yoast_head_json":{"title":"Obudowa metalowa PULUZ Insta360 GO 3\/GO 3S - IRONSKY.PL Sklep z Dronami","description":"Obudowa metalowa PULUZ Insta360 GO 3\/GO 3S - \u2705 sklep z dronami i fachowym doradztwem. \u2705 Tutaj kupisz produkty DJI, Yuneec, Parrot, Syma i wiele innych, a tak\u017ce kursy i licencje na operatora drona.","robots":{"index":"index","follow":"follow","max-snippet":"max-snippet:-1","max-image-preview":"max-image-preview:large","max-video-preview":"max-video-preview:-1"},"canonical":"https:\/\/ironsky.pl\/sklep\/produkt\/obudowa-metalowa-puluz-insta360-go-3-go-3s\/","og_locale":"pl_PL","og_type":"article","og_title":"Obudowa metalowa PULUZ Insta360 GO 3\/GO 3S - IRONSKY.PL Sklep z Dronami","og_description":"Obudowa metalowa PULUZ Insta360 GO 3\/GO 3S - \u2705 sklep z dronami i fachowym doradztwem. \u2705 Tutaj kupisz produkty DJI, Yuneec, Parrot, Syma i wiele innych, a tak\u017ce kursy i licencje na operatora drona.","og_url":"https:\/\/ironsky.pl\/sklep\/produkt\/obudowa-metalowa-puluz-insta360-go-3-go-3s\/","og_site_name":"IRONSKY.PL Sklep z Dronami","og_image":[{"width":800,"height":800,"url":"https:\/\/ironsky.pl\/sklep\/wp-content\/uploads\/2026\/04\/43518_1.jpg","type":"image\/jpeg"}],"twitter_card":"summary_large_image","twitter_misc":{"Szacowany czas czytania":"1 minuta"},"schema":{"@context":"https:\/\/schema.org","@graph":[{"@type":"WebPage","@id":"https:\/\/ironsky.pl\/sklep\/produkt\/obudowa-metalowa-puluz-insta360-go-3-go-3s\/","url":"https:\/\/ironsky.pl\/sklep\/produkt\/obudowa-metalowa-puluz-insta360-go-3-go-3s\/","name":"Obudowa metalowa PULUZ Insta360 GO 3\/GO 3S - IRONSKY.PL Sklep z Dronami","isPartOf":{"@id":"https:\/\/ironsky.pl\/sklep\/#website"},"primaryImageOfPage":{"@id":"https:\/\/ironsky.pl\/sklep\/produkt\/obudowa-metalowa-puluz-insta360-go-3-go-3s\/#primaryimage"},"image":{"@id":"https:\/\/ironsky.pl\/sklep\/produkt\/obudowa-metalowa-puluz-insta360-go-3-go-3s\/#primaryimage"},"thumbnailUrl":"https:\/\/ironsky.pl\/sklep\/wp-content\/uploads\/2026\/04\/43518_1.jpg","datePublished":"2026-04-15T08:41:13+00:00","description":"Obudowa metalowa PULUZ Insta360 GO 3\/GO 3S - \u2705 sklep z dronami i fachowym doradztwem. \u2705 Tutaj kupisz produkty DJI, Yuneec, Parrot, Syma i wiele innych, a tak\u017ce kursy i licencje na operatora drona.","breadcrumb":{"@id":"https:\/\/ironsky.pl\/sklep\/produkt\/obudowa-metalowa-puluz-insta360-go-3-go-3s\/#breadcrumb"},"inLanguage":"pl-PL","potentialAction":[{"@type":"ReadAction","target":["https:\/\/ironsky.pl\/sklep\/produkt\/obudowa-metalowa-puluz-insta360-go-3-go-3s\/"]}]},{"@type":"ImageObject","inLanguage":"pl-PL","@id":"https:\/\/ironsky.pl\/sklep\/produkt\/obudowa-metalowa-puluz-insta360-go-3-go-3s\/#primaryimage","url":"https:\/\/ironsky.pl\/sklep\/wp-content\/uploads\/2026\/04\/43518_1.jpg","contentUrl":"https:\/\/ironsky.pl\/sklep\/wp-content\/uploads\/2026\/04\/43518_1.jpg","width":800,"height":800},{"@type":"BreadcrumbList","@id":"https:\/\/ironsky.pl\/sklep\/produkt\/obudowa-metalowa-puluz-insta360-go-3-go-3s\/#breadcrumb","itemListElement":[{"@type":"ListItem","position":1,"name":"Strona g\u0142\u00f3wna","item":"https:\/\/ironsky.pl\/sklep\/"},{"@type":"ListItem","position":2,"name":"Wszystkie produkty","item":"https:\/\/ironsky.pl\/sklep\/produkty\/"},{"@type":"ListItem","position":3,"name":"Obudowa metalowa PULUZ Insta360 GO 3\/GO 3S"}]},{"@type":"WebSite","@id":"https:\/\/ironsky.pl\/sklep\/#website","url":"https:\/\/ironsky.pl\/sklep\/","name":"IRONSKY.PL Sklep z Dronami","description":"IRONSKY.PL Sklep z Dronami","potentialAction":[{"@type":"SearchAction","target":{"@type":"EntryPoint","urlTemplate":"https:\/\/ironsky.pl\/sklep\/?s={search_term_string}"},"query-input":{"@type":"PropertyValueSpecification","valueRequired":true,"valueName":"search_term_string"}}],"inLanguage":"pl-PL"}]}},"_links":{"self":[{"href":"https:\/\/ironsky.pl\/sklep\/wp-json\/wp\/v2\/product\/58854","targetHints":{"allow":["GET"]}}],"collection":[{"href":"https:\/\/ironsky.pl\/sklep\/wp-json\/wp\/v2\/product"}],"about":[{"href":"https:\/\/ironsky.pl\/sklep\/wp-json\/wp\/v2\/types\/product"}],"replies":[{"embeddable":true,"href":"https:\/\/ironsky.pl\/sklep\/wp-json\/wp\/v2\/comments?post=58854"}],"wp:featuredmedia":[{"embeddable":true,"href":"https:\/\/ironsky.pl\/sklep\/wp-json\/wp\/v2\/media\/58855"}],"wp:attachment":[{"href":"https:\/\/ironsky.pl\/sklep\/wp-json\/wp\/v2\/media?parent=58854"}],"wp:term":[{"taxonomy":"product_brand","embeddable":true,"href":"https:\/\/ironsky.pl\/sklep\/wp-json\/wp\/v2\/product_brand?post=58854"},{"taxonomy":"product_cat","embeddable":true,"href":"https:\/\/ironsky.pl\/sklep\/wp-json\/wp\/v2\/product_cat?post=58854"},{"taxonomy":"product_tag","embeddable":true,"href":"https:\/\/ironsky.pl\/sklep\/wp-json\/wp\/v2\/product_tag?post=58854"}],"curies":[{"name":"wp","href":"https:\/\/api.w.org\/{rel}","templated":true}]}}